{"id":13496,"date":"2023-07-06T12:12:03","date_gmt":"2023-07-06T12:12:03","guid":{"rendered":"https:\/\/wcf.de\/de\/?page_id=13496"},"modified":"2024-11-03T12:57:31","modified_gmt":"2024-11-03T12:57:31","slug":"richterregeln","status":"publish","type":"page","link":"https:\/\/wcf.de\/de\/richterregeln\/","title":{"rendered":"Richterregeln"},"content":{"rendered":"\t\t<div data-elementor-type=\"wp-page\" data-elementor-id=\"13496\" class=\"elementor elementor-13496\" data-elementor-post-type=\"page\">\n\t\t\t\t\t\t<section class=\"elementor-section elementor-top-section elementor-element elementor-element-d95fbbf elementor-section-full_width elementor-section-height-default elementor-section-height-default\" data-id=\"d95fbbf\" data-element_type=\"section\" data-e-type=\"section\">\n\t\t\t\t\t\t<div class=\"elementor-container elementor-column-gap-default\">\n\t\t\t\t\t<div class=\"elementor-column elementor-col-100 elementor-top-column elementor-element elementor-element-aa4ac33\" data-id=\"aa4ac33\" data-element_type=\"column\" data-e-type=\"column\">\n\t\t\t<div class=\"elementor-widget-wrap elementor-element-populated\">\n\t\t\t\t\t\t<div class=\"elementor-element elementor-element-7059e60 elementor-widget elementor-widget-heading\" data-id=\"7059e60\" data-element_type=\"widget\" data-e-type=\"widget\" data-widget_type=\"heading.default\">\n\t\t\t\t<div class=\"elementor-widget-container\">\n\t\t\t\t\t<h5 class=\"elementor-heading-title elementor-size-large\">REGELN F\u00dcR STEWARDS - RICHTERSCH\u00dcLER - RICHTER\n<\/h5>\t\t\t\t<\/div>\n\t\t\t\t<\/div>\n\t\t\t\t\t<\/div>\n\t\t<\/div>\n\t\t\t\t\t<\/div>\n\t\t<\/section>\n\t\t\t\t<section class=\"elementor-section elementor-top-section elementor-element elementor-element-a1ba547 elementor-section-full_width elementor-section-height-default elementor-section-height-default\" data-id=\"a1ba547\" data-element_type=\"section\" data-e-type=\"section\">\n\t\t\t\t\t\t<div class=\"elementor-container elementor-column-gap-default\">\n\t\t\t\t\t<div class=\"elementor-column elementor-col-33 elementor-top-column elementor-element elementor-element-f5dc93a\" data-id=\"f5dc93a\" data-element_type=\"column\" data-e-type=\"column\">\n\t\t\t<div class=\"elementor-widget-wrap elementor-element-populated\">\n\t\t\t\t\t\t<div class=\"elementor-element elementor-element-b69e601 elementor-widget elementor-widget-text-editor\" data-id=\"b69e601\" data-element_type=\"widget\" data-e-type=\"widget\" data-widget_type=\"text-editor.default\">\n\t\t\t\t<div class=\"elementor-widget-container\">\n\t\t\t\t\t\t\t\t\t<p><a href=\"https:\/\/wcf.de\/pdf-de\/richter\/Inhaltsverzeichnis.pdf\" target=\"_blank\" rel=\"nofollow noopener\">Inhaltsverzeichnis<\/a><\/p>\t\t\t\t\t\t\t\t<\/div>\n\t\t\t\t<\/div>\n\t\t\t\t\t<\/div>\n\t\t<\/div>\n\t\t\t\t<div class=\"elementor-column elementor-col-33 elementor-top-column elementor-element elementor-element-f92eda0\" data-id=\"f92eda0\" data-element_type=\"column\" data-e-type=\"column\">\n\t\t\t<div class=\"elementor-widget-wrap elementor-element-populated\">\n\t\t\t\t\t\t<div class=\"elementor-element elementor-element-099057d elementor-widget elementor-widget-text-editor\" data-id=\"099057d\" data-element_type=\"widget\" data-e-type=\"widget\" data-widget_type=\"text-editor.default\">\n\t\t\t\t<div class=\"elementor-widget-container\">\n\t\t\t\t\t\t\t\t\t<p><a href=\"https:\/\/wcf.de\/pdf-de\/richter\/TeilA.pdf\" target=\"_blank\" rel=\"nofollow noopener\">Teil A &#8211; Regeln f\u00fcr die Steward-T\u00e4tigkeit als Voraussetzung f\u00fcr die Zulassung zur Richterpr\u00fcfung<\/a><\/p>\t\t\t\t\t\t\t\t<\/div>\n\t\t\t\t<\/div>\n\t\t\t\t\t<\/div>\n\t\t<\/div>\n\t\t\t\t<div class=\"elementor-column elementor-col-33 elementor-top-column elementor-element elementor-element-76646fa\" data-id=\"76646fa\" data-element_type=\"column\" data-e-type=\"column\">\n\t\t\t<div class=\"elementor-widget-wrap elementor-element-populated\">\n\t\t\t\t\t\t<div class=\"elementor-element elementor-element-0a08791 elementor-widget elementor-widget-text-editor\" data-id=\"0a08791\" data-element_type=\"widget\" data-e-type=\"widget\" data-widget_type=\"text-editor.default\">\n\t\t\t\t<div class=\"elementor-widget-container\">\n\t\t\t\t\t\t\t\t\t<p><a href=\"https:\/\/wcf.de\/pdf-de\/richter\/TeilB.pdf\" target=\"_blank\" rel=\"nofollow noopener\">Teil B &#8211; Voraussetzungen f\u00fcr die Richtersch\u00fcler-T\u00e4tigkeit<\/a><\/p>\t\t\t\t\t\t\t\t<\/div>\n\t\t\t\t<\/div>\n\t\t\t\t\t<\/div>\n\t\t<\/div>\n\t\t\t\t\t<\/div>\n\t\t<\/section>\n\t\t\t\t<section class=\"elementor-section elementor-top-section elementor-element elementor-element-bedb6ec elementor-section-full_width elementor-section-height-default elementor-section-height-default\" data-id=\"bedb6ec\" data-element_type=\"section\" data-e-type=\"section\">\n\t\t\t\t\t\t<div class=\"elementor-container elementor-column-gap-default\">\n\t\t\t\t\t<div class=\"elementor-column elementor-col-33 elementor-top-column elementor-element elementor-element-79247e0\" data-id=\"79247e0\" data-element_type=\"column\" data-e-type=\"column\">\n\t\t\t<div class=\"elementor-widget-wrap elementor-element-populated\">\n\t\t\t\t\t\t<div class=\"elementor-element elementor-element-e2f0311 elementor-widget elementor-widget-text-editor\" data-id=\"e2f0311\" data-element_type=\"widget\" data-e-type=\"widget\" data-widget_type=\"text-editor.default\">\n\t\t\t\t<div class=\"elementor-widget-container\">\n\t\t\t\t\t\t\t\t\t<p><a href=\"https:\/\/wcf.de\/pdf-de\/richter\/TeilC.pdf\" target=\"_blank\" rel=\"nofollow noopener\">Teil C &#8211; T\u00e4tigkeit als Richtersch\u00fcler<\/a><\/p>\t\t\t\t\t\t\t\t<\/div>\n\t\t\t\t<\/div>\n\t\t\t\t\t<\/div>\n\t\t<\/div>\n\t\t\t\t<div class=\"elementor-column elementor-col-33 elementor-top-column elementor-element elementor-element-b2a53d3\" data-id=\"b2a53d3\" data-element_type=\"column\" data-e-type=\"column\">\n\t\t\t<div class=\"elementor-widget-wrap elementor-element-populated\">\n\t\t\t\t\t\t<div class=\"elementor-element elementor-element-a6d2ef1 elementor-widget elementor-widget-text-editor\" data-id=\"a6d2ef1\" data-element_type=\"widget\" data-e-type=\"widget\" data-widget_type=\"text-editor.default\">\n\t\t\t\t<div class=\"elementor-widget-container\">\n\t\t\t\t\t\t\t\t\t<p><a href=\"https:\/\/wcf.de\/pdf-de\/richter\/TeilD.pdf\" target=\"_blank\" rel=\"nofollow noopener\">Teil D &#8211; Rechte und Pflichten des WCF-Richters<\/a><\/p>\t\t\t\t\t\t\t\t<\/div>\n\t\t\t\t<\/div>\n\t\t\t\t\t<\/div>\n\t\t<\/div>\n\t\t\t\t<div class=\"elementor-column elementor-col-33 elementor-top-column elementor-element elementor-element-dc4078d\" data-id=\"dc4078d\" data-element_type=\"column\" data-e-type=\"column\">\n\t\t\t<div class=\"elementor-widget-wrap elementor-element-populated\">\n\t\t\t\t\t\t<div class=\"elementor-element elementor-element-4b4d542 elementor-widget elementor-widget-text-editor\" data-id=\"4b4d542\" data-element_type=\"widget\" data-e-type=\"widget\" data-widget_type=\"text-editor.default\">\n\t\t\t\t<div class=\"elementor-widget-container\">\n\t\t\t\t\t\t\t\t\t<p><a href=\"https:\/\/wcf.de\/pdf-de\/richter\/TeilE.pdf\" target=\"_blank\" rel=\"nofollow noopener\">Teil E &#8211; Richtererlaubnisverfahren<\/a><\/p>\t\t\t\t\t\t\t\t<\/div>\n\t\t\t\t<\/div>\n\t\t\t\t\t<\/div>\n\t\t<\/div>\n\t\t\t\t\t<\/div>\n\t\t<\/section>\n\t\t\t\t<section class=\"elementor-section elementor-top-section elementor-element elementor-element-4e2249c elementor-section-full_width elementor-section-height-default elementor-section-height-default\" data-id=\"4e2249c\" data-element_type=\"section\" data-e-type=\"section\">\n\t\t\t\t\t\t<div class=\"elementor-container elementor-column-gap-default\">\n\t\t\t\t\t<div class=\"elementor-column elementor-col-33 elementor-top-column elementor-element elementor-element-af558c9\" data-id=\"af558c9\" data-element_type=\"column\" data-e-type=\"column\">\n\t\t\t<div class=\"elementor-widget-wrap elementor-element-populated\">\n\t\t\t\t\t\t<div class=\"elementor-element elementor-element-41d2cab elementor-widget elementor-widget-text-editor\" data-id=\"41d2cab\" data-element_type=\"widget\" data-e-type=\"widget\" data-widget_type=\"text-editor.default\">\n\t\t\t\t<div class=\"elementor-widget-container\">\n\t\t\t\t\t\t\t\t\t<p><a href=\"https:\/\/wcf.de\/pdf-de\/richter\/TeilF.pdf\" target=\"_blank\" rel=\"nofollow noopener\">Teil F &#8211; Pr\u00fcfungsreglement f\u00fcr WCF-Richter<\/a><\/p>\t\t\t\t\t\t\t\t<\/div>\n\t\t\t\t<\/div>\n\t\t\t\t\t<\/div>\n\t\t<\/div>\n\t\t\t\t<div class=\"elementor-column elementor-col-33 elementor-top-column elementor-element elementor-element-18ed49f\" data-id=\"18ed49f\" data-element_type=\"column\" data-e-type=\"column\">\n\t\t\t<div class=\"elementor-widget-wrap elementor-element-populated\">\n\t\t\t\t\t\t<div class=\"elementor-element elementor-element-cb52442 elementor-widget elementor-widget-text-editor\" data-id=\"cb52442\" data-element_type=\"widget\" data-e-type=\"widget\" data-widget_type=\"text-editor.default\">\n\t\t\t\t<div class=\"elementor-widget-container\">\n\t\t\t\t\t\t\t\t\t<p><a href=\"https:\/\/wcf.de\/pdf-de\/richter\/TeilG.pdf\" target=\"_blank\" rel=\"nofollow noopener\">Teil G &#8211; Weitere Richterqualifikationen<\/a><\/p>\t\t\t\t\t\t\t\t<\/div>\n\t\t\t\t<\/div>\n\t\t\t\t\t<\/div>\n\t\t<\/div>\n\t\t\t\t<div class=\"elementor-column elementor-col-33 elementor-top-column elementor-element elementor-element-665aba0\" data-id=\"665aba0\" data-element_type=\"column\" data-e-type=\"column\">\n\t\t\t<div class=\"elementor-widget-wrap elementor-element-populated\">\n\t\t\t\t\t\t\t<\/div>\n\t\t<\/div>\n\t\t\t\t\t<\/div>\n\t\t<\/section>\n\t\t\t\t<\/div>\n\t\t","protected":false},"excerpt":{"rendered":"<p>REGELN F\u00dcR STEWARDS &#8211; RICHTERSCH\u00dcLER &#8211; RICHTER Inhaltsverzeichnis Teil A &#8211; Regeln f\u00fcr die Steward-T\u00e4tigkeit als Voraussetzung f\u00fcr die Zulassung zur Richterpr\u00fcfung Teil B &#8211; Voraussetzungen f\u00fcr die Richtersch\u00fcler-T\u00e4tigkeit Teil C &#8211; T\u00e4tigkeit als Richtersch\u00fcler Teil D &#8211; Rechte und Pflichten des WCF-Richters Teil E &#8211; Richtererlaubnisverfahren Teil F &#8211; Pr\u00fcfungsreglement f\u00fcr WCF-Richter Teil G [&hellip;]<\/p>\n","protected":false},"author":1,"featured_media":0,"parent":0,"menu_order":0,"comment_status":"closed","ping_status":"closed","template":"","meta":{"_monsterinsights_skip_tracking":false,"_monsterinsights_sitenote_active":false,"_monsterinsights_sitenote_note":"","_monsterinsights_sitenote_category":0,"footnotes":""},"class_list":["post-13496","page","type-page","status-publish","hentry"],"aioseo_notices":[],"_links":{"self":[{"href":"https:\/\/wcf.de\/de\/wp-json\/wp\/v2\/pages\/13496","targetHints":{"allow":["GET"]}}],"collection":[{"href":"https:\/\/wcf.de\/de\/wp-json\/wp\/v2\/pages"}],"about":[{"href":"https:\/\/wcf.de\/de\/wp-json\/wp\/v2\/types\/page"}],"author":[{"embeddable":true,"href":"https:\/\/wcf.de\/de\/wp-json\/wp\/v2\/users\/1"}],"replies":[{"embeddable":true,"href":"https:\/\/wcf.de\/de\/wp-json\/wp\/v2\/comments?post=13496"}],"version-history":[{"count":38,"href":"https:\/\/wcf.de\/de\/wp-json\/wp\/v2\/pages\/13496\/revisions"}],"predecessor-version":[{"id":14041,"href":"https:\/\/wcf.de\/de\/wp-json\/wp\/v2\/pages\/13496\/revisions\/14041"}],"wp:attachment":[{"href":"https:\/\/wcf.de\/de\/wp-json\/wp\/v2\/media?parent=13496"}],"curies":[{"name":"wp","href":"https:\/\/api.w.org\/{rel}","templated":true}]}}