{"id":3693,"date":"2021-04-04T10:56:27","date_gmt":"2021-04-04T10:56:27","guid":{"rendered":"https:\/\/de6.wcf-test.de\/?page_id=3693"},"modified":"2025-11-08T15:48:04","modified_gmt":"2025-11-08T15:48:04","slug":"ansprechpartner","status":"publish","type":"page","link":"https:\/\/wcf.de\/de\/ansprechpartner\/","title":{"rendered":"Ansprechpartner"},"content":{"rendered":"\t\t<div data-elementor-type=\"wp-page\" data-elementor-id=\"3693\" class=\"elementor elementor-3693\" data-elementor-post-type=\"page\">\n\t\t\t\t\t\t<section class=\"elementor-section elementor-top-section elementor-element elementor-element-751dce35 elementor-section-full_width elementor-section-height-default elementor-section-height-default\" data-id=\"751dce35\" data-element_type=\"section\" data-e-type=\"section\">\n\t\t\t\t\t\t<div class=\"elementor-container elementor-column-gap-default\">\n\t\t\t\t\t<div class=\"elementor-column elementor-col-100 elementor-top-column elementor-element elementor-element-3bb93ce0\" data-id=\"3bb93ce0\" data-element_type=\"column\" data-e-type=\"column\">\n\t\t\t<div class=\"elementor-widget-wrap elementor-element-populated\">\n\t\t\t\t\t\t<div class=\"elementor-element elementor-element-6a78507d elementor-widget elementor-widget-heading\" data-id=\"6a78507d\" data-element_type=\"widget\" data-e-type=\"widget\" data-widget_type=\"heading.default\">\n\t\t\t\t<div class=\"elementor-widget-container\">\n\t\t\t\t\t<h5 class=\"elementor-heading-title elementor-size-large\">ANSPRECHPARTNER<\/h5>\t\t\t\t<\/div>\n\t\t\t\t<\/div>\n\t\t\t\t\t<\/div>\n\t\t<\/div>\n\t\t\t\t\t<\/div>\n\t\t<\/section>\n\t\t\t\t<section class=\"elementor-section elementor-top-section elementor-element elementor-element-1e2c6fca elementor-section-full_width elementor-section-height-default elementor-section-height-default\" data-id=\"1e2c6fca\" data-element_type=\"section\" data-e-type=\"section\">\n\t\t\t\t\t\t<div class=\"elementor-container elementor-column-gap-default\">\n\t\t\t\t\t<div class=\"elementor-column elementor-col-33 elementor-top-column elementor-element elementor-element-ffb6d6d\" data-id=\"ffb6d6d\" data-element_type=\"column\" data-e-type=\"column\">\n\t\t\t<div class=\"elementor-widget-wrap elementor-element-populated\">\n\t\t\t\t\t\t<div class=\"elementor-element elementor-element-73d75be elementor-position-top elementor-widget elementor-widget-image-box\" data-id=\"73d75be\" data-element_type=\"widget\" data-e-type=\"widget\" data-widget_type=\"image-box.default\">\n\t\t\t\t<div class=\"elementor-widget-container\">\n\t\t\t\t\t<div class=\"elementor-image-box-wrapper\"><figure class=\"elementor-image-box-img\"><img decoding=\"async\" src=\"https:\/\/wcf.de\/en\/wp-content\/uploads\/sites\/8\/2023\/04\/sulic-CR.jpg\" title=\"\" alt=\"\" loading=\"lazy\" \/><\/figure><div class=\"elementor-image-box-content\"><h4 class=\"elementor-image-box-title\">Datenschutzbeauftragter<br><br><\/h4><p class=\"elementor-image-box-description\">\t\n\nTrpimir-Frane Sulic<br><br>\n<br>\nEmail: <a href=\"mailto:wcfev@aol.com\">wcfev@aol.com<\/a><br><br><br><\/p><\/div><\/div>\t\t\t\t<\/div>\n\t\t\t\t<\/div>\n\t\t\t\t\t<\/div>\n\t\t<\/div>\n\t\t\t\t<div class=\"elementor-column elementor-col-33 elementor-top-column elementor-element elementor-element-2cfa5026\" data-id=\"2cfa5026\" data-element_type=\"column\" data-e-type=\"column\">\n\t\t\t<div class=\"elementor-widget-wrap\">\n\t\t\t\t\t\t\t<\/div>\n\t\t<\/div>\n\t\t\t\t<div class=\"elementor-column elementor-col-33 elementor-top-column elementor-element elementor-element-73babbd9\" data-id=\"73babbd9\" data-element_type=\"column\" data-e-type=\"column\">\n\t\t\t<div class=\"elementor-widget-wrap\">\n\t\t\t\t\t\t\t<\/div>\n\t\t<\/div>\n\t\t\t\t\t<\/div>\n\t\t<\/section>\n\t\t\t\t<section class=\"elementor-section elementor-top-section elementor-element elementor-element-504776e7 elementor-section-full_width elementor-section-height-default elementor-section-height-default\" data-id=\"504776e7\" data-element_type=\"section\" data-e-type=\"section\">\n\t\t\t\t\t\t<div class=\"elementor-container elementor-column-gap-default\">\n\t\t\t\t\t<div class=\"elementor-column elementor-col-100 elementor-top-column elementor-element elementor-element-2b934ab\" data-id=\"2b934ab\" data-element_type=\"column\" data-e-type=\"column\">\n\t\t\t<div class=\"elementor-widget-wrap elementor-element-populated\">\n\t\t\t\t\t\t<div class=\"elementor-element elementor-element-780fb876 elementor-widget-divider--view-line elementor-widget elementor-widget-divider\" data-id=\"780fb876\" data-element_type=\"widget\" data-e-type=\"widget\" data-widget_type=\"divider.default\">\n\t\t\t\t<div class=\"elementor-widget-container\">\n\t\t\t\t\t\t\t<div class=\"elementor-divider\">\n\t\t\t<span class=\"elementor-divider-separator\">\n\t\t\t\t\t\t<\/span>\n\t\t<\/div>\n\t\t\t\t\t\t<\/div>\n\t\t\t\t<\/div>\n\t\t\t\t\t<\/div>\n\t\t<\/div>\n\t\t\t\t\t<\/div>\n\t\t<\/section>\n\t\t\t\t<section class=\"elementor-section elementor-top-section elementor-element elementor-element-2d0b3e0 elementor-section-full_width elementor-section-height-default elementor-section-height-default\" data-id=\"2d0b3e0\" data-element_type=\"section\" data-e-type=\"section\">\n\t\t\t\t\t\t<div class=\"elementor-container elementor-column-gap-default\">\n\t\t\t\t\t<div class=\"elementor-column elementor-col-100 elementor-top-column elementor-element elementor-element-fe89150\" data-id=\"fe89150\" data-element_type=\"column\" data-e-type=\"column\">\n\t\t\t<div class=\"elementor-widget-wrap elementor-element-populated\">\n\t\t\t\t\t\t<div class=\"elementor-element elementor-element-6ac5157 elementor-widget elementor-widget-heading\" data-id=\"6ac5157\" data-element_type=\"widget\" data-e-type=\"widget\" data-widget_type=\"heading.default\">\n\t\t\t\t<div class=\"elementor-widget-container\">\n\t\t\t\t\t<h2 class=\"elementor-heading-title elementor-size-medium\">Ausstellungslizenzierung<\/h2>\t\t\t\t<\/div>\n\t\t\t\t<\/div>\n\t\t\t\t\t<\/div>\n\t\t<\/div>\n\t\t\t\t\t<\/div>\n\t\t<\/section>\n\t\t\t\t<section class=\"elementor-section elementor-top-section elementor-element elementor-element-a42f487 elementor-section-full_width elementor-section-height-default elementor-section-height-default\" data-id=\"a42f487\" data-element_type=\"section\" data-e-type=\"section\">\n\t\t\t\t\t\t<div class=\"elementor-container elementor-column-gap-default\">\n\t\t\t\t\t<div class=\"elementor-column elementor-col-50 elementor-top-column elementor-element elementor-element-70a3b50\" data-id=\"70a3b50\" data-element_type=\"column\" data-e-type=\"column\">\n\t\t\t<div class=\"elementor-widget-wrap elementor-element-populated\">\n\t\t\t\t\t\t<div class=\"elementor-element elementor-element-5272dd0 elementor-position-top elementor-widget elementor-widget-image-box\" data-id=\"5272dd0\" data-element_type=\"widget\" data-e-type=\"widget\" data-widget_type=\"image-box.default\">\n\t\t\t\t<div class=\"elementor-widget-container\">\n\t\t\t\t\t<div class=\"elementor-image-box-wrapper\"><figure class=\"elementor-image-box-img\"><img decoding=\"async\" width=\"100\" height=\"135\" src=\"https:\/\/wcf.de\/de\/wp-content\/uploads\/sites\/9\/2021\/04\/marina.png\" class=\"attachment-full size-full wp-image-5419\" alt=\"\" \/><\/figure><div class=\"elementor-image-box-content\"><h4 class=\"elementor-image-box-title\">f\u00fcr Russland - europ\u00e4ischer Teil und Weissrussland<\/h4><p class=\"elementor-image-box-description\">\t\n\nMarina Khodusova<br><br>\nRussland<br>\nMobil: +7-913-767 26 65<br>\nEmail: <a href=\"mailto:show.requests2@wcf.de\">show.requests2@wcf.de<\/a><br><br><br><\/p><\/div><\/div>\t\t\t\t<\/div>\n\t\t\t\t<\/div>\n\t\t\t\t\t<\/div>\n\t\t<\/div>\n\t\t\t\t<div class=\"elementor-column elementor-col-50 elementor-top-column elementor-element elementor-element-d59ddde\" data-id=\"d59ddde\" data-element_type=\"column\" data-e-type=\"column\">\n\t\t\t<div class=\"elementor-widget-wrap elementor-element-populated\">\n\t\t\t\t\t\t<div class=\"elementor-element elementor-element-a102de4 elementor-position-top elementor-widget elementor-widget-image-box\" data-id=\"a102de4\" data-element_type=\"widget\" data-e-type=\"widget\" data-widget_type=\"image-box.default\">\n\t\t\t\t<div class=\"elementor-widget-container\">\n\t\t\t\t\t<div class=\"elementor-image-box-wrapper\"><figure class=\"elementor-image-box-img\"><img decoding=\"async\" width=\"100\" height=\"135\" src=\"https:\/\/wcf.de\/de\/wp-content\/uploads\/sites\/9\/2021\/04\/Danisch.png\" class=\"attachment-full size-full wp-image-5420\" alt=\"\" \/><\/figure><div class=\"elementor-image-box-content\"><h4 class=\"elementor-image-box-title\">f\u00fcr alle anderen L\u00e4nder<\/br><\/h4><p class=\"elementor-image-box-description\">\t\n\nGisela Danisch<br><br>\nDeutschland<br><br>\nEmail: <a href=\"mailto:show.requests1@wcf.de\">show.requests1@wcf.de<\/a><br><br><br><\/p><\/div><\/div>\t\t\t\t<\/div>\n\t\t\t\t<\/div>\n\t\t\t\t\t<\/div>\n\t\t<\/div>\n\t\t\t\t\t<\/div>\n\t\t<\/section>\n\t\t\t\t<section class=\"elementor-section elementor-top-section elementor-element elementor-element-293012c elementor-section-full_width elementor-section-height-default elementor-section-height-default\" data-id=\"293012c\" data-element_type=\"section\" data-e-type=\"section\">\n\t\t\t\t\t\t<div class=\"elementor-container elementor-column-gap-default\">\n\t\t\t\t\t<div class=\"elementor-column elementor-col-50 elementor-top-column elementor-element elementor-element-9bbdbd3\" data-id=\"9bbdbd3\" data-element_type=\"column\" data-e-type=\"column\">\n\t\t\t<div class=\"elementor-widget-wrap elementor-element-populated\">\n\t\t\t\t\t\t<div class=\"elementor-element elementor-element-60e7859 elementor-position-top elementor-widget elementor-widget-image-box\" data-id=\"60e7859\" data-element_type=\"widget\" data-e-type=\"widget\" data-widget_type=\"image-box.default\">\n\t\t\t\t<div class=\"elementor-widget-container\">\n\t\t\t\t\t<div class=\"elementor-image-box-wrapper\"><figure class=\"elementor-image-box-img\"><img decoding=\"async\" width=\"100\" height=\"135\" src=\"https:\/\/wcf.de\/de\/wp-content\/uploads\/sites\/9\/2021\/04\/karikh.png\" class=\"attachment-full size-full wp-image-5421\" alt=\"\" \/><\/figure><div class=\"elementor-image-box-content\"><h4 class=\"elementor-image-box-title\">f\u00fcr Russland - asiatischer Teil, Kasachstan, Kirgisistan, Mongolei<\/h4><p class=\"elementor-image-box-description\">\t\n\nTatiana Karikh<br><br>\nRussland<br>\n<br>\nEmail: <a href=\"mailto:show.requests4@wcf.de\">show.requests4@wcf.de<\/a><br><br><br><\/p><\/div><\/div>\t\t\t\t<\/div>\n\t\t\t\t<\/div>\n\t\t\t\t\t<\/div>\n\t\t<\/div>\n\t\t\t\t<div class=\"elementor-column elementor-col-50 elementor-top-column elementor-element elementor-element-f157668\" data-id=\"f157668\" data-element_type=\"column\" data-e-type=\"column\">\n\t\t\t<div class=\"elementor-widget-wrap elementor-element-populated\">\n\t\t\t\t\t\t<div class=\"elementor-element elementor-element-6413dae elementor-position-top elementor-widget elementor-widget-image-box\" data-id=\"6413dae\" data-element_type=\"widget\" data-e-type=\"widget\" data-widget_type=\"image-box.default\">\n\t\t\t\t<div class=\"elementor-widget-container\">\n\t\t\t\t\t<div class=\"elementor-image-box-wrapper\"><figure class=\"elementor-image-box-img\"><img loading=\"lazy\" decoding=\"async\" width=\"100\" height=\"135\" src=\"https:\/\/wcf.de\/de\/wp-content\/uploads\/sites\/9\/2021\/04\/lalovic.png\" class=\"attachment-full size-full wp-image-5416\" alt=\"\" \/><\/figure><div class=\"elementor-image-box-content\"><h4 class=\"elementor-image-box-title\">Online Sessions<\/br><\/h4><p class=\"elementor-image-box-description\">\t\n\nSvetlana Lalovic<br><br>\n<br><br>\nEmail: <a href=\"mailto:cyber@wcf.de\">cyber@wcf.de<\/a><br><br><br><\/p><\/div><\/div>\t\t\t\t<\/div>\n\t\t\t\t<\/div>\n\t\t\t\t\t<\/div>\n\t\t<\/div>\n\t\t\t\t\t<\/div>\n\t\t<\/section>\n\t\t\t\t<section class=\"elementor-section elementor-top-section elementor-element elementor-element-35028fc elementor-section-full_width elementor-section-height-default elementor-section-height-default\" data-id=\"35028fc\" data-element_type=\"section\" data-e-type=\"section\">\n\t\t\t\t\t\t<div class=\"elementor-container elementor-column-gap-default\">\n\t\t\t\t\t<div class=\"elementor-column elementor-col-100 elementor-top-column elementor-element elementor-element-3aa0e7c\" data-id=\"3aa0e7c\" data-element_type=\"column\" data-e-type=\"column\">\n\t\t\t<div class=\"elementor-widget-wrap elementor-element-populated\">\n\t\t\t\t\t\t<div class=\"elementor-element elementor-element-5bcf84a elementor-widget-divider--view-line elementor-widget elementor-widget-divider\" data-id=\"5bcf84a\" data-element_type=\"widget\" data-e-type=\"widget\" data-widget_type=\"divider.default\">\n\t\t\t\t<div class=\"elementor-widget-container\">\n\t\t\t\t\t\t\t<div class=\"elementor-divider\">\n\t\t\t<span class=\"elementor-divider-separator\">\n\t\t\t\t\t\t<\/span>\n\t\t<\/div>\n\t\t\t\t\t\t<\/div>\n\t\t\t\t<\/div>\n\t\t\t\t\t<\/div>\n\t\t<\/div>\n\t\t\t\t\t<\/div>\n\t\t<\/section>\n\t\t\t\t<section class=\"elementor-section elementor-top-section elementor-element elementor-element-989f5d8 elementor-section-full_width elementor-section-height-default elementor-section-height-default\" data-id=\"989f5d8\" data-element_type=\"section\" data-e-type=\"section\">\n\t\t\t\t\t\t<div class=\"elementor-container elementor-column-gap-default\">\n\t\t\t\t\t<div class=\"elementor-column elementor-col-100 elementor-top-column elementor-element elementor-element-5211418\" data-id=\"5211418\" data-element_type=\"column\" data-e-type=\"column\">\n\t\t\t<div class=\"elementor-widget-wrap elementor-element-populated\">\n\t\t\t\t\t\t<div class=\"elementor-element elementor-element-72dcad7 elementor-widget elementor-widget-text-editor\" data-id=\"72dcad7\" data-element_type=\"widget\" data-e-type=\"widget\" data-widget_type=\"text-editor.default\">\n\t\t\t\t<div class=\"elementor-widget-container\">\n\t\t\t\t\t\t\t\t\t<p><strong><span style=\"color: #095203;\">Ausstellungsergebnisse<\/span><\/strong><span style=\"font-family: roboto; font-size: 14px;\"><br \/>Email:\u00a0 <a href=\"mailto:show.results@wcf.de\">show.results@wcf.de<\/a><\/span><\/p><p><strong><span style=\"color: #095203;\">Vorstandsangelegenheiten, Genehmigungen, allgemeine Informationen<\/span><br \/><\/strong><span style=\"font-family: roboto; font-size: 14px;\">WCF B\u00fcro Essen\/Deutschland<br \/>Email: \u00a0\u00a0<a href=\"mailto:wcfev@aol.com\">wcfev@aol.com,<\/a> \u00a0<a title=\"office@wcf.de\" href=\"mailto:office@wcf.de\">office@wcf.de<\/a><\/span><\/p><p><strong><span style=\"color: #095203;\">Hospitantenklubs, Hologrammsticker<\/span><br \/><\/strong><span style=\"font-family: roboto; font-size: 14px;\">Melanie Querfurth<br \/>WCF B\u00fcro Essen\/Deutschland<br \/>Email: \u00a0\u00a0<a href=\"mailto:office@wcf.de\">office@wcf.de<\/a><\/span><\/p><p><span style=\"color: #095203;\"><strong>Jointshows mit Nicht-WCC Organisationen<\/strong><\/span><span style=\"font-family: roboto; font-size: 14px;\"><br \/>Tatjana Cernova<br \/>Email: \u00a0\u00a0<a href=\"mailto:cernova.secretary@wcf.de\">cernova.secretary@wcf.de<\/a><\/span><\/p><p><span style=\"color: #095203;\"><strong>Richterlaubnis \/ -verl\u00e4ngerung<\/strong><\/span><span style=\"font-family: roboto; font-size: 14px;\"><br \/>Cornelia Hungerecker<br \/>Email: <a href=\"mailto:cornelia.hungerecker@wcf.de\">cornelia.hungerecker@wcf.de<\/a><\/span><\/p><p><strong><span style=\"color: #095203;\">Seminare<\/span><br \/><\/strong><span style=\"font-family: roboto; font-size: 14px;\">Cornelia Hungerecker<br \/>Email: \u00a0\u00a0<a href=\"mailto:seminar@wcf.de\">seminar@wcf.de<\/a><\/span><\/p><p><strong><span style=\"color: #095203;\">Vereinskonten, Zahlungsverkehr<\/span><br \/><\/strong><span style=\"font-family: roboto; font-size: 14px;\">Cornelia Hungerecker<br \/>Email:\u00a0 <a title=\"treasurer@wcf.de\" href=\"mailto:treasurer@wcf.de\">treasurer@wcf.de<\/a><\/span><\/p><p><span style=\"color: #095203;\"><strong>Weltausstellungen<\/strong><\/span><span style=\"font-family: roboto; font-size: 14px;\"><br \/>Trpimir-Frane Suli\u0107<br \/>Email: \u00a0\u00a0<a href=\"mailto:worldshow@wcf.de\">worldshow@wcf.de<\/a><\/span><\/p><p><span style=\"color: #095203;\"><strong>WCF Best Cat<\/strong><\/span><span style=\"font-family: roboto; font-size: 14px;\"><br \/><\/span><span style=\"font-family: roboto; font-size: 14px;\">Email Support-Team:\u00a0 \u00a0<a href=\"mailto:bestcat@wcf.de\">bestcat@wcf.de<\/a><\/span><\/p><p><span style=\"color: #095203;\"><strong>Zwingerregistrierungen<\/strong><\/span><span style=\"font-family: roboto; font-size: 14px;\"><br \/>Doris Reiter<br \/>WCF B\u00fcro Essen\/Deutschland<br \/>Email: \u00a0\u00a0<a href=\"mailto:cattery@wcf.de\">cattery@wcf.de<\/a><\/span><\/p><p><span style=\"color: #095203;\"><strong>Zertifizierte Stammb\u00e4ume<\/strong><\/span><span style=\"font-family: roboto; font-size: 14px;\"><br \/>Stefanie Borowski<br \/>Email: \u00a0\u00a0<a href=\"mailto:pedigrees@wcf.de\">pedigrees@wcf.de<\/a><br \/><\/span><\/p><p><span style=\"color: #095203;\"><strong>Allgemeine Fragen<\/strong>\u00a0<strong>zu:<\/strong><\/span><span style=\"font-family: roboto; font-size: 14px;\"><br \/><\/span><span style=\"font-family: roboto; font-size: 14px;\">Ausstellungslizenzen, Lizenznummern, ver\u00f6ffentlichten Webseite-Inhalten, WCH Urkunden<br \/>Gisela Danisch<br \/>Email: \u00a0\u00a0<a href=\"mailto:gisela.danisch@wcf.de\">gisela.danisch@wcf.de<\/a><\/span><\/p>\t\t\t\t\t\t\t\t<\/div>\n\t\t\t\t<\/div>\n\t\t\t\t\t<\/div>\n\t\t<\/div>\n\t\t\t\t\t<\/div>\n\t\t<\/section>\n\t\t\t\t<\/div>\n\t\t","protected":false},"excerpt":{"rendered":"<p>ANSPRECHPARTNER Datenschutzbeauftragter Trpimir-Frane Sulic Email: wcfev@aol.com Ausstellungslizenzierung f\u00fcr Russland &#8211; europ\u00e4ischer Teil und Weissrussland Marina Khodusova Russland Mobil: +7-913-767 26 65 Email: show.requests2@wcf.de f\u00fcr alle anderen L\u00e4nder Gisela Danisch Deutschland Email: show.requests1@wcf.de f\u00fcr Russland &#8211; asiatischer Teil, Kasachstan, Kirgisistan, Mongolei Tatiana Karikh Russland Email: show.requests4@wcf.de Online Sessions Svetlana Lalovic Email: cyber@wcf.de AusstellungsergebnisseEmail:\u00a0 show.results@wcf.de Vorstandsangelegenheiten, Genehmigungen, [&hellip;]<\/p>\n","protected":false},"author":2,"featured_media":0,"parent":0,"menu_order":0,"comment_status":"closed","ping_status":"closed","template":"","meta":{"_monsterinsights_skip_tracking":false,"_monsterinsights_sitenote_active":false,"_monsterinsights_sitenote_note":"","_monsterinsights_sitenote_category":0,"footnotes":""},"class_list":["post-3693","page","type-page","status-publish","hentry"],"aioseo_notices":[],"_links":{"self":[{"href":"https:\/\/wcf.de\/de\/wp-json\/wp\/v2\/pages\/3693","targetHints":{"allow":["GET"]}}],"collection":[{"href":"https:\/\/wcf.de\/de\/wp-json\/wp\/v2\/pages"}],"about":[{"href":"https:\/\/wcf.de\/de\/wp-json\/wp\/v2\/types\/page"}],"author":[{"embeddable":true,"href":"https:\/\/wcf.de\/de\/wp-json\/wp\/v2\/users\/2"}],"replies":[{"embeddable":true,"href":"https:\/\/wcf.de\/de\/wp-json\/wp\/v2\/comments?post=3693"}],"version-history":[{"count":114,"href":"https:\/\/wcf.de\/de\/wp-json\/wp\/v2\/pages\/3693\/revisions"}],"predecessor-version":[{"id":14388,"href":"https:\/\/wcf.de\/de\/wp-json\/wp\/v2\/pages\/3693\/revisions\/14388"}],"wp:attachment":[{"href":"https:\/\/wcf.de\/de\/wp-json\/wp\/v2\/media?parent=3693"}],"curies":[{"name":"wp","href":"https:\/\/api.w.org\/{rel}","templated":true}]}}