{"id":3962,"date":"2021-04-10T12:29:42","date_gmt":"2021-04-10T12:29:42","guid":{"rendered":"https:\/\/de6.wcf-test.de\/?page_id=3962"},"modified":"2021-12-19T13:59:52","modified_gmt":"2021-12-19T13:59:52","slug":"begriffslexikon","status":"publish","type":"page","link":"https:\/\/wcf.de\/de\/begriffslexikon\/","title":{"rendered":"Begriffslexikon"},"content":{"rendered":"\t\t<div data-elementor-type=\"wp-page\" data-elementor-id=\"3962\" class=\"elementor elementor-3962\" data-elementor-post-type=\"page\">\n\t\t\t\t\t\t<section class=\"elementor-section elementor-top-section elementor-element elementor-element-528c83ab elementor-section-full_width elementor-section-height-default elementor-section-height-default\" data-id=\"528c83ab\" data-element_type=\"section\" data-e-type=\"section\">\n\t\t\t\t\t\t<div class=\"elementor-container elementor-column-gap-default\">\n\t\t\t\t\t<div class=\"elementor-column elementor-col-100 elementor-top-column elementor-element elementor-element-12c10b4f\" data-id=\"12c10b4f\" data-element_type=\"column\" data-e-type=\"column\">\n\t\t\t<div class=\"elementor-widget-wrap elementor-element-populated\">\n\t\t\t\t\t\t<div class=\"elementor-element elementor-element-5a951086 elementor-widget elementor-widget-heading\" data-id=\"5a951086\" data-element_type=\"widget\" data-e-type=\"widget\" data-widget_type=\"heading.default\">\n\t\t\t\t<div class=\"elementor-widget-container\">\n\t\t\t\t\t<h2 class=\"elementor-heading-title elementor-size-default\">BEGRIFFSLEXIKON<\/h2>\t\t\t\t<\/div>\n\t\t\t\t<\/div>\n\t\t\t\t\t<\/div>\n\t\t<\/div>\n\t\t\t\t\t<\/div>\n\t\t<\/section>\n\t\t\t\t<section class=\"elementor-section elementor-top-section elementor-element elementor-element-2e0ceb15 elementor-section-full_width scrolltab elementor-section-height-default elementor-section-height-default\" data-id=\"2e0ceb15\" data-element_type=\"section\" data-e-type=\"section\">\n\t\t\t\t\t\t<div class=\"elementor-container elementor-column-gap-default\">\n\t\t\t\t\t<div class=\"elementor-column elementor-col-100 elementor-top-column elementor-element elementor-element-2ccf6bc8\" data-id=\"2ccf6bc8\" data-element_type=\"column\" data-e-type=\"column\">\n\t\t\t<div class=\"elementor-widget-wrap elementor-element-populated\">\n\t\t\t\t\t\t<div class=\"elementor-element elementor-element-649388c8 elementor-widget elementor-widget-shortcode\" data-id=\"649388c8\" data-element_type=\"widget\" data-e-type=\"widget\" data-widget_type=\"shortcode.default\">\n\t\t\t\t<div class=\"elementor-widget-container\">\n\t\t\t\t\t\t\t<div class=\"elementor-shortcode\">\n<div class=\"wpdt-c wdt-skin-light\">\n    \n\n    <div class=\"wpDataTables wpDataTablesFilter wpDataTablesWrapper wdt-skin-light data-t\"\n         data-wpdatatable_id=\"43\">\n        <div id=\"filterBox_table_1\" class=\"wpDataTableFilterBox\">\n\n            \n                                                                            <div class=\"wpDataTableFilterSection\" id=\"table_1_1_filter_sections\">\n                        <label>Begriff:<\/label>\n                        <div id=\"table_1_1_filter\"><\/div>\n                    <\/div>\n\n                    \n                                                                        <div class=\"wpDataTableFilterSection\" id=\"wdt-clear-filters-button-block\">\n                    <button class=\"button btn wdt-clear-filters-button\" data-table_id = table_1>Filter l\u00f6schen<\/button>\n                <\/div>\n                                <\/div>\n    <\/div>\n<input type=\"hidden\" id=\"wdtNonceFrontendEdit_43\" name=\"wdtNonceFrontendEdit_43\" value=\"823aed4f1f\" \/><input type=\"hidden\" name=\"_wp_http_referer\" value=\"\/de\/wp-json\/wp\/v2\/pages\/3962\" \/>    <input type=\"hidden\" id=\"table_1_desc\" value='{\"tableId\":\"table_1\",\"tableType\":\"manual\",\"selector\":\"#table_1\",\"responsive\":false,\"editable\":false,\"inlineEditing\":false,\"infoBlock\":false,\"pagination\":0,\"paginationAlign\":\"right\",\"paginationLayout\":\"full_numbers\",\"tableSkin\":\"light\",\"globalSearch\":false,\"showRowsPerPage\":false,\"popoverTools\":false,\"hideBeforeLoad\":false,\"number_format\":1,\"decimalPlaces\":2,\"spinnerSrc\":\"https:\\\/\\\/wcf.de\\\/de\\\/wp-content\\\/plugins\\\/wpdatatables\\\/assets\\\/\\\/img\\\/spinner.gif\",\"groupingEnabled\":false,\"tableWpId\":\"43\",\"dataTableParams\":{\"sDom\":\"BT\\u003C\\u0027clear\\u0027\\u003Et\",\"bSortCellsTop\":false,\"bFilter\":true,\"aLengthMenu\":[[1,5,10,25,50,100,-1],[1,5,10,25,50,100,\"Alle\"]],\"iDisplayLength\":-1,\"columnDefs\":[{\"sType\":\"formatted-num\",\"wdtType\":\"int\",\"bVisible\":false,\"orderable\":true,\"searchable\":true,\"InputType\":\"text\",\"name\":\"wdt_ID\",\"origHeader\":\"wdt_ID\",\"notNull\":false,\"conditionalFormattingRules\":[],\"className\":\"numdata integer  column-wdt_id\",\"aTargets\":[0]},{\"sType\":\"string\",\"wdtType\":\"string\",\"bVisible\":true,\"orderable\":true,\"searchable\":true,\"InputType\":\"mce-editor\",\"name\":\"begriff\",\"origHeader\":\"begriff\",\"notNull\":false,\"conditionalFormattingRules\":[],\"className\":\" column-begriff\",\"sWidth\":\"300\",\"aTargets\":[1]},{\"sType\":\"string\",\"wdtType\":\"string\",\"bVisible\":true,\"orderable\":true,\"searchable\":true,\"InputType\":\"mce-editor\",\"name\":\"erklarung\",\"origHeader\":\"erklarung\",\"notNull\":false,\"conditionalFormattingRules\":[],\"className\":\" column-erklarung\",\"sWidth\":\"700\",\"aTargets\":[2]}],\"bAutoWidth\":false,\"order\":[[0,\"asc\"]],\"ordering\":true,\"oLanguage\":{\"sProcessing\":\"Bitte warten...\",\"sLengthMenu\":\"_MENU_ Eintr\\u00e4ge anzeigen\",\"sZeroRecords\":\"Keine Eintr\\u00e4ge vorhanden.\",\"sInfo\":\"_START_ bis _END_ von _TOTAL_ Eintr\\u00e4gen\",\"sInfoEmpty\":\"0 bis 0 von 0 Eintr\\u00e4gen\",\"sInfoFiltered\":\"(gefiltert von _MAX_  Eintr\\u00e4gen)\",\"sInfoPostFix\":\"\",\"sSearch\":\"Suchen\",\"sSearchPlaceholder\":\"\",\"sUrl\":\"\",\"oPaginate\":{\"sFirst\":\"Erster\",\"sPrevious\":\"Zur\\u00fcck\",\"sNext\":\"N\\u00e4chster\",\"sLast\":\"Letzter\"}},\"buttons\":[],\"bProcessing\":false,\"serverSide\":true,\"ajax\":{\"url\":\"https:\\\/\\\/wcf.de\\\/de\\\/wp-admin\\\/admin-ajax.php?action=get_wdtable&table_id=43\",\"type\":\"POST\"},\"oSearch\":{\"bSmart\":false,\"bRegex\":false,\"sSearch\":\"\"}},\"tabletWidth\":\"1024\",\"mobileWidth\":\"480\",\"advancedFilterEnabled\":true,\"advancedFilterOptions\":{\"aoColumns\":[{\"type\":\"null\",\"columnType\":\"int\",\"numberOfDecimalPlaces\":\"2\",\"possibleValuesType\":\"read\",\"globalSearchColumn\":1,\"values\":null,\"origHeader\":\"wdt_ID\",\"displayHeader\":\"wdt_ID\",\"possibleValuesAddEmpty\":false,\"possibleValuesAjax\":-1,\"defaultValue\":\"\",\"exactFiltering\":false,\"exactFilteringAtBeginningSPEETECH\":false,\"filterLabel\":\"\",\"searchInSelectBox\":1,\"searchInSelectBoxEditing\":1,\"checkboxesInModal\":0,\"linkButtonLabel\":\"\",\"rangeSlider\":false,\"sSelector\":\"#table_1_0_filter\"},{\"type\":\"text\",\"columnType\":\"string\",\"numberOfDecimalPlaces\":\"2\",\"possibleValuesType\":\"read\",\"globalSearchColumn\":1,\"values\":null,\"origHeader\":\"begriff\",\"displayHeader\":\"Begriff\",\"possibleValuesAddEmpty\":false,\"possibleValuesAjax\":-1,\"defaultValue\":\"\",\"exactFiltering\":false,\"exactFilteringAtBeginningSPEETECH\":false,\"filterLabel\":\"\",\"searchInSelectBox\":1,\"searchInSelectBoxEditing\":1,\"checkboxesInModal\":0,\"linkButtonLabel\":\"\",\"rangeSlider\":false,\"sSelector\":\"#table_1_1_filter\"},{\"type\":\"null\",\"columnType\":\"string\",\"numberOfDecimalPlaces\":\"2\",\"possibleValuesType\":\"read\",\"globalSearchColumn\":1,\"values\":null,\"origHeader\":\"erklarung\",\"displayHeader\":\"Erkl\\u00e4rung\",\"possibleValuesAddEmpty\":false,\"possibleValuesAjax\":-1,\"defaultValue\":\"\",\"exactFiltering\":false,\"exactFilteringAtBeginningSPEETECH\":false,\"filterLabel\":\"\",\"searchInSelectBox\":1,\"searchInSelectBoxEditing\":1,\"checkboxesInModal\":0,\"linkButtonLabel\":\"\",\"rangeSlider\":false,\"sSelector\":\"#table_1_2_filter\"}],\"bUseColVis\":true},\"filterInForm\":true,\"serverSide\":true,\"autoRefreshInterval\":0,\"processing\":true,\"fnServerData\":true,\"columnsFixed\":0,\"sumFunctionsLabel\":\"\",\"avgFunctionsLabel\":\"\",\"minFunctionsLabel\":\"\",\"maxFunctionsLabel\":\"\",\"columnsDecimalPlaces\":{\"wdt_ID\":-1,\"begriff\":-1,\"erklarung\":-1},\"columnsThousandsSeparator\":{\"wdt_ID\":0},\"sumColumns\":[],\"avgColumns\":[],\"sumAvgColumns\":[],\"timeFormat\":\"h:i A\",\"datepickFormat\":\"yy-mm-dd\",\"cascadeFiltering\":0,\"cascadeFilteringLogic\":\"\",\"hideTableBeforeFiltering\":0,\"showSearchFiltersButton\":0,\"disableSearchFiltersButton\":0}'\/>\n\n    <table id=\"table_1\"\n           class=\"  display nowrap data-t data-t wpDataTable wpDataTableID-43\"\n           style=\"\"\n           data-described-by='table_1_desc'\n           data-wpdatatable_id=\"43\">\n\n        <!-- Table header -->\n        \n<thead>\n<tr>\n                    <th\n                        class=\" wdtheader sort numdata integer \"\n        style=\"\">wdt_ID<\/th>        <th\n        data-class=\"expand\"                class=\" wdtheader sort \"\n        style=\"\">Begriff<\/th>        <th\n                        class=\" wdtheader sort \"\n        style=\"\">Erkl\u00e4rung<\/th>    <\/tr>\n<\/thead>\n        <!-- \/Table header -->\n\n        <!-- Table body -->\n        \n<tbody>\n            <tr id=\"table_43_row_0\">\n                            <td style=\"\">1<\/td>\n                            <td style=\"\"><p><strong>Aalstrich<\/strong><\/p><\/td>\n                            <td style=\"\"><p>Eine dunkle Linie (in der Farbe der Zeichnung) bei Tabby-Katzen, welche von den Schultern entlang der Wirbels\u00e4ule bis zur Schwanzspitze verl\u00e4uft.<\/p><\/td>\n                    <\/tr>\n                <tr id=\"table_43_row_1\">\n                            <td style=\"\">2<\/td>\n                            <td style=\"\"><\/td>\n                            <td style=\"\"><\/td>\n                    <\/tr>\n                <tr id=\"table_43_row_2\">\n                            <td style=\"\">3<\/td>\n                            <td style=\"\"><p><strong>Abzeichen<\/strong><br>Siehe auch Points.<\/p><\/td>\n                            <td style=\"\"><p>Alle pointed Katzen - Katzen mit der Genkombination cs cs, cb cb oder cb cs - haben Abzeichen. <br>Die Farbe ist beschr\u00e4nkt auf das Gesicht (Maske), die Ohren, die Beine und den Schwanz.<\/p><\/td>\n                    <\/tr>\n                <tr id=\"table_43_row_3\">\n                            <td style=\"\">4<\/td>\n                            <td style=\"\"><\/td>\n                            <td style=\"\"><\/td>\n                    <\/tr>\n                <tr id=\"table_43_row_4\">\n                            <td style=\"\">5<\/td>\n                            <td style=\"\"><p><img decoding=\"async\" src=\"..\/..\/images\/sealpoint.gif\" alt=\"\"><\/p><\/td>\n                            <td style=\"\"><p><strong>Siam-Abzeichen <\/strong>- Genkombination cs cs; diese Abzeichen finden sich bei allen Siamkatzen, aber auch bei den Colourpoint. <br>Der K\u00f6rper besitzt keine Farbe, er ist meist gebrochen wei\u00df gef\u00e4rbt. <br>Die Augenfarbe ist dunkelblau.<\/p><\/td>\n                    <\/tr>\n                <tr id=\"table_43_row_5\">\n                            <td style=\"\">6<\/td>\n                            <td style=\"\"><\/td>\n                            <td style=\"\"><\/td>\n                    <\/tr>\n                <tr id=\"table_43_row_6\">\n                            <td style=\"\">7<\/td>\n                            <td style=\"\"><p><img decoding=\"async\" src=\"..\/..\/images\/burmese.jpg\" alt=\"\"><\/p><\/td>\n                            <td style=\"\"><p><strong>Burma-Abzeichen<\/strong> - Genkombination cb cb; Burmesen sind Katzen mit Abzeichen, wobei hier der Kontrast zur K\u00f6rperfarbe sehr schwach ist.<\/p><\/td>\n                    <\/tr>\n                <tr id=\"table_43_row_7\">\n                            <td style=\"\">8<\/td>\n                            <td style=\"\"><p><img decoding=\"async\" src=\"..\/..\/images\/tonkinese.jpg\" alt=\"\"><\/p><\/td>\n                            <td style=\"\"><p><strong>Tonkanesen-Abzeichen<\/strong> - Genkombination cb cs. <br>Der K\u00f6rper ist in der Farbe der Abzeichen gef\u00e4rbt, doch die Abzeichen sind deutlich zu sehen, weil sie dunkler sind. <br>Die Augenfarbe bei Mink-Farben ist aquamarin.<br>Die Augenfarbe bei pointed Farben ist blau. <br>Die Augenfarbe bei solid Farben gr\u00fcn bis gelb-gr\u00fcn.<\/p><\/td>\n                    <\/tr>\n                <tr id=\"table_43_row_8\">\n                            <td style=\"\">9<\/td>\n                            <td style=\"\"><p><strong>Agouti<\/strong><\/p>\n<p><strong><img decoding=\"async\" src=\"..\/..\/images\/agouti.jpg\" alt=\"\"><\/strong><\/p><\/td>\n                            <td style=\"\"><p>Die B\u00e4nderung der Haare, hervorgerufen durch das Gen A (Agouti-Gen). <br>Die B\u00e4nderung ist gelb, bei den Silber-Variet\u00e4ten ist die B\u00e4nderung silberwei\u00df. <br>In der Regel sind es 3-5 B\u00e4nder auf jedem einzelnen Haar.<\/p><\/td>\n                    <\/tr>\n                <tr id=\"table_43_row_9\">\n                            <td style=\"\">10<\/td>\n                            <td style=\"\"><p><strong>Allel<\/strong><\/p><\/td>\n                            <td style=\"\"><p>Wenn man von verschiedenen Auspr\u00e4gungen eines Gens spricht, welche einen bestimmten Locus besetzen.<br>Beispiele:<\/p>\n<p>F\u00fcr den Locus L kennt man zwei Allele, Gen L verantwortlich f\u00fcr Kurzhaar, Gen l verantwortlich f\u00fcr Langhaar.<br>F\u00fcr den Locus B kennt man 3 Allele, Gen B f\u00fcr schwarz\/seal (basierend auf Eumelanin), Gen b f\u00fcr chocolate (basierend auf Eumelanin), Gen bl f\u00fcr cinnamon\/sorrel (basierend auf Eumelanin).<\/p><\/td>\n                    <\/tr>\n    <\/tbody>        <!-- \/Table body -->\n\n        <!-- Table footer -->\n        \n    <tfoot>\n                <tr style=\"display: none\">\n                            <td\n                class=\"wdtheader sort numdata integer \"\n                style=\"\"><\/td>                <td\n                class=\"wdtheader sort \"\n                style=\"\">Begriff<\/td>                <td\n                class=\"wdtheader sort \"\n                style=\"\"><\/td>        <\/tr>\n                            <\/tfoot>\n        <!-- \/Table footer -->\n\n    <\/table>\n\n\n<\/div><style>\ntable.wpDataTable { table-layout: fixed !important; }\ntable.wpDataTable td, table.wpDataTable th { white-space: normal !important; }\ntable.wpDataTable a:hover {\n    color: #61CE70 !important;\n}\ntable.wpDataTable a {\n    color: black !important;\n}\nbutton.button.btn.wdt-clear-filters-button {\nbackground-color: #095203;\ncolor: white;\n}\nbutton.button.btn.wdt-clear-filters-button:hover {\nbackground-color: #e2efda;\ncolor: black;\n}\n.wpDataTablesWrapper table.wpDataTable td {\nfont-family: Roboto!important;\nfont-size:13px;\nfont-weight:400;\n}\n.wpDataTablesWrapper table.wpDataTable th {\nfont-family: Roboto!important;\nfont-size:14px;\nfont-weight:400;\n}\ntr.odd td.sorting_1 {\n    background: #f5f5f5 !important;\n}\ntr.odd:hover > td.sorting_1 {\n    background-color: #e8e8e8 !important;\n}\ntr.even:hover > td.sorting_1 {\n    background: #e8e8e8 !important;\n}\ntr.even td.sorting_1 {\n    background: white !important;\n}\n.test1 {\n    background-color:black!important;\n}table.wpDataTable td.numdata { text-align: right !important; }\n<\/style>\n<style>\n\/* table font color *\/\n.wpdt-c.wpDataTablesWrapper table.wpdtSimpleTable thead th,\n.wpdt-c.wpDataTablesWrapper table.wpdtSimpleTable tbody td,\n.wpdt-c .wpDataTablesWrapper table.wpDataTable thead th,\n.wpdt-c .wpDataTablesWrapper table.wpDataTable tbody td,\n.wpdt-c .wpDataTablesWrapper table.wpDataTable tfoot td {\n\tcolor: #000000 !important;\n}\n\/* th background color *\/\n.wpdt-c.wpDataTablesWrapper table.wpdtSimpleTable.bt[data-has-header='1'] td.wpdt-header-classes,\n.wpdt-c.wpDataTablesWrapper table.wpdtSimpleTable thead th,\n.wpdt-c .wpDataTablesWrapper table.wpDataTable thead th,\n.wpdt-c .wpDataTablesWrapper table.wpDataTable thead th.sorting {\n\tbackground-color: #E2EFDA !important;\n    background-image: none !important;\n}\n\n\/* table font color *\/\n.wpdt-c.wpDataTablesWrapper table.wpdtSimpleTable,\n.wpdt-c .wpDataTablesWrapper table.wpDataTable {\n    font-family: Verdana, Geneva, sans-serif !important;\n}\n\/* table font size *\/\n.wpdt-c.wpDataTablesWrapper table.wpdtSimpleTable,\n.wpdt-c .wpDataTablesWrapper table.wpDataTable {\n    font-size:16px !important;\n}\n \n<\/style>\n<style>\nwpDataTablesFilter[data-wpdatatable_id=\"43\"] .dropdown-toggle::after {\r\n    display:none !important;\r\n}\r\n.wpDataTableID-43 .dataTables_length .length_menu.show{\r\n    display:inline-block !important;\r\n}\r\ntable.wpDataTable td {\r\nvertical-align: top;\r\n}\r\ntable.wpDataTable th {\r\nvertical-align: top;\r\n}\r\n.wpDataTablesWrapper table.wpDataTable[data-wpdatatable_id=\"43\"] td {\r\nfont-family: Roboto!important;\r\nfont-size:18px;\r\nfont-weight:400;\r\n}\r\n.wpDataTablesWrapper table.wpDataTable[data-wpdatatable_id=\"43\"] th {\r\nfont-family: Roboto!important;\r\nfont-size:18px;\r\nfont-weight:400;\r\n}<\/style>\n<style>\n        \/* table font color *\/\n    .wpdt-c.wpDataTablesWrapper table#wpdtSimpleTable-43 thead th,\n    .wpdt-c.wpDataTablesWrapper table#wpdtSimpleTable-43 tbody td,\n    .wpdt-c .wpDataTablesWrapper table.wpDataTable.wpDataTableID-43 thead th,\n    .wpdt-c .wpDataTablesWrapper table.wpDataTable.wpDataTableID-43 tbody td,\n    .wpdt-c .wpDataTablesWrapper table.wpDataTable.wpDataTableID-43 tfoot td {\n        color: #000000 !important;\n    }\n                            \n                                \/* table font color *\/\n    .wpdt-c.wpDataTablesWrapper table#wpdtSimpleTable-43,\n    .wpdt-c .wpDataTablesWrapper table.wpDataTable.wpDataTableID-43 {\n        font-family: Verdana, Geneva, sans-serif !important;\n    }\n                \n                <\/style>\n<\/div>\n\t\t\t\t\t\t<\/div>\n\t\t\t\t<\/div>\n\t\t\t\t\t<\/div>\n\t\t<\/div>\n\t\t\t\t\t<\/div>\n\t\t<\/section>\n\t\t\t\t<\/div>\n\t\t","protected":false},"excerpt":{"rendered":"<p>BEGRIFFSLEXIKON<\/p>\n","protected":false},"author":2,"featured_media":0,"parent":0,"menu_order":0,"comment_status":"closed","ping_status":"closed","template":"","meta":{"_monsterinsights_skip_tracking":false,"_monsterinsights_sitenote_active":false,"_monsterinsights_sitenote_note":"","_monsterinsights_sitenote_category":0,"footnotes":""},"class_list":["post-3962","page","type-page","status-publish","hentry"],"aioseo_notices":[],"_links":{"self":[{"href":"https:\/\/wcf.de\/de\/wp-json\/wp\/v2\/pages\/3962","targetHints":{"allow":["GET"]}}],"collection":[{"href":"https:\/\/wcf.de\/de\/wp-json\/wp\/v2\/pages"}],"about":[{"href":"https:\/\/wcf.de\/de\/wp-json\/wp\/v2\/types\/page"}],"author":[{"embeddable":true,"href":"https:\/\/wcf.de\/de\/wp-json\/wp\/v2\/users\/2"}],"replies":[{"embeddable":true,"href":"https:\/\/wcf.de\/de\/wp-json\/wp\/v2\/comments?post=3962"}],"version-history":[{"count":23,"href":"https:\/\/wcf.de\/de\/wp-json\/wp\/v2\/pages\/3962\/revisions"}],"predecessor-version":[{"id":11956,"href":"https:\/\/wcf.de\/de\/wp-json\/wp\/v2\/pages\/3962\/revisions\/11956"}],"wp:attachment":[{"href":"https:\/\/wcf.de\/de\/wp-json\/wp\/v2\/media?parent=3962"}],"curies":[{"name":"wp","href":"https:\/\/api.w.org\/{rel}","templated":true}]}}