{"id":4648,"date":"2021-04-17T11:32:49","date_gmt":"2021-04-17T11:32:49","guid":{"rendered":"https:\/\/de6.wcf-test.de\/?page_id=4648"},"modified":"2024-12-31T12:54:03","modified_gmt":"2024-12-31T12:54:03","slug":"gebuehren","status":"publish","type":"page","link":"https:\/\/wcf.de\/de\/gebuehren\/","title":{"rendered":"Geb\u00fchren"},"content":{"rendered":"\t\t<div data-elementor-type=\"wp-page\" data-elementor-id=\"4648\" class=\"elementor elementor-4648\" data-elementor-post-type=\"page\">\n\t\t\t\t\t\t<section class=\"elementor-section elementor-top-section elementor-element elementor-element-5e9bf359 elementor-section-full_width elementor-section-height-default elementor-section-height-default\" data-id=\"5e9bf359\" data-element_type=\"section\" data-e-type=\"section\">\n\t\t\t\t\t\t<div class=\"elementor-container elementor-column-gap-default\">\n\t\t\t\t\t<div class=\"elementor-column elementor-col-100 elementor-top-column elementor-element elementor-element-afc65fd\" data-id=\"afc65fd\" data-element_type=\"column\" data-e-type=\"column\">\n\t\t\t<div class=\"elementor-widget-wrap elementor-element-populated\">\n\t\t\t\t\t\t<div class=\"elementor-element elementor-element-91c6092 elementor-widget elementor-widget-heading\" data-id=\"91c6092\" data-element_type=\"widget\" data-e-type=\"widget\" data-widget_type=\"heading.default\">\n\t\t\t\t<div class=\"elementor-widget-container\">\n\t\t\t\t\t<h5 class=\"elementor-heading-title elementor-size-large\">GEB\u00dcHREN<\/h5>\t\t\t\t<\/div>\n\t\t\t\t<\/div>\n\t\t\t\t\t<\/div>\n\t\t<\/div>\n\t\t\t\t\t<\/div>\n\t\t<\/section>\n\t\t\t\t<section class=\"elementor-section elementor-top-section elementor-element elementor-element-c1e10a8 elementor-section-full_width elementor-section-height-default elementor-section-height-default\" data-id=\"c1e10a8\" data-element_type=\"section\" data-e-type=\"section\">\n\t\t\t\t\t\t<div class=\"elementor-container elementor-column-gap-default\">\n\t\t\t\t\t<div class=\"elementor-column elementor-col-100 elementor-top-column elementor-element elementor-element-1ad18139\" data-id=\"1ad18139\" data-element_type=\"column\" data-e-type=\"column\">\n\t\t\t<div class=\"elementor-widget-wrap elementor-element-populated\">\n\t\t\t\t\t\t<div class=\"elementor-element elementor-element-6377a363 elementor-widget elementor-widget-text-editor\" data-id=\"6377a363\" data-element_type=\"widget\" data-e-type=\"widget\" data-widget_type=\"text-editor.default\">\n\t\t\t\t<div class=\"elementor-widget-container\">\n\t\t\t\t\t\t\t\t\t\n<p><strong>Verwendungszweck angeben<br \/><\/strong>Geben Sie bei allen Zahlungen den Verwendungszweck und Ihre Mitgliedsnummer an. Dies gilt bei Barzahlungen und \u00dcberweisungen. Bei Zahlungen, die nicht verbucht werden k\u00f6nnen, erh\u00e4lt der Absender eine Aufforderung, die Angaben zu vervollst\u00e4ndigen. Sollte die Zahlung nach Ablauf von 3 Monaten nach Eingang nicht zuzuordnen sein, wird sie als Spende verbucht.<\/p>\n<p><strong>Erforderliche Angaben beilegen<br \/><\/strong>Allen Barzahlungen muss eine Notiz mit den erforderlichen Angaben beiliegen. Eine Kopie dieser Notiz mit Unterschrift des Zahlungsempf\u00e4ngers gilt als Nachweis f\u00fcr die Zahlung.<\/p>\n\t\t\t\t\t\t\t\t<\/div>\n\t\t\t\t<\/div>\n\t\t\t\t\t<\/div>\n\t\t<\/div>\n\t\t\t\t\t<\/div>\n\t\t<\/section>\n\t\t\t\t<section class=\"elementor-section elementor-top-section elementor-element elementor-element-f435359 elementor-section-full_width elementor-section-height-default elementor-section-height-default\" data-id=\"f435359\" data-element_type=\"section\" data-e-type=\"section\">\n\t\t\t\t\t\t<div class=\"elementor-container elementor-column-gap-default\">\n\t\t\t\t\t<div class=\"elementor-column elementor-col-100 elementor-top-column elementor-element elementor-element-46ab2e5\" data-id=\"46ab2e5\" data-element_type=\"column\" data-e-type=\"column\">\n\t\t\t<div class=\"elementor-widget-wrap elementor-element-populated\">\n\t\t\t\t\t\t<div class=\"elementor-element elementor-element-41e273e elementor-widget elementor-widget-shortcode\" data-id=\"41e273e\" data-element_type=\"widget\" data-e-type=\"widget\" data-widget_type=\"shortcode.default\">\n\t\t\t\t<div class=\"elementor-widget-container\">\n\t\t\t\t\t\t\t<div class=\"elementor-shortcode\">\n<table id=\"tablepress-1\" class=\"tablepress tablepress-id-1\">\n<thead>\n<tr class=\"row-1\">\n\t<th class=\"column-1\">Zahlungsgrund<\/th><th class=\"column-2\">Betrag<\/th><th class=\"column-3\">Erforderliche Angaben<\/th>\n<\/tr>\n<\/thead>\n<tbody class=\"row-striping row-hover\">\n<tr class=\"row-2\">\n\t<td class=\"column-1\">Aufnahmegeb\u00fchr (Warenzeichenschutz)<\/td><td class=\"column-2\">120,00 \u20ac<\/td><td class=\"column-3\">Vereinsname, Mitgliedsnummer<\/td>\n<\/tr>\n<tr class=\"row-3\">\n\t<td class=\"column-1\">Mitgliedsbeitrag pro Jahr f\u00fcr WCF Vereine<\/td><td class=\"column-2\">200,00 \u20ac<\/td><td class=\"column-3\">Vereinsname, Mitgliedsnummer Jahr<\/td>\n<\/tr>\n<tr class=\"row-4\">\n\t<td class=\"column-1\">Beitrag f\u00fcr Hospitantenklubs<\/td><td class=\"column-2\"> nach <br \/>\nVereinb.<\/td><td class=\"column-3\">Vereinsnummer, Rechnungsnummer<\/td>\n<\/tr>\n<tr class=\"row-5\">\n\t<td class=\"column-1\">Show Lizenz pro Ausstellungstag<\/td><td class=\"column-2\">25,00 \u20ac<\/td><td class=\"column-3\">Mitgliedsnummer, Anzahl<\/td>\n<\/tr>\n<tr class=\"row-6\">\n\t<td class=\"column-1\">Doppelbewertung pro Ausstellungstag<\/td><td class=\"column-2\">  15,00 \u20ac<\/td><td class=\"column-3\">Mitgliedsnummer, Anzahl<\/td>\n<\/tr>\n<tr class=\"row-7\">\n\t<td class=\"column-1\">World Show pro Ausstellungstag<\/td><td class=\"column-2\">60,00 \u20ac<\/td><td class=\"column-3\">Mitgliedsnummer, Ausstellungsdatum<\/td>\n<\/tr>\n<tr class=\"row-8\">\n\t<td class=\"column-1\">Jubil\u00e4umsshow pro Ausstellungstag<\/td><td class=\"column-2\">85,00 \u20ac<\/td><td class=\"column-3\">Mitgliedsnummer, Ausstellungsdatum<\/td>\n<\/tr>\n<tr class=\"row-9\">\n\t<td class=\"column-1\">Cat Olimpia pro Ausstellungstag<\/td><td class=\"column-2\">200,00 \u20ac<\/td><td class=\"column-3\">Mitgliedsnummer, Ausstellungsdatum<\/td>\n<\/tr>\n<tr class=\"row-10\">\n\t<td class=\"column-1\">Zwingerregistrierung, Verl\u00e4ngerung<\/code><\/br> Zwingernamenschutz, \u00c4nderungen<\/td><td class=\"column-2\">10,00 \u20ac<\/td><td class=\"column-3\">Vereinsname, Mitgliedsnummer<\/td>\n<\/tr>\n<tr class=\"row-11\">\n\t<td class=\"column-1\">Zwingerregistrierung f\u00fcr Nichtmitglieder <br \/>\neines WCF-Vereins<\/td><td class=\"column-2\"> 52,00 \u20ac<\/td><td class=\"column-3\">Zwingerregistrierung Zwingername, <br \/>\nRasse(n) Z\u00fcchtername, Adresse<\/td>\n<\/tr>\n<tr class=\"row-12\">\n\t<td class=\"column-1\">Richterexamen Pr\u00fcfungsgeb\u00fchr pro Kategorie<\/td><td class=\"column-2\">105,00 \u20ac<\/td><td class=\"column-3\">Verein, Name des Richters, Kategorie<\/td>\n<\/tr>\n<tr class=\"row-13\">\n\t<td class=\"column-1\">Richtererlaubnis \/ Verl\u00e4ngerung<\/td><td class=\"column-2\">20,00 \u20ac<\/td><td class=\"column-3\">Verein, Name des Richters<\/td>\n<\/tr>\n<tr class=\"row-14\">\n\t<td class=\"column-1\">Versp\u00e4tete Verl\u00e4ngerung bis 30. Tag <\/br>nach Ablaufdatum der Erlaubnis<\/td><td class=\"column-2\">50,00 \u20ac<\/td><td class=\"column-3\">Verein, Name des Richters<\/td>\n<\/tr>\n<tr class=\"row-15\">\n\t<td class=\"column-1\">Versp\u00e4tete Verl\u00e4ngerung 31. - 59. Tag <\/br>nach Ablaufdatum der Erlaubnis<\/td><td class=\"column-2\">100,00 \u20ac<\/td><td class=\"column-3\">Verein, Name des Richters<\/td>\n<\/tr>\n<tr class=\"row-16\">\n\t<td class=\"column-1\">Geb\u00fchr f\u00fcr \u00dcberpr\u00fcfung der Richterqualifikation<\/td><td class=\"column-2\">20,00 \u20ac<\/td><td class=\"column-3\">Verein, Name des Richters, Ausstellungsdatum<\/td>\n<\/tr>\n<tr class=\"row-17\">\n\t<td class=\"column-1\">Urkunde f\u00fcr den Titel  World Champion\/Premior <br \/>\ninkl. Pr\u00e4sentation im Internet f\u00fcr ein Jahr<\/td><td class=\"column-2\">15,00 \u20ac<\/td><td class=\"column-3\">Verein, Name des Antragstellers<\/td>\n<\/tr>\n<tr class=\"row-18\">\n\t<td class=\"column-1\">Pr\u00e4sentation WCF-Master im Internet f\u00fcr ein Jahr<\/td><td class=\"column-2\">10,00 \u20ac<\/td><td class=\"column-3\">Verein, Name des Antragstellers<\/td>\n<\/tr>\n<tr class=\"row-19\">\n\t<td class=\"column-1\">Seminar \u201eBreeder of Excellence\u201c, je Teil <br \/>\n(bis 3 Monate vor Beginn)<\/td><td class=\"column-2\">100.00 \u20ac<\/td><td class=\"column-3\">Mitgliedsnummer Seminarteil, Datum<\/td>\n<\/tr>\n<tr class=\"row-20\">\n\t<td class=\"column-1\">Seminar \u201eBreeder of Excellence\u201c, je Teil <br \/>\n(sp\u00e4ter als 3 Monate vor Beginn)<\/td><td class=\"column-2\">130.00 \u20ac<\/td><td class=\"column-3\">Mitgliedsnummer Seminarteil, Datum<\/td>\n<\/tr>\n<tr class=\"row-21\">\n\t<td class=\"column-1\">Anderes kostenpflichtiges Seminar \/ Webinar <br \/>\n(bis 4 Wochen vor Beginn)<\/td><td class=\"column-2\">25.00 \u20ac<\/td><td class=\"column-3\">Mitgliedsnummer, <br \/>\nArt des Seminars \/ Webinars, Datum<\/td>\n<\/tr>\n<tr class=\"row-22\">\n\t<td class=\"column-1\">Anderes kostenpflichtiges Seminar \/ Webinar <br \/>\n(sp\u00e4ter als 4 Wochen vor Beginn)<\/td><td class=\"column-2\">35.00 \u20ac<\/td><td class=\"column-3\">Mitgliedsnummer, <br \/>\nArt des Seminars \/ Webinars, Datum<\/td>\n<\/tr>\n<tr class=\"row-23\">\n\t<td class=\"column-1\">Genetik Seminar \/ Webinar <br \/>\n(bis 4 Wochen vor Beginn)<\/td><td class=\"column-2\">50.00 \u20ac<\/td><td class=\"column-3\">Mitgliedsnummer, Datum<\/td>\n<\/tr>\n<tr class=\"row-24\">\n\t<td class=\"column-1\">Genetik Seminar \/ Webinar <br \/>\n(sp\u00e4ter als 4 Wochen vor Beginn)<\/td><td class=\"column-2\">60.00 \u20ac<\/td><td class=\"column-3\">Mitgliedsnummer, Datum<\/td>\n<\/tr>\n<tr class=\"row-25\">\n\t<td class=\"column-1\"><\/td><td class=\"column-2\"><\/td><td class=\"column-3\"><\/td>\n<\/tr>\n<tr class=\"row-26\">\n\t<td class=\"column-1\"><\/td><td class=\"column-2\"><\/td><td class=\"column-3\">aktualisiert: 01.01.2025<\/td>\n<\/tr>\n<\/tbody>\n<\/table>\n<\/div>\n\t\t\t\t\t\t<\/div>\n\t\t\t\t<\/div>\n\t\t\t\t\t<\/div>\n\t\t<\/div>\n\t\t\t\t\t<\/div>\n\t\t<\/section>\n\t\t\t\t<\/div>\n\t\t","protected":false},"excerpt":{"rendered":"<p>GEB\u00dcHREN Verwendungszweck angebenGeben Sie bei allen Zahlungen den Verwendungszweck und Ihre Mitgliedsnummer an. Dies gilt bei Barzahlungen und \u00dcberweisungen. Bei Zahlungen, die nicht verbucht werden k\u00f6nnen, erh\u00e4lt der Absender eine Aufforderung, die Angaben zu vervollst\u00e4ndigen. Sollte die Zahlung nach Ablauf von 3 Monaten nach Eingang nicht zuzuordnen sein, wird sie als Spende verbucht. Erforderliche Angaben [&hellip;]<\/p>\n","protected":false},"author":2,"featured_media":0,"parent":0,"menu_order":0,"comment_status":"closed","ping_status":"closed","template":"","meta":{"_monsterinsights_skip_tracking":false,"_monsterinsights_sitenote_active":false,"_monsterinsights_sitenote_note":"","_monsterinsights_sitenote_category":0,"footnotes":""},"class_list":["post-4648","page","type-page","status-publish","hentry"],"aioseo_notices":[],"_links":{"self":[{"href":"https:\/\/wcf.de\/de\/wp-json\/wp\/v2\/pages\/4648","targetHints":{"allow":["GET"]}}],"collection":[{"href":"https:\/\/wcf.de\/de\/wp-json\/wp\/v2\/pages"}],"about":[{"href":"https:\/\/wcf.de\/de\/wp-json\/wp\/v2\/types\/page"}],"author":[{"embeddable":true,"href":"https:\/\/wcf.de\/de\/wp-json\/wp\/v2\/users\/2"}],"replies":[{"embeddable":true,"href":"https:\/\/wcf.de\/de\/wp-json\/wp\/v2\/comments?post=4648"}],"version-history":[{"count":4,"href":"https:\/\/wcf.de\/de\/wp-json\/wp\/v2\/pages\/4648\/revisions"}],"predecessor-version":[{"id":11839,"href":"https:\/\/wcf.de\/de\/wp-json\/wp\/v2\/pages\/4648\/revisions\/11839"}],"wp:attachment":[{"href":"https:\/\/wcf.de\/de\/wp-json\/wp\/v2\/media?parent=4648"}],"curies":[{"name":"wp","href":"https:\/\/api.w.org\/{rel}","templated":true}]}}