{"id":4975,"date":"2021-04-27T14:35:03","date_gmt":"2021-04-27T14:35:03","guid":{"rendered":"https:\/\/de6.wcf-test.de\/?page_id=4975"},"modified":"2021-12-19T12:53:15","modified_gmt":"2021-12-19T12:53:15","slug":"bankverbindung","status":"publish","type":"page","link":"https:\/\/wcf.de\/de\/bankverbindung\/","title":{"rendered":"Bankverbindung"},"content":{"rendered":"\t\t<div data-elementor-type=\"wp-page\" data-elementor-id=\"4975\" class=\"elementor elementor-4975\" data-elementor-post-type=\"page\">\n\t\t\t\t\t\t<section class=\"elementor-section elementor-top-section elementor-element elementor-element-5e9bf359 elementor-section-full_width elementor-section-height-default elementor-section-height-default\" data-id=\"5e9bf359\" data-element_type=\"section\" data-e-type=\"section\">\n\t\t\t\t\t\t<div class=\"elementor-container elementor-column-gap-default\">\n\t\t\t\t\t<div class=\"elementor-column elementor-col-100 elementor-top-column elementor-element elementor-element-afc65fd\" data-id=\"afc65fd\" data-element_type=\"column\" data-e-type=\"column\">\n\t\t\t<div class=\"elementor-widget-wrap elementor-element-populated\">\n\t\t\t\t\t\t<div class=\"elementor-element elementor-element-91c6092 elementor-widget elementor-widget-heading\" data-id=\"91c6092\" data-element_type=\"widget\" data-e-type=\"widget\" data-widget_type=\"heading.default\">\n\t\t\t\t<div class=\"elementor-widget-container\">\n\t\t\t\t\t<h5 class=\"elementor-heading-title elementor-size-large\">BANKVERBINDUNG<\/h5>\t\t\t\t<\/div>\n\t\t\t\t<\/div>\n\t\t\t\t\t<\/div>\n\t\t<\/div>\n\t\t\t\t\t<\/div>\n\t\t<\/section>\n\t\t\t\t<section class=\"elementor-section elementor-top-section elementor-element elementor-element-f435359 elementor-section-full_width elementor-section-height-default elementor-section-height-default\" data-id=\"f435359\" data-element_type=\"section\" data-e-type=\"section\">\n\t\t\t\t\t\t<div class=\"elementor-container elementor-column-gap-default\">\n\t\t\t\t\t<div class=\"elementor-column elementor-col-100 elementor-top-column elementor-element elementor-element-46ab2e5\" data-id=\"46ab2e5\" data-element_type=\"column\" data-e-type=\"column\">\n\t\t\t<div class=\"elementor-widget-wrap elementor-element-populated\">\n\t\t\t\t\t\t<div class=\"elementor-element elementor-element-41e273e elementor-widget elementor-widget-shortcode\" data-id=\"41e273e\" data-element_type=\"widget\" data-e-type=\"widget\" data-widget_type=\"shortcode.default\">\n\t\t\t\t<div class=\"elementor-widget-container\">\n\t\t\t\t\t\t\t<div class=\"elementor-shortcode\">\n<table id=\"tablepress-3\" class=\"tablepress tablepress-id-3\">\n<thead>\n<tr class=\"row-1\">\n\t<th class=\"column-1\">Bank<\/th><th class=\"column-2\">BLZ<\/th><th class=\"column-3\">Empf\u00e4nger<\/th><th class=\"column-4\">Kontonummer<\/th><th class=\"column-5\">IBAN                       <br \/>\n<\/th><th class=\"column-6\">SWIFT (BIC)<\/th>\n<\/tr>\n<\/thead>\n<tbody class=\"row-striping row-hover\">\n<tr class=\"row-2\">\n\t<td class=\"column-1\">Sparkasse Essen<\/td><td class=\"column-2\">360 501 05<\/td><td class=\"column-3\">World Cat Federation e.V.<\/td><td class=\"column-4\">2 3963 49<\/td><td class=\"column-5\">DE23 3605 0105 0002 3963 49<\/td><td class=\"column-6\">SPESDE3EXXX<\/td>\n<\/tr>\n<\/tbody>\n<\/table>\n<!-- #tablepress-3 from cache --><\/div>\n\t\t\t\t\t\t<\/div>\n\t\t\t\t<\/div>\n\t\t\t\t\t<\/div>\n\t\t<\/div>\n\t\t\t\t\t<\/div>\n\t\t<\/section>\n\t\t\t\t<section class=\"elementor-section elementor-top-section elementor-element elementor-element-c1e10a8 elementor-section-full_width elementor-section-height-default elementor-section-height-default\" data-id=\"c1e10a8\" data-element_type=\"section\" data-e-type=\"section\">\n\t\t\t\t\t\t<div class=\"elementor-container elementor-column-gap-default\">\n\t\t\t\t\t<div class=\"elementor-column elementor-col-100 elementor-top-column elementor-element elementor-element-1ad18139\" data-id=\"1ad18139\" data-element_type=\"column\" data-e-type=\"column\">\n\t\t\t<div class=\"elementor-widget-wrap elementor-element-populated\">\n\t\t\t\t\t\t<div class=\"elementor-element elementor-element-6377a363 elementor-widget elementor-widget-text-editor\" data-id=\"6377a363\" data-element_type=\"widget\" data-e-type=\"widget\" data-widget_type=\"text-editor.default\">\n\t\t\t\t<div class=\"elementor-widget-container\">\n\t\t\t\t\t\t\t\t\t\n<p>Bitte benutzen Sie f\u00fcr \u00dcberweisungen innerhalb der EU unbedingt das Formular &#8220;EU-Standard-\u00dcberweisung&#8221;, weil anderenfalls Extrakosten f\u00fcr Sie anfallen!<\/p>\n\t\t\t\t\t\t\t\t<\/div>\n\t\t\t\t<\/div>\n\t\t\t\t\t<\/div>\n\t\t<\/div>\n\t\t\t\t\t<\/div>\n\t\t<\/section>\n\t\t\t\t<section class=\"elementor-section elementor-top-section elementor-element elementor-element-240ca1e elementor-section-full_width elementor-section-height-default elementor-section-height-default\" data-id=\"240ca1e\" data-element_type=\"section\" data-e-type=\"section\">\n\t\t\t\t\t\t<div class=\"elementor-container elementor-column-gap-default\">\n\t\t\t\t\t<div class=\"elementor-column elementor-col-100 elementor-top-column elementor-element elementor-element-b57831c\" data-id=\"b57831c\" data-element_type=\"column\" data-e-type=\"column\">\n\t\t\t<div class=\"elementor-widget-wrap elementor-element-populated\">\n\t\t\t\t\t\t<div class=\"elementor-element elementor-element-4a6b75b elementor-widget elementor-widget-text-editor\" data-id=\"4a6b75b\" data-element_type=\"widget\" data-e-type=\"widget\" data-widget_type=\"text-editor.default\">\n\t\t\t\t<div class=\"elementor-widget-container\">\n\t\t\t\t\t\t\t\t\t\n<p><strong>Zahlung mit Paypal<br \/><\/strong>Emailadresse:\u00a0<a href=\"mailto:wcf@wcf-online.de\">wcf@wcf-online.de<\/a><br \/>Bitte \u00fcberweisen Sie zus\u00e4tzlich 6% Geb\u00fchren.<br \/>Keine PayPal Zahlungen von Bewohnern der Krim m\u00f6glich!<\/p>\n<p><strong>Annahmeberechtigung von Zahlungen<br \/><\/strong>Zur Annahme von Zahlungen sind folgende Personen autorisiert (in alphabetischer Reihenfolge):<\/p>\n<p>Tatjana\u00a0\u010cernova<br \/>Anneliese Hackmann<br \/>Cornelia Hungerecker<\/p>\n\t\t\t\t\t\t\t\t<\/div>\n\t\t\t\t<\/div>\n\t\t\t\t\t<\/div>\n\t\t<\/div>\n\t\t\t\t\t<\/div>\n\t\t<\/section>\n\t\t\t\t<\/div>\n\t\t","protected":false},"excerpt":{"rendered":"<p>BANKVERBINDUNG Bitte benutzen Sie f\u00fcr \u00dcberweisungen innerhalb der EU unbedingt das Formular &#8220;EU-Standard-\u00dcberweisung&#8221;, weil anderenfalls Extrakosten f\u00fcr Sie anfallen! Zahlung mit PaypalEmailadresse:&nbsp;wcf@wcf-online.deBitte \u00fcberweisen Sie zus\u00e4tzlich 6% Geb\u00fchren.Keine PayPal Zahlungen von Bewohnern der Krim m\u00f6glich! Annahmeberechtigung von ZahlungenZur Annahme von Zahlungen sind folgende Personen autorisiert (in alphabetischer Reihenfolge): Tatjana&nbsp;\u010cernovaAnneliese HackmannCornelia Hungerecker<\/p>\n","protected":false},"author":2,"featured_media":0,"parent":0,"menu_order":0,"comment_status":"closed","ping_status":"closed","template":"","meta":{"_monsterinsights_skip_tracking":false,"_monsterinsights_sitenote_active":false,"_monsterinsights_sitenote_note":"","_monsterinsights_sitenote_category":0,"footnotes":""},"class_list":["post-4975","page","type-page","status-publish","hentry"],"aioseo_notices":[],"_links":{"self":[{"href":"https:\/\/wcf.de\/de\/wp-json\/wp\/v2\/pages\/4975","targetHints":{"allow":["GET"]}}],"collection":[{"href":"https:\/\/wcf.de\/de\/wp-json\/wp\/v2\/pages"}],"about":[{"href":"https:\/\/wcf.de\/de\/wp-json\/wp\/v2\/types\/page"}],"author":[{"embeddable":true,"href":"https:\/\/wcf.de\/de\/wp-json\/wp\/v2\/users\/2"}],"replies":[{"embeddable":true,"href":"https:\/\/wcf.de\/de\/wp-json\/wp\/v2\/comments?post=4975"}],"version-history":[{"count":5,"href":"https:\/\/wcf.de\/de\/wp-json\/wp\/v2\/pages\/4975\/revisions"}],"predecessor-version":[{"id":12850,"href":"https:\/\/wcf.de\/de\/wp-json\/wp\/v2\/pages\/4975\/revisions\/12850"}],"wp:attachment":[{"href":"https:\/\/wcf.de\/de\/wp-json\/wp\/v2\/media?parent=4975"}],"curies":[{"name":"wp","href":"https:\/\/api.w.org\/{rel}","templated":true}]}}