{"id":5036,"date":"2021-05-01T14:24:52","date_gmt":"2021-05-01T14:24:52","guid":{"rendered":"https:\/\/de6.wcf-test.de\/?page_id=5036"},"modified":"2026-01-16T13:48:35","modified_gmt":"2026-01-16T13:48:35","slug":"teilnahme","status":"publish","type":"page","link":"https:\/\/wcf.de\/de\/teilnahme\/","title":{"rendered":"Teilnahme"},"content":{"rendered":"\t\t<div data-elementor-type=\"wp-page\" data-elementor-id=\"5036\" class=\"elementor elementor-5036\" data-elementor-post-type=\"page\">\n\t\t\t\t\t\t<section class=\"elementor-section elementor-top-section elementor-element elementor-element-5e9bf359 elementor-section-full_width elementor-section-height-default elementor-section-height-default\" data-id=\"5e9bf359\" data-element_type=\"section\" data-e-type=\"section\">\n\t\t\t\t\t\t<div class=\"elementor-container elementor-column-gap-default\">\n\t\t\t\t\t<div class=\"elementor-column elementor-col-100 elementor-top-column elementor-element elementor-element-afc65fd\" data-id=\"afc65fd\" data-element_type=\"column\" data-e-type=\"column\">\n\t\t\t<div class=\"elementor-widget-wrap elementor-element-populated\">\n\t\t\t\t\t\t<div class=\"elementor-element elementor-element-91c6092 elementor-widget elementor-widget-heading\" data-id=\"91c6092\" data-element_type=\"widget\" data-e-type=\"widget\" data-widget_type=\"heading.default\">\n\t\t\t\t<div class=\"elementor-widget-container\">\n\t\t\t\t\t<h5 class=\"elementor-heading-title elementor-size-large\">BEDINGUNGEN F\u00dcR DIE TEILNAHME  AN WCF BEST CAT<\/h5>\t\t\t\t<\/div>\n\t\t\t\t<\/div>\n\t\t\t\t\t<\/div>\n\t\t<\/div>\n\t\t\t\t\t<\/div>\n\t\t<\/section>\n\t\t\t\t<section class=\"elementor-section elementor-top-section elementor-element elementor-element-6f8e4a16 elementor-section-full_width elementor-section-height-default elementor-section-height-default\" data-id=\"6f8e4a16\" data-element_type=\"section\" data-e-type=\"section\">\n\t\t\t\t\t\t<div class=\"elementor-container elementor-column-gap-default\">\n\t\t\t\t\t<div class=\"elementor-column elementor-col-50 elementor-top-column elementor-element elementor-element-1a11ab96\" data-id=\"1a11ab96\" data-element_type=\"column\" data-e-type=\"column\">\n\t\t\t<div class=\"elementor-widget-wrap elementor-element-populated\">\n\t\t\t\t\t\t<div class=\"elementor-element elementor-element-4d2c102f elementor-widget__width-initial elementor-widget elementor-widget-text-editor\" data-id=\"4d2c102f\" data-element_type=\"widget\" data-e-type=\"widget\" data-widget_type=\"text-editor.default\">\n\t\t\t\t<div class=\"elementor-widget-container\">\n\t\t\t\t\t\t\t\t\t<p>g\u00fcltig ab 01.01.2026<\/p>\t\t\t\t\t\t\t\t<\/div>\n\t\t\t\t<\/div>\n\t\t\t\t\t<\/div>\n\t\t<\/div>\n\t\t\t\t<div class=\"elementor-column elementor-col-50 elementor-top-column elementor-element elementor-element-432254d6\" data-id=\"432254d6\" data-element_type=\"column\" data-e-type=\"column\">\n\t\t\t<div class=\"elementor-widget-wrap elementor-element-populated\">\n\t\t\t\t\t\t<div class=\"elementor-element elementor-element-2be2853b elementor-align-right elementor-widget elementor-widget-button\" data-id=\"2be2853b\" data-element_type=\"widget\" data-e-type=\"widget\" data-widget_type=\"button.default\">\n\t\t\t\t<div class=\"elementor-widget-container\">\n\t\t\t\t\t\t\t\t\t<div class=\"elementor-button-wrapper\">\n\t\t\t\t\t<a class=\"elementor-button elementor-button-link elementor-size-sm\" href=\"https:\/\/wcf.de\/pdf\/bestcat\/Best_Cat_Participation_2026_DE.pdf\" target=\"_blank\" rel=\"nofollow\">\n\t\t\t\t\t\t<span class=\"elementor-button-content-wrapper\">\n\t\t\t\t\t\t\t\t\t<span class=\"elementor-button-text\">Download<\/span>\n\t\t\t\t\t<\/span>\n\t\t\t\t\t<\/a>\n\t\t\t\t<\/div>\n\t\t\t\t\t\t\t\t<\/div>\n\t\t\t\t<\/div>\n\t\t\t\t\t<\/div>\n\t\t<\/div>\n\t\t\t\t\t<\/div>\n\t\t<\/section>\n\t\t\t\t<section class=\"elementor-section elementor-top-section elementor-element elementor-element-50a89978 elementor-section-full_width elementor-section-height-default elementor-section-height-default\" data-id=\"50a89978\" data-element_type=\"section\" data-e-type=\"section\">\n\t\t\t\t\t\t<div class=\"elementor-container elementor-column-gap-default\">\n\t\t\t\t\t<div class=\"elementor-column elementor-col-100 elementor-top-column elementor-element elementor-element-7efecf10\" data-id=\"7efecf10\" data-element_type=\"column\" data-e-type=\"column\">\n\t\t\t<div class=\"elementor-widget-wrap elementor-element-populated\">\n\t\t\t\t\t\t<div class=\"elementor-element elementor-element-12f7a77e elementor-widget elementor-widget-heading\" data-id=\"12f7a77e\" data-element_type=\"widget\" data-e-type=\"widget\" data-widget_type=\"heading.default\">\n\t\t\t\t<div class=\"elementor-widget-container\">\n\t\t\t\t\t<h2 class=\"elementor-heading-title elementor-size-default\">ALLGEMEINES<\/h2>\t\t\t\t<\/div>\n\t\t\t\t<\/div>\n\t\t\t\t\t<\/div>\n\t\t<\/div>\n\t\t\t\t\t<\/div>\n\t\t<\/section>\n\t\t\t\t<section class=\"elementor-section elementor-top-section elementor-element elementor-element-1ce214b0 elementor-section-full_width elementor-section-height-default elementor-section-height-default\" data-id=\"1ce214b0\" data-element_type=\"section\" data-e-type=\"section\">\n\t\t\t\t\t\t<div class=\"elementor-container elementor-column-gap-default\">\n\t\t\t\t\t<div class=\"elementor-column elementor-col-100 elementor-top-column elementor-element elementor-element-54e20d6\" data-id=\"54e20d6\" data-element_type=\"column\" data-e-type=\"column\">\n\t\t\t<div class=\"elementor-widget-wrap elementor-element-populated\">\n\t\t\t\t\t\t<div class=\"elementor-element elementor-element-7bb0412b elementor-widget__width-initial elementor-widget elementor-widget-text-editor\" data-id=\"7bb0412b\" data-element_type=\"widget\" data-e-type=\"widget\" data-widget_type=\"text-editor.default\">\n\t\t\t\t<div class=\"elementor-widget-container\">\n\t\t\t\t\t\t\t\t\t<p>WCF Best Cat ist verf\u00fcgbar f\u00fcr folgende Kategorien:<\/p><ol><li>Erwachsene<\/li><li>Ehrenklasse Erwachsene (WCH-Titelzertifikat ist verpflichtend f\u00fcr die Teilnahme)<\/li><li>Kastraten<\/li><li>Ehrenklasse Kastraten (WPR-Titelzertifikat ist verpflichtend f\u00fcr die Teilnahme)<\/li><li>Alle Kitten\/Junioren von 3\u201310 Monaten<\/li><li>Veteranen<\/li><li>Hauskatzen (Langhaar and Kurzhaar konkurrieren zusammen)<\/li><\/ol><p>Anmerkung:<br \/>Ehrenklasse Erwachsene und Ehrenklasse Kastraten werden in separaten Best Cat Ranglisten bewertet und <br \/>nicht in der Rangliste f\u00fcr Erwachsene bzw. Kastraten gef\u00fchrt.<\/p><p style=\"padding-left: 40px;\">1. <strong>WCF Best Cat ist ein Ranglistensystem f\u00fcr alle registrierten Katzen, deren Eigent\u00fcmer Mitglieder eines WCF-Clubs sind.<\/strong> <br \/>Punkte werden w\u00e4hrend des gesamten Kalenderjahres anhand der Ergebnisse auf WCF-lizenzierten Shows gesammelt.<\/p><p style=\"padding-left: 40px;\">2. Die Teilnahme ist freiwillig, kostenlos und allen WCF-Mitgliedern gleicherma\u00dfen m\u00f6glich. <br \/>Ergebnisse von Nicht-WCF-Mitgliedern werden nicht ber\u00fccksichtigt.<\/p><p style=\"padding-left: 40px;\">3. F\u00fcr die Richtigkeit der eingegebenen Showresultate ist der ausrichtende Club verantwortlich. <br \/>WCF Best Cat und WCF e. V. \u00fcbernehmen keine Haftung f\u00fcr fehlerhafte Eintragungen der Veranstalter.<\/p><p style=\"padding-left: 40px;\">4. Die WCF Best Cat Saison l\u00e4uft j\u00e4hrlich vom 1. Januar bis zum 31. Dezember.<\/p><p style=\"padding-left: 40px;\">5. Zur Teilnahme m\u00fcssen Aussteller ein Profil auf <a title=\"https:\/\/wcf-bestcat.de\" href=\"https:\/\/wcf-bestcat.de\" target=\"_blank\" rel=\"nofollow noopener\">https:\/\/wcf-bestcat.de<\/a> erstellen und jede Katze einzeln registrieren.<\/p><p style=\"padding-left: 40px;\">6. Eine aktive WCF-Clubmitgliedschaft muss im Profil sichtbar sein. <br \/>Ohne aktive Mitgliedschaft werden die erzielten Ergebnisse nicht gewertet.<\/p><p style=\"padding-left: 40px;\">7. Wenn eine Katze mit falschen Titeln, nicht anerkannten Farben\/Rassen oder Versto\u00df gegen die Titelprogression <br \/>(korrekte Reihenfolge der erzielten Titelpunkte) gezeigt wird, kann der WCF Best Cat Support die betroffenen Ergebnisse <br \/>auf 0 setzen und die Katze f\u00fcr die betreffenden Showtage in Klasse 25 (Au\u00dfer Konkurrenz) versetzen. <br \/>Solche Korrekturen werden dem Vorstand, der WCF Ausstellungskommission und der Disziplinarkommission gemeldet. <br \/>Dies umfasst insbesondere F\u00e4lle, in denen eine Katze in einer niedrigeren Titelklasse gezeigt wird, als ihr zusteht, <br \/>oder in denen die PH-Teilnahmebedingungen gem\u00e4\u00df D.13.3 nicht erf\u00fcllt sind. <br \/>In solchen F\u00e4llen k\u00f6nnen alle Ergebnisse der betroffenen Showtage gel\u00f6scht werden.<\/p><p style=\"padding-left: 40px;\">8. Es k\u00f6nnen nur von der WCF anerkannte Rassen und Farben an WCF Best Cat teilnehmen. <br \/>Nicht anerkannte Rassen und Farben werden nicht ber\u00fccksichtigt.<\/p><p style=\"padding-left: 40px;\">9. Alle Angaben m\u00fcssen wahrheitsgem\u00e4\u00df sein. <br \/>Bei Unstimmigkeiten k\u00f6nnen Ergebnisse \u00fcberpr\u00fcft und korrigiert werden; bei nachgewiesenem Betrug kann die Katze <br \/>aus der Rangliste ausgeschlossen werden.<\/p><p>10. F\u00fcr die Ehrenkasse Erwachsene und Ehrenklasse Kastraten ist die Teilnahme nur unter den folgenden Bedingungen zul\u00e4ssig:<strong><br \/><\/strong><br \/>a. Mit einem offiziell von der WCF ausgestellten WCH-\/WPR-Zertifikat \u2013 Das Zertifikat muss im Profil der Katze hochgeladen werden. <br \/>Der Support kann eine Kopie zur \u00dcberpr\u00fcfung anfordern.<br \/>b. W\u00e4hrend der \u00dcbergangsfrist (maximal zwei Monate nach Erhalt des letzten CACM-\/CAPM-Zertifikats) \u2013 <br \/>In dieser Zeit darf eine Katze auch ohne offiziell ausgestelltes WCH-\/WPR-Zertifikat in den PH-Klassen starten, sofern der Aussteller:<\/p><ol><li>den Nachweis \u00fcber den GECH-\/GEPR-Titel erbringt, und<\/li><li>die letzten drei CACM-\/CAPM-Zertifikate auf Anfrage vorlegt.<\/li><\/ol><p>Katzen, die diese Bedingungen nicht erf\u00fcllen, k\u00f6nnen die Ergebnisse der betroffenen Showtage auf 0 gesetzt bekommen <br \/>und in Klasse 25 (Au\u00dfer Konkurrenz) eingestuft werden.<\/p><p>11. Erwachsene Ehrenklasse und Kastraten Ehrenklasse d\u00fcrfen unter keinen Umst\u00e4nden in niedrigeren Titelklassen antreten.\u00a0<br \/>Wird eine PH-Katze in einer niedrigeren Klasse gemeldet oder gezeigt, werden alle Ergebnisse der betroffenen Showtage gel\u00f6scht.<\/p><p>12. Zwischenergebnisse werden regelm\u00e4\u00dfig auf <a title=\"https:\/\/wcf-bestcat.de\" href=\"https:\/\/wcf-bestcat.de\" target=\"_blank\" rel=\"nofollow noopener\">https:\/\/wcf-bestcat.de<\/a> ver\u00f6ffentlicht. <br \/>Ihre Richtigkeit h\u00e4ngt von der rechtzeitigen und korrekten \u00dcbermittlung der Showresultate durch die veranstaltenden WCF-Clubs ab. <br \/>WCF Best Cat ist nicht verantwortlich f\u00fcr fehlende oder versp\u00e4tete Eintr\u00e4ge.<\/p><p>13. F\u00fcr Unterst\u00fctzung k\u00f6nnen sich Aussteller und Clubs jederzeit an den WCF Best Cat Support wenden.<\/p>\t\t\t\t\t\t\t\t<\/div>\n\t\t\t\t<\/div>\n\t\t\t\t<div class=\"elementor-element elementor-element-7b1bfc64 elementor-widget elementor-widget-heading\" data-id=\"7b1bfc64\" data-element_type=\"widget\" data-e-type=\"widget\" data-widget_type=\"heading.default\">\n\t\t\t\t<div class=\"elementor-widget-container\">\n\t\t\t\t\t<h2 class=\"elementor-heading-title elementor-size-default\">WERTUNG DER ERGEBNISSE<\/h2>\t\t\t\t<\/div>\n\t\t\t\t<\/div>\n\t\t\t\t\t<\/div>\n\t\t<\/div>\n\t\t\t\t\t<\/div>\n\t\t<\/section>\n\t\t\t\t<section class=\"elementor-section elementor-top-section elementor-element elementor-element-4258d52 elementor-section-full_width elementor-section-height-default elementor-section-height-default\" data-id=\"4258d52\" data-element_type=\"section\" data-e-type=\"section\">\n\t\t\t\t\t\t<div class=\"elementor-container elementor-column-gap-default\">\n\t\t\t\t\t<div class=\"elementor-column elementor-col-100 elementor-top-column elementor-element elementor-element-160bb4fd\" data-id=\"160bb4fd\" data-element_type=\"column\" data-e-type=\"column\">\n\t\t\t<div class=\"elementor-widget-wrap elementor-element-populated\">\n\t\t\t\t\t\t<div class=\"elementor-element elementor-element-451a8b37 elementor-widget elementor-widget-text-editor\" data-id=\"451a8b37\" data-element_type=\"widget\" data-e-type=\"widget\" data-widget_type=\"text-editor.default\">\n\t\t\t\t<div class=\"elementor-widget-container\">\n\t\t\t\t\t\t\t\t\t<ol><li>F\u00fcr Kitten\/Junioren und kastrierte Kitten\/kastrierte Junioren werden nur die 10 besten Tagesergebnisse gewertet.<\/li><li>F\u00fcr Erwachsene, Ehrenklasse Erwachsene, Erwachsene Kastraten, Ehrenklasse Kastraten, Veteranen und Hauskatzen <br \/>werden nur die 20 besten Tagesergebnisse gewertet.<\/li><li>Hauskatzen, Langhaar und Kurzhaar, konkurrieren gemeinsam um den Titel Beste Hauskatze.<\/li><li>Ab dem 01.01.2026 werden keinerlei Bonuspunkte mehr vergeben <br \/>(z.B. f\u00fcr Inselausstellungen, sog. Entwicklungsgebiete oder sonstige Sonderregelungen).<br \/>Es gilt ausschlie\u00dflich das standardisierte WCF Best Cat Punktesystem. <br \/>Sondergenehmigungen oder Ausnahmen, die vor dem 01.01.2026 erteilt wurden und Bonuspunkte oder <br \/>zus\u00e4tzliche Multiplikatoren f\u00fcr Ausstellungen ab dem 01.01.2026 vorsehen, sind nicht mehr g\u00fcltig.<\/li><li>Bei Jubilee-Shows wird das vollst\u00e4ndige Tagesergebnis einer Katze (traditionelle Bewertung, BIS\/BOB-Ergebnisse, alle WCF-Ringe einschlie\u00dflich des Jubilee Rings) mit dem Faktor 1,5 multipliziert. <br \/>Ergebnisse mit einer Dezimalstelle .5 werden aufgerundet.<\/li><\/ol><p>1. Ein Tagesergebnis besteht aus der Summe der Punkte, die eine Katze erh\u00e4lt:<\/p><ol><li>in der traditionellen Bewertung,<\/li><li>durch die Teilnahme an WCF Ringen,<\/li><li>durch ihre Platzierung in WCF Ringen und die Anzahl der geschlagenen Katzen in diesem Ring.<\/li><\/ol><p>2. Die Showresultate m\u00fcssen sp\u00e4testens bis zum 15. Januar des Folgejahres an Best Cat \u00fcbermittelt werden; <br \/>ansonsten werden sie nicht ber\u00fccksichtigt.<\/p><p>3. Bis zum 1. April des Folgejahres werden die Endergebnisse des Vorjahres ver\u00f6ffentlicht.<\/p><p>4. Bis sp\u00e4testens Ende Mai des Folgejahres findet die WCF Cat Olimpia statt, auf der die Sieger <br \/>gem\u00e4\u00df den folgenden Kategorien ausgezeichnet werden.<\/p>\t\t\t\t\t\t\t\t<\/div>\n\t\t\t\t<\/div>\n\t\t\t\t\t<\/div>\n\t\t<\/div>\n\t\t\t\t\t<\/div>\n\t\t<\/section>\n\t\t\t\t<section class=\"elementor-section elementor-top-section elementor-element elementor-element-3339b485 elementor-section-full_width elementor-section-height-default elementor-section-height-default\" data-id=\"3339b485\" data-element_type=\"section\" data-e-type=\"section\">\n\t\t\t\t\t\t<div class=\"elementor-container elementor-column-gap-default\">\n\t\t\t\t\t<div class=\"elementor-column elementor-col-100 elementor-top-column elementor-element elementor-element-7cf10892\" data-id=\"7cf10892\" data-element_type=\"column\" data-e-type=\"column\">\n\t\t\t<div class=\"elementor-widget-wrap elementor-element-populated\">\n\t\t\t\t\t\t<div class=\"elementor-element elementor-element-20b6f434 elementor-widget elementor-widget-heading\" data-id=\"20b6f434\" data-element_type=\"widget\" data-e-type=\"widget\" data-widget_type=\"heading.default\">\n\t\t\t\t<div class=\"elementor-widget-container\">\n\t\t\t\t\t<h2 class=\"elementor-heading-title elementor-size-default\">WCF Best Cat World Winner (WW)<\/h2>\t\t\t\t<\/div>\n\t\t\t\t<\/div>\n\t\t\t\t<div class=\"elementor-element elementor-element-53415867 elementor-widget elementor-widget-text-editor\" data-id=\"53415867\" data-element_type=\"widget\" data-e-type=\"widget\" data-widget_type=\"text-editor.default\">\n\t\t\t\t<div class=\"elementor-widget-container\">\n\t\t\t\t\t\t\t\t\t<p>1.\u201310. Platz in jeder Kategorie<\/p><ol><li>Erwachsene<\/li><li>Ehrenklasse Erwachsene<\/li><li>Kastraten<\/li><li>Ehrenklasse Kastraten<\/li><li>Alle Kitten\/Junioren<\/li><li>Veteranen<\/li><li>Hauskatzen<\/li><\/ol>\t\t\t\t\t\t\t\t<\/div>\n\t\t\t\t<\/div>\n\t\t\t\t\t<\/div>\n\t\t<\/div>\n\t\t\t\t\t<\/div>\n\t\t<\/section>\n\t\t\t\t<section class=\"elementor-section elementor-top-section elementor-element elementor-element-5ccce7de elementor-section-full_width elementor-section-height-default elementor-section-height-default\" data-id=\"5ccce7de\" data-element_type=\"section\" data-e-type=\"section\">\n\t\t\t\t\t\t<div class=\"elementor-container elementor-column-gap-default\">\n\t\t\t\t\t<div class=\"elementor-column elementor-col-100 elementor-top-column elementor-element elementor-element-7871094f\" data-id=\"7871094f\" data-element_type=\"column\" data-e-type=\"column\">\n\t\t\t<div class=\"elementor-widget-wrap elementor-element-populated\">\n\t\t\t\t\t\t<div class=\"elementor-element elementor-element-5a90b135 elementor-widget elementor-widget-heading\" data-id=\"5a90b135\" data-element_type=\"widget\" data-e-type=\"widget\" data-widget_type=\"heading.default\">\n\t\t\t\t<div class=\"elementor-widget-container\">\n\t\t\t\t\t<h2 class=\"elementor-heading-title elementor-size-default\">WCF Best Cat National Winner (NW)<\/h2>\t\t\t\t<\/div>\n\t\t\t\t<\/div>\n\t\t\t\t<div class=\"elementor-element elementor-element-31f44890 elementor-widget elementor-widget-text-editor\" data-id=\"31f44890\" data-element_type=\"widget\" data-e-type=\"widget\" data-widget_type=\"text-editor.default\">\n\t\t\t\t<div class=\"elementor-widget-container\">\n\t\t\t\t\t\t\t\t\t<p>1. \u20133. Platz jedes Landes in den folgenden Kategorien:<\/p><ol><li>Erwachsene<\/li><li>Ehrenklasse Erwachsene<\/li><li>Kastraten<\/li><li>Ehrenklasse Kastraten<\/li><li>Alle Kitten\/Junioren<\/li><li>Veteranen<\/li><li>Hauskatzen<\/li><\/ol>\t\t\t\t\t\t\t\t<\/div>\n\t\t\t\t<\/div>\n\t\t\t\t\t<\/div>\n\t\t<\/div>\n\t\t\t\t\t<\/div>\n\t\t<\/section>\n\t\t\t\t<section class=\"elementor-section elementor-top-section elementor-element elementor-element-553607d8 elementor-section-full_width elementor-section-height-default elementor-section-height-default\" data-id=\"553607d8\" data-element_type=\"section\" data-e-type=\"section\">\n\t\t\t\t\t\t<div class=\"elementor-container elementor-column-gap-default\">\n\t\t\t\t\t<div class=\"elementor-column elementor-col-100 elementor-top-column elementor-element elementor-element-54dc7f81\" data-id=\"54dc7f81\" data-element_type=\"column\" data-e-type=\"column\">\n\t\t\t<div class=\"elementor-widget-wrap elementor-element-populated\">\n\t\t\t\t\t\t<div class=\"elementor-element elementor-element-34aaf9c2 elementor-widget elementor-widget-heading\" data-id=\"34aaf9c2\" data-element_type=\"widget\" data-e-type=\"widget\" data-widget_type=\"heading.default\">\n\t\t\t\t<div class=\"elementor-widget-container\">\n\t\t\t\t\t<h2 class=\"elementor-heading-title elementor-size-default\">WCF Best Cat Breed Winner (BW)<\/h2>\t\t\t\t<\/div>\n\t\t\t\t<\/div>\n\t\t\t\t<div class=\"elementor-element elementor-element-3b341450 elementor-widget elementor-widget-text-editor\" data-id=\"3b341450\" data-element_type=\"widget\" data-e-type=\"widget\" data-widget_type=\"text-editor.default\">\n\t\t\t\t<div class=\"elementor-widget-container\">\n\t\t\t\t\t\t\t\t\t<p>1. \u20133. Platz jeder Rasse in den folgenden Kategorien<\/p><ol><li>Erwachsene<\/li><li>Ehrenklasse Erwachsene<\/li><li>Kastraten<\/li><li>Ehrenklasse Kastraten<\/li><li>Alle Kitten\/Junioren<\/li><li>Veteranen<\/li><li>Hauskatzen<\/li><\/ol>\t\t\t\t\t\t\t\t<\/div>\n\t\t\t\t<\/div>\n\t\t\t\t\t<\/div>\n\t\t<\/div>\n\t\t\t\t\t<\/div>\n\t\t<\/section>\n\t\t\t\t<section class=\"elementor-section elementor-top-section elementor-element elementor-element-6119e162 elementor-section-full_width elementor-section-height-default elementor-section-height-default\" data-id=\"6119e162\" data-element_type=\"section\" data-e-type=\"section\">\n\t\t\t\t\t\t<div class=\"elementor-container elementor-column-gap-default\">\n\t\t\t\t\t<div class=\"elementor-column elementor-col-100 elementor-top-column elementor-element elementor-element-3db6a70f\" data-id=\"3db6a70f\" data-element_type=\"column\" data-e-type=\"column\">\n\t\t\t<div class=\"elementor-widget-wrap elementor-element-populated\">\n\t\t\t\t\t\t<div class=\"elementor-element elementor-element-13655809 elementor-widget elementor-widget-heading\" data-id=\"13655809\" data-element_type=\"widget\" data-e-type=\"widget\" data-widget_type=\"heading.default\">\n\t\t\t\t<div class=\"elementor-widget-container\">\n\t\t\t\t\t<h2 class=\"elementor-heading-title elementor-size-default\">Hinweis:<br>\nKeine Kombination  \u201eNational Breed Winner\u201c<\/h2>\t\t\t\t<\/div>\n\t\t\t\t<\/div>\n\t\t\t\t<div class=\"elementor-element elementor-element-73613025 elementor-widget elementor-widget-text-editor\" data-id=\"73613025\" data-element_type=\"widget\" data-e-type=\"widget\" data-widget_type=\"text-editor.default\">\n\t\t\t\t<div class=\"elementor-widget-container\">\n\t\t\t\t\t\t\t\t\t<p>Die WCF vergibt die Titel National Winner (NW) und Breed Winner (BW) als zwei voneinander unabh\u00e4ngige Wertungen. <br \/>Es gibt keinen kombinierten Titel \u201eNational Breed Winner\u201c (z. B. \u201eBest Maine Coon of Germany\u201c). <br \/>Die nationale Wertung erfolgt pro Land \u00fcber alle Rassen, die rassespezifische Wertung erfolgt weltweit innerhalb der jeweiligen Rasse. <br \/>Eine Kombination beider Systeme ist nicht vorgesehen.<\/p>\t\t\t\t\t\t\t\t<\/div>\n\t\t\t\t<\/div>\n\t\t\t\t\t<\/div>\n\t\t<\/div>\n\t\t\t\t\t<\/div>\n\t\t<\/section>\n\t\t\t\t<section class=\"elementor-section elementor-top-section elementor-element elementor-element-41a49db0 elementor-section-full_width elementor-section-height-default elementor-section-height-default\" data-id=\"41a49db0\" data-element_type=\"section\" data-e-type=\"section\">\n\t\t\t\t\t\t<div class=\"elementor-container elementor-column-gap-default\">\n\t\t\t\t\t<div class=\"elementor-column elementor-col-100 elementor-top-column elementor-element elementor-element-df8ab7b\" data-id=\"df8ab7b\" data-element_type=\"column\" data-e-type=\"column\">\n\t\t\t<div class=\"elementor-widget-wrap elementor-element-populated\">\n\t\t\t\t\t\t<div class=\"elementor-element elementor-element-71894288 elementor-widget elementor-widget-heading\" data-id=\"71894288\" data-element_type=\"widget\" data-e-type=\"widget\" data-widget_type=\"heading.default\">\n\t\t\t\t<div class=\"elementor-widget-container\">\n\t\t\t\t\t<h2 class=\"elementor-heading-title elementor-size-default\">KORREKTUR VON SHOWRESULTATEN<\/h2>\t\t\t\t<\/div>\n\t\t\t\t<\/div>\n\t\t\t\t<div class=\"elementor-element elementor-element-772b4e35 elementor-widget elementor-widget-text-editor\" data-id=\"772b4e35\" data-element_type=\"widget\" data-e-type=\"widget\" data-widget_type=\"text-editor.default\">\n\t\t\t\t<div class=\"elementor-widget-container\">\n\t\t\t\t\t\t\t\t\t<p>WCF e. V. \/ WCF Best Cat beh\u00e4lt sich das Recht vor, eingetragene Ergebnisse jederzeit aufgrund der eingereichten Showdokumente (Titelzertifikate) zu korrigieren, jedoch nicht sp\u00e4ter als bis zum 28. Februar des Folgejahres. <br \/>Dies umfasst Korrekturen wegen falscher Titel, nicht anerkannter Farben\/Rassen oder Verst\u00f6\u00dfen gegen die Titelprogression <br \/>(Titelpunkte nicht in der korrekten Rheinfolge errungen). <br \/>Solche Korrekturen erfordern kein Disziplinarverfahren, es sei denn, es liegt nachweislich vors\u00e4tzlicher Betrug vor.<\/p><p>Der WCF Best Cat Support nimmt keine manuelle Eingabe einzelner Showresultate in das System vor; <br \/>dies liegt vollst\u00e4ndig in der Verantwortung des ausrichtenden Klubs.<\/p>\t\t\t\t\t\t\t\t<\/div>\n\t\t\t\t<\/div>\n\t\t\t\t\t<\/div>\n\t\t<\/div>\n\t\t\t\t\t<\/div>\n\t\t<\/section>\n\t\t\t\t<section class=\"elementor-section elementor-top-section elementor-element elementor-element-1b705c95 elementor-section-full_width elementor-section-height-default elementor-section-height-default\" data-id=\"1b705c95\" data-element_type=\"section\" data-e-type=\"section\">\n\t\t\t\t\t\t<div class=\"elementor-container elementor-column-gap-default\">\n\t\t\t\t\t<div class=\"elementor-column elementor-col-100 elementor-top-column elementor-element elementor-element-6a0639bb\" data-id=\"6a0639bb\" data-element_type=\"column\" data-e-type=\"column\">\n\t\t\t<div class=\"elementor-widget-wrap elementor-element-populated\">\n\t\t\t\t\t\t<div class=\"elementor-element elementor-element-6f41f874 elementor-widget elementor-widget-heading\" data-id=\"6f41f874\" data-element_type=\"widget\" data-e-type=\"widget\" data-widget_type=\"heading.default\">\n\t\t\t\t<div class=\"elementor-widget-container\">\n\t\t\t\t\t<h2 class=\"elementor-heading-title elementor-size-default\">BETRUG \/ MANIPULATION<\/h2>\t\t\t\t<\/div>\n\t\t\t\t<\/div>\n\t\t\t\t<div class=\"elementor-element elementor-element-3400a1bb elementor-widget elementor-widget-text-editor\" data-id=\"3400a1bb\" data-element_type=\"widget\" data-e-type=\"widget\" data-widget_type=\"text-editor.default\">\n\t\t\t\t<div class=\"elementor-widget-container\">\n\t\t\t\t\t\t\t\t\t<p>WCF e. V. \/ WCF Best Cat beh\u00e4lt sich das Recht vor, bei offensichtlichem Betrug oder Manipulation der Rangliste Ma\u00dfnahmen\/Sanktionen <br \/>zu ergreifen und in schwerwiegenden F\u00e4llen Aussteller\/Katzen aus der Rangliste zu entfernen. <br \/>Dies erfolgt in Abstimmung mit dem WCF-Vorstand und dem\/der Vorsitzenden der WCF Ausstellungskommission.<\/p>\t\t\t\t\t\t\t\t<\/div>\n\t\t\t\t<\/div>\n\t\t\t\t\t<\/div>\n\t\t<\/div>\n\t\t\t\t\t<\/div>\n\t\t<\/section>\n\t\t\t\t<\/div>\n\t\t","protected":false},"excerpt":{"rendered":"<p>BEDINGUNGEN F\u00dcR DIE TEILNAHME AN WCF BEST CAT g\u00fcltig ab 01.01.2026 Download ALLGEMEINES WCF Best Cat ist verf\u00fcgbar f\u00fcr folgende Kategorien: Erwachsene Ehrenklasse Erwachsene (WCH-Titelzertifikat ist verpflichtend f\u00fcr die Teilnahme) Kastraten Ehrenklasse Kastraten (WPR-Titelzertifikat ist verpflichtend f\u00fcr die Teilnahme) Alle Kitten\/Junioren von 3\u201310 Monaten Veteranen Hauskatzen (Langhaar and Kurzhaar konkurrieren zusammen) Anmerkung:Ehrenklasse Erwachsene und Ehrenklasse [&hellip;]<\/p>\n","protected":false},"author":2,"featured_media":0,"parent":0,"menu_order":0,"comment_status":"closed","ping_status":"closed","template":"","meta":{"_monsterinsights_skip_tracking":false,"_monsterinsights_sitenote_active":false,"_monsterinsights_sitenote_note":"","_monsterinsights_sitenote_category":0,"footnotes":""},"class_list":["post-5036","page","type-page","status-publish","hentry"],"aioseo_notices":[],"_links":{"self":[{"href":"https:\/\/wcf.de\/de\/wp-json\/wp\/v2\/pages\/5036","targetHints":{"allow":["GET"]}}],"collection":[{"href":"https:\/\/wcf.de\/de\/wp-json\/wp\/v2\/pages"}],"about":[{"href":"https:\/\/wcf.de\/de\/wp-json\/wp\/v2\/types\/page"}],"author":[{"embeddable":true,"href":"https:\/\/wcf.de\/de\/wp-json\/wp\/v2\/users\/2"}],"replies":[{"embeddable":true,"href":"https:\/\/wcf.de\/de\/wp-json\/wp\/v2\/comments?post=5036"}],"version-history":[{"count":58,"href":"https:\/\/wcf.de\/de\/wp-json\/wp\/v2\/pages\/5036\/revisions"}],"predecessor-version":[{"id":14590,"href":"https:\/\/wcf.de\/de\/wp-json\/wp\/v2\/pages\/5036\/revisions\/14590"}],"wp:attachment":[{"href":"https:\/\/wcf.de\/de\/wp-json\/wp\/v2\/media?parent=5036"}],"curies":[{"name":"wp","href":"https:\/\/api.w.org\/{rel}","templated":true}]}}