{"id":5378,"date":"2021-05-06T12:25:19","date_gmt":"2021-05-06T12:25:19","guid":{"rendered":"https:\/\/de6.wcf-test.de\/?page_id=5378"},"modified":"2021-12-19T15:15:33","modified_gmt":"2021-12-19T15:15:33","slug":"ethikkodex-fuer-zuechter","status":"publish","type":"page","link":"https:\/\/wcf.de\/de\/ethikkodex-fuer-zuechter\/","title":{"rendered":"Ethikkodex f\u00fcr Z\u00fcchter"},"content":{"rendered":"\t\t<div data-elementor-type=\"wp-page\" data-elementor-id=\"5378\" class=\"elementor elementor-5378\" data-elementor-post-type=\"page\">\n\t\t\t\t\t\t<section class=\"elementor-section elementor-top-section elementor-element elementor-element-5e9bf359 elementor-section-full_width elementor-section-height-default elementor-section-height-default\" data-id=\"5e9bf359\" data-element_type=\"section\" data-e-type=\"section\">\n\t\t\t\t\t\t<div class=\"elementor-container elementor-column-gap-default\">\n\t\t\t\t\t<div class=\"elementor-column elementor-col-100 elementor-top-column elementor-element elementor-element-afc65fd\" data-id=\"afc65fd\" data-element_type=\"column\" data-e-type=\"column\">\n\t\t\t<div class=\"elementor-widget-wrap elementor-element-populated\">\n\t\t\t\t\t\t<div class=\"elementor-element elementor-element-91c6092 elementor-widget elementor-widget-heading\" data-id=\"91c6092\" data-element_type=\"widget\" data-e-type=\"widget\" data-widget_type=\"heading.default\">\n\t\t\t\t<div class=\"elementor-widget-container\">\n\t\t\t\t\t<h5 class=\"elementor-heading-title elementor-size-large\">ETHIKKODEX F\u00dcR Z\u00dcCHTER<br><br>Rahmenbedingungen f\u00fcr die Haltung und Zucht von Katzen\n<\/h5>\t\t\t\t<\/div>\n\t\t\t\t<\/div>\n\t\t\t\t\t<\/div>\n\t\t<\/div>\n\t\t\t\t\t<\/div>\n\t\t<\/section>\n\t\t\t\t<section class=\"elementor-section elementor-top-section elementor-element elementor-element-2939166 elementor-section-full_width elementor-section-height-default elementor-section-height-default\" data-id=\"2939166\" data-element_type=\"section\" data-e-type=\"section\">\n\t\t\t\t\t\t<div class=\"elementor-container elementor-column-gap-default\">\n\t\t\t\t\t<div class=\"elementor-column elementor-col-100 elementor-top-column elementor-element elementor-element-1ad2750\" data-id=\"1ad2750\" data-element_type=\"column\" data-e-type=\"column\">\n\t\t\t<div class=\"elementor-widget-wrap elementor-element-populated\">\n\t\t\t\t\t\t<div class=\"elementor-element elementor-element-3e75381 elementor-widget elementor-widget-text-editor\" data-id=\"3e75381\" data-element_type=\"widget\" data-e-type=\"widget\" data-widget_type=\"text-editor.default\">\n\t\t\t\t<div class=\"elementor-widget-container\">\n\t\t\t\t\t\t\t\t\t<p><strong>Rahmenbedingungen<br \/><\/strong>Aufgrund der unterschiedlichen Gesetzeslage in den Mitgliedsl\u00e4ndern k\u00f6nnen wir nur Rahmenbedingungen vorgeben, deren Einhaltung durch die Mitgliedsverb\u00e4nde \u00fcberwacht wird.<\/p><p><strong>Landeseigene Gesetze<\/strong><br \/>Katzenhalter und Katzenz\u00fcchter, die \u00fcber ihren Katzenklub der WCF angeschlossen sind, haben sich an die in ihrem Land g\u00fcltigen Gesetze und Vorschriften im Umgang mit Wirbeltieren zu halten.<\/p><p><strong>Pflege, Haltung, Tierarzt<br \/><\/strong>Dazu geh\u00f6rt die geeignete F\u00fctterung, Pflege und gesundheitliche Versorgung der Katzen. Katzen, die Krankheitszeichen aufweisen, sind unverz\u00fcglich einem Veterin\u00e4r vorzustellen. <br \/>Dies ist als Mindestanforderung zu betrachten.<\/p><p><strong>Zucht- und Haltungsrichtlinien<br \/><\/strong>Jeder Mitgliedsverband hat seinen Mitgliedern detaillierte Zucht- und Haltungsrichtlinien vorzugeben, die den jeweiligen Gegebenheiten des Landes entsprechen.<\/p><p><strong>Grunds\u00e4tzlich ist darin folgendes festzulegen:<\/strong><br \/>Weibliche Tiere d\u00fcrfen maximal zweimal im Jahr geb\u00e4ren (min. 3 Monate zwischen den W\u00fcrfen). <br \/>Idealerweise sollte eine Katze nur einmal im Jahr Junge zur Welt bringen.<\/p><p><strong>Abgabe von Jungtieren<br \/><\/strong>Junge K\u00e4tzchen d\u00fcrfen nicht vor der zw\u00f6lften Woche von Mutter und Geschwistern getrennt werden. <br \/>Zur Zeit der Abgabe muss das K\u00e4tzchen entw\u00f6hnt, entwurmt und mit den n\u00f6tigen Impfungen ausgestattet sein. <br \/>Das Kennzeichnen der Jungtiere durch Mikrochip wird dringend empfohlen.<\/p><p><strong>Registrierung, Vertrag<br \/><\/strong>Jedes bei einem WCF-Mitglied geborene Jungtier ist zu registrieren und darf nicht ohne Stammbaum <br \/>abgegeben werden. <br \/>Die Abgabe des Jungtieres ist durch einen Vertrag zu dokumentieren. <br \/>Mit dem Vertrag hat der Z\u00fcchter den neuen Besitzer der Katze \u00fcber deren Bed\u00fcrfnisse zu unterrichten.<br \/>Der Z\u00fcchter soll dem neuen Besitzer helfend zur Seite stehen.<\/p>\t\t\t\t\t\t\t\t<\/div>\n\t\t\t\t<\/div>\n\t\t\t\t\t<\/div>\n\t\t<\/div>\n\t\t\t\t\t<\/div>\n\t\t<\/section>\n\t\t\t\t<\/div>\n\t\t","protected":false},"excerpt":{"rendered":"<p>ETHIKKODEX F\u00dcR Z\u00dcCHTER Rahmenbedingungen f\u00fcr die Haltung und Zucht von Katzen Rahmenbedingungen Aufgrund der unterschiedlichen Gesetzeslage in den Mitgliedsl\u00e4ndern k\u00f6nnen wir nur Rahmenbedingungen vorgeben, deren Einhaltung durch die Mitgliedsverb\u00e4nde \u00fcberwacht wird. Landeseigene Gesetze Katzenhalter und Katzenz\u00fcchter, die \u00fcber ihren Katzenklub der WCF angeschlossen sind, haben sich an die in ihrem Land g\u00fcltigen Gesetze und Vorschriften [&hellip;]<\/p>\n","protected":false},"author":2,"featured_media":0,"parent":0,"menu_order":0,"comment_status":"closed","ping_status":"closed","template":"","meta":{"_monsterinsights_skip_tracking":false,"_monsterinsights_sitenote_active":false,"_monsterinsights_sitenote_note":"","_monsterinsights_sitenote_category":0,"footnotes":""},"class_list":["post-5378","page","type-page","status-publish","hentry"],"aioseo_notices":[],"_links":{"self":[{"href":"https:\/\/wcf.de\/de\/wp-json\/wp\/v2\/pages\/5378","targetHints":{"allow":["GET"]}}],"collection":[{"href":"https:\/\/wcf.de\/de\/wp-json\/wp\/v2\/pages"}],"about":[{"href":"https:\/\/wcf.de\/de\/wp-json\/wp\/v2\/types\/page"}],"author":[{"embeddable":true,"href":"https:\/\/wcf.de\/de\/wp-json\/wp\/v2\/users\/2"}],"replies":[{"embeddable":true,"href":"https:\/\/wcf.de\/de\/wp-json\/wp\/v2\/comments?post=5378"}],"version-history":[{"count":20,"href":"https:\/\/wcf.de\/de\/wp-json\/wp\/v2\/pages\/5378\/revisions"}],"predecessor-version":[{"id":12112,"href":"https:\/\/wcf.de\/de\/wp-json\/wp\/v2\/pages\/5378\/revisions\/12112"}],"wp:attachment":[{"href":"https:\/\/wcf.de\/de\/wp-json\/wp\/v2\/media?parent=5378"}],"curies":[{"name":"wp","href":"https:\/\/api.w.org\/{rel}","templated":true}]}}