{"id":6155,"date":"2021-05-16T09:53:05","date_gmt":"2021-05-16T09:53:05","guid":{"rendered":"https:\/\/de6.wcf-test.de\/?page_id=6155"},"modified":"2021-12-19T13:32:00","modified_gmt":"2021-12-19T13:32:00","slug":"world-cat-congress-miami-2014","status":"publish","type":"page","link":"https:\/\/wcf.de\/de\/world-cat-congress-miami-2014\/","title":{"rendered":"World Cat Congress Miami 2014"},"content":{"rendered":"\t\t<div data-elementor-type=\"wp-page\" data-elementor-id=\"6155\" class=\"elementor elementor-6155\" data-elementor-post-type=\"page\">\n\t\t\t\t\t\t<section class=\"elementor-section elementor-top-section elementor-element elementor-element-7d9f9fb0 elementor-section-full_width elementor-section-height-default elementor-section-height-default\" data-id=\"7d9f9fb0\" data-element_type=\"section\" data-e-type=\"section\">\n\t\t\t\t\t\t<div class=\"elementor-container elementor-column-gap-default\">\n\t\t\t\t\t<div class=\"elementor-column elementor-col-100 elementor-top-column elementor-element elementor-element-1fdbe905\" data-id=\"1fdbe905\" data-element_type=\"column\" data-e-type=\"column\">\n\t\t\t<div class=\"elementor-widget-wrap elementor-element-populated\">\n\t\t\t\t\t\t<div class=\"elementor-element elementor-element-7b67b9dc elementor-widget elementor-widget-heading\" data-id=\"7b67b9dc\" data-element_type=\"widget\" data-e-type=\"widget\" data-widget_type=\"heading.default\">\n\t\t\t\t<div class=\"elementor-widget-container\">\n\t\t\t\t\t<h5 class=\"elementor-heading-title elementor-size-large\">WORLD CAT CONGRESS MIAMI 2014<\/h5>\t\t\t\t<\/div>\n\t\t\t\t<\/div>\n\t\t\t\t\t<\/div>\n\t\t<\/div>\n\t\t\t\t\t<\/div>\n\t\t<\/section>\n\t\t\t\t<section class=\"elementor-section elementor-top-section elementor-element elementor-element-5c56abc3 elementor-section-full_width elementor-section-height-default elementor-section-height-default\" data-id=\"5c56abc3\" data-element_type=\"section\" data-e-type=\"section\">\n\t\t\t\t\t\t<div class=\"elementor-container elementor-column-gap-default\">\n\t\t\t\t\t<div class=\"elementor-column elementor-col-100 elementor-top-column elementor-element elementor-element-6129c41c\" data-id=\"6129c41c\" data-element_type=\"column\" data-e-type=\"column\">\n\t\t\t<div class=\"elementor-widget-wrap elementor-element-populated\">\n\t\t\t\t\t\t<div class=\"elementor-element elementor-element-379fe567 elementor-widget elementor-widget-text-editor\" data-id=\"379fe567\" data-element_type=\"widget\" data-e-type=\"widget\" data-widget_type=\"text-editor.default\">\n\t\t\t\t<div class=\"elementor-widget-container\">\n\t\t\t\t\t\t\t\t\t\n<p>Der WCC fand vom 6.-10. M\u00e4rz in Miami \/ USA statt.Gastgeber war die TICA.<br \/>Es war ein gelungener Kongre\u00df mit Seminaren \u00fcber die TICA Thai Katzen, neue Erkenntnisse in der Genetik und Gesundheitsvorsorge der Katzen und einer sehr sch\u00f6nen Ausstellung mit 12 Ringen.<\/p>\n<p>Auf dem Treffen der delegierten der 9 Mitgliedsverb\u00e4nde wurde beschlossen, die Open-Door Politik weiter zu betreiben und zu intensivieren. <br \/>Dazu wird sich der WCF Vorstand im Sommer mit dem Vorstand der FIFE austauschen. <br \/>Der EMS code, der in vielen unserer Mitgliedsvereine bereits genutzt wird, ist nun auch in der GCCF in England anerkannt. <br \/>So r\u00fcckt die Katzenwelt wieder etwas enger zusammen.<\/p>\n<p>Au\u00dferdem hat die WCF den Zuschlag bekommen den World Cat Congress 2016 auszurichten, wor\u00fcber wir uns freuen d\u00fcrfen, finden doch dort auch wieder offene Seminare f\u00fcr interessierte Z\u00fcchter und Richter statt. <br \/>Die WcF Olimpia mit der Pr\u00e4sentation der Best Cat wird dann mit den internationalen Richtern des WCC durchgef\u00fchrt, was ein ganz besonderes Highlight ist.<\/p>\n\t\t\t\t\t\t\t\t<\/div>\n\t\t\t\t<\/div>\n\t\t\t\t\t<\/div>\n\t\t<\/div>\n\t\t\t\t\t<\/div>\n\t\t<\/section>\n\t\t\t\t<section class=\"elementor-section elementor-top-section elementor-element elementor-element-5271cdd6 elementor-section-full_width elementor-section-height-default elementor-section-height-default\" data-id=\"5271cdd6\" data-element_type=\"section\" data-e-type=\"section\">\n\t\t\t\t\t\t<div class=\"elementor-container elementor-column-gap-default\">\n\t\t\t\t\t<div class=\"elementor-column elementor-col-33 elementor-top-column elementor-element elementor-element-640099dd\" data-id=\"640099dd\" data-element_type=\"column\" data-e-type=\"column\">\n\t\t\t<div class=\"elementor-widget-wrap elementor-element-populated\">\n\t\t\t\t\t\t<div class=\"elementor-element elementor-element-679ab087 elementor-widget elementor-widget-image\" data-id=\"679ab087\" data-element_type=\"widget\" data-e-type=\"widget\" data-widget_type=\"image.default\">\n\t\t\t\t<div class=\"elementor-widget-container\">\n\t\t\t\t\t\t\t\t\t\t\t\t\t\t\t<img fetchpriority=\"high\" decoding=\"async\" width=\"400\" height=\"300\" src=\"https:\/\/wcf.de\/de\/wp-content\/uploads\/sites\/9\/2021\/05\/seminar_6.jpg\" class=\"attachment-large size-large wp-image-6168\" alt=\"\" srcset=\"https:\/\/wcf.de\/de\/wp-content\/uploads\/sites\/9\/2021\/05\/seminar_6.jpg 400w, https:\/\/wcf.de\/de\/wp-content\/uploads\/sites\/9\/2021\/05\/seminar_6-300x225.jpg 300w\" sizes=\"(max-width: 400px) 100vw, 400px\" \/>\t\t\t\t\t\t\t\t\t\t\t\t\t\t\t<\/div>\n\t\t\t\t<\/div>\n\t\t\t\t\t<\/div>\n\t\t<\/div>\n\t\t\t\t<div class=\"elementor-column elementor-col-33 elementor-top-column elementor-element elementor-element-4e1cb64c\" data-id=\"4e1cb64c\" data-element_type=\"column\" data-e-type=\"column\">\n\t\t\t<div class=\"elementor-widget-wrap elementor-element-populated\">\n\t\t\t\t\t\t<div class=\"elementor-element elementor-element-32518220 elementor-widget elementor-widget-image\" data-id=\"32518220\" data-element_type=\"widget\" data-e-type=\"widget\" data-widget_type=\"image.default\">\n\t\t\t\t<div class=\"elementor-widget-container\">\n\t\t\t\t\t\t\t\t\t\t\t\t\t\t\t<img decoding=\"async\" width=\"400\" height=\"300\" src=\"https:\/\/wcf.de\/de\/wp-content\/uploads\/sites\/9\/2021\/05\/seminar_7.jpg\" class=\"attachment-large size-large wp-image-6169\" alt=\"\" srcset=\"https:\/\/wcf.de\/de\/wp-content\/uploads\/sites\/9\/2021\/05\/seminar_7.jpg 400w, https:\/\/wcf.de\/de\/wp-content\/uploads\/sites\/9\/2021\/05\/seminar_7-300x225.jpg 300w\" sizes=\"(max-width: 400px) 100vw, 400px\" \/>\t\t\t\t\t\t\t\t\t\t\t\t\t\t\t<\/div>\n\t\t\t\t<\/div>\n\t\t\t\t\t<\/div>\n\t\t<\/div>\n\t\t\t\t<div class=\"elementor-column elementor-col-33 elementor-top-column elementor-element elementor-element-616219cc\" data-id=\"616219cc\" data-element_type=\"column\" data-e-type=\"column\">\n\t\t\t<div class=\"elementor-widget-wrap elementor-element-populated\">\n\t\t\t\t\t\t<div class=\"elementor-element elementor-element-4c51808d elementor-widget elementor-widget-image\" data-id=\"4c51808d\" data-element_type=\"widget\" data-e-type=\"widget\" data-widget_type=\"image.default\">\n\t\t\t\t<div class=\"elementor-widget-container\">\n\t\t\t\t\t\t\t\t\t\t\t\t\t\t\t<img decoding=\"async\" width=\"400\" height=\"300\" src=\"https:\/\/wcf.de\/de\/wp-content\/uploads\/sites\/9\/2021\/05\/seminar_8.jpg\" class=\"attachment-large size-large wp-image-6170\" alt=\"\" srcset=\"https:\/\/wcf.de\/de\/wp-content\/uploads\/sites\/9\/2021\/05\/seminar_8.jpg 400w, https:\/\/wcf.de\/de\/wp-content\/uploads\/sites\/9\/2021\/05\/seminar_8-300x225.jpg 300w\" sizes=\"(max-width: 400px) 100vw, 400px\" \/>\t\t\t\t\t\t\t\t\t\t\t\t\t\t\t<\/div>\n\t\t\t\t<\/div>\n\t\t\t\t\t<\/div>\n\t\t<\/div>\n\t\t\t\t\t<\/div>\n\t\t<\/section>\n\t\t\t\t<\/div>\n\t\t","protected":false},"excerpt":{"rendered":"<p>WORLD CAT CONGRESS MIAMI 2014 Der WCC fand vom 6.-10. M\u00e4rz in Miami \/ USA statt.Gastgeber war die TICA.Es war ein gelungener Kongre\u00df mit Seminaren \u00fcber die TICA Thai Katzen, neue Erkenntnisse in der Genetik und Gesundheitsvorsorge der Katzen und einer sehr sch\u00f6nen Ausstellung mit 12 Ringen. Auf dem Treffen der delegierten der 9 Mitgliedsverb\u00e4nde [&hellip;]<\/p>\n","protected":false},"author":2,"featured_media":0,"parent":0,"menu_order":0,"comment_status":"closed","ping_status":"closed","template":"","meta":{"_monsterinsights_skip_tracking":false,"_monsterinsights_sitenote_active":false,"_monsterinsights_sitenote_note":"","_monsterinsights_sitenote_category":0,"footnotes":""},"class_list":["post-6155","page","type-page","status-publish","hentry"],"aioseo_notices":[],"_links":{"self":[{"href":"https:\/\/wcf.de\/de\/wp-json\/wp\/v2\/pages\/6155","targetHints":{"allow":["GET"]}}],"collection":[{"href":"https:\/\/wcf.de\/de\/wp-json\/wp\/v2\/pages"}],"about":[{"href":"https:\/\/wcf.de\/de\/wp-json\/wp\/v2\/types\/page"}],"author":[{"embeddable":true,"href":"https:\/\/wcf.de\/de\/wp-json\/wp\/v2\/users\/2"}],"replies":[{"embeddable":true,"href":"https:\/\/wcf.de\/de\/wp-json\/wp\/v2\/comments?post=6155"}],"version-history":[{"count":8,"href":"https:\/\/wcf.de\/de\/wp-json\/wp\/v2\/pages\/6155\/revisions"}],"predecessor-version":[{"id":11847,"href":"https:\/\/wcf.de\/de\/wp-json\/wp\/v2\/pages\/6155\/revisions\/11847"}],"wp:attachment":[{"href":"https:\/\/wcf.de\/de\/wp-json\/wp\/v2\/media?parent=6155"}],"curies":[{"name":"wp","href":"https:\/\/api.w.org\/{rel}","templated":true}]}}