{"id":6618,"date":"2021-05-05T08:58:50","date_gmt":"2021-05-05T08:58:50","guid":{"rendered":"https:\/\/de6.wcf-test.de\/?page_id=5274"},"modified":"2025-11-03T14:15:02","modified_gmt":"2025-11-03T14:15:02","slug":"wcf-regionen","status":"publish","type":"page","link":"https:\/\/wcf.de\/de\/wcf-regionen\/","title":{"rendered":"WCF Regionen"},"content":{"rendered":"\t\t<div data-elementor-type=\"wp-page\" data-elementor-id=\"6618\" class=\"elementor elementor-6618\" data-elementor-post-type=\"page\">\n\t\t\t\t\t\t<section class=\"elementor-section elementor-top-section elementor-element elementor-element-46280cfd elementor-section-full_width elementor-section-height-default elementor-section-height-default\" data-id=\"46280cfd\" data-element_type=\"section\" data-e-type=\"section\">\n\t\t\t\t\t\t<div class=\"elementor-container elementor-column-gap-default\">\n\t\t\t\t\t<div class=\"elementor-column elementor-col-100 elementor-top-column elementor-element elementor-element-4563c8d0\" data-id=\"4563c8d0\" data-element_type=\"column\" data-e-type=\"column\">\n\t\t\t<div class=\"elementor-widget-wrap elementor-element-populated\">\n\t\t\t\t\t\t<div class=\"elementor-element elementor-element-194e693c elementor-widget elementor-widget-heading\" data-id=\"194e693c\" data-element_type=\"widget\" data-e-type=\"widget\" data-widget_type=\"heading.default\">\n\t\t\t\t<div class=\"elementor-widget-container\">\n\t\t\t\t\t<h5 class=\"elementor-heading-title elementor-size-large\">WCF REGIONEN<\/h5>\t\t\t\t<\/div>\n\t\t\t\t<\/div>\n\t\t\t\t\t<\/div>\n\t\t<\/div>\n\t\t\t\t\t<\/div>\n\t\t<\/section>\n\t\t\t\t<section class=\"elementor-section elementor-top-section elementor-element elementor-element-6d29a0b3 elementor-section-full_width elementor-section-height-default elementor-section-height-default\" data-id=\"6d29a0b3\" data-element_type=\"section\" data-e-type=\"section\">\n\t\t\t\t\t\t<div class=\"elementor-container elementor-column-gap-default\">\n\t\t\t\t\t<div class=\"elementor-column elementor-col-33 elementor-top-column elementor-element elementor-element-3964990\" data-id=\"3964990\" data-element_type=\"column\" data-e-type=\"column\">\n\t\t\t<div class=\"elementor-widget-wrap elementor-element-populated\">\n\t\t\t\t\t\t<div class=\"elementor-element elementor-element-f48017e elementor-widget elementor-widget-text-editor\" data-id=\"f48017e\" data-element_type=\"widget\" data-e-type=\"widget\" data-widget_type=\"text-editor.default\">\n\t\t\t\t<div class=\"elementor-widget-container\">\n\t\t\t\t\t\t\t\t\t<p><strong>Kontinentalbereiche und Regionen<\/strong><br \/><strong>Appendix 1<\/strong><\/p>\t\t\t\t\t\t\t\t<\/div>\n\t\t\t\t<\/div>\n\t\t\t\t<div class=\"elementor-element elementor-element-74b25be5 elementor-widget elementor-widget-image\" data-id=\"74b25be5\" data-element_type=\"widget\" data-e-type=\"widget\" data-widget_type=\"image.default\">\n\t\t\t\t<div class=\"elementor-widget-container\">\n\t\t\t\t\t\t\t\t\t\t\t\t\t\t\t<img fetchpriority=\"high\" decoding=\"async\" width=\"300\" height=\"200\" src=\"https:\/\/wcf.de\/de\/wp-content\/uploads\/sites\/9\/2021\/06\/weltkarte.jpg\" class=\"attachment-large size-large wp-image-8159\" alt=\"\" \/>\t\t\t\t\t\t\t\t\t\t\t\t\t\t\t<\/div>\n\t\t\t\t<\/div>\n\t\t\t\t\t<\/div>\n\t\t<\/div>\n\t\t\t\t<div class=\"elementor-column elementor-col-66 elementor-top-column elementor-element elementor-element-595d5e9d\" data-id=\"595d5e9d\" data-element_type=\"column\" data-e-type=\"column\">\n\t\t\t<div class=\"elementor-widget-wrap elementor-element-populated\">\n\t\t\t\t\t\t<div class=\"elementor-element elementor-element-417687ca elementor-widget elementor-widget-text-editor\" data-id=\"417687ca\" data-element_type=\"widget\" data-e-type=\"widget\" data-widget_type=\"text-editor.default\">\n\t\t\t\t<div class=\"elementor-widget-container\">\n\t\t\t\t\t\t\t\t\t<p>In jedem der nachfolgend aufgef\u00fchrten 8 Kontinentalbereiche ist es m\u00f6glich, <br \/>mit internationalen Titeln aus mindestens drei L\u00e4ndern die Titel <br \/><strong>Europa Champion \/ Premior und Grand Europa Champion \/ Premior bzw. Continental Champion \/ Premior und Grand Continental Champion \/ Premior<\/strong> <br \/>zu gewinnen. <br \/>F\u00fcr die Titel CACM, CAPM wird ein anderer Kontinentalbereich ben\u00f6tigt.<\/p>\n<p><a href=\"https:\/\/wcf.de\/de\/kontinent-europa\/\"><strong>Kontinentalbereich Europa<\/strong><\/a><\/p>\n<p>in Regionen aufgeteilte L\u00e4nder:<\/p>\n<ul>\n<li><a href=\"https:\/\/wcf.de\/de\/kontinent-asien\/#russia\">Russland<\/a><\/li>\n<li><a href=\"https:\/\/wcf.de\/de\/kontinent-europa\/#ukraine\">Ukraine<\/a><br \/><br \/><\/li>\n<\/ul>\n<p><a href=\"https:\/\/wcf.de\/de\/kontinent-asien\/\"><strong>Kontinentalbereich Asien<\/strong><\/a><\/p>\n<p>in Regionen aufgeteilte L\u00e4nder:<\/p>\n<ul>\n<li><a href=\"https:\/\/wcf.de\/de\/kontinent-asien\/#china\">China<\/a><\/li>\n<li><a href=\"https:\/\/wcf.de\/de\/kontinent-asien\/#indien\">Indien<\/a><\/li>\n<li><a href=\"https:\/\/wcf.de\/de\/kontinent-asien\/#kasach\">Kasachstan<\/a><\/li>\n<li><a href=\"https:\/\/wcf.de\/de\/kontinent-asien\/#russia\">Russland<\/a><\/li>\n<\/ul>\n<p><br \/><a title=\"Kontinent Nahost\" href=\"https:\/\/wcf.de\/de\/kontinent-nahost\/\"><strong>Kontinentalbereich Nahost<\/strong><\/a><\/p>\n<p>in Regionen aufgeteilte L\u00e4nder:<\/p>\n<ul>\n<li><a href=\"https:\/\/wcf.de\/de\/kontinent-nahost\/#israel\">Israel<\/a><\/li>\n<li><a href=\"https:\/\/wcf.de\/de\/kontinent-nahost\/#turkey\">T\u00fcrkei<\/a><\/li>\n<\/ul>\n<p><br \/><a href=\"https:\/\/wcf.de\/de\/kontinent-afrika\/\"><strong>Kontinentalbereich Afrika mit Kanarischen Inseln<\/strong><\/a><\/p>\n<p>in Regionen aufgeteilt:<\/p>\n<ul>\n<li><a href=\"https:\/\/wcf.de\/de\/kontinent-afrika\/#safrika\">Republik S\u00fcdafrika<\/a><\/li>\n<\/ul>\n<p><br \/>Die Kanarischen Inseln sind eine Region Spaniens, siehe dort.<\/p>\n<p>\u00a0<\/p>\n<p><a href=\"https:\/\/wcf.de\/de\/kontinent-australien-ozeanien\/\"><strong>Kontinentalbereich Australien mit Ozeanien<\/strong><\/a><\/p>\n<p>in Regionen aufgeteilte L\u00e4nder:<\/p>\n<ul>\n<li><a href=\"https:\/\/wcf.de\/de\/kontinent-australien-ozeanien\/#austral\">Australien<\/a><\/li>\n<li><a href=\"https:\/\/wcf.de\/de\/kontinent-australien-ozeanien\/#neusee\">Neuseeland<\/a><\/li>\n<\/ul>\n<p><br \/><a href=\"https:\/\/wcf.de\/de\/kontinent-usa\/\"><strong>Kontinentalbereich Nordamerika<\/strong><\/a><\/p>\n<p>in Regionen aufgeteilt:<\/p>\n<ul>\n<li><a href=\"https:\/\/wcf.de\/de\/kontinent-usa\/#usa\">USA<\/a><\/li>\n<\/ul>\n<p><br \/><a href=\"https:\/\/wcf.de\/de\/kontinent-mittelamerika-karibik\/\"><strong>Kontinentalbereich Mittelamerika mit Karibik<\/strong><\/a><\/p>\n<p><br \/><a href=\"https:\/\/wcf.de\/de\/kontinent-suedamerika\/\"><strong>Kontinentalbereich S\u00fcdamerika<\/strong><\/a><\/p>\n<p>in Regionen aufgeteilt:<\/p>\n<ul>\n<li><a href=\"https:\/\/wcf.de\/de\/kontinent-suedamerika\/#brasilia\">Brasilien<\/a><\/li>\n<\/ul>\t\t\t\t\t\t\t\t<\/div>\n\t\t\t\t<\/div>\n\t\t\t\t\t<\/div>\n\t\t<\/div>\n\t\t\t\t\t<\/div>\n\t\t<\/section>\n\t\t\t\t<section class=\"elementor-section elementor-top-section elementor-element elementor-element-2ea39dc elementor-section-full_width elementor-section-height-default elementor-section-height-default\" data-id=\"2ea39dc\" data-element_type=\"section\" data-e-type=\"section\">\n\t\t\t\t\t\t<div class=\"elementor-container elementor-column-gap-default\">\n\t\t\t\t\t<div class=\"elementor-column elementor-col-100 elementor-top-column elementor-element elementor-element-7bf9889\" data-id=\"7bf9889\" data-element_type=\"column\" data-e-type=\"column\">\n\t\t\t<div class=\"elementor-widget-wrap elementor-element-populated\">\n\t\t\t\t\t\t<div class=\"elementor-element elementor-element-d97c8b1 elementor-widget-divider--view-line elementor-widget elementor-widget-divider\" data-id=\"d97c8b1\" data-element_type=\"widget\" data-e-type=\"widget\" data-widget_type=\"divider.default\">\n\t\t\t\t<div class=\"elementor-widget-container\">\n\t\t\t\t\t\t\t<div class=\"elementor-divider\">\n\t\t\t<span class=\"elementor-divider-separator\">\n\t\t\t\t\t\t<\/span>\n\t\t<\/div>\n\t\t\t\t\t\t<\/div>\n\t\t\t\t<\/div>\n\t\t\t\t\t<\/div>\n\t\t<\/div>\n\t\t\t\t\t<\/div>\n\t\t<\/section>\n\t\t\t\t<section class=\"elementor-section elementor-top-section elementor-element elementor-element-4a14c2a6 elementor-section-full_width elementor-section-height-default elementor-section-height-default\" data-id=\"4a14c2a6\" data-element_type=\"section\" data-e-type=\"section\">\n\t\t\t\t\t\t<div class=\"elementor-container elementor-column-gap-default\">\n\t\t\t\t\t<div class=\"elementor-column elementor-col-33 elementor-top-column elementor-element elementor-element-29c63b0b\" data-id=\"29c63b0b\" data-element_type=\"column\" data-e-type=\"column\">\n\t\t\t<div class=\"elementor-widget-wrap elementor-element-populated\">\n\t\t\t\t\t\t<div class=\"elementor-element elementor-element-27be71a3 elementor-widget elementor-widget-text-editor\" data-id=\"27be71a3\" data-element_type=\"widget\" data-e-type=\"widget\" data-widget_type=\"text-editor.default\">\n\t\t\t\t<div class=\"elementor-widget-container\">\n\t\t\t\t\t\t\t\t\t<p><strong>Ausstellungslizenzen<\/strong><\/p>\t\t\t\t\t\t\t\t<\/div>\n\t\t\t\t<\/div>\n\t\t\t\t\t<\/div>\n\t\t<\/div>\n\t\t\t\t<div class=\"elementor-column elementor-col-66 elementor-top-column elementor-element elementor-element-514e825b\" data-id=\"514e825b\" data-element_type=\"column\" data-e-type=\"column\">\n\t\t\t<div class=\"elementor-widget-wrap elementor-element-populated\">\n\t\t\t\t\t\t<div class=\"elementor-element elementor-element-54300b85 elementor-widget elementor-widget-text-editor\" data-id=\"54300b85\" data-element_type=\"widget\" data-e-type=\"widget\" data-widget_type=\"text-editor.default\">\n\t\t\t\t<div class=\"elementor-widget-container\">\n\t\t\t\t\t\t\t\t\t<p>Jede Ausstellung der WCF muss durch die Personen, welche f\u00fcr die Lizenzierung zust\u00e4ndig sind, lizenziert werden.Nur auf lizenzierten Ausstellungen k\u00f6nnen Titel errungen werden.<\/p>\t\t\t\t\t\t\t\t<\/div>\n\t\t\t\t<\/div>\n\t\t\t\t\t<\/div>\n\t\t<\/div>\n\t\t\t\t\t<\/div>\n\t\t<\/section>\n\t\t\t\t<section class=\"elementor-section elementor-top-section elementor-element elementor-element-5b96877 scrolltab elementor-section-full_width elementor-section-height-default elementor-section-height-default\" data-id=\"5b96877\" data-element_type=\"section\" data-e-type=\"section\">\n\t\t\t\t\t\t<div class=\"elementor-container elementor-column-gap-default\">\n\t\t\t\t\t<div class=\"elementor-column elementor-col-100 elementor-top-column elementor-element elementor-element-73f3eed\" data-id=\"73f3eed\" data-element_type=\"column\" data-e-type=\"column\">\n\t\t\t<div class=\"elementor-widget-wrap elementor-element-populated\">\n\t\t\t\t\t\t<div class=\"elementor-element elementor-element-098afa4 elementor-widget elementor-widget-shortcode\" data-id=\"098afa4\" data-element_type=\"widget\" data-e-type=\"widget\" data-widget_type=\"shortcode.default\">\n\t\t\t\t<div class=\"elementor-widget-container\">\n\t\t\t\t\t\t\t<div class=\"elementor-shortcode\">\n<div class=\"wpdt-c wdt-skin-light\">\n    \n<input type=\"hidden\" id=\"wdtNonceFrontendEdit_44\" name=\"wdtNonceFrontendEdit_44\" value=\"9c6538b5ed\" \/><input type=\"hidden\" name=\"_wp_http_referer\" value=\"\/de\/wp-json\/wp\/v2\/pages\/6618\" \/>    <input type=\"hidden\" id=\"table_1_desc\" value='{\"tableId\":\"table_1\",\"tableType\":\"manual\",\"selector\":\"#table_1\",\"responsive\":false,\"editable\":false,\"inlineEditing\":false,\"infoBlock\":false,\"pagination\":0,\"paginationAlign\":\"right\",\"paginationLayout\":\"full_numbers\",\"tableSkin\":\"light\",\"globalSearch\":false,\"showRowsPerPage\":false,\"popoverTools\":false,\"hideBeforeLoad\":false,\"number_format\":1,\"decimalPlaces\":2,\"spinnerSrc\":\"https:\\\/\\\/wcf.de\\\/de\\\/wp-content\\\/plugins\\\/wpdatatables\\\/assets\\\/\\\/img\\\/spinner.gif\",\"groupingEnabled\":false,\"tableWpId\":\"44\",\"dataTableParams\":{\"sDom\":\"BT\\u003C\\u0027clear\\u0027\\u003Et\",\"bSortCellsTop\":false,\"bFilter\":true,\"aLengthMenu\":[[1,5,10,25,50,100,-1],[1,5,10,25,50,100,\"Alle\"]],\"iDisplayLength\":10,\"columnDefs\":[{\"sType\":\"formatted-num\",\"wdtType\":\"int\",\"bVisible\":false,\"orderable\":true,\"searchable\":true,\"InputType\":\"text\",\"name\":\"wdt_ID\",\"origHeader\":\"wdt_ID\",\"notNull\":false,\"conditionalFormattingRules\":[],\"className\":\"numdata integer  column-wdt_id\",\"aTargets\":[0]},{\"sType\":\"string\",\"wdtType\":\"string\",\"bVisible\":true,\"orderable\":true,\"searchable\":true,\"InputType\":\"textarea\",\"name\":\"lizenzmanager\",\"origHeader\":\"lizenzmanager\",\"notNull\":false,\"conditionalFormattingRules\":[],\"className\":\" column-lizenzmanager\",\"sWidth\":\"270\",\"aTargets\":[1]},{\"sType\":\"string\",\"wdtType\":\"string\",\"bVisible\":true,\"orderable\":true,\"searchable\":true,\"InputType\":\"textarea\",\"name\":\"lander\",\"origHeader\":\"lander\",\"notNull\":false,\"conditionalFormattingRules\":[],\"className\":\" column-lander\",\"sWidth\":\"220\",\"aTargets\":[2]},{\"sType\":\"string\",\"wdtType\":\"string\",\"bVisible\":true,\"orderable\":true,\"searchable\":true,\"InputType\":\"textarea\",\"name\":\"regionen\",\"origHeader\":\"regionen\",\"notNull\":false,\"conditionalFormattingRules\":[],\"className\":\" column-regionen\",\"sWidth\":\"160\",\"aTargets\":[3]}],\"bAutoWidth\":false,\"order\":[[0,\"asc\"]],\"ordering\":false,\"oLanguage\":{\"sProcessing\":\"Bitte warten...\",\"sLengthMenu\":\"_MENU_ Eintr\\u00e4ge anzeigen\",\"sZeroRecords\":\"Keine Eintr\\u00e4ge vorhanden.\",\"sInfo\":\"_START_ bis _END_ von _TOTAL_ Eintr\\u00e4gen\",\"sInfoEmpty\":\"0 bis 0 von 0 Eintr\\u00e4gen\",\"sInfoFiltered\":\"(gefiltert von _MAX_  Eintr\\u00e4gen)\",\"sInfoPostFix\":\"\",\"sSearch\":\"Suchen\",\"sSearchPlaceholder\":\"\",\"sUrl\":\"\",\"oPaginate\":{\"sFirst\":\"Erster\",\"sPrevious\":\"Zur\\u00fcck\",\"sNext\":\"N\\u00e4chster\",\"sLast\":\"Letzter\"}},\"buttons\":[],\"bProcessing\":false,\"serverSide\":true,\"ajax\":{\"url\":\"https:\\\/\\\/wcf.de\\\/de\\\/wp-admin\\\/admin-ajax.php?action=get_wdtable&table_id=44\",\"type\":\"POST\"},\"oSearch\":{\"bSmart\":false,\"bRegex\":false,\"sSearch\":\"\"}},\"tabletWidth\":\"1024\",\"mobileWidth\":\"480\",\"advancedFilterEnabled\":false,\"serverSide\":true,\"autoRefreshInterval\":0,\"processing\":true,\"fnServerData\":true,\"columnsFixed\":0,\"sumFunctionsLabel\":\"\",\"avgFunctionsLabel\":\"\",\"minFunctionsLabel\":\"\",\"maxFunctionsLabel\":\"\",\"columnsDecimalPlaces\":{\"wdt_ID\":-1,\"lizenzmanager\":-1,\"lander\":-1,\"regionen\":-1},\"columnsThousandsSeparator\":{\"wdt_ID\":0},\"sumColumns\":[],\"avgColumns\":[],\"sumAvgColumns\":[],\"timeFormat\":\"h:i A\",\"datepickFormat\":\"yy-mm-dd\",\"cascadeFiltering\":0,\"cascadeFilteringLogic\":\"\",\"hideTableBeforeFiltering\":0,\"showSearchFiltersButton\":0,\"disableSearchFiltersButton\":0}'\/>\n\n    <table id=\"table_1\"\n           class=\"  display nowrap data-t data-t wpDataTable wpDataTableID-44\"\n           style=\"\"\n           data-described-by='table_1_desc'\n           data-wpdatatable_id=\"44\">\n\n        <!-- Table header -->\n        \n<thead>\n<tr>\n                    <th\n                        class=\" wdtheader sort numdata integer \"\n        style=\"\">wdt_ID<\/th>        <th\n        data-class=\"expand\"                class=\" wdtheader sort \"\n        style=\"\">Lizenzmanager<\/th>        <th\n                        class=\" wdtheader sort \"\n        style=\"\">L\u00e4nder<\/th>        <th\n                        class=\" wdtheader sort \"\n        style=\"\">Regionen<\/th>    <\/tr>\n<\/thead>\n        <!-- \/Table header -->\n\n        <!-- Table body -->\n        \n<tbody>\n            <tr id=\"table_44_row_0\">\n                            <td style=\"\">1<\/td>\n                            <td style=\"\"><p>Marina Khodusova<\/p><br><p><a href=\"mailto:show.requests2@wcf.de\">show.requests2@wcf.de<\/a><\/p><\/td>\n                            <td style=\"\">Belarus (= Wei\u00dfrussland)<br><br>Russland \u2013 europ\u00e4ischer Teil<\/td>\n                            <td style=\"\">alle Regionen ER<br><br>+ RUR-010<br>+ RUR-020<br>+ RUR-030<br>+ RUR-040<br>+ RUR-050<br>+ RUR-110<br><\/td>\n                    <\/tr>\n                <tr id=\"table_44_row_1\">\n                            <td style=\"\">2<\/td>\n                            <td style=\"\"><p>Tatiana Karikh<\/p><br><p><a href=\"mailto:show.requests4@wcf.de\">show.requests4@wcf.de<\/a><\/p><\/td>\n                            <td style=\"\">Kasachstan<br><br>Kirgisistan<br><br>Mongolei<br><br>Russland \u2013 asiatischer Teil<br><br><br><br><br><br><br>Usbekistan<\/td>\n                            <td style=\"\">alle Regionen<br><br><br><br><br><br>alle Regionen AR<br><br>+ RUR-060<br>+ RUR-070<br>+ RUR-080<br>+ RUR-090<br>+ RUR-100<\/td>\n                    <\/tr>\n                <tr id=\"table_44_row_2\">\n                            <td style=\"\">3<\/td>\n                            <td style=\"\"><p>Gisela Danisch<\/p><br><p><a href=\"mailto:show.requests1@wcf.de\">show.requests1@wcf.de<\/a><\/p><\/td>\n                            <td style=\"\">alle anderen L\u00e4nder<\/td>\n                            <td style=\"\"><\/td>\n                    <\/tr>\n    <\/tbody>        <!-- \/Table body -->\n\n        <!-- Table footer -->\n        \n        <!-- \/Table footer -->\n\n    <\/table>\n\n\n<\/div><style>\ntable.wpDataTable { table-layout: fixed !important; }\ntable.wpDataTable td, table.wpDataTable th { white-space: normal !important; }\ntable.wpDataTable a:hover {\n    color: #61CE70 !important;\n}\ntable.wpDataTable a {\n    color: black !important;\n}\nbutton.button.btn.wdt-clear-filters-button {\nbackground-color: #095203;\ncolor: white;\n}\nbutton.button.btn.wdt-clear-filters-button:hover {\nbackground-color: #e2efda;\ncolor: black;\n}\n.wpDataTablesWrapper table.wpDataTable td {\nfont-family: Roboto!important;\nfont-size:13px;\nfont-weight:400;\n}\n.wpDataTablesWrapper table.wpDataTable th {\nfont-family: Roboto!important;\nfont-size:14px;\nfont-weight:400;\n}\ntr.odd td.sorting_1 {\n    background: #f5f5f5 !important;\n}\ntr.odd:hover > td.sorting_1 {\n    background-color: #e8e8e8 !important;\n}\ntr.even:hover > td.sorting_1 {\n    background: #e8e8e8 !important;\n}\ntr.even td.sorting_1 {\n    background: white !important;\n}\n.test1 {\n    background-color:black!important;\n}table.wpDataTable td.numdata { text-align: right !important; }\n<\/style>\n<style>\n\/* table font color *\/\n.wpdt-c.wpDataTablesWrapper table.wpdtSimpleTable thead th,\n.wpdt-c.wpDataTablesWrapper table.wpdtSimpleTable tbody td,\n.wpdt-c .wpDataTablesWrapper table.wpDataTable thead th,\n.wpdt-c .wpDataTablesWrapper table.wpDataTable tbody td,\n.wpdt-c .wpDataTablesWrapper table.wpDataTable tfoot td {\n\tcolor: #000000 !important;\n}\n\/* th background color *\/\n.wpdt-c.wpDataTablesWrapper table.wpdtSimpleTable.bt[data-has-header='1'] td.wpdt-header-classes,\n.wpdt-c.wpDataTablesWrapper table.wpdtSimpleTable thead th,\n.wpdt-c .wpDataTablesWrapper table.wpDataTable thead th,\n.wpdt-c .wpDataTablesWrapper table.wpDataTable thead th.sorting {\n\tbackground-color: #E2EFDA !important;\n    background-image: none !important;\n}\n\n\/* table font color *\/\n.wpdt-c.wpDataTablesWrapper table.wpdtSimpleTable,\n.wpdt-c .wpDataTablesWrapper table.wpDataTable {\n    font-family: Verdana, Geneva, sans-serif !important;\n}\n\/* table font size *\/\n.wpdt-c.wpDataTablesWrapper table.wpdtSimpleTable,\n.wpdt-c .wpDataTablesWrapper table.wpDataTable {\n    font-size:16px !important;\n}\n \n<\/style>\n<style>\n.wpDataTablesWrapper table.wpDataTableID-44 td {\r\nfont-family: Roboto!important;\r\nfont-size:17px;\r\nfont-weight:400;\r\n}\r\n.wpDataTablesWrapper table.wpDataTableID-44 th {\r\nfont-family: Roboto!important;\r\nfont-size:17px;\r\nfont-weight:400;\r\ntext-transform: capitalize;\r\n}\r\ntable.wpDataTable td {\r\nvertical-align: top;\r\n}\r\ntable.wpDataTable th {\r\nvertical-align: top;\r\n}<\/style>\n<style>\n        \/* table font color *\/\n    .wpdt-c.wpDataTablesWrapper table#wpdtSimpleTable-44 thead th,\n    .wpdt-c.wpDataTablesWrapper table#wpdtSimpleTable-44 tbody td,\n    .wpdt-c .wpDataTablesWrapper table.wpDataTable.wpDataTableID-44 thead th,\n    .wpdt-c .wpDataTablesWrapper table.wpDataTable.wpDataTableID-44 tbody td,\n    .wpdt-c .wpDataTablesWrapper table.wpDataTable.wpDataTableID-44 tfoot td {\n        color: #000000 !important;\n    }\n                            \/* td inner border color *\/\n                .wpdt-c .wpDataTablesWrapper table.wpDataTable.wpDataTableID-44 thead tr:nth-child(2) th,\n                .wpdt-c.wpDataTablesWrapper table.wpDataTable#wpdtSimpleTable-44 td,\n        .wpdt-c .wpDataTablesWrapper table.wpDataTable.wpDataTableID-44 td,\n        .wpdt-c .wpDataTablesWrapper table.wpDataTable.wpDataTableID-44 tr.odd td,\n        .wpdt-c .wpDataTablesWrapper table.wpDataTable.wpDataTableID-44 tr.even td{\n            border-color: #000000 !important;\n        }\n                .wpdt-c .wpDataTablesWrapper table.wpDataTable.wpDataTableID-44 thead tr:first-child th:not(:first-child):not(:last-child){\n            border-left-color: #000000 !important;\n            border-right-color: #000000 !important;\n        }\n        .wpdt-c .wpDataTablesWrapper table.wpDataTable.wpDataTableID-44 thead tr th:first-child {\n            border-right-color: #000000 !important;\n            border-bottom-color: #000000 !important;\n        }\n        .wpdt-c .wpDataTablesWrapper table.wpDataTable.wpDataTableID-44 thead tr th:last-child {\n            border-left-color: #000000 !important;\n            border-bottom-color: #000000 !important;\n        }\n        .wpdt-c .wpDataTablesWrapper table.wpDataTable.wpDataTableID-44 thead tr:nth-child(1) th {\n            border-bottom-color: #000000 !important;\n        }\n                    \/* table outer border color *\/\n        .wpdt-c.wpDataTablesWrapper table#wpdtSimpleTable-44 tr:last-child td,\n                .wpdt-c .wpDataTablesWrapper table.wpDataTable.wpDataTableID-44 tfoot tr td{\n            border-bottom-color: #000000 !important;\n        }\n                                    .wpdt-c .wpDataTablesWrapper table.wpDataTable.wpDataTableID-44 thead tr th:first-child,\n                            .wpdt-c.wpDataTablesWrapper table#wpdtSimpleTable-44 tr td:first-child,\n                .wpdt-c .wpDataTablesWrapper table.wpDataTable.wpDataTableID-44 tr td:first-child{\n                    border-left-color: #000000 !important;\n                }\n                            .wpdt-c .wpDataTablesWrapper table.wpDataTable.wpDataTableID-44 thead tr th:last-child,\n                            .wpdt-c.wpDataTablesWrapper table#wpdtSimpleTable-44 tr td:last-child,\n                .wpdt-c .wpDataTablesWrapper table.wpDataTable.wpDataTableID-44 tr td:last-child{\n                    border-right-color: #000000 !important;\n                }\n                .wpdt-c .wpDataTablesWrapper table.wpDataTable.wpDataTableID-44 tr th {\n            border-top-color: #000000 !important;\n        }\n        \n    \n            \/* even rows background color *\/\n    .wpdt-c.wpDataTablesWrapper table#wpdtSimpleTable-44 tr.even td,\n    .wpdt-c .wpDataTablesWrapper table.wpDataTable.wpDataTableID-44 tr.even td,\n    .wpdt-c .wpDataTablesWrapper table.has-columns-hidden.wpDataTableID-44 tr.row-detail > td {\n        background-color: #DBDBDB !important;\n    }\n                            \/* table font color *\/\n    .wpdt-c.wpDataTablesWrapper table#wpdtSimpleTable-44,\n    .wpdt-c .wpDataTablesWrapper table.wpDataTable.wpDataTableID-44 {\n        font-family: Verdana, Geneva, sans-serif !important;\n    }\n                \n                <\/style>\n<\/div>\n\t\t\t\t\t\t<\/div>\n\t\t\t\t<\/div>\n\t\t\t\t\t<\/div>\n\t\t<\/div>\n\t\t\t\t\t<\/div>\n\t\t<\/section>\n\t\t\t\t<section class=\"elementor-section elementor-top-section elementor-element elementor-element-7f372def elementor-section-full_width elementor-section-height-default elementor-section-height-default\" data-id=\"7f372def\" data-element_type=\"section\" data-e-type=\"section\">\n\t\t\t\t\t\t<div class=\"elementor-container elementor-column-gap-default\">\n\t\t\t\t\t<div class=\"elementor-column elementor-col-100 elementor-top-column elementor-element elementor-element-4b77e5d8\" data-id=\"4b77e5d8\" data-element_type=\"column\" data-e-type=\"column\">\n\t\t\t<div class=\"elementor-widget-wrap elementor-element-populated\">\n\t\t\t\t\t\t<div class=\"elementor-element elementor-element-95b9bcd elementor-widget elementor-widget-text-editor\" data-id=\"95b9bcd\" data-element_type=\"widget\" data-e-type=\"widget\" data-widget_type=\"text-editor.default\">\n\t\t\t\t<div class=\"elementor-widget-container\">\n\t\t\t\t\t\t\t\t\t\n<p><strong>Teil H &#8211; Anhang 1 &#8211; Tabellen Regionen und Kontinentalbereiche<\/strong><\/p>\n<p><a href=\"https:\/\/wcf.de\/pdf\/Teil_H-Anhang1_Regionen_und_Kontinentalbereiche.pdf\" target=\"_blank\" rel=\"nofollow noopener\">Download<\/a><\/p>\n<p>\u00a0<\/p>\n<p>\u00a0<\/p>\n\t\t\t\t\t\t\t\t<\/div>\n\t\t\t\t<\/div>\n\t\t\t\t\t<\/div>\n\t\t<\/div>\n\t\t\t\t\t<\/div>\n\t\t<\/section>\n\t\t\t\t<\/div>\n\t\t","protected":false},"excerpt":{"rendered":"<p>WCF REGIONEN Kontinentalbereiche und RegionenAppendix 1 In jedem der nachfolgend aufgef\u00fchrten 8 Kontinentalbereiche ist es m\u00f6glich, mit internationalen Titeln aus mindestens drei L\u00e4ndern die Titel Europa Champion \/ Premior und Grand Europa Champion \/ Premior bzw. Continental Champion \/ Premior und Grand Continental Champion \/ Premior zu gewinnen. F\u00fcr die Titel CACM, CAPM wird ein [&hellip;]<\/p>\n","protected":false},"author":2,"featured_media":0,"parent":0,"menu_order":0,"comment_status":"closed","ping_status":"closed","template":"","meta":{"_monsterinsights_skip_tracking":false,"_monsterinsights_sitenote_active":false,"_monsterinsights_sitenote_note":"","_monsterinsights_sitenote_category":0,"footnotes":""},"class_list":["post-6618","page","type-page","status-publish","hentry"],"aioseo_notices":[],"_links":{"self":[{"href":"https:\/\/wcf.de\/de\/wp-json\/wp\/v2\/pages\/6618","targetHints":{"allow":["GET"]}}],"collection":[{"href":"https:\/\/wcf.de\/de\/wp-json\/wp\/v2\/pages"}],"about":[{"href":"https:\/\/wcf.de\/de\/wp-json\/wp\/v2\/types\/page"}],"author":[{"embeddable":true,"href":"https:\/\/wcf.de\/de\/wp-json\/wp\/v2\/users\/2"}],"replies":[{"embeddable":true,"href":"https:\/\/wcf.de\/de\/wp-json\/wp\/v2\/comments?post=6618"}],"version-history":[{"count":87,"href":"https:\/\/wcf.de\/de\/wp-json\/wp\/v2\/pages\/6618\/revisions"}],"predecessor-version":[{"id":14292,"href":"https:\/\/wcf.de\/de\/wp-json\/wp\/v2\/pages\/6618\/revisions\/14292"}],"wp:attachment":[{"href":"https:\/\/wcf.de\/de\/wp-json\/wp\/v2\/media?parent=6618"}],"curies":[{"name":"wp","href":"https:\/\/api.w.org\/{rel}","templated":true}]}}