{"id":6619,"date":"2021-05-05T12:29:45","date_gmt":"2021-05-05T12:29:45","guid":{"rendered":"https:\/\/de6.wcf-test.de\/?page_id=5349"},"modified":"2026-03-31T12:46:09","modified_gmt":"2026-03-31T12:46:09","slug":"allgemeine-zuchtregeln","status":"publish","type":"page","link":"https:\/\/wcf.de\/de\/allgemeine-zuchtregeln\/","title":{"rendered":"allgemeine Zuchtregeln"},"content":{"rendered":"\t\t<div data-elementor-type=\"wp-page\" data-elementor-id=\"6619\" class=\"elementor elementor-6619\" data-elementor-post-type=\"page\">\n\t\t\t\t\t\t<section class=\"elementor-section elementor-top-section elementor-element elementor-element-5e9bf359 elementor-section-full_width elementor-section-height-default elementor-section-height-default\" data-id=\"5e9bf359\" data-element_type=\"section\" data-e-type=\"section\">\n\t\t\t\t\t\t<div class=\"elementor-container elementor-column-gap-default\">\n\t\t\t\t\t<div class=\"elementor-column elementor-col-100 elementor-top-column elementor-element elementor-element-afc65fd\" data-id=\"afc65fd\" data-element_type=\"column\" data-e-type=\"column\">\n\t\t\t<div class=\"elementor-widget-wrap elementor-element-populated\">\n\t\t\t\t\t\t<div class=\"elementor-element elementor-element-91c6092 elementor-widget elementor-widget-heading\" data-id=\"91c6092\" data-element_type=\"widget\" data-e-type=\"widget\" data-widget_type=\"heading.default\">\n\t\t\t\t<div class=\"elementor-widget-container\">\n\t\t\t\t\t<h5 class=\"elementor-heading-title elementor-size-large\">WCF ZUCHT- UND REGISTRIERUNGSREGELN F\u00dcR ALLE MITGLIEDSVEREINE<\/br><\/br>\n<\/h5>\t\t\t\t<\/div>\n\t\t\t\t<\/div>\n\t\t\t\t\t<\/div>\n\t\t<\/div>\n\t\t\t\t\t<\/div>\n\t\t<\/section>\n\t\t\t\t<section class=\"elementor-section elementor-top-section elementor-element elementor-element-2939166 elementor-section-full_width elementor-section-height-default elementor-section-height-default\" data-id=\"2939166\" data-element_type=\"section\" data-e-type=\"section\">\n\t\t\t\t\t\t<div class=\"elementor-container elementor-column-gap-default\">\n\t\t\t\t\t<div class=\"elementor-column elementor-col-100 elementor-top-column elementor-element elementor-element-1ad2750\" data-id=\"1ad2750\" data-element_type=\"column\" data-e-type=\"column\">\n\t\t\t<div class=\"elementor-widget-wrap elementor-element-populated\">\n\t\t\t\t\t\t<div class=\"elementor-element elementor-element-3e75381 elementor-widget elementor-widget-text-editor\" data-id=\"3e75381\" data-element_type=\"widget\" data-e-type=\"widget\" data-widget_type=\"text-editor.default\">\n\t\t\t\t<div class=\"elementor-widget-container\">\n\t\t\t\t\t\t\t\t\t<p><strong>Allgemein<\/strong><br \/>Das allgemeine Wohlbefinden und die Gesundheit aller Katzen sollte von allen WCF Mitgliedern, Z\u00fcchtern und Katzenbesitzer, die h\u00f6chste Ber\u00fccksichtigung finden. <br \/>Diese Regeln sind allgemeine Richtlinien und sollten angepasst und befolgt werden, soweit die heimischen Umst\u00e4nde und Kulturen es zulassen.<\/p><p><strong>Zucht<\/strong><br \/>Katzen mit einer angeborenen Anomalie d\u00fcrfen nicht gez\u00fcchtet und nicht in die Zucht verkauft werden. <br \/>Katzen mit verschiedenen Mutationen d\u00fcrfen nicht miteinander verpaart werden, so dass Katzen mit zwei oder mehr verschiedenen Anomalien, Mutationen oder genetischen Defekten in einer einzigen Katze entstehen. <br \/>Der neue Besitzer sollte \u00fcber die Abnormalit\u00e4t informiert werden und solche Katzen sollten kastriert werden, idealerweise bevor sie verkauft werden, oder als \u201enicht zur Zucht\u201c registriert werden, wenn innerhalb des WCF Mitgliedsvereins m\u00f6glich.<br \/>Jeder WCF Mitgliedsklub entscheidet unter Anleitung seiner Richter \u00fcber Einkreuzungsm\u00f6glichkeiten und Inzuchtprogramme gem\u00e4\u00df den Regeln der WCF und gem\u00e4\u00df den lokalen Registrierungsgesetzen.<br \/>Vollgeschwisterverpaarungen sind nicht ratsam und es sollte dringend davon abgeraten werde.<br \/>Jeder WCF Mitgliedsklub kann jede von einem WCC-Mitglied anerkannte Rasse zur Registrierung und Ausstellung annehmen. Sie k\u00f6nnen alle WCF Titel erhalten.<br \/>Die WCF Mitgliedsklubs haben die Autonomie, nicht von der WCF anerkannte Rassen nach eigenem Ermessen abzulehnen.<\/p><p><strong>Zwinger<\/strong><br \/>Der Z\u00fcchter muss Mitglied eines WCF-Vereins sein. Die Cattery muss einen registrierten WCF- Zwingernamen haben.<br \/>Alle Informationen, wie der Name des Z\u00fcchters, die Adresse, die Rassen etc. m\u00fcssen immer aktuell sein und auch aktualisiert werden, sobald es<br \/>Ver\u00e4nderungen gibt. Der registrierende Z\u00fcchter muss der rechtm\u00e4\u00dfige Besitzer der Mutterkatze sein und sollte in der Lage sein das Eigentum nachzuweisen.<br \/>Der Z\u00fcchter \/ die Zuchtgemeinschaft muss die Zuchtregeln der WCF Mitgliedsvereine und die \u00f6rtlichen Gesetze bez\u00fcglich des Tierschutzes befolgen. Wenn erforderlich, auch die gewerbsm\u00e4\u00dfige Registrierung des Zwingers und des Zuchtbestandes.<\/p><p><strong>Tierhaltung<\/strong><br \/>Diese Richtlinien beinhalten das angemessene F\u00fcttern, die Verpflegung und die allgemeine Versorgung der Katzen. Zumindest m\u00fcssen die Mindeststandards, entsprechend des Tierschutzgesetzes im Land des Z\u00fcchters erf\u00fcllt werden.<br \/>Die Zuchtst\u00e4tte und der Auslauf m\u00fcssen eine angemessene Gr\u00f6\u00dfe haben und Schutz gegen Hitze, K\u00e4lte und Luftzug bieten. Sie sollten gen\u00fcgend nat\u00fcrliches Licht zulassen und im guten Reparaturzustand und Hygienezustand gehalten werden. Wenn m\u00f6glich, sollten die Katzen Zugang zu einer sicheren Garten-Umgebung haben. F\u00fcr regelm\u00e4\u00dfigen Kontakt zu Menschen und Sozialisation muss gesorgt werden, ebenso muss auch das nat\u00fcrliche Verhalten, wie Kratzen, Verstecken und Spielen ermutigt werden.<\/p><p><strong>Register (Stammbuch \/Zuchtbuch)<\/strong><br \/>Es wird empfohlen, dass alle Vereine ein Originalregister, sowie ein erg\u00e4nzendes oder experimentelles Register f\u00fchren. Das Originalregister ist das LO (Livre d\u2019Origine) Register und das experimentelle Register ist das RIEX (Registre Initial et Experimental).<br \/>Katzenregistrierungsnummern m\u00fcssen einen Identifikationscode haben, die darauf hinweisen in welchem der beiden Register sie registriert sind.<br \/>Katzen die im Originalregister aufgef\u00fchrt sind, m\u00fcssen, was die Rasse, die Zeichnung und die Farbe anbelangen, den offiziellen aufgelisteten WCF Standards entsprechen und m\u00fcssen mindestens 3 Generationen derselben oder verwandter Rassen haben:<br \/>Dem Jungtier selber als Generation 0, den Eltern als 1. Generation, den Gro\u00dfeltern als 2. Generation und den Urgro\u00dfeltern als 3. Generation.<br \/>Das erg\u00e4nzende Register wird f\u00fcr alle anderen Katzen verwendet (zum Beispiel gekreuzte und nicht anerkannte Rassen und Novizen).<br \/>Die Punktestandards und die Ausstellungsregeln geben mehr Informationen zur Registrierung von Novizen und Auskreuzung\/Kreuzung von bestimmten Rassen und diese m\u00fcssen ohne Ausnahme befolgt werden. Das Stammbuch sollte mindestens den registrierten Namen der Katze, der registrierte Zwingername des Z\u00fcchters, die Registrierungsnummer der Katze, die Rasse, die Zeichnung und die Farbe der Katze (sowohl als auch andere relevante Eigenschaften, wie Felll\u00e4nge, Augenfarbe, Ohrform, Schwanz, etc.), das Geburtsdatum der Katze, das Geschlecht der Katze, der Name des Z\u00fcchters und der Name des registrierten Besitzers beinhalten.<br \/>Es wird stark empfohlen, dass der Identifikationscode des Vereinsmitgliedes, einen Teil der registrierten Nummer ausmacht.<br \/>Weiterhin muss der EMS Code, wie er vom WCF B\u00fcro oder auf der WCF Webseite zur Verf\u00fcgung gestellt wird, benutzt wird.<\/p><p><strong>\u00dcbertragung von registrierten Katzen<\/strong><br \/>Katzen k\u00f6nnen je nach der individuellen Vereinspolitik, von einem Verein zum anderen Verein transferiert werden. Dieses sollte nur mit Nachweis der original registrierten Dokumente stattfinden. Die originale Registrierungsnummer der transferierten Katze muss beibehalten werden. Wenn eine neue Nummer zugeteilt wird, muss die urspr\u00fcngliche Registrierungsnummer in den Stammb\u00e4umen, zum Zwecke der Referenzen, beibehalten werden. Der urspr\u00fcngliche Name der Katze muss immer beibehalten werden, aber der Zwingername des neuen Besitzers kann als Suffix hinzugef\u00fcgt werden.<br \/>Wenn eine Katze transferiert wird, muss das vorherige Registrierungsdokument als \u201eung\u00fcltig\u201c oder \u201egel\u00f6scht\u201c gekennzeichnet werden.<\/p><p><strong>Besitz von Zuchtkatzen<\/strong><br \/>Bevor der Nachwuchs einer weiblichen Katze registriert werden kann, sollte der Z\u00fcchter den Besitz der Katze nachweisen.<br \/>Der Z\u00fcchter sollte auch den Besitznachweis des Zuchtkaters oder einen Decknachweis, welcher vom Besitzer des Zuchtkaters unterschrieben ist, bereitstellen.<\/p><p><strong>Kaufvertrag<\/strong><br \/>Der Vertrag muss alle Informationen \u00fcber den Z\u00fcchter, den neuen Besitzer und vollst\u00e4ndige Details der Katzen beinhalten. Es sollte ein Gesundheitszertifikat und Informationen \u00fcber besondere Bed\u00fcrfnisse der Katze und die spezielle Rasse enthalten.<br \/>Der Z\u00fcchter sollte den neuen Besitzer in jeglicher n\u00f6tigen Weise unterst\u00fctzen..<\/p><p><strong>Neue Rassen, Muster und Farben<\/strong><br \/>Alle von den WCC Organisationen anerkannten Rassen, Muster und Farben k\u00f6nnen zur Registrierung im Experimentalregister (RIEX) angenommen werden.<br \/>Die von der WCF festgelegten Regeln zur vollen Anerkennung der neuen Rassen und Farben m\u00fcssen befolgt werden, bevor solch eine Katze im Originalregister (LO), registriert werden kann.<\/p>\t\t\t\t\t\t\t\t<\/div>\n\t\t\t\t<\/div>\n\t\t\t\t\t<\/div>\n\t\t<\/div>\n\t\t\t\t\t<\/div>\n\t\t<\/section>\n\t\t\t\t<\/div>\n\t\t","protected":false},"excerpt":{"rendered":"<p>WCF ZUCHT- UND REGISTRIERUNGSREGELN F\u00dcR ALLE MITGLIEDSVEREINE AllgemeinDas allgemeine Wohlbefinden und die Gesundheit aller Katzen sollte von allen WCF Mitgliedern, Z\u00fcchtern und Katzenbesitzer, die h\u00f6chste Ber\u00fccksichtigung finden. Diese Regeln sind allgemeine Richtlinien und sollten angepasst und befolgt werden, soweit die heimischen Umst\u00e4nde und Kulturen es zulassen. ZuchtKatzen mit einer angeborenen Anomalie d\u00fcrfen nicht gez\u00fcchtet und [&hellip;]<\/p>\n","protected":false},"author":2,"featured_media":0,"parent":0,"menu_order":0,"comment_status":"closed","ping_status":"closed","template":"","meta":{"_monsterinsights_skip_tracking":false,"_monsterinsights_sitenote_active":false,"_monsterinsights_sitenote_note":"","_monsterinsights_sitenote_category":0,"footnotes":""},"class_list":["post-6619","page","type-page","status-publish","hentry"],"aioseo_notices":[],"_links":{"self":[{"href":"https:\/\/wcf.de\/de\/wp-json\/wp\/v2\/pages\/6619","targetHints":{"allow":["GET"]}}],"collection":[{"href":"https:\/\/wcf.de\/de\/wp-json\/wp\/v2\/pages"}],"about":[{"href":"https:\/\/wcf.de\/de\/wp-json\/wp\/v2\/types\/page"}],"author":[{"embeddable":true,"href":"https:\/\/wcf.de\/de\/wp-json\/wp\/v2\/users\/2"}],"replies":[{"embeddable":true,"href":"https:\/\/wcf.de\/de\/wp-json\/wp\/v2\/comments?post=6619"}],"version-history":[{"count":18,"href":"https:\/\/wcf.de\/de\/wp-json\/wp\/v2\/pages\/6619\/revisions"}],"predecessor-version":[{"id":14643,"href":"https:\/\/wcf.de\/de\/wp-json\/wp\/v2\/pages\/6619\/revisions\/14643"}],"wp:attachment":[{"href":"https:\/\/wcf.de\/de\/wp-json\/wp\/v2\/media?parent=6619"}],"curies":[{"name":"wp","href":"https:\/\/api.w.org\/{rel}","templated":true}]}}