{"id":6620,"date":"2021-05-06T12:05:21","date_gmt":"2021-05-06T12:05:21","guid":{"rendered":"https:\/\/de6.wcf-test.de\/?page_id=5365"},"modified":"2021-12-19T15:13:39","modified_gmt":"2021-12-19T15:13:39","slug":"zwingerregistrierung","status":"publish","type":"page","link":"https:\/\/wcf.de\/de\/zwingerregistrierung\/","title":{"rendered":"Zwingerregistrierung"},"content":{"rendered":"\t\t<div data-elementor-type=\"wp-page\" data-elementor-id=\"6620\" class=\"elementor elementor-6620\" data-elementor-post-type=\"page\">\n\t\t\t\t\t\t<section class=\"elementor-section elementor-top-section elementor-element elementor-element-5e9bf359 elementor-section-full_width elementor-section-height-default elementor-section-height-default\" data-id=\"5e9bf359\" data-element_type=\"section\" data-e-type=\"section\">\n\t\t\t\t\t\t<div class=\"elementor-container elementor-column-gap-default\">\n\t\t\t\t\t<div class=\"elementor-column elementor-col-100 elementor-top-column elementor-element elementor-element-afc65fd\" data-id=\"afc65fd\" data-element_type=\"column\" data-e-type=\"column\">\n\t\t\t<div class=\"elementor-widget-wrap elementor-element-populated\">\n\t\t\t\t\t\t<div class=\"elementor-element elementor-element-91c6092 elementor-widget elementor-widget-heading\" data-id=\"91c6092\" data-element_type=\"widget\" data-e-type=\"widget\" data-widget_type=\"heading.default\">\n\t\t\t\t<div class=\"elementor-widget-container\">\n\t\t\t\t\t<h5 class=\"elementor-heading-title elementor-size-large\">REGISTRIERUNG EINES ZWINGERNAMENS<\/br><\/br>\n<\/h5>\t\t\t\t<\/div>\n\t\t\t\t<\/div>\n\t\t\t\t\t<\/div>\n\t\t<\/div>\n\t\t\t\t\t<\/div>\n\t\t<\/section>\n\t\t\t\t<section class=\"elementor-section elementor-top-section elementor-element elementor-element-2939166 elementor-section-full_width elementor-section-height-default elementor-section-height-default\" data-id=\"2939166\" data-element_type=\"section\" data-e-type=\"section\">\n\t\t\t\t\t\t<div class=\"elementor-container elementor-column-gap-default\">\n\t\t\t\t\t<div class=\"elementor-column elementor-col-100 elementor-top-column elementor-element elementor-element-1ad2750\" data-id=\"1ad2750\" data-element_type=\"column\" data-e-type=\"column\">\n\t\t\t<div class=\"elementor-widget-wrap elementor-element-populated\">\n\t\t\t\t\t\t<div class=\"elementor-element elementor-element-3e75381 elementor-widget elementor-widget-text-editor\" data-id=\"3e75381\" data-element_type=\"widget\" data-e-type=\"widget\" data-widget_type=\"text-editor.default\">\n\t\t\t\t<div class=\"elementor-widget-container\">\n\t\t\t\t\t\t\t\t\t<p><strong>1. Z\u00fcchter<\/strong><br \/>Ein Z\u00fcchter ist derjenige, der f\u00fcr in seinem Haushalt (in einer Z\u00fcchtergemeinschaft) geborene Jungtiere Stammb\u00e4ume bei seinem Verein beantragt.<br \/><br \/><\/p><p><strong>2. Jungtiere &#8211; Wurf<br \/><\/strong>Jedes im Haushalt (in der Z\u00fcchtergemeinschaft) geborene Jungtier muss einen Zwingernamen und einen von seinem Verein autorisierten Stammbaum haben.<\/p><p><br \/><strong>3. Zwingername<br \/><\/strong>Ein Zwingername ist ein Kunstname, welcher bei der WCF beantragt und registriert, sowie dadurch gesch\u00fctzt wird. <br \/>Jeder Zwingername muss bei der Gesch\u00e4ftsstelle in Essen beantragt werden.<br \/>Es m\u00fcssen 3 Vorschl\u00e4ge (in der Reihenfolge ihrer Priorit\u00e4t) \u00fcber den eigenen (Haupt-)Verein eingereicht werden. <br \/>Es muss dazu der volle Name (ausgeschrieben und nicht abgek\u00fcrzt), die vollst\u00e4ndige Adresse, mindestens eine Telefonnummer, <br \/>Email (wenn vorhanden) des Z\u00fcchters angegeben werden.<\/p><p>Die eingereichten Vorschl\u00e4ge werden gepr\u00fcft, ob bereits \u00e4hnlich klingende Zwingernamen registriert sind. <br \/>Es d\u00fcrfen keine Namen von irgendwelchen Personen (wegen des Namensrechts) \u2013 es sei denn, der eigene Name, \u00f6ffentlichen Einrichtungen, durch Copyright gesch\u00fctzten Schriftst\u00fccken (Roman, Novelle, Werke der Literatur, etc.) und keine Rassebezeichnungen beantragt werden. <br \/>Die Gesch\u00e4ftsstelle best\u00e4tigt dann den registrierten Zwingernamen.<\/p><p>Z\u00fcchtern mit einem nachweislich registrierten Zwingernamen in einer anderen Organisation, die der WCF beitreten m\u00f6chten, ist es erlaubt, ihren Namen zu behalten. Sollte der Zwingername woanders schon vergeben sein, muss die L\u00e4nderkennzahl hinter dem Namen angef\u00fcgt werden.<\/p><p>Die Gesch\u00e4ftsstelle \u00fcberpr\u00fcft die Einmaligkeit des Zwingernamens nur innerhalb der WCF. Alle WCF-Zwingernamen ab dem Jahr 2001 sind auf der Website ver\u00f6ffentlicht. Ab diesem Zeitpunkt nicht ver\u00f6ffentlichte Namen sind automatisch f\u00fcr Z\u00fcchter eines WCF-Vereins verf\u00fcgbar.<\/p><p>Die Gesch\u00e4ftsstelle beantwortet alle eingehenden Antr\u00e4ge innerhalb von 10 Werktagen und best\u00e4tigt die Registrierung des Zwingernamens.<\/p><p><br \/><strong>4. Schutz des Zwingernamens<br \/><\/strong>Ein registrierter Zwingername bleibt 20 Jahre gesch\u00fctzt und kann w\u00e4hrend dieser Zeit nicht nochmals vergeben werden.<br \/>Der Zwingernamenschutz kann gegen Geb\u00fchr verl\u00e4ngert werden.<\/p><p><br \/><strong>5. \u00dcbertragung eines Zwingernamens<br \/><\/strong>Ein Zwingername kann von einem Z\u00fcchter auf einen anderen Z\u00fcchter nur mit einem von beiden Z\u00fcchtern unterschriebenen Vertrag \u00fcbertragen werden, welcher bei der Gesch\u00e4ftsstelle eingereicht werden muss. <br \/>Im Falle des Todes eines Z\u00fcchters muss der Erbe beglaubigt nachweisen, dass er der Erbe ist, um einen Zwingernamen \u00fcbernehmen <br \/>oder \u00fcbertragen zu k\u00f6nnen.<\/p><p><br \/><strong>6. Z\u00fcchtergemeinschaft<br \/><\/strong>Ein Zwingername kann auch von 2 oder mehreren Z\u00fcchtern gemeinsam beantragt werden, wenn diese eine Z\u00fcchtergemeinschaft bilden. <br \/>Es muss jedoch ein Hauptz\u00fcchter angegeben werden, welcher bei Aufl\u00f6sung der Z\u00fcchtergemeinschaft den Zwingernamen beh\u00e4lt. <br \/>Die ausgeschiedenen Z\u00fcchter m\u00fcssen einen neuen Zwingernamen beantragen.<\/p><p><br \/><strong>7. Name der Katze<br \/><\/strong>Der Name einer Katze besteht im allgemeinen aus Vorname und Zwingername. <br \/>Der gesamte Name der Katze \u2013 Vorname und Zwingername \u2013 darf nicht l\u00e4nger als 25 Zeichen sein.<\/p><p><br \/><strong>8. Stellung des Zwingernamens<br \/><\/strong>Der Zwingername kann vor oder nach dem Vornamen der Katze stehen. <br \/>Sie m\u00fcssen das bei der Beantragung des Zwingernamens angeben.<\/p><p><strong>Beispiele:<\/strong><br \/>Maccurl\u2019s Mimi \u2013 Zwingername vor dem Vornamen der Katze<br \/>Mimi Maccurl \u2013 Zwingername nach dem Vornamen der Katze<br \/>Mimi of Maccurl \u2013 Zwingername nach dem Vornamen der Katze<\/p><p>Beachten Sie bitte, dass sie Pr\u00e4fix und Suffix des Zwingernamens angeben m\u00fcssen und keine Abk\u00fcrzungen verwenden.<br \/>Also nicht: v. Maccurl \u2013 sondern von Maccurl<br \/>Nicht v.d. Waldh\u00f6he \u2013 sondern von der Waldh\u00f6he<\/p><p>Pr\u00e4fix und Suffix werden bei der L\u00e4nge des Namens der Katze mitgez\u00e4hlt.<\/p>\t\t\t\t\t\t\t\t<\/div>\n\t\t\t\t<\/div>\n\t\t\t\t\t<\/div>\n\t\t<\/div>\n\t\t\t\t\t<\/div>\n\t\t<\/section>\n\t\t\t\t<\/div>\n\t\t","protected":false},"excerpt":{"rendered":"<p>REGISTRIERUNG EINES ZWINGERNAMENS 1. Z\u00fcchter Ein Z\u00fcchter ist derjenige, der f\u00fcr in seinem Haushalt (in einer Z\u00fcchtergemeinschaft) geborene Jungtiere Stammb\u00e4ume bei seinem Verein beantragt. 2. Jungtiere &#8211; Wurf Jedes im Haushalt (in der Z\u00fcchtergemeinschaft) geborene Jungtier muss einen Zwingernamen und einen von seinem Verein autorisierten Stammbaum haben. 3. Zwingername Ein Zwingername ist ein Kunstname, welcher [&hellip;]<\/p>\n","protected":false},"author":2,"featured_media":0,"parent":0,"menu_order":0,"comment_status":"closed","ping_status":"closed","template":"","meta":{"_monsterinsights_skip_tracking":false,"_monsterinsights_sitenote_active":false,"_monsterinsights_sitenote_note":"","_monsterinsights_sitenote_category":0,"footnotes":""},"class_list":["post-6620","page","type-page","status-publish","hentry"],"aioseo_notices":[],"_links":{"self":[{"href":"https:\/\/wcf.de\/de\/wp-json\/wp\/v2\/pages\/6620","targetHints":{"allow":["GET"]}}],"collection":[{"href":"https:\/\/wcf.de\/de\/wp-json\/wp\/v2\/pages"}],"about":[{"href":"https:\/\/wcf.de\/de\/wp-json\/wp\/v2\/types\/page"}],"author":[{"embeddable":true,"href":"https:\/\/wcf.de\/de\/wp-json\/wp\/v2\/users\/2"}],"replies":[{"embeddable":true,"href":"https:\/\/wcf.de\/de\/wp-json\/wp\/v2\/comments?post=6620"}],"version-history":[{"count":4,"href":"https:\/\/wcf.de\/de\/wp-json\/wp\/v2\/pages\/6620\/revisions"}],"predecessor-version":[{"id":12105,"href":"https:\/\/wcf.de\/de\/wp-json\/wp\/v2\/pages\/6620\/revisions\/12105"}],"wp:attachment":[{"href":"https:\/\/wcf.de\/de\/wp-json\/wp\/v2\/media?parent=6620"}],"curies":[{"name":"wp","href":"https:\/\/api.w.org\/{rel}","templated":true}]}}