{"id":6621,"date":"2021-05-06T12:53:51","date_gmt":"2021-05-06T12:53:51","guid":{"rendered":"https:\/\/de6.wcf-test.de\/?page_id=5385"},"modified":"2025-06-15T13:50:34","modified_gmt":"2025-06-15T13:50:34","slug":"anerkennung-neuer-rassen","status":"publish","type":"page","link":"https:\/\/wcf.de\/de\/anerkennung-neuer-rassen\/","title":{"rendered":"Anerkennung neuer Rassen"},"content":{"rendered":"\t\t<div data-elementor-type=\"wp-page\" data-elementor-id=\"6621\" class=\"elementor elementor-6621\" data-elementor-post-type=\"page\">\n\t\t\t\t\t\t<section class=\"elementor-section elementor-top-section elementor-element elementor-element-5e9bf359 elementor-section-full_width elementor-section-height-default elementor-section-height-default\" data-id=\"5e9bf359\" data-element_type=\"section\" data-e-type=\"section\">\n\t\t\t\t\t\t<div class=\"elementor-container elementor-column-gap-default\">\n\t\t\t\t\t<div class=\"elementor-column elementor-col-100 elementor-top-column elementor-element elementor-element-afc65fd\" data-id=\"afc65fd\" data-element_type=\"column\" data-e-type=\"column\">\n\t\t\t<div class=\"elementor-widget-wrap elementor-element-populated\">\n\t\t\t\t\t\t<div class=\"elementor-element elementor-element-91c6092 elementor-widget elementor-widget-heading\" data-id=\"91c6092\" data-element_type=\"widget\" data-e-type=\"widget\" data-widget_type=\"heading.default\">\n\t\t\t\t<div class=\"elementor-widget-container\">\n\t\t\t\t\t<h5 class=\"elementor-heading-title elementor-size-large\">ANERKENNUNG NEUER RASSEN &amp; FARBVARIET\u00c4TEN<\/br><\/br>\n<\/h5>\t\t\t\t<\/div>\n\t\t\t\t<\/div>\n\t\t\t\t\t<\/div>\n\t\t<\/div>\n\t\t\t\t\t<\/div>\n\t\t<\/section>\n\t\t\t\t<section class=\"elementor-section elementor-top-section elementor-element elementor-element-2939166 elementor-section-full_width elementor-section-height-default elementor-section-height-default\" data-id=\"2939166\" data-element_type=\"section\" data-e-type=\"section\">\n\t\t\t\t\t\t<div class=\"elementor-container elementor-column-gap-default\">\n\t\t\t\t\t<div class=\"elementor-column elementor-col-100 elementor-top-column elementor-element elementor-element-1ad2750\" data-id=\"1ad2750\" data-element_type=\"column\" data-e-type=\"column\">\n\t\t\t<div class=\"elementor-widget-wrap elementor-element-populated\">\n\t\t\t\t\t\t<div class=\"elementor-element elementor-element-3e75381 elementor-widget elementor-widget-text-editor\" data-id=\"3e75381\" data-element_type=\"widget\" data-e-type=\"widget\" data-widget_type=\"text-editor.default\">\n\t\t\t\t<div class=\"elementor-widget-container\">\n\t\t\t\t\t\t\t\t\t<p><strong>1. Anerkennung neuer Rassen<\/strong><\/p><p><strong>1.1 Ausstellung vor der Anerkennung<\/strong><\/p><p><strong>1.2 Antrag auf Vorf\u00fchrung<\/strong><br \/>Eine Ausstellung vor der Anerkennung ist erforderlich, um einen neuen EMS-Code zu erhalten. Der vorgeschlagene Ort und das Datum der Ausstellung m\u00fcssen zusammen mit allen Unterlagen einen Monat vor dem vorgeschlagenen Ausstellungsdatum an den Generalsekret\u00e4r geschickt werden. <br \/>Die folgenden Dokumente sind erforderlich:<br \/>a) Bericht \u00fcber den Ursprung, die Geschichte, die Genetik und die Zuchtregeln der Rasse.<br \/>b) Vorgeschlagener Standard<br \/>c) Stammb\u00e4ume, falls zutreffend<br \/>d) Bilder von den Katzen<\/p><p><strong>1.3 Bericht von der Voranerkennung<\/strong><\/p><p>Ein Bericht von der Ausstellung vor der Anerkennung von 6-10 Katzen, bei der ein Vorstandsmitglied oder Kommissionsmitglied oder ein von der Richter- und Stammbuchkommission ernannter WCF-Richter anwesend ist, um die Katzen mit einem vorgeschlagenen EMS-Code zu bewerten und zu beurteilen.<\/p><p><strong>2. Anerkennungsausstellung<\/strong><\/p><p><strong>2.1 Antrag auf Anerkennung vorlegen<\/strong><\/p><p>Eine Anerkennungsausstellung ist erforderlich; der vorgeschlagene Ort und das Datum der Ausstellung mit allen Unterlagen m\u00fcssen einen Monat vor dem vorgeschlagenen Ausstellungsdatum an den Generalsekret\u00e4r geschickt werden.<\/p><p>a) Vorgeschlagener Standard<br \/>b) Stammb\u00e4ume<br \/>c) Der Vorsitzende der Richter- und Stammbaumkommission wird zwei Richter aus der Richterkommission bekannt geben, die an der Anerkennungsausstellung teilnehmen werden.<\/p><p><strong>2.2 Einreichung der erforderlichen Dokumente bei der Richterkommission<\/strong><\/p><p>Der Club muss bei der Anerkennungsausstellung mindestens 15 Katzen f\u00fcr beide Richter pr\u00e4sentieren. <br \/>Die vorgestellten Katzen m\u00fcssen vollst\u00e4ndige Stammb\u00e4ume von 4 Generationen haben und mindestens 7 dieser Stammb\u00e4ume m\u00fcssen 3 Generationen der reinen Rasse aufweisen. <br \/>Zu jeder Katze muss ein Richterbericht geschrieben werden.<\/p><p><strong>2.3 Bericht \u00fcber die Anerkennungsausstellung<\/strong><\/p><p>Die beteiligten Richter bewerten die Katzen in einem schriftlichen Bericht mit den Richterberichten an den Vorsitzenden der Richterkommission sp\u00e4testens einen Monat nach der Anerkennungsshow. Falls erforderlich, wird dem Bericht ein \u00fcberarbeiteter Standard beigef\u00fcgt.<\/p><p><strong>2.4 Anerkennung des Standards und Entscheidung der Generalversammlung<\/strong><\/p><p>Der endg\u00fcltige Standard wird in einer Sitzung der Richterkommission best\u00e4tigt und der n\u00e4chsten Generalversammlung zur Abstimmung vorgelegt.<\/p><p><strong>3. Anerkennung neuer Farb-\/Muster-Variet\u00e4ten f\u00fcr bereits bestehende Rassen<\/strong><\/p><p><strong>3.1 Ausstellung vor der Anerkennung<\/strong><\/p><p><strong>3.2 Einreichung der erforderlichen Dokumente bei der Richterkommission<br \/><br \/><\/strong>Eine Ausstellung vor der Anerkennung ist erforderlich, um einen neuen EMS-Code zu erhalten. Der vorgeschlagene Ort und das Datum der Ausstellung sind mit allen Unterlagen einen Monat vor dem vorgeschlagenen Ausstellungsdatum an den Generalsekret\u00e4r zu senden:<br \/><br \/>a) Beschreibung der Farb-\/Mustervariet\u00e4ten oder Name der Farb-\/ Mustervariet\u00e4ten gem\u00e4\u00df der <br \/>bestehenden Liste der Farb-\/ Mustervariet\u00e4ten.<br \/>b) Stammb\u00e4ume, falls zutreffend<\/p><p><strong>3.3 Bericht von der Vorab-Anerkennungsausstellung<\/strong><\/p><p>Ein Bericht von der Ausstellung vor der Anerkennung von 6-10 Katzen, bei der ein Vorstandsmitglied oder Kommissionsmitglied oder ein von der Richter- und Stammbaumkommission ernannter WCF-Richter anwesend ist, um die Katzen mit dem vorgeschlagenen WEMS-Code zu bewerten und zu beurteilen.<\/p><p><strong>4. Anerkennungsausstellung<\/strong><\/p><p><strong>4.1 Antrag auf Anerkennung vorlegen<\/strong><\/p><p>Erforderliche Dokumente f\u00fcr die vollst\u00e4ndige Anerkennung: Der antragstellende Club kann die folgenden Unterlagen an den Generalsekret\u00e4r senden, der sie einen Monat vor dem vorgeschlagenen Ausstellungsort und -datum an den Vorsitzenden der Richterkommission weiterleitet:<\/p><p>a) Bericht \u00fcber die Herkunft, Geschichte, Genetik und Zuchtregeln der Farb-\/ Mustervariet\u00e4ten.<br \/>b) Beschreibung der Farb-\/Mustervariet\u00e4ten oder Bezeichnung der Farb-\/Mustervarie\u00e4ten gem\u00e4\u00df der bestehenden Liste der Farb-\/ Mustervariet\u00e4ten<br \/>c) Stammb\u00e4ume, falls zutreffend<br \/>d) Bilder der Katzen, auf denen die Farb-\/Mustervarianten deutlich zu erkennen sind.<\/p><p><strong>4.2 Anforderungen f\u00fcr die Anerkennungsausstellung<\/strong><br \/>Der Vorsitzende der Richter- und Stammbuchkommission wird zwei WCF-Richter benennen, die an der Anerkennungsausstellung teilnehmen werden, mindestens einer davon aus der Richterkommission. Der Club muss den beiden Richtern mindestens 15 Katzen auf der Anerkennungsausstellung pr\u00e4sentieren. Die pr\u00e4sentierten Katzen m\u00fcssen vollst\u00e4ndige Stammb\u00e4ume mit 4 Generationen haben.<\/p><p><strong>4.3 Bericht von der Anerkennungsausstellung<\/strong><br \/>Die beteiligten Richter bewerten die Katzen in einem schriftlichen Bericht und senden ihren Bericht sp\u00e4testens einen Monat nach der Anerkennungsausstellung an den Vorsitzenden der Richterkommission. Falls erforderlich, wird ihrem Bericht eine \u00fcberarbeitete Beschreibung der Farb-\/ Mustervariet\u00e4ten beigef\u00fcgt<\/p><p><strong>4.4 Anerkennung der Beschreibung der Farb-\/Muster-Variet\u00e4t<\/strong><\/p><p>Die endg\u00fcltige Beschreibung der Farb-\/ Mustervariet\u00e4ten wird in einer Sitzung der Richterkommission best\u00e4tigt und der n\u00e4chsten Generalversammlung zur Abstimmung vorgelegt.<\/p>\t\t\t\t\t\t\t\t<\/div>\n\t\t\t\t<\/div>\n\t\t\t\t\t<\/div>\n\t\t<\/div>\n\t\t\t\t\t<\/div>\n\t\t<\/section>\n\t\t\t\t<\/div>\n\t\t","protected":false},"excerpt":{"rendered":"<p>ANERKENNUNG NEUER RASSEN &amp; FARBVARIET\u00c4TEN 1. Anerkennung neuer Rassen 1.1 Ausstellung vor der Anerkennung 1.2 Antrag auf Vorf\u00fchrungEine Ausstellung vor der Anerkennung ist erforderlich, um einen neuen EMS-Code zu erhalten. Der vorgeschlagene Ort und das Datum der Ausstellung m\u00fcssen zusammen mit allen Unterlagen einen Monat vor dem vorgeschlagenen Ausstellungsdatum an den Generalsekret\u00e4r geschickt werden. Die [&hellip;]<\/p>\n","protected":false},"author":2,"featured_media":0,"parent":0,"menu_order":0,"comment_status":"closed","ping_status":"closed","template":"","meta":{"_monsterinsights_skip_tracking":false,"_monsterinsights_sitenote_active":false,"_monsterinsights_sitenote_note":"","_monsterinsights_sitenote_category":0,"footnotes":""},"class_list":["post-6621","page","type-page","status-publish","hentry"],"aioseo_notices":[],"_links":{"self":[{"href":"https:\/\/wcf.de\/de\/wp-json\/wp\/v2\/pages\/6621","targetHints":{"allow":["GET"]}}],"collection":[{"href":"https:\/\/wcf.de\/de\/wp-json\/wp\/v2\/pages"}],"about":[{"href":"https:\/\/wcf.de\/de\/wp-json\/wp\/v2\/types\/page"}],"author":[{"embeddable":true,"href":"https:\/\/wcf.de\/de\/wp-json\/wp\/v2\/users\/2"}],"replies":[{"embeddable":true,"href":"https:\/\/wcf.de\/de\/wp-json\/wp\/v2\/comments?post=6621"}],"version-history":[{"count":36,"href":"https:\/\/wcf.de\/de\/wp-json\/wp\/v2\/pages\/6621\/revisions"}],"predecessor-version":[{"id":14219,"href":"https:\/\/wcf.de\/de\/wp-json\/wp\/v2\/pages\/6621\/revisions\/14219"}],"wp:attachment":[{"href":"https:\/\/wcf.de\/de\/wp-json\/wp\/v2\/media?parent=6621"}],"curies":[{"name":"wp","href":"https:\/\/api.w.org\/{rel}","templated":true}]}}