{"id":6626,"date":"2021-05-09T09:58:58","date_gmt":"2021-05-09T09:58:58","guid":{"rendered":"https:\/\/de6.wcf-test.de\/?page_id=5767"},"modified":"2021-12-19T12:30:23","modified_gmt":"2021-12-19T12:30:23","slug":"2015-2","status":"publish","type":"page","link":"https:\/\/wcf.de\/de\/2015-2\/","title":{"rendered":"2015"},"content":{"rendered":"\t\t<div data-elementor-type=\"wp-page\" data-elementor-id=\"6626\" class=\"elementor elementor-6626\" data-elementor-post-type=\"page\">\n\t\t\t\t\t\t<section class=\"elementor-section elementor-top-section elementor-element elementor-element-5e9bf359 elementor-section-full_width elementor-section-height-default elementor-section-height-default\" data-id=\"5e9bf359\" data-element_type=\"section\" data-e-type=\"section\">\n\t\t\t\t\t\t<div class=\"elementor-container elementor-column-gap-default\">\n\t\t\t\t\t<div class=\"elementor-column elementor-col-100 elementor-top-column elementor-element elementor-element-afc65fd\" data-id=\"afc65fd\" data-element_type=\"column\" data-e-type=\"column\">\n\t\t\t<div class=\"elementor-widget-wrap elementor-element-populated\">\n\t\t\t\t\t\t<div class=\"elementor-element elementor-element-91c6092 elementor-widget elementor-widget-heading\" data-id=\"91c6092\" data-element_type=\"widget\" data-e-type=\"widget\" data-widget_type=\"heading.default\">\n\t\t\t\t<div class=\"elementor-widget-container\">\n\t\t\t\t\t<h5 class=\"elementor-heading-title elementor-size-large\">ARCHIV 2015<\/h5>\t\t\t\t<\/div>\n\t\t\t\t<\/div>\n\t\t\t\t\t<\/div>\n\t\t<\/div>\n\t\t\t\t\t<\/div>\n\t\t<\/section>\n\t\t\t\t<section class=\"elementor-section elementor-top-section elementor-element elementor-element-240ca1e elementor-section-full_width elementor-section-height-default elementor-section-height-default\" data-id=\"240ca1e\" data-element_type=\"section\" data-e-type=\"section\">\n\t\t\t\t\t\t<div class=\"elementor-container elementor-column-gap-default\">\n\t\t\t\t\t<div class=\"elementor-column elementor-col-100 elementor-top-column elementor-element elementor-element-b57831c\" data-id=\"b57831c\" data-element_type=\"column\" data-e-type=\"column\">\n\t\t\t<div class=\"elementor-widget-wrap elementor-element-populated\">\n\t\t\t\t\t\t<div class=\"elementor-element elementor-element-4a6b75b elementor-widget elementor-widget-text-editor\" data-id=\"4a6b75b\" data-element_type=\"widget\" data-e-type=\"widget\" data-widget_type=\"text-editor.default\">\n\t\t\t\t<div class=\"elementor-widget-container\">\n\t\t\t\t\t\t\t\t\t\n<p>2015-12-02<\/p>\n<p><strong>Clubnummer<\/strong><\/p>\n<p>Ab 1.1.2016 muss zwingend in jeder Korrespondenz die Clubnummer des anfragenden Clubs enthalten sein.<br \/>Korrespondenz ohne Angabe der Clubnummer kann nicht mehr bearbeitet werden. Gleichzeitig m\u00f6chten wir<br \/>nochmals daran erinnern, da\u00df Subclubs und Einzelpersonen das WCF-B\u00fcro nur \u00fcber Ihren Hauptclub kontaktieren<br \/>k\u00f6nnen. Direkte Anfragen sind nicht vorgesehen.<\/p>\n<p><br \/>Der Vorstand<\/p>\n\t\t\t\t\t\t\t\t<\/div>\n\t\t\t\t<\/div>\n\t\t\t\t<div class=\"elementor-element elementor-element-110c8a2 elementor-widget-divider--view-line elementor-widget elementor-widget-divider\" data-id=\"110c8a2\" data-element_type=\"widget\" data-e-type=\"widget\" data-widget_type=\"divider.default\">\n\t\t\t\t<div class=\"elementor-widget-container\">\n\t\t\t\t\t\t\t<div class=\"elementor-divider\">\n\t\t\t<span class=\"elementor-divider-separator\">\n\t\t\t\t\t\t<\/span>\n\t\t<\/div>\n\t\t\t\t\t\t<\/div>\n\t\t\t\t<\/div>\n\t\t\t\t\t<\/div>\n\t\t<\/div>\n\t\t\t\t\t<\/div>\n\t\t<\/section>\n\t\t\t\t<section class=\"elementor-section elementor-top-section elementor-element elementor-element-ab855ac elementor-section-full_width elementor-section-height-default elementor-section-height-default\" data-id=\"ab855ac\" data-element_type=\"section\" data-e-type=\"section\">\n\t\t\t\t\t\t<div class=\"elementor-container elementor-column-gap-default\">\n\t\t\t\t\t<div class=\"elementor-column elementor-col-100 elementor-top-column elementor-element elementor-element-4022039\" data-id=\"4022039\" data-element_type=\"column\" data-e-type=\"column\">\n\t\t\t<div class=\"elementor-widget-wrap elementor-element-populated\">\n\t\t\t\t\t\t<div class=\"elementor-element elementor-element-63ae1b1 elementor-widget elementor-widget-text-editor\" data-id=\"63ae1b1\" data-element_type=\"widget\" data-e-type=\"widget\" data-widget_type=\"text-editor.default\">\n\t\t\t\t<div class=\"elementor-widget-container\">\n\t\t\t\t\t\t\t\t\t\n<p>2015-11-21<\/p>\n<p><strong>BEST CAT &#8211; Formular<\/strong><\/p>\n<p>Das &#8220;BEST CAT &#8211; Formular&#8221; ist ab sofort wiedert verf\u00fcgbar.<\/p>\n<p><br \/>Admin WCF<\/p>\n\t\t\t\t\t\t\t\t<\/div>\n\t\t\t\t<\/div>\n\t\t\t\t<div class=\"elementor-element elementor-element-acc7ff1 elementor-widget-divider--view-line elementor-widget elementor-widget-divider\" data-id=\"acc7ff1\" data-element_type=\"widget\" data-e-type=\"widget\" data-widget_type=\"divider.default\">\n\t\t\t\t<div class=\"elementor-widget-container\">\n\t\t\t\t\t\t\t<div class=\"elementor-divider\">\n\t\t\t<span class=\"elementor-divider-separator\">\n\t\t\t\t\t\t<\/span>\n\t\t<\/div>\n\t\t\t\t\t\t<\/div>\n\t\t\t\t<\/div>\n\t\t\t\t\t<\/div>\n\t\t<\/div>\n\t\t\t\t\t<\/div>\n\t\t<\/section>\n\t\t\t\t<section class=\"elementor-section elementor-top-section elementor-element elementor-element-c662207 elementor-section-full_width elementor-section-height-default elementor-section-height-default\" data-id=\"c662207\" data-element_type=\"section\" data-e-type=\"section\">\n\t\t\t\t\t\t<div class=\"elementor-container elementor-column-gap-default\">\n\t\t\t\t\t<div class=\"elementor-column elementor-col-100 elementor-top-column elementor-element elementor-element-0a642ec\" data-id=\"0a642ec\" data-element_type=\"column\" data-e-type=\"column\">\n\t\t\t<div class=\"elementor-widget-wrap elementor-element-populated\">\n\t\t\t\t\t\t<div class=\"elementor-element elementor-element-fe04aa6 elementor-widget elementor-widget-text-editor\" data-id=\"fe04aa6\" data-element_type=\"widget\" data-e-type=\"widget\" data-widget_type=\"text-editor.default\">\n\t\t\t\t<div class=\"elementor-widget-container\">\n\t\t\t\t\t\t\t\t\t\n<p>2015-10-29<\/p>\n<p><strong>Liebe Mitglieder<\/strong><\/p>\n<p>Der Vorstandsbeschluss vom 30.09.2015 wurde aufgrund missverst\u00e4ndlicher Ausdrucksweise umformuliert:<br \/>Aufgrund der guten Ausstattung der WCF mit eigens in der WCF ausgebildeten Richtern, wird keine weitere<br \/>Richtererlaubnis f\u00fcr Richter ausgestellt, die ihre Pr\u00fcfungen nicht in der WCF abgelegt haben. Eine Ausbildung<br \/>bei einem der WCC Mitgliedsverb\u00e4nde wird gleichrangig wie eine WCF Ausbildung behandelt. Dieser Beschluss<br \/>tritt sofort in Kraft und wird auf der n\u00e4chsten GV zur Abstimmung vorgelegt.<\/p>\n<p><br \/>Der Vorstand<\/p>\n<p>Erkl\u00e4rend m\u00f6chten wir hinzuf\u00fcgen: Richter von World Cat Congress Mitgliedsverb\u00e4nden k\u00f6nnen weiter wie gewohnt<br \/>eingeladen werden. Sie werden in der Show-Lizenzierung wie WCF Richter behandelt solange kein Einzelbeschluss<br \/>des Vorstands und der Richterkommission gegen eine solche Lizenzierung vorliegt. Nicht WCC Richter k\u00f6nnen weiterhin<br \/>mit \u00dcberpr\u00fcfung durch die Richterkommission und Sondergenehmigung durch den Vorstand f\u00fcr Show-Lizenzen<br \/>freigegeben werden.<\/p>\n\t\t\t\t\t\t\t\t<\/div>\n\t\t\t\t<\/div>\n\t\t\t\t<div class=\"elementor-element elementor-element-5edb0b5 elementor-widget-divider--view-line elementor-widget elementor-widget-divider\" data-id=\"5edb0b5\" data-element_type=\"widget\" data-e-type=\"widget\" data-widget_type=\"divider.default\">\n\t\t\t\t<div class=\"elementor-widget-container\">\n\t\t\t\t\t\t\t<div class=\"elementor-divider\">\n\t\t\t<span class=\"elementor-divider-separator\">\n\t\t\t\t\t\t<\/span>\n\t\t<\/div>\n\t\t\t\t\t\t<\/div>\n\t\t\t\t<\/div>\n\t\t\t\t\t<\/div>\n\t\t<\/div>\n\t\t\t\t\t<\/div>\n\t\t<\/section>\n\t\t\t\t<section class=\"elementor-section elementor-top-section elementor-element elementor-element-5005d1a elementor-section-full_width elementor-section-height-default elementor-section-height-default\" data-id=\"5005d1a\" data-element_type=\"section\" data-e-type=\"section\">\n\t\t\t\t\t\t<div class=\"elementor-container elementor-column-gap-default\">\n\t\t\t\t\t<div class=\"elementor-column elementor-col-100 elementor-top-column elementor-element elementor-element-2ce97a8\" data-id=\"2ce97a8\" data-element_type=\"column\" data-e-type=\"column\">\n\t\t\t<div class=\"elementor-widget-wrap elementor-element-populated\">\n\t\t\t\t\t\t<div class=\"elementor-element elementor-element-b118c39 elementor-widget elementor-widget-text-editor\" data-id=\"b118c39\" data-element_type=\"widget\" data-e-type=\"widget\" data-widget_type=\"text-editor.default\">\n\t\t\t\t<div class=\"elementor-widget-container\">\n\t\t\t\t\t\t\t\t\t\n<p>2015-10-23<\/p>\n<p><strong>BEST CAT &#8211; Formular<\/strong><\/p>\n<p>Auf Grund von Serverproblemen ist das &#8220;BEST CAT &#8211; Formular&#8221; momemntan nicht verf\u00fcgbar.<\/p>\n<p><br \/>Der Vorstand<\/p>\n\t\t\t\t\t\t\t\t<\/div>\n\t\t\t\t<\/div>\n\t\t\t\t<div class=\"elementor-element elementor-element-a1c6da7 elementor-widget-divider--view-line elementor-widget elementor-widget-divider\" data-id=\"a1c6da7\" data-element_type=\"widget\" data-e-type=\"widget\" data-widget_type=\"divider.default\">\n\t\t\t\t<div class=\"elementor-widget-container\">\n\t\t\t\t\t\t\t<div class=\"elementor-divider\">\n\t\t\t<span class=\"elementor-divider-separator\">\n\t\t\t\t\t\t<\/span>\n\t\t<\/div>\n\t\t\t\t\t\t<\/div>\n\t\t\t\t<\/div>\n\t\t\t\t\t<\/div>\n\t\t<\/div>\n\t\t\t\t\t<\/div>\n\t\t<\/section>\n\t\t\t\t<section class=\"elementor-section elementor-top-section elementor-element elementor-element-8066008 elementor-section-full_width elementor-section-height-default elementor-section-height-default\" data-id=\"8066008\" data-element_type=\"section\" data-e-type=\"section\">\n\t\t\t\t\t\t<div class=\"elementor-container elementor-column-gap-default\">\n\t\t\t\t\t<div class=\"elementor-column elementor-col-100 elementor-top-column elementor-element elementor-element-1ceaed2\" data-id=\"1ceaed2\" data-element_type=\"column\" data-e-type=\"column\">\n\t\t\t<div class=\"elementor-widget-wrap elementor-element-populated\">\n\t\t\t\t\t\t<div class=\"elementor-element elementor-element-74eea1d elementor-widget elementor-widget-text-editor\" data-id=\"74eea1d\" data-element_type=\"widget\" data-e-type=\"widget\" data-widget_type=\"text-editor.default\">\n\t\t\t\t<div class=\"elementor-widget-container\">\n\t\t\t\t\t\t\t\t\t\n<p>2015-10-10<\/p>\n<p>Ich m\u00f6chte mich ganz herzlich f\u00fcr die Gl\u00fcckw\u00fcnsche zu meinem Geburtstag<br \/>(ob per Video, Blumen oder Karte &#8230;.) bedanken.<\/p>\n<p>Ich freue mich das soviele Personen weltweit daran gedacht haben.<\/p>\n<p><br \/>Mit den besten<br \/>Gr\u00fc\u00dfen Anneliese Hackmann<\/p>\n\t\t\t\t\t\t\t\t<\/div>\n\t\t\t\t<\/div>\n\t\t\t\t<div class=\"elementor-element elementor-element-99b213e elementor-widget-divider--view-line elementor-widget elementor-widget-divider\" data-id=\"99b213e\" data-element_type=\"widget\" data-e-type=\"widget\" data-widget_type=\"divider.default\">\n\t\t\t\t<div class=\"elementor-widget-container\">\n\t\t\t\t\t\t\t<div class=\"elementor-divider\">\n\t\t\t<span class=\"elementor-divider-separator\">\n\t\t\t\t\t\t<\/span>\n\t\t<\/div>\n\t\t\t\t\t\t<\/div>\n\t\t\t\t<\/div>\n\t\t\t\t\t<\/div>\n\t\t<\/div>\n\t\t\t\t\t<\/div>\n\t\t<\/section>\n\t\t\t\t<section class=\"elementor-section elementor-top-section elementor-element elementor-element-1377dd5 elementor-section-full_width elementor-section-height-default elementor-section-height-default\" data-id=\"1377dd5\" data-element_type=\"section\" data-e-type=\"section\">\n\t\t\t\t\t\t<div class=\"elementor-container elementor-column-gap-default\">\n\t\t\t\t\t<div class=\"elementor-column elementor-col-100 elementor-top-column elementor-element elementor-element-7d6e676\" data-id=\"7d6e676\" data-element_type=\"column\" data-e-type=\"column\">\n\t\t\t<div class=\"elementor-widget-wrap elementor-element-populated\">\n\t\t\t\t\t\t<div class=\"elementor-element elementor-element-5b1a146 elementor-widget elementor-widget-text-editor\" data-id=\"5b1a146\" data-element_type=\"widget\" data-e-type=\"widget\" data-widget_type=\"text-editor.default\">\n\t\t\t\t<div class=\"elementor-widget-container\">\n\t\t\t\t\t\t\t\t\t\n<p>2015-10-09<\/p>\n<p><strong>Hinweis zum Punktesystem der WCF Best Cat:<\/strong><\/p>\n<p>Auf WCF-Jubil\u00e4umsausstellungen, die zuvor beim Vorstand der WCF angemeldet wurden, z\u00e4hlen die Punkte doppelt.<br \/>Auf WCF-Weltausstellungen z\u00e4hlen die Punkte doppelt.<br \/>Die Punkte, die auf der WCF-Olimpia Ausstellung erworben werden z\u00e4hlen dreifach.<\/p>\n<p>Der Vorstand<\/p>\n\t\t\t\t\t\t\t\t<\/div>\n\t\t\t\t<\/div>\n\t\t\t\t<div class=\"elementor-element elementor-element-6a3dde9 elementor-widget-divider--view-line elementor-widget elementor-widget-divider\" data-id=\"6a3dde9\" data-element_type=\"widget\" data-e-type=\"widget\" data-widget_type=\"divider.default\">\n\t\t\t\t<div class=\"elementor-widget-container\">\n\t\t\t\t\t\t\t<div class=\"elementor-divider\">\n\t\t\t<span class=\"elementor-divider-separator\">\n\t\t\t\t\t\t<\/span>\n\t\t<\/div>\n\t\t\t\t\t\t<\/div>\n\t\t\t\t<\/div>\n\t\t\t\t\t<\/div>\n\t\t<\/div>\n\t\t\t\t\t<\/div>\n\t\t<\/section>\n\t\t\t\t<section class=\"elementor-section elementor-top-section elementor-element elementor-element-dacbcdf elementor-section-full_width elementor-section-height-default elementor-section-height-default\" data-id=\"dacbcdf\" data-element_type=\"section\" data-e-type=\"section\">\n\t\t\t\t\t\t<div class=\"elementor-container elementor-column-gap-default\">\n\t\t\t\t\t<div class=\"elementor-column elementor-col-100 elementor-top-column elementor-element elementor-element-f8069e7\" data-id=\"f8069e7\" data-element_type=\"column\" data-e-type=\"column\">\n\t\t\t<div class=\"elementor-widget-wrap elementor-element-populated\">\n\t\t\t\t\t\t<div class=\"elementor-element elementor-element-8698834 elementor-widget elementor-widget-text-editor\" data-id=\"8698834\" data-element_type=\"widget\" data-e-type=\"widget\" data-widget_type=\"text-editor.default\">\n\t\t\t\t<div class=\"elementor-widget-container\">\n\t\t\t\t\t\t\t\t\t\n<p>2015-09-30<\/p>\n<p><strong>Zwinger<\/strong><\/p>\n<p>Frau Reiter wird vom 6. bis 28. Oktober nicht im B\u00fcro sein. Bedingt durch Ihre Abwesenheit wird es zur<br \/>Verz\u00f6gerung bei der Bearbeitung der Zwinger kommen. Wir werden Ihre Anfragen bearbeiten und so<br \/>schnell als m\u00f6glich zu Ihnen zur\u00fccksenden. Wir bedanken uns f\u00fcr Ihr Verst\u00e4ndnis und Ihre Geduld.<\/p>\n<p><br \/>Der Vorstand<\/p>\n\t\t\t\t\t\t\t\t<\/div>\n\t\t\t\t<\/div>\n\t\t\t\t<div class=\"elementor-element elementor-element-e91f672 elementor-widget-divider--view-line elementor-widget elementor-widget-divider\" data-id=\"e91f672\" data-element_type=\"widget\" data-e-type=\"widget\" data-widget_type=\"divider.default\">\n\t\t\t\t<div class=\"elementor-widget-container\">\n\t\t\t\t\t\t\t<div class=\"elementor-divider\">\n\t\t\t<span class=\"elementor-divider-separator\">\n\t\t\t\t\t\t<\/span>\n\t\t<\/div>\n\t\t\t\t\t\t<\/div>\n\t\t\t\t<\/div>\n\t\t\t\t\t<\/div>\n\t\t<\/div>\n\t\t\t\t\t<\/div>\n\t\t<\/section>\n\t\t\t\t<section class=\"elementor-section elementor-top-section elementor-element elementor-element-080b95e elementor-section-full_width elementor-section-height-default elementor-section-height-default\" data-id=\"080b95e\" data-element_type=\"section\" data-e-type=\"section\">\n\t\t\t\t\t\t<div class=\"elementor-container elementor-column-gap-default\">\n\t\t\t\t\t<div class=\"elementor-column elementor-col-100 elementor-top-column elementor-element elementor-element-43db9f2\" data-id=\"43db9f2\" data-element_type=\"column\" data-e-type=\"column\">\n\t\t\t<div class=\"elementor-widget-wrap elementor-element-populated\">\n\t\t\t\t\t\t<div class=\"elementor-element elementor-element-d31bfd3 elementor-widget elementor-widget-text-editor\" data-id=\"d31bfd3\" data-element_type=\"widget\" data-e-type=\"widget\" data-widget_type=\"text-editor.default\">\n\t\t\t\t<div class=\"elementor-widget-container\">\n\t\t\t\t\t\t\t\t\t\n<p>2015-07-25<\/p>\n<p><strong>Neue Mailadresse f\u00fcr Show Ergebnisse<\/strong><\/p>\n<p>Bitte benutzen Sie ab sofort folgende Mailadresse f\u00fcr die Zusendung Ihrer Showergebnisse:<\/p>\n<p><a href=\"mailto:show.results@wcf-online.de\">show.results@wcf-online.de<\/a><\/p>\n<p><br \/>Anneliese Hackmann<br \/>Pr\u00e4sidentin WCF<\/p>\n\t\t\t\t\t\t\t\t<\/div>\n\t\t\t\t<\/div>\n\t\t\t\t<div class=\"elementor-element elementor-element-ed3e22f elementor-widget-divider--view-line elementor-widget elementor-widget-divider\" data-id=\"ed3e22f\" data-element_type=\"widget\" data-e-type=\"widget\" data-widget_type=\"divider.default\">\n\t\t\t\t<div class=\"elementor-widget-container\">\n\t\t\t\t\t\t\t<div class=\"elementor-divider\">\n\t\t\t<span class=\"elementor-divider-separator\">\n\t\t\t\t\t\t<\/span>\n\t\t<\/div>\n\t\t\t\t\t\t<\/div>\n\t\t\t\t<\/div>\n\t\t\t\t\t<\/div>\n\t\t<\/div>\n\t\t\t\t\t<\/div>\n\t\t<\/section>\n\t\t\t\t<\/div>\n\t\t","protected":false},"excerpt":{"rendered":"<p>ARCHIV 2015 2015-12-02 Clubnummer Ab 1.1.2016 muss zwingend in jeder Korrespondenz die Clubnummer des anfragenden Clubs enthalten sein.Korrespondenz ohne Angabe der Clubnummer kann nicht mehr bearbeitet werden. Gleichzeitig m\u00f6chten wirnochmals daran erinnern, da\u00df Subclubs und Einzelpersonen das WCF-B\u00fcro nur \u00fcber Ihren Hauptclub kontaktierenk\u00f6nnen. Direkte Anfragen sind nicht vorgesehen. Der Vorstand 2015-11-21 BEST CAT &#8211; Formular [&hellip;]<\/p>\n","protected":false},"author":2,"featured_media":0,"parent":0,"menu_order":0,"comment_status":"closed","ping_status":"closed","template":"","meta":{"_monsterinsights_skip_tracking":false,"_monsterinsights_sitenote_active":false,"_monsterinsights_sitenote_note":"","_monsterinsights_sitenote_category":0,"footnotes":""},"class_list":["post-6626","page","type-page","status-publish","hentry"],"aioseo_notices":[],"_links":{"self":[{"href":"https:\/\/wcf.de\/de\/wp-json\/wp\/v2\/pages\/6626","targetHints":{"allow":["GET"]}}],"collection":[{"href":"https:\/\/wcf.de\/de\/wp-json\/wp\/v2\/pages"}],"about":[{"href":"https:\/\/wcf.de\/de\/wp-json\/wp\/v2\/types\/page"}],"author":[{"embeddable":true,"href":"https:\/\/wcf.de\/de\/wp-json\/wp\/v2\/users\/2"}],"replies":[{"embeddable":true,"href":"https:\/\/wcf.de\/de\/wp-json\/wp\/v2\/comments?post=6626"}],"version-history":[{"count":4,"href":"https:\/\/wcf.de\/de\/wp-json\/wp\/v2\/pages\/6626\/revisions"}],"predecessor-version":[{"id":11799,"href":"https:\/\/wcf.de\/de\/wp-json\/wp\/v2\/pages\/6626\/revisions\/11799"}],"wp:attachment":[{"href":"https:\/\/wcf.de\/de\/wp-json\/wp\/v2\/media?parent=6626"}],"curies":[{"name":"wp","href":"https:\/\/api.w.org\/{rel}","templated":true}]}}