{"id":6634,"date":"2021-05-16T10:24:23","date_gmt":"2021-05-16T10:24:23","guid":{"rendered":"https:\/\/de6.wcf-test.de\/?page_id=6183"},"modified":"2021-12-19T13:13:20","modified_gmt":"2021-12-19T13:13:20","slug":"wcc-2010-melbourne","status":"publish","type":"page","link":"https:\/\/wcf.de\/de\/wcc-2010-melbourne\/","title":{"rendered":"WCC 2010 Melbourne"},"content":{"rendered":"\t\t<div data-elementor-type=\"wp-page\" data-elementor-id=\"6634\" class=\"elementor elementor-6634\" data-elementor-post-type=\"page\">\n\t\t\t\t\t\t<section class=\"elementor-section elementor-top-section elementor-element elementor-element-432e21f3 elementor-section-full_width elementor-section-height-default elementor-section-height-default\" data-id=\"432e21f3\" data-element_type=\"section\" data-e-type=\"section\">\n\t\t\t\t\t\t<div class=\"elementor-container elementor-column-gap-default\">\n\t\t\t\t\t<div class=\"elementor-column elementor-col-100 elementor-top-column elementor-element elementor-element-784e44de\" data-id=\"784e44de\" data-element_type=\"column\" data-e-type=\"column\">\n\t\t\t<div class=\"elementor-widget-wrap elementor-element-populated\">\n\t\t\t\t\t\t<div class=\"elementor-element elementor-element-237f2bf7 elementor-widget elementor-widget-heading\" data-id=\"237f2bf7\" data-element_type=\"widget\" data-e-type=\"widget\" data-widget_type=\"heading.default\">\n\t\t\t\t<div class=\"elementor-widget-container\">\n\t\t\t\t\t<h5 class=\"elementor-heading-title elementor-size-large\">WORLD CAT CONGRESS 2010 -<\/br>\nMELBOURNE, AUSTRALIEN, 30.04. - 03.05.2010<\/h5>\t\t\t\t<\/div>\n\t\t\t\t<\/div>\n\t\t\t\t\t<\/div>\n\t\t<\/div>\n\t\t\t\t\t<\/div>\n\t\t<\/section>\n\t\t\t\t<section class=\"elementor-section elementor-top-section elementor-element elementor-element-31df4995 elementor-section-full_width elementor-section-height-default elementor-section-height-default\" data-id=\"31df4995\" data-element_type=\"section\" data-e-type=\"section\">\n\t\t\t\t\t\t<div class=\"elementor-container elementor-column-gap-default\">\n\t\t\t\t\t<div class=\"elementor-column elementor-col-100 elementor-top-column elementor-element elementor-element-1f81220e\" data-id=\"1f81220e\" data-element_type=\"column\" data-e-type=\"column\">\n\t\t\t<div class=\"elementor-widget-wrap elementor-element-populated\">\n\t\t\t\t\t\t<div class=\"elementor-element elementor-element-35554790 elementor-widget elementor-widget-text-editor\" data-id=\"35554790\" data-element_type=\"widget\" data-e-type=\"widget\" data-widget_type=\"text-editor.default\">\n\t\t\t\t<div class=\"elementor-widget-container\">\n\t\t\t\t\t\t\t\t\t\n<p>Dieses Jahr fand das allj\u00e4hrliche WCC Meeting in Melbourne, Australien statt. Ausrichter f\u00fcr dieses viert\u00e4gige Treffen war<br \/>in diesem Jahr der CCCA. Die einzelnen Dachorganisationen waren vertreten durch:<\/p>\n\t\t\t\t\t\t\t\t<\/div>\n\t\t\t\t<\/div>\n\t\t\t\t\t<\/div>\n\t\t<\/div>\n\t\t\t\t\t<\/div>\n\t\t<\/section>\n\t\t\t\t<section class=\"elementor-section elementor-top-section elementor-element elementor-element-16037b32 elementor-section-full_width elementor-section-height-default elementor-section-height-default\" data-id=\"16037b32\" data-element_type=\"section\" data-e-type=\"section\">\n\t\t\t\t\t\t<div class=\"elementor-container elementor-column-gap-default\">\n\t\t\t\t\t<div class=\"elementor-column elementor-col-33 elementor-top-column elementor-element elementor-element-1932ffc1\" data-id=\"1932ffc1\" data-element_type=\"column\" data-e-type=\"column\">\n\t\t\t<div class=\"elementor-widget-wrap elementor-element-populated\">\n\t\t\t\t\t\t<div class=\"elementor-element elementor-element-73c95d26 elementor-widget elementor-widget-text-editor\" data-id=\"73c95d26\" data-element_type=\"widget\" data-e-type=\"widget\" data-widget_type=\"text-editor.default\">\n\t\t\t\t<div class=\"elementor-widget-container\">\n\t\t\t\t\t\t\t\t\t<p>ACF<br \/>CCCA<br \/>CFA<br \/>FIFe<br \/>GCCF<br \/>NZCF<br \/>SACC<br \/>TICA<br \/>WCF<br \/>WCC<\/p>\t\t\t\t\t\t\t\t<\/div>\n\t\t\t\t<\/div>\n\t\t\t\t\t<\/div>\n\t\t<\/div>\n\t\t\t\t<div class=\"elementor-column elementor-col-33 elementor-top-column elementor-element elementor-element-764b2480\" data-id=\"764b2480\" data-element_type=\"column\" data-e-type=\"column\">\n\t\t\t<div class=\"elementor-widget-wrap elementor-element-populated\">\n\t\t\t\t\t\t<div class=\"elementor-element elementor-element-2e44dbb8 elementor-widget elementor-widget-text-editor\" data-id=\"2e44dbb8\" data-element_type=\"widget\" data-e-type=\"widget\" data-widget_type=\"text-editor.default\">\n\t\t\t\t<div class=\"elementor-widget-container\">\n\t\t\t\t\t\t\t\t\t<p>Australian Cat Federation<br \/>Co-Ordinating Cat Council of Australia<br \/>Cat Fanciers\u2019 Association<br \/>F\u00e9d\u00e9ration Internationale F\u00e9line<br \/>Governing Council of the Cat Fancy<br \/>New Zealand Cat Fancy<br \/>Southern African Cat Council<br \/>The International Cat Association<br \/>World Cat Federation<br \/>Sekret\u00e4rin und Schatzmeisterin<\/p>\t\t\t\t\t\t\t\t<\/div>\n\t\t\t\t<\/div>\n\t\t\t\t\t<\/div>\n\t\t<\/div>\n\t\t\t\t<div class=\"elementor-column elementor-col-33 elementor-top-column elementor-element elementor-element-30841f7e\" data-id=\"30841f7e\" data-element_type=\"column\" data-e-type=\"column\">\n\t\t\t<div class=\"elementor-widget-wrap elementor-element-populated\">\n\t\t\t\t\t\t<div class=\"elementor-element elementor-element-726495f8 elementor-widget elementor-widget-text-editor\" data-id=\"726495f8\" data-element_type=\"widget\" data-e-type=\"widget\" data-widget_type=\"text-editor.default\">\n\t\t\t\t<div class=\"elementor-widget-container\">\n\t\t\t\t\t\t\t\t\t<p>Lesley Morgan Blythe<br \/>Cheryle U\u2019ren<br \/>Pam DelaBar<br \/>Eric Reijers<br \/>Betty Shingleton<br \/>Chris Lowe<br \/>Ingrid De Wet<br \/>Vickie Fisher<br \/>Cornelia Hungerecker<br \/>Penny Bydlinski<\/p>\t\t\t\t\t\t\t\t<\/div>\n\t\t\t\t<\/div>\n\t\t\t\t\t<\/div>\n\t\t<\/div>\n\t\t\t\t\t<\/div>\n\t\t<\/section>\n\t\t\t\t<section class=\"elementor-section elementor-top-section elementor-element elementor-element-32d36a97 elementor-section-full_width elementor-section-height-default elementor-section-height-default\" data-id=\"32d36a97\" data-element_type=\"section\" data-e-type=\"section\">\n\t\t\t\t\t\t<div class=\"elementor-container elementor-column-gap-default\">\n\t\t\t\t\t<div class=\"elementor-column elementor-col-33 elementor-top-column elementor-element elementor-element-78f58817\" data-id=\"78f58817\" data-element_type=\"column\" data-e-type=\"column\">\n\t\t\t<div class=\"elementor-widget-wrap elementor-element-populated\">\n\t\t\t\t\t\t<div class=\"elementor-element elementor-element-c85bed4 elementor-widget elementor-widget-image\" data-id=\"c85bed4\" data-element_type=\"widget\" data-e-type=\"widget\" data-widget_type=\"image.default\">\n\t\t\t\t<div class=\"elementor-widget-container\">\n\t\t\t\t\t\t\t\t\t\t\t\t\t\t\t<img decoding=\"async\" width=\"200\" height=\"125\" src=\"https:\/\/wcf.de\/de\/wp-content\/uploads\/sites\/9\/2021\/05\/WCC_2010_1.jpg\" class=\"attachment-large size-large wp-image-6198\" alt=\"\" \/>\t\t\t\t\t\t\t\t\t\t\t\t\t\t\t<\/div>\n\t\t\t\t<\/div>\n\t\t\t\t\t<\/div>\n\t\t<\/div>\n\t\t\t\t<div class=\"elementor-column elementor-col-33 elementor-top-column elementor-element elementor-element-235fb12a\" data-id=\"235fb12a\" data-element_type=\"column\" data-e-type=\"column\">\n\t\t\t<div class=\"elementor-widget-wrap elementor-element-populated\">\n\t\t\t\t\t\t<div class=\"elementor-element elementor-element-5b3a6b86 elementor-widget elementor-widget-image\" data-id=\"5b3a6b86\" data-element_type=\"widget\" data-e-type=\"widget\" data-widget_type=\"image.default\">\n\t\t\t\t<div class=\"elementor-widget-container\">\n\t\t\t\t\t\t\t\t\t\t\t\t\t\t\t<img decoding=\"async\" width=\"200\" height=\"125\" src=\"https:\/\/wcf.de\/de\/wp-content\/uploads\/sites\/9\/2021\/05\/WCC_2010_2.jpg\" class=\"attachment-large size-large wp-image-6199\" alt=\"\" \/>\t\t\t\t\t\t\t\t\t\t\t\t\t\t\t<\/div>\n\t\t\t\t<\/div>\n\t\t\t\t\t<\/div>\n\t\t<\/div>\n\t\t\t\t<div class=\"elementor-column elementor-col-33 elementor-top-column elementor-element elementor-element-4ecbd5f4\" data-id=\"4ecbd5f4\" data-element_type=\"column\" data-e-type=\"column\">\n\t\t\t<div class=\"elementor-widget-wrap\">\n\t\t\t\t\t\t\t<\/div>\n\t\t<\/div>\n\t\t\t\t\t<\/div>\n\t\t<\/section>\n\t\t\t\t<section class=\"elementor-section elementor-top-section elementor-element elementor-element-bf50427 elementor-section-full_width elementor-section-height-default elementor-section-height-default\" data-id=\"bf50427\" data-element_type=\"section\" data-e-type=\"section\">\n\t\t\t\t\t\t<div class=\"elementor-container elementor-column-gap-default\">\n\t\t\t\t\t<div class=\"elementor-column elementor-col-100 elementor-top-column elementor-element elementor-element-23c733be\" data-id=\"23c733be\" data-element_type=\"column\" data-e-type=\"column\">\n\t\t\t<div class=\"elementor-widget-wrap elementor-element-populated\">\n\t\t\t\t\t\t<div class=\"elementor-element elementor-element-1f108352 elementor-widget elementor-widget-text-editor\" data-id=\"1f108352\" data-element_type=\"widget\" data-e-type=\"widget\" data-widget_type=\"text-editor.default\">\n\t\t\t\t<div class=\"elementor-widget-container\">\n\t\t\t\t\t\t\t\t\t\n<p>Wie immer begann dieses Meeting am Freitag mit einem Seminar im Conference Room of RASV Centre, Melbourne Showgrounds. Das Seminar war sehr gut besucht und wurde nat\u00fcrlich in englischer Sprache abgehalten. Er\u00f6ffnet wurde dieses Seminar von der Pr\u00e4sidentin des WCC Pam DelaBar und der Vize Prasidentin Cheryle U\u00b4Ren.<br \/>Neben der Vorstellung der einzelnen Dachorganisationen standen noch verschiedene Themen auf dem Programm, z. B. F\u00fcrsorge und Gesundheit von Zuchtkatzen, Vorstellung der Australian Mist, Vorstellung der besten Katzen durch Z\u00fcchter\u00a0und Besitzer, Gesetzgebung f\u00fcr Katzen in Australien. Neben Information \u00fcber Entwicklung und Neues in den jeweiligen Verb\u00e4nden wurde diskutiert \u00fcber gegenw\u00e4rtige M\u00f6glichkeiten, Zweckm\u00e4\u00dfigkeit und Grenzen der k\u00fcnstlichen Befruchtung<br \/>bei Katzen, weitere Themenschwerpunkte waren Richterlisten und -ausbildung, Rassestandards, Zwingerschutz, Anerkennungsverfahren f\u00fcr neue Rassen und Farben, Generalfehler, Tierschutz und nationale lokale Probleme.<\/p>\n<p>Am Samstag und Sonntag fand die Katzenausstellung mit \u00fcber 650 gemeldeten Katzen statt.<br \/>Am Montag fand dann das eigentliche WCC Meeting statt.<\/p>\n<p>Neuwahlen standen in diesem Jahr nicht auf dem Programm. Es wurde einstimmig beschlossen, dass man mehr<br \/>Werbung f\u00fcr den World Cat Congress machen sollte.<br \/>Die Internetseiten sollen erweitert werden:<\/p>\n<p>\u2022 Mehr Informationen f\u00fcr das Wohl der Tiere,<br \/>\u2022 Tipps zum Kauf von Jungtieren beim verantwortungsvollen Z\u00fcchter,<br \/>\u2022 Infos \u00fcber Im- und Export,<br \/>\u2022 Zuchtinformationen,<br \/>\u2022 Ausstellungsbeschreibungen, aus denen, so dass typische Abl\u00e4ufe und Unterschiede zwischen den jeweiligen Organisationen deutlich werden,<br \/>\u2022 Kinderseite,<br \/>\u2022 Links f\u00fcr EU-Regularien,<br \/>\u2022 eine interne Seite nur f\u00fcr WCC Mitglieder.<\/p>\n<p>Um die Idee des WCC umzusetzen, bedarf es noch sehr viel Arbeit und Verst\u00e4ndnis bei allen Organisationen. In einem<br \/>Punkt waren sich aber alle einig: Es geht einzig und allein um das Wohl der Katzen und so sollte es auch bleiben.<\/p>\n<p>Bericht: Cornelia Hungerecker<\/p>\n\t\t\t\t\t\t\t\t<\/div>\n\t\t\t\t<\/div>\n\t\t\t\t\t<\/div>\n\t\t<\/div>\n\t\t\t\t\t<\/div>\n\t\t<\/section>\n\t\t\t\t<\/div>\n\t\t","protected":false},"excerpt":{"rendered":"<p>WORLD CAT CONGRESS 2010 &#8211; MELBOURNE, AUSTRALIEN, 30.04. &#8211; 03.05.2010 Dieses Jahr fand das allj\u00e4hrliche WCC Meeting in Melbourne, Australien statt. Ausrichter f\u00fcr dieses viert\u00e4gige Treffen warin diesem Jahr der CCCA. Die einzelnen Dachorganisationen waren vertreten durch: ACFCCCACFAFIFeGCCFNZCFSACCTICAWCFWCC Australian Cat FederationCo-Ordinating Cat Council of AustraliaCat Fanciers\u2019 AssociationF\u00e9d\u00e9ration Internationale F\u00e9lineGoverning Council of the Cat FancyNew Zealand [&hellip;]<\/p>\n","protected":false},"author":2,"featured_media":0,"parent":0,"menu_order":0,"comment_status":"closed","ping_status":"closed","template":"","meta":{"_monsterinsights_skip_tracking":false,"_monsterinsights_sitenote_active":false,"_monsterinsights_sitenote_note":"","_monsterinsights_sitenote_category":0,"footnotes":""},"class_list":["post-6634","page","type-page","status-publish","hentry"],"aioseo_notices":[],"_links":{"self":[{"href":"https:\/\/wcf.de\/de\/wp-json\/wp\/v2\/pages\/6634","targetHints":{"allow":["GET"]}}],"collection":[{"href":"https:\/\/wcf.de\/de\/wp-json\/wp\/v2\/pages"}],"about":[{"href":"https:\/\/wcf.de\/de\/wp-json\/wp\/v2\/types\/page"}],"author":[{"embeddable":true,"href":"https:\/\/wcf.de\/de\/wp-json\/wp\/v2\/users\/2"}],"replies":[{"embeddable":true,"href":"https:\/\/wcf.de\/de\/wp-json\/wp\/v2\/comments?post=6634"}],"version-history":[{"count":8,"href":"https:\/\/wcf.de\/de\/wp-json\/wp\/v2\/pages\/6634\/revisions"}],"predecessor-version":[{"id":11855,"href":"https:\/\/wcf.de\/de\/wp-json\/wp\/v2\/pages\/6634\/revisions\/11855"}],"wp:attachment":[{"href":"https:\/\/wcf.de\/de\/wp-json\/wp\/v2\/media?parent=6634"}],"curies":[{"name":"wp","href":"https:\/\/api.w.org\/{rel}","templated":true}]}}