{"id":8048,"date":"2021-06-17T11:53:26","date_gmt":"2021-06-17T11:53:26","guid":{"rendered":"https:\/\/de7.wcf-test.de\/de\/?page_id=8048"},"modified":"2021-12-19T14:46:50","modified_gmt":"2021-12-19T14:46:50","slug":"pointed","status":"publish","type":"page","link":"https:\/\/wcf.de\/de\/pointed\/","title":{"rendered":"Pointed"},"content":{"rendered":"\t\t<div data-elementor-type=\"wp-page\" data-elementor-id=\"8048\" class=\"elementor elementor-8048\" data-elementor-post-type=\"page\">\n\t\t\t\t\t\t<section class=\"elementor-section elementor-top-section elementor-element elementor-element-542343a4 elementor-section-full_width elementor-section-height-default elementor-section-height-default\" data-id=\"542343a4\" data-element_type=\"section\" data-e-type=\"section\">\n\t\t\t\t\t\t<div class=\"elementor-container elementor-column-gap-default\">\n\t\t\t\t\t<div class=\"elementor-column elementor-col-100 elementor-top-column elementor-element elementor-element-638db06d\" data-id=\"638db06d\" data-element_type=\"column\" data-e-type=\"column\">\n\t\t\t<div class=\"elementor-widget-wrap elementor-element-populated\">\n\t\t\t\t\t\t<div class=\"elementor-element elementor-element-fbabbf4 elementor-widget elementor-widget-heading\" data-id=\"fbabbf4\" data-element_type=\"widget\" data-e-type=\"widget\" data-widget_type=\"heading.default\">\n\t\t\t\t<div class=\"elementor-widget-container\">\n\t\t\t\t\t<h5 class=\"elementor-heading-title elementor-size-large\">POINTED (MIT SIAM-ABZEICHEN)<\/h5>\t\t\t\t<\/div>\n\t\t\t\t<\/div>\n\t\t\t\t\t<\/div>\n\t\t<\/div>\n\t\t\t\t\t<\/div>\n\t\t<\/section>\n\t\t\t\t<section class=\"elementor-section elementor-top-section elementor-element elementor-element-2fbae407 elementor-section-full_width elementor-section-height-default elementor-section-height-default\" data-id=\"2fbae407\" data-element_type=\"section\" data-e-type=\"section\">\n\t\t\t\t\t\t<div class=\"elementor-container elementor-column-gap-default\">\n\t\t\t\t\t<div class=\"elementor-column elementor-col-100 elementor-top-column elementor-element elementor-element-18ffaf1\" data-id=\"18ffaf1\" data-element_type=\"column\" data-e-type=\"column\">\n\t\t\t<div class=\"elementor-widget-wrap elementor-element-populated\">\n\t\t\t\t\t\t<div class=\"elementor-element elementor-element-6771690 elementor-widget elementor-widget-shortcode\" data-id=\"6771690\" data-element_type=\"widget\" data-e-type=\"widget\" data-widget_type=\"shortcode.default\">\n\t\t\t\t<div class=\"elementor-widget-container\">\n\t\t\t\t\t\t\t<div class=\"elementor-shortcode\">\n<table id=\"tablepress-18\" class=\"tablepress tablepress-id-18\">\n<thead>\n<tr class=\"row-1\">\n\t<th class=\"column-1\">Bezeichnung<\/th><th class=\"column-2\">K\u00f6rperfarbe<\/th><th class=\"column-3\">Pointfarbe<\/th><th class=\"column-4\">Nasenspiegel<\/th><th class=\"column-5\">Fu\u00dfballen<\/th>\n<\/tr>\n<\/thead>\n<tbody>\n<tr class=\"row-2\">\n\t<td class=\"column-1\"><strong>Sealpoint<\/strong><br \/>\naa B- cscs D- oY\/oo<\/td><td class=\"column-2\">beige<\/td><td class=\"column-3\">seal<\/td><td class=\"column-4\">seal<\/td><td class=\"column-5\">seal<\/td>\n<\/tr>\n<tr class=\"row-3\">\n\t<td class=\"column-1\"><strong>Bluepoint<\/strong><br \/>\naa B- cscs dd oY\/oo<\/td><td class=\"column-2\">gletscherwei\u00df<\/td><td class=\"column-3\">Alle Farbt\u00f6ne von Blau sind erlaubt,  <br \/>\nein helles Blau wird bevorzugt<\/td><td class=\"column-4\">blaugrau<\/td><td class=\"column-5\">blaugrau<\/td>\n<\/tr>\n<tr class=\"row-4\">\n\t<td class=\"column-1\"><strong>Chocolatepoint<\/strong><br \/>\naa bb\/bbl cscs D- oY\/oo<\/td><td class=\"column-2\">elfenbeinfarben<\/td><td class=\"column-3\">milchschokoladebraun<\/td><td class=\"column-4\">milchschokoladebraun<\/td><td class=\"column-5\">milchschokoladebraun<\/td>\n<\/tr>\n<tr class=\"row-5\">\n\t<td class=\"column-1\"><strong>Lilacpoint<\/strong><br \/>\naa bb\/bbl cscs dd oY\/oo<\/td><td class=\"column-2\">gebrochenes Wei\u00df<\/td><td class=\"column-3\">gletschergrau mit leichtem <br \/>\nrosa Schimmer<\/td><td class=\"column-4\">lavendelrosa<\/td><td class=\"column-5\">lavendelrosa<\/td>\n<\/tr>\n<tr class=\"row-6\">\n\t<td class=\"column-1\"><strong>Cinnamonpoint<\/strong><br \/>\naa blbl cscs D- oY\/oo<\/td><td class=\"column-2\">helles Elfenbeinfarben<\/td><td class=\"column-3\">zimtfarben<\/td><td class=\"column-4\">zimtfarben<\/td><td class=\"column-5\">zimtfarben<\/td>\n<\/tr>\n<tr class=\"row-7\">\n\t<td class=\"column-1\"><strong>Fawnpoint<\/strong><br \/>\naa blbl cscs dd oY\/oo<\/td><td class=\"column-2\">helles Cremewei\u00df<\/td><td class=\"column-3\">beige<\/td><td class=\"column-4\">hellrosa<\/td><td class=\"column-5\">hellrosa<\/td>\n<\/tr>\n<tr class=\"row-8\">\n\t<td class=\"column-1\"><strong>Redpoint<\/strong><br \/>\naa cscs D- OY\/OO<\/td><td class=\"column-2\">gebrochenes Wei\u00df <br \/>\nbis creme<\/td><td class=\"column-3\">tiefdunkles, warmes Rot bis orange<\/td><td class=\"column-4\">dunkelrosa<\/td><td class=\"column-5\">dunkelrosa<\/td>\n<\/tr>\n<tr class=\"row-9\">\n\t<td class=\"column-1\"><strong>Creampoint<\/strong><br \/>\naa cscs dd OY\/OO<\/td><td class=\"column-2\">cremewei\u00df<\/td><td class=\"column-3\">reines Pastellcreme <br \/>\n(keine Hot-T\u00f6nung)<\/td><td class=\"column-4\">rosa<\/td><td class=\"column-5\">rosa<\/td>\n<\/tr>\n<\/tbody>\n<\/table>\n<!-- #tablepress-18 from cache --><\/div>\n\t\t\t\t\t\t<\/div>\n\t\t\t\t<\/div>\n\t\t\t\t\t<\/div>\n\t\t<\/div>\n\t\t\t\t\t<\/div>\n\t\t<\/section>\n\t\t\t\t<section class=\"elementor-section elementor-top-section elementor-element elementor-element-64d293d5 elementor-section-full_width elementor-section-height-default elementor-section-height-default\" data-id=\"64d293d5\" data-element_type=\"section\" data-e-type=\"section\">\n\t\t\t\t\t\t<div class=\"elementor-container elementor-column-gap-default\">\n\t\t\t\t\t<div class=\"elementor-column elementor-col-100 elementor-top-column elementor-element elementor-element-324d5f79\" data-id=\"324d5f79\" data-element_type=\"column\" data-e-type=\"column\">\n\t\t\t<div class=\"elementor-widget-wrap elementor-element-populated\">\n\t\t\t\t\t\t<div class=\"elementor-element elementor-element-3a601753 elementor-widget elementor-widget-heading\" data-id=\"3a601753\" data-element_type=\"widget\" data-e-type=\"widget\" data-widget_type=\"heading.default\">\n\t\t\t\t<div class=\"elementor-widget-container\">\n\t\t\t\t\t<h5 class=\"elementor-heading-title elementor-size-large\">TORTIEPOINT<\/h5>\t\t\t\t<\/div>\n\t\t\t\t<\/div>\n\t\t\t\t\t<\/div>\n\t\t<\/div>\n\t\t\t\t\t<\/div>\n\t\t<\/section>\n\t\t\t\t<section class=\"elementor-section elementor-top-section elementor-element elementor-element-4ca721f5 elementor-section-full_width elementor-section-height-default elementor-section-height-default\" data-id=\"4ca721f5\" data-element_type=\"section\" data-e-type=\"section\">\n\t\t\t\t\t\t<div class=\"elementor-container elementor-column-gap-default\">\n\t\t\t\t\t<div class=\"elementor-column elementor-col-100 elementor-top-column elementor-element elementor-element-634c13fa\" data-id=\"634c13fa\" data-element_type=\"column\" data-e-type=\"column\">\n\t\t\t<div class=\"elementor-widget-wrap elementor-element-populated\">\n\t\t\t\t\t\t<div class=\"elementor-element elementor-element-606f1695 elementor-widget elementor-widget-shortcode\" data-id=\"606f1695\" data-element_type=\"widget\" data-e-type=\"widget\" data-widget_type=\"shortcode.default\">\n\t\t\t\t<div class=\"elementor-widget-container\">\n\t\t\t\t\t\t\t<div class=\"elementor-shortcode\">\n<table id=\"tablepress-19\" class=\"tablepress tablepress-id-19\">\n<thead>\n<tr class=\"row-1\">\n\t<th class=\"column-1\">Bezeichnung<\/th><th class=\"column-2\">K\u00f6rperfarbe<\/th><th class=\"column-3\">Pointfarbe<\/th><th class=\"column-4\">Nasenspiegel<\/th><th class=\"column-5\">Fu\u00dfballen<\/th>\n<\/tr>\n<\/thead>\n<tbody>\n<tr class=\"row-2\">\n\t<td class=\"column-1\"><strong>Seal Tortiepoint<\/strong><br \/>\naa B- cscs D- Oo<\/td><td class=\"column-2\">beige<\/td><td class=\"column-3\">seal und rot<\/td><td class=\"column-4\">In den schwarzen Partien seal, <br \/>\nin den roten Partien rot<\/td><td class=\"column-5\">In den schwarzen Partien seal, <br \/>\nin den roten Partien rot<\/td>\n<\/tr>\n<tr class=\"row-3\">\n\t<td class=\"column-1\"><strong>Blue Tortiepoint<\/strong><br \/>\naa B- cscs dd Oo<\/td><td class=\"column-2\">gletscherwei\u00df<\/td><td class=\"column-3\">blaugrau und <br \/>\npastellcreme<\/td><td class=\"column-4\">In den blauen Partien blaugrau, <br \/>\nin den cremefarbenen Partien rosa<\/td><td class=\"column-5\">In den blauen Partien blaugrau, <br \/>\nin den cremefarbenen Partien rosa<\/td>\n<\/tr>\n<tr class=\"row-4\">\n\t<td class=\"column-1\"><strong>Chocolate Tortiepoint<\/strong><br \/>\naa bb\/bbl cscs D- Oo<\/td><td class=\"column-2\">hellbeige<\/td><td class=\"column-3\">milchschokoladebraun<br \/>\nund aufgehelltes Rot<\/td><td class=\"column-4\">In den braunen Partien milchschokoladenfarben, <br \/>\nin den roten Partien rosa<\/td><td class=\"column-5\">In den braunen Partien milchschokoladenfarben, <br \/>\nin den roten Partien rosa<\/td>\n<\/tr>\n<tr class=\"row-5\">\n\t<td class=\"column-1\"><strong>Lilac Tortiepoint<\/strong><br \/>\naa bb\/bbl cscs dd Oo<\/td><td class=\"column-2\">gebrochenes Wei\u00df<\/td><td class=\"column-3\">gletschergrau und <br \/>\nhellcreme<\/td><td class=\"column-4\">In den lilacfarbenen Partien lavendelrosa, <br \/>\nin den cremefarbenen  Partien rosa<\/td><td class=\"column-5\">In den lilacfarbenen Partien lavendelrosa, <br \/>\nin den cremefarbenen  Partien rosa<\/td>\n<\/tr>\n<tr class=\"row-6\">\n\t<td class=\"column-1\"><strong>Cinnamon Tortiepoint<\/strong><br \/>\naa blbl cscs D- Oo<\/td><td class=\"column-2\">helles <br \/>\nElfenbein<\/td><td class=\"column-3\">helles bis zimtfarbenes Braun und creme<\/td><td class=\"column-4\">In den braunen Partien zimtfarben, <br \/>\nin den cremefarbenen Partien hellrosa<\/td><td class=\"column-5\">In den braunen Partien zimtfarben, <br \/>\nin den cremefarbenen Partien hellrosa<\/td>\n<\/tr>\n<tr class=\"row-7\">\n\t<td class=\"column-1\"><strong>Fawn Tortiepoint<\/strong><br \/>\naa blbl cscs dd Oo<\/td><td class=\"column-2\">helles <br \/>\nCremewei\u00df<\/td><td class=\"column-3\">beige und <br \/>\nhelles Creme<\/td><td class=\"column-4\">In den beigefarbenen Partien hellrosa, <br \/>\nin den cremefarbenen Partien rosa<\/td><td class=\"column-5\">In den beigefarbenen Partien hellrosa, <br \/>\nin den cremefarbenen Partien rosa<\/td>\n<\/tr>\n<\/tbody>\n<\/table>\n<!-- #tablepress-19 from cache --><\/div>\n\t\t\t\t\t\t<\/div>\n\t\t\t\t<\/div>\n\t\t\t\t\t<\/div>\n\t\t<\/div>\n\t\t\t\t\t<\/div>\n\t\t<\/section>\n\t\t\t\t<section class=\"elementor-section elementor-top-section elementor-element elementor-element-8adb9a elementor-section-full_width elementor-section-height-default elementor-section-height-default\" data-id=\"8adb9a\" data-element_type=\"section\" data-e-type=\"section\">\n\t\t\t\t\t\t<div class=\"elementor-container elementor-column-gap-default\">\n\t\t\t\t\t<div class=\"elementor-column elementor-col-33 elementor-top-column elementor-element elementor-element-3b2a7aab\" data-id=\"3b2a7aab\" data-element_type=\"column\" data-e-type=\"column\">\n\t\t\t<div class=\"elementor-widget-wrap elementor-element-populated\">\n\t\t\t\t\t\t<div class=\"elementor-element elementor-element-4feb0937 elementor-widget elementor-widget-text-editor\" data-id=\"4feb0937\" data-element_type=\"widget\" data-e-type=\"widget\" data-widget_type=\"text-editor.default\">\n\t\t\t\t<div class=\"elementor-widget-container\">\n\t\t\t\t\t\t\t\t\t<p>B- kann sein: BB oder Bb oder Bbl<\/p>\t\t\t\t\t\t\t\t<\/div>\n\t\t\t\t<\/div>\n\t\t\t\t\t<\/div>\n\t\t<\/div>\n\t\t\t\t<div class=\"elementor-column elementor-col-33 elementor-top-column elementor-element elementor-element-8b0f1af\" data-id=\"8b0f1af\" data-element_type=\"column\" data-e-type=\"column\">\n\t\t\t<div class=\"elementor-widget-wrap\">\n\t\t\t\t\t\t\t<\/div>\n\t\t<\/div>\n\t\t\t\t<div class=\"elementor-column elementor-col-33 elementor-top-column elementor-element elementor-element-4f2ec047\" data-id=\"4f2ec047\" data-element_type=\"column\" data-e-type=\"column\">\n\t\t\t<div class=\"elementor-widget-wrap elementor-element-populated\">\n\t\t\t\t\t\t<div class=\"elementor-element elementor-element-6cc6a903 elementor-widget elementor-widget-text-editor\" data-id=\"6cc6a903\" data-element_type=\"widget\" data-e-type=\"widget\" data-widget_type=\"text-editor.default\">\n\t\t\t\t<div class=\"elementor-widget-container\">\n\t\t\t\t\t\t\t\t\t<p>D- kann sein: DD oder Dd<\/p>\t\t\t\t\t\t\t\t<\/div>\n\t\t\t\t<\/div>\n\t\t\t\t\t<\/div>\n\t\t<\/div>\n\t\t\t\t\t<\/div>\n\t\t<\/section>\n\t\t\t\t<section class=\"elementor-section elementor-top-section elementor-element elementor-element-11f29d01 elementor-section-full_width elementor-section-height-default elementor-section-height-default\" data-id=\"11f29d01\" data-element_type=\"section\" data-e-type=\"section\">\n\t\t\t\t\t\t<div class=\"elementor-container elementor-column-gap-default\">\n\t\t\t\t\t<div class=\"elementor-column elementor-col-50 elementor-top-column elementor-element elementor-element-699989b5\" data-id=\"699989b5\" data-element_type=\"column\" data-e-type=\"column\">\n\t\t\t<div class=\"elementor-widget-wrap elementor-element-populated\">\n\t\t\t\t\t\t<div class=\"elementor-element elementor-element-42981f04 elementor-widget elementor-widget-text-editor\" data-id=\"42981f04\" data-element_type=\"widget\" data-e-type=\"widget\" data-widget_type=\"text-editor.default\">\n\t\t\t\t<div class=\"elementor-widget-container\">\n\t\t\t\t\t\t\t\t\t<p>F\u00fcr alle Farben gilt:<br \/>E- ii =Tabby-Muster= ss wbwb ww<\/p>\t\t\t\t\t\t\t\t<\/div>\n\t\t\t\t<\/div>\n\t\t\t\t\t<\/div>\n\t\t<\/div>\n\t\t\t\t<div class=\"elementor-column elementor-col-50 elementor-top-column elementor-element elementor-element-4fb3829b\" data-id=\"4fb3829b\" data-element_type=\"column\" data-e-type=\"column\">\n\t\t\t<div class=\"elementor-widget-wrap elementor-element-populated\">\n\t\t\t\t\t\t<div class=\"elementor-element elementor-element-2300efdc elementor-widget elementor-widget-text-editor\" data-id=\"2300efdc\" data-element_type=\"widget\" data-e-type=\"widget\" data-widget_type=\"text-editor.default\">\n\t\t\t\t<div class=\"elementor-widget-container\">\n\t\t\t\t\t\t\t\t\t<p>Bei redpoint\/cremepoint kann sein: B- oder bbl oder blbl, weil das Gen O alle Farben rot f\u00e4rbt.<\/p>\t\t\t\t\t\t\t\t<\/div>\n\t\t\t\t<\/div>\n\t\t\t\t\t<\/div>\n\t\t<\/div>\n\t\t\t\t\t<\/div>\n\t\t<\/section>\n\t\t\t\t<section class=\"elementor-section elementor-top-section elementor-element elementor-element-2b817efb elementor-section-full_width elementor-section-height-default elementor-section-height-default\" data-id=\"2b817efb\" data-element_type=\"section\" data-e-type=\"section\">\n\t\t\t\t\t\t<div class=\"elementor-container elementor-column-gap-default\">\n\t\t\t\t\t<div class=\"elementor-column elementor-col-50 elementor-top-column elementor-element elementor-element-4e7f40d3\" data-id=\"4e7f40d3\" data-element_type=\"column\" data-e-type=\"column\">\n\t\t\t<div class=\"elementor-widget-wrap elementor-element-populated\">\n\t\t\t\t\t\t<div class=\"elementor-element elementor-element-4f86f5f elementor-widget elementor-widget-text-editor\" data-id=\"4f86f5f\" data-element_type=\"widget\" data-e-type=\"widget\" data-widget_type=\"text-editor.default\">\n\t\t\t\t<div class=\"elementor-widget-container\">\n\t\t\t\t\t\t\t\t\t<p>F\u00fcr alle Siamese pointed Farben gilt:<br \/>cscs<\/p>\t\t\t\t\t\t\t\t<\/div>\n\t\t\t\t<\/div>\n\t\t\t\t\t<\/div>\n\t\t<\/div>\n\t\t\t\t<div class=\"elementor-column elementor-col-50 elementor-top-column elementor-element elementor-element-1bef6849\" data-id=\"1bef6849\" data-element_type=\"column\" data-e-type=\"column\">\n\t\t\t<div class=\"elementor-widget-wrap elementor-element-populated\">\n\t\t\t\t\t\t<div class=\"elementor-element elementor-element-5266d4ab elementor-widget elementor-widget-text-editor\" data-id=\"5266d4ab\" data-element_type=\"widget\" data-e-type=\"widget\" data-widget_type=\"text-editor.default\">\n\t\t\t\t<div class=\"elementor-widget-container\">\n\t\t\t\t\t\t\t\t\t<p>F\u00fcr alle Burmese pointed Farben gilt:<br \/>cbcb<br \/>Die Beschreibung der Farben ist eine andere.<\/p>\t\t\t\t\t\t\t\t<\/div>\n\t\t\t\t<\/div>\n\t\t\t\t\t<\/div>\n\t\t<\/div>\n\t\t\t\t\t<\/div>\n\t\t<\/section>\n\t\t\t\t<section class=\"elementor-section elementor-top-section elementor-element elementor-element-130929a4 elementor-section-full_width elementor-section-height-default elementor-section-height-default\" data-id=\"130929a4\" data-element_type=\"section\" data-e-type=\"section\">\n\t\t\t\t\t\t<div class=\"elementor-container elementor-column-gap-default\">\n\t\t\t\t\t<div class=\"elementor-column elementor-col-50 elementor-top-column elementor-element elementor-element-325518c1\" data-id=\"325518c1\" data-element_type=\"column\" data-e-type=\"column\">\n\t\t\t<div class=\"elementor-widget-wrap elementor-element-populated\">\n\t\t\t\t\t\t<div class=\"elementor-element elementor-element-29bcb17e elementor-widget elementor-widget-text-editor\" data-id=\"29bcb17e\" data-element_type=\"widget\" data-e-type=\"widget\" data-widget_type=\"text-editor.default\">\n\t\t\t\t<div class=\"elementor-widget-container\">\n\t\t\t\t\t\t\t\t\t<p>F\u00fcr alle Tonkinese pointed Farben gilt:<br \/>cscb<br \/>Die Beschreibung der Farben ist eine andere.<\/p>\t\t\t\t\t\t\t\t<\/div>\n\t\t\t\t<\/div>\n\t\t\t\t\t<\/div>\n\t\t<\/div>\n\t\t\t\t<div class=\"elementor-column elementor-col-50 elementor-top-column elementor-element elementor-element-26d131fe\" data-id=\"26d131fe\" data-element_type=\"column\" data-e-type=\"column\">\n\t\t\t<div class=\"elementor-widget-wrap\">\n\t\t\t\t\t\t\t<\/div>\n\t\t<\/div>\n\t\t\t\t\t<\/div>\n\t\t<\/section>\n\t\t\t\t<section class=\"elementor-section elementor-top-section elementor-element elementor-element-5ad374d8 elementor-section-full_width elementor-section-height-default elementor-section-height-default\" data-id=\"5ad374d8\" data-element_type=\"section\" data-e-type=\"section\">\n\t\t\t\t\t\t<div class=\"elementor-container elementor-column-gap-default\">\n\t\t\t\t\t<div class=\"elementor-column elementor-col-33 elementor-top-column elementor-element elementor-element-7fe288fc\" data-id=\"7fe288fc\" data-element_type=\"column\" data-e-type=\"column\">\n\t\t\t<div class=\"elementor-widget-wrap\">\n\t\t\t\t\t\t\t<\/div>\n\t\t<\/div>\n\t\t\t\t<div class=\"elementor-column elementor-col-66 elementor-top-column elementor-element elementor-element-4e436043\" data-id=\"4e436043\" data-element_type=\"column\" data-e-type=\"column\">\n\t\t\t<div class=\"elementor-widget-wrap\">\n\t\t\t\t\t\t\t<\/div>\n\t\t<\/div>\n\t\t\t\t\t<\/div>\n\t\t<\/section>\n\t\t\t\t<section class=\"elementor-section elementor-top-section elementor-element elementor-element-412914a0 elementor-section-full_width elementor-section-height-default elementor-section-height-default\" data-id=\"412914a0\" data-element_type=\"section\" data-e-type=\"section\">\n\t\t\t\t\t\t<div class=\"elementor-container elementor-column-gap-default\">\n\t\t\t\t\t<div class=\"elementor-column elementor-col-33 elementor-top-column elementor-element elementor-element-4f3ca63c\" data-id=\"4f3ca63c\" data-element_type=\"column\" data-e-type=\"column\">\n\t\t\t<div class=\"elementor-widget-wrap elementor-element-populated\">\n\t\t\t\t\t\t<div class=\"elementor-element elementor-element-28772586 elementor-widget elementor-widget-text-editor\" data-id=\"28772586\" data-element_type=\"widget\" data-e-type=\"widget\" data-widget_type=\"text-editor.default\">\n\t\t\t\t<div class=\"elementor-widget-container\">\n\t\t\t\t\t\t\t\t\t<p><a href=\"https:\/\/wcf.de\/de\/farben\/\">Zu den Farben zur\u00fcck<\/a><\/p>\t\t\t\t\t\t\t\t<\/div>\n\t\t\t\t<\/div>\n\t\t\t\t\t<\/div>\n\t\t<\/div>\n\t\t\t\t<div class=\"elementor-column elementor-col-66 elementor-top-column elementor-element elementor-element-2f5b4a38\" data-id=\"2f5b4a38\" data-element_type=\"column\" data-e-type=\"column\">\n\t\t\t<div class=\"elementor-widget-wrap\">\n\t\t\t\t\t\t\t<\/div>\n\t\t<\/div>\n\t\t\t\t\t<\/div>\n\t\t<\/section>\n\t\t\t\t<\/div>\n\t\t","protected":false},"excerpt":{"rendered":"<p>POINTED (MIT SIAM-ABZEICHEN) TORTIEPOINT B- kann sein: BB oder Bb oder Bbl D- kann sein: DD oder Dd F\u00fcr alle Farben gilt: E- ii =Tabby-Muster= ss wbwb ww Bei redpoint\/cremepoint kann sein: B- oder bbl oder blbl, weil das Gen O alle Farben rot f\u00e4rbt. F\u00fcr alle Siamese pointed Farben gilt: cscs F\u00fcr alle Burmese [&hellip;]<\/p>\n","protected":false},"author":1,"featured_media":0,"parent":0,"menu_order":0,"comment_status":"closed","ping_status":"closed","template":"","meta":{"_monsterinsights_skip_tracking":false,"_monsterinsights_sitenote_active":false,"_monsterinsights_sitenote_note":"","_monsterinsights_sitenote_category":0,"footnotes":""},"class_list":["post-8048","page","type-page","status-publish","hentry"],"aioseo_notices":[],"_links":{"self":[{"href":"https:\/\/wcf.de\/de\/wp-json\/wp\/v2\/pages\/8048","targetHints":{"allow":["GET"]}}],"collection":[{"href":"https:\/\/wcf.de\/de\/wp-json\/wp\/v2\/pages"}],"about":[{"href":"https:\/\/wcf.de\/de\/wp-json\/wp\/v2\/types\/page"}],"author":[{"embeddable":true,"href":"https:\/\/wcf.de\/de\/wp-json\/wp\/v2\/users\/1"}],"replies":[{"embeddable":true,"href":"https:\/\/wcf.de\/de\/wp-json\/wp\/v2\/comments?post=8048"}],"version-history":[{"count":13,"href":"https:\/\/wcf.de\/de\/wp-json\/wp\/v2\/pages\/8048\/revisions"}],"predecessor-version":[{"id":12046,"href":"https:\/\/wcf.de\/de\/wp-json\/wp\/v2\/pages\/8048\/revisions\/12046"}],"wp:attachment":[{"href":"https:\/\/wcf.de\/de\/wp-json\/wp\/v2\/media?parent=8048"}],"curies":[{"name":"wp","href":"https:\/\/api.w.org\/{rel}","templated":true}]}}