{"id":8058,"date":"2021-06-17T11:56:32","date_gmt":"2021-06-17T11:56:32","guid":{"rendered":"https:\/\/de7.wcf-test.de\/de\/?page_id=8058"},"modified":"2021-12-19T14:47:14","modified_gmt":"2021-12-19T14:47:14","slug":"pointed-weiss","status":"publish","type":"page","link":"https:\/\/wcf.de\/de\/pointed-weiss\/","title":{"rendered":"Pointed Weiss"},"content":{"rendered":"\t\t<div data-elementor-type=\"wp-page\" data-elementor-id=\"8058\" class=\"elementor elementor-8058\" data-elementor-post-type=\"page\">\n\t\t\t\t\t\t<section class=\"elementor-section elementor-top-section elementor-element elementor-element-714d640b elementor-section-full_width elementor-section-height-default elementor-section-height-default\" data-id=\"714d640b\" data-element_type=\"section\" data-e-type=\"section\">\n\t\t\t\t\t\t<div class=\"elementor-container elementor-column-gap-default\">\n\t\t\t\t\t<div class=\"elementor-column elementor-col-100 elementor-top-column elementor-element elementor-element-65fd5ca2\" data-id=\"65fd5ca2\" data-element_type=\"column\" data-e-type=\"column\">\n\t\t\t<div class=\"elementor-widget-wrap elementor-element-populated\">\n\t\t\t\t\t\t<div class=\"elementor-element elementor-element-2fa76ee5 elementor-widget elementor-widget-heading\" data-id=\"2fa76ee5\" data-element_type=\"widget\" data-e-type=\"widget\" data-widget_type=\"heading.default\">\n\t\t\t\t<div class=\"elementor-widget-container\">\n\t\t\t\t\t<h5 class=\"elementor-heading-title elementor-size-large\">POINTED UND WEI\u00df<br>POINTED = MIT SIAM-ABZEICHEN<\/h5>\t\t\t\t<\/div>\n\t\t\t\t<\/div>\n\t\t\t\t\t<\/div>\n\t\t<\/div>\n\t\t\t\t\t<\/div>\n\t\t<\/section>\n\t\t\t\t<section class=\"elementor-section elementor-top-section elementor-element elementor-element-5911bfe3 elementor-section-full_width elementor-section-height-default elementor-section-height-default\" data-id=\"5911bfe3\" data-element_type=\"section\" data-e-type=\"section\">\n\t\t\t\t\t\t<div class=\"elementor-container elementor-column-gap-default\">\n\t\t\t\t\t<div class=\"elementor-column elementor-col-100 elementor-top-column elementor-element elementor-element-7a62765f\" data-id=\"7a62765f\" data-element_type=\"column\" data-e-type=\"column\">\n\t\t\t<div class=\"elementor-widget-wrap elementor-element-populated\">\n\t\t\t\t\t\t<div class=\"elementor-element elementor-element-4bba484c elementor-widget elementor-widget-shortcode\" data-id=\"4bba484c\" data-element_type=\"widget\" data-e-type=\"widget\" data-widget_type=\"shortcode.default\">\n\t\t\t\t<div class=\"elementor-widget-container\">\n\t\t\t\t\t\t\t<div class=\"elementor-shortcode\">\n<table id=\"tablepress-20\" class=\"tablepress tablepress-id-20\">\n<thead>\n<tr class=\"row-1\">\n\t<th class=\"column-1\">Bezeichnung<\/th><th class=\"column-2\">K\u00f6rperfarbe<\/th><th class=\"column-3\">Pointfarbe<\/th><th class=\"column-4\">Nasenspiegel<\/th><th class=\"column-5\">Fu\u00dfballen<\/th>\n<\/tr>\n<\/thead>\n<tbody>\n<tr class=\"row-2\">\n\t<td class=\"column-1\"><strong>Sealpoint<br \/>\nund Wei\u00df<\/strong><br \/>\naa B- cscs D- oY\/oo S-<\/td><td class=\"column-2\">beige und Wei\u00dfanteil<\/td><td class=\"column-3\">seal<\/td><td class=\"column-4\">In den farbigen Partien seal, <br \/>\nin den wei\u00dfen Partien rosa<\/td><td class=\"column-5\">In den farbigen Partien seal, <br \/>\nin den wei\u00dfen Partien rosa<\/td>\n<\/tr>\n<tr class=\"row-3\">\n\t<td class=\"column-1\"><strong>Bluepoint<br \/>\nund Wei\u00df<\/strong><br \/>\naa B- cscs dd oY\/oo S-<\/td><td class=\"column-2\">gletscherwei\u00df und Wei\u00dfanteil<\/td><td class=\"column-3\">alle Farbt\u00f6ne von Blau<\/td><td class=\"column-4\">In den farbigen Partien blaugrau, <br \/>\nin den wei\u00dfen Partien rosa<\/td><td class=\"column-5\">In den farbigen Partien blaugrau, <br \/>\nin den wei\u00dfen Partien rosa<\/td>\n<\/tr>\n<tr class=\"row-4\">\n\t<td class=\"column-1\"><strong>Chocolatepoint<br \/>\nund Wei\u00df<\/strong><br \/>\naa bb\/bbl cscs D- oY\/oo S-<\/td><td class=\"column-2\">elfenbein und Wei\u00dfanteil<\/td><td class=\"column-3\">milchschokoladebraun<\/td><td class=\"column-4\">In den farbigen Partien milchschokoladenfarben, <br \/>\nin den wei\u00dfen Partien rosa<\/td><td class=\"column-5\">In den farbigen Partien milchschokoladenfarben, <br \/>\nin den wei\u00dfen Partien rosa<\/td>\n<\/tr>\n<tr class=\"row-5\">\n\t<td class=\"column-1\"><strong>Lilacpoint<br \/>\nund Wei\u00df<\/strong><br \/>\naa bb\/bbl cscs dd oY\/oo S-<\/td><td class=\"column-2\">gebrochenes Wei\u00df und Wei\u00dfanteil<\/td><td class=\"column-3\">gletschergrau mit leichtem <br \/>\nrosa Schimmer<\/td><td class=\"column-4\">In den farbigen Partien lavendelrosa, <br \/>\nin den wei\u00dfen Partien rosa<\/td><td class=\"column-5\">In den farbigen Partien lavendelrosa, <br \/>\nin den wei\u00dfen Partien rosa<\/td>\n<\/tr>\n<tr class=\"row-6\">\n\t<td class=\"column-1\"><strong>Cinnamonpoint<br \/>\nund Wei\u00df<\/strong><br \/>\naa blbl cscs D- oY\/oo S-<\/td><td class=\"column-2\">helles Elfenbein und Wei\u00dfanteil<\/td><td class=\"column-3\">zimtfarben<\/td><td class=\"column-4\">In den farbigen Partien zimtfarben, <br \/>\nin den wei\u00dfen Partien rosa<\/td><td class=\"column-5\">In den farbigen Partien zimtfarben, <br \/>\nin den wei\u00dfen Partien rosa<\/td>\n<\/tr>\n<tr class=\"row-7\">\n\t<td class=\"column-1\"><strong>Fawnpoint<br \/>\nund Wei\u00df<\/strong><br \/>\naa blbl cscs dd oY\/oo S-<\/td><td class=\"column-2\">helles Cremewei\u00df und Wei\u00dfanteil<\/td><td class=\"column-3\">beige<\/td><td class=\"column-4\">In den farbigen Partien hellrosa, <br \/>\nin den wei\u00dfen Partien rosa<\/td><td class=\"column-5\">In den farbigen Partien hellrosa, <br \/>\nin den wei\u00dfen Partien rosa<\/td>\n<\/tr>\n<tr class=\"row-8\">\n\t<td class=\"column-1\"><strong>Redpoint<br \/>\nund Wei\u00df<\/strong><br \/>\naa cscs D- OY\/OO S-<\/td><td class=\"column-2\">gebrochenes Wei\u00df <br \/>\nbis creme und Wei\u00dfanteil<\/td><td class=\"column-3\">tiefdunkles, warmes Rot bis orange<\/td><td class=\"column-4\">In den farbigen Partien rot, <br \/>\nin den wei\u00dfen Partien rosa<\/td><td class=\"column-5\">In den farbigen Partien rot, <br \/>\nin den wei\u00dfen Partien rosa<\/td>\n<\/tr>\n<tr class=\"row-9\">\n\t<td class=\"column-1\"><strong>Creampoint<br \/>\nund Wei\u00df<\/strong><br \/>\naa cscs dd OY\/OO S-<\/td><td class=\"column-2\">cremewei\u00df und Wei\u00dfanteil<\/td><td class=\"column-3\">reines Pastellcreme <br \/>\n(keine Hot-T\u00f6nung)<\/td><td class=\"column-4\">In den farbigen Partien hellrot, <br \/>\nin den wei\u00dfen Partien rosa<\/td><td class=\"column-5\">In den farbigen Partien hellrot, <br \/>\nin den wei\u00dfen Partien rosa<\/td>\n<\/tr>\n<\/tbody>\n<\/table>\n<!-- #tablepress-20 from cache --><\/div>\n\t\t\t\t\t\t<\/div>\n\t\t\t\t<\/div>\n\t\t\t\t\t<\/div>\n\t\t<\/div>\n\t\t\t\t\t<\/div>\n\t\t<\/section>\n\t\t\t\t<section class=\"elementor-section elementor-top-section elementor-element elementor-element-72c5cd65 elementor-section-full_width elementor-section-height-default elementor-section-height-default\" data-id=\"72c5cd65\" data-element_type=\"section\" data-e-type=\"section\">\n\t\t\t\t\t\t<div class=\"elementor-container elementor-column-gap-default\">\n\t\t\t\t\t<div class=\"elementor-column elementor-col-100 elementor-top-column elementor-element elementor-element-cf03638\" data-id=\"cf03638\" data-element_type=\"column\" data-e-type=\"column\">\n\t\t\t<div class=\"elementor-widget-wrap elementor-element-populated\">\n\t\t\t\t\t\t<div class=\"elementor-element elementor-element-7babe2c2 elementor-widget elementor-widget-heading\" data-id=\"7babe2c2\" data-element_type=\"widget\" data-e-type=\"widget\" data-widget_type=\"heading.default\">\n\t\t\t\t<div class=\"elementor-widget-container\">\n\t\t\t\t\t<h5 class=\"elementor-heading-title elementor-size-large\">TORTIEPOINT UND WEI\u00df<\/h5>\t\t\t\t<\/div>\n\t\t\t\t<\/div>\n\t\t\t\t\t<\/div>\n\t\t<\/div>\n\t\t\t\t\t<\/div>\n\t\t<\/section>\n\t\t\t\t<section class=\"elementor-section elementor-top-section elementor-element elementor-element-63c0cf07 elementor-section-full_width elementor-section-height-default elementor-section-height-default\" data-id=\"63c0cf07\" data-element_type=\"section\" data-e-type=\"section\">\n\t\t\t\t\t\t<div class=\"elementor-container elementor-column-gap-default\">\n\t\t\t\t\t<div class=\"elementor-column elementor-col-100 elementor-top-column elementor-element elementor-element-76d2de75\" data-id=\"76d2de75\" data-element_type=\"column\" data-e-type=\"column\">\n\t\t\t<div class=\"elementor-widget-wrap elementor-element-populated\">\n\t\t\t\t\t\t<div class=\"elementor-element elementor-element-aae4ddc elementor-widget elementor-widget-shortcode\" data-id=\"aae4ddc\" data-element_type=\"widget\" data-e-type=\"widget\" data-widget_type=\"shortcode.default\">\n\t\t\t\t<div class=\"elementor-widget-container\">\n\t\t\t\t\t\t\t<div class=\"elementor-shortcode\">\n<table id=\"tablepress-21\" class=\"tablepress tablepress-id-21\">\n<thead>\n<tr class=\"row-1\">\n\t<th class=\"column-1\">Bezeichnung<\/th><th class=\"column-2\">K\u00f6rperfarbe<\/th><th class=\"column-3\">Pointfarbe<\/th><th class=\"column-4\">Nasenspiegel<\/th><th class=\"column-5\">Fu\u00dfballen<\/th>\n<\/tr>\n<\/thead>\n<tbody>\n<tr class=\"row-2\">\n\t<td class=\"column-1\"><strong>Seal Tortiepoint<br \/>\nund Wei\u00df<\/strong><br \/>\naa B- cscs D- Oo S-<\/td><td class=\"column-2\">beige und Wei\u00dfanteil<\/td><td class=\"column-3\">seal und rot<\/td><td class=\"column-4\">In den schwarzen Partien seal, <br \/>\nin den roten Partien rot, <br \/>\nin den wei\u00dfen Partien rosa<\/td><td class=\"column-5\">In den schwarzen Partien seal, <br \/>\nin den roten Partien rot, <br \/>\nin den wei\u00dfen Partien rosa<\/td>\n<\/tr>\n<tr class=\"row-3\">\n\t<td class=\"column-1\"><strong>Blue Tortiepoint<br \/>\nund Wei\u00df<\/strong><br \/>\naa B- cscs dd Oo S-<\/td><td class=\"column-2\">gletscherwei\u00df und Wei\u00dfanteil<\/td><td class=\"column-3\">blaugrau und <br \/>\npastellcreme<\/td><td class=\"column-4\">In den blauen Partien blaugrau, <br \/>\nin den cremefarbenen Partien rosa,  <br \/>\nin den wei\u00dfen Partien rosa<\/td><td class=\"column-5\">In den blauen Partien blaugrau, <br \/>\nin den cremefarbenen Partien rosa,  <br \/>\nin den wei\u00dfen Partien rosa<\/td>\n<\/tr>\n<tr class=\"row-4\">\n\t<td class=\"column-1\"><strong>Chocolate Tortiepoint<br \/>\nund Wei\u00df<\/strong><br \/>\naa bb\/bl cscs D- Oo S-<\/td><td class=\"column-2\">hellbeige und Wei\u00dfanteil<\/td><td class=\"column-3\">milchschokoladebraun<br \/>\nund aufgehelltes Rot<\/td><td class=\"column-4\">In den braunen Partien milchschokoladenfarben, <br \/>\nin den roten Partien rosa, <br \/>\nin den wei\u00dfen Partien rosa<\/td><td class=\"column-5\">In den braunen Partien milchschokoladenfarben, <br \/>\nin den roten Partien rosa, <br \/>\nin den wei\u00dfen Partien rosa<\/td>\n<\/tr>\n<tr class=\"row-5\">\n\t<td class=\"column-1\"><strong>Lilac Tortiepoint<br \/>\nund Wei\u00df<\/strong><br \/>\naa bb\/bbl cscs dd Oo S-<\/td><td class=\"column-2\">gebrochenes Wei\u00df und Wei\u00dfanteil<\/td><td class=\"column-3\">gletschergrau und <br \/>\nhellcreme<\/td><td class=\"column-4\">In den lilacfarbenen Partien lavendelrosa, <br \/>\nin den cremefarbenen Partien rosa, <br \/>\nin den wei\u00dfen Partien rosa<\/td><td class=\"column-5\">In den lilacfarbenen Partien lavendelrosa, <br \/>\nin den cremefarbenen Partien rosa, <br \/>\nin den wei\u00dfen Partien rosa<\/td>\n<\/tr>\n<tr class=\"row-6\">\n\t<td class=\"column-1\"><strong>Cinnamon Tortiepoint<br \/>\nund Wei\u00df<\/strong><br \/>\naa blbl cscs D- Oo S-<\/td><td class=\"column-2\">helles <br \/>\nElfenbein und Wei\u00dfanteil<\/td><td class=\"column-3\">helles bis zimtfarbenes Braun und creme<\/td><td class=\"column-4\">In den braunen Partien zimtfarben, <br \/>\nin den cremefarbenen Partien hellrosa, <br \/>\nin den wei\u00dfen Partien rosa<\/td><td class=\"column-5\">In den braunen Partien zimtfarben, <br \/>\nin den cremefarbenen Partien hellrosa, <br \/>\nin den wei\u00dfen Partien rosa<\/td>\n<\/tr>\n<tr class=\"row-7\">\n\t<td class=\"column-1\"><strong>Fawn Tortiepoint<br \/>\nund Wei\u00df<\/strong><br \/>\naa blbl cscs dd Oo S-<\/td><td class=\"column-2\">helles <br \/>\nCremewei\u00df und Wei\u00dfanteil<\/td><td class=\"column-3\">beige und <br \/>\nhelles Creme<\/td><td class=\"column-4\">In den beigefarbenen Partien hellrosa, <br \/>\nin den cremefarbenen Partien rosa, <br \/>\nin den wei\u00dfen Partien rosa<\/td><td class=\"column-5\">In den beigefarbenen Partien hellrosa, <br \/>\nin den cremefarbenen Partien rosa, <br \/>\nin den wei\u00dfen Partien rosa<\/td>\n<\/tr>\n<\/tbody>\n<\/table>\n<!-- #tablepress-21 from cache --><\/div>\n\t\t\t\t\t\t<\/div>\n\t\t\t\t<\/div>\n\t\t\t\t\t<\/div>\n\t\t<\/div>\n\t\t\t\t\t<\/div>\n\t\t<\/section>\n\t\t\t\t<section class=\"elementor-section elementor-top-section elementor-element elementor-element-2705d0c0 elementor-section-full_width elementor-section-height-default elementor-section-height-default\" data-id=\"2705d0c0\" data-element_type=\"section\" data-e-type=\"section\">\n\t\t\t\t\t\t<div class=\"elementor-container elementor-column-gap-default\">\n\t\t\t\t\t<div class=\"elementor-column elementor-col-33 elementor-top-column elementor-element elementor-element-73eca513\" data-id=\"73eca513\" data-element_type=\"column\" data-e-type=\"column\">\n\t\t\t<div class=\"elementor-widget-wrap elementor-element-populated\">\n\t\t\t\t\t\t<div class=\"elementor-element elementor-element-2f65813 elementor-widget elementor-widget-text-editor\" data-id=\"2f65813\" data-element_type=\"widget\" data-e-type=\"widget\" data-widget_type=\"text-editor.default\">\n\t\t\t\t<div class=\"elementor-widget-container\">\n\t\t\t\t\t\t\t\t\t<p>B- kann sein: BB oder Bb oder Bbl<br \/>S- kann sein: Ss oder SS<\/p>\t\t\t\t\t\t\t\t<\/div>\n\t\t\t\t<\/div>\n\t\t\t\t\t<\/div>\n\t\t<\/div>\n\t\t\t\t<div class=\"elementor-column elementor-col-33 elementor-top-column elementor-element elementor-element-6f9c2335\" data-id=\"6f9c2335\" data-element_type=\"column\" data-e-type=\"column\">\n\t\t\t<div class=\"elementor-widget-wrap\">\n\t\t\t\t\t\t\t<\/div>\n\t\t<\/div>\n\t\t\t\t<div class=\"elementor-column elementor-col-33 elementor-top-column elementor-element elementor-element-4e634ba3\" data-id=\"4e634ba3\" data-element_type=\"column\" data-e-type=\"column\">\n\t\t\t<div class=\"elementor-widget-wrap elementor-element-populated\">\n\t\t\t\t\t\t<div class=\"elementor-element elementor-element-374bf046 elementor-widget elementor-widget-text-editor\" data-id=\"374bf046\" data-element_type=\"widget\" data-e-type=\"widget\" data-widget_type=\"text-editor.default\">\n\t\t\t\t<div class=\"elementor-widget-container\">\n\t\t\t\t\t\t\t\t\t<p>D- kann sein: DD oder Dd<\/p>\t\t\t\t\t\t\t\t<\/div>\n\t\t\t\t<\/div>\n\t\t\t\t\t<\/div>\n\t\t<\/div>\n\t\t\t\t\t<\/div>\n\t\t<\/section>\n\t\t\t\t<section class=\"elementor-section elementor-top-section elementor-element elementor-element-2013c485 elementor-section-full_width elementor-section-height-default elementor-section-height-default\" data-id=\"2013c485\" data-element_type=\"section\" data-e-type=\"section\">\n\t\t\t\t\t\t<div class=\"elementor-container elementor-column-gap-default\">\n\t\t\t\t\t<div class=\"elementor-column elementor-col-50 elementor-top-column elementor-element elementor-element-4a8923be\" data-id=\"4a8923be\" data-element_type=\"column\" data-e-type=\"column\">\n\t\t\t<div class=\"elementor-widget-wrap elementor-element-populated\">\n\t\t\t\t\t\t<div class=\"elementor-element elementor-element-359f051c elementor-widget elementor-widget-text-editor\" data-id=\"359f051c\" data-element_type=\"widget\" data-e-type=\"widget\" data-widget_type=\"text-editor.default\">\n\t\t\t\t<div class=\"elementor-widget-container\">\n\t\t\t\t\t\t\t\t\t<p>F\u00fcr alle Farben gilt:<br \/>E- ii =Tabby-Muster= wbwb ww<\/p>\t\t\t\t\t\t\t\t<\/div>\n\t\t\t\t<\/div>\n\t\t\t\t\t<\/div>\n\t\t<\/div>\n\t\t\t\t<div class=\"elementor-column elementor-col-50 elementor-top-column elementor-element elementor-element-3ceee9ae\" data-id=\"3ceee9ae\" data-element_type=\"column\" data-e-type=\"column\">\n\t\t\t<div class=\"elementor-widget-wrap elementor-element-populated\">\n\t\t\t\t\t\t<div class=\"elementor-element elementor-element-1214d401 elementor-widget elementor-widget-text-editor\" data-id=\"1214d401\" data-element_type=\"widget\" data-e-type=\"widget\" data-widget_type=\"text-editor.default\">\n\t\t\t\t<div class=\"elementor-widget-container\">\n\t\t\t\t\t\t\t\t\t<p>Bei redpoint\/cremepoint kann sein: B- oder bbl oder blbl, weil das Gen O alle Farben rot f\u00e4rbt.<\/p>\t\t\t\t\t\t\t\t<\/div>\n\t\t\t\t<\/div>\n\t\t\t\t\t<\/div>\n\t\t<\/div>\n\t\t\t\t\t<\/div>\n\t\t<\/section>\n\t\t\t\t<section class=\"elementor-section elementor-top-section elementor-element elementor-element-157d43d8 elementor-section-full_width elementor-section-height-default elementor-section-height-default\" data-id=\"157d43d8\" data-element_type=\"section\" data-e-type=\"section\">\n\t\t\t\t\t\t<div class=\"elementor-container elementor-column-gap-default\">\n\t\t\t\t\t<div class=\"elementor-column elementor-col-50 elementor-top-column elementor-element elementor-element-6cd881fa\" data-id=\"6cd881fa\" data-element_type=\"column\" data-e-type=\"column\">\n\t\t\t<div class=\"elementor-widget-wrap elementor-element-populated\">\n\t\t\t\t\t\t<div class=\"elementor-element elementor-element-1f161a1d elementor-widget elementor-widget-text-editor\" data-id=\"1f161a1d\" data-element_type=\"widget\" data-e-type=\"widget\" data-widget_type=\"text-editor.default\">\n\t\t\t\t<div class=\"elementor-widget-container\">\n\t\t\t\t\t\t\t\t\t<p><strong>Mitted ist hier nicht beschrieben.<\/strong><\/p>\t\t\t\t\t\t\t\t<\/div>\n\t\t\t\t<\/div>\n\t\t\t\t\t<\/div>\n\t\t<\/div>\n\t\t\t\t<div class=\"elementor-column elementor-col-50 elementor-top-column elementor-element elementor-element-7b4d97d0\" data-id=\"7b4d97d0\" data-element_type=\"column\" data-e-type=\"column\">\n\t\t\t<div class=\"elementor-widget-wrap\">\n\t\t\t\t\t\t\t<\/div>\n\t\t<\/div>\n\t\t\t\t\t<\/div>\n\t\t<\/section>\n\t\t\t\t<section class=\"elementor-section elementor-top-section elementor-element elementor-element-5226504f elementor-section-full_width elementor-section-height-default elementor-section-height-default\" data-id=\"5226504f\" data-element_type=\"section\" data-e-type=\"section\">\n\t\t\t\t\t\t<div class=\"elementor-container elementor-column-gap-default\">\n\t\t\t\t\t<div class=\"elementor-column elementor-col-50 elementor-top-column elementor-element elementor-element-47ae14b7\" data-id=\"47ae14b7\" data-element_type=\"column\" data-e-type=\"column\">\n\t\t\t<div class=\"elementor-widget-wrap elementor-element-populated\">\n\t\t\t\t\t\t<div class=\"elementor-element elementor-element-6daa4a64 elementor-widget elementor-widget-text-editor\" data-id=\"6daa4a64\" data-element_type=\"widget\" data-e-type=\"widget\" data-widget_type=\"text-editor.default\">\n\t\t\t\t<div class=\"elementor-widget-container\">\n\t\t\t\t\t\t\t\t\t<p>F\u00fcr alle Siamese pointed Farben gilt:<br \/>cscs<\/p>\t\t\t\t\t\t\t\t<\/div>\n\t\t\t\t<\/div>\n\t\t\t\t\t<\/div>\n\t\t<\/div>\n\t\t\t\t<div class=\"elementor-column elementor-col-50 elementor-top-column elementor-element elementor-element-157e5161\" data-id=\"157e5161\" data-element_type=\"column\" data-e-type=\"column\">\n\t\t\t<div class=\"elementor-widget-wrap elementor-element-populated\">\n\t\t\t\t\t\t<div class=\"elementor-element elementor-element-3eb64abd elementor-widget elementor-widget-text-editor\" data-id=\"3eb64abd\" data-element_type=\"widget\" data-e-type=\"widget\" data-widget_type=\"text-editor.default\">\n\t\t\t\t<div class=\"elementor-widget-container\">\n\t\t\t\t\t\t\t\t\t<p>F\u00fcr alle Burmese pointed Farben gilt:<br \/>cbcb<br \/>Die Beschreibung der Farben ist eine andere.<\/p>\t\t\t\t\t\t\t\t<\/div>\n\t\t\t\t<\/div>\n\t\t\t\t\t<\/div>\n\t\t<\/div>\n\t\t\t\t\t<\/div>\n\t\t<\/section>\n\t\t\t\t<section class=\"elementor-section elementor-top-section elementor-element elementor-element-e2b12b1 elementor-section-full_width elementor-section-height-default elementor-section-height-default\" data-id=\"e2b12b1\" data-element_type=\"section\" data-e-type=\"section\">\n\t\t\t\t\t\t<div class=\"elementor-container elementor-column-gap-default\">\n\t\t\t\t\t<div class=\"elementor-column elementor-col-50 elementor-top-column elementor-element elementor-element-484aea58\" data-id=\"484aea58\" data-element_type=\"column\" data-e-type=\"column\">\n\t\t\t<div class=\"elementor-widget-wrap elementor-element-populated\">\n\t\t\t\t\t\t<div class=\"elementor-element elementor-element-7a621ee5 elementor-widget elementor-widget-text-editor\" data-id=\"7a621ee5\" data-element_type=\"widget\" data-e-type=\"widget\" data-widget_type=\"text-editor.default\">\n\t\t\t\t<div class=\"elementor-widget-container\">\n\t\t\t\t\t\t\t\t\t<p>F\u00fcr alle Tonkinese pointed Farben gilt:<br \/>cscb<br \/>Die Beschreibung der Farben ist eine andere.<\/p>\t\t\t\t\t\t\t\t<\/div>\n\t\t\t\t<\/div>\n\t\t\t\t\t<\/div>\n\t\t<\/div>\n\t\t\t\t<div class=\"elementor-column elementor-col-50 elementor-top-column elementor-element elementor-element-969dc8b\" data-id=\"969dc8b\" data-element_type=\"column\" data-e-type=\"column\">\n\t\t\t<div class=\"elementor-widget-wrap\">\n\t\t\t\t\t\t\t<\/div>\n\t\t<\/div>\n\t\t\t\t\t<\/div>\n\t\t<\/section>\n\t\t\t\t<section class=\"elementor-section elementor-top-section elementor-element elementor-element-6a71d994 elementor-section-full_width elementor-section-height-default elementor-section-height-default\" data-id=\"6a71d994\" data-element_type=\"section\" data-e-type=\"section\">\n\t\t\t\t\t\t<div class=\"elementor-container elementor-column-gap-default\">\n\t\t\t\t\t<div class=\"elementor-column elementor-col-33 elementor-top-column elementor-element elementor-element-294b44e3\" data-id=\"294b44e3\" data-element_type=\"column\" data-e-type=\"column\">\n\t\t\t<div class=\"elementor-widget-wrap\">\n\t\t\t\t\t\t\t<\/div>\n\t\t<\/div>\n\t\t\t\t<div class=\"elementor-column elementor-col-66 elementor-top-column elementor-element elementor-element-29b39be9\" data-id=\"29b39be9\" data-element_type=\"column\" data-e-type=\"column\">\n\t\t\t<div class=\"elementor-widget-wrap\">\n\t\t\t\t\t\t\t<\/div>\n\t\t<\/div>\n\t\t\t\t\t<\/div>\n\t\t<\/section>\n\t\t\t\t<section class=\"elementor-section elementor-top-section elementor-element elementor-element-11a87035 elementor-section-full_width elementor-section-height-default elementor-section-height-default\" data-id=\"11a87035\" data-element_type=\"section\" data-e-type=\"section\">\n\t\t\t\t\t\t<div class=\"elementor-container elementor-column-gap-default\">\n\t\t\t\t\t<div class=\"elementor-column elementor-col-33 elementor-top-column elementor-element elementor-element-213a8d18\" data-id=\"213a8d18\" data-element_type=\"column\" data-e-type=\"column\">\n\t\t\t<div class=\"elementor-widget-wrap elementor-element-populated\">\n\t\t\t\t\t\t<div class=\"elementor-element elementor-element-30b9fe86 elementor-widget elementor-widget-text-editor\" data-id=\"30b9fe86\" data-element_type=\"widget\" data-e-type=\"widget\" data-widget_type=\"text-editor.default\">\n\t\t\t\t<div class=\"elementor-widget-container\">\n\t\t\t\t\t\t\t\t\t<p><a href=\"https:\/\/wcf.de\/de\/farben\/\">Zu den Farben zur\u00fcck<\/a><\/p>\t\t\t\t\t\t\t\t<\/div>\n\t\t\t\t<\/div>\n\t\t\t\t\t<\/div>\n\t\t<\/div>\n\t\t\t\t<div class=\"elementor-column elementor-col-66 elementor-top-column elementor-element elementor-element-47a6f98f\" data-id=\"47a6f98f\" data-element_type=\"column\" data-e-type=\"column\">\n\t\t\t<div class=\"elementor-widget-wrap\">\n\t\t\t\t\t\t\t<\/div>\n\t\t<\/div>\n\t\t\t\t\t<\/div>\n\t\t<\/section>\n\t\t\t\t<\/div>\n\t\t","protected":false},"excerpt":{"rendered":"<p>POINTED UND WEI\u00df POINTED = MIT SIAM-ABZEICHEN TORTIEPOINT UND WEI\u00df B- kann sein: BB oder Bb oder Bbl S- kann sein: Ss oder SS D- kann sein: DD oder Dd F\u00fcr alle Farben gilt: E- ii =Tabby-Muster= wbwb ww Bei redpoint\/cremepoint kann sein: B- oder bbl oder blbl, weil das Gen O alle Farben rot [&hellip;]<\/p>\n","protected":false},"author":1,"featured_media":0,"parent":0,"menu_order":0,"comment_status":"closed","ping_status":"closed","template":"","meta":{"_monsterinsights_skip_tracking":false,"_monsterinsights_sitenote_active":false,"_monsterinsights_sitenote_note":"","_monsterinsights_sitenote_category":0,"footnotes":""},"class_list":["post-8058","page","type-page","status-publish","hentry"],"aioseo_notices":[],"_links":{"self":[{"href":"https:\/\/wcf.de\/de\/wp-json\/wp\/v2\/pages\/8058","targetHints":{"allow":["GET"]}}],"collection":[{"href":"https:\/\/wcf.de\/de\/wp-json\/wp\/v2\/pages"}],"about":[{"href":"https:\/\/wcf.de\/de\/wp-json\/wp\/v2\/types\/page"}],"author":[{"embeddable":true,"href":"https:\/\/wcf.de\/de\/wp-json\/wp\/v2\/users\/1"}],"replies":[{"embeddable":true,"href":"https:\/\/wcf.de\/de\/wp-json\/wp\/v2\/comments?post=8058"}],"version-history":[{"count":13,"href":"https:\/\/wcf.de\/de\/wp-json\/wp\/v2\/pages\/8058\/revisions"}],"predecessor-version":[{"id":12047,"href":"https:\/\/wcf.de\/de\/wp-json\/wp\/v2\/pages\/8058\/revisions\/12047"}],"wp:attachment":[{"href":"https:\/\/wcf.de\/de\/wp-json\/wp\/v2\/media?parent=8058"}],"curies":[{"name":"wp","href":"https:\/\/api.w.org\/{rel}","templated":true}]}}