{"id":8141,"date":"2021-06-17T12:29:56","date_gmt":"2021-06-17T12:29:56","guid":{"rendered":"https:\/\/de7.wcf-test.de\/de\/?page_id=8141"},"modified":"2021-12-19T14:57:54","modified_gmt":"2021-12-19T14:57:54","slug":"genetisches-modell","status":"publish","type":"page","link":"https:\/\/wcf.de\/de\/genetisches-modell\/","title":{"rendered":"genetisches Modell"},"content":{"rendered":"\t\t<div data-elementor-type=\"wp-page\" data-elementor-id=\"8141\" class=\"elementor elementor-8141\" data-elementor-post-type=\"page\">\n\t\t\t\t\t\t<section class=\"elementor-section elementor-top-section elementor-element elementor-element-244051f6 elementor-section-full_width elementor-section-height-default elementor-section-height-default\" data-id=\"244051f6\" data-element_type=\"section\" data-e-type=\"section\">\n\t\t\t\t\t\t<div class=\"elementor-container elementor-column-gap-default\">\n\t\t\t\t\t<div class=\"elementor-column elementor-col-100 elementor-top-column elementor-element elementor-element-4cae0fc4\" data-id=\"4cae0fc4\" data-element_type=\"column\" data-e-type=\"column\">\n\t\t\t<div class=\"elementor-widget-wrap elementor-element-populated\">\n\t\t\t\t\t\t<div class=\"elementor-element elementor-element-6ad5f2d7 elementor-widget elementor-widget-heading\" data-id=\"6ad5f2d7\" data-element_type=\"widget\" data-e-type=\"widget\" data-widget_type=\"heading.default\">\n\t\t\t\t<div class=\"elementor-widget-container\">\n\t\t\t\t\t<h5 class=\"elementor-heading-title elementor-size-large\">\nFARBEN: GENETISCHES MODELL<\/h5>\t\t\t\t<\/div>\n\t\t\t\t<\/div>\n\t\t\t\t\t<\/div>\n\t\t<\/div>\n\t\t\t\t\t<\/div>\n\t\t<\/section>\n\t\t\t\t<section class=\"elementor-section elementor-top-section elementor-element elementor-element-7cdd9b41 elementor-section-full_width elementor-section-height-default elementor-section-height-default\" data-id=\"7cdd9b41\" data-element_type=\"section\" data-e-type=\"section\">\n\t\t\t\t\t\t<div class=\"elementor-container elementor-column-gap-default\">\n\t\t\t\t\t<div class=\"elementor-column elementor-col-100 elementor-top-column elementor-element elementor-element-527576cf\" data-id=\"527576cf\" data-element_type=\"column\" data-e-type=\"column\">\n\t\t\t<div class=\"elementor-widget-wrap elementor-element-populated\">\n\t\t\t\t\t\t<div class=\"elementor-element elementor-element-7ae82abc elementor-widget elementor-widget-shortcode\" data-id=\"7ae82abc\" data-element_type=\"widget\" data-e-type=\"widget\" data-widget_type=\"shortcode.default\">\n\t\t\t\t<div class=\"elementor-widget-container\">\n\t\t\t\t\t\t\t<div class=\"elementor-shortcode\">\n<table id=\"tablepress-37\" class=\"tablepress tablepress-id-37\">\n<thead>\n<tr class=\"row-1\">\n\t<th class=\"column-1\">Locus<\/th><th class=\"column-2\">Allel<\/th><th class=\"column-3\">Bedeutung<\/th>\n<\/tr>\n<\/thead>\n<tbody>\n<tr class=\"row-2\">\n\t<td class=\"column-1\"><strong>A<\/strong><\/td><td class=\"column-2\">A<br \/>\na<\/td><td class=\"column-3\">Agouti<br \/>\nnon-agouti<\/td>\n<\/tr>\n<tr class=\"row-3\">\n\t<td class=\"column-1\"><strong>B<\/strong><\/td><td class=\"column-2\">B<br \/>\nb<br \/>\nbl<\/td><td class=\"column-3\">Schwarz (Black)<br \/>\nchocolate<br \/>\ncinnamon<\/td>\n<\/tr>\n<tr class=\"row-4\">\n\t<td class=\"column-1\"><strong>C<\/strong><\/td><td class=\"column-2\">C<br \/>\n<\/td><td class=\"column-3\">Vollfarbe (full colour)<br \/>\n<\/td>\n<\/tr>\n<tr class=\"row-5\">\n\t<td class=\"column-1\"><\/td><td class=\"column-2\">cs<br \/>\ncb<br \/>\nca<\/td><td class=\"column-3\">Siam-Abzeichen<br \/>\nBurma-Abzeichen<br \/>\nAlbino mit blauen Augen<\/td>\n<\/tr>\n<tr class=\"row-6\">\n\t<td class=\"column-1\"><\/td><td class=\"column-2\">c<\/td><td class=\"column-3\">Albino<\/td>\n<\/tr>\n<tr class=\"row-7\">\n\t<td class=\"column-1\"><strong>D<\/strong><\/td><td class=\"column-2\">D<\/td><td class=\"column-3\">Dense colour (nicht verd\u00fcnnt)<\/td>\n<\/tr>\n<tr class=\"row-8\">\n\t<td class=\"column-1\"><\/td><td class=\"column-2\">d<\/td><td class=\"column-3\">verd\u00fcnnt (diluted)<\/td>\n<\/tr>\n<tr class=\"row-9\">\n\t<td class=\"column-1\"><strong>E<\/strong><\/td><td class=\"column-2\">E<br \/>\ne<\/td><td class=\"column-3\">non-amber<br \/>\namber<\/td>\n<\/tr>\n<tr class=\"row-10\">\n\t<td class=\"column-1\"><strong>I<\/strong><\/td><td class=\"column-2\">I<\/td><td class=\"column-3\">Inhibitor aktiv (silber)<\/td>\n<\/tr>\n<tr class=\"row-11\">\n\t<td class=\"column-1\"><\/td><td class=\"column-2\">i<\/td><td class=\"column-3\">nicht silber<\/td>\n<\/tr>\n<tr class=\"row-12\">\n\t<td class=\"column-1\"><strong>Mc<\/strong><\/td><td class=\"column-2\">Mc<br \/>\nmc<\/td><td class=\"column-3\">Mackerel<br \/>\nblotched<\/td>\n<\/tr>\n<tr class=\"row-13\">\n\t<td class=\"column-1\"><strong>O<\/strong><\/td><td class=\"column-2\">O<br \/>\no<br \/>\nY<\/td><td class=\"column-3\">Orange<br \/>\nnon-orange<br \/>\nChromosom Y<\/td>\n<\/tr>\n<tr class=\"row-14\">\n\t<td class=\"column-1\"><strong>S<\/strong><\/td><td class=\"column-2\">S<\/td><td class=\"column-3\">Wei\u00dfscheckung (Piebald spotting)<\/td>\n<\/tr>\n<tr class=\"row-15\">\n\t<td class=\"column-1\"><\/td><td class=\"column-2\">s<\/td><td class=\"column-3\">keine Wei\u00dfscheckung<\/td>\n<\/tr>\n<tr class=\"row-16\">\n\t<td class=\"column-1\"><strong>Ta<\/strong><\/td><td class=\"column-2\">Ta<br \/>\nta<\/td><td class=\"column-3\">Getickt<br \/>\nnicht getickt<\/td>\n<\/tr>\n<tr class=\"row-17\">\n\t<td class=\"column-1\"><strong>W<\/strong><\/td><td class=\"column-2\">W<br \/>\nw<br \/>\n<\/td><td class=\"column-3\">epistatisches Wei\u00df<br \/>\nohne epistatisches Wei\u00df (nicht wei\u00df)<\/td>\n<\/tr>\n<tr class=\"row-18\">\n\t<td class=\"column-1\"><strong>Wb<\/strong><\/td><td class=\"column-2\">Wb<\/td><td class=\"column-3\">Wide band (Haare haben Tipping)<\/td>\n<\/tr>\n<tr class=\"row-19\">\n\t<td class=\"column-1\"><\/td><td class=\"column-2\">wb<\/td><td class=\"column-3\">kein Tipping<\/td>\n<\/tr>\n<tr class=\"row-20\">\n\t<td class=\"column-1\"><\/td><td class=\"column-2\"><\/td><td class=\"column-3\"><\/td>\n<\/tr>\n<tr class=\"row-21\">\n\t<td class=\"column-1\"><\/td><td class=\"column-2\"><\/td><td class=\"column-3\"><\/td>\n<\/tr>\n<\/tbody>\n<\/table>\n<!-- #tablepress-37 from cache --><\/div>\n\t\t\t\t\t\t<\/div>\n\t\t\t\t<\/div>\n\t\t\t\t\t<\/div>\n\t\t<\/div>\n\t\t\t\t\t<\/div>\n\t\t<\/section>\n\t\t\t\t<section class=\"elementor-section elementor-top-section elementor-element elementor-element-4c064c03 elementor-section-full_width elementor-section-height-default elementor-section-height-default\" data-id=\"4c064c03\" data-element_type=\"section\" data-e-type=\"section\">\n\t\t\t\t\t\t<div class=\"elementor-container elementor-column-gap-default\">\n\t\t\t\t\t<div class=\"elementor-column elementor-col-100 elementor-top-column elementor-element elementor-element-65bb437\" data-id=\"65bb437\" data-element_type=\"column\" data-e-type=\"column\">\n\t\t\t<div class=\"elementor-widget-wrap elementor-element-populated\">\n\t\t\t\t\t\t<div class=\"elementor-element elementor-element-29f1c7c6 elementor-widget elementor-widget-text-editor\" data-id=\"29f1c7c6\" data-element_type=\"widget\" data-e-type=\"widget\" data-widget_type=\"text-editor.default\">\n\t\t\t\t<div class=\"elementor-widget-container\">\n\t\t\t\t\t\t\t\t\t<p>Gro\u00dfbuchstaben bedeuten, dass das Allel dominant ist. Die Allele sind in der Rangordnung ihrer Dominanz geschrieben.<\/p><p>Bitte beachten Sie:<\/p><ol><li>Das genetische Modell, welches 3 verschiedene Loci f\u00fcr das Tabby-Muster verwendet &#8211; Mc, Ta, Sp &#8211; ist ein Modell, das sich \u00e4ndert,<br \/>sobald neuere Erkenntnisse verf\u00fcgbar sind.<\/li><li>Sp ist nicht in der Tabelle enthalten, weil es ein Modell ist, um das Muster &#8216;getupft&#8217; auszudr\u00fccken.<\/li><li>Es ist eine Hypothese, dass ein wei\u00dfes Medaillon und die wei\u00dfen Handschuhe das Ergebnis eines anderen Gens (einer anderen Gengruppe)<br \/>sind als das Ergebnis des Gens S.<\/li><\/ol>\t\t\t\t\t\t\t\t<\/div>\n\t\t\t\t<\/div>\n\t\t\t\t\t<\/div>\n\t\t<\/div>\n\t\t\t\t\t<\/div>\n\t\t<\/section>\n\t\t\t\t<section class=\"elementor-section elementor-top-section elementor-element elementor-element-297b5054 elementor-section-full_width elementor-section-height-default elementor-section-height-default\" data-id=\"297b5054\" data-element_type=\"section\" data-e-type=\"section\">\n\t\t\t\t\t\t<div class=\"elementor-container elementor-column-gap-default\">\n\t\t\t\t\t<div class=\"elementor-column elementor-col-33 elementor-top-column elementor-element elementor-element-9ed8364\" data-id=\"9ed8364\" data-element_type=\"column\" data-e-type=\"column\">\n\t\t\t<div class=\"elementor-widget-wrap\">\n\t\t\t\t\t\t\t<\/div>\n\t\t<\/div>\n\t\t\t\t<div class=\"elementor-column elementor-col-66 elementor-top-column elementor-element elementor-element-738da3bc\" data-id=\"738da3bc\" data-element_type=\"column\" data-e-type=\"column\">\n\t\t\t<div class=\"elementor-widget-wrap\">\n\t\t\t\t\t\t\t<\/div>\n\t\t<\/div>\n\t\t\t\t\t<\/div>\n\t\t<\/section>\n\t\t\t\t<section class=\"elementor-section elementor-top-section elementor-element elementor-element-293d22ce elementor-section-full_width elementor-section-height-default elementor-section-height-default\" data-id=\"293d22ce\" data-element_type=\"section\" data-e-type=\"section\">\n\t\t\t\t\t\t<div class=\"elementor-container elementor-column-gap-default\">\n\t\t\t\t\t<div class=\"elementor-column elementor-col-33 elementor-top-column elementor-element elementor-element-36431b51\" data-id=\"36431b51\" data-element_type=\"column\" data-e-type=\"column\">\n\t\t\t<div class=\"elementor-widget-wrap elementor-element-populated\">\n\t\t\t\t\t\t<div class=\"elementor-element elementor-element-7489bd6f elementor-widget elementor-widget-text-editor\" data-id=\"7489bd6f\" data-element_type=\"widget\" data-e-type=\"widget\" data-widget_type=\"text-editor.default\">\n\t\t\t\t<div class=\"elementor-widget-container\">\n\t\t\t\t\t\t\t\t\t<p><a href=\"https:\/\/wcf.de\/de\/farben\/\">Zu den Farben zur\u00fcck<\/a><\/p>\t\t\t\t\t\t\t\t<\/div>\n\t\t\t\t<\/div>\n\t\t\t\t\t<\/div>\n\t\t<\/div>\n\t\t\t\t<div class=\"elementor-column elementor-col-66 elementor-top-column elementor-element elementor-element-e9298a6\" data-id=\"e9298a6\" data-element_type=\"column\" data-e-type=\"column\">\n\t\t\t<div class=\"elementor-widget-wrap\">\n\t\t\t\t\t\t\t<\/div>\n\t\t<\/div>\n\t\t\t\t\t<\/div>\n\t\t<\/section>\n\t\t\t\t<\/div>\n\t\t","protected":false},"excerpt":{"rendered":"<p>FARBEN: GENETISCHES MODELL Gro\u00dfbuchstaben bedeuten, dass das Allel dominant ist. Die Allele sind in der Rangordnung ihrer Dominanz geschrieben. Bitte beachten Sie: Das genetische Modell, welches 3 verschiedene Loci f\u00fcr das Tabby-Muster verwendet &#8211; Mc, Ta, Sp &#8211; ist ein Modell, das sich \u00e4ndert, sobald neuere Erkenntnisse verf\u00fcgbar sind. Sp ist nicht in der Tabelle [&hellip;]<\/p>\n","protected":false},"author":1,"featured_media":0,"parent":0,"menu_order":0,"comment_status":"closed","ping_status":"closed","template":"","meta":{"_monsterinsights_skip_tracking":false,"_monsterinsights_sitenote_active":false,"_monsterinsights_sitenote_note":"","_monsterinsights_sitenote_category":0,"footnotes":""},"class_list":["post-8141","page","type-page","status-publish","hentry"],"aioseo_notices":[],"_links":{"self":[{"href":"https:\/\/wcf.de\/de\/wp-json\/wp\/v2\/pages\/8141","targetHints":{"allow":["GET"]}}],"collection":[{"href":"https:\/\/wcf.de\/de\/wp-json\/wp\/v2\/pages"}],"about":[{"href":"https:\/\/wcf.de\/de\/wp-json\/wp\/v2\/types\/page"}],"author":[{"embeddable":true,"href":"https:\/\/wcf.de\/de\/wp-json\/wp\/v2\/users\/1"}],"replies":[{"embeddable":true,"href":"https:\/\/wcf.de\/de\/wp-json\/wp\/v2\/comments?post=8141"}],"version-history":[{"count":17,"href":"https:\/\/wcf.de\/de\/wp-json\/wp\/v2\/pages\/8141\/revisions"}],"predecessor-version":[{"id":12079,"href":"https:\/\/wcf.de\/de\/wp-json\/wp\/v2\/pages\/8141\/revisions\/12079"}],"wp:attachment":[{"href":"https:\/\/wcf.de\/de\/wp-json\/wp\/v2\/media?parent=8141"}],"curies":[{"name":"wp","href":"https:\/\/api.w.org\/{rel}","templated":true}]}}