{"id":6196,"date":"2021-05-24T11:54:08","date_gmt":"2021-05-24T11:54:08","guid":{"rendered":"https:\/\/de7.wcf-test.de\/en\/?page_id=6196"},"modified":"2021-12-18T12:30:15","modified_gmt":"2021-12-18T12:30:15","slug":"wcc-melbourne-2010","status":"publish","type":"page","link":"https:\/\/wcf.de\/en\/wcc-melbourne-2010\/","title":{"rendered":"WCC melbourne 2010"},"content":{"rendered":"\t\t<div data-elementor-type=\"wp-page\" data-elementor-id=\"6196\" class=\"elementor elementor-6196\" data-elementor-post-type=\"page\">\n\t\t\t\t\t\t<section class=\"elementor-section elementor-top-section elementor-element elementor-element-6a45b2a5 elementor-section-full_width elementor-section-height-default elementor-section-height-default\" data-id=\"6a45b2a5\" data-element_type=\"section\" data-e-type=\"section\">\n\t\t\t\t\t\t<div class=\"elementor-container elementor-column-gap-default\">\n\t\t\t\t\t<div class=\"elementor-column elementor-col-100 elementor-top-column elementor-element elementor-element-219f417c\" data-id=\"219f417c\" data-element_type=\"column\" data-e-type=\"column\">\n\t\t\t<div class=\"elementor-widget-wrap elementor-element-populated\">\n\t\t\t\t\t\t<div class=\"elementor-element elementor-element-13a213b6 elementor-widget elementor-widget-heading\" data-id=\"13a213b6\" data-element_type=\"widget\" data-e-type=\"widget\" data-widget_type=\"heading.default\">\n\t\t\t\t<div class=\"elementor-widget-container\">\n\t\t\t\t\t<h5 class=\"elementor-heading-title elementor-size-large\">WORLD CAT CONGRESS 2010 - \nMELBOURNE AUSTRALIA<\/br> April 30 - May 03, 2010<\/h5>\t\t\t\t<\/div>\n\t\t\t\t<\/div>\n\t\t\t\t\t<\/div>\n\t\t<\/div>\n\t\t\t\t\t<\/div>\n\t\t<\/section>\n\t\t\t\t<section class=\"elementor-section elementor-top-section elementor-element elementor-element-1d7c7065 elementor-section-full_width elementor-section-height-default elementor-section-height-default\" data-id=\"1d7c7065\" data-element_type=\"section\" data-e-type=\"section\">\n\t\t\t\t\t\t<div class=\"elementor-container elementor-column-gap-default\">\n\t\t\t\t\t<div class=\"elementor-column elementor-col-100 elementor-top-column elementor-element elementor-element-68dbcc4c\" data-id=\"68dbcc4c\" data-element_type=\"column\" data-e-type=\"column\">\n\t\t\t<div class=\"elementor-widget-wrap elementor-element-populated\">\n\t\t\t\t\t\t<div class=\"elementor-element elementor-element-5ac6c67d elementor-widget elementor-widget-text-editor\" data-id=\"5ac6c67d\" data-element_type=\"widget\" data-e-type=\"widget\" data-widget_type=\"text-editor.default\">\n\t\t\t\t<div class=\"elementor-widget-container\">\n\t\t\t\t\t\t\t\t\t\n<p>This year the annual WCC meeting took place in Melbourne, Australia. The organizer of this 4-days meeting was the CCCA.<br \/>The organizations were represented by:<\/p>\n\t\t\t\t\t\t\t\t<\/div>\n\t\t\t\t<\/div>\n\t\t\t\t\t<\/div>\n\t\t<\/div>\n\t\t\t\t\t<\/div>\n\t\t<\/section>\n\t\t\t\t<section class=\"elementor-section elementor-top-section elementor-element elementor-element-12213bdb elementor-section-full_width elementor-section-height-default elementor-section-height-default\" data-id=\"12213bdb\" data-element_type=\"section\" data-e-type=\"section\">\n\t\t\t\t\t\t<div class=\"elementor-container elementor-column-gap-default\">\n\t\t\t\t\t<div class=\"elementor-column elementor-col-33 elementor-top-column elementor-element elementor-element-12e9943e\" data-id=\"12e9943e\" data-element_type=\"column\" data-e-type=\"column\">\n\t\t\t<div class=\"elementor-widget-wrap elementor-element-populated\">\n\t\t\t\t\t\t<div class=\"elementor-element elementor-element-3ae0170 elementor-widget elementor-widget-text-editor\" data-id=\"3ae0170\" data-element_type=\"widget\" data-e-type=\"widget\" data-widget_type=\"text-editor.default\">\n\t\t\t\t<div class=\"elementor-widget-container\">\n\t\t\t\t\t\t\t\t\t<p>ACF<br \/>CCCA<br \/>CFA<br \/>FIFe<br \/>GCCF<br \/>NZCF<br \/>SACC<br \/>TICA<br \/>WCF<br \/>WCC<\/p>\t\t\t\t\t\t\t\t<\/div>\n\t\t\t\t<\/div>\n\t\t\t\t\t<\/div>\n\t\t<\/div>\n\t\t\t\t<div class=\"elementor-column elementor-col-33 elementor-top-column elementor-element elementor-element-70836c61\" data-id=\"70836c61\" data-element_type=\"column\" data-e-type=\"column\">\n\t\t\t<div class=\"elementor-widget-wrap elementor-element-populated\">\n\t\t\t\t\t\t<div class=\"elementor-element elementor-element-339a71e6 elementor-widget elementor-widget-text-editor\" data-id=\"339a71e6\" data-element_type=\"widget\" data-e-type=\"widget\" data-widget_type=\"text-editor.default\">\n\t\t\t\t<div class=\"elementor-widget-container\">\n\t\t\t\t\t\t\t\t\t<p>Australian Cat Federation<br \/>Co-Ordinating Cat Council of Australia<br \/>Cat Fanciers\u2019 Association<br \/>F\u00e9d\u00e9ration Internationale F\u00e9line<br \/>Governing Council of the Cat Fancy<br \/>New Zealand Cat Fancy<br \/>Southern African Cat Council<br \/>The International Cat Association<br \/>World Cat Federation<br \/>Secretary and Treasurer<\/p>\t\t\t\t\t\t\t\t<\/div>\n\t\t\t\t<\/div>\n\t\t\t\t\t<\/div>\n\t\t<\/div>\n\t\t\t\t<div class=\"elementor-column elementor-col-33 elementor-top-column elementor-element elementor-element-18404c89\" data-id=\"18404c89\" data-element_type=\"column\" data-e-type=\"column\">\n\t\t\t<div class=\"elementor-widget-wrap elementor-element-populated\">\n\t\t\t\t\t\t<div class=\"elementor-element elementor-element-3b915d70 elementor-widget elementor-widget-text-editor\" data-id=\"3b915d70\" data-element_type=\"widget\" data-e-type=\"widget\" data-widget_type=\"text-editor.default\">\n\t\t\t\t<div class=\"elementor-widget-container\">\n\t\t\t\t\t\t\t\t\t<p>Lesley Morgan Blythe<br \/>Cheryle U\u2019ren<br \/>Pam DelaBar<br \/>Eric Reijers<br \/>Betty Shingleton<br \/>Chris Lowe<br \/>Ingrid De Wet<br \/>Vickie Fisher<br \/>Cornelia Hungerecker<br \/>Penny Bydlinski<\/p>\t\t\t\t\t\t\t\t<\/div>\n\t\t\t\t<\/div>\n\t\t\t\t\t<\/div>\n\t\t<\/div>\n\t\t\t\t\t<\/div>\n\t\t<\/section>\n\t\t\t\t<section class=\"elementor-section elementor-top-section elementor-element elementor-element-29699062 elementor-section-full_width elementor-section-height-default elementor-section-height-default\" data-id=\"29699062\" data-element_type=\"section\" data-e-type=\"section\">\n\t\t\t\t\t\t<div class=\"elementor-container elementor-column-gap-default\">\n\t\t\t\t\t<div class=\"elementor-column elementor-col-33 elementor-top-column elementor-element elementor-element-4e8f4d36\" data-id=\"4e8f4d36\" data-element_type=\"column\" data-e-type=\"column\">\n\t\t\t<div class=\"elementor-widget-wrap elementor-element-populated\">\n\t\t\t\t\t\t<div class=\"elementor-element elementor-element-57e01d80 elementor-widget elementor-widget-image\" data-id=\"57e01d80\" data-element_type=\"widget\" data-e-type=\"widget\" data-widget_type=\"image.default\">\n\t\t\t\t<div class=\"elementor-widget-container\">\n\t\t\t\t\t\t\t\t\t\t\t\t\t\t\t<img decoding=\"async\" width=\"200\" height=\"125\" src=\"https:\/\/wcf.de\/en\/wp-content\/uploads\/sites\/8\/2021\/05\/WCC_2010_1.jpg\" class=\"attachment-large size-large wp-image-6198\" alt=\"\" \/>\t\t\t\t\t\t\t\t\t\t\t\t\t\t\t<\/div>\n\t\t\t\t<\/div>\n\t\t\t\t\t<\/div>\n\t\t<\/div>\n\t\t\t\t<div class=\"elementor-column elementor-col-33 elementor-top-column elementor-element elementor-element-5d9a1dec\" data-id=\"5d9a1dec\" data-element_type=\"column\" data-e-type=\"column\">\n\t\t\t<div class=\"elementor-widget-wrap elementor-element-populated\">\n\t\t\t\t\t\t<div class=\"elementor-element elementor-element-2a47bfe3 elementor-widget elementor-widget-image\" data-id=\"2a47bfe3\" data-element_type=\"widget\" data-e-type=\"widget\" data-widget_type=\"image.default\">\n\t\t\t\t<div class=\"elementor-widget-container\">\n\t\t\t\t\t\t\t\t\t\t\t\t\t\t\t<img decoding=\"async\" width=\"200\" height=\"125\" src=\"https:\/\/wcf.de\/en\/wp-content\/uploads\/sites\/8\/2021\/05\/WCC_2010_2.jpg\" class=\"attachment-large size-large wp-image-6199\" alt=\"\" \/>\t\t\t\t\t\t\t\t\t\t\t\t\t\t\t<\/div>\n\t\t\t\t<\/div>\n\t\t\t\t\t<\/div>\n\t\t<\/div>\n\t\t\t\t<div class=\"elementor-column elementor-col-33 elementor-top-column elementor-element elementor-element-4f2ffa46\" data-id=\"4f2ffa46\" data-element_type=\"column\" data-e-type=\"column\">\n\t\t\t<div class=\"elementor-widget-wrap\">\n\t\t\t\t\t\t\t<\/div>\n\t\t<\/div>\n\t\t\t\t\t<\/div>\n\t\t<\/section>\n\t\t\t\t<section class=\"elementor-section elementor-top-section elementor-element elementor-element-51d30479 elementor-section-full_width elementor-section-height-default elementor-section-height-default\" data-id=\"51d30479\" data-element_type=\"section\" data-e-type=\"section\">\n\t\t\t\t\t\t<div class=\"elementor-container elementor-column-gap-default\">\n\t\t\t\t\t<div class=\"elementor-column elementor-col-100 elementor-top-column elementor-element elementor-element-3b633621\" data-id=\"3b633621\" data-element_type=\"column\" data-e-type=\"column\">\n\t\t\t<div class=\"elementor-widget-wrap elementor-element-populated\">\n\t\t\t\t\t\t<div class=\"elementor-element elementor-element-9bc0364 elementor-widget elementor-widget-text-editor\" data-id=\"9bc0364\" data-element_type=\"widget\" data-e-type=\"widget\" data-widget_type=\"text-editor.default\">\n\t\t\t\t<div class=\"elementor-widget-container\">\n\t\t\t\t\t\t\t\t\t\n<p>As always, this meeting started on Friday with a seminar in the Conference Room of RASV Centre, Melbourne Showgrounds. There were many visitors in the seminar and it was held &#8211; of course &#8211; in English. The seminar was opened by the president<br \/>of the WCC, Mrs Pam DelaBar, and the vice-president of the WCC, Mrs Cheryle U\u00b4Ren.<br \/>Besides the presentation of the participating organizations, several items were on the agenda, for example care and health<br \/>of breeding cats, presentation of the Australian Mist, presentation of the best cats by their breeder and owner, Australian legislation concerning cats. Besides information about development and actual news in the respective organizations, the current possibilities, purpose and limits of artificial insemination were discussed. Further principal subjects were the judges lists and training, breed standards, protection of cattery names, recognition procedure for new breeds and colours,<br \/>general faults, animal protection and national local problems.<\/p>\n<p>On Saturday and Sunday the cat show with more than 650 inscribed cats was organized.<br \/>On Monday the WCC meeting took place.<\/p>\n<p>This year new elections were not on the agenda. It was decided unanimously that more advertisement for the World Cat Congress should be made.<br \/>The Internet pages will expanded:<\/p>\n<p>\u2022 more information for the welfare of animals,<br \/>\u2022 tips for buying kittens from responsible breeders,<br \/>\u2022 information about import and export,<br \/>\u2022 breeding information,<br \/>\u2022 descriptions about exhibitions, which explain typical procedures that the differences between the various organizations will become clearer,<br \/>\u2022 page for children,<br \/>\u2022 links to EC regulations,<br \/>\u2022 internal area for WCC members.<\/p>\n<p>To implement the idea of the WCC, a lot of work and understanding between the organizations will be necessary.<br \/>All agreed upon one subject: The welfare of cats is and shall always be of utmost importance.<\/p>\n<p>Report: Cornelia Hungerecker<\/p>\n\t\t\t\t\t\t\t\t<\/div>\n\t\t\t\t<\/div>\n\t\t\t\t\t<\/div>\n\t\t<\/div>\n\t\t\t\t\t<\/div>\n\t\t<\/section>\n\t\t\t\t<\/div>\n\t\t","protected":false},"excerpt":{"rendered":"<p>WORLD CAT CONGRESS 2010 &#8211; MELBOURNE AUSTRALIA April 30 &#8211; May 03, 2010 This year the annual WCC meeting took place in Melbourne, Australia. The organizer of this 4-days meeting was the CCCA.The organizations were represented by: ACFCCCACFAFIFeGCCFNZCFSACCTICAWCFWCC Australian Cat FederationCo-Ordinating Cat Council of AustraliaCat Fanciers\u2019 AssociationF\u00e9d\u00e9ration Internationale F\u00e9lineGoverning Council of the Cat FancyNew Zealand [&hellip;]<\/p>\n","protected":false},"author":1,"featured_media":0,"parent":0,"menu_order":0,"comment_status":"closed","ping_status":"closed","template":"","meta":{"footnotes":""},"class_list":["post-6196","page","type-page","status-publish","hentry"],"_links":{"self":[{"href":"https:\/\/wcf.de\/en\/wp-json\/wp\/v2\/pages\/6196","targetHints":{"allow":["GET"]}}],"collection":[{"href":"https:\/\/wcf.de\/en\/wp-json\/wp\/v2\/pages"}],"about":[{"href":"https:\/\/wcf.de\/en\/wp-json\/wp\/v2\/types\/page"}],"author":[{"embeddable":true,"href":"https:\/\/wcf.de\/en\/wp-json\/wp\/v2\/users\/1"}],"replies":[{"embeddable":true,"href":"https:\/\/wcf.de\/en\/wp-json\/wp\/v2\/comments?post=6196"}],"version-history":[{"count":8,"href":"https:\/\/wcf.de\/en\/wp-json\/wp\/v2\/pages\/6196\/revisions"}],"predecessor-version":[{"id":12969,"href":"https:\/\/wcf.de\/en\/wp-json\/wp\/v2\/pages\/6196\/revisions\/12969"}],"wp:attachment":[{"href":"https:\/\/wcf.de\/en\/wp-json\/wp\/v2\/media?parent=6196"}],"curies":[{"name":"wp","href":"https:\/\/api.w.org\/{rel}","templated":true}]}}