{"id":6209,"date":"2021-05-24T12:10:01","date_gmt":"2021-05-24T12:10:01","guid":{"rendered":"https:\/\/de7.wcf-test.de\/en\/?page_id=6209"},"modified":"2021-12-18T12:29:26","modified_gmt":"2021-12-18T12:29:26","slug":"wcc-arnheim-2009","status":"publish","type":"page","link":"https:\/\/wcf.de\/en\/wcc-arnheim-2009\/","title":{"rendered":"WCC arnheim 2009"},"content":{"rendered":"\t\t<div data-elementor-type=\"wp-page\" data-elementor-id=\"6209\" class=\"elementor elementor-6209\" data-elementor-post-type=\"page\">\n\t\t\t\t\t\t<section class=\"elementor-section elementor-top-section elementor-element elementor-element-32b54706 elementor-section-full_width elementor-section-height-default elementor-section-height-default\" data-id=\"32b54706\" data-element_type=\"section\" data-e-type=\"section\">\n\t\t\t\t\t\t<div class=\"elementor-container elementor-column-gap-default\">\n\t\t\t\t\t<div class=\"elementor-column elementor-col-100 elementor-top-column elementor-element elementor-element-24e3fae3\" data-id=\"24e3fae3\" data-element_type=\"column\" data-e-type=\"column\">\n\t\t\t<div class=\"elementor-widget-wrap elementor-element-populated\">\n\t\t\t\t\t\t<div class=\"elementor-element elementor-element-7e67aa48 elementor-widget elementor-widget-heading\" data-id=\"7e67aa48\" data-element_type=\"widget\" data-e-type=\"widget\" data-widget_type=\"heading.default\">\n\t\t\t\t<div class=\"elementor-widget-container\">\n\t\t\t\t\t<h5 class=\"elementor-heading-title elementor-size-large\">WORLD CAT CONGRESS 2009 - ARNHEIM NETHERLANDS<\/br>\nPROMOTING HARMONY IN THE CAT FANCY<\/h5>\t\t\t\t<\/div>\n\t\t\t\t<\/div>\n\t\t\t\t\t<\/div>\n\t\t<\/div>\n\t\t\t\t\t<\/div>\n\t\t<\/section>\n\t\t\t\t<section class=\"elementor-section elementor-top-section elementor-element elementor-element-394a4d2d elementor-section-full_width elementor-section-height-default elementor-section-height-default\" data-id=\"394a4d2d\" data-element_type=\"section\" data-e-type=\"section\">\n\t\t\t\t\t\t<div class=\"elementor-container elementor-column-gap-default\">\n\t\t\t\t\t<div class=\"elementor-column elementor-col-100 elementor-top-column elementor-element elementor-element-6f1bc48d\" data-id=\"6f1bc48d\" data-element_type=\"column\" data-e-type=\"column\">\n\t\t\t<div class=\"elementor-widget-wrap elementor-element-populated\">\n\t\t\t\t\t\t<div class=\"elementor-element elementor-element-208dd797 elementor-widget elementor-widget-text-editor\" data-id=\"208dd797\" data-element_type=\"widget\" data-e-type=\"widget\" data-widget_type=\"text-editor.default\">\n\t\t\t\t<div class=\"elementor-widget-container\">\n\t\t\t\t\t\t\t\t\t\n<p>This year the 4-days World Cat Congress took place during easter time (11.-14. 04.2009) in Arnhem\/Netherlands.<br \/>The organizer and host was FIFe together with Mundikat. The event was excellently prepared and well organized.<br \/>The participants were impressed by the hospitality of the organizers and used the opportunity to exchange their<br \/>opinions.<\/p>\n\t\t\t\t\t\t\t\t<\/div>\n\t\t\t\t<\/div>\n\t\t\t\t\t<\/div>\n\t\t<\/div>\n\t\t\t\t\t<\/div>\n\t\t<\/section>\n\t\t\t\t<section class=\"elementor-section elementor-top-section elementor-element elementor-element-56a91ec9 elementor-section-full_width elementor-section-height-default elementor-section-height-default\" data-id=\"56a91ec9\" data-element_type=\"section\" data-e-type=\"section\">\n\t\t\t\t\t\t<div class=\"elementor-container elementor-column-gap-default\">\n\t\t\t\t\t<div class=\"elementor-column elementor-col-33 elementor-top-column elementor-element elementor-element-6ead82d5\" data-id=\"6ead82d5\" data-element_type=\"column\" data-e-type=\"column\">\n\t\t\t<div class=\"elementor-widget-wrap elementor-element-populated\">\n\t\t\t\t\t\t<div class=\"elementor-element elementor-element-6d436769 elementor-widget elementor-widget-text-editor\" data-id=\"6d436769\" data-element_type=\"widget\" data-e-type=\"widget\" data-widget_type=\"text-editor.default\">\n\t\t\t\t<div class=\"elementor-widget-container\">\n\t\t\t\t\t\t\t\t\t<p>ACF<br \/>CCCA<br \/>CFA<br \/>FIFe<br \/>GCCF<br \/>NZCF<br \/>SACC<br \/>TICA<br \/>WCF<br \/>WCC<\/p>\t\t\t\t\t\t\t\t<\/div>\n\t\t\t\t<\/div>\n\t\t\t\t\t<\/div>\n\t\t<\/div>\n\t\t\t\t<div class=\"elementor-column elementor-col-33 elementor-top-column elementor-element elementor-element-4380479d\" data-id=\"4380479d\" data-element_type=\"column\" data-e-type=\"column\">\n\t\t\t<div class=\"elementor-widget-wrap elementor-element-populated\">\n\t\t\t\t\t\t<div class=\"elementor-element elementor-element-24f1409e elementor-widget elementor-widget-text-editor\" data-id=\"24f1409e\" data-element_type=\"widget\" data-e-type=\"widget\" data-widget_type=\"text-editor.default\">\n\t\t\t\t<div class=\"elementor-widget-container\">\n\t\t\t\t\t\t\t\t\t<p>Australian Cat Federation<br \/>Co-Ordinating Cat Council of Australia<br \/>Cat Fanciers\u2019 Association<br \/>F\u00e9d\u00e9ration Internationale F\u00e9line<br \/>Governing Council of the Cat Fancy<br \/>New Zealand Cat Fancy<br \/>Southern African Cat Council<br \/>The International Cat Association<br \/>World Cat Federation<br \/>Secretary and Treasurer<\/p>\t\t\t\t\t\t\t\t<\/div>\n\t\t\t\t<\/div>\n\t\t\t\t\t<\/div>\n\t\t<\/div>\n\t\t\t\t<div class=\"elementor-column elementor-col-33 elementor-top-column elementor-element elementor-element-a1c0f9d\" data-id=\"a1c0f9d\" data-element_type=\"column\" data-e-type=\"column\">\n\t\t\t<div class=\"elementor-widget-wrap elementor-element-populated\">\n\t\t\t\t\t\t<div class=\"elementor-element elementor-element-26e9a536 elementor-widget elementor-widget-text-editor\" data-id=\"26e9a536\" data-element_type=\"widget\" data-e-type=\"widget\" data-widget_type=\"text-editor.default\">\n\t\t\t\t<div class=\"elementor-widget-container\">\n\t\t\t\t\t\t\t\t\t<p>Lesley Morgan Blythe<br \/>Cheryle U\u2019ren<br \/>Pam DelaBar<br \/>Eric Reijers<br \/>John Hansson<br \/>Chris Lowe<br \/>Jan van Rooyen<br \/>Vickie Fisher<br \/>Ortrun Wagner<br \/>Penny Bydlinski<\/p>\t\t\t\t\t\t\t\t<\/div>\n\t\t\t\t<\/div>\n\t\t\t\t\t<\/div>\n\t\t<\/div>\n\t\t\t\t\t<\/div>\n\t\t<\/section>\n\t\t\t\t<section class=\"elementor-section elementor-top-section elementor-element elementor-element-14b5f3e8 elementor-section-full_width elementor-section-height-default elementor-section-height-default\" data-id=\"14b5f3e8\" data-element_type=\"section\" data-e-type=\"section\">\n\t\t\t\t\t\t<div class=\"elementor-container elementor-column-gap-default\">\n\t\t\t\t\t<div class=\"elementor-column elementor-col-50 elementor-top-column elementor-element elementor-element-1a4905d\" data-id=\"1a4905d\" data-element_type=\"column\" data-e-type=\"column\">\n\t\t\t<div class=\"elementor-widget-wrap elementor-element-populated\">\n\t\t\t\t\t\t<div class=\"elementor-element elementor-element-1f6e32c1 elementor-widget elementor-widget-image\" data-id=\"1f6e32c1\" data-element_type=\"widget\" data-e-type=\"widget\" data-widget_type=\"image.default\">\n\t\t\t\t<div class=\"elementor-widget-container\">\n\t\t\t\t\t\t\t\t\t\t\t\t\t\t\t<img decoding=\"async\" width=\"270\" height=\"125\" src=\"https:\/\/wcf.de\/en\/wp-content\/uploads\/sites\/8\/2021\/05\/WCC_2009_delegates.jpg\" class=\"attachment-large size-large wp-image-6211\" alt=\"\" \/>\t\t\t\t\t\t\t\t\t\t\t\t\t\t\t<\/div>\n\t\t\t\t<\/div>\n\t\t\t\t\t<\/div>\n\t\t<\/div>\n\t\t\t\t<div class=\"elementor-column elementor-col-50 elementor-top-column elementor-element elementor-element-5ce68152\" data-id=\"5ce68152\" data-element_type=\"column\" data-e-type=\"column\">\n\t\t\t<div class=\"elementor-widget-wrap elementor-element-populated\">\n\t\t\t\t\t\t<div class=\"elementor-element elementor-element-3366d67c elementor-widget elementor-widget-text-editor\" data-id=\"3366d67c\" data-element_type=\"widget\" data-e-type=\"widget\" data-widget_type=\"text-editor.default\">\n\t\t\t\t<div class=\"elementor-widget-container\">\n\t\t\t\t\t\t\t\t\t<p><br \/><br \/>WCC Arnheim 09, delegates from left to right: <br \/>Cheryle U\u2019ren, Betty Shingleton (for John Hansson), Lesley Morgan Blythe, Chris Lowe, Penny Bydlinski (secretary, treasurer), Eric Reijers, Pam DelaBar, Ortrun Wagner, Vickie Fisher, Jan van Rooyen.<br \/>(Photo: Anneliese Hackmann)<\/p>\t\t\t\t\t\t\t\t<\/div>\n\t\t\t\t<\/div>\n\t\t\t\t\t<\/div>\n\t\t<\/div>\n\t\t\t\t\t<\/div>\n\t\t<\/section>\n\t\t\t\t<section class=\"elementor-section elementor-top-section elementor-element elementor-element-4b5d440f elementor-section-full_width elementor-section-height-default elementor-section-height-default\" data-id=\"4b5d440f\" data-element_type=\"section\" data-e-type=\"section\">\n\t\t\t\t\t\t<div class=\"elementor-container elementor-column-gap-default\">\n\t\t\t\t\t<div class=\"elementor-column elementor-col-100 elementor-top-column elementor-element elementor-element-30a60320\" data-id=\"30a60320\" data-element_type=\"column\" data-e-type=\"column\">\n\t\t\t<div class=\"elementor-widget-wrap elementor-element-populated\">\n\t\t\t\t\t\t<div class=\"elementor-element elementor-element-43393cc6 elementor-widget elementor-widget-text-editor\" data-id=\"43393cc6\" data-element_type=\"widget\" data-e-type=\"widget\" data-widget_type=\"text-editor.default\">\n\t\t\t\t<div class=\"elementor-widget-container\">\n\t\t\t\t\t\t\t\t\t\n<p>The seminar was held on easter saturday in the auditorium of the Olympus College near the show hall, the exhibition<br \/>was on both easter holidays, followed by the meeting on Tuesday.<\/p>\n<p>The election of the board was a re-election:<br \/>President \u2013 Pam Dela Bar, CFA<br \/>Vice-president \u2013 Cheryle U\u2019ren, CCCA<br \/>Secretary and treasurer &#8211; Penny Bydlinski, FIFe<\/p>\n<p>Besides the information about the development and news in the organizations the artificial insemination of cats, its possibilities and practical purpose and limits were discussed, further subjects of discussion were the judges&#8217; lists, the judges&#8217; education, standards, protection of catteries, recognition procedure of new breeds and colours, general faults, animal protection and national local problems.<\/p>\n<p>It seems not to be possible to implement the essential rules, which are in fact desired by many single members in the clubs of the WCC-organizations, in the near future, because the organizations are very different, and &#8211; may be &#8211; they are also not intended by each organization. The way seems to be the goal. However, even their had been discussed controversial opinions, the atmosphere of the conference was open, relaxed and friendly. These are attributes, which could be adapted also by several clubs. At least, our common hobby is affected, the cats!<\/p>\n<p>To discuss more proposals from the single members of the WCC-organizations, demands, expectations and proposals shall be collected and discussed in the next conference.<\/p>\n<p>The World Cat Congress 2010 will take place begin of May in Melbourne\/Australia.<\/p>\n<p>Reported by: Ortrun Wagner<\/p>\n\t\t\t\t\t\t\t\t<\/div>\n\t\t\t\t<\/div>\n\t\t\t\t\t<\/div>\n\t\t<\/div>\n\t\t\t\t\t<\/div>\n\t\t<\/section>\n\t\t\t\t<section class=\"elementor-section elementor-top-section elementor-element elementor-element-5c7b3b27 elementor-section-full_width elementor-section-height-default elementor-section-height-default\" data-id=\"5c7b3b27\" data-element_type=\"section\" data-e-type=\"section\">\n\t\t\t\t\t\t<div class=\"elementor-container elementor-column-gap-default\">\n\t\t\t\t\t<div class=\"elementor-column elementor-col-25 elementor-top-column elementor-element elementor-element-1108bc0a\" data-id=\"1108bc0a\" data-element_type=\"column\" data-e-type=\"column\">\n\t\t\t<div class=\"elementor-widget-wrap elementor-element-populated\">\n\t\t\t\t\t\t<div class=\"elementor-element elementor-element-2781b055 elementor-widget elementor-widget-image\" data-id=\"2781b055\" data-element_type=\"widget\" data-e-type=\"widget\" data-widget_type=\"image.default\">\n\t\t\t\t<div class=\"elementor-widget-container\">\n\t\t\t\t\t\t\t\t\t\t\t\t\t\t\t\t<a href=\"https:\/\/wcf.de\/en\/wp-content\/uploads\/2021\/05\/hall_WCC_2009.jpg\" data-elementor-open-lightbox=\"yes\" data-elementor-lightbox-title=\"hall_WCC_2009.jpg\" data-e-action-hash=\"#elementor-action%3Aaction%3Dlightbox%26settings%3DeyJpZCI6NjIxMiwidXJsIjoiaHR0cHM6XC9cL3djZi5kZVwvZW5cL3dwLWNvbnRlbnRcL3VwbG9hZHNcL3NpdGVzXC84XC8yMDIxXC8wNVwvaGFsbF9XQ0NfMjAwOS5qcGcifQ%3D%3D\">\n\t\t\t\t\t\t\t<img fetchpriority=\"high\" decoding=\"async\" width=\"420\" height=\"315\" src=\"https:\/\/wcf.de\/en\/wp-content\/uploads\/sites\/8\/2021\/05\/hall_WCC_2009.jpg\" class=\"attachment-large size-large wp-image-6212\" alt=\"\" srcset=\"https:\/\/wcf.de\/en\/wp-content\/uploads\/sites\/8\/2021\/05\/hall_WCC_2009.jpg 420w, https:\/\/wcf.de\/en\/wp-content\/uploads\/sites\/8\/2021\/05\/hall_WCC_2009-300x225.jpg 300w\" sizes=\"(max-width: 420px) 100vw, 420px\" \/>\t\t\t\t\t\t\t\t<\/a>\n\t\t\t\t\t\t\t\t\t\t\t\t\t\t\t<\/div>\n\t\t\t\t<\/div>\n\t\t\t\t\t<\/div>\n\t\t<\/div>\n\t\t\t\t<div class=\"elementor-column elementor-col-25 elementor-top-column elementor-element elementor-element-5d656443\" data-id=\"5d656443\" data-element_type=\"column\" data-e-type=\"column\">\n\t\t\t<div class=\"elementor-widget-wrap elementor-element-populated\">\n\t\t\t\t\t\t<div class=\"elementor-element elementor-element-7d8083be elementor-widget elementor-widget-image\" data-id=\"7d8083be\" data-element_type=\"widget\" data-e-type=\"widget\" data-widget_type=\"image.default\">\n\t\t\t\t<div class=\"elementor-widget-container\">\n\t\t\t\t\t\t\t\t\t\t\t\t\t\t\t\t<a href=\"https:\/\/wcf.de\/en\/wp-content\/uploads\/2021\/05\/BIS2_WCC_2009.jpg\" data-elementor-open-lightbox=\"yes\" data-elementor-lightbox-title=\"BIS2_WCC_2009.jpg\" data-e-action-hash=\"#elementor-action%3Aaction%3Dlightbox%26settings%3DeyJpZCI6NjIxMywidXJsIjoiaHR0cHM6XC9cL3djZi5kZVwvZW5cL3dwLWNvbnRlbnRcL3VwbG9hZHNcL3NpdGVzXC84XC8yMDIxXC8wNVwvQklTMl9XQ0NfMjAwOS5qcGcifQ%3D%3D\">\n\t\t\t\t\t\t\t<img decoding=\"async\" src=\"https:\/\/wcf.de\/en\/wp-content\/uploads\/sites\/8\/elementor\/thumbs\/BIS2_WCC_2009-pmaghbdh06fkp42gdx853mi641z9wd7swa7uxkwv2m.jpg\" title=\"BIS2_WCC_2009.jpg\" alt=\"BIS2_WCC_2009.jpg\" loading=\"lazy\" \/>\t\t\t\t\t\t\t\t<\/a>\n\t\t\t\t\t\t\t\t\t\t\t\t\t\t\t<\/div>\n\t\t\t\t<\/div>\n\t\t\t\t\t<\/div>\n\t\t<\/div>\n\t\t\t\t<div class=\"elementor-column elementor-col-25 elementor-top-column elementor-element elementor-element-33f947f7\" data-id=\"33f947f7\" data-element_type=\"column\" data-e-type=\"column\">\n\t\t\t<div class=\"elementor-widget-wrap elementor-element-populated\">\n\t\t\t\t\t\t<div class=\"elementor-element elementor-element-7627e7c8 elementor-widget elementor-widget-image\" data-id=\"7627e7c8\" data-element_type=\"widget\" data-e-type=\"widget\" data-widget_type=\"image.default\">\n\t\t\t\t<div class=\"elementor-widget-container\">\n\t\t\t\t\t\t\t\t\t\t\t\t\t\t\t\t<a href=\"https:\/\/wcf.de\/en\/wp-content\/uploads\/2021\/05\/BIS_WCC_2009-neu.jpg\" data-elementor-open-lightbox=\"yes\" data-elementor-lightbox-title=\"BIS_WCC_2009-neu.jpg\" data-e-action-hash=\"#elementor-action%3Aaction%3Dlightbox%26settings%3DeyJpZCI6NjIxNCwidXJsIjoiaHR0cHM6XC9cL3djZi5kZVwvZW5cL3dwLWNvbnRlbnRcL3VwbG9hZHNcL3NpdGVzXC84XC8yMDIxXC8wNVwvQklTX1dDQ18yMDA5LW5ldS5qcGcifQ%3D%3D\">\n\t\t\t\t\t\t\t<img decoding=\"async\" src=\"https:\/\/wcf.de\/en\/wp-content\/uploads\/sites\/8\/elementor\/thumbs\/BIS_WCC_2009-neu-pmaghbdh06fkp42gdx853mi641z9wd7swa7uxkwv2m.jpg\" title=\"BIS_WCC_2009-neu.jpg\" alt=\"BIS_WCC_2009-neu.jpg\" loading=\"lazy\" \/>\t\t\t\t\t\t\t\t<\/a>\n\t\t\t\t\t\t\t\t\t\t\t\t\t\t\t<\/div>\n\t\t\t\t<\/div>\n\t\t\t\t\t<\/div>\n\t\t<\/div>\n\t\t\t\t<div class=\"elementor-column elementor-col-25 elementor-top-column elementor-element elementor-element-663ad4cd\" data-id=\"663ad4cd\" data-element_type=\"column\" data-e-type=\"column\">\n\t\t\t<div class=\"elementor-widget-wrap elementor-element-populated\">\n\t\t\t\t\t\t<div class=\"elementor-element elementor-element-42aff955 elementor-widget elementor-widget-image\" data-id=\"42aff955\" data-element_type=\"widget\" data-e-type=\"widget\" data-widget_type=\"image.default\">\n\t\t\t\t<div class=\"elementor-widget-container\">\n\t\t\t\t\t\t\t\t\t\t\t\t\t\t\t\t<a href=\"https:\/\/wcf.de\/en\/wp-content\/uploads\/2021\/05\/stewards_WCC_2009.jpg\" data-elementor-open-lightbox=\"yes\" data-elementor-lightbox-title=\"stewards_WCC_2009.jpg\" data-e-action-hash=\"#elementor-action%3Aaction%3Dlightbox%26settings%3DeyJpZCI6NjIxNSwidXJsIjoiaHR0cHM6XC9cL3djZi5kZVwvZW5cL3dwLWNvbnRlbnRcL3VwbG9hZHNcL3NpdGVzXC84XC8yMDIxXC8wNVwvc3Rld2FyZHNfV0NDXzIwMDkuanBnIn0%3D\">\n\t\t\t\t\t\t\t<img decoding=\"async\" src=\"https:\/\/wcf.de\/en\/wp-content\/uploads\/sites\/8\/elementor\/thumbs\/stewards_WCC_2009-pmaghd95dui5cbzq2y1e8m13atq0brf9kjitw4u2q6.jpg\" title=\"stewards_WCC_2009.jpg\" alt=\"stewards_WCC_2009.jpg\" loading=\"lazy\" \/>\t\t\t\t\t\t\t\t<\/a>\n\t\t\t\t\t\t\t\t\t\t\t\t\t\t\t<\/div>\n\t\t\t\t<\/div>\n\t\t\t\t\t<\/div>\n\t\t<\/div>\n\t\t\t\t\t<\/div>\n\t\t<\/section>\n\t\t\t\t<section class=\"elementor-section elementor-top-section elementor-element elementor-element-6a26b4fb elementor-section-full_width elementor-section-height-default elementor-section-height-default\" data-id=\"6a26b4fb\" data-element_type=\"section\" data-e-type=\"section\">\n\t\t\t\t\t\t<div class=\"elementor-container elementor-column-gap-default\">\n\t\t\t\t\t<div class=\"elementor-column elementor-col-25 elementor-top-column elementor-element elementor-element-22f234e5\" data-id=\"22f234e5\" data-element_type=\"column\" data-e-type=\"column\">\n\t\t\t<div class=\"elementor-widget-wrap elementor-element-populated\">\n\t\t\t\t\t\t<div class=\"elementor-element elementor-element-2972fcf1 elementor-widget elementor-widget-image\" data-id=\"2972fcf1\" data-element_type=\"widget\" data-e-type=\"widget\" data-widget_type=\"image.default\">\n\t\t\t\t<div class=\"elementor-widget-container\">\n\t\t\t\t\t\t\t\t\t\t\t\t\t\t\t\t<a href=\"https:\/\/wcf.de\/en\/wp-content\/uploads\/2021\/05\/Eric_Penny_WCC_2009-neu.jpg\" data-elementor-open-lightbox=\"yes\" data-elementor-lightbox-title=\"Eric_Penny_WCC_2009-neu.jpg\" data-e-action-hash=\"#elementor-action%3Aaction%3Dlightbox%26settings%3DeyJpZCI6NjIxNiwidXJsIjoiaHR0cHM6XC9cL3djZi5kZVwvZW5cL3dwLWNvbnRlbnRcL3VwbG9hZHNcL3NpdGVzXC84XC8yMDIxXC8wNVwvRXJpY19QZW5ueV9XQ0NfMjAwOS1uZXUuanBnIn0%3D\">\n\t\t\t\t\t\t\t<img decoding=\"async\" src=\"https:\/\/wcf.de\/en\/wp-content\/uploads\/sites\/8\/elementor\/thumbs\/Eric_Penny_WCC_2009-neu-pmaghcbb70gv0q138fmro49mpfun42bj8evceuvgwe.jpg\" title=\"Eric_Penny_WCC_2009-neu.jpg\" alt=\"Eric_Penny_WCC_2009-neu.jpg\" loading=\"lazy\" \/>\t\t\t\t\t\t\t\t<\/a>\n\t\t\t\t\t\t\t\t\t\t\t\t\t\t\t<\/div>\n\t\t\t\t<\/div>\n\t\t\t\t\t<\/div>\n\t\t<\/div>\n\t\t\t\t<div class=\"elementor-column elementor-col-25 elementor-top-column elementor-element elementor-element-5e42f2da\" data-id=\"5e42f2da\" data-element_type=\"column\" data-e-type=\"column\">\n\t\t\t<div class=\"elementor-widget-wrap elementor-element-populated\">\n\t\t\t\t\t\t<div class=\"elementor-element elementor-element-608640a elementor-widget elementor-widget-image\" data-id=\"608640a\" data-element_type=\"widget\" data-e-type=\"widget\" data-widget_type=\"image.default\">\n\t\t\t\t<div class=\"elementor-widget-container\">\n\t\t\t\t\t\t\t\t\t\t\t\t\t\t\t\t<a href=\"https:\/\/wcf.de\/en\/wp-content\/uploads\/2021\/05\/pause_WCC_2009-neu.jpg\" data-elementor-open-lightbox=\"yes\" data-elementor-lightbox-title=\"pause_WCC_2009-neu.jpg\" data-e-action-hash=\"#elementor-action%3Aaction%3Dlightbox%26settings%3DeyJpZCI6NjIxNywidXJsIjoiaHR0cHM6XC9cL3djZi5kZVwvZW5cL3dwLWNvbnRlbnRcL3VwbG9hZHNcL3NpdGVzXC84XC8yMDIxXC8wNVwvcGF1c2VfV0NDXzIwMDktbmV1LmpwZyJ9\">\n\t\t\t\t\t\t\t<img decoding=\"async\" src=\"https:\/\/wcf.de\/en\/wp-content\/uploads\/sites\/8\/elementor\/thumbs\/pause_WCC_2009-neu-pmaghcbb70gv0q138fmro49mpfun42bj8evceuvgwe.jpg\" title=\"pause_WCC_2009-neu.jpg\" alt=\"pause_WCC_2009-neu.jpg\" loading=\"lazy\" \/>\t\t\t\t\t\t\t\t<\/a>\n\t\t\t\t\t\t\t\t\t\t\t\t\t\t\t<\/div>\n\t\t\t\t<\/div>\n\t\t\t\t\t<\/div>\n\t\t<\/div>\n\t\t\t\t<div class=\"elementor-column elementor-col-25 elementor-top-column elementor-element elementor-element-4a34ecaa\" data-id=\"4a34ecaa\" data-element_type=\"column\" data-e-type=\"column\">\n\t\t\t<div class=\"elementor-widget-wrap elementor-element-populated\">\n\t\t\t\t\t\t<div class=\"elementor-element elementor-element-435ccfe5 elementor-widget elementor-widget-image\" data-id=\"435ccfe5\" data-element_type=\"widget\" data-e-type=\"widget\" data-widget_type=\"image.default\">\n\t\t\t\t<div class=\"elementor-widget-container\">\n\t\t\t\t\t\t\t\t\t\t\t\t\t\t\t\t<a href=\"https:\/\/wcf.de\/en\/wp-content\/uploads\/2021\/05\/seminar1_WCC_2009-neu.jpg\" data-elementor-open-lightbox=\"yes\" data-elementor-lightbox-title=\"seminar1_WCC_2009-neu.jpg\" data-e-action-hash=\"#elementor-action%3Aaction%3Dlightbox%26settings%3DeyJpZCI6NjIxOCwidXJsIjoiaHR0cHM6XC9cL3djZi5kZVwvZW5cL3dwLWNvbnRlbnRcL3VwbG9hZHNcL3NpdGVzXC84XC8yMDIxXC8wNVwvc2VtaW5hcjFfV0NDXzIwMDktbmV1LmpwZyJ9\">\n\t\t\t\t\t\t\t<img decoding=\"async\" width=\"421\" height=\"315\" src=\"https:\/\/wcf.de\/en\/wp-content\/uploads\/sites\/8\/2021\/05\/seminar1_WCC_2009-neu.jpg\" class=\"attachment-large size-large wp-image-6218\" alt=\"\" srcset=\"https:\/\/wcf.de\/en\/wp-content\/uploads\/sites\/8\/2021\/05\/seminar1_WCC_2009-neu.jpg 421w, https:\/\/wcf.de\/en\/wp-content\/uploads\/sites\/8\/2021\/05\/seminar1_WCC_2009-neu-300x224.jpg 300w\" sizes=\"(max-width: 421px) 100vw, 421px\" \/>\t\t\t\t\t\t\t\t<\/a>\n\t\t\t\t\t\t\t\t\t\t\t\t\t\t\t<\/div>\n\t\t\t\t<\/div>\n\t\t\t\t\t<\/div>\n\t\t<\/div>\n\t\t\t\t<div class=\"elementor-column elementor-col-25 elementor-top-column elementor-element elementor-element-534bf240\" data-id=\"534bf240\" data-element_type=\"column\" data-e-type=\"column\">\n\t\t\t<div class=\"elementor-widget-wrap elementor-element-populated\">\n\t\t\t\t\t\t<div class=\"elementor-element elementor-element-3db291a0 elementor-widget elementor-widget-image\" data-id=\"3db291a0\" data-element_type=\"widget\" data-e-type=\"widget\" data-widget_type=\"image.default\">\n\t\t\t\t<div class=\"elementor-widget-container\">\n\t\t\t\t\t\t\t\t\t\t\t\t\t\t\t\t<a href=\"https:\/\/wcf.de\/en\/wp-content\/uploads\/2021\/05\/seminar2_WCC_2009.jpg\" data-elementor-open-lightbox=\"yes\" data-elementor-lightbox-title=\"seminar2_WCC_2009.jpg\" data-e-action-hash=\"#elementor-action%3Aaction%3Dlightbox%26settings%3DeyJpZCI6NjIxOSwidXJsIjoiaHR0cHM6XC9cL3djZi5kZVwvZW5cL3dwLWNvbnRlbnRcL3VwbG9hZHNcL3NpdGVzXC84XC8yMDIxXC8wNVwvc2VtaW5hcjJfV0NDXzIwMDkuanBnIn0%3D\">\n\t\t\t\t\t\t\t<img decoding=\"async\" src=\"https:\/\/wcf.de\/en\/wp-content\/uploads\/sites\/8\/elementor\/thumbs\/seminar2_WCC_2009-pmaghd95dui5cbzq2y1e8m13atq0brf9kjitw4u2q6.jpg\" title=\"seminar2_WCC_2009.jpg\" alt=\"seminar2_WCC_2009.jpg\" loading=\"lazy\" \/>\t\t\t\t\t\t\t\t<\/a>\n\t\t\t\t\t\t\t\t\t\t\t\t\t\t\t<\/div>\n\t\t\t\t<\/div>\n\t\t\t\t\t<\/div>\n\t\t<\/div>\n\t\t\t\t\t<\/div>\n\t\t<\/section>\n\t\t\t\t<section class=\"elementor-section elementor-top-section elementor-element elementor-element-63c72d56 elementor-section-full_width elementor-section-height-default elementor-section-height-default\" data-id=\"63c72d56\" data-element_type=\"section\" data-e-type=\"section\">\n\t\t\t\t\t\t<div class=\"elementor-container elementor-column-gap-default\">\n\t\t\t\t\t<div class=\"elementor-column elementor-col-25 elementor-top-column elementor-element elementor-element-28972453\" data-id=\"28972453\" data-element_type=\"column\" data-e-type=\"column\">\n\t\t\t<div class=\"elementor-widget-wrap elementor-element-populated\">\n\t\t\t\t\t\t<div class=\"elementor-element elementor-element-40183da7 elementor-widget elementor-widget-image\" data-id=\"40183da7\" data-element_type=\"widget\" data-e-type=\"widget\" data-widget_type=\"image.default\">\n\t\t\t\t<div class=\"elementor-widget-container\">\n\t\t\t\t\t\t\t\t\t\t\t\t\t\t\t\t<a href=\"https:\/\/wcf.de\/en\/wp-content\/uploads\/2021\/05\/seminar3_WCC_2009.jpg\" data-elementor-open-lightbox=\"yes\" data-elementor-lightbox-title=\"seminar3_WCC_2009.jpg\" data-e-action-hash=\"#elementor-action%3Aaction%3Dlightbox%26settings%3DeyJpZCI6NjIyMCwidXJsIjoiaHR0cHM6XC9cL3djZi5kZVwvZW5cL3dwLWNvbnRlbnRcL3VwbG9hZHNcL3NpdGVzXC84XC8yMDIxXC8wNVwvc2VtaW5hcjNfV0NDXzIwMDkuanBnIn0%3D\">\n\t\t\t\t\t\t\t<img loading=\"lazy\" decoding=\"async\" width=\"420\" height=\"312\" src=\"https:\/\/wcf.de\/en\/wp-content\/uploads\/sites\/8\/2021\/05\/seminar3_WCC_2009.jpg\" class=\"attachment-large size-large wp-image-6220\" alt=\"\" srcset=\"https:\/\/wcf.de\/en\/wp-content\/uploads\/sites\/8\/2021\/05\/seminar3_WCC_2009.jpg 420w, https:\/\/wcf.de\/en\/wp-content\/uploads\/sites\/8\/2021\/05\/seminar3_WCC_2009-300x223.jpg 300w\" sizes=\"(max-width: 420px) 100vw, 420px\" \/>\t\t\t\t\t\t\t\t<\/a>\n\t\t\t\t\t\t\t\t\t\t\t\t\t\t\t<\/div>\n\t\t\t\t<\/div>\n\t\t\t\t\t<\/div>\n\t\t<\/div>\n\t\t\t\t<div class=\"elementor-column elementor-col-25 elementor-top-column elementor-element elementor-element-5234123e\" data-id=\"5234123e\" data-element_type=\"column\" data-e-type=\"column\">\n\t\t\t<div class=\"elementor-widget-wrap\">\n\t\t\t\t\t\t\t<\/div>\n\t\t<\/div>\n\t\t\t\t<div class=\"elementor-column elementor-col-25 elementor-top-column elementor-element elementor-element-748d3dd0\" data-id=\"748d3dd0\" data-element_type=\"column\" data-e-type=\"column\">\n\t\t\t<div class=\"elementor-widget-wrap\">\n\t\t\t\t\t\t\t<\/div>\n\t\t<\/div>\n\t\t\t\t<div class=\"elementor-column elementor-col-25 elementor-top-column elementor-element elementor-element-6486e60a\" data-id=\"6486e60a\" data-element_type=\"column\" data-e-type=\"column\">\n\t\t\t<div class=\"elementor-widget-wrap\">\n\t\t\t\t\t\t\t<\/div>\n\t\t<\/div>\n\t\t\t\t\t<\/div>\n\t\t<\/section>\n\t\t\t\t<\/div>\n\t\t","protected":false},"excerpt":{"rendered":"<p>WORLD CAT CONGRESS 2009 &#8211; ARNHEIM NETHERLANDS PROMOTING HARMONY IN THE CAT FANCY This year the 4-days World Cat Congress took place during easter time (11.-14. 04.2009) in Arnhem\/Netherlands.The organizer and host was FIFe together with Mundikat. The event was excellently prepared and well organized.The participants were impressed by the hospitality of the organizers and [&hellip;]<\/p>\n","protected":false},"author":1,"featured_media":0,"parent":0,"menu_order":0,"comment_status":"closed","ping_status":"closed","template":"","meta":{"footnotes":""},"class_list":["post-6209","page","type-page","status-publish","hentry"],"_links":{"self":[{"href":"https:\/\/wcf.de\/en\/wp-json\/wp\/v2\/pages\/6209","targetHints":{"allow":["GET"]}}],"collection":[{"href":"https:\/\/wcf.de\/en\/wp-json\/wp\/v2\/pages"}],"about":[{"href":"https:\/\/wcf.de\/en\/wp-json\/wp\/v2\/types\/page"}],"author":[{"embeddable":true,"href":"https:\/\/wcf.de\/en\/wp-json\/wp\/v2\/users\/1"}],"replies":[{"embeddable":true,"href":"https:\/\/wcf.de\/en\/wp-json\/wp\/v2\/comments?post=6209"}],"version-history":[{"count":8,"href":"https:\/\/wcf.de\/en\/wp-json\/wp\/v2\/pages\/6209\/revisions"}],"predecessor-version":[{"id":12965,"href":"https:\/\/wcf.de\/en\/wp-json\/wp\/v2\/pages\/6209\/revisions\/12965"}],"wp:attachment":[{"href":"https:\/\/wcf.de\/en\/wp-json\/wp\/v2\/media?parent=6209"}],"curies":[{"name":"wp","href":"https:\/\/api.w.org\/{rel}","templated":true}]}}