{"id":10021,"date":"2021-10-01T14:34:51","date_gmt":"2021-10-01T14:34:51","guid":{"rendered":"https:\/\/de7.wcf-test.de\/fr\/?page_id=10021"},"modified":"2024-06-25T12:13:06","modified_gmt":"2024-06-25T12:13:06","slug":"imprimer","status":"publish","type":"page","link":"https:\/\/wcf.de\/fr\/imprimer\/","title":{"rendered":"Imprimer"},"content":{"rendered":"\t\t<div data-elementor-type=\"wp-page\" data-elementor-id=\"10021\" class=\"elementor elementor-10021\" data-elementor-post-type=\"page\">\n\t\t\t\t\t\t<section class=\"elementor-section elementor-top-section elementor-element elementor-element-5307c6b0 elementor-section-full_width elementor-section-height-default elementor-section-height-default\" data-id=\"5307c6b0\" data-element_type=\"section\" data-e-type=\"section\">\n\t\t\t\t\t\t<div class=\"elementor-container elementor-column-gap-default\">\n\t\t\t\t\t<div class=\"elementor-column elementor-col-100 elementor-top-column elementor-element elementor-element-1134ef6e\" data-id=\"1134ef6e\" data-element_type=\"column\" data-e-type=\"column\">\n\t\t\t<div class=\"elementor-widget-wrap elementor-element-populated\">\n\t\t\t\t\t\t<div class=\"elementor-element elementor-element-e90e241 elementor-widget elementor-widget-heading\" data-id=\"e90e241\" data-element_type=\"widget\" data-e-type=\"widget\" data-widget_type=\"heading.default\">\n\t\t\t\t<div class=\"elementor-widget-container\">\n\t\t\t\t\t<h5 class=\"elementor-heading-title elementor-size-large\">IMPRIMER<\/h5>\t\t\t\t<\/div>\n\t\t\t\t<\/div>\n\t\t\t\t\t<\/div>\n\t\t<\/div>\n\t\t\t\t\t<\/div>\n\t\t<\/section>\n\t\t\t\t<section class=\"elementor-section elementor-top-section elementor-element elementor-element-2f34f119 elementor-section-full_width elementor-section-height-default elementor-section-height-default\" data-id=\"2f34f119\" data-element_type=\"section\" data-e-type=\"section\">\n\t\t\t\t\t\t<div class=\"elementor-container elementor-column-gap-default\">\n\t\t\t\t\t<div class=\"elementor-column elementor-col-100 elementor-top-column elementor-element elementor-element-617aa8ee\" data-id=\"617aa8ee\" data-element_type=\"column\" data-e-type=\"column\">\n\t\t\t<div class=\"elementor-widget-wrap elementor-element-populated\">\n\t\t\t\t\t\t<div class=\"elementor-element elementor-element-336bfb20 elementor-widget elementor-widget-text-editor\" data-id=\"336bfb20\" data-element_type=\"widget\" data-e-type=\"widget\" data-widget_type=\"text-editor.default\">\n\t\t\t\t<div class=\"elementor-widget-container\">\n\t\t\t\t\t\t\t\t\t<p>World Cat Federation e.V.<br \/>Geisbergstr.2<br \/>45139 Essen<br \/>L&#8217;Allemagne<\/p>\n<p>Registre du club: VR 4072<br \/>Cour de registre: Amtsgericht Essen<br \/><br \/>Repr\u00e9sent\u00e9 par:<br \/>Anneliese Hackmann<\/p>\t\t\t\t\t\t\t\t<\/div>\n\t\t\t\t<\/div>\n\t\t\t\t\t<\/div>\n\t\t<\/div>\n\t\t\t\t\t<\/div>\n\t\t<\/section>\n\t\t\t\t<section class=\"elementor-section elementor-top-section elementor-element elementor-element-4ad6a4f1 elementor-section-full_width elementor-section-height-default elementor-section-height-default\" data-id=\"4ad6a4f1\" data-element_type=\"section\" data-e-type=\"section\">\n\t\t\t\t\t\t<div class=\"elementor-container elementor-column-gap-default\">\n\t\t\t\t\t<div class=\"elementor-column elementor-col-100 elementor-top-column elementor-element elementor-element-39dbe9e3\" data-id=\"39dbe9e3\" data-element_type=\"column\" data-e-type=\"column\">\n\t\t\t<div class=\"elementor-widget-wrap elementor-element-populated\">\n\t\t\t\t\t\t<div class=\"elementor-element elementor-element-5f34d720 elementor-widget elementor-widget-text-editor\" data-id=\"5f34d720\" data-element_type=\"widget\" data-e-type=\"widget\" data-widget_type=\"text-editor.default\">\n\t\t\t\t<div class=\"elementor-widget-container\">\n\t\t\t\t\t\t\t\t\t\n<p><strong>Contact<\/strong><\/p>\n<p>Phone:\u00a0 +49 201 \/ 555724<br \/>E-Mail: <a href=\"mailto:office@wcf.de\">office@wcf.de<\/a><\/p>\n\t\t\t\t\t\t\t\t<\/div>\n\t\t\t\t<\/div>\n\t\t\t\t\t<\/div>\n\t\t<\/div>\n\t\t\t\t\t<\/div>\n\t\t<\/section>\n\t\t\t\t<section class=\"elementor-section elementor-top-section elementor-element elementor-element-7f993d07 elementor-section-full_width elementor-section-height-default elementor-section-height-default\" data-id=\"7f993d07\" data-element_type=\"section\" data-e-type=\"section\">\n\t\t\t\t\t\t<div class=\"elementor-container elementor-column-gap-default\">\n\t\t\t\t\t<div class=\"elementor-column elementor-col-100 elementor-top-column elementor-element elementor-element-5cbb8cf3\" data-id=\"5cbb8cf3\" data-element_type=\"column\" data-e-type=\"column\">\n\t\t\t<div class=\"elementor-widget-wrap elementor-element-populated\">\n\t\t\t\t\t\t<div class=\"elementor-element elementor-element-78053e0c elementor-widget elementor-widget-text-editor\" data-id=\"78053e0c\" data-element_type=\"widget\" data-e-type=\"widget\" data-widget_type=\"text-editor.default\">\n\t\t\t\t<div class=\"elementor-widget-container\">\n\t\t\t\t\t\t\t\t\t<p><strong>TVA-ID<br \/><\/strong>TVA-ID selon \u00a7 27 a Umsatzsteuergesetz: DE119678041<br \/><br \/><strong>Responsable \u00e9ditorial<\/strong><br \/>Anneliese Hackmann<\/p>\t\t\t\t\t\t\t\t<\/div>\n\t\t\t\t<\/div>\n\t\t\t\t\t<\/div>\n\t\t<\/div>\n\t\t\t\t\t<\/div>\n\t\t<\/section>\n\t\t\t\t<section class=\"elementor-section elementor-top-section elementor-element elementor-element-3ca54f9 elementor-section-full_width elementor-section-height-default elementor-section-height-default\" data-id=\"3ca54f9\" data-element_type=\"section\" data-e-type=\"section\">\n\t\t\t\t\t\t<div class=\"elementor-container elementor-column-gap-default\">\n\t\t\t\t\t<div class=\"elementor-column elementor-col-100 elementor-top-column elementor-element elementor-element-6b5355e4\" data-id=\"6b5355e4\" data-element_type=\"column\" data-e-type=\"column\">\n\t\t\t<div class=\"elementor-widget-wrap elementor-element-populated\">\n\t\t\t\t\t\t<div class=\"elementor-element elementor-element-7a911412 elementor-widget elementor-widget-text-editor\" data-id=\"7a911412\" data-element_type=\"widget\" data-e-type=\"widget\" data-widget_type=\"text-editor.default\">\n\t\t\t\t<div class=\"elementor-widget-container\">\n\t\t\t\t\t\t\t\t\t<p><strong>EU-R\u00e9solution des litiges<\/strong><br \/>La Commission europ\u00e9enne met \u00e0 disposition une plateforme de r\u00e8glement des litiges en ligne (OS):<br \/><a href=\"https:\/\/ec.europa.eu\/consumers\/odr\/main\/index.cfm?event=main.home2.show&amp;lng=FR\" target=\"_blank\" rel=\"nofollow noopener\">https:\/\/ec.europa.eu\/consumers\/odr\/<\/a>.<br \/>Vous pouvez trouver notre adresse e-mail dans les mentions l\u00e9gales ci-dessus.<br \/><br \/><strong>R\u00e8glement des litiges de consommation \/ conseil d&#8217;arbitrage universel<\/strong><br \/>Nous ne sommes pas dispos\u00e9s ou oblig\u00e9s de participer aux proc\u00e9dures de r\u00e8glement des diff\u00e9rends avant tout<br \/>Participer au conseil d&#8217;arbitrage des consommateurs.<\/p>\t\t\t\t\t\t\t\t<\/div>\n\t\t\t\t<\/div>\n\t\t\t\t\t<\/div>\n\t\t<\/div>\n\t\t\t\t\t<\/div>\n\t\t<\/section>\n\t\t\t\t<section class=\"elementor-section elementor-top-section elementor-element elementor-element-37efca37 elementor-section-full_width elementor-section-height-default elementor-section-height-default\" data-id=\"37efca37\" data-element_type=\"section\" data-e-type=\"section\">\n\t\t\t\t\t\t<div class=\"elementor-container elementor-column-gap-default\">\n\t\t\t\t\t<div class=\"elementor-column elementor-col-100 elementor-top-column elementor-element elementor-element-5204e8ad\" data-id=\"5204e8ad\" data-element_type=\"column\" data-e-type=\"column\">\n\t\t\t<div class=\"elementor-widget-wrap elementor-element-populated\">\n\t\t\t\t\t\t<div class=\"elementor-element elementor-element-3fd172af elementor-widget elementor-widget-text-editor\" data-id=\"3fd172af\" data-element_type=\"widget\" data-e-type=\"widget\" data-widget_type=\"text-editor.default\">\n\t\t\t\t<div class=\"elementor-widget-container\">\n\t\t\t\t\t\t\t\t\t<p><strong>Conception de sites Web et \u00e9dition de sites Web:<br \/><\/strong>Nuray Kirch pc-chirurg<\/p>\n<p><strong>Support de programmation:<\/strong><br \/>Jan Knoblauch<\/p>\n<p><strong>Website Support:<\/strong><br \/><a href=\"mailto:support@wcf.de\">support@wcf.de<\/a><\/p>\n<p><strong>Photographie:<\/strong><br \/>Gabriele Metz<br \/>Deposit photos<br \/>Gruhn<br \/>Goskov<br \/>Hackmann<br \/>Pampallona<br \/>WCF<br \/>Eshova<\/p>\t\t\t\t\t\t\t\t<\/div>\n\t\t\t\t<\/div>\n\t\t\t\t\t<\/div>\n\t\t<\/div>\n\t\t\t\t\t<\/div>\n\t\t<\/section>\n\t\t\t\t<section class=\"elementor-section elementor-top-section elementor-element elementor-element-4e77a656 elementor-section-full_width elementor-section-height-default elementor-section-height-default\" data-id=\"4e77a656\" data-element_type=\"section\" data-e-type=\"section\">\n\t\t\t\t\t\t<div class=\"elementor-container elementor-column-gap-default\">\n\t\t\t\t\t<div class=\"elementor-column elementor-col-100 elementor-top-column elementor-element elementor-element-981f1b9\" data-id=\"981f1b9\" data-element_type=\"column\" data-e-type=\"column\">\n\t\t\t<div class=\"elementor-widget-wrap elementor-element-populated\">\n\t\t\t\t\t\t<div class=\"elementor-element elementor-element-103a6f0f elementor-widget elementor-widget-text-editor\" data-id=\"103a6f0f\" data-element_type=\"widget\" data-e-type=\"widget\" data-widget_type=\"text-editor.default\">\n\t\t\t\t<div class=\"elementor-widget-container\">\n\t\t\t\t\t\t\t\t\t<p><strong>Protection des donn\u00e9es<\/strong><br \/><a href=\"https:\/\/wcf.de\/fr\/data-protection-fr\/\">D\u00e9claration de confidentialit\u00e9 selon le r\u00e8glement g\u00e9n\u00e9ral de l&#8217;UE sur la protection des donn\u00e9es (RGPD)<\/a><\/p>\n<p>Veuillez noter que la transmission de donn\u00e9es sur Internet (par exemple, lors de la communication par e-mail) peut pr\u00e9senter des failles de s\u00e9curit\u00e9. Une protection compl\u00e8te des donn\u00e9es contre l&#8217;acc\u00e8s par des tiers n&#8217;est pas possible.<\/p>\n<p>L&#8217;utilisation des donn\u00e9es de contact publi\u00e9es dans le cadre de l&#8217;obligation d&#8217;impression par des tiers pour l&#8217;envoi de mat\u00e9riel publicitaire et d&#8217;information non sollicit\u00e9 est express\u00e9ment exclue. Les op\u00e9rateurs des sites Web se r\u00e9servent express\u00e9ment le droit d&#8217;intenter une action en justice en cas d&#8217;envoi non sollicit\u00e9 d&#8217;informations publicitaires, telles que des e-mails de spam.<\/p>\t\t\t\t\t\t\t\t<\/div>\n\t\t\t\t<\/div>\n\t\t\t\t\t<\/div>\n\t\t<\/div>\n\t\t\t\t\t<\/div>\n\t\t<\/section>\n\t\t\t\t<\/div>\n\t\t","protected":false},"excerpt":{"rendered":"<p>IMPRIMER World Cat Federation e.V.Geisbergstr.245139 EssenL&#8217;Allemagne Registre du club: VR 4072Cour de registre: Amtsgericht Essen Repr\u00e9sent\u00e9 par:Anneliese Hackmann Contact Phone:\u00a0 +49 201 \/ 555724E-Mail: office@wcf.de TVA-IDTVA-ID selon \u00a7 27 a Umsatzsteuergesetz: DE119678041 Responsable \u00e9ditorialAnneliese Hackmann EU-R\u00e9solution des litigesLa Commission europ\u00e9enne met \u00e0 disposition une plateforme de r\u00e8glement des litiges en ligne (OS):https:\/\/ec.europa.eu\/consumers\/odr\/.Vous pouvez trouver notre [&hellip;]<\/p>\n","protected":false},"author":1,"featured_media":0,"parent":0,"menu_order":0,"comment_status":"closed","ping_status":"closed","template":"","meta":{"_monsterinsights_skip_tracking":false,"_monsterinsights_sitenote_active":false,"_monsterinsights_sitenote_note":"","_monsterinsights_sitenote_category":0,"footnotes":""},"class_list":["post-10021","page","type-page","status-publish","hentry"],"aioseo_notices":[],"_links":{"self":[{"href":"https:\/\/wcf.de\/fr\/wp-json\/wp\/v2\/pages\/10021","targetHints":{"allow":["GET"]}}],"collection":[{"href":"https:\/\/wcf.de\/fr\/wp-json\/wp\/v2\/pages"}],"about":[{"href":"https:\/\/wcf.de\/fr\/wp-json\/wp\/v2\/types\/page"}],"author":[{"embeddable":true,"href":"https:\/\/wcf.de\/fr\/wp-json\/wp\/v2\/users\/1"}],"replies":[{"embeddable":true,"href":"https:\/\/wcf.de\/fr\/wp-json\/wp\/v2\/comments?post=10021"}],"version-history":[{"count":33,"href":"https:\/\/wcf.de\/fr\/wp-json\/wp\/v2\/pages\/10021\/revisions"}],"predecessor-version":[{"id":12464,"href":"https:\/\/wcf.de\/fr\/wp-json\/wp\/v2\/pages\/10021\/revisions\/12464"}],"wp:attachment":[{"href":"https:\/\/wcf.de\/fr\/wp-json\/wp\/v2\/media?parent=10021"}],"curies":[{"name":"wp","href":"https:\/\/api.w.org\/{rel}","templated":true}]}}