{"id":11344,"date":"2022-01-13T15:24:36","date_gmt":"2022-01-13T15:24:36","guid":{"rendered":"https:\/\/wcf.de\/fr\/?page_id=11344"},"modified":"2022-01-13T15:34:34","modified_gmt":"2022-01-13T15:34:34","slug":"archiver-2015","status":"publish","type":"page","link":"https:\/\/wcf.de\/fr\/archiver-2015\/","title":{"rendered":"archiver-2015"},"content":{"rendered":"\t\t<div data-elementor-type=\"wp-page\" data-elementor-id=\"11344\" class=\"elementor elementor-11344\" data-elementor-post-type=\"page\">\n\t\t\t\t\t\t<section class=\"elementor-section elementor-top-section elementor-element elementor-element-37f168d0 elementor-section-full_width elementor-section-height-default elementor-section-height-default\" data-id=\"37f168d0\" data-element_type=\"section\" data-e-type=\"section\">\n\t\t\t\t\t\t<div class=\"elementor-container elementor-column-gap-default\">\n\t\t\t\t\t<div class=\"elementor-column elementor-col-100 elementor-top-column elementor-element elementor-element-612a21ba\" data-id=\"612a21ba\" data-element_type=\"column\" data-e-type=\"column\">\n\t\t\t<div class=\"elementor-widget-wrap elementor-element-populated\">\n\t\t\t\t\t\t<div class=\"elementor-element elementor-element-5ec7b66c elementor-widget elementor-widget-heading\" data-id=\"5ec7b66c\" data-element_type=\"widget\" data-e-type=\"widget\" data-widget_type=\"heading.default\">\n\t\t\t\t<div class=\"elementor-widget-container\">\n\t\t\t\t\t<h5 class=\"elementor-heading-title elementor-size-large\">ARCHIVER 2015<\/h5>\t\t\t\t<\/div>\n\t\t\t\t<\/div>\n\t\t\t\t\t<\/div>\n\t\t<\/div>\n\t\t\t\t\t<\/div>\n\t\t<\/section>\n\t\t\t\t<section class=\"elementor-section elementor-top-section elementor-element elementor-element-8bc4cb2 elementor-section-full_width elementor-section-height-default elementor-section-height-default\" data-id=\"8bc4cb2\" data-element_type=\"section\" data-e-type=\"section\">\n\t\t\t\t\t\t<div class=\"elementor-container elementor-column-gap-default\">\n\t\t\t\t\t<div class=\"elementor-column elementor-col-100 elementor-top-column elementor-element elementor-element-63cc3e8\" data-id=\"63cc3e8\" data-element_type=\"column\" data-e-type=\"column\">\n\t\t\t<div class=\"elementor-widget-wrap elementor-element-populated\">\n\t\t\t\t\t\t<div class=\"elementor-element elementor-element-6077dca elementor-widget elementor-widget-text-editor\" data-id=\"6077dca\" data-element_type=\"widget\" data-e-type=\"widget\" data-widget_type=\"text-editor.default\">\n\t\t\t\t<div class=\"elementor-widget-container\">\n\t\t\t\t\t\t\t\t\t\n<p>2015-12-02<\/p>\n<h6><strong>Num\u00e9ro de club<\/strong><\/h6>\n<p>Depuis le 1er janvier 2016, le num\u00e9ro de club doit \u00eatre indiqu\u00e9 dans toute correspondance. La correspondance sans ce num\u00e9ro ne sera plus trait\u00e9e. En m\u00eame temps, nous voudrions vous rappeler que les sous-clubs et les individus peuvent contacter le bureau de la WCF seulement par leur club principal. Les demandes directes ne sont pas pr\u00e9vues.<\/p>\n<p>Le Conseil<\/p>\n\t\t\t\t\t\t\t\t<\/div>\n\t\t\t\t<\/div>\n\t\t\t\t<div class=\"elementor-element elementor-element-a97634a elementor-widget-divider--view-line elementor-widget elementor-widget-divider\" data-id=\"a97634a\" data-element_type=\"widget\" data-e-type=\"widget\" data-widget_type=\"divider.default\">\n\t\t\t\t<div class=\"elementor-widget-container\">\n\t\t\t\t\t\t\t<div class=\"elementor-divider\">\n\t\t\t<span class=\"elementor-divider-separator\">\n\t\t\t\t\t\t<\/span>\n\t\t<\/div>\n\t\t\t\t\t\t<\/div>\n\t\t\t\t<\/div>\n\t\t\t\t\t<\/div>\n\t\t<\/div>\n\t\t\t\t\t<\/div>\n\t\t<\/section>\n\t\t\t\t<section class=\"elementor-section elementor-top-section elementor-element elementor-element-2c08e69 elementor-section-full_width elementor-section-height-default elementor-section-height-default\" data-id=\"2c08e69\" data-element_type=\"section\" data-e-type=\"section\">\n\t\t\t\t\t\t<div class=\"elementor-container elementor-column-gap-default\">\n\t\t\t\t\t<div class=\"elementor-column elementor-col-100 elementor-top-column elementor-element elementor-element-417c3b6\" data-id=\"417c3b6\" data-element_type=\"column\" data-e-type=\"column\">\n\t\t\t<div class=\"elementor-widget-wrap elementor-element-populated\">\n\t\t\t\t\t\t<div class=\"elementor-element elementor-element-4941570 elementor-widget elementor-widget-text-editor\" data-id=\"4941570\" data-element_type=\"widget\" data-e-type=\"widget\" data-widget_type=\"text-editor.default\">\n\t\t\t\t<div class=\"elementor-widget-container\">\n\t\t\t\t\t\t\t\t\t\n<p>2015-11-21<\/p>\n<h6><strong>BEST CAT &#8211; Form<\/strong><\/h6>\n<p>Le &#8220;BEST CAT &#8211; Formulaire&#8221; est \u00e0 nouveau disponible imm\u00e9diatement.<\/p>\n<p>Admin WCF<\/p>\n\t\t\t\t\t\t\t\t<\/div>\n\t\t\t\t<\/div>\n\t\t\t\t<div class=\"elementor-element elementor-element-9adbf01 elementor-widget-divider--view-line elementor-widget elementor-widget-divider\" data-id=\"9adbf01\" data-element_type=\"widget\" data-e-type=\"widget\" data-widget_type=\"divider.default\">\n\t\t\t\t<div class=\"elementor-widget-container\">\n\t\t\t\t\t\t\t<div class=\"elementor-divider\">\n\t\t\t<span class=\"elementor-divider-separator\">\n\t\t\t\t\t\t<\/span>\n\t\t<\/div>\n\t\t\t\t\t\t<\/div>\n\t\t\t\t<\/div>\n\t\t\t\t\t<\/div>\n\t\t<\/div>\n\t\t\t\t\t<\/div>\n\t\t<\/section>\n\t\t\t\t<section class=\"elementor-section elementor-top-section elementor-element elementor-element-0866b47 elementor-section-full_width elementor-section-height-default elementor-section-height-default\" data-id=\"0866b47\" data-element_type=\"section\" data-e-type=\"section\">\n\t\t\t\t\t\t<div class=\"elementor-container elementor-column-gap-default\">\n\t\t\t\t\t<div class=\"elementor-column elementor-col-100 elementor-top-column elementor-element elementor-element-108abea\" data-id=\"108abea\" data-element_type=\"column\" data-e-type=\"column\">\n\t\t\t<div class=\"elementor-widget-wrap elementor-element-populated\">\n\t\t\t\t\t\t<div class=\"elementor-element elementor-element-8f5da38 elementor-widget elementor-widget-text-editor\" data-id=\"8f5da38\" data-element_type=\"widget\" data-e-type=\"widget\" data-widget_type=\"text-editor.default\">\n\t\t\t\t<div class=\"elementor-widget-container\">\n\t\t\t\t\t\t\t\t\t\n<p>2015-10-23<\/p>\n<h6><strong>Chers membres<br \/><\/strong><\/h6>\n<p>La d\u00e9cision du Conseil en date du 30\/09\/2015 a \u00e9t\u00e9 reformul\u00e9 \u00e0 la lumi\u00e8re de la phras\u00e9ologie ambigu\u00eb: La WCF est<br \/>excellent \u00e9quip\u00e9 de juges WCF sp\u00e9cialement form\u00e9s dans notre syst\u00e8me. Par cons\u00e9quent, aucune autorisation<br \/>d\u2019autres juges seront \u00e9mis pour les juges qui n&#8217;a pas \u00e9t\u00e9 proc\u00e9d\u00e9 leurs examens dans la WCF. Un apprentissage<br \/>\u00e0 l&#8217;une des associations membres du WCC sera trait\u00e9 \u00e9galement comme une \u00e9ducation WCF. Cette d\u00e9cision entre<br \/>en vigueur imm\u00e9diatement et sera pr\u00e9sent\u00e9 \u00e0 la prochaine Assembl\u00e9e g\u00e9n\u00e9rale pour le vote.<\/p>\n<p>Le Conseil<\/p>\n<p>Explicatif, nous aimerions ajouter: juges des associations membres du Congr\u00e8s World Cat peuvent \u00eatre invit\u00e9s<br \/>comme d&#8217;habitude. Ils sont trait\u00e9s dans l&#8217;\u00e9mission de licences comme juges de la WCF tant qu&#8217;aucune d\u00e9cision<br \/>individuelle du Conseil et de la Commission juge contre une telle licence existe. Les juges non COE peuvent<br \/>continuer \u00e0 \u00eatre autoris\u00e9e \u00e0 la v\u00e9rification par la commission des juges et une autorisation sp\u00e9ciale par<br \/>le Conseil pour les show-licences.<\/p>\n\t\t\t\t\t\t\t\t<\/div>\n\t\t\t\t<\/div>\n\t\t\t\t<div class=\"elementor-element elementor-element-b513e8e elementor-widget-divider--view-line elementor-widget elementor-widget-divider\" data-id=\"b513e8e\" data-element_type=\"widget\" data-e-type=\"widget\" data-widget_type=\"divider.default\">\n\t\t\t\t<div class=\"elementor-widget-container\">\n\t\t\t\t\t\t\t<div class=\"elementor-divider\">\n\t\t\t<span class=\"elementor-divider-separator\">\n\t\t\t\t\t\t<\/span>\n\t\t<\/div>\n\t\t\t\t\t\t<\/div>\n\t\t\t\t<\/div>\n\t\t\t\t\t<\/div>\n\t\t<\/div>\n\t\t\t\t\t<\/div>\n\t\t<\/section>\n\t\t\t\t<section class=\"elementor-section elementor-top-section elementor-element elementor-element-4c082e2 elementor-section-full_width elementor-section-height-default elementor-section-height-default\" data-id=\"4c082e2\" data-element_type=\"section\" data-e-type=\"section\">\n\t\t\t\t\t\t<div class=\"elementor-container elementor-column-gap-default\">\n\t\t\t\t\t<div class=\"elementor-column elementor-col-100 elementor-top-column elementor-element elementor-element-4a493857\" data-id=\"4a493857\" data-element_type=\"column\" data-e-type=\"column\">\n\t\t\t<div class=\"elementor-widget-wrap elementor-element-populated\">\n\t\t\t\t\t\t<div class=\"elementor-element elementor-element-44d3e99 elementor-widget elementor-widget-text-editor\" data-id=\"44d3e99\" data-element_type=\"widget\" data-e-type=\"widget\" data-widget_type=\"text-editor.default\">\n\t\t\t\t<div class=\"elementor-widget-container\">\n\t\t\t\t\t\t\t\t\t\n<p>2015-10-23<\/p>\n<h6><strong>BEST CAT &#8211; Formular<\/strong><\/h6>\n<p>En raison de probl\u00e8mes de serveur, &#8220;BEST CAT &#8211; Formular&#8221; n&#8217;est pas disponible.<\/p>\n<p>Le Conseil<\/p>\n\t\t\t\t\t\t\t\t<\/div>\n\t\t\t\t<\/div>\n\t\t\t\t<div class=\"elementor-element elementor-element-9d3f7ff elementor-widget-divider--view-line elementor-widget elementor-widget-divider\" data-id=\"9d3f7ff\" data-element_type=\"widget\" data-e-type=\"widget\" data-widget_type=\"divider.default\">\n\t\t\t\t<div class=\"elementor-widget-container\">\n\t\t\t\t\t\t\t<div class=\"elementor-divider\">\n\t\t\t<span class=\"elementor-divider-separator\">\n\t\t\t\t\t\t<\/span>\n\t\t<\/div>\n\t\t\t\t\t\t<\/div>\n\t\t\t\t<\/div>\n\t\t\t\t\t<\/div>\n\t\t<\/div>\n\t\t\t\t\t<\/div>\n\t\t<\/section>\n\t\t\t\t<section class=\"elementor-section elementor-top-section elementor-element elementor-element-d050b4e elementor-section-full_width elementor-section-height-default elementor-section-height-default\" data-id=\"d050b4e\" data-element_type=\"section\" data-e-type=\"section\">\n\t\t\t\t\t\t<div class=\"elementor-container elementor-column-gap-default\">\n\t\t\t\t\t<div class=\"elementor-column elementor-col-100 elementor-top-column elementor-element elementor-element-36f986f\" data-id=\"36f986f\" data-element_type=\"column\" data-e-type=\"column\">\n\t\t\t<div class=\"elementor-widget-wrap elementor-element-populated\">\n\t\t\t\t\t\t<div class=\"elementor-element elementor-element-3863109 elementor-widget elementor-widget-text-editor\" data-id=\"3863109\" data-element_type=\"widget\" data-e-type=\"widget\" data-widget_type=\"text-editor.default\">\n\t\t\t\t<div class=\"elementor-widget-container\">\n\t\t\t\t\t\t\t\t\t\n<p>2015-10-09<\/p>\n<p>Je vous remercie beaucoup pour les v\u009cux d&#8217;anniversaire<br \/>(s&#8217;ils sont venus par la vid\u00e9o, des fleurs, une carte ou personnelle).<\/p>\n<p>Je suis heureux que tant de gens dans le monde ont pens\u00e9s a mon jubil\u00e9t.<\/p>\n<p>Avec mes meilleures salutations<br \/>Anneliese Hackmann Accueil Liens Responsable allemand<\/p>\n\t\t\t\t\t\t\t\t<\/div>\n\t\t\t\t<\/div>\n\t\t\t\t<div class=\"elementor-element elementor-element-cab2b5f elementor-widget-divider--view-line elementor-widget elementor-widget-divider\" data-id=\"cab2b5f\" data-element_type=\"widget\" data-e-type=\"widget\" data-widget_type=\"divider.default\">\n\t\t\t\t<div class=\"elementor-widget-container\">\n\t\t\t\t\t\t\t<div class=\"elementor-divider\">\n\t\t\t<span class=\"elementor-divider-separator\">\n\t\t\t\t\t\t<\/span>\n\t\t<\/div>\n\t\t\t\t\t\t<\/div>\n\t\t\t\t<\/div>\n\t\t\t\t\t<\/div>\n\t\t<\/div>\n\t\t\t\t\t<\/div>\n\t\t<\/section>\n\t\t\t\t<section class=\"elementor-section elementor-top-section elementor-element elementor-element-c7ede28 elementor-section-full_width elementor-section-height-default elementor-section-height-default\" data-id=\"c7ede28\" data-element_type=\"section\" data-e-type=\"section\">\n\t\t\t\t\t\t<div class=\"elementor-container elementor-column-gap-default\">\n\t\t\t\t\t<div class=\"elementor-column elementor-col-100 elementor-top-column elementor-element elementor-element-09c981a\" data-id=\"09c981a\" data-element_type=\"column\" data-e-type=\"column\">\n\t\t\t<div class=\"elementor-widget-wrap elementor-element-populated\">\n\t\t\t\t\t\t<div class=\"elementor-element elementor-element-347b099 elementor-widget elementor-widget-text-editor\" data-id=\"347b099\" data-element_type=\"widget\" data-e-type=\"widget\" data-widget_type=\"text-editor.default\">\n\t\t\t\t<div class=\"elementor-widget-container\">\n\t\t\t\t\t\t\t\t\t\n<p>2015-10-09<\/p>\n<h6><strong>Note sur le syst\u00e8me de points de WCF Best Cat<\/strong><\/h6>\n<p>Les expos WCF-Jubilee, qui \u00e9taient annonc\u00e9es au conseil de la WCF, seront compt\u00e9s double<br \/>Les points gagn\u00e9s dans une Exposition WCF-Mondiale seront compt\u00e9s double<br \/>Les points gagn\u00e9s dans la WCF-Olimpia seront compt\u00e9s triple<\/p>\n<p>Le Conseil<\/p>\n\t\t\t\t\t\t\t\t<\/div>\n\t\t\t\t<\/div>\n\t\t\t\t<div class=\"elementor-element elementor-element-14139b3 elementor-widget-divider--view-line elementor-widget elementor-widget-divider\" data-id=\"14139b3\" data-element_type=\"widget\" data-e-type=\"widget\" data-widget_type=\"divider.default\">\n\t\t\t\t<div class=\"elementor-widget-container\">\n\t\t\t\t\t\t\t<div class=\"elementor-divider\">\n\t\t\t<span class=\"elementor-divider-separator\">\n\t\t\t\t\t\t<\/span>\n\t\t<\/div>\n\t\t\t\t\t\t<\/div>\n\t\t\t\t<\/div>\n\t\t\t\t\t<\/div>\n\t\t<\/div>\n\t\t\t\t\t<\/div>\n\t\t<\/section>\n\t\t\t\t<section class=\"elementor-section elementor-top-section elementor-element elementor-element-6fe0600c elementor-section-full_width elementor-section-height-default elementor-section-height-default\" data-id=\"6fe0600c\" data-element_type=\"section\" data-e-type=\"section\">\n\t\t\t\t\t\t<div class=\"elementor-container elementor-column-gap-default\">\n\t\t\t\t\t<div class=\"elementor-column elementor-col-100 elementor-top-column elementor-element elementor-element-26289acd\" data-id=\"26289acd\" data-element_type=\"column\" data-e-type=\"column\">\n\t\t\t<div class=\"elementor-widget-wrap elementor-element-populated\">\n\t\t\t\t\t\t<div class=\"elementor-element elementor-element-26f1aab elementor-widget elementor-widget-text-editor\" data-id=\"26f1aab\" data-element_type=\"widget\" data-e-type=\"widget\" data-widget_type=\"text-editor.default\">\n\t\t\t\t<div class=\"elementor-widget-container\">\n\t\t\t\t\t\t\t\t\t\n<p>2015-09-30<\/p>\n<h6><strong>chatteries<br \/><\/strong><\/h6>\n<p>Mme Reiter est absente du 6 au 28 octobre. En raison de son absence, les autorisations des chatteries<br \/>prendront du retard. Nous traiterons toutes vos requ\u00eates aussi t\u00f4t que possible. Nous vous prions donc<br \/>de faire preuve de patience et de compr\u00e9hension.<\/p>\n<p>Le Conseil<\/p>\n\t\t\t\t\t\t\t\t<\/div>\n\t\t\t\t<\/div>\n\t\t\t\t<div class=\"elementor-element elementor-element-4a6d2512 elementor-widget-divider--view-line elementor-widget elementor-widget-divider\" data-id=\"4a6d2512\" data-element_type=\"widget\" data-e-type=\"widget\" data-widget_type=\"divider.default\">\n\t\t\t\t<div class=\"elementor-widget-container\">\n\t\t\t\t\t\t\t<div class=\"elementor-divider\">\n\t\t\t<span class=\"elementor-divider-separator\">\n\t\t\t\t\t\t<\/span>\n\t\t<\/div>\n\t\t\t\t\t\t<\/div>\n\t\t\t\t<\/div>\n\t\t\t\t\t<\/div>\n\t\t<\/div>\n\t\t\t\t\t<\/div>\n\t\t<\/section>\n\t\t\t\t<section class=\"elementor-section elementor-top-section elementor-element elementor-element-4473f9d elementor-section-full_width elementor-section-height-default elementor-section-height-default\" data-id=\"4473f9d\" data-element_type=\"section\" data-e-type=\"section\">\n\t\t\t\t\t\t<div class=\"elementor-container elementor-column-gap-default\">\n\t\t\t\t\t<div class=\"elementor-column elementor-col-100 elementor-top-column elementor-element elementor-element-2a51f4d0\" data-id=\"2a51f4d0\" data-element_type=\"column\" data-e-type=\"column\">\n\t\t\t<div class=\"elementor-widget-wrap elementor-element-populated\">\n\t\t\t\t\t\t<div class=\"elementor-element elementor-element-262faf68 elementor-widget elementor-widget-text-editor\" data-id=\"262faf68\" data-element_type=\"widget\" data-e-type=\"widget\" data-widget_type=\"text-editor.default\">\n\t\t\t\t<div class=\"elementor-widget-container\">\n\t\t\t\t\t\t\t\t\t\n<p>2015-07-25<\/p>\n<h6><strong>Nouvelle adresse e-mail pour r\u00e9sultats d&#8217;Expos<\/strong><\/h6>\n<p>S&#8217;il vous pla\u00eet utiliser \u00e0 partir de maintenant sur l&#8217;adresse email suivante pour l&#8217;envoi de vos r\u00e9sultats d&#8217;Expos<\/p>\n<p>show.results@wcf-online.de<\/p>\n<p>Anneliese Hackmann<br \/>President WCF<\/p>\n\t\t\t\t\t\t\t\t<\/div>\n\t\t\t\t<\/div>\n\t\t\t\t<div class=\"elementor-element elementor-element-4ea7d89e elementor-widget-divider--view-line elementor-widget elementor-widget-divider\" data-id=\"4ea7d89e\" data-element_type=\"widget\" data-e-type=\"widget\" data-widget_type=\"divider.default\">\n\t\t\t\t<div class=\"elementor-widget-container\">\n\t\t\t\t\t\t\t<div class=\"elementor-divider\">\n\t\t\t<span class=\"elementor-divider-separator\">\n\t\t\t\t\t\t<\/span>\n\t\t<\/div>\n\t\t\t\t\t\t<\/div>\n\t\t\t\t<\/div>\n\t\t\t\t\t<\/div>\n\t\t<\/div>\n\t\t\t\t\t<\/div>\n\t\t<\/section>\n\t\t\t\t<\/div>\n\t\t","protected":false},"excerpt":{"rendered":"<p>ARCHIVER 2015 2015-12-02 Num\u00e9ro de club Depuis le 1er janvier 2016, le num\u00e9ro de club doit \u00eatre indiqu\u00e9 dans toute correspondance. La correspondance sans ce num\u00e9ro ne sera plus trait\u00e9e. En m\u00eame temps, nous voudrions vous rappeler que les sous-clubs et les individus peuvent contacter le bureau de la WCF seulement par leur club principal. [&hellip;]<\/p>\n","protected":false},"author":1,"featured_media":0,"parent":0,"menu_order":0,"comment_status":"closed","ping_status":"closed","template":"","meta":{"_monsterinsights_skip_tracking":false,"_monsterinsights_sitenote_active":false,"_monsterinsights_sitenote_note":"","_monsterinsights_sitenote_category":0,"footnotes":""},"class_list":["post-11344","page","type-page","status-publish","hentry"],"aioseo_notices":[],"_links":{"self":[{"href":"https:\/\/wcf.de\/fr\/wp-json\/wp\/v2\/pages\/11344","targetHints":{"allow":["GET"]}}],"collection":[{"href":"https:\/\/wcf.de\/fr\/wp-json\/wp\/v2\/pages"}],"about":[{"href":"https:\/\/wcf.de\/fr\/wp-json\/wp\/v2\/types\/page"}],"author":[{"embeddable":true,"href":"https:\/\/wcf.de\/fr\/wp-json\/wp\/v2\/users\/1"}],"replies":[{"embeddable":true,"href":"https:\/\/wcf.de\/fr\/wp-json\/wp\/v2\/comments?post=11344"}],"version-history":[{"count":8,"href":"https:\/\/wcf.de\/fr\/wp-json\/wp\/v2\/pages\/11344\/revisions"}],"predecessor-version":[{"id":11352,"href":"https:\/\/wcf.de\/fr\/wp-json\/wp\/v2\/pages\/11344\/revisions\/11352"}],"wp:attachment":[{"href":"https:\/\/wcf.de\/fr\/wp-json\/wp\/v2\/media?parent=11344"}],"curies":[{"name":"wp","href":"https:\/\/api.w.org\/{rel}","templated":true}]}}