{"id":4232,"date":"2021-04-14T10:39:34","date_gmt":"2021-04-14T10:39:34","guid":{"rendered":"https:\/\/de6.wcf-test.de\/?page_id=4232"},"modified":"2021-04-22T16:58:01","modified_gmt":"2021-04-22T16:58:01","slug":"wir-ueber-uns","status":"publish","type":"page","link":"https:\/\/wcf.de\/fr\/wir-ueber-uns\/","title":{"rendered":"Wir \u00fcber uns"},"content":{"rendered":"\t\t<div data-elementor-type=\"wp-page\" data-elementor-id=\"4232\" class=\"elementor elementor-4232\" data-elementor-post-type=\"page\">\n\t\t\t\t\t\t<section class=\"elementor-section elementor-top-section elementor-element elementor-element-9fc46e6 elementor-section-boxed elementor-section-height-default elementor-section-height-default\" data-id=\"9fc46e6\" data-element_type=\"section\" data-e-type=\"section\">\n\t\t\t\t\t\t<div class=\"elementor-container elementor-column-gap-default\">\n\t\t\t\t\t<div class=\"elementor-column elementor-col-100 elementor-top-column elementor-element elementor-element-54117a7\" data-id=\"54117a7\" data-element_type=\"column\" data-e-type=\"column\">\n\t\t\t<div class=\"elementor-widget-wrap elementor-element-populated\">\n\t\t\t\t\t\t<section class=\"elementor-section elementor-inner-section elementor-element elementor-element-4d99ffe elementor-section-boxed elementor-section-height-default elementor-section-height-default\" data-id=\"4d99ffe\" data-element_type=\"section\" data-e-type=\"section\">\n\t\t\t\t\t\t<div class=\"elementor-container elementor-column-gap-default\">\n\t\t\t\t\t<div class=\"elementor-column elementor-col-50 elementor-inner-column elementor-element elementor-element-b2e9d4c\" data-id=\"b2e9d4c\" data-element_type=\"column\" data-e-type=\"column\">\n\t\t\t<div class=\"elementor-widget-wrap elementor-element-populated\">\n\t\t\t\t\t\t<div class=\"elementor-element elementor-element-fc30e49 elementor-widget elementor-widget-text-editor\" data-id=\"fc30e49\" data-element_type=\"widget\" data-e-type=\"widget\" data-widget_type=\"text-editor.default\">\n\t\t\t\t<div class=\"elementor-widget-container\">\n\t\t\t\t\t\t\t\t\t<h4>DIE WORLD CAT FEDERATION E.V.<\/h4><p>\u2013 kurz WCF \u2013 ist eine weltweit agierende Vereinigung von Katzenvereinen.<\/p><p>Die WCF ist in Deutschland als internationale Organisation beim zust\u00e4ndigen Registergericht eingetragen.<\/p><p>Pr\u00e4sidentin ist derzeit Anneliese Hackmann aus Essen.<\/p><p>Zur Zeit sind weltweit 280 Vereinigungen der WCF angeschlossen.<\/p><p>Die WCF hat sich bereits erfolgreich an Gesetzgebungsverfahren u.a. auch am europ\u00e4ischen Parlament in Stra\u00dfburg zur Entwicklung der Tierschutzgesetze beteiligt und hat Mitverantwortung bei der Entwicklung der Tierschutzgesetzgebung im Rahmen von Arbeitskreisen und parlamentarischen Anh\u00f6rungen.<\/p><p>Generell dient die WCF dazu, den angeschlossenen Katzenvereinen internationale Kontakte zu erm\u00f6glichen.<\/p><p>Unsere WCF-Mitglieder \u2013 unabh\u00e4ngig ob Klub oder Organisation \u2013 sind in ihrer Gesch\u00e4ftst\u00e4tigkeit unabh\u00e4ngig.<\/p><h4>DIE VERANTWORTUNG DER WCF LIEGT BEI:<\/h4><p>Internationaler Zwingerschutzeintragung<br \/>Ausbildung, Training und Pr\u00fcfung internationaler WCF Richter<br \/>Standardfestlegung der Rassen<br \/>Erstellung von Ausstellungsregeln und -klassen<br \/>Kn\u00fcpfung internationaler Kontakte<\/p><h4>WCF RICHTER<\/h4><p>Internationale Richter mit WCF Richtererlaubnis werden nach internationalen Richtlinien ausgebildet.<br \/>Die WCF hat nur Examen f\u00fcr eine gesamte Haarkategorie.<\/p><p>WCF-Richter m\u00fcssen sich immer an bestimmte Vorschriften halten und d\u00fcrfen nur in den auf ihrem Richterausweis best\u00e4tigten Haarkategorien richten.<\/p><p>Der einladende Verein ist daf\u00fcr verantwortlich, die best\u00e4tigten Haarkategorien auf der Richtererlaubnis zu \u00fcberpr\u00fcfen.<\/p><p>Nur f\u00fcr die auf dem Ausweis angegebenen Haarkategorien darf der WCF-Richter eingesetzt werden.<\/p><p>Wenn etwas nicht \u00fcbereinstimmt, wenden Sie sich bitte zur Kl\u00e4rung direkt an die Gesch\u00e4ftsstelle der WCF.<\/p>\t\t\t\t\t\t\t\t<\/div>\n\t\t\t\t<\/div>\n\t\t\t\t\t<\/div>\n\t\t<\/div>\n\t\t\t\t<div class=\"elementor-column elementor-col-50 elementor-inner-column elementor-element elementor-element-5cc3713\" data-id=\"5cc3713\" data-element_type=\"column\" data-e-type=\"column\">\n\t\t\t<div class=\"elementor-widget-wrap elementor-element-populated\">\n\t\t\t\t\t\t<div class=\"elementor-element elementor-element-6baa6c5 elementor-widget elementor-widget-html\" data-id=\"6baa6c5\" data-element_type=\"widget\" data-e-type=\"widget\" data-widget_type=\"html.default\">\n\t\t\t\t<div class=\"elementor-widget-container\">\n\t\t\t\t\t<!-- print_vertical_thumbnail_slider_func --><div style=\"clear: both;\"><\/div>\n      \n                <div class=\"verticalmainTable\"  style=\"background:;display:table\">\n            <style>\n                .sliderimgLiVertical img{\n                    \n                    border:1px solid ;\n                    box-shadow:0 0 5px ;\n                    border-radius:px;\n                }\n            <\/style>    \n             <div id=\"td69e31c9f002b2\" style=\"visibility: hidden;background:\">\n\n                                                    <div class=\"uparrow\">\n                                <img decoding=\"async\" id=\"next69e31c9f002b0\" class=\"prev_vertical previmg\" src=\"https:\/\/wcf.de\/fr\/wp-content\/plugins\/wp-vertical-image-slider-pro\/images\/uparrow.png\" \/>\n                            <\/div>\n                               \n                          <div class=\"verticalmainSliderDiv\" id=\"vertical_slider69e31c9f002c2\" style=\"width: 100%;\" >\n                            <ul class=\"sliderUl\">\n                                                            <\/ul>\n                        <\/div>\n                                                    <div class=\"downarrow\">\n                                <img decoding=\"async\" id=\"Pev69e31c9f002b1\" class=\"next_vertical nextimg\" src=\"https:\/\/wcf.de\/fr\/wp-content\/plugins\/wp-vertical-image-slider-pro\/images\/downarrow.png\" \/>\n                            <\/div>\n                             \n\n\n                <\/div>  \n\n        <\/div>        \n        <script type=\"text\/javascript\">\n\n        \n            var interval_69e31c9f00654 = setInterval(function() {\n\n            if(document.readyState === 'complete') {\n\n               clearInterval(interval_69e31c9f00654);\n            \n                  \n                  jQuery(\"#td69e31c9f002b2\").css(\"visibility\",\"visible\");\n                  jQuery(\"#vertical_slider69e31c9f002c2\").jCarouselLite({\n                            btnNext: \"#Pev69e31c9f002b1\",\n                            btnPrev: \"#next69e31c9f002b0\",\n                                                        speed: ,\n                                                        circular: false,\n                                                                                    scroll: ,\n                            vertical:'true'\n\n                    });\n\n                    \n\n\n              }    \n            }, 100);\n            \n            \n            \n            \n              window.addEventListener('load', function() {\n\n\n                    setTimeout(function(){ \n\n\n\n                            jQuery(\"#vertical_slider69e31c9f002c2\").find('img').each(function(index, elm) {\n\n                                    if(!elm.complete || elm.naturalWidth === 0){\n\n                                        var toload='';\n                                        var toloadval='';\n                                        jQuery.each(this.attributes, function(i, attrib){\n\n                                                var value = attrib.value;\n                                                var aname=attrib.name;\n\n                                                var pattern = \/^((http|https):\\\/\\\/)\/;\n\n                                                if(pattern.test(value) && aname!='src') {\n\n                                                        toload=aname;\n                                                        toloadval=value;\n                                                 }\n                                               \n                                         });\n\n                                                vsrc=jQuery(elm).attr(\"src\");\n                                                jQuery(elm).removeAttr(\"src\");\n                                                dsrc=jQuery(elm).attr(\"data-src\");\n                                                lsrc=jQuery(elm).attr(\"data-lazy-src\");\n\n\n                                                   if(dsrc!== undefined && dsrc!='' && dsrc!=vsrc){\n                                                             jQuery(elm).attr(\"src\",dsrc);\n                                                        }\n                                                        else if(lsrc!== undefined && lsrc!=vsrc){\n\n                                                                         jQuery(elm).attr(\"src\",lsrc);\n                                                        }\n                                                        else if(toload!='' && toload!='srcset' && toloadval!='' && toloadval!=vsrc){\n\n                                                                jQuery(elm).removeAttr(toload);\n                                                                jQuery(elm).attr(\"src\",toloadval);\n\n\n                                                            } \n                                                        else{\n\n                                                                        jQuery(elm).attr(\"src\",vsrc);\n\n                                                   }   \n\n                                                elm=jQuery(elm)[0];      \n                                                 if(!elm.complete && elm.naturalHeight == 0){\n\n                                                jQuery(elm).removeAttr('loading');\n                                                jQuery(elm).removeAttr('data-lazy-type');\n\n\n                                                jQuery(elm).removeClass('lazy');\n\n                                                jQuery(elm).removeClass('lazyLoad');\n                                                jQuery(elm).removeClass('lazy-loaded');\n                                                jQuery(elm).removeClass('jetpack-lazy-image');\n                                                jQuery(elm).removeClass('jetpack-lazy-image--handled');\n                                                jQuery(elm).removeClass('lazy-hidden');\n\n                                            }\n                                     }\n\n                                })\n\n\n\n\n                        }, 6000);\n\n             });\n            \n        <\/script><!-- end print_vertical_thumbnail_slider_func -->  \n          \n\n    \t\t\t\t<\/div>\n\t\t\t\t<\/div>\n\t\t\t\t\t<\/div>\n\t\t<\/div>\n\t\t\t\t\t<\/div>\n\t\t<\/section>\n\t\t\t\t\t<\/div>\n\t\t<\/div>\n\t\t\t\t\t<\/div>\n\t\t<\/section>\n\t\t\t\t<\/div>\n\t\t","protected":false},"excerpt":{"rendered":"<p>DIE WORLD CAT FEDERATION E.V. \u2013 kurz WCF \u2013 ist eine weltweit agierende Vereinigung von Katzenvereinen. Die WCF ist in Deutschland als internationale Organisation beim zust\u00e4ndigen Registergericht eingetragen. Pr\u00e4sidentin ist derzeit Anneliese Hackmann aus Essen. Zur Zeit sind weltweit 280 Vereinigungen der WCF angeschlossen. Die WCF hat sich bereits erfolgreich an Gesetzgebungsverfahren u.a. auch am [&hellip;]<\/p>\n","protected":false},"author":1,"featured_media":0,"parent":0,"menu_order":0,"comment_status":"closed","ping_status":"closed","template":"","meta":{"_monsterinsights_skip_tracking":false,"_monsterinsights_sitenote_active":false,"_monsterinsights_sitenote_note":"","_monsterinsights_sitenote_category":0,"footnotes":""},"class_list":["post-4232","page","type-page","status-publish","hentry"],"aioseo_notices":[],"_links":{"self":[{"href":"https:\/\/wcf.de\/fr\/wp-json\/wp\/v2\/pages\/4232","targetHints":{"allow":["GET"]}}],"collection":[{"href":"https:\/\/wcf.de\/fr\/wp-json\/wp\/v2\/pages"}],"about":[{"href":"https:\/\/wcf.de\/fr\/wp-json\/wp\/v2\/types\/page"}],"author":[{"embeddable":true,"href":"https:\/\/wcf.de\/fr\/wp-json\/wp\/v2\/users\/1"}],"replies":[{"embeddable":true,"href":"https:\/\/wcf.de\/fr\/wp-json\/wp\/v2\/comments?post=4232"}],"version-history":[{"count":2,"href":"https:\/\/wcf.de\/fr\/wp-json\/wp\/v2\/pages\/4232\/revisions"}],"predecessor-version":[{"id":5120,"href":"https:\/\/wcf.de\/fr\/wp-json\/wp\/v2\/pages\/4232\/revisions\/5120"}],"wp:attachment":[{"href":"https:\/\/wcf.de\/fr\/wp-json\/wp\/v2\/media?parent=4232"}],"curies":[{"name":"wp","href":"https:\/\/api.w.org\/{rel}","templated":true}]}}