{"id":4784,"date":"2021-05-22T12:06:05","date_gmt":"2021-05-22T10:06:05","guid":{"rendered":"https:\/\/de7.wcf-test.de\/fr\/?page_id=4784"},"modified":"2024-10-22T14:25:27","modified_gmt":"2024-10-22T14:25:27","slug":"poil-long","status":"publish","type":"page","link":"https:\/\/wcf.de\/fr\/poil-long\/","title":{"rendered":"Poil Long"},"content":{"rendered":"\t\t<div data-elementor-type=\"wp-page\" data-elementor-id=\"4784\" class=\"elementor elementor-4784\" data-elementor-post-type=\"page\">\n\t\t\t\t\t\t<section class=\"elementor-section elementor-top-section elementor-element elementor-element-4ad34102 elementor-section-full_width elementor-section-height-default elementor-section-height-default\" data-id=\"4ad34102\" data-element_type=\"section\" data-e-type=\"section\">\n\t\t\t\t\t\t<div class=\"elementor-container elementor-column-gap-default\">\n\t\t\t\t\t<div class=\"elementor-column elementor-col-100 elementor-top-column elementor-element elementor-element-70931914\" data-id=\"70931914\" data-element_type=\"column\" data-e-type=\"column\">\n\t\t\t<div class=\"elementor-widget-wrap elementor-element-populated\">\n\t\t\t\t\t\t<div class=\"elementor-element elementor-element-24400144 elementor-widget elementor-widget-heading\" data-id=\"24400144\" data-element_type=\"widget\" data-e-type=\"widget\" data-widget_type=\"heading.default\">\n\t\t\t\t<div class=\"elementor-widget-container\">\n\t\t\t\t\t<h5 class=\"elementor-heading-title elementor-size-large\">Standards de races POIL LONG<\/h5>\t\t\t\t<\/div>\n\t\t\t\t<\/div>\n\t\t\t\t\t<\/div>\n\t\t<\/div>\n\t\t\t\t\t<\/div>\n\t\t<\/section>\n\t\t\t\t<section class=\"elementor-section elementor-top-section elementor-element elementor-element-703ee142 elementor-section-full_width elementor-section-height-default elementor-section-height-default\" data-id=\"703ee142\" data-element_type=\"section\" data-e-type=\"section\">\n\t\t\t\t\t\t<div class=\"elementor-container elementor-column-gap-default\">\n\t\t\t\t\t<div class=\"elementor-column elementor-col-100 elementor-top-column elementor-element elementor-element-3100340e\" data-id=\"3100340e\" data-element_type=\"column\" data-e-type=\"column\">\n\t\t\t<div class=\"elementor-widget-wrap elementor-element-populated\">\n\t\t\t\t\t\t<div class=\"elementor-element elementor-element-6ed7cc89 elementor-widget elementor-widget-text-editor\" data-id=\"6ed7cc89\" data-element_type=\"widget\" data-e-type=\"widget\" data-widget_type=\"text-editor.default\">\n\t\t\t\t<div class=\"elementor-widget-container\">\n\t\t\t\t\t\t\t\t\t<p>* = Standard de l&#8217;organisation de WCC. La race est admise pour toutes les classes d&#8217;exposition et tous les titres.<br \/>Pour les r\u00e8gles d&#8217;\u00e9levage consulter s&#8217;il vous pla\u00eet l&#8217;organisation appropi\u00e9e, parce qu&#8217;il n&#8217;y a actuellement aucune application pour la reconnaissance par la WCF.<\/p><p><strong>Pour le standard de race veuillez cliquer sur la photo ou le nom de la race <\/strong><\/p>\t\t\t\t\t\t\t\t<\/div>\n\t\t\t\t<\/div>\n\t\t\t\t\t<\/div>\n\t\t<\/div>\n\t\t\t\t\t<\/div>\n\t\t<\/section>\n\t\t\t\t<section class=\"elementor-section elementor-top-section elementor-element elementor-element-2826396e elementor-section-boxed elementor-section-height-default elementor-section-height-default\" data-id=\"2826396e\" data-element_type=\"section\" data-e-type=\"section\">\n\t\t\t\t\t\t<div class=\"elementor-container elementor-column-gap-default\">\n\t\t\t\t\t<div class=\"elementor-column elementor-col-25 elementor-top-column elementor-element elementor-element-3749933a\" data-id=\"3749933a\" data-element_type=\"column\" data-e-type=\"column\">\n\t\t\t<div class=\"elementor-widget-wrap elementor-element-populated\">\n\t\t\t\t\t\t<div class=\"elementor-element elementor-element-6f1ee782 elementor-widget elementor-widget-image\" data-id=\"6f1ee782\" data-element_type=\"widget\" data-e-type=\"widget\" data-widget_type=\"image.default\">\n\t\t\t\t<div class=\"elementor-widget-container\">\n\t\t\t\t\t\t\t\t\t\t\t\t\t\t\t\t<a href=\"https:\/\/wcf.de\/pdf-fr\/breed\/BLH_fr_2023-08-13.pdf\" target=\"_blank\" rel=\"nofollow\">\n\t\t\t\t\t\t\t<img decoding=\"async\" width=\"199\" height=\"175\" src=\"https:\/\/wcf.de\/fr\/wp-content\/uploads\/sites\/7\/2021\/05\/Web175_British-LH.jpg\" class=\"attachment-full size-full wp-image-6055\" alt=\"\" \/>\t\t\t\t\t\t\t\t<\/a>\n\t\t\t\t\t\t\t\t\t\t\t\t\t\t\t<\/div>\n\t\t\t\t<\/div>\n\t\t\t\t<div class=\"elementor-element elementor-element-1c10a9b4 elementor-widget elementor-widget-text-editor\" data-id=\"1c10a9b4\" data-element_type=\"widget\" data-e-type=\"widget\" data-widget_type=\"text-editor.default\">\n\t\t\t\t<div class=\"elementor-widget-container\">\n\t\t\t\t\t\t\t\t\t<p class=\"elementor-heading-title elementor-size-default\" style=\"text-align: center;\"><a href=\"https:\/\/wcf.de\/pdf-fr\/breed\/BLH_fr_2023-08-13.pdf\" target=\"_blank\" rel=\"nofollow noopener\">British Longhair (BLH)<\/a><\/p>\t\t\t\t\t\t\t\t<\/div>\n\t\t\t\t<\/div>\n\t\t\t\t\t<\/div>\n\t\t<\/div>\n\t\t\t\t<div class=\"elementor-column elementor-col-25 elementor-top-column elementor-element elementor-element-5dbbcd9d\" data-id=\"5dbbcd9d\" data-element_type=\"column\" data-e-type=\"column\">\n\t\t\t<div class=\"elementor-widget-wrap elementor-element-populated\">\n\t\t\t\t\t\t<div class=\"elementor-element elementor-element-31f79329 elementor-widget elementor-widget-image\" data-id=\"31f79329\" data-element_type=\"widget\" data-e-type=\"widget\" data-widget_type=\"image.default\">\n\t\t\t\t<div class=\"elementor-widget-container\">\n\t\t\t\t\t\t\t\t\t\t\t\t\t\t\t\t<a href=\"https:\/\/wcf.de\/pdf-fr\/breed\/DLH_en_2022-01-17.pdf\" target=\"_blank\" rel=\"nofollow\">\n\t\t\t\t\t\t\t<img decoding=\"async\" width=\"162\" height=\"175\" src=\"https:\/\/wcf.de\/fr\/wp-content\/uploads\/sites\/7\/2021\/05\/web175_Deutsch-LH.jpg\" class=\"attachment-full size-full wp-image-6056\" alt=\"\" \/>\t\t\t\t\t\t\t\t<\/a>\n\t\t\t\t\t\t\t\t\t\t\t\t\t\t\t<\/div>\n\t\t\t\t<\/div>\n\t\t\t\t<div class=\"elementor-element elementor-element-269d3ef5 elementor-widget elementor-widget-text-editor\" data-id=\"269d3ef5\" data-element_type=\"widget\" data-e-type=\"widget\" data-widget_type=\"text-editor.default\">\n\t\t\t\t<div class=\"elementor-widget-container\">\n\t\t\t\t\t\t\t\t\t<p style=\"text-align: center;\"><a href=\"https:\/\/wcf.de\/pdf-fr\/breed\/DLH_en_2022-01-17.pdf\" target=\"_blank\" rel=\"nofollow noopener\">Deutsch Langhaar (DLH)<\/a><\/p>\t\t\t\t\t\t\t\t<\/div>\n\t\t\t\t<\/div>\n\t\t\t\t\t<\/div>\n\t\t<\/div>\n\t\t\t\t<div class=\"elementor-column elementor-col-25 elementor-top-column elementor-element elementor-element-1884c775\" data-id=\"1884c775\" data-element_type=\"column\" data-e-type=\"column\">\n\t\t\t<div class=\"elementor-widget-wrap elementor-element-populated\">\n\t\t\t\t\t\t<div class=\"elementor-element elementor-element-6b98f8ed elementor-widget elementor-widget-image\" data-id=\"6b98f8ed\" data-element_type=\"widget\" data-e-type=\"widget\" data-widget_type=\"image.default\">\n\t\t\t\t<div class=\"elementor-widget-container\">\n\t\t\t\t\t\t\t\t\t\t\t\t\t\t\t\t<a href=\"https:\/\/wcf.de\/pdf-fr\/breed\/SFL_fr_2023-08-13.pdf\" target=\"_blank\" rel=\"nofollow\">\n\t\t\t\t\t\t\t<img decoding=\"async\" width=\"184\" height=\"175\" src=\"https:\/\/wcf.de\/fr\/wp-content\/uploads\/sites\/7\/2021\/05\/web175_Highland-Fold.jpg\" class=\"attachment-full size-full wp-image-6057\" alt=\"\" \/>\t\t\t\t\t\t\t\t<\/a>\n\t\t\t\t\t\t\t\t\t\t\t\t\t\t\t<\/div>\n\t\t\t\t<\/div>\n\t\t\t\t<div class=\"elementor-element elementor-element-6d9c1c5c elementor-widget elementor-widget-text-editor\" data-id=\"6d9c1c5c\" data-element_type=\"widget\" data-e-type=\"widget\" data-widget_type=\"text-editor.default\">\n\t\t\t\t<div class=\"elementor-widget-container\">\n\t\t\t\t\t\t\t\t\t<p style=\"text-align: center;\"><a href=\"https:\/\/wcf.de\/pdf-fr\/breed\/SFL_fr_2023-08-13.pdf\" target=\"_blank\" rel=\"nofollow noopener\">Highland Fold (SFL)<\/a><\/p>\t\t\t\t\t\t\t\t<\/div>\n\t\t\t\t<\/div>\n\t\t\t\t\t<\/div>\n\t\t<\/div>\n\t\t\t\t<div class=\"elementor-column elementor-col-25 elementor-top-column elementor-element elementor-element-d28344d\" data-id=\"d28344d\" data-element_type=\"column\" data-e-type=\"column\">\n\t\t\t<div class=\"elementor-widget-wrap elementor-element-populated\">\n\t\t\t\t\t\t<div class=\"elementor-element elementor-element-4ebf474f elementor-widget elementor-widget-image\" data-id=\"4ebf474f\" data-element_type=\"widget\" data-e-type=\"widget\" data-widget_type=\"image.default\">\n\t\t\t\t<div class=\"elementor-widget-container\">\n\t\t\t\t\t\t\t\t\t\t\t\t\t\t\t\t<a href=\"https:\/\/wcf.de\/pdf-fr\/breed\/MIL_fr_2022-11.pdf\" target=\"_blank\" rel=\"nofollow\">\n\t\t\t\t\t\t\t<img loading=\"lazy\" decoding=\"async\" width=\"188\" height=\"175\" src=\"https:\/\/wcf.de\/fr\/wp-content\/uploads\/sites\/7\/2021\/05\/web175_Minuet-LH.jpg\" class=\"attachment-full size-full wp-image-6059\" alt=\"\" \/>\t\t\t\t\t\t\t\t<\/a>\n\t\t\t\t\t\t\t\t\t\t\t\t\t\t\t<\/div>\n\t\t\t\t<\/div>\n\t\t\t\t<div class=\"elementor-element elementor-element-56104dbc elementor-widget elementor-widget-text-editor\" data-id=\"56104dbc\" data-element_type=\"widget\" data-e-type=\"widget\" data-widget_type=\"text-editor.default\">\n\t\t\t\t<div class=\"elementor-widget-container\">\n\t\t\t\t\t\t\t\t\t<p style=\"text-align: center;\"><a href=\"https:\/\/wcf.de\/pdf-fr\/breed\/MIL_fr_2022-11.pdf\" target=\"_blank\" rel=\"nofollow noopener\">Minuet poil long (MIL)<\/a><\/p>\t\t\t\t\t\t\t\t<\/div>\n\t\t\t\t<\/div>\n\t\t\t\t\t<\/div>\n\t\t<\/div>\n\t\t\t\t\t<\/div>\n\t\t<\/section>\n\t\t\t\t<section class=\"elementor-section elementor-top-section elementor-element elementor-element-4fa40ac8 elementor-section-boxed elementor-section-height-default elementor-section-height-default\" data-id=\"4fa40ac8\" data-element_type=\"section\" data-e-type=\"section\">\n\t\t\t\t\t\t<div class=\"elementor-container elementor-column-gap-default\">\n\t\t\t\t\t<div class=\"elementor-column elementor-col-25 elementor-top-column elementor-element elementor-element-4737d097\" data-id=\"4737d097\" data-element_type=\"column\" data-e-type=\"column\">\n\t\t\t<div class=\"elementor-widget-wrap elementor-element-populated\">\n\t\t\t\t\t\t<div class=\"elementor-element elementor-element-3733f189 elementor-widget elementor-widget-image\" data-id=\"3733f189\" data-element_type=\"widget\" data-e-type=\"widget\" data-widget_type=\"image.default\">\n\t\t\t\t<div class=\"elementor-widget-container\">\n\t\t\t\t\t\t\t\t\t\t\t\t\t\t\t\t<a href=\"https:\/\/wcf.de\/pdf-fr\/breed\/TLH_fr_2011-01-01.pdf\" target=\"_blank\" rel=\"nofollow\">\n\t\t\t\t\t\t\t<img loading=\"lazy\" decoding=\"async\" width=\"177\" height=\"175\" src=\"https:\/\/wcf.de\/fr\/wp-content\/uploads\/sites\/7\/2021\/05\/web175_Original-LH.jpg\" class=\"attachment-full size-full wp-image-6060\" alt=\"\" srcset=\"https:\/\/wcf.de\/fr\/wp-content\/uploads\/sites\/7\/2021\/05\/web175_Original-LH.jpg 177w, https:\/\/wcf.de\/fr\/wp-content\/uploads\/sites\/7\/2021\/05\/web175_Original-LH-106x106.jpg 106w\" sizes=\"(max-width: 177px) 100vw, 177px\" \/>\t\t\t\t\t\t\t\t<\/a>\n\t\t\t\t\t\t\t\t\t\t\t\t\t\t\t<\/div>\n\t\t\t\t<\/div>\n\t\t\t\t<div class=\"elementor-element elementor-element-7863afd4 elementor-widget elementor-widget-text-editor\" data-id=\"7863afd4\" data-element_type=\"widget\" data-e-type=\"widget\" data-widget_type=\"text-editor.default\">\n\t\t\t\t<div class=\"elementor-widget-container\">\n\t\t\t\t\t\t\t\t\t<p style=\"text-align: center;\"><a href=\"https:\/\/wcf.de\/pdf-fr\/breed\/TLH_fr_2011-01-01.pdf\" target=\"_blank\" rel=\"nofollow noopener\">Original Longhair (TLH)<\/a><\/p>\t\t\t\t\t\t\t\t<\/div>\n\t\t\t\t<\/div>\n\t\t\t\t\t<\/div>\n\t\t<\/div>\n\t\t\t\t<div class=\"elementor-column elementor-col-25 elementor-top-column elementor-element elementor-element-74a2a84e\" data-id=\"74a2a84e\" data-element_type=\"column\" data-e-type=\"column\">\n\t\t\t<div class=\"elementor-widget-wrap elementor-element-populated\">\n\t\t\t\t\t\t<div class=\"elementor-element elementor-element-7e8419b7 elementor-widget elementor-widget-image\" data-id=\"7e8419b7\" data-element_type=\"widget\" data-e-type=\"widget\" data-widget_type=\"image.default\">\n\t\t\t\t<div class=\"elementor-widget-container\">\n\t\t\t\t\t\t\t\t\t\t\t\t\t\t\t\t<a href=\"https:\/\/wcf.de\/pdf-fr\/breed\/PER_en_2022-01-25.pdf\" target=\"_blank\" rel=\"nofollow\">\n\t\t\t\t\t\t\t<img loading=\"lazy\" decoding=\"async\" width=\"176\" height=\"175\" src=\"https:\/\/wcf.de\/fr\/wp-content\/uploads\/sites\/7\/2021\/05\/web175_Perser.jpg\" class=\"attachment-full size-full wp-image-6061\" alt=\"\" srcset=\"https:\/\/wcf.de\/fr\/wp-content\/uploads\/sites\/7\/2021\/05\/web175_Perser.jpg 176w, https:\/\/wcf.de\/fr\/wp-content\/uploads\/sites\/7\/2021\/05\/web175_Perser-150x150.jpg 150w, https:\/\/wcf.de\/fr\/wp-content\/uploads\/sites\/7\/2021\/05\/web175_Perser-106x106.jpg 106w\" sizes=\"(max-width: 176px) 100vw, 176px\" \/>\t\t\t\t\t\t\t\t<\/a>\n\t\t\t\t\t\t\t\t\t\t\t\t\t\t\t<\/div>\n\t\t\t\t<\/div>\n\t\t\t\t<div class=\"elementor-element elementor-element-3a9061f elementor-widget elementor-widget-text-editor\" data-id=\"3a9061f\" data-element_type=\"widget\" data-e-type=\"widget\" data-widget_type=\"text-editor.default\">\n\t\t\t\t<div class=\"elementor-widget-container\">\n\t\t\t\t\t\t\t\t\t<p style=\"text-align: center;\"><a href=\"https:\/\/wcf.de\/pdf-fr\/breed\/PER_en_2022-01-25.pdf\" target=\"_blank\" rel=\"nofollow noopener\">Persan (PER)<\/a><\/p>\t\t\t\t\t\t\t\t<\/div>\n\t\t\t\t<\/div>\n\t\t\t\t\t<\/div>\n\t\t<\/div>\n\t\t\t\t<div class=\"elementor-column elementor-col-25 elementor-top-column elementor-element elementor-element-73096d66\" data-id=\"73096d66\" data-element_type=\"column\" data-e-type=\"column\">\n\t\t\t<div class=\"elementor-widget-wrap elementor-element-populated\">\n\t\t\t\t\t\t<div class=\"elementor-element elementor-element-7a7a6e59 elementor-widget elementor-widget-image\" data-id=\"7a7a6e59\" data-element_type=\"widget\" data-e-type=\"widget\" data-widget_type=\"image.default\">\n\t\t\t\t<div class=\"elementor-widget-container\">\n\t\t\t\t\t\t\t\t\t\t\t\t\t\t\t\t<a href=\"https:\/\/wcf.de\/pdf-fr\/breed\/SRL_en_2022-01-25.pdf\" target=\"_blank\" rel=\"nofollow\">\n\t\t\t\t\t\t\t<img loading=\"lazy\" decoding=\"async\" width=\"176\" height=\"175\" src=\"https:\/\/wcf.de\/fr\/wp-content\/uploads\/sites\/7\/2021\/05\/web175_Selkirk-Rex-LH.jpg\" class=\"attachment-full size-full wp-image-6062\" alt=\"\" srcset=\"https:\/\/wcf.de\/fr\/wp-content\/uploads\/sites\/7\/2021\/05\/web175_Selkirk-Rex-LH.jpg 176w, https:\/\/wcf.de\/fr\/wp-content\/uploads\/sites\/7\/2021\/05\/web175_Selkirk-Rex-LH-150x150.jpg 150w, https:\/\/wcf.de\/fr\/wp-content\/uploads\/sites\/7\/2021\/05\/web175_Selkirk-Rex-LH-106x106.jpg 106w\" sizes=\"(max-width: 176px) 100vw, 176px\" \/>\t\t\t\t\t\t\t\t<\/a>\n\t\t\t\t\t\t\t\t\t\t\t\t\t\t\t<\/div>\n\t\t\t\t<\/div>\n\t\t\t\t<div class=\"elementor-element elementor-element-2063805d elementor-widget elementor-widget-text-editor\" data-id=\"2063805d\" data-element_type=\"widget\" data-e-type=\"widget\" data-widget_type=\"text-editor.default\">\n\t\t\t\t<div class=\"elementor-widget-container\">\n\t\t\t\t\t\t\t\t\t<p style=\"text-align: center;\"><a href=\"https:\/\/wcf.de\/pdf-fr\/breed\/SRL_en_2022-01-25.pdf\" target=\"_blank\" rel=\"nofollow noopener\">Selkirk Rex poil long (SRL)<\/a><\/p>\t\t\t\t\t\t\t\t<\/div>\n\t\t\t\t<\/div>\n\t\t\t\t\t<\/div>\n\t\t<\/div>\n\t\t\t\t<div class=\"elementor-column elementor-col-25 elementor-top-column elementor-element elementor-element-b20c36c\" data-id=\"b20c36c\" data-element_type=\"column\" data-e-type=\"column\">\n\t\t\t<div class=\"elementor-widget-wrap\">\n\t\t\t\t\t\t\t<\/div>\n\t\t<\/div>\n\t\t\t\t\t<\/div>\n\t\t<\/section>\n\t\t\t\t<\/div>\n\t\t","protected":false},"excerpt":{"rendered":"<p>Standards de races POIL LONG * = Standard de l&#8217;organisation de WCC. La race est admise pour toutes les classes d&#8217;exposition et tous les titres.Pour les r\u00e8gles d&#8217;\u00e9levage consulter s&#8217;il vous pla\u00eet l&#8217;organisation appropi\u00e9e, parce qu&#8217;il n&#8217;y a actuellement aucune application pour la reconnaissance par la WCF. Pour le standard de race veuillez cliquer sur [&hellip;]<\/p>\n","protected":false},"author":1,"featured_media":0,"parent":0,"menu_order":0,"comment_status":"closed","ping_status":"closed","template":"","meta":{"_monsterinsights_skip_tracking":false,"_monsterinsights_sitenote_active":false,"_monsterinsights_sitenote_note":"","_monsterinsights_sitenote_category":0,"footnotes":""},"class_list":["post-4784","page","type-page","status-publish","hentry"],"aioseo_notices":[],"_links":{"self":[{"href":"https:\/\/wcf.de\/fr\/wp-json\/wp\/v2\/pages\/4784","targetHints":{"allow":["GET"]}}],"collection":[{"href":"https:\/\/wcf.de\/fr\/wp-json\/wp\/v2\/pages"}],"about":[{"href":"https:\/\/wcf.de\/fr\/wp-json\/wp\/v2\/types\/page"}],"author":[{"embeddable":true,"href":"https:\/\/wcf.de\/fr\/wp-json\/wp\/v2\/users\/1"}],"replies":[{"embeddable":true,"href":"https:\/\/wcf.de\/fr\/wp-json\/wp\/v2\/comments?post=4784"}],"version-history":[{"count":50,"href":"https:\/\/wcf.de\/fr\/wp-json\/wp\/v2\/pages\/4784\/revisions"}],"predecessor-version":[{"id":12617,"href":"https:\/\/wcf.de\/fr\/wp-json\/wp\/v2\/pages\/4784\/revisions\/12617"}],"wp:attachment":[{"href":"https:\/\/wcf.de\/fr\/wp-json\/wp\/v2\/media?parent=4784"}],"curies":[{"name":"wp","href":"https:\/\/api.w.org\/{rel}","templated":true}]}}