{"id":4853,"date":"2021-05-24T12:59:56","date_gmt":"2021-05-24T10:59:56","guid":{"rendered":"https:\/\/de7.wcf-test.de\/fr\/?page_id=4853"},"modified":"2021-12-24T16:19:09","modified_gmt":"2021-12-24T16:19:09","slug":"sans-poil","status":"publish","type":"page","link":"https:\/\/wcf.de\/fr\/sans-poil\/","title":{"rendered":"Sans Poil"},"content":{"rendered":"\t\t<div data-elementor-type=\"wp-page\" data-elementor-id=\"4853\" class=\"elementor elementor-4853\" data-elementor-post-type=\"page\">\n\t\t\t\t\t\t<section class=\"elementor-section elementor-top-section elementor-element elementor-element-4ad34102 elementor-section-full_width elementor-section-height-default elementor-section-height-default\" data-id=\"4ad34102\" data-element_type=\"section\" data-e-type=\"section\">\n\t\t\t\t\t\t<div class=\"elementor-container elementor-column-gap-default\">\n\t\t\t\t\t<div class=\"elementor-column elementor-col-100 elementor-top-column elementor-element elementor-element-70931914\" data-id=\"70931914\" data-element_type=\"column\" data-e-type=\"column\">\n\t\t\t<div class=\"elementor-widget-wrap elementor-element-populated\">\n\t\t\t\t\t\t<div class=\"elementor-element elementor-element-24400144 elementor-widget elementor-widget-heading\" data-id=\"24400144\" data-element_type=\"widget\" data-e-type=\"widget\" data-widget_type=\"heading.default\">\n\t\t\t\t<div class=\"elementor-widget-container\">\n\t\t\t\t\t<h5 class=\"elementor-heading-title elementor-size-large\">Standards de races SANS POIL<\/h5>\t\t\t\t<\/div>\n\t\t\t\t<\/div>\n\t\t\t\t\t<\/div>\n\t\t<\/div>\n\t\t\t\t\t<\/div>\n\t\t<\/section>\n\t\t\t\t<section class=\"elementor-section elementor-top-section elementor-element elementor-element-703ee142 elementor-section-full_width elementor-section-height-default elementor-section-height-default\" data-id=\"703ee142\" data-element_type=\"section\" data-e-type=\"section\">\n\t\t\t\t\t\t<div class=\"elementor-container elementor-column-gap-default\">\n\t\t\t\t\t<div class=\"elementor-column elementor-col-100 elementor-top-column elementor-element elementor-element-3100340e\" data-id=\"3100340e\" data-element_type=\"column\" data-e-type=\"column\">\n\t\t\t<div class=\"elementor-widget-wrap elementor-element-populated\">\n\t\t\t\t\t\t<div class=\"elementor-element elementor-element-6ed7cc89 elementor-widget elementor-widget-text-editor\" data-id=\"6ed7cc89\" data-element_type=\"widget\" data-e-type=\"widget\" data-widget_type=\"text-editor.default\">\n\t\t\t\t<div class=\"elementor-widget-container\">\n\t\t\t\t\t\t\t\t\t<p>* = Standard de l&#8217;organisation de WCC. La race est admise pour toutes les classes d&#8217;exposition et tous les titres.<br \/>Pour les r\u00e8gles d&#8217;\u00e9levage consulter s&#8217;il vous pla\u00eet l&#8217;organisation appropi\u00e9e, parce qu&#8217;il n&#8217;y a actuellement aucune application pour la reconnaissance par la WCF.<\/p><p><strong>Pour le standard de race veuillez cliquer sur la photo ou le nom de la race <\/strong><\/p>\t\t\t\t\t\t\t\t<\/div>\n\t\t\t\t<\/div>\n\t\t\t\t\t<\/div>\n\t\t<\/div>\n\t\t\t\t\t<\/div>\n\t\t<\/section>\n\t\t\t\t<section class=\"elementor-section elementor-top-section elementor-element elementor-element-4db5dc9f elementor-section-full_width elementor-section-height-default elementor-section-height-default\" data-id=\"4db5dc9f\" data-element_type=\"section\" data-e-type=\"section\">\n\t\t\t\t\t\t<div class=\"elementor-container elementor-column-gap-default\">\n\t\t\t\t\t<div class=\"elementor-column elementor-col-33 elementor-top-column elementor-element elementor-element-254a8adf\" data-id=\"254a8adf\" data-element_type=\"column\" data-e-type=\"column\">\n\t\t\t<div class=\"elementor-widget-wrap elementor-element-populated\">\n\t\t\t\t\t\t<div class=\"elementor-element elementor-element-ff4f969 elementor-widget elementor-widget-image\" data-id=\"ff4f969\" data-element_type=\"widget\" data-e-type=\"widget\" data-widget_type=\"image.default\">\n\t\t\t\t<div class=\"elementor-widget-container\">\n\t\t\t\t\t\t\t\t\t\t\t\t\t\t\t\t<a href=\"https:\/\/wcf.de\/pdf-fr\/breed\/DSX_fr_2010-01-01.pdf\" target=\"_blank\" rel=\"nofollow\">\n\t\t\t\t\t\t\t<img decoding=\"async\" width=\"173\" height=\"175\" src=\"https:\/\/wcf.de\/fr\/wp-content\/uploads\/sites\/7\/2021\/05\/dsx-175.jpg\" class=\"attachment-full size-full wp-image-6146\" alt=\"\" srcset=\"https:\/\/wcf.de\/fr\/wp-content\/uploads\/sites\/7\/2021\/05\/dsx-175.jpg 173w, https:\/\/wcf.de\/fr\/wp-content\/uploads\/sites\/7\/2021\/05\/dsx-175-106x106.jpg 106w\" sizes=\"(max-width: 173px) 100vw, 173px\" \/>\t\t\t\t\t\t\t\t<\/a>\n\t\t\t\t\t\t\t\t\t\t\t\t\t\t\t<\/div>\n\t\t\t\t<\/div>\n\t\t\t\t<div class=\"elementor-element elementor-element-54376722 elementor-widget elementor-widget-text-editor\" data-id=\"54376722\" data-element_type=\"widget\" data-e-type=\"widget\" data-widget_type=\"text-editor.default\">\n\t\t\t\t<div class=\"elementor-widget-container\">\n\t\t\t\t\t\t\t\t\t<p class=\"elementor-heading-title elementor-size-default\" style=\"text-align: center;\"><a href=\"https:\/\/wcf.de\/pdf-fr\/breed\/DSX_fr_2010-01-01.pdf\" target=\"_blank\" rel=\"nofollow noopener\">Don Sphynx (DSX)<\/a><\/p>\t\t\t\t\t\t\t\t<\/div>\n\t\t\t\t<\/div>\n\t\t\t\t\t<\/div>\n\t\t<\/div>\n\t\t\t\t<div class=\"elementor-column elementor-col-33 elementor-top-column elementor-element elementor-element-34bfd4e7\" data-id=\"34bfd4e7\" data-element_type=\"column\" data-e-type=\"column\">\n\t\t\t<div class=\"elementor-widget-wrap elementor-element-populated\">\n\t\t\t\t\t\t<div class=\"elementor-element elementor-element-c483329 elementor-widget elementor-widget-image\" data-id=\"c483329\" data-element_type=\"widget\" data-e-type=\"widget\" data-widget_type=\"image.default\">\n\t\t\t\t<div class=\"elementor-widget-container\">\n\t\t\t\t\t\t\t\t\t\t\t\t\t\t\t\t<a href=\"https:\/\/wcf.de\/pdf-fr\/breed\/SPH_fr_2010-01-01.pdf\" target=\"_blank\" rel=\"nofollow\">\n\t\t\t\t\t\t\t<img decoding=\"async\" width=\"157\" height=\"175\" src=\"https:\/\/wcf.de\/fr\/wp-content\/uploads\/sites\/7\/2021\/05\/sph-175.jpg\" class=\"attachment-full size-full wp-image-6147\" alt=\"\" \/>\t\t\t\t\t\t\t\t<\/a>\n\t\t\t\t\t\t\t\t\t\t\t\t\t\t\t<\/div>\n\t\t\t\t<\/div>\n\t\t\t\t<div class=\"elementor-element elementor-element-44b10a80 elementor-widget elementor-widget-text-editor\" data-id=\"44b10a80\" data-element_type=\"widget\" data-e-type=\"widget\" data-widget_type=\"text-editor.default\">\n\t\t\t\t<div class=\"elementor-widget-container\">\n\t\t\t\t\t\t\t\t\t<p class=\"elementor-heading-title elementor-size-default\" style=\"text-align: center;\"><a href=\"https:\/\/wcf.de\/pdf-fr\/breed\/SPH_fr_2010-01-01.pdf\" target=\"_blank\" rel=\"nofollow noopener\">Sphynx canadien (SPH)<\/a><\/p>\t\t\t\t\t\t\t\t<\/div>\n\t\t\t\t<\/div>\n\t\t\t\t\t<\/div>\n\t\t<\/div>\n\t\t\t\t<div class=\"elementor-column elementor-col-33 elementor-top-column elementor-element elementor-element-1609b547\" data-id=\"1609b547\" data-element_type=\"column\" data-e-type=\"column\">\n\t\t\t<div class=\"elementor-widget-wrap elementor-element-populated\">\n\t\t\t\t\t\t<div class=\"elementor-element elementor-element-2463a3d elementor-widget elementor-widget-image\" data-id=\"2463a3d\" data-element_type=\"widget\" data-e-type=\"widget\" data-widget_type=\"image.default\">\n\t\t\t\t<div class=\"elementor-widget-container\">\n\t\t\t\t\t\t\t\t\t\t\t\t\t\t\t\t<a href=\"https:\/\/wcf.de\/pdf-fr\/breed\/PBD_fr_2010-01-01.pdf\" target=\"_blank\" rel=\"nofollow\">\n\t\t\t\t\t\t\t<img decoding=\"async\" width=\"178\" height=\"175\" src=\"https:\/\/wcf.de\/fr\/wp-content\/uploads\/sites\/7\/2021\/05\/pbd-175.jpg\" class=\"attachment-full size-full wp-image-6148\" alt=\"\" \/>\t\t\t\t\t\t\t\t<\/a>\n\t\t\t\t\t\t\t\t\t\t\t\t\t\t\t<\/div>\n\t\t\t\t<\/div>\n\t\t\t\t<div class=\"elementor-element elementor-element-38615e71 elementor-widget elementor-widget-text-editor\" data-id=\"38615e71\" data-element_type=\"widget\" data-e-type=\"widget\" data-widget_type=\"text-editor.default\">\n\t\t\t\t<div class=\"elementor-widget-container\">\n\t\t\t\t\t\t\t\t\t<p class=\"elementor-heading-title elementor-size-default\" style=\"text-align: center;\"><a href=\"https:\/\/wcf.de\/pdf-fr\/breed\/PBD_fr_2010-01-01.pdf\" target=\"_blank\" rel=\"nofollow noopener\">Peterbald (PBD)<\/a><\/p>\t\t\t\t\t\t\t\t<\/div>\n\t\t\t\t<\/div>\n\t\t\t\t\t<\/div>\n\t\t<\/div>\n\t\t\t\t\t<\/div>\n\t\t<\/section>\n\t\t\t\t<\/div>\n\t\t","protected":false},"excerpt":{"rendered":"<p>Standards de races SANS POIL * = Standard de l&#8217;organisation de WCC. La race est admise pour toutes les classes d&#8217;exposition et tous les titres. Pour les r\u00e8gles d&#8217;\u00e9levage consulter s&#8217;il vous pla\u00eet l&#8217;organisation appropi\u00e9e, parce qu&#8217;il n&#8217;y a actuellement aucune application pour la reconnaissance par la WCF. Pour le standard de race veuillez cliquer [&hellip;]<\/p>\n","protected":false},"author":1,"featured_media":0,"parent":0,"menu_order":0,"comment_status":"closed","ping_status":"closed","template":"","meta":{"_monsterinsights_skip_tracking":false,"_monsterinsights_sitenote_active":false,"_monsterinsights_sitenote_note":"","_monsterinsights_sitenote_category":0,"footnotes":""},"class_list":["post-4853","page","type-page","status-publish","hentry"],"aioseo_notices":[],"_links":{"self":[{"href":"https:\/\/wcf.de\/fr\/wp-json\/wp\/v2\/pages\/4853","targetHints":{"allow":["GET"]}}],"collection":[{"href":"https:\/\/wcf.de\/fr\/wp-json\/wp\/v2\/pages"}],"about":[{"href":"https:\/\/wcf.de\/fr\/wp-json\/wp\/v2\/types\/page"}],"author":[{"embeddable":true,"href":"https:\/\/wcf.de\/fr\/wp-json\/wp\/v2\/users\/1"}],"replies":[{"embeddable":true,"href":"https:\/\/wcf.de\/fr\/wp-json\/wp\/v2\/comments?post=4853"}],"version-history":[{"count":8,"href":"https:\/\/wcf.de\/fr\/wp-json\/wp\/v2\/pages\/4853\/revisions"}],"predecessor-version":[{"id":11001,"href":"https:\/\/wcf.de\/fr\/wp-json\/wp\/v2\/pages\/4853\/revisions\/11001"}],"wp:attachment":[{"href":"https:\/\/wcf.de\/fr\/wp-json\/wp\/v2\/media?parent=4853"}],"curies":[{"name":"wp","href":"https:\/\/api.w.org\/{rel}","templated":true}]}}