{"id":5036,"date":"2021-05-30T13:31:54","date_gmt":"2021-05-30T11:31:54","guid":{"rendered":"https:\/\/de7.wcf-test.de\/fr\/?page_id=5036"},"modified":"2021-12-22T13:27:44","modified_gmt":"2021-12-22T13:27:44","slug":"compte-bancaire","status":"publish","type":"page","link":"https:\/\/wcf.de\/fr\/compte-bancaire\/","title":{"rendered":"Compte bancaire"},"content":{"rendered":"\t\t<div data-elementor-type=\"wp-page\" data-elementor-id=\"5036\" class=\"elementor elementor-5036\" data-elementor-post-type=\"page\">\n\t\t\t\t\t\t<section class=\"elementor-section elementor-top-section elementor-element elementor-element-5e8c5832 elementor-section-full_width elementor-section-height-default elementor-section-height-default\" data-id=\"5e8c5832\" data-element_type=\"section\" data-e-type=\"section\">\n\t\t\t\t\t\t<div class=\"elementor-container elementor-column-gap-default\">\n\t\t\t\t\t<div class=\"elementor-column elementor-col-100 elementor-top-column elementor-element elementor-element-33bbd7e0\" data-id=\"33bbd7e0\" data-element_type=\"column\" data-e-type=\"column\">\n\t\t\t<div class=\"elementor-widget-wrap elementor-element-populated\">\n\t\t\t\t\t\t<div class=\"elementor-element elementor-element-1d7c74b0 elementor-widget elementor-widget-heading\" data-id=\"1d7c74b0\" data-element_type=\"widget\" data-e-type=\"widget\" data-widget_type=\"heading.default\">\n\t\t\t\t<div class=\"elementor-widget-container\">\n\t\t\t\t\t<h5 class=\"elementor-heading-title elementor-size-large\">COMPTE BANCAIRE<\/h5>\t\t\t\t<\/div>\n\t\t\t\t<\/div>\n\t\t\t\t\t<\/div>\n\t\t<\/div>\n\t\t\t\t\t<\/div>\n\t\t<\/section>\n\t\t\t\t<section class=\"elementor-section elementor-top-section elementor-element elementor-element-f38ef6d elementor-section-full_width elementor-section-height-default elementor-section-height-default\" data-id=\"f38ef6d\" data-element_type=\"section\" data-e-type=\"section\">\n\t\t\t\t\t\t<div class=\"elementor-container elementor-column-gap-default\">\n\t\t\t\t\t<div class=\"elementor-column elementor-col-100 elementor-top-column elementor-element elementor-element-519d1eeb\" data-id=\"519d1eeb\" data-element_type=\"column\" data-e-type=\"column\">\n\t\t\t<div class=\"elementor-widget-wrap elementor-element-populated\">\n\t\t\t\t\t\t<div class=\"elementor-element elementor-element-1460277e elementor-widget elementor-widget-shortcode\" data-id=\"1460277e\" data-element_type=\"widget\" data-e-type=\"widget\" data-widget_type=\"shortcode.default\">\n\t\t\t\t<div class=\"elementor-widget-container\">\n\t\t\t\t\t\t\t<div class=\"elementor-shortcode\">\n<table id=\"tablepress-3\" class=\"tablepress tablepress-id-3\">\n<thead>\n<tr class=\"row-1\">\n\t<th class=\"column-1\">Bank account<\/th><th class=\"column-2\">Bank-ID<\/th><th class=\"column-3\">Account holder<\/th><th class=\"column-4\">account No.<\/th><th class=\"column-5\">IBAN<\/th><th class=\"column-6\">SWIFT (BIC)<\/th>\n<\/tr>\n<\/thead>\n<tbody class=\"row-striping row-hover\">\n<tr class=\"row-2\">\n\t<td class=\"column-1\">Sparkasse Essen<\/td><td class=\"column-2\">360 501 05<\/td><td class=\"column-3\">World Cat Federation e.V.<\/td><td class=\"column-4\">2 3963 49<\/td><td class=\"column-5\">DE23 3605 0105 0002 3963 49<\/td><td class=\"column-6\">SPESDE3EXXX<\/td>\n<\/tr>\n<\/tbody>\n<\/table>\n<!-- #tablepress-3 from cache --><\/div>\n\t\t\t\t\t\t<\/div>\n\t\t\t\t<\/div>\n\t\t\t\t\t<\/div>\n\t\t<\/div>\n\t\t\t\t\t<\/div>\n\t\t<\/section>\n\t\t\t\t<section class=\"elementor-section elementor-top-section elementor-element elementor-element-5684ffe elementor-section-full_width elementor-section-height-default elementor-section-height-default\" data-id=\"5684ffe\" data-element_type=\"section\" data-e-type=\"section\">\n\t\t\t\t\t\t<div class=\"elementor-container elementor-column-gap-default\">\n\t\t\t\t\t<div class=\"elementor-column elementor-col-100 elementor-top-column elementor-element elementor-element-8f7e0ed\" data-id=\"8f7e0ed\" data-element_type=\"column\" data-e-type=\"column\">\n\t\t\t<div class=\"elementor-widget-wrap elementor-element-populated\">\n\t\t\t\t\t\t<div class=\"elementor-element elementor-element-36112183 elementor-widget elementor-widget-text-editor\" data-id=\"36112183\" data-element_type=\"widget\" data-e-type=\"widget\" data-widget_type=\"text-editor.default\">\n\t\t\t\t<div class=\"elementor-widget-container\">\n\t\t\t\t\t\t\t\t\t<p><\/p><p>Utilisez s&#8217;il vous pla\u00eet le formulaire des transferts d&#8217;UE pour vos transferts d&#8217;argent, autrement les frais suppl\u00e9mentaires devront \u00eatre pay\u00e9s!<\/p><p><\/p>\t\t\t\t\t\t\t\t<\/div>\n\t\t\t\t<\/div>\n\t\t\t\t\t<\/div>\n\t\t<\/div>\n\t\t\t\t\t<\/div>\n\t\t<\/section>\n\t\t\t\t<section class=\"elementor-section elementor-top-section elementor-element elementor-element-39a716e4 elementor-section-full_width elementor-section-height-default elementor-section-height-default\" data-id=\"39a716e4\" data-element_type=\"section\" data-e-type=\"section\">\n\t\t\t\t\t\t<div class=\"elementor-container elementor-column-gap-default\">\n\t\t\t\t\t<div class=\"elementor-column elementor-col-100 elementor-top-column elementor-element elementor-element-aaccd29\" data-id=\"aaccd29\" data-element_type=\"column\" data-e-type=\"column\">\n\t\t\t<div class=\"elementor-widget-wrap elementor-element-populated\">\n\t\t\t\t\t\t<div class=\"elementor-element elementor-element-51daa0ad elementor-widget elementor-widget-text-editor\" data-id=\"51daa0ad\" data-element_type=\"widget\" data-e-type=\"widget\" data-widget_type=\"text-editor.default\">\n\t\t\t\t<div class=\"elementor-widget-container\">\n\t\t\t\t\t\t\t\t\t<p><\/p><p><strong>Paiement avec Paypal<br \/><\/strong>Adresse d&#8217;email: <a href=\"mailto:wcf@wcf-online.de\">wcf@wcf-online.de<\/a><br \/>Veuillez ajouter en plus les honoraires de 6%.<br \/>Aucun paiement PayPal par les r\u00e9sidents de la Crim\u00e9e possible!<\/p><p><strong>Autoris\u00e9es \u00e0 accepter les paiements<br \/><\/strong>Pour accepter des paiements les personnes suivantes sont autoris\u00e9es (par ordre alphab\u00e9tique) :<\/p><p>Tatjana\u00a0\u010cernova<br \/>Anneliese Hackmann<br \/>Cornelia Hungerecker<\/p><p><\/p>\t\t\t\t\t\t\t\t<\/div>\n\t\t\t\t<\/div>\n\t\t\t\t\t<\/div>\n\t\t<\/div>\n\t\t\t\t\t<\/div>\n\t\t<\/section>\n\t\t\t\t<\/div>\n\t\t","protected":false},"excerpt":{"rendered":"<p>COMPTE BANCAIRE Utilisez s&#8217;il vous pla\u00eet le formulaire des transferts d&#8217;UE pour vos transferts d&#8217;argent, autrement les frais suppl\u00e9mentaires devront \u00eatre pay\u00e9s! Paiement avec PaypalAdresse d&#8217;email: wcf@wcf-online.deVeuillez ajouter en plus les honoraires de 6%.Aucun paiement PayPal par les r\u00e9sidents de la Crim\u00e9e possible! Autoris\u00e9es \u00e0 accepter les paiementsPour accepter des paiements les personnes suivantes sont [&hellip;]<\/p>\n","protected":false},"author":1,"featured_media":0,"parent":0,"menu_order":0,"comment_status":"closed","ping_status":"closed","template":"","meta":{"_monsterinsights_skip_tracking":false,"_monsterinsights_sitenote_active":false,"_monsterinsights_sitenote_note":"","_monsterinsights_sitenote_category":0,"footnotes":""},"class_list":["post-5036","page","type-page","status-publish","hentry"],"aioseo_notices":[],"_links":{"self":[{"href":"https:\/\/wcf.de\/fr\/wp-json\/wp\/v2\/pages\/5036","targetHints":{"allow":["GET"]}}],"collection":[{"href":"https:\/\/wcf.de\/fr\/wp-json\/wp\/v2\/pages"}],"about":[{"href":"https:\/\/wcf.de\/fr\/wp-json\/wp\/v2\/types\/page"}],"author":[{"embeddable":true,"href":"https:\/\/wcf.de\/fr\/wp-json\/wp\/v2\/users\/1"}],"replies":[{"embeddable":true,"href":"https:\/\/wcf.de\/fr\/wp-json\/wp\/v2\/comments?post=5036"}],"version-history":[{"count":4,"href":"https:\/\/wcf.de\/fr\/wp-json\/wp\/v2\/pages\/5036\/revisions"}],"predecessor-version":[{"id":10702,"href":"https:\/\/wcf.de\/fr\/wp-json\/wp\/v2\/pages\/5036\/revisions\/10702"}],"wp:attachment":[{"href":"https:\/\/wcf.de\/fr\/wp-json\/wp\/v2\/media?parent=5036"}],"curies":[{"name":"wp","href":"https:\/\/api.w.org\/{rel}","templated":true}]}}