{"id":6166,"date":"2021-05-24T11:33:26","date_gmt":"2021-05-24T11:33:26","guid":{"rendered":"https:\/\/de7.wcf-test.de\/fr2\/?page_id=6166"},"modified":"2021-12-29T09:48:38","modified_gmt":"2021-12-29T09:48:38","slug":"wcc-miami-2014","status":"publish","type":"page","link":"https:\/\/wcf.de\/fr\/wcc-miami-2014\/","title":{"rendered":"WCC miami 2014"},"content":{"rendered":"\t\t<div data-elementor-type=\"wp-page\" data-elementor-id=\"6166\" class=\"elementor elementor-6166\" data-elementor-post-type=\"page\">\n\t\t\t\t\t\t<section class=\"elementor-section elementor-top-section elementor-element elementor-element-2da1191c elementor-section-full_width elementor-section-height-default elementor-section-height-default\" data-id=\"2da1191c\" data-element_type=\"section\" data-e-type=\"section\">\n\t\t\t\t\t\t<div class=\"elementor-container elementor-column-gap-default\">\n\t\t\t\t\t<div class=\"elementor-column elementor-col-100 elementor-top-column elementor-element elementor-element-534f36f7\" data-id=\"534f36f7\" data-element_type=\"column\" data-e-type=\"column\">\n\t\t\t<div class=\"elementor-widget-wrap elementor-element-populated\">\n\t\t\t\t\t\t<div class=\"elementor-element elementor-element-f69cd88 elementor-widget elementor-widget-heading\" data-id=\"f69cd88\" data-element_type=\"widget\" data-e-type=\"widget\" data-widget_type=\"heading.default\">\n\t\t\t\t<div class=\"elementor-widget-container\">\n\t\t\t\t\t<h5 class=\"elementor-heading-title elementor-size-large\">WORLD CAT CONGRESS MIAMI 2014<\/h5>\t\t\t\t<\/div>\n\t\t\t\t<\/div>\n\t\t\t\t\t<\/div>\n\t\t<\/div>\n\t\t\t\t\t<\/div>\n\t\t<\/section>\n\t\t\t\t<section class=\"elementor-section elementor-top-section elementor-element elementor-element-6b1555b2 elementor-section-full_width elementor-section-height-default elementor-section-height-default\" data-id=\"6b1555b2\" data-element_type=\"section\" data-e-type=\"section\">\n\t\t\t\t\t\t<div class=\"elementor-container elementor-column-gap-default\">\n\t\t\t\t\t<div class=\"elementor-column elementor-col-100 elementor-top-column elementor-element elementor-element-3b8d908a\" data-id=\"3b8d908a\" data-element_type=\"column\" data-e-type=\"column\">\n\t\t\t<div class=\"elementor-widget-wrap elementor-element-populated\">\n\t\t\t\t\t\t<div class=\"elementor-element elementor-element-33464d5a elementor-widget elementor-widget-text-editor\" data-id=\"33464d5a\" data-element_type=\"widget\" data-e-type=\"widget\" data-widget_type=\"text-editor.default\">\n\t\t\t\t<div class=\"elementor-widget-container\">\n\t\t\t\t\t\t\t\t\t<p>Le WCC a eu lieu \u00e0 Miami \/ USA cette ann\u00e9e . Il a \u00e9t\u00e9 accueilli par la TICA . C&#8217;\u00e9tait une conf\u00e9rence couronn\u00e9e de succ\u00e8s avec des s\u00e9minaires sur les chats TICA Tha\u00ef, dse nouvelles avanc\u00e9es dans la g\u00e9n\u00e9tique et de la sant\u00e9 des chats et une tr\u00e8s belle exposition avec 12 ring .<\/p>\n<p>\u00a0<\/p>\n<p>Lors de la r\u00e9union , les d\u00e9l\u00e9gu\u00e9s des neuf associations membres ont d\u00e9cid\u00e9 de continuer \u00e0 fonctionner de la politique de la porte ouverte et d&#8217;intensifier encore . En faveur de cette d\u00e9cision, le Conseil d&#8217;administration WCF aura une r\u00e9union \u00e0 l&#8217;\u00e9t\u00e9 avec le conseil d&#8217; FIFE . Le code EMS , qui est d\u00e9j\u00e0 utilis\u00e9 dans plusieurs de nos clubs membres , est maintenant \u00e9galement reconnue dans le GCCF en Angleterre . Ainsi, le monde de chat se d\u00e9place un peu plus pr\u00e8s encore<\/p>\n<p>\u00a0<\/p>\n<p>. En outre, la WCF a re\u00e7u le droit de tenir le World Cat Congress en 2016 . Nous sommes heureux et fiers d&#8217;accueillir \u00e0 nouveau le WCC comme nous pouvons inviter des experts et pour offrir des s\u00e9minaires ouverts pour les \u00e9leveurs et les juges int\u00e9ress\u00e9s . La WCF Olimpia avec la pr\u00e9sentation du meilleur chat WCF est alors effectu\u00e9e avec les juges internationaux du WCC , qui est un point fort tr\u00e8s sp\u00e9cial.<\/p>\t\t\t\t\t\t\t\t<\/div>\n\t\t\t\t<\/div>\n\t\t\t\t\t<\/div>\n\t\t<\/div>\n\t\t\t\t\t<\/div>\n\t\t<\/section>\n\t\t\t\t<section class=\"elementor-section elementor-top-section elementor-element elementor-element-20680c5b elementor-section-full_width elementor-section-height-default elementor-section-height-default\" data-id=\"20680c5b\" data-element_type=\"section\" data-e-type=\"section\">\n\t\t\t\t\t\t<div class=\"elementor-container elementor-column-gap-default\">\n\t\t\t\t\t<div class=\"elementor-column elementor-col-33 elementor-top-column elementor-element elementor-element-613001a8\" data-id=\"613001a8\" data-element_type=\"column\" data-e-type=\"column\">\n\t\t\t<div class=\"elementor-widget-wrap elementor-element-populated\">\n\t\t\t\t\t\t<div class=\"elementor-element elementor-element-5f09a636 elementor-widget elementor-widget-image\" data-id=\"5f09a636\" data-element_type=\"widget\" data-e-type=\"widget\" data-widget_type=\"image.default\">\n\t\t\t\t<div class=\"elementor-widget-container\">\n\t\t\t\t\t\t\t\t\t\t\t\t\t\t\t<img fetchpriority=\"high\" decoding=\"async\" width=\"400\" height=\"300\" src=\"https:\/\/wcf.de\/fr\/wp-content\/uploads\/sites\/7\/2021\/05\/seminar_6.jpg\" class=\"attachment-large size-large wp-image-6168\" alt=\"\" srcset=\"https:\/\/wcf.de\/fr\/wp-content\/uploads\/sites\/7\/2021\/05\/seminar_6.jpg 400w, https:\/\/wcf.de\/fr\/wp-content\/uploads\/sites\/7\/2021\/05\/seminar_6-300x225.jpg 300w\" sizes=\"(max-width: 400px) 100vw, 400px\" \/>\t\t\t\t\t\t\t\t\t\t\t\t\t\t\t<\/div>\n\t\t\t\t<\/div>\n\t\t\t\t\t<\/div>\n\t\t<\/div>\n\t\t\t\t<div class=\"elementor-column elementor-col-33 elementor-top-column elementor-element elementor-element-1332f873\" data-id=\"1332f873\" data-element_type=\"column\" data-e-type=\"column\">\n\t\t\t<div class=\"elementor-widget-wrap elementor-element-populated\">\n\t\t\t\t\t\t<div class=\"elementor-element elementor-element-59e19bd7 elementor-widget elementor-widget-image\" data-id=\"59e19bd7\" data-element_type=\"widget\" data-e-type=\"widget\" data-widget_type=\"image.default\">\n\t\t\t\t<div class=\"elementor-widget-container\">\n\t\t\t\t\t\t\t\t\t\t\t\t\t\t\t<img decoding=\"async\" width=\"400\" height=\"300\" src=\"https:\/\/wcf.de\/fr\/wp-content\/uploads\/sites\/7\/2021\/05\/seminar_7.jpg\" class=\"attachment-large size-large wp-image-6169\" alt=\"\" srcset=\"https:\/\/wcf.de\/fr\/wp-content\/uploads\/sites\/7\/2021\/05\/seminar_7.jpg 400w, https:\/\/wcf.de\/fr\/wp-content\/uploads\/sites\/7\/2021\/05\/seminar_7-300x225.jpg 300w\" sizes=\"(max-width: 400px) 100vw, 400px\" \/>\t\t\t\t\t\t\t\t\t\t\t\t\t\t\t<\/div>\n\t\t\t\t<\/div>\n\t\t\t\t\t<\/div>\n\t\t<\/div>\n\t\t\t\t<div class=\"elementor-column elementor-col-33 elementor-top-column elementor-element elementor-element-7e02f640\" data-id=\"7e02f640\" data-element_type=\"column\" data-e-type=\"column\">\n\t\t\t<div class=\"elementor-widget-wrap elementor-element-populated\">\n\t\t\t\t\t\t<div class=\"elementor-element elementor-element-28425667 elementor-widget elementor-widget-image\" data-id=\"28425667\" data-element_type=\"widget\" data-e-type=\"widget\" data-widget_type=\"image.default\">\n\t\t\t\t<div class=\"elementor-widget-container\">\n\t\t\t\t\t\t\t\t\t\t\t\t\t\t\t<img decoding=\"async\" width=\"400\" height=\"300\" src=\"https:\/\/wcf.de\/fr\/wp-content\/uploads\/sites\/7\/2021\/05\/seminar_8.jpg\" class=\"attachment-large size-large wp-image-6170\" alt=\"\" srcset=\"https:\/\/wcf.de\/fr\/wp-content\/uploads\/sites\/7\/2021\/05\/seminar_8.jpg 400w, https:\/\/wcf.de\/fr\/wp-content\/uploads\/sites\/7\/2021\/05\/seminar_8-300x225.jpg 300w\" sizes=\"(max-width: 400px) 100vw, 400px\" \/>\t\t\t\t\t\t\t\t\t\t\t\t\t\t\t<\/div>\n\t\t\t\t<\/div>\n\t\t\t\t\t<\/div>\n\t\t<\/div>\n\t\t\t\t\t<\/div>\n\t\t<\/section>\n\t\t\t\t<\/div>\n\t\t","protected":false},"excerpt":{"rendered":"<p>WORLD CAT CONGRESS MIAMI 2014 Le WCC a eu lieu \u00e0 Miami \/ USA cette ann\u00e9e . Il a \u00e9t\u00e9 accueilli par la TICA . C&#8217;\u00e9tait une conf\u00e9rence couronn\u00e9e de succ\u00e8s avec des s\u00e9minaires sur les chats TICA Tha\u00ef, dse nouvelles avanc\u00e9es dans la g\u00e9n\u00e9tique et de la sant\u00e9 des chats et une tr\u00e8s belle [&hellip;]<\/p>\n","protected":false},"author":1,"featured_media":0,"parent":0,"menu_order":0,"comment_status":"closed","ping_status":"closed","template":"","meta":{"_monsterinsights_skip_tracking":false,"_monsterinsights_sitenote_active":false,"_monsterinsights_sitenote_note":"","_monsterinsights_sitenote_category":0,"footnotes":""},"class_list":["post-6166","page","type-page","status-publish","hentry"],"aioseo_notices":[],"_links":{"self":[{"href":"https:\/\/wcf.de\/fr\/wp-json\/wp\/v2\/pages\/6166","targetHints":{"allow":["GET"]}}],"collection":[{"href":"https:\/\/wcf.de\/fr\/wp-json\/wp\/v2\/pages"}],"about":[{"href":"https:\/\/wcf.de\/fr\/wp-json\/wp\/v2\/types\/page"}],"author":[{"embeddable":true,"href":"https:\/\/wcf.de\/fr\/wp-json\/wp\/v2\/users\/1"}],"replies":[{"embeddable":true,"href":"https:\/\/wcf.de\/fr\/wp-json\/wp\/v2\/comments?post=6166"}],"version-history":[{"count":12,"href":"https:\/\/wcf.de\/fr\/wp-json\/wp\/v2\/pages\/6166\/revisions"}],"predecessor-version":[{"id":11036,"href":"https:\/\/wcf.de\/fr\/wp-json\/wp\/v2\/pages\/6166\/revisions\/11036"}],"wp:attachment":[{"href":"https:\/\/wcf.de\/fr\/wp-json\/wp\/v2\/media?parent=6166"}],"curies":[{"name":"wp","href":"https:\/\/api.w.org\/{rel}","templated":true}]}}