{"id":6181,"date":"2021-05-24T11:47:10","date_gmt":"2021-05-24T11:47:10","guid":{"rendered":"https:\/\/de7.wcf-test.de\/fr2\/?page_id=6181"},"modified":"2021-12-29T10:11:40","modified_gmt":"2021-12-29T10:11:40","slug":"seminaire-wcf-ag2010","status":"publish","type":"page","link":"https:\/\/wcf.de\/fr\/seminaire-wcf-ag2010\/","title":{"rendered":"seminaire-wcf-ag2010"},"content":{"rendered":"\t\t<div data-elementor-type=\"wp-page\" data-elementor-id=\"6181\" class=\"elementor elementor-6181\" data-elementor-post-type=\"page\">\n\t\t\t\t\t\t<section class=\"elementor-section elementor-top-section elementor-element elementor-element-1d457c6a elementor-section-full_width elementor-section-height-default elementor-section-height-default\" data-id=\"1d457c6a\" data-element_type=\"section\" data-e-type=\"section\">\n\t\t\t\t\t\t<div class=\"elementor-container elementor-column-gap-default\">\n\t\t\t\t\t<div class=\"elementor-column elementor-col-100 elementor-top-column elementor-element elementor-element-3b8400ff\" data-id=\"3b8400ff\" data-element_type=\"column\" data-e-type=\"column\">\n\t\t\t<div class=\"elementor-widget-wrap elementor-element-populated\">\n\t\t\t\t\t\t<div class=\"elementor-element elementor-element-4e37726d elementor-widget elementor-widget-heading\" data-id=\"4e37726d\" data-element_type=\"widget\" data-e-type=\"widget\" data-widget_type=\"heading.default\">\n\t\t\t\t<div class=\"elementor-widget-container\">\n\t\t\t\t\t<h5 class=\"elementor-heading-title elementor-size-large\">S\u00c9MINAIRE APR\u00c8S L\u00b4AG 2010<\/h5>\t\t\t\t<\/div>\n\t\t\t\t<\/div>\n\t\t\t\t\t<\/div>\n\t\t<\/div>\n\t\t\t\t\t<\/div>\n\t\t<\/section>\n\t\t\t\t<section class=\"elementor-section elementor-top-section elementor-element elementor-element-24dc93d4 elementor-section-full_width elementor-section-height-default elementor-section-height-default\" data-id=\"24dc93d4\" data-element_type=\"section\" data-e-type=\"section\">\n\t\t\t\t\t\t<div class=\"elementor-container elementor-column-gap-default\">\n\t\t\t\t\t<div class=\"elementor-column elementor-col-100 elementor-top-column elementor-element elementor-element-5921ac7a\" data-id=\"5921ac7a\" data-element_type=\"column\" data-e-type=\"column\">\n\t\t\t<div class=\"elementor-widget-wrap elementor-element-populated\">\n\t\t\t\t\t\t<div class=\"elementor-element elementor-element-5cddf739 elementor-widget elementor-widget-text-editor\" data-id=\"5cddf739\" data-element_type=\"widget\" data-e-type=\"widget\" data-widget_type=\"text-editor.default\">\n\t\t\t\t<div class=\"elementor-widget-container\">\n\t\t\t\t\t\t\t\t\t<p>Le s\u00e9minaire a eu lieu le 16 ao\u00fbt 2010, apr\u00e8s l&#8217;AG de la WCF.<\/p>\t\t\t\t\t\t\t\t<\/div>\n\t\t\t\t<\/div>\n\t\t\t\t\t<\/div>\n\t\t<\/div>\n\t\t\t\t\t<\/div>\n\t\t<\/section>\n\t\t\t\t<section class=\"elementor-section elementor-top-section elementor-element elementor-element-36ebcc32 elementor-section-full_width elementor-section-height-default elementor-section-height-default\" data-id=\"36ebcc32\" data-element_type=\"section\" data-e-type=\"section\">\n\t\t\t\t\t\t<div class=\"elementor-container elementor-column-gap-default\">\n\t\t\t\t\t<div class=\"elementor-column elementor-col-33 elementor-top-column elementor-element elementor-element-1cb851b8\" data-id=\"1cb851b8\" data-element_type=\"column\" data-e-type=\"column\">\n\t\t\t<div class=\"elementor-widget-wrap elementor-element-populated\">\n\t\t\t\t\t\t<div class=\"elementor-element elementor-element-2c3865b5 elementor-widget elementor-widget-image\" data-id=\"2c3865b5\" data-element_type=\"widget\" data-e-type=\"widget\" data-widget_type=\"image.default\">\n\t\t\t\t<div class=\"elementor-widget-container\">\n\t\t\t\t\t\t\t\t\t\t\t\t\t\t\t<img decoding=\"async\" src=\"https:\/\/wcf.de\/fr\/wp-content\/uploads\/sites\/7\/elementor\/thumbs\/seminar_1-pmagh9hsb3vk9envejpj4hfh2t1rp2hq1rnew8no5i.jpg\" title=\"seminar_1.jpg\" alt=\"seminar_1.jpg\" loading=\"lazy\" \/>\t\t\t\t\t\t\t\t\t\t\t\t\t\t\t<\/div>\n\t\t\t\t<\/div>\n\t\t\t\t\t<\/div>\n\t\t<\/div>\n\t\t\t\t<div class=\"elementor-column elementor-col-33 elementor-top-column elementor-element elementor-element-289e97e9\" data-id=\"289e97e9\" data-element_type=\"column\" data-e-type=\"column\">\n\t\t\t<div class=\"elementor-widget-wrap elementor-element-populated\">\n\t\t\t\t\t\t<div class=\"elementor-element elementor-element-58aedd76 elementor-widget elementor-widget-image\" data-id=\"58aedd76\" data-element_type=\"widget\" data-e-type=\"widget\" data-widget_type=\"image.default\">\n\t\t\t\t<div class=\"elementor-widget-container\">\n\t\t\t\t\t\t\t\t\t\t\t\t\t\t\t<img fetchpriority=\"high\" decoding=\"async\" width=\"394\" height=\"295\" src=\"https:\/\/wcf.de\/fr\/wp-content\/uploads\/sites\/7\/2021\/05\/seminar_2.jpg\" class=\"attachment-large size-large wp-image-6184\" alt=\"\" srcset=\"https:\/\/wcf.de\/fr\/wp-content\/uploads\/sites\/7\/2021\/05\/seminar_2.jpg 394w, https:\/\/wcf.de\/fr\/wp-content\/uploads\/sites\/7\/2021\/05\/seminar_2-300x225.jpg 300w\" sizes=\"(max-width: 394px) 100vw, 394px\" \/>\t\t\t\t\t\t\t\t\t\t\t\t\t\t\t<\/div>\n\t\t\t\t<\/div>\n\t\t\t\t\t<\/div>\n\t\t<\/div>\n\t\t\t\t<div class=\"elementor-column elementor-col-33 elementor-top-column elementor-element elementor-element-60e70760\" data-id=\"60e70760\" data-element_type=\"column\" data-e-type=\"column\">\n\t\t\t<div class=\"elementor-widget-wrap elementor-element-populated\">\n\t\t\t\t\t\t<div class=\"elementor-element elementor-element-4529e4b2 elementor-widget elementor-widget-image\" data-id=\"4529e4b2\" data-element_type=\"widget\" data-e-type=\"widget\" data-widget_type=\"image.default\">\n\t\t\t\t<div class=\"elementor-widget-container\">\n\t\t\t\t\t\t\t\t\t\t\t\t\t\t\t<img decoding=\"async\" width=\"394\" height=\"295\" src=\"https:\/\/wcf.de\/fr\/wp-content\/uploads\/sites\/7\/2021\/05\/seminar_4.jpg\" class=\"attachment-large size-large wp-image-6185\" alt=\"\" srcset=\"https:\/\/wcf.de\/fr\/wp-content\/uploads\/sites\/7\/2021\/05\/seminar_4.jpg 394w, https:\/\/wcf.de\/fr\/wp-content\/uploads\/sites\/7\/2021\/05\/seminar_4-300x225.jpg 300w\" sizes=\"(max-width: 394px) 100vw, 394px\" \/>\t\t\t\t\t\t\t\t\t\t\t\t\t\t\t<\/div>\n\t\t\t\t<\/div>\n\t\t\t\t\t<\/div>\n\t\t<\/div>\n\t\t\t\t\t<\/div>\n\t\t<\/section>\n\t\t\t\t<section class=\"elementor-section elementor-top-section elementor-element elementor-element-10d2af14 elementor-section-full_width elementor-section-height-default elementor-section-height-default\" data-id=\"10d2af14\" data-element_type=\"section\" data-e-type=\"section\">\n\t\t\t\t\t\t<div class=\"elementor-container elementor-column-gap-default\">\n\t\t\t\t\t<div class=\"elementor-column elementor-col-33 elementor-top-column elementor-element elementor-element-7944a4dd\" data-id=\"7944a4dd\" data-element_type=\"column\" data-e-type=\"column\">\n\t\t\t<div class=\"elementor-widget-wrap elementor-element-populated\">\n\t\t\t\t\t\t<div class=\"elementor-element elementor-element-3f0fee90 elementor-widget elementor-widget-image\" data-id=\"3f0fee90\" data-element_type=\"widget\" data-e-type=\"widget\" data-widget_type=\"image.default\">\n\t\t\t\t<div class=\"elementor-widget-container\">\n\t\t\t\t\t\t\t\t\t\t\t\t\t\t\t<img decoding=\"async\" width=\"394\" height=\"274\" src=\"https:\/\/wcf.de\/fr\/wp-content\/uploads\/sites\/7\/2021\/05\/seminar_3.jpg\" class=\"attachment-large size-large wp-image-6186\" alt=\"\" srcset=\"https:\/\/wcf.de\/fr\/wp-content\/uploads\/sites\/7\/2021\/05\/seminar_3.jpg 394w, https:\/\/wcf.de\/fr\/wp-content\/uploads\/sites\/7\/2021\/05\/seminar_3-300x209.jpg 300w\" sizes=\"(max-width: 394px) 100vw, 394px\" \/>\t\t\t\t\t\t\t\t\t\t\t\t\t\t\t<\/div>\n\t\t\t\t<\/div>\n\t\t\t\t\t<\/div>\n\t\t<\/div>\n\t\t\t\t<div class=\"elementor-column elementor-col-33 elementor-top-column elementor-element elementor-element-65a63317\" data-id=\"65a63317\" data-element_type=\"column\" data-e-type=\"column\">\n\t\t\t<div class=\"elementor-widget-wrap elementor-element-populated\">\n\t\t\t\t\t\t<div class=\"elementor-element elementor-element-71aaf212 elementor-widget elementor-widget-image\" data-id=\"71aaf212\" data-element_type=\"widget\" data-e-type=\"widget\" data-widget_type=\"image.default\">\n\t\t\t\t<div class=\"elementor-widget-container\">\n\t\t\t\t\t\t\t\t\t\t\t\t\t\t\t<img decoding=\"async\" src=\"https:\/\/wcf.de\/fr\/wp-content\/uploads\/sites\/7\/elementor\/thumbs\/seminar_5-pmagh9hsb3vfyq0rskl44si673koq8dkpc3gvbhiyc.jpg\" title=\"seminar_5.jpg\" alt=\"seminar_5.jpg\" loading=\"lazy\" \/>\t\t\t\t\t\t\t\t\t\t\t\t\t\t\t<\/div>\n\t\t\t\t<\/div>\n\t\t\t\t\t<\/div>\n\t\t<\/div>\n\t\t\t\t<div class=\"elementor-column elementor-col-33 elementor-top-column elementor-element elementor-element-1770ee71\" data-id=\"1770ee71\" data-element_type=\"column\" data-e-type=\"column\">\n\t\t\t<div class=\"elementor-widget-wrap\">\n\t\t\t\t\t\t\t<\/div>\n\t\t<\/div>\n\t\t\t\t\t<\/div>\n\t\t<\/section>\n\t\t\t\t<\/div>\n\t\t","protected":false},"excerpt":{"rendered":"<p>S\u00c9MINAIRE APR\u00c8S L\u00b4AG 2010 Le s\u00e9minaire a eu lieu le 16 ao\u00fbt 2010, apr\u00e8s l&#8217;AG de la WCF.<\/p>\n","protected":false},"author":1,"featured_media":0,"parent":0,"menu_order":0,"comment_status":"closed","ping_status":"closed","template":"","meta":{"_monsterinsights_skip_tracking":false,"_monsterinsights_sitenote_active":false,"_monsterinsights_sitenote_note":"","_monsterinsights_sitenote_category":0,"footnotes":""},"class_list":["post-6181","page","type-page","status-publish","hentry"],"aioseo_notices":[],"_links":{"self":[{"href":"https:\/\/wcf.de\/fr\/wp-json\/wp\/v2\/pages\/6181","targetHints":{"allow":["GET"]}}],"collection":[{"href":"https:\/\/wcf.de\/fr\/wp-json\/wp\/v2\/pages"}],"about":[{"href":"https:\/\/wcf.de\/fr\/wp-json\/wp\/v2\/types\/page"}],"author":[{"embeddable":true,"href":"https:\/\/wcf.de\/fr\/wp-json\/wp\/v2\/users\/1"}],"replies":[{"embeddable":true,"href":"https:\/\/wcf.de\/fr\/wp-json\/wp\/v2\/comments?post=6181"}],"version-history":[{"count":9,"href":"https:\/\/wcf.de\/fr\/wp-json\/wp\/v2\/pages\/6181\/revisions"}],"predecessor-version":[{"id":11044,"href":"https:\/\/wcf.de\/fr\/wp-json\/wp\/v2\/pages\/6181\/revisions\/11044"}],"wp:attachment":[{"href":"https:\/\/wcf.de\/fr\/wp-json\/wp\/v2\/media?parent=6181"}],"curies":[{"name":"wp","href":"https:\/\/api.w.org\/{rel}","templated":true}]}}