{"id":6196,"date":"2021-05-24T11:54:08","date_gmt":"2021-05-24T11:54:08","guid":{"rendered":"https:\/\/de7.wcf-test.de\/fr2\/?page_id=6196"},"modified":"2021-12-29T10:22:37","modified_gmt":"2021-12-29T10:22:37","slug":"wcc-melbourne-2010","status":"publish","type":"page","link":"https:\/\/wcf.de\/fr\/wcc-melbourne-2010\/","title":{"rendered":"WCC melbourne 2010"},"content":{"rendered":"\t\t<div data-elementor-type=\"wp-page\" data-elementor-id=\"6196\" class=\"elementor elementor-6196\" data-elementor-post-type=\"page\">\n\t\t\t\t\t\t<section class=\"elementor-section elementor-top-section elementor-element elementor-element-6a45b2a5 elementor-section-full_width elementor-section-height-default elementor-section-height-default\" data-id=\"6a45b2a5\" data-element_type=\"section\" data-e-type=\"section\">\n\t\t\t\t\t\t<div class=\"elementor-container elementor-column-gap-default\">\n\t\t\t\t\t<div class=\"elementor-column elementor-col-100 elementor-top-column elementor-element elementor-element-219f417c\" data-id=\"219f417c\" data-element_type=\"column\" data-e-type=\"column\">\n\t\t\t<div class=\"elementor-widget-wrap elementor-element-populated\">\n\t\t\t\t\t\t<div class=\"elementor-element elementor-element-13a213b6 elementor-widget elementor-widget-heading\" data-id=\"13a213b6\" data-element_type=\"widget\" data-e-type=\"widget\" data-widget_type=\"heading.default\">\n\t\t\t\t<div class=\"elementor-widget-container\">\n\t\t\t\t\t<h5 class=\"elementor-heading-title elementor-size-large\">CONGR\u00c8S DE CHATS MONDIAL 2010 - \nMELBOURNE AUSTRALIE<\/br> 30 avril - 3 mai, 2010<\/h5>\t\t\t\t<\/div>\n\t\t\t\t<\/div>\n\t\t\t\t\t<\/div>\n\t\t<\/div>\n\t\t\t\t\t<\/div>\n\t\t<\/section>\n\t\t\t\t<section class=\"elementor-section elementor-top-section elementor-element elementor-element-1d7c7065 elementor-section-full_width elementor-section-height-default elementor-section-height-default\" data-id=\"1d7c7065\" data-element_type=\"section\" data-e-type=\"section\">\n\t\t\t\t\t\t<div class=\"elementor-container elementor-column-gap-default\">\n\t\t\t\t\t<div class=\"elementor-column elementor-col-100 elementor-top-column elementor-element elementor-element-68dbcc4c\" data-id=\"68dbcc4c\" data-element_type=\"column\" data-e-type=\"column\">\n\t\t\t<div class=\"elementor-widget-wrap elementor-element-populated\">\n\t\t\t\t\t\t<div class=\"elementor-element elementor-element-5ac6c67d elementor-widget elementor-widget-text-editor\" data-id=\"5ac6c67d\" data-element_type=\"widget\" data-e-type=\"widget\" data-widget_type=\"text-editor.default\">\n\t\t\t\t<div class=\"elementor-widget-container\">\n\t\t\t\t\t\t\t\t\t<p>Cette ann\u00e9e la r\u00e9union annuelle de WCC a eu lieu \u00e0 Melbourne, Australie. L&#8217;organisateur de cette r\u00e9union<br \/>de 4 jours \u00e9tait le CCCA. Les organisations ont \u00e9t\u00e9 repr\u00e9sent\u00e9es par:<\/p>\t\t\t\t\t\t\t\t<\/div>\n\t\t\t\t<\/div>\n\t\t\t\t\t<\/div>\n\t\t<\/div>\n\t\t\t\t\t<\/div>\n\t\t<\/section>\n\t\t\t\t<section class=\"elementor-section elementor-top-section elementor-element elementor-element-12213bdb elementor-section-full_width elementor-section-height-default elementor-section-height-default\" data-id=\"12213bdb\" data-element_type=\"section\" data-e-type=\"section\">\n\t\t\t\t\t\t<div class=\"elementor-container elementor-column-gap-default\">\n\t\t\t\t\t<div class=\"elementor-column elementor-col-33 elementor-top-column elementor-element elementor-element-12e9943e\" data-id=\"12e9943e\" data-element_type=\"column\" data-e-type=\"column\">\n\t\t\t<div class=\"elementor-widget-wrap elementor-element-populated\">\n\t\t\t\t\t\t<div class=\"elementor-element elementor-element-3ae0170 elementor-widget elementor-widget-text-editor\" data-id=\"3ae0170\" data-element_type=\"widget\" data-e-type=\"widget\" data-widget_type=\"text-editor.default\">\n\t\t\t\t<div class=\"elementor-widget-container\">\n\t\t\t\t\t\t\t\t\t<p>ACF<br \/>CCCA<br \/>CFA<br \/>FIFe<br \/>GCCF<br \/>NZCF<br \/>SACC<br \/>TICA<br \/>WCF<br \/>WCC<\/p>\t\t\t\t\t\t\t\t<\/div>\n\t\t\t\t<\/div>\n\t\t\t\t\t<\/div>\n\t\t<\/div>\n\t\t\t\t<div class=\"elementor-column elementor-col-33 elementor-top-column elementor-element elementor-element-70836c61\" data-id=\"70836c61\" data-element_type=\"column\" data-e-type=\"column\">\n\t\t\t<div class=\"elementor-widget-wrap elementor-element-populated\">\n\t\t\t\t\t\t<div class=\"elementor-element elementor-element-339a71e6 elementor-widget elementor-widget-text-editor\" data-id=\"339a71e6\" data-element_type=\"widget\" data-e-type=\"widget\" data-widget_type=\"text-editor.default\">\n\t\t\t\t<div class=\"elementor-widget-container\">\n\t\t\t\t\t\t\t\t\t<p>Australian Cat Federation<br \/>Co-Ordinating Cat Council of Australia<br \/>Cat Fanciers\u2019 Association<br \/>F\u00e9d\u00e9ration Internationale F\u00e9line<br \/>Governing Council of the Cat Fancy<br \/>New Zealand Cat Fancy<br \/>Southern African Cat Council<br \/>The International Cat Association<br \/>World Cat Federation<br \/>Secretary and Treasurer<\/p>\t\t\t\t\t\t\t\t<\/div>\n\t\t\t\t<\/div>\n\t\t\t\t\t<\/div>\n\t\t<\/div>\n\t\t\t\t<div class=\"elementor-column elementor-col-33 elementor-top-column elementor-element elementor-element-18404c89\" data-id=\"18404c89\" data-element_type=\"column\" data-e-type=\"column\">\n\t\t\t<div class=\"elementor-widget-wrap elementor-element-populated\">\n\t\t\t\t\t\t<div class=\"elementor-element elementor-element-3b915d70 elementor-widget elementor-widget-text-editor\" data-id=\"3b915d70\" data-element_type=\"widget\" data-e-type=\"widget\" data-widget_type=\"text-editor.default\">\n\t\t\t\t<div class=\"elementor-widget-container\">\n\t\t\t\t\t\t\t\t\t<p>Lesley Morgan Blythe<br \/>Cheryle U\u2019ren<br \/>Pam DelaBar<br \/>Eric Reijers<br \/>Betty Shingleton<br \/>Chris Lowe<br \/>Ingrid De Wet<br \/>Vickie Fisher<br \/>Cornelia Hungerecker<br \/>Penny Bydlinski<\/p>\t\t\t\t\t\t\t\t<\/div>\n\t\t\t\t<\/div>\n\t\t\t\t\t<\/div>\n\t\t<\/div>\n\t\t\t\t\t<\/div>\n\t\t<\/section>\n\t\t\t\t<section class=\"elementor-section elementor-top-section elementor-element elementor-element-29699062 elementor-section-full_width elementor-section-height-default elementor-section-height-default\" data-id=\"29699062\" data-element_type=\"section\" data-e-type=\"section\">\n\t\t\t\t\t\t<div class=\"elementor-container elementor-column-gap-default\">\n\t\t\t\t\t<div class=\"elementor-column elementor-col-33 elementor-top-column elementor-element elementor-element-4e8f4d36\" data-id=\"4e8f4d36\" data-element_type=\"column\" data-e-type=\"column\">\n\t\t\t<div class=\"elementor-widget-wrap elementor-element-populated\">\n\t\t\t\t\t\t<div class=\"elementor-element elementor-element-57e01d80 elementor-widget elementor-widget-image\" data-id=\"57e01d80\" data-element_type=\"widget\" data-e-type=\"widget\" data-widget_type=\"image.default\">\n\t\t\t\t<div class=\"elementor-widget-container\">\n\t\t\t\t\t\t\t\t\t\t\t\t\t\t\t<img decoding=\"async\" width=\"200\" height=\"125\" src=\"https:\/\/wcf.de\/fr\/wp-content\/uploads\/sites\/7\/2021\/05\/WCC_2010_1.jpg\" class=\"attachment-large size-large wp-image-6198\" alt=\"\" \/>\t\t\t\t\t\t\t\t\t\t\t\t\t\t\t<\/div>\n\t\t\t\t<\/div>\n\t\t\t\t\t<\/div>\n\t\t<\/div>\n\t\t\t\t<div class=\"elementor-column elementor-col-33 elementor-top-column elementor-element elementor-element-5d9a1dec\" data-id=\"5d9a1dec\" data-element_type=\"column\" data-e-type=\"column\">\n\t\t\t<div class=\"elementor-widget-wrap elementor-element-populated\">\n\t\t\t\t\t\t<div class=\"elementor-element elementor-element-2a47bfe3 elementor-widget elementor-widget-image\" data-id=\"2a47bfe3\" data-element_type=\"widget\" data-e-type=\"widget\" data-widget_type=\"image.default\">\n\t\t\t\t<div class=\"elementor-widget-container\">\n\t\t\t\t\t\t\t\t\t\t\t\t\t\t\t<img decoding=\"async\" width=\"200\" height=\"125\" src=\"https:\/\/wcf.de\/fr\/wp-content\/uploads\/sites\/7\/2021\/05\/WCC_2010_2.jpg\" class=\"attachment-large size-large wp-image-6199\" alt=\"\" \/>\t\t\t\t\t\t\t\t\t\t\t\t\t\t\t<\/div>\n\t\t\t\t<\/div>\n\t\t\t\t\t<\/div>\n\t\t<\/div>\n\t\t\t\t<div class=\"elementor-column elementor-col-33 elementor-top-column elementor-element elementor-element-4f2ffa46\" data-id=\"4f2ffa46\" data-element_type=\"column\" data-e-type=\"column\">\n\t\t\t<div class=\"elementor-widget-wrap\">\n\t\t\t\t\t\t\t<\/div>\n\t\t<\/div>\n\t\t\t\t\t<\/div>\n\t\t<\/section>\n\t\t\t\t<section class=\"elementor-section elementor-top-section elementor-element elementor-element-51d30479 elementor-section-full_width elementor-section-height-default elementor-section-height-default\" data-id=\"51d30479\" data-element_type=\"section\" data-e-type=\"section\">\n\t\t\t\t\t\t<div class=\"elementor-container elementor-column-gap-default\">\n\t\t\t\t\t<div class=\"elementor-column elementor-col-100 elementor-top-column elementor-element elementor-element-3b633621\" data-id=\"3b633621\" data-element_type=\"column\" data-e-type=\"column\">\n\t\t\t<div class=\"elementor-widget-wrap elementor-element-populated\">\n\t\t\t\t\t\t<div class=\"elementor-element elementor-element-9bc0364 elementor-widget elementor-widget-text-editor\" data-id=\"9bc0364\" data-element_type=\"widget\" data-e-type=\"widget\" data-widget_type=\"text-editor.default\">\n\t\t\t\t<div class=\"elementor-widget-container\">\n\t\t\t\t\t\t\t\t\t\n<p>En tant que toujours, cette r\u00e9union a commenc\u00e9 vendredi avec un s\u00e9minaire dans la salle de conf\u00e9rence du centre de RASV, parcs d&#8217;expositions de Melbourne. Il y avait beaucoup de visiteurs dans le s\u00e9minaire et on l&#8217;a tenu &#8211; naturellement &#8211; en anglais. Le s\u00e9minaire a \u00e9t\u00e9 ouverte par la pr\u00e9sidente du WCC, Mme Pam DelaBar, et la vice-pr\u00e9sidente du WCC, Mme Cheryle U\u00b4Ren.<br \/>En plus de la pr\u00e9sentation de organisations qui ont particip\u00e9es, plusieurs sujets \u00e9taient \u00e0 l&#8217;ordre du jour, par exemple soin et sant\u00e9 pour les chats d&#8217;\u00e9levage, pr\u00e9sentation de Australian Mist, pr\u00e9sentation des meilleurs chats par leur \u00e9leveur et propri\u00e9taire, l\u00e9gislation australienne au sujet des chats. En plus des informations sur le d\u00e9veloppement et des nouvelles dans les organisations respectives, les possibilit\u00e9s, le but et les limites courants de l&#8217;ins\u00e9mination artificielle ont \u00e9t\u00e9 discut\u00e9s. Encore d&#8217;autres principaux sujets \u00e9taient les listes et la formation de juges, les standards de races, protection d&#8217;affixes, proc\u00e9d\u00e9 de reconnaissance pour nouvelles races et couleurs, des d\u00e9fauts g\u00e9n\u00e9raux, protection des animaux et des probl\u00e8mes nationaux et locaux.<\/p>\n<p>Samedi et dimanche l&#8217;exposition de chat avec plus de 650 chats inscrits a \u00e9t\u00e9 organis\u00e9e.<br \/>Lundi la r\u00e9union de WCC a eu lieu.<\/p>\n<p>Les nouvelles \u00e9lections de cette ann\u00e9e n&#8217;\u00e9taient pas \u00e0 l&#8217;ordre du jour. On l&#8217;a d\u00e9cid\u00e9 unanimement que plus<br \/>de publicit\u00e9 pour le congr\u00e8s de chats mondial devrait \u00eatre faite.<br \/>Les pages d&#8217;Internet veulent \u00e9largies:<\/p>\n<p>\u2022 plus d&#8217;information pour le bien-\u00eatre des animaux,<br \/>\u2022 bouts pour achat les chatons des \u00e9leveurs responsables,<br \/>\u2022 informations sur l&#8217;importation et l&#8217;exportation,<br \/>\u2022 l&#8217;information d&#8217;\u00e9levage,<br \/>\u2022 descriptions au sujet des expositions, qui expliquent des proc\u00e9dures typiques que<br \/>les diff\u00e9rences entre les divers organisations deviendront plus claires,<br \/>\u2022 page pour des enfants,<br \/>\u2022 liens aux r\u00e8glements d&#8217;EC,<br \/>\u2022 secteur interne pour des membres du WCC.<\/p>\n<p>Pour mettre l&#8217;application de l&#8217;id\u00e9e du WCC, beaucoup de travail et la compr\u00e9hension entre les organisations seront n\u00e9cessaires. Tous ont convenus d&#8217;un sujet : Le bien-\u00eatre des chats est et sera toujours de plus grande importance.<\/p>\n<p>Rapport :\u00a0Cornelia Hungerecker<\/p>\n\t\t\t\t\t\t\t\t<\/div>\n\t\t\t\t<\/div>\n\t\t\t\t\t<\/div>\n\t\t<\/div>\n\t\t\t\t\t<\/div>\n\t\t<\/section>\n\t\t\t\t<\/div>\n\t\t","protected":false},"excerpt":{"rendered":"<p>CONGR\u00c8S DE CHATS MONDIAL 2010 &#8211; MELBOURNE AUSTRALIE 30 avril &#8211; 3 mai, 2010 Cette ann\u00e9e la r\u00e9union annuelle de WCC a eu lieu \u00e0 Melbourne, Australie. L&#8217;organisateur de cette r\u00e9unionde 4 jours \u00e9tait le CCCA. Les organisations ont \u00e9t\u00e9 repr\u00e9sent\u00e9es par: ACFCCCACFAFIFeGCCFNZCFSACCTICAWCFWCC Australian Cat FederationCo-Ordinating Cat Council of AustraliaCat Fanciers\u2019 AssociationF\u00e9d\u00e9ration Internationale F\u00e9lineGoverning Council [&hellip;]<\/p>\n","protected":false},"author":1,"featured_media":0,"parent":0,"menu_order":0,"comment_status":"closed","ping_status":"closed","template":"","meta":{"_monsterinsights_skip_tracking":false,"_monsterinsights_sitenote_active":false,"_monsterinsights_sitenote_note":"","_monsterinsights_sitenote_category":0,"footnotes":""},"class_list":["post-6196","page","type-page","status-publish","hentry"],"aioseo_notices":[],"_links":{"self":[{"href":"https:\/\/wcf.de\/fr\/wp-json\/wp\/v2\/pages\/6196","targetHints":{"allow":["GET"]}}],"collection":[{"href":"https:\/\/wcf.de\/fr\/wp-json\/wp\/v2\/pages"}],"about":[{"href":"https:\/\/wcf.de\/fr\/wp-json\/wp\/v2\/types\/page"}],"author":[{"embeddable":true,"href":"https:\/\/wcf.de\/fr\/wp-json\/wp\/v2\/users\/1"}],"replies":[{"embeddable":true,"href":"https:\/\/wcf.de\/fr\/wp-json\/wp\/v2\/comments?post=6196"}],"version-history":[{"count":8,"href":"https:\/\/wcf.de\/fr\/wp-json\/wp\/v2\/pages\/6196\/revisions"}],"predecessor-version":[{"id":11049,"href":"https:\/\/wcf.de\/fr\/wp-json\/wp\/v2\/pages\/6196\/revisions\/11049"}],"wp:attachment":[{"href":"https:\/\/wcf.de\/fr\/wp-json\/wp\/v2\/media?parent=6196"}],"curies":[{"name":"wp","href":"https:\/\/api.w.org\/{rel}","templated":true}]}}