{"id":6814,"date":"2021-06-02T14:32:21","date_gmt":"2021-06-02T14:32:21","guid":{"rendered":"https:\/\/de7.wcf-test.de\/fr2\/?page_id=6814"},"modified":"2021-12-24T16:03:50","modified_gmt":"2021-12-24T16:03:50","slug":"cattery-registration-fr","status":"publish","type":"page","link":"https:\/\/wcf.de\/fr\/cattery-registration-fr\/","title":{"rendered":"cattery registration fr"},"content":{"rendered":"\t\t<div data-elementor-type=\"wp-page\" data-elementor-id=\"6814\" class=\"elementor elementor-6814\" data-elementor-post-type=\"page\">\n\t\t\t\t\t\t<section class=\"elementor-section elementor-top-section elementor-element elementor-element-63f1bf96 elementor-section-full_width elementor-section-height-default elementor-section-height-default\" data-id=\"63f1bf96\" data-element_type=\"section\" data-e-type=\"section\">\n\t\t\t\t\t\t<div class=\"elementor-container elementor-column-gap-default\">\n\t\t\t\t\t<div class=\"elementor-column elementor-col-100 elementor-top-column elementor-element elementor-element-4c361a2d\" data-id=\"4c361a2d\" data-element_type=\"column\" data-e-type=\"column\">\n\t\t\t<div class=\"elementor-widget-wrap elementor-element-populated\">\n\t\t\t\t\t\t<div class=\"elementor-element elementor-element-6fd4b9bd elementor-widget elementor-widget-heading\" data-id=\"6fd4b9bd\" data-element_type=\"widget\" data-e-type=\"widget\" data-widget_type=\"heading.default\">\n\t\t\t\t<div class=\"elementor-widget-container\">\n\t\t\t\t\t<h5 class=\"elementor-heading-title elementor-size-large\">ENREGISTREMENT DU NOM D'AFFIXE<br><br>\n<\/h5>\t\t\t\t<\/div>\n\t\t\t\t<\/div>\n\t\t\t\t\t<\/div>\n\t\t<\/div>\n\t\t\t\t\t<\/div>\n\t\t<\/section>\n\t\t\t\t<section class=\"elementor-section elementor-top-section elementor-element elementor-element-23db1b10 elementor-section-full_width elementor-section-height-default elementor-section-height-default\" data-id=\"23db1b10\" data-element_type=\"section\" data-e-type=\"section\">\n\t\t\t\t\t\t<div class=\"elementor-container elementor-column-gap-default\">\n\t\t\t\t\t<div class=\"elementor-column elementor-col-100 elementor-top-column elementor-element elementor-element-17f0f527\" data-id=\"17f0f527\" data-element_type=\"column\" data-e-type=\"column\">\n\t\t\t<div class=\"elementor-widget-wrap elementor-element-populated\">\n\t\t\t\t\t\t<div class=\"elementor-element elementor-element-5b5384ec elementor-widget elementor-widget-text-editor\" data-id=\"5b5384ec\" data-element_type=\"widget\" data-e-type=\"widget\" data-widget_type=\"text-editor.default\">\n\t\t\t\t<div class=\"elementor-widget-container\">\n\t\t\t\t\t\t\t\t\t<p><strong>1. \u00c9leveur<\/strong><br \/>Un \u00e9leveur est une personne qui demande des pedigrees dans son club pour les chatons n\u00e9s dans sa maison (dans une communaut\u00e9 d&#8217;\u00e9leveurs).<\/p><p><strong>2. Chatons &#8211; Port\u00e9e<br \/><\/strong>Chaque chaton n\u00e9 dans la maison (dans une communaut\u00e9 d&#8217;\u00e9leveurs) doit avoir un nom d\u2019affixe et un pedigree autoris\u00e9 par son club.<\/p><p><strong>3. Nom d\u2019affixe<br \/><\/strong>Un nom d\u2019affixe est un nom artificiel, qui est appliqu\u00e9 et enregistr\u00e9 par la WCF et qui est prot\u00e9g\u00e9 par cons\u00e9quent. Chaque nom d\u2019affixe doit \u00eatre demand\u00e9\u00a0au bureau \u00e0 Essen. 3 noms d\u2019affixe propos\u00e9s (dans l&#8217;ordre de leur priorit\u00e9) doivent \u00eatre demand\u00e9s par le club (principal) de l&#8217;\u00e9leveur.<\/p><p>\u00c9leveurs qui sont propri\u00e9taires d\u2019un affixe \u00e9tabli dans un autre organisation qui d\u00e9sirent adh\u00e9rer \u00e0 la WCF devraient \u00eatre autoris\u00e9s \u00e0 conserver leurs affixes, en ajoutant le code du pays derri\u00e8re le nom si l\u2019affixe est d\u00e9j\u00e0 utilis\u00e9 de quelqu\u2019un d\u2019autre dans la WCF.<\/p><p>Le nom complet (\u00e9crit et non raccourci), l&#8217;adresse compl\u00e8te, au moins un num\u00e9ro de t\u00e9l\u00e9phone, l&#8217;adresse de courrier \u00e9lectronique (quand disponible) de l&#8217;\u00e9leveur doivent \u00eatre fournis.<\/p><p>Les noms d\u2019affixe propos\u00e9s seront v\u00e9rifi\u00e9s, si les noms d\u2019affixe semblables sont d\u00e9j\u00e0 enregistr\u00e9s. Il n&#8217;est pas permis \u00e0 proposer n&#8217;importe quels noms de personnes (\u00e0 cause de la loi des droits de noms) \u2013 sauf le propre nom, aucun nom de bureaux publics, aucun nom de documents prot\u00e9g\u00e9s par le copyright (des romans, des travail de litt\u00e9rature, etc.) et d&#8217;aucun nom de races.<\/p><p>Eleveurs qui poss\u00e8dent d\u00e9j\u00e0 un affixe enregistr\u00e9 preuve dans une autre organisation, qui souhaitent rejoindre le WCF, peuvent garder son affixe.<\/p><p>Si le nom de chatterie est d\u00e9j\u00e0 donn\u00e9 ailleurs, le code du pays sera ajout\u00e9s apr\u00e8s le nom.<\/p><p>Le bureau v\u00e9rifie l&#8217;unicit\u00e9 de l&#8217;affixe que dans le WCF. Tous les noms de chatterie de la WCF \u00e0 partir de 2001 sont publi\u00e9s sur le site<\/p><p>De ce point les noms in\u00e9dits sont automatiquement disponibles pour des \u00e9leveurs de WCF.<\/p><p>Le bureau r\u00e9pondra \u00e0 toutes les demandes entrantes dans les 10 jours et confirme l&#8217;enregistrement du nom de chatterie.<\/p><p><strong>4. Protection du nom d\u2019affixe<br \/><\/strong><\/p><p>Un nom d\u2019affixe enregistr\u00e9 est prot\u00e9g\u00e9 pendant 20 ans et ne peut pas \u00eatre r\u00e9affect\u00e9 encore une fois pendant cette p\u00e9riode.<br \/>La protection du nom d&#8217;affixe peut \u00eatre \u00e9tendue moyennant des frais.<\/p><p><strong>5. Transfert d&#8217;un nom d\u2019affixe<br \/><\/strong>Un nom d\u2019affixe peut \u00eatre transf\u00e9r\u00e9 par un \u00e9leveur \u00e0 un autre \u00e9leveur selon un contrat \u00e9crit sign\u00e9 par les deux \u00e9leveurs, <br \/>qui doivent \u00eatre envoy\u00e9s au bureau.<br \/>Quand un \u00e9leveur meurt, l&#8217;h\u00e9ritier doit attester certifi\u00e9 qu&#8217;il est l&#8217;h\u00e9ritier juridique pour prendre ou transf\u00e9rer le nom d\u2019affixe.<\/p><p><strong>6. Communaut\u00e9 d&#8217;\u00e9leveurs<br \/><\/strong>Un nom d\u2019affixe peut aussi \u00eatre demand\u00e9 par 2 ou plus d\u2019\u00e9leveurs ensembles, si ces \u00e9leveurs forment une communaut\u00e9.<br \/>Quand m\u00eame il doit y avoir un \u00e9leveur principal qui recevra le nom d\u2019affixe, quand la communaut\u00e9 est dissoute. <br \/>Les \u00e9leveurs, qui ont quitt\u00e9 la communaut\u00e9, doivent demander un nouveau nom d\u2019affixe.<\/p><p><strong>7. Nom du chat<br \/><\/strong>En g\u00e9n\u00e9ral le nom du chat se compose du pr\u00e9nom et du nom d\u2019affixe.<br \/>Le nom entier du chat \u2013 le pr\u00e9nom et le nom d\u2019affixe \u2013 peut ne pas \u00eatre plus long que 25 caract\u00e8res.<\/p><p><strong>8. Position du nom d\u2019affixe<br \/><\/strong>Le nom de cattery peut \u00eatre d&#8217;avant ou apr\u00e8s le pr\u00e9nom du chat. Vous devez fournir la position, quand vous demandez un nom d\u2019affixe.<\/p><p><strong>Exemples:<br \/><\/strong>Maccurl\u2019s Mimi \u2013 nom d\u2019affixe d\u2019avant le pr\u00e9nom du chat<br \/>Mimi Maccurl \u2013 nom d\u2019affixe apr\u00e8s le pr\u00e9nom du chat<br \/>Mimi of Maccurl \u2013 nom d\u2019affixe apr\u00e8s le pr\u00e9nom du chat<\/p><p>Notez s&#8217;il vous pla\u00eet que vous devez fournir le pr\u00e9fixe et le suffixe du nom d\u2019affixe et n&#8217;utilisent pas d&#8217;abr\u00e8gements.<br \/>Aussi non: v. Maccurl \u2013 correctement von Maccurl<br \/>Non: v.d. Waldh\u00f6he \u2013 correctement von der Waldh\u00f6he<\/p><p>Le pr\u00e9fixe et le suffixe comptent pour la longueur du nom entier du chat.<\/p>\t\t\t\t\t\t\t\t<\/div>\n\t\t\t\t<\/div>\n\t\t\t\t\t<\/div>\n\t\t<\/div>\n\t\t\t\t\t<\/div>\n\t\t<\/section>\n\t\t\t\t<\/div>\n\t\t","protected":false},"excerpt":{"rendered":"<p>ENREGISTREMENT DU NOM D&#8217;AFFIXE 1. \u00c9leveur Un \u00e9leveur est une personne qui demande des pedigrees dans son club pour les chatons n\u00e9s dans sa maison (dans une communaut\u00e9 d&#8217;\u00e9leveurs). 2. Chatons &#8211; Port\u00e9e Chaque chaton n\u00e9 dans la maison (dans une communaut\u00e9 d&#8217;\u00e9leveurs) doit avoir un nom d\u2019affixe et un pedigree autoris\u00e9 par son club. [&hellip;]<\/p>\n","protected":false},"author":1,"featured_media":0,"parent":0,"menu_order":0,"comment_status":"closed","ping_status":"closed","template":"","meta":{"_monsterinsights_skip_tracking":false,"_monsterinsights_sitenote_active":false,"_monsterinsights_sitenote_note":"","_monsterinsights_sitenote_category":0,"footnotes":""},"class_list":["post-6814","page","type-page","status-publish","hentry"],"aioseo_notices":[],"_links":{"self":[{"href":"https:\/\/wcf.de\/fr\/wp-json\/wp\/v2\/pages\/6814","targetHints":{"allow":["GET"]}}],"collection":[{"href":"https:\/\/wcf.de\/fr\/wp-json\/wp\/v2\/pages"}],"about":[{"href":"https:\/\/wcf.de\/fr\/wp-json\/wp\/v2\/types\/page"}],"author":[{"embeddable":true,"href":"https:\/\/wcf.de\/fr\/wp-json\/wp\/v2\/users\/1"}],"replies":[{"embeddable":true,"href":"https:\/\/wcf.de\/fr\/wp-json\/wp\/v2\/comments?post=6814"}],"version-history":[{"count":17,"href":"https:\/\/wcf.de\/fr\/wp-json\/wp\/v2\/pages\/6814\/revisions"}],"predecessor-version":[{"id":10961,"href":"https:\/\/wcf.de\/fr\/wp-json\/wp\/v2\/pages\/6814\/revisions\/10961"}],"wp:attachment":[{"href":"https:\/\/wcf.de\/fr\/wp-json\/wp\/v2\/media?parent=6814"}],"curies":[{"name":"wp","href":"https:\/\/api.w.org\/{rel}","templated":true}]}}