{"id":6838,"date":"2021-06-03T09:36:02","date_gmt":"2021-06-03T09:36:02","guid":{"rendered":"https:\/\/de7.wcf-test.de\/fr2\/?page_id=6838"},"modified":"2021-12-24T16:07:32","modified_gmt":"2021-12-24T16:07:32","slug":"ethics-for-breeders-fr","status":"publish","type":"page","link":"https:\/\/wcf.de\/fr\/ethics-for-breeders-fr\/","title":{"rendered":"ethics for breeders fr"},"content":{"rendered":"\t\t<div data-elementor-type=\"wp-page\" data-elementor-id=\"6838\" class=\"elementor elementor-6838\" data-elementor-post-type=\"page\">\n\t\t\t\t\t\t<section class=\"elementor-section elementor-top-section elementor-element elementor-element-517487f4 elementor-section-full_width elementor-section-height-default elementor-section-height-default\" data-id=\"517487f4\" data-element_type=\"section\" data-e-type=\"section\">\n\t\t\t\t\t\t<div class=\"elementor-container elementor-column-gap-default\">\n\t\t\t\t\t<div class=\"elementor-column elementor-col-100 elementor-top-column elementor-element elementor-element-6a4a5061\" data-id=\"6a4a5061\" data-element_type=\"column\" data-e-type=\"column\">\n\t\t\t<div class=\"elementor-widget-wrap elementor-element-populated\">\n\t\t\t\t\t\t<div class=\"elementor-element elementor-element-4a7f1eb5 elementor-widget elementor-widget-heading\" data-id=\"4a7f1eb5\" data-element_type=\"widget\" data-e-type=\"widget\" data-widget_type=\"heading.default\">\n\t\t\t\t<div class=\"elementor-widget-container\">\n\t\t\t\t\t<h5 class=\"elementor-heading-title elementor-size-large\">CODE D'\u00c9THIQUE POUR LES \u00c9LEVEURS<br>\nLes conditions g\u00e9n\u00e9rales pour l'entretien et l'\u00e9levage de chats<br><br>\n\n<\/h5>\t\t\t\t<\/div>\n\t\t\t\t<\/div>\n\t\t\t\t\t<\/div>\n\t\t<\/div>\n\t\t\t\t\t<\/div>\n\t\t<\/section>\n\t\t\t\t<section class=\"elementor-section elementor-top-section elementor-element elementor-element-17bc9252 elementor-section-full_width elementor-section-height-default elementor-section-height-default\" data-id=\"17bc9252\" data-element_type=\"section\" data-e-type=\"section\">\n\t\t\t\t\t\t<div class=\"elementor-container elementor-column-gap-default\">\n\t\t\t\t\t<div class=\"elementor-column elementor-col-100 elementor-top-column elementor-element elementor-element-36e3a479\" data-id=\"36e3a479\" data-element_type=\"column\" data-e-type=\"column\">\n\t\t\t<div class=\"elementor-widget-wrap elementor-element-populated\">\n\t\t\t\t\t\t<div class=\"elementor-element elementor-element-32267b02 elementor-widget elementor-widget-text-editor\" data-id=\"32267b02\" data-element_type=\"widget\" data-e-type=\"widget\" data-widget_type=\"text-editor.default\">\n\t\t\t\t<div class=\"elementor-widget-container\">\n\t\t\t\t\t\t\t\t\t<p><strong>Conditions g\u00e9n\u00e9rales<br \/><\/strong>En raison de la diff\u00e9rente situation l\u00e9gislative dans les pays de membres nous pouvons seulement donner des conditions g\u00e9n\u00e9rales, <br \/>qui sont supervis\u00e9es par les organisations de membres.<\/p><p><strong>R\u00e8glements sp\u00e9cifiques du pays<\/strong><br \/>Les propri\u00e9taires de chats et les \u00e9leveurs de chats, qui sont associ\u00e9s \u00e0 la WCF via leur club de chats, doivent suivre les lois et les r\u00e8gles pour le traitement de vert\u00e9br\u00e9s, qui sont valides dans leur pays.<\/p><p><strong>L&#8217;entretien, v\u00e9t\u00e9rinaire<br \/><\/strong>Cela inclut l&#8217;alimentation ad\u00e9quate, la maintenance et les soins m\u00e9dicaux des chats. Les chats en montrant n&#8217;importe quels signes de maladie doivent \u00eatre imm\u00e9diatement pr\u00e9sent\u00e9s \u00e0 un v\u00e9t\u00e9rinaire. Cela doit \u00eatre consid\u00e9r\u00e9 comme une exigence minimale.<\/p><p><strong>R\u00e8gles pour \u00e9l\u00e8vage et entretien<br \/><\/strong>Chaque organisation de membre doit sp\u00e9cifier des r\u00e8gles expos\u00e9es en d\u00e9tail pour produire et garder des chats pour ses membres, qui sont dans la conformation avec les circonstances particuli\u00e8res du son pays.<\/p><p><strong>En g\u00e9n\u00e9ral la chose suivante doit \u00eatre d\u00e9finie dans ces r\u00e8gles :<\/strong><br \/>On permet aux chats femelles d&#8217;avoir b\u00e9b\u00e9s deux fois par an le maximum (le minimum de 3 mois entre les chatons).<br \/>Id\u00e9alement une femelle devrait donner naissance aux chatons seulement une fois par an.<\/p><p><strong>Placement de chatons<br \/><\/strong><\/p><p>On ne permet pas aux jeunes chatons d&#8217;\u00eatre s\u00e9par\u00e9 de leur m\u00e8re et des copains avant la 12\u00e8me semaine. <br \/>Quand plac\u00e9s, de jeunes chatons doivent \u00eatre sevr\u00e9s,\u00a0pas de vers et \u00e9quip\u00e9s avec les vaccinations n\u00e9cessaires. <br \/>Il est fortement recommand\u00e9 d&#8217;identifier les chatons par la microplaquette.<\/p><p><strong>Enregistrement, contrat<br \/><\/strong>Chaque chaton n\u00e9 \u00e0 un membre de la WCF doit \u00eatre enregistr\u00e9 et il n&#8217;est pas permis d&#8217;\u00eatre plac\u00e9 sans pedigree. <br \/>Le placement du chaton doit \u00eatre document\u00e9 selon le contrat. <br \/>Avec ce contrat l&#8217;\u00e9leveur doit informer le nouveau propri\u00e9taire de les besoins du chat. <br \/>L&#8217;\u00e9leveur aidera le nouveau propri\u00e9taire avec son aide.<\/p>\t\t\t\t\t\t\t\t<\/div>\n\t\t\t\t<\/div>\n\t\t\t\t\t<\/div>\n\t\t<\/div>\n\t\t\t\t\t<\/div>\n\t\t<\/section>\n\t\t\t\t<\/div>\n\t\t","protected":false},"excerpt":{"rendered":"<p>CODE D&#8217;\u00c9THIQUE POUR LES \u00c9LEVEURS Les conditions g\u00e9n\u00e9rales pour l&#8217;entretien et l&#8217;\u00e9levage de chats Conditions g\u00e9n\u00e9rales En raison de la diff\u00e9rente situation l\u00e9gislative dans les pays de membres nous pouvons seulement donner des conditions g\u00e9n\u00e9rales, qui sont supervis\u00e9es par les organisations de membres. R\u00e8glements sp\u00e9cifiques du pays Les propri\u00e9taires de chats et les \u00e9leveurs de [&hellip;]<\/p>\n","protected":false},"author":1,"featured_media":0,"parent":0,"menu_order":0,"comment_status":"closed","ping_status":"closed","template":"","meta":{"_monsterinsights_skip_tracking":false,"_monsterinsights_sitenote_active":false,"_monsterinsights_sitenote_note":"","_monsterinsights_sitenote_category":0,"footnotes":""},"class_list":["post-6838","page","type-page","status-publish","hentry"],"aioseo_notices":[],"_links":{"self":[{"href":"https:\/\/wcf.de\/fr\/wp-json\/wp\/v2\/pages\/6838","targetHints":{"allow":["GET"]}}],"collection":[{"href":"https:\/\/wcf.de\/fr\/wp-json\/wp\/v2\/pages"}],"about":[{"href":"https:\/\/wcf.de\/fr\/wp-json\/wp\/v2\/types\/page"}],"author":[{"embeddable":true,"href":"https:\/\/wcf.de\/fr\/wp-json\/wp\/v2\/users\/1"}],"replies":[{"embeddable":true,"href":"https:\/\/wcf.de\/fr\/wp-json\/wp\/v2\/comments?post=6838"}],"version-history":[{"count":23,"href":"https:\/\/wcf.de\/fr\/wp-json\/wp\/v2\/pages\/6838\/revisions"}],"predecessor-version":[{"id":10969,"href":"https:\/\/wcf.de\/fr\/wp-json\/wp\/v2\/pages\/6838\/revisions\/10969"}],"wp:attachment":[{"href":"https:\/\/wcf.de\/fr\/wp-json\/wp\/v2\/media?parent=6838"}],"curies":[{"name":"wp","href":"https:\/\/api.w.org\/{rel}","templated":true}]}}