{"id":8108,"date":"2021-04-28T15:45:28","date_gmt":"2021-04-28T13:45:28","guid":{"rendered":"https:\/\/de7.wcf-test.de\/fr\/?page_id=4565"},"modified":"2025-11-08T15:53:47","modified_gmt":"2025-11-08T15:53:47","slug":"personnes-de-contact","status":"publish","type":"page","link":"https:\/\/wcf.de\/fr\/personnes-de-contact\/","title":{"rendered":"Personnes de contact"},"content":{"rendered":"\t\t<div data-elementor-type=\"wp-page\" data-elementor-id=\"8108\" class=\"elementor elementor-8108\" data-elementor-post-type=\"page\">\n\t\t\t\t\t\t<section class=\"elementor-section elementor-top-section elementor-element elementor-element-57b35591 elementor-section-full_width elementor-section-height-default elementor-section-height-default\" data-id=\"57b35591\" data-element_type=\"section\" data-e-type=\"section\">\n\t\t\t\t\t\t<div class=\"elementor-container elementor-column-gap-default\">\n\t\t\t\t\t<div class=\"elementor-column elementor-col-100 elementor-top-column elementor-element elementor-element-1c6a8179\" data-id=\"1c6a8179\" data-element_type=\"column\" data-e-type=\"column\">\n\t\t\t<div class=\"elementor-widget-wrap elementor-element-populated\">\n\t\t\t\t\t\t<div class=\"elementor-element elementor-element-55ce4cec elementor-widget elementor-widget-heading\" data-id=\"55ce4cec\" data-element_type=\"widget\" data-e-type=\"widget\" data-widget_type=\"heading.default\">\n\t\t\t\t<div class=\"elementor-widget-container\">\n\t\t\t\t\t<h5 class=\"elementor-heading-title elementor-size-large\">PERSONNES DE CONTACT<\/h5>\t\t\t\t<\/div>\n\t\t\t\t<\/div>\n\t\t\t\t\t<\/div>\n\t\t<\/div>\n\t\t\t\t\t<\/div>\n\t\t<\/section>\n\t\t\t\t<section class=\"elementor-section elementor-top-section elementor-element elementor-element-204c1f9d elementor-section-full_width elementor-section-height-default elementor-section-height-default\" data-id=\"204c1f9d\" data-element_type=\"section\" data-e-type=\"section\">\n\t\t\t\t\t\t<div class=\"elementor-container elementor-column-gap-default\">\n\t\t\t\t\t<div class=\"elementor-column elementor-col-33 elementor-top-column elementor-element elementor-element-624aafa0\" data-id=\"624aafa0\" data-element_type=\"column\" data-e-type=\"column\">\n\t\t\t<div class=\"elementor-widget-wrap elementor-element-populated\">\n\t\t\t\t\t\t<div class=\"elementor-element elementor-element-a23d4fe elementor-position-top elementor-widget elementor-widget-image-box\" data-id=\"a23d4fe\" data-element_type=\"widget\" data-e-type=\"widget\" data-widget_type=\"image-box.default\">\n\t\t\t\t<div class=\"elementor-widget-container\">\n\t\t\t\t\t<div class=\"elementor-image-box-wrapper\"><figure class=\"elementor-image-box-img\"><img decoding=\"async\" src=\"https:\/\/wcf.de\/en\/wp-content\/uploads\/sites\/8\/2023\/04\/sulic-CR.jpg\" title=\"\" alt=\"\" loading=\"lazy\" \/><\/figure><div class=\"elementor-image-box-content\"><h4 class=\"elementor-image-box-title\">Agent de protection des donn\u00e9es<br><br><\/h4><p class=\"elementor-image-box-description\">\t\n\nTrpimir-Frane Sulic<br><br>\n<br>\nEmail: <a href=\"mailto:wcfev@aol.com\">wcfev@aol.com<\/a><br><br><br><\/p><\/div><\/div>\t\t\t\t<\/div>\n\t\t\t\t<\/div>\n\t\t\t\t\t<\/div>\n\t\t<\/div>\n\t\t\t\t<div class=\"elementor-column elementor-col-33 elementor-top-column elementor-element elementor-element-26745c2d\" data-id=\"26745c2d\" data-element_type=\"column\" data-e-type=\"column\">\n\t\t\t<div class=\"elementor-widget-wrap\">\n\t\t\t\t\t\t\t<\/div>\n\t\t<\/div>\n\t\t\t\t<div class=\"elementor-column elementor-col-33 elementor-top-column elementor-element elementor-element-24269dcd\" data-id=\"24269dcd\" data-element_type=\"column\" data-e-type=\"column\">\n\t\t\t<div class=\"elementor-widget-wrap\">\n\t\t\t\t\t\t\t<\/div>\n\t\t<\/div>\n\t\t\t\t\t<\/div>\n\t\t<\/section>\n\t\t\t\t<section class=\"elementor-section elementor-top-section elementor-element elementor-element-5e66b9a0 elementor-section-full_width elementor-section-height-default elementor-section-height-default\" data-id=\"5e66b9a0\" data-element_type=\"section\" data-e-type=\"section\">\n\t\t\t\t\t\t<div class=\"elementor-container elementor-column-gap-default\">\n\t\t\t\t\t<div class=\"elementor-column elementor-col-100 elementor-top-column elementor-element elementor-element-46f97598\" data-id=\"46f97598\" data-element_type=\"column\" data-e-type=\"column\">\n\t\t\t<div class=\"elementor-widget-wrap elementor-element-populated\">\n\t\t\t\t\t\t<div class=\"elementor-element elementor-element-36a65745 elementor-widget-divider--view-line elementor-widget elementor-widget-divider\" data-id=\"36a65745\" data-element_type=\"widget\" data-e-type=\"widget\" data-widget_type=\"divider.default\">\n\t\t\t\t<div class=\"elementor-widget-container\">\n\t\t\t\t\t\t\t<div class=\"elementor-divider\">\n\t\t\t<span class=\"elementor-divider-separator\">\n\t\t\t\t\t\t<\/span>\n\t\t<\/div>\n\t\t\t\t\t\t<\/div>\n\t\t\t\t<\/div>\n\t\t\t\t\t<\/div>\n\t\t<\/div>\n\t\t\t\t\t<\/div>\n\t\t<\/section>\n\t\t\t\t<section class=\"elementor-section elementor-top-section elementor-element elementor-element-2683e2a7 elementor-section-full_width elementor-section-height-default elementor-section-height-default\" data-id=\"2683e2a7\" data-element_type=\"section\" data-e-type=\"section\">\n\t\t\t\t\t\t<div class=\"elementor-container elementor-column-gap-default\">\n\t\t\t\t\t<div class=\"elementor-column elementor-col-100 elementor-top-column elementor-element elementor-element-68d68bd3\" data-id=\"68d68bd3\" data-element_type=\"column\" data-e-type=\"column\">\n\t\t\t<div class=\"elementor-widget-wrap elementor-element-populated\">\n\t\t\t\t\t\t<div class=\"elementor-element elementor-element-52431ae elementor-widget elementor-widget-heading\" data-id=\"52431ae\" data-element_type=\"widget\" data-e-type=\"widget\" data-widget_type=\"heading.default\">\n\t\t\t\t<div class=\"elementor-widget-container\">\n\t\t\t\t\t<h2 class=\"elementor-heading-title elementor-size-medium\">Licences pour les expositions<\/h2>\t\t\t\t<\/div>\n\t\t\t\t<\/div>\n\t\t\t\t\t<\/div>\n\t\t<\/div>\n\t\t\t\t\t<\/div>\n\t\t<\/section>\n\t\t\t\t<section class=\"elementor-section elementor-top-section elementor-element elementor-element-7ab2e10a elementor-section-full_width elementor-section-height-default elementor-section-height-default\" data-id=\"7ab2e10a\" data-element_type=\"section\" data-e-type=\"section\">\n\t\t\t\t\t\t<div class=\"elementor-container elementor-column-gap-default\">\n\t\t\t\t\t<div class=\"elementor-column elementor-col-50 elementor-top-column elementor-element elementor-element-7895ed2b\" data-id=\"7895ed2b\" data-element_type=\"column\" data-e-type=\"column\">\n\t\t\t<div class=\"elementor-widget-wrap elementor-element-populated\">\n\t\t\t\t\t\t<div class=\"elementor-element elementor-element-107c6185 elementor-position-top elementor-widget elementor-widget-image-box\" data-id=\"107c6185\" data-element_type=\"widget\" data-e-type=\"widget\" data-widget_type=\"image-box.default\">\n\t\t\t\t<div class=\"elementor-widget-container\">\n\t\t\t\t\t<div class=\"elementor-image-box-wrapper\"><figure class=\"elementor-image-box-img\"><img decoding=\"async\" width=\"100\" height=\"135\" src=\"https:\/\/wcf.de\/fr\/wp-content\/uploads\/sites\/7\/2021\/04\/marina.png\" class=\"attachment-full size-full wp-image-5419\" alt=\"\" \/><\/figure><div class=\"elementor-image-box-content\"><h4 class=\"elementor-image-box-title\">pour la Russie - partie europ\u00e9enne et la Bi\u00e9lorussie<\/h4><p class=\"elementor-image-box-description\">\t\n\nMarina Khodusova<br><br>\nRussie<br>\nMobile: +7-913-767 26 65<br>\nEmail: <a href=\"mailto:show.requests2@wcf.de\">show.requests2@wcf.de<\/a><br><br><br><\/p><\/div><\/div>\t\t\t\t<\/div>\n\t\t\t\t<\/div>\n\t\t\t\t\t<\/div>\n\t\t<\/div>\n\t\t\t\t<div class=\"elementor-column elementor-col-50 elementor-top-column elementor-element elementor-element-5210edad\" data-id=\"5210edad\" data-element_type=\"column\" data-e-type=\"column\">\n\t\t\t<div class=\"elementor-widget-wrap elementor-element-populated\">\n\t\t\t\t\t\t<div class=\"elementor-element elementor-element-1d79f471 elementor-position-top elementor-widget elementor-widget-image-box\" data-id=\"1d79f471\" data-element_type=\"widget\" data-e-type=\"widget\" data-widget_type=\"image-box.default\">\n\t\t\t\t<div class=\"elementor-widget-container\">\n\t\t\t\t\t<div class=\"elementor-image-box-wrapper\"><figure class=\"elementor-image-box-img\"><img decoding=\"async\" width=\"100\" height=\"135\" src=\"https:\/\/wcf.de\/fr\/wp-content\/uploads\/sites\/7\/2021\/10\/Danisch.png\" class=\"attachment-full size-full wp-image-10078\" alt=\"\" \/><\/figure><div class=\"elementor-image-box-content\"><h4 class=\"elementor-image-box-title\">pour tous les autres pays<br><\/h4><p class=\"elementor-image-box-description\">\t\n\nGisela Danisch<br><br>\nAllemagne<br>\nEmail: <a href=\"mailto:show.requests1@wcf.de\">show.requests1@wcf.de<\/a><br><br><br><\/p><\/div><\/div>\t\t\t\t<\/div>\n\t\t\t\t<\/div>\n\t\t\t\t\t<\/div>\n\t\t<\/div>\n\t\t\t\t\t<\/div>\n\t\t<\/section>\n\t\t\t\t<section class=\"elementor-section elementor-top-section elementor-element elementor-element-31a5581c elementor-section-full_width elementor-section-height-default elementor-section-height-default\" data-id=\"31a5581c\" data-element_type=\"section\" data-e-type=\"section\">\n\t\t\t\t\t\t<div class=\"elementor-container elementor-column-gap-default\">\n\t\t\t\t\t<div class=\"elementor-column elementor-col-50 elementor-top-column elementor-element elementor-element-1a3a4065\" data-id=\"1a3a4065\" data-element_type=\"column\" data-e-type=\"column\">\n\t\t\t<div class=\"elementor-widget-wrap elementor-element-populated\">\n\t\t\t\t\t\t<div class=\"elementor-element elementor-element-52a40dac elementor-position-top elementor-widget elementor-widget-image-box\" data-id=\"52a40dac\" data-element_type=\"widget\" data-e-type=\"widget\" data-widget_type=\"image-box.default\">\n\t\t\t\t<div class=\"elementor-widget-container\">\n\t\t\t\t\t<div class=\"elementor-image-box-wrapper\"><figure class=\"elementor-image-box-img\"><img decoding=\"async\" width=\"100\" height=\"135\" src=\"https:\/\/wcf.de\/fr\/wp-content\/uploads\/sites\/7\/2021\/04\/karikh.png\" class=\"attachment-full size-full wp-image-5421\" alt=\"\" \/><\/figure><div class=\"elementor-image-box-content\"><h4 class=\"elementor-image-box-title\">pour la Russie - partie asiatique, le Kazakhstan, le Kirghizistan, la Mongolie<\/h4><p class=\"elementor-image-box-description\">\t\n\nTatiana Karikh<br><br>\nRussie<br>\n<br>\nEmail: <a href=\"mailto:show.requests4@wcf.de\">show.requests4@wcf.de<\/a><br><br><br><\/p><\/div><\/div>\t\t\t\t<\/div>\n\t\t\t\t<\/div>\n\t\t\t\t\t<\/div>\n\t\t<\/div>\n\t\t\t\t<div class=\"elementor-column elementor-col-50 elementor-top-column elementor-element elementor-element-4a81604e\" data-id=\"4a81604e\" data-element_type=\"column\" data-e-type=\"column\">\n\t\t\t<div class=\"elementor-widget-wrap elementor-element-populated\">\n\t\t\t\t\t\t<div class=\"elementor-element elementor-element-5ffbe130 elementor-position-top elementor-widget elementor-widget-image-box\" data-id=\"5ffbe130\" data-element_type=\"widget\" data-e-type=\"widget\" data-widget_type=\"image-box.default\">\n\t\t\t\t<div class=\"elementor-widget-container\">\n\t\t\t\t\t<div class=\"elementor-image-box-wrapper\"><figure class=\"elementor-image-box-img\"><img loading=\"lazy\" decoding=\"async\" width=\"100\" height=\"135\" src=\"https:\/\/wcf.de\/fr\/wp-content\/uploads\/sites\/7\/2021\/04\/lalovic.png\" class=\"attachment-full size-full wp-image-5416\" alt=\"\" \/><\/figure><div class=\"elementor-image-box-content\"><h4 class=\"elementor-image-box-title\">Sessions en ligne<br><\/h4><p class=\"elementor-image-box-description\">\t\n\nSvetlana Lalovic<br><br>\n<br><br>\nEmail: <a href=\"mailto:cyber@wcf.de\">cyber@wcf.de<\/a><br><br><br><\/p><\/div><\/div>\t\t\t\t<\/div>\n\t\t\t\t<\/div>\n\t\t\t\t\t<\/div>\n\t\t<\/div>\n\t\t\t\t\t<\/div>\n\t\t<\/section>\n\t\t\t\t<section class=\"elementor-section elementor-top-section elementor-element elementor-element-f0053e2 elementor-section-full_width elementor-section-height-default elementor-section-height-default\" data-id=\"f0053e2\" data-element_type=\"section\" data-e-type=\"section\">\n\t\t\t\t\t\t<div class=\"elementor-container elementor-column-gap-default\">\n\t\t\t\t\t<div class=\"elementor-column elementor-col-100 elementor-top-column elementor-element elementor-element-b1958e1\" data-id=\"b1958e1\" data-element_type=\"column\" data-e-type=\"column\">\n\t\t\t<div class=\"elementor-widget-wrap elementor-element-populated\">\n\t\t\t\t\t\t<div class=\"elementor-element elementor-element-1de0ad5c elementor-widget-divider--view-line elementor-widget elementor-widget-divider\" data-id=\"1de0ad5c\" data-element_type=\"widget\" data-e-type=\"widget\" data-widget_type=\"divider.default\">\n\t\t\t\t<div class=\"elementor-widget-container\">\n\t\t\t\t\t\t\t<div class=\"elementor-divider\">\n\t\t\t<span class=\"elementor-divider-separator\">\n\t\t\t\t\t\t<\/span>\n\t\t<\/div>\n\t\t\t\t\t\t<\/div>\n\t\t\t\t<\/div>\n\t\t\t\t\t<\/div>\n\t\t<\/div>\n\t\t\t\t\t<\/div>\n\t\t<\/section>\n\t\t\t\t<section class=\"elementor-section elementor-top-section elementor-element elementor-element-7a9d88a4 elementor-section-full_width elementor-section-height-default elementor-section-height-default\" data-id=\"7a9d88a4\" data-element_type=\"section\" data-e-type=\"section\">\n\t\t\t\t\t\t<div class=\"elementor-container elementor-column-gap-default\">\n\t\t\t\t\t<div class=\"elementor-column elementor-col-100 elementor-top-column elementor-element elementor-element-3637322c\" data-id=\"3637322c\" data-element_type=\"column\" data-e-type=\"column\">\n\t\t\t<div class=\"elementor-widget-wrap elementor-element-populated\">\n\t\t\t\t\t\t<div class=\"elementor-element elementor-element-729cc39b elementor-widget elementor-widget-text-editor\" data-id=\"729cc39b\" data-element_type=\"widget\" data-e-type=\"widget\" data-widget_type=\"text-editor.default\">\n\t\t\t\t<div class=\"elementor-widget-container\">\n\t\t\t\t\t\t\t\t\t<p><strong><span style=\"color: #095203;\">Autorisation \/ prolongation du juge<\/span><br \/><\/strong><span style=\"font-family: roboto; font-size: 14px;\">Cornelia Hungerecker<br \/>Email:\u00a0 <a href=\"mailto:cornelia.hungerecker@wcf.de\">cornelia.hungerecker@wcf.de<\/a><\/span><\/p><p><strong><span style=\"color: #095203;\">Questions relatives au conseil, autorisations, informations g\u00e9n\u00e9rales<\/span><br \/><\/strong><span style=\"font-family: roboto; font-size: 14px;\">Bureau WCF Essen\/Allemagne<br \/>Email:\u00a0 <a href=\"mailto:office@wcf.de\">office@wcf.de<\/a><\/span><\/p><p><strong><span style=\"color: #095203;\">Comptes du club, op\u00e9rations de paiement, factures<\/span><br \/><\/strong><span style=\"font-family: roboto; font-size: 14px;\">Cornelia Hungerecker<br \/>Email:\u00a0 <a title=\"treasurer@wcf.de\" href=\"mailto:treasurer@wcf.de\">treasurer@wcf.de<\/a><\/span><\/p><p><span style=\"color: #095203;\"><strong>Enregistrement de chatteries<\/strong><\/span><br \/><span style=\"font-family: roboto; font-size: 14px;\">Doris Reiter<br \/>Bureau WCF Essen\/Allemagne<br \/>Email: \u00a0\u00a0<a href=\"mailto:cattery@wcf.de\">cattery@wcf.de<\/a><\/span><\/p><p><span style=\"color: #095203;\"><strong>Expositions mondiales<\/strong><\/span><span style=\"font-family: roboto; font-size: 14px;\"><br \/>Trpimir-Frane Suli\u0107<br \/>Email: \u00a0\u00a0<a href=\"mailto:worldshow@wcf.de\">worldshow@wcf.de<\/a><\/span><\/p><p><span style=\"color: #095203;\"><strong>Jointshows avec des organisations Non-WCC<\/strong><\/span><span style=\"font-family: roboto; font-size: 14px;\"><br \/>Tatjana Cernova<br \/>Email: \u00a0\u00a0<a href=\"mailto:cernova.secretary@wcf.de\">cernova.secretary@wcf.de<\/a><\/span><\/p><p><span style=\"color: #095203;\"><strong>Pedigrees certifi\u00e9<\/strong><\/span><span style=\"font-family: roboto; font-size: 14px;\"><br \/><span class=\"VIiyi\" lang=\"en\"><span class=\"JLqJ4b\"><span class=\"Q4iAWc\">Stefanie Borowski<br \/>Email: \u00a0\u00a0<a href=\"mailto:pedigrees@wcf.de\">pedigrees@wcf.de<\/a><br \/><\/span><\/span><\/span><\/span><\/p><p><span style=\"color: #095203;\"><strong>R\u00e9sultats\u00a0d&#8217;exposition<\/strong><\/span><span style=\"font-family: roboto; font-size: 14px;\"><br \/>Email:\u00a0 <a href=\"mailto:show.results@wcf.de\">show.results@wcf.de<\/a><\/span><\/p><p><strong><span style=\"color: #095203;\">S\u00e9minaires<\/span><br \/><\/strong><span style=\"font-family: roboto; font-size: 14px;\">Cornelia Hungerecker<br \/>Email: \u00a0\u00a0<a href=\"mailto:seminar@wcf.de\">seminar@wcf.de<\/a><\/span><\/p><p><strong><span style=\"color: #095203;\">Trainee clubs, autocollants hologrammes:<\/span><br \/><\/strong><span style=\"font-family: roboto; font-size: 14px;\">Melanie Querfurth<br \/>Bureau WCF Essen\/Allemagne<br \/>Email: \u00a0\u00a0<a href=\"mailto:office@wcf.de\">office@wcf.de<\/a><\/span><\/p><p><span style=\"color: #095203;\"><strong>WCF Best Cat<\/strong><\/span><span style=\"font-family: roboto; font-size: 14px;\"><br \/>Email Support-Team: <a href=\"mailto:bestcat@wcf.de\">bestcat@wcf.de<\/a><\/span><\/p><p><span style=\"color: #095203;\"><strong>Questions g\u00e9n\u00e9rales sur:<\/strong><\/span><span style=\"font-family: roboto; font-size: 14px;\"><br \/>Licences d&#8217;exposition, num\u00e9ros de licence, contenu du site Web publi\u00e9, certificats WCH<\/span><span style=\"font-family: roboto; font-size: 14px;\"><br \/>Gisela Danisch<br \/>Email: \u00a0\u00a0<a href=\"mailto:gisela.danisch@wcf.de\">gisela.danisch@wcf.de<\/a><\/span><\/p>\t\t\t\t\t\t\t\t<\/div>\n\t\t\t\t<\/div>\n\t\t\t\t\t<\/div>\n\t\t<\/div>\n\t\t\t\t\t<\/div>\n\t\t<\/section>\n\t\t\t\t<\/div>\n\t\t","protected":false},"excerpt":{"rendered":"<p>PERSONNES DE CONTACT Agent de protection des donn\u00e9es Trpimir-Frane Sulic Email: wcfev@aol.com Licences pour les expositions pour la Russie &#8211; partie europ\u00e9enne et la Bi\u00e9lorussie Marina Khodusova Russie Mobile: +7-913-767 26 65 Email: show.requests2@wcf.de pour tous les autres pays Gisela Danisch Allemagne Email: show.requests1@wcf.de pour la Russie &#8211; partie asiatique, le Kazakhstan, le Kirghizistan, la [&hellip;]<\/p>\n","protected":false},"author":1,"featured_media":0,"parent":0,"menu_order":0,"comment_status":"closed","ping_status":"closed","template":"","meta":{"_monsterinsights_skip_tracking":false,"_monsterinsights_sitenote_active":false,"_monsterinsights_sitenote_note":"","_monsterinsights_sitenote_category":0,"footnotes":""},"class_list":["post-8108","page","type-page","status-publish","hentry"],"aioseo_notices":[],"_links":{"self":[{"href":"https:\/\/wcf.de\/fr\/wp-json\/wp\/v2\/pages\/8108","targetHints":{"allow":["GET"]}}],"collection":[{"href":"https:\/\/wcf.de\/fr\/wp-json\/wp\/v2\/pages"}],"about":[{"href":"https:\/\/wcf.de\/fr\/wp-json\/wp\/v2\/types\/page"}],"author":[{"embeddable":true,"href":"https:\/\/wcf.de\/fr\/wp-json\/wp\/v2\/users\/1"}],"replies":[{"embeddable":true,"href":"https:\/\/wcf.de\/fr\/wp-json\/wp\/v2\/comments?post=8108"}],"version-history":[{"count":106,"href":"https:\/\/wcf.de\/fr\/wp-json\/wp\/v2\/pages\/8108\/revisions"}],"predecessor-version":[{"id":12958,"href":"https:\/\/wcf.de\/fr\/wp-json\/wp\/v2\/pages\/8108\/revisions\/12958"}],"wp:attachment":[{"href":"https:\/\/wcf.de\/fr\/wp-json\/wp\/v2\/media?parent=8108"}],"curies":[{"name":"wp","href":"https:\/\/api.w.org\/{rel}","templated":true}]}}