{"id":8562,"date":"2021-08-16T13:03:02","date_gmt":"2021-08-16T13:03:02","guid":{"rendered":"https:\/\/de7.wcf-test.de\/fr2\/?page_id=8562"},"modified":"2024-12-31T13:07:32","modified_gmt":"2024-12-31T13:07:32","slug":"charges-fr","status":"publish","type":"page","link":"https:\/\/wcf.de\/fr\/charges-fr\/","title":{"rendered":"charges fr"},"content":{"rendered":"\t\t<div data-elementor-type=\"wp-page\" data-elementor-id=\"8562\" class=\"elementor elementor-8562\" data-elementor-post-type=\"page\">\n\t\t\t\t\t\t<section class=\"elementor-section elementor-top-section elementor-element elementor-element-32c490f5 elementor-section-full_width elementor-section-height-default elementor-section-height-default\" data-id=\"32c490f5\" data-element_type=\"section\" data-e-type=\"section\">\n\t\t\t\t\t\t<div class=\"elementor-container elementor-column-gap-default\">\n\t\t\t\t\t<div class=\"elementor-column elementor-col-100 elementor-top-column elementor-element elementor-element-4dea655d\" data-id=\"4dea655d\" data-element_type=\"column\" data-e-type=\"column\">\n\t\t\t<div class=\"elementor-widget-wrap elementor-element-populated\">\n\t\t\t\t\t\t<div class=\"elementor-element elementor-element-29fbe024 elementor-widget elementor-widget-heading\" data-id=\"29fbe024\" data-element_type=\"widget\" data-e-type=\"widget\" data-widget_type=\"heading.default\">\n\t\t\t\t<div class=\"elementor-widget-container\">\n\t\t\t\t\t<h5 class=\"elementor-heading-title elementor-size-large\">CHARGES<\/h5>\t\t\t\t<\/div>\n\t\t\t\t<\/div>\n\t\t\t\t\t<\/div>\n\t\t<\/div>\n\t\t\t\t\t<\/div>\n\t\t<\/section>\n\t\t\t\t<section class=\"elementor-section elementor-top-section elementor-element elementor-element-7ea7bdab elementor-section-full_width elementor-section-height-default elementor-section-height-default\" data-id=\"7ea7bdab\" data-element_type=\"section\" data-e-type=\"section\">\n\t\t\t\t\t\t<div class=\"elementor-container elementor-column-gap-default\">\n\t\t\t\t\t<div class=\"elementor-column elementor-col-100 elementor-top-column elementor-element elementor-element-2a686589\" data-id=\"2a686589\" data-element_type=\"column\" data-e-type=\"column\">\n\t\t\t<div class=\"elementor-widget-wrap elementor-element-populated\">\n\t\t\t\t\t\t<div class=\"elementor-element elementor-element-1109a750 elementor-widget elementor-widget-text-editor\" data-id=\"1109a750\" data-element_type=\"widget\" data-e-type=\"widget\" data-widget_type=\"text-editor.default\">\n\t\t\t\t<div class=\"elementor-widget-container\">\n\t\t\t\t\t\t\t\t\t<p><\/p><p><span style=\"color: #000000;\"><strong>Indication de but voulu<\/strong><\/span><\/p><p>Indiquez le but voulu et votre nombre d&#8217;adh\u00e9sion pour tous les paiements. <br \/>Cela fait une demande avec les paiements liquides et les transferts d&#8217;argent.<br \/>En cas des paiements, qui ne peuvent pas \u00eatre enregistr\u00e9s correctement, l&#8217;exp\u00e9diteur appropri\u00e9 re\u00e7oit une demande <br \/>d&#8217;accomplir les donn\u00e9es manquantes.<br \/>Si le paiement ne peut pas \u00eatre allou\u00e9 au cours de 3 mois apr\u00e8s que sa r\u00e9ception, le paiement sera enregistr\u00e9 comme la donation.<\/p><p><span style=\"color: #000000;\"><strong>Incluez les renseignements n\u00e9cessaires<\/strong><\/span><\/p><p>Une note en incluant les informations n\u00e9cessaires doit \u00eatre attach\u00e9e \u00e0 tous les paiements liquides. <br \/>Une copie de cette note sign\u00e9e par le b\u00e9n\u00e9ficiaire sera consid\u00e9r\u00e9e comme la preuve de paiement.<\/p><p><\/p>\t\t\t\t\t\t\t\t<\/div>\n\t\t\t\t<\/div>\n\t\t\t\t\t<\/div>\n\t\t<\/div>\n\t\t\t\t\t<\/div>\n\t\t<\/section>\n\t\t\t\t<section class=\"elementor-section elementor-top-section elementor-element elementor-element-50d20b72 elementor-section-full_width elementor-section-height-default elementor-section-height-default\" data-id=\"50d20b72\" data-element_type=\"section\" data-e-type=\"section\">\n\t\t\t\t\t\t<div class=\"elementor-container elementor-column-gap-default\">\n\t\t\t\t\t<div class=\"elementor-column elementor-col-100 elementor-top-column elementor-element elementor-element-2cfbe7f3\" data-id=\"2cfbe7f3\" data-element_type=\"column\" data-e-type=\"column\">\n\t\t\t<div class=\"elementor-widget-wrap elementor-element-populated\">\n\t\t\t\t\t\t<div class=\"elementor-element elementor-element-694693d7 elementor-widget elementor-widget-shortcode\" data-id=\"694693d7\" data-element_type=\"widget\" data-e-type=\"widget\" data-widget_type=\"shortcode.default\">\n\t\t\t\t<div class=\"elementor-widget-container\">\n\t\t\t\t\t\t\t<div class=\"elementor-shortcode\">\n<table id=\"tablepress-1\" class=\"tablepress tablepress-id-1\">\n<thead>\n<tr class=\"row-1\">\n\t<th class=\"column-1\">Raison<\/th><th class=\"column-2\">Montant<\/th><th class=\"column-3\">informations n\u00e9cessaires<\/th>\n<\/tr>\n<\/thead>\n<tbody class=\"row-striping row-hover\">\n<tr class=\"row-2\">\n\t<td class=\"column-1\">Taxe d'entr\u00e9e (protection de la marque)<\/td><td class=\"column-2\">120,00 \u20ac<\/td><td class=\"column-3\">Nom du club, num\u00e9ro de club<\/td>\n<\/tr>\n<tr class=\"row-3\">\n\t<td class=\"column-1\">Cotisation annuelle clubs WCF<\/td><td class=\"column-2\">200,00 \u20ac<\/td><td class=\"column-3\">Nom du club, num\u00e9ro de club, ann\u00e9e<\/td>\n<\/tr>\n<tr class=\"row-4\">\n\t<td class=\"column-1\">Frais de contribution pour partenaires contractuelles<\/td><td class=\"column-2\"> apr\u00e8s accord<\/td><td class=\"column-3\">Num\u00e9ro de club, num\u00e9ro de facture<\/td>\n<\/tr>\n<tr class=\"row-5\">\n\t<td class=\"column-1\">Licence d'exposition par jour<\/td><td class=\"column-2\">25,00 \u20ac<\/td><td class=\"column-3\">Num\u00e9ro de club, nombre de C-num\u00e9ros<\/td>\n<\/tr>\n<tr class=\"row-6\">\n\t<td class=\"column-1\">Double jugement par jour de l'exposition<\/td><td class=\"column-2\">  15,00 \u20ac<\/td><td class=\"column-3\">Num\u00e9ro de club, nombre de D-num\u00e9ros<\/td>\n<\/tr>\n<tr class=\"row-7\">\n\t<td class=\"column-1\">Exposition Mondial par jour<\/td><td class=\"column-2\">60,00 \u20ac<\/td><td class=\"column-3\">Num\u00e9ro de club, date d'exposition<\/td>\n<\/tr>\n<tr class=\"row-8\">\n\t<td class=\"column-1\">Exposition anniversaire par jour<\/td><td class=\"column-2\">85,00 \u20ac<\/td><td class=\"column-3\">Num\u00e9ro de club, date d'exposition<\/td>\n<\/tr>\n<tr class=\"row-9\">\n\t<td class=\"column-1\">Cat Olimpia par jour<\/td><td class=\"column-2\">200,00 \u20ac<\/td><td class=\"column-3\">Num\u00e9ro de club, date d'exposition<\/td>\n<\/tr>\n<tr class=\"row-10\">\n\t<td class=\"column-1\">Enregistrement d'affixe, extension, changements<\/td><td class=\"column-2\">10,00 \u20ac<\/td><td class=\"column-3\">Num\u00e9ro de club, enregistrement d'affixe<\/td>\n<\/tr>\n<tr class=\"row-11\">\n\t<td class=\"column-1\">Enregistrement d'affixe pour personnes qui ne sont pas <br \/>\nun membre d'un club de la WCF<\/td><td class=\"column-2\"> 52,00 \u20ac<\/td><td class=\"column-3\">Enregistrement d'affixe, nom d'affixe, race(s), nom de l'\u00e9leveur, adresse<\/td>\n<\/tr>\n<tr class=\"row-12\">\n\t<td class=\"column-1\">Taxe d'examen de juge par cat\u00e9gorie<\/td><td class=\"column-2\">105,00 \u20ac<\/td><td class=\"column-3\">Num\u00e9ro de club, nom du juge, cat\u00e9gorie<\/td>\n<\/tr>\n<tr class=\"row-13\">\n\t<td class=\"column-1\">Permission de juge\/renouvelle de la permission<\/td><td class=\"column-2\">20,00 \u20ac<\/td><td class=\"column-3\">Num\u00e9ro de club, nom du juge<\/td>\n<\/tr>\n<tr class=\"row-14\">\n\t<td class=\"column-1\">Renouvelle de la permission ret\u00e1rde  jusqu'\u00e0 30 jours <\/br>apr\u00e8s la date d'expiration du permission<\/td><td class=\"column-2\">50,00 \u20ac<\/td><td class=\"column-3\">Num\u00e9ro de club, nom du juge<\/td>\n<\/tr>\n<tr class=\"row-15\">\n\t<td class=\"column-1\">Renouvelle de la permission ret\u00e1rde  des jours 31 \u00e0 59 <\/br>apr\u00e8s la date d'expiration du permission<\/td><td class=\"column-2\">100,00 \u20ac<\/td><td class=\"column-3\">Num\u00e9ro de club, nom du juge<\/td>\n<\/tr>\n<tr class=\"row-16\">\n\t<td class=\"column-1\">Frais pour le control de la qualification du juge<\/td><td class=\"column-2\">20,00 \u20ac<\/td><td class=\"column-3\">Num\u00e9ro de club, nom du juge, date d'exposition<\/td>\n<\/tr>\n<tr class=\"row-17\">\n\t<td class=\"column-1\">Certificat pour le titre de Champion\/Premior du Monde  <br \/>\nincl. pr\u00e9sentation dans l'Internet pendant un an<\/td><td class=\"column-2\">15,00 \u20ac<\/td><td class=\"column-3\">Num\u00e9ro de club, nom du demandeur<\/td>\n<\/tr>\n<tr class=\"row-18\">\n\t<td class=\"column-1\">Pr\u00e9sentation du WCF Master dans Internet pendant un an<\/td><td class=\"column-2\">10,00 \u20ac<\/td><td class=\"column-3\">Num\u00e9ro de club, nom du demandeur<\/td>\n<\/tr>\n<tr class=\"row-19\">\n\t<td class=\"column-1\">S\u00e9minaire \"\u00c9leveur d'excellence\", chaque partie <br \/>\n(jusqu'a 3 moins avant le s\u00e9minaire)<\/td><td class=\"column-2\">100.00 \u20ac<\/td><td class=\"column-3\">Num\u00e9ro de club, partie du s\u00e9minaire, date<\/td>\n<\/tr>\n<tr class=\"row-20\">\n\t<td class=\"column-1\">S\u00e9minaire \"\u00c9leveur d'excellence\", chaque partie <br \/>\n(moins de 3 moins avant le s\u00e9minaire)<\/td><td class=\"column-2\">130.00 \u20ac<\/td><td class=\"column-3\">Num\u00e9ro de club, partie du s\u00e9minaire, date<\/td>\n<\/tr>\n<tr class=\"row-21\">\n\t<td class=\"column-1\">D'autre s\u00e9minaire \/ webinaire payants <br \/>\n(jusqu'a 4 semaines avant le s\u00e9minaire)<\/td><td class=\"column-2\">25.00 \u20ac<\/td><td class=\"column-3\">Num\u00e9ro de club, type de seminaire \/ webinaire, date<\/td>\n<\/tr>\n<tr class=\"row-22\">\n\t<td class=\"column-1\">D'autre s\u00e9minaire \/ webinaire payants <br \/>\n(moins de 4 semaines avant le s\u00e9minaire)<\/td><td class=\"column-2\">35.00 \u20ac<\/td><td class=\"column-3\">Num\u00e9ro de club, type de seminaire \/ webinaire, date<\/td>\n<\/tr>\n<tr class=\"row-23\">\n\t<td class=\"column-1\">S\u00e9minaire \/ webinaire de g\u00e9n\u00e9tique <br \/>\n(jusqu'a 4 semaines avant le s\u00e9minaire)<\/td><td class=\"column-2\">50.00 \u20ac<\/td><td class=\"column-3\">Num\u00e9ro de club, date<\/td>\n<\/tr>\n<tr class=\"row-24\">\n\t<td class=\"column-1\">S\u00e9minaire \/ webinaire de g\u00e9n\u00e9tique <br \/>\n(moins de 4 semaines avant le s\u00e9minaire)<\/td><td class=\"column-2\">60.00 \u20ac<\/td><td class=\"column-3\">Num\u00e9ro de club, date<\/td>\n<\/tr>\n<tr class=\"row-25\">\n\t<td class=\"column-1\"><\/td><td class=\"column-2\"><\/td><td class=\"column-3\"><\/td>\n<\/tr>\n<tr class=\"row-26\">\n\t<td class=\"column-1\"><\/td><td class=\"column-2\"><\/td><td class=\"column-3\"> Mise a jour: 01-01-2025<\/td>\n<\/tr>\n<\/tbody>\n<\/table>\n<\/div>\n\t\t\t\t\t\t<\/div>\n\t\t\t\t<\/div>\n\t\t\t\t\t<\/div>\n\t\t<\/div>\n\t\t\t\t\t<\/div>\n\t\t<\/section>\n\t\t\t\t<\/div>\n\t\t","protected":false},"excerpt":{"rendered":"<p>CHARGES Indication de but voulu Indiquez le but voulu et votre nombre d&#8217;adh\u00e9sion pour tous les paiements. Cela fait une demande avec les paiements liquides et les transferts d&#8217;argent.En cas des paiements, qui ne peuvent pas \u00eatre enregistr\u00e9s correctement, l&#8217;exp\u00e9diteur appropri\u00e9 re\u00e7oit une demande d&#8217;accomplir les donn\u00e9es manquantes.Si le paiement ne peut pas \u00eatre allou\u00e9 [&hellip;]<\/p>\n","protected":false},"author":1,"featured_media":0,"parent":0,"menu_order":0,"comment_status":"closed","ping_status":"closed","template":"","meta":{"_monsterinsights_skip_tracking":false,"_monsterinsights_sitenote_active":false,"_monsterinsights_sitenote_note":"","_monsterinsights_sitenote_category":0,"footnotes":""},"class_list":["post-8562","page","type-page","status-publish","hentry"],"aioseo_notices":[],"_links":{"self":[{"href":"https:\/\/wcf.de\/fr\/wp-json\/wp\/v2\/pages\/8562","targetHints":{"allow":["GET"]}}],"collection":[{"href":"https:\/\/wcf.de\/fr\/wp-json\/wp\/v2\/pages"}],"about":[{"href":"https:\/\/wcf.de\/fr\/wp-json\/wp\/v2\/types\/page"}],"author":[{"embeddable":true,"href":"https:\/\/wcf.de\/fr\/wp-json\/wp\/v2\/users\/1"}],"replies":[{"embeddable":true,"href":"https:\/\/wcf.de\/fr\/wp-json\/wp\/v2\/comments?post=8562"}],"version-history":[{"count":5,"href":"https:\/\/wcf.de\/fr\/wp-json\/wp\/v2\/pages\/8562\/revisions"}],"predecessor-version":[{"id":8569,"href":"https:\/\/wcf.de\/fr\/wp-json\/wp\/v2\/pages\/8562\/revisions\/8569"}],"wp:attachment":[{"href":"https:\/\/wcf.de\/fr\/wp-json\/wp\/v2\/media?parent=8562"}],"curies":[{"name":"wp","href":"https:\/\/api.w.org\/{rel}","templated":true}]}}