{"id":8646,"date":"2021-08-22T14:24:33","date_gmt":"2021-08-22T14:24:33","guid":{"rendered":"https:\/\/de7.wcf-test.de\/fr2\/?page_id=8646"},"modified":"2021-12-22T13:31:01","modified_gmt":"2021-12-22T13:31:01","slug":"examen-regles","status":"publish","type":"page","link":"https:\/\/wcf.de\/fr\/examen-regles\/","title":{"rendered":"examen regles"},"content":{"rendered":"\t\t<div data-elementor-type=\"wp-page\" data-elementor-id=\"8646\" class=\"elementor elementor-8646\" data-elementor-post-type=\"page\">\n\t\t\t\t\t\t<section class=\"elementor-section elementor-top-section elementor-element elementor-element-127f17f4 elementor-section-full_width elementor-section-height-default elementor-section-height-default\" data-id=\"127f17f4\" data-element_type=\"section\" data-e-type=\"section\">\n\t\t\t\t\t\t<div class=\"elementor-container elementor-column-gap-default\">\n\t\t\t\t\t<div class=\"elementor-column elementor-col-100 elementor-top-column elementor-element elementor-element-a4aa79c\" data-id=\"a4aa79c\" data-element_type=\"column\" data-e-type=\"column\">\n\t\t\t<div class=\"elementor-widget-wrap elementor-element-populated\">\n\t\t\t\t\t\t<div class=\"elementor-element elementor-element-7094d7aa elementor-widget elementor-widget-heading\" data-id=\"7094d7aa\" data-element_type=\"widget\" data-e-type=\"widget\" data-widget_type=\"heading.default\">\n\t\t\t\t<div class=\"elementor-widget-container\">\n\t\t\t\t\t<h5 class=\"elementor-heading-title elementor-size-large\">R\u00c8GLES POUR L'EXAMEN DES JUGES DE LA WCF<\/h5>\t\t\t\t<\/div>\n\t\t\t\t<\/div>\n\t\t\t\t\t<\/div>\n\t\t<\/div>\n\t\t\t\t\t<\/div>\n\t\t<\/section>\n\t\t\t\t<section class=\"elementor-section elementor-top-section elementor-element elementor-element-ef35d1f elementor-section-full_width elementor-section-height-default elementor-section-height-default\" data-id=\"ef35d1f\" data-element_type=\"section\" data-e-type=\"section\">\n\t\t\t\t\t\t<div class=\"elementor-container elementor-column-gap-default\">\n\t\t\t\t\t<div class=\"elementor-column elementor-col-100 elementor-top-column elementor-element elementor-element-4a28be66\" data-id=\"4a28be66\" data-element_type=\"column\" data-e-type=\"column\">\n\t\t\t<div class=\"elementor-widget-wrap elementor-element-populated\">\n\t\t\t\t\t\t<div class=\"elementor-element elementor-element-57178e77 elementor-widget elementor-widget-text-editor\" data-id=\"57178e77\" data-element_type=\"widget\" data-e-type=\"widget\" data-widget_type=\"text-editor.default\">\n\t\t\t\t<div class=\"elementor-widget-container\">\n\t\t\t\t\t\t\t\t\t<p>Selon la d\u00e9cision de GA d&#8217;ao\u00fbt 1996 le r\u00e8glement suivant est applicable pour les juges de la WCF (les juges ayant pass\u00e9s un examen de la WCF et-ou doivent \u00eatre juges autoris\u00e9s) sans n&#8217;importe quelle exception :<\/p><p>1. Un examen selon les r\u00e8glements de la WCF peut \u00eatre tenu seulement pour l&#8217;\u00e9l\u00e8ve de juge, s&#8217;il y a une confirmation \u00e9crite <br \/>du Pr\u00e9sident du Comit\u00e9 des Juges. <br \/>Le dernier suppose une application correcte pour l&#8217;examen, en incluant la date de l&#8217;examen et des noms des juges d&#8217;examen. <br \/>L&#8217;application devrait \u00eatre envoy\u00e9e au bureau de la WCF.<\/p><p>2. Il est interdit de passer plus d&#8217;un examen par week-end.<\/p><p>3. Les juges avec les examens de la WCF accomplissent des examens seulement selon les r\u00e8gles de la WCF. <br \/>Les exceptions sont possibles seulement avec la permission du bureau de la WCF.<\/p><p>4. Les juges de la WCF ne peuvent passer d\u2019examens dans d\u2019autres associations ou associations qu\u2019apr\u00e8s approbation du conseil d\u2019administration. Les examens qui d\u00e9rogent \u00e0 cette r\u00e8gle ne seront pas accept\u00e9s par la WCF. <br \/>Une proc\u00e9dure disciplinaire sera ouverte contre le juge.<\/p><p>5. Le jury d\u2019examen de la WCF ne r\u00e9alisent des examens que pour les \u00e9l\u00e8ves de juge, qui \u00e0 la date de l\u2019examen, sont membres principaux <br \/>d\u2019un club WCF.<\/p><p>6. Les juges de la WCF (les juges ayant l&#8217;examen de la WCF et-ou \u00e9tant des juges autoris\u00e9s) jugent aux expositions <br \/>de la WCF exclusivement selon le standard de la WCF.<\/p><p>7. Les juges avec un permis de juge de la WCF garderont la loyaut\u00e9 absolue \u00e0 la WCF.<\/p><p>8. Les juges avec un permis de juge de la WCF en ayant un examen non reconnu par la WCF, accomplissent des examens dans les clubs <br \/>de la WCF seulement pour les \u00e9l\u00e8ves de juge de la WCF et seulement selon les r\u00e8gles de la WCF. <br \/>L&#8217;adh\u00e9sion du candidat dans un club de la WCF doit \u00eatre certifi\u00e9e par le bureau de la WCF.<\/p><p>9. Les certificats d&#8217;examen, avec tous les documents n\u00e9cessaire joints, seront envoy\u00e9s au Pr\u00e9sident du Comit\u00e9 des Juges <br \/>pour confirmation de la validit\u00e9 de l&#8217;examen. <br \/>Le Comit\u00e9 publie le certificat et la permis de la WCF, \u00e0 condition que l&#8217;\u00e9l\u00e8ve du juge soit un membre d&#8217;un club de la WCF et <br \/>que l&#8217;examen se soit d\u00e9roul\u00e9 selon les r\u00e8gles de la WCF.<\/p><p>10. N&#8217;importe quelle violation de ces r\u00e8glements, qui ont \u00e9t\u00e9 instaur\u00e9s pour l\u2019am\u00e9lioration de la r\u00e9putation de nos juges, <br \/>compar\u00e9s \u00e0 d&#8217;autres juges ind\u00e9pendants, engendrera des proc\u00e9dures disciplinaires selon les lois de la WCF. <br \/>V\u00e9rifiez avant d&#8217;accomplir un examen, si les exigences ont \u00e9t\u00e9 satisfaites. Sinon, vous devez refuser de passer l&#8217;examen.<\/p><p><em>Nous demandons votre attention. La proc\u00e9dure de la autorisation a \u00e9t\u00e9 publi\u00e9e et nous supposons, que vous savez toutes les d\u00e9cisions.<\/em><\/p>\t\t\t\t\t\t\t\t<\/div>\n\t\t\t\t<\/div>\n\t\t\t\t\t<\/div>\n\t\t<\/div>\n\t\t\t\t\t<\/div>\n\t\t<\/section>\n\t\t\t\t<\/div>\n\t\t","protected":false},"excerpt":{"rendered":"<p>R\u00c8GLES POUR L&#8217;EXAMEN DES JUGES DE LA WCF Selon la d\u00e9cision de GA d&#8217;ao\u00fbt 1996 le r\u00e8glement suivant est applicable pour les juges de la WCF (les juges ayant pass\u00e9s un examen de la WCF et-ou doivent \u00eatre juges autoris\u00e9s) sans n&#8217;importe quelle exception : 1. Un examen selon les r\u00e8glements de la WCF peut [&hellip;]<\/p>\n","protected":false},"author":1,"featured_media":0,"parent":0,"menu_order":0,"comment_status":"closed","ping_status":"closed","template":"","meta":{"_monsterinsights_skip_tracking":false,"_monsterinsights_sitenote_active":false,"_monsterinsights_sitenote_note":"","_monsterinsights_sitenote_category":0,"footnotes":""},"class_list":["post-8646","page","type-page","status-publish","hentry"],"aioseo_notices":[],"_links":{"self":[{"href":"https:\/\/wcf.de\/fr\/wp-json\/wp\/v2\/pages\/8646","targetHints":{"allow":["GET"]}}],"collection":[{"href":"https:\/\/wcf.de\/fr\/wp-json\/wp\/v2\/pages"}],"about":[{"href":"https:\/\/wcf.de\/fr\/wp-json\/wp\/v2\/types\/page"}],"author":[{"embeddable":true,"href":"https:\/\/wcf.de\/fr\/wp-json\/wp\/v2\/users\/1"}],"replies":[{"embeddable":true,"href":"https:\/\/wcf.de\/fr\/wp-json\/wp\/v2\/comments?post=8646"}],"version-history":[{"count":9,"href":"https:\/\/wcf.de\/fr\/wp-json\/wp\/v2\/pages\/8646\/revisions"}],"predecessor-version":[{"id":10714,"href":"https:\/\/wcf.de\/fr\/wp-json\/wp\/v2\/pages\/8646\/revisions\/10714"}],"wp:attachment":[{"href":"https:\/\/wcf.de\/fr\/wp-json\/wp\/v2\/media?parent=8646"}],"curies":[{"name":"wp","href":"https:\/\/api.w.org\/{rel}","templated":true}]}}