{"id":9051,"date":"2021-08-30T11:06:40","date_gmt":"2021-08-30T11:06:40","guid":{"rendered":"https:\/\/de7.wcf-test.de\/fr\/?page_id=9051"},"modified":"2025-03-08T11:56:54","modified_gmt":"2025-03-08T11:56:54","slug":"glossar-fr","status":"publish","type":"page","link":"https:\/\/wcf.de\/fr\/glossar-fr\/","title":{"rendered":"glossar fr"},"content":{"rendered":"\t\t<div data-elementor-type=\"wp-page\" data-elementor-id=\"9051\" class=\"elementor elementor-9051\" data-elementor-post-type=\"page\">\n\t\t\t\t\t\t<section class=\"elementor-section elementor-top-section elementor-element elementor-element-5ff949b8 elementor-section-full_width elementor-section-height-default elementor-section-height-default\" data-id=\"5ff949b8\" data-element_type=\"section\" data-e-type=\"section\">\n\t\t\t\t\t\t<div class=\"elementor-container elementor-column-gap-default\">\n\t\t\t\t\t<div class=\"elementor-column elementor-col-100 elementor-top-column elementor-element elementor-element-270ea99c\" data-id=\"270ea99c\" data-element_type=\"column\" data-e-type=\"column\">\n\t\t\t<div class=\"elementor-widget-wrap elementor-element-populated\">\n\t\t\t\t\t\t<div class=\"elementor-element elementor-element-141171f5 elementor-widget elementor-widget-heading\" data-id=\"141171f5\" data-element_type=\"widget\" data-e-type=\"widget\" data-widget_type=\"heading.default\">\n\t\t\t\t<div class=\"elementor-widget-container\">\n\t\t\t\t\t<h2 class=\"elementor-heading-title elementor-size-default\">LEXIQUE DES TERMES TECHNIQUES\n<\/h2>\t\t\t\t<\/div>\n\t\t\t\t<\/div>\n\t\t\t\t\t<\/div>\n\t\t<\/div>\n\t\t\t\t\t<\/div>\n\t\t<\/section>\n\t\t\t\t<section class=\"elementor-section elementor-top-section elementor-element elementor-element-2b73a6f5 elementor-section-full_width scrolltab elementor-section-height-default elementor-section-height-default\" data-id=\"2b73a6f5\" data-element_type=\"section\" data-e-type=\"section\">\n\t\t\t\t\t\t<div class=\"elementor-container elementor-column-gap-default\">\n\t\t\t\t\t<div class=\"elementor-column elementor-col-100 elementor-top-column elementor-element elementor-element-7d842760\" data-id=\"7d842760\" data-element_type=\"column\" data-e-type=\"column\">\n\t\t\t<div class=\"elementor-widget-wrap elementor-element-populated\">\n\t\t\t\t\t\t<div class=\"elementor-element elementor-element-755ae6c7 elementor-widget elementor-widget-shortcode\" data-id=\"755ae6c7\" data-element_type=\"widget\" data-e-type=\"widget\" data-widget_type=\"shortcode.default\">\n\t\t\t\t<div class=\"elementor-widget-container\">\n\t\t\t\t\t\t\t<div class=\"elementor-shortcode\">\n<div class=\"wpdt-c wdt-skin-light\">\n    \n\n    <div class=\"wpDataTables wpDataTablesFilter wpDataTablesWrapper wdt-skin-light data-t\"\n         data-wpdatatable_id=\"63\">\n        <div id=\"filterBox_table_1\" class=\"wpDataTableFilterBox\">\n\n            \n                                                                            <div class=\"wpDataTableFilterSection\" id=\"table_1_1_filter_sections\">\n                        <label>Terme:<\/label>\n                        <div id=\"table_1_1_filter\"><\/div>\n                    <\/div>\n\n                    \n                                                                        <div class=\"wpDataTableFilterSection\" id=\"wdt-clear-filters-button-block\">\n                    <button class=\"button btn wdt-clear-filters-button\" data-table_id = table_1>Clear filters<\/button>\n                <\/div>\n                                <\/div>\n    <\/div>\n<input type=\"hidden\" id=\"wdtNonceFrontendEdit_63\" name=\"wdtNonceFrontendEdit_63\" value=\"c504ba7849\" \/><input type=\"hidden\" name=\"_wp_http_referer\" value=\"\/fr\/wp-json\/wp\/v2\/pages\/9051\" \/>    <input type=\"hidden\" id=\"table_1_desc\" value='{\"tableId\":\"table_1\",\"tableType\":\"manual\",\"selector\":\"#table_1\",\"responsive\":false,\"editable\":false,\"inlineEditing\":false,\"infoBlock\":false,\"pagination\":0,\"paginationAlign\":\"right\",\"paginationLayout\":\"full_numbers\",\"tableSkin\":\"light\",\"globalSearch\":false,\"showRowsPerPage\":false,\"popoverTools\":false,\"hideBeforeLoad\":false,\"number_format\":1,\"decimalPlaces\":2,\"spinnerSrc\":\"https:\\\/\\\/wcf.de\\\/fr\\\/wp-content\\\/plugins\\\/wpdatatables\\\/assets\\\/\\\/img\\\/spinner.gif\",\"groupingEnabled\":false,\"tableWpId\":\"63\",\"dataTableParams\":{\"sDom\":\"BT\\u003C\\u0027clear\\u0027\\u003Et\",\"bSortCellsTop\":false,\"bFilter\":true,\"aLengthMenu\":[[1,5,10,25,50,100,-1],[1,5,10,25,50,100,\"All\"]],\"iDisplayLength\":-1,\"columnDefs\":[{\"sType\":\"formatted-num\",\"wdtType\":\"int\",\"bVisible\":false,\"orderable\":true,\"searchable\":true,\"InputType\":\"text\",\"name\":\"wdt_ID\",\"origHeader\":\"wdt_ID\",\"notNull\":false,\"conditionalFormattingRules\":[],\"className\":\"numdata integer  column-wdt_id\",\"aTargets\":[0]},{\"sType\":\"string\",\"wdtType\":\"string\",\"bVisible\":true,\"orderable\":true,\"searchable\":true,\"InputType\":\"mce-editor\",\"name\":\"terme\",\"origHeader\":\"terme\",\"notNull\":false,\"conditionalFormattingRules\":[],\"className\":\" column-terme\",\"sWidth\":\"300\",\"aTargets\":[1]},{\"sType\":\"string\",\"wdtType\":\"string\",\"bVisible\":true,\"orderable\":true,\"searchable\":true,\"InputType\":\"mce-editor\",\"name\":\"explication\",\"origHeader\":\"explication\",\"notNull\":false,\"conditionalFormattingRules\":[],\"className\":\" column-explication\",\"sWidth\":\"700\",\"aTargets\":[2]}],\"bAutoWidth\":false,\"order\":[[0,\"asc\"]],\"ordering\":true,\"oLanguage\":{\"sProcessing\":\"Processing in progress...\",\"sLengthMenu\":\"Show _MENU_ entries\",\"sZeroRecords\":\"No matching records found\",\"sInfo\":\"Showing _START_ to _END_ of _TOTAL_ entries\",\"sInfoEmpty\":\"Showing 0 to 0 of 0 entries\",\"sInfoFiltered\":\"(filtered from _MAX_ total entries)\",\"sInfoPostFix\":\"\",\"sSearch\":\"Search:\",\"sSearchPlaceholder\":\"\",\"sUrl\":\"\",\"oPaginate\":{\"sFirst\":\"First\",\"sPrevious\":\"Previous\",\"sNext\":\"Next\",\"sLast\":\"Last\"}},\"buttons\":[],\"bProcessing\":false,\"serverSide\":true,\"ajax\":{\"url\":\"https:\\\/\\\/wcf.de\\\/fr\\\/wp-admin\\\/admin-ajax.php?action=get_wdtable&table_id=63\",\"type\":\"POST\"},\"oSearch\":{\"bSmart\":false,\"bRegex\":false,\"sSearch\":\"\"}},\"tabletWidth\":\"1024\",\"mobileWidth\":\"480\",\"advancedFilterEnabled\":true,\"advancedFilterOptions\":{\"aoColumns\":[{\"type\":\"null\",\"columnType\":\"int\",\"numberOfDecimalPlaces\":\"2\",\"possibleValuesType\":\"read\",\"globalSearchColumn\":1,\"values\":null,\"origHeader\":\"wdt_ID\",\"displayHeader\":\"wdt_ID\",\"possibleValuesAddEmpty\":false,\"possibleValuesAjax\":-1,\"defaultValue\":\"\",\"exactFiltering\":false,\"exactFilteringAtBeginningSPEETECH\":false,\"filterLabel\":\"\",\"searchInSelectBox\":1,\"searchInSelectBoxEditing\":1,\"checkboxesInModal\":0,\"linkButtonLabel\":\"\",\"rangeSlider\":false,\"sSelector\":\"#table_1_0_filter\"},{\"type\":\"text\",\"columnType\":\"string\",\"numberOfDecimalPlaces\":\"2\",\"possibleValuesType\":\"read\",\"globalSearchColumn\":1,\"values\":null,\"origHeader\":\"terme\",\"displayHeader\":\"Terme\",\"possibleValuesAddEmpty\":false,\"possibleValuesAjax\":-1,\"defaultValue\":\"\",\"exactFiltering\":false,\"exactFilteringAtBeginningSPEETECH\":false,\"filterLabel\":\"\",\"searchInSelectBox\":1,\"searchInSelectBoxEditing\":1,\"checkboxesInModal\":0,\"linkButtonLabel\":\"\",\"rangeSlider\":false,\"sSelector\":\"#table_1_1_filter\"},{\"type\":\"null\",\"columnType\":\"string\",\"numberOfDecimalPlaces\":\"2\",\"possibleValuesType\":\"read\",\"globalSearchColumn\":1,\"values\":null,\"origHeader\":\"explication\",\"displayHeader\":\"Explication\",\"possibleValuesAddEmpty\":false,\"possibleValuesAjax\":-1,\"defaultValue\":\"\",\"exactFiltering\":false,\"exactFilteringAtBeginningSPEETECH\":false,\"filterLabel\":\"\",\"searchInSelectBox\":1,\"searchInSelectBoxEditing\":1,\"checkboxesInModal\":0,\"linkButtonLabel\":\"\",\"rangeSlider\":false,\"sSelector\":\"#table_1_2_filter\"}],\"bUseColVis\":true},\"filterInForm\":true,\"serverSide\":true,\"autoRefreshInterval\":0,\"processing\":true,\"fnServerData\":true,\"columnsFixed\":0,\"sumFunctionsLabel\":\"\",\"avgFunctionsLabel\":\"\",\"minFunctionsLabel\":\"\",\"maxFunctionsLabel\":\"\",\"columnsDecimalPlaces\":{\"wdt_ID\":-1,\"terme\":-1,\"explication\":-1},\"columnsThousandsSeparator\":{\"wdt_ID\":0},\"sumColumns\":[],\"avgColumns\":[],\"sumAvgColumns\":[],\"timeFormat\":\"h:i A\",\"datepickFormat\":\"yy-mm-dd\",\"cascadeFiltering\":0,\"cascadeFilteringLogic\":\"\",\"hideTableBeforeFiltering\":0,\"showSearchFiltersButton\":0,\"disableSearchFiltersButton\":0}'\/>\n\n    <table id=\"table_1\"\n           class=\"  display nowrap data-t data-t wpDataTable wpDataTableID-63\"\n           style=\"\"\n           data-described-by='table_1_desc'\n           data-wpdatatable_id=\"63\">\n\n        <!-- Table header -->\n        \n<thead>\n<tr>\n                    <th\n                        class=\" wdtheader sort numdata integer \"\n        style=\"\">wdt_ID<\/th>        <th\n        data-class=\"expand\"                class=\" wdtheader sort \"\n        style=\"\">Terme<\/th>        <th\n                        class=\" wdtheader sort \"\n        style=\"\">Explication<\/th>    <\/tr>\n<\/thead>\n        <!-- \/Table header -->\n\n        <!-- Table body -->\n        \n<tbody>\n            <tr id=\"table_63_row_0\">\n                            <td style=\"\">1<\/td>\n                            <td style=\"\"><p><strong>Agouti<\/strong><\/p>\n<p><strong><img decoding=\"async\" src=\"..\/..\/images\/agouti.jpg\" alt=\"\"> \u00a0<img decoding=\"async\" src=\"..\/..\/images\/agouti_silver.jpg\" alt=\"\"><\/strong><\/p>\n<p><strong><img decoding=\"async\" src=\"..\/images\/agouti.jpg\" alt=\"\"> \u00a0<img decoding=\"async\" src=\"..\/images\/agouti_silver.jpg\" alt=\"\"><img decoding=\"async\" src=\"..\/images\/agouti-silver.jpg\" alt=\"\"><\/strong><\/p><\/td>\n                            <td style=\"\"><p>Les bandes de poil dues \u00e0 l'action du g\u00e8ne A (g\u00e8ne Agouti). <br>Les bandes sont jaun\u00e2tres,\u00a0chez les vari\u00e9t\u00e9s silver les bandes sont de couleur blanche argent\u00e9e.<br>En g\u00e9n\u00e9ral chacun des poils a des 3-5 bandes.<\/p><\/td>\n                    <\/tr>\n                <tr id=\"table_63_row_1\">\n                            <td style=\"\">2<\/td>\n                            <td style=\"\"><p><strong>Annel\u00e9e<br><\/strong><strong>Anneaux<\/strong><\/p><\/td>\n                            <td style=\"\"><p>On dit qu'une queue a des anneaux (= est annel\u00e9e), si elle montre des anneaux distincts de couleur \u00ab plus fonc\u00e9e \u00bb<\/p><\/td>\n                    <\/tr>\n                <tr id=\"table_63_row_2\">\n                            <td style=\"\">3<\/td>\n                            <td style=\"\"><p><strong>Arlequin<\/strong><\/p><\/td>\n                            <td style=\"\"><p>D\u00e9note un dessin, d\u00fb \u00e0 l'action du g\u00e8ne (Piebald Spotting), o\u00f9 la quantit\u00e9 de blanc est 5\/6. L\u00e0 sont des taches color\u00e9es (3-5 taches) sur la t\u00eate et le corps, l'abdomen est blanc.<\/p>\n<p>Il y a des Arlequins bicolores et tricolores.<\/p><\/td>\n                    <\/tr>\n                <tr id=\"table_63_row_3\">\n                            <td style=\"\">4<\/td>\n                            <td style=\"\"><p><strong>Autosomique<\/strong><\/p><\/td>\n                            <td style=\"\"><p>Ind\u00e9pendant du sexe.Ce terme est employ\u00e9 dans la g\u00e9n\u00e9tique, quand parler de l'h\u00e9r\u00e9dit\u00e9 autosomique, c.-\u00e0-d. p\u00e8re et m\u00e8re peut h\u00e9riter (transmettre) d'un trait.<\/p><\/td>\n                    <\/tr>\n                <tr id=\"table_63_row_4\">\n                            <td style=\"\">5<\/td>\n                            <td style=\"\"><p><strong>Bicolore<\/strong><br>Consulter aussi Piebald.<\/p><\/td>\n                            <td style=\"\"><p>C'est un dessin avec de panachure blanche due \u00e0 l'action du g\u00e8ne S (Piebald Spotting).<\/p>\n<p>En particulier il d\u00e9note un dessin sp\u00e9cifique, o\u00f9 la quantit\u00e9 de blanc est 1\/3 (le minimum) jusqu'\u00e0 1\/2 (le maximum),\u00a0la robe restante est de couleur solide ou a d'un dessin du tabby.<\/p>\n<p>Consulter le menu Standard-Couleurs-Distribution pour une description de plus.<\/p><\/td>\n                    <\/tr>\n                <tr id=\"table_63_row_5\">\n                            <td style=\"\">6<\/td>\n                            <td style=\"\"><p><strong>Blesse<\/strong><\/p><\/td>\n                            <td style=\"\"><p>Une tache blanche entre les yeux, commen\u00e7ant sur le front et s'\u00e9tendant surtout en bas et en plus du nez.<br>Les chats de couleur Bicolore et Tricolore ont souvent d'ine blesse.<\/p><\/td>\n                    <\/tr>\n                <tr id=\"table_63_row_6\">\n                            <td style=\"\">7<\/td>\n                            <td style=\"\"><p><strong>Blotched<\/strong> <br>(tabby classique)<\/p>\n<p><img decoding=\"async\" src=\"..\/..\/images\/blotched.gif\" alt=\"\"><\/p>\n<p><img decoding=\"async\" src=\"..\/images\/blotched.gif\" alt=\"\"><\/p><\/td>\n                            <td style=\"\"><p>D\u00e9note un dessin de tabby sp\u00e9difique.<\/p>\n<p>Marques d'un papillon sur les \u00e9paules et d'un \"oeil de taureau\" sur les flancs sont caract\u00e9ristique pour se dessin.<\/p><\/td>\n                    <\/tr>\n                <tr id=\"table_63_row_7\">\n                            <td style=\"\">8<\/td>\n                            <td style=\"\"><p><strong>Bobtail<\/strong><\/p><\/td>\n                            <td style=\"\"><p>Certaines races de chat s'appellent Bobtail, dont la queue se raccourcit extr\u00eamement et habituellement a des courbes\u00a0et\/ou des replis, due \u00e0 une mutation g\u00e9nique naturelle. Chez quelques races de chat la queue ressemble \u00e0 un pompon.<\/p>\n<p>Exemples ayant un pompon:<br>Bobtail Japonais<br>Karelian Bobtail<br>Kurilian Bobtail<\/p>\n<p>Exemples sans pompon:<br>American Bobtail<br>Mekong Bobtail<\/p><\/td>\n                    <\/tr>\n                <tr id=\"table_63_row_8\">\n                            <td style=\"\">9<\/td>\n                            <td style=\"\"><p><strong>Boutons<\/strong><\/p><\/td>\n                            <td style=\"\"><p>Les taches sur le ventre dans les vari\u00e9t\u00e9s tabby.<\/p><\/td>\n                    <\/tr>\n                <tr id=\"table_63_row_9\">\n                            <td style=\"\">10<\/td>\n                            <td style=\"\"><p><strong>Break<\/strong><\/p><\/td>\n                            <td style=\"\"><p>Un angle non arrondi entre le front et la base du nez, quand compar\u00e9 \u00e0 le Stop.<\/p><\/td>\n                    <\/tr>\n    <\/tbody>        <!-- \/Table body -->\n\n        <!-- Table footer -->\n        \n    <tfoot>\n                <tr style=\"display: none\">\n                            <td\n                class=\"wdtheader sort numdata integer \"\n                style=\"\"><\/td>                <td\n                class=\"wdtheader sort \"\n                style=\"\">Terme<\/td>                <td\n                class=\"wdtheader sort \"\n                style=\"\"><\/td>        <\/tr>\n                            <\/tfoot>\n        <!-- \/Table footer -->\n\n    <\/table>\n\n\n<\/div><style>\ntable.wpDataTable { table-layout: fixed !important; }\ntable.wpDataTable td, table.wpDataTable th { white-space: normal !important; }\ntable.wpDataTable a:hover {\r\n    color: #61CE70 !important;\r\n}\r\ntable.wpDataTable a {\r\n    color: black !important;\r\n}\r\nbutton.button.btn.wdt-clear-filters-button {\r\nbackground-color: #095203;\r\ncolor: white;\r\n}\r\nbutton.button.btn.wdt-clear-filters-button:hover {\r\nbackground-color: #e2efda;\r\ncolor: black;\r\n}\r\n.wpDataTablesWrapper table.wpDataTable td {\r\nfont-family: Roboto!important;\r\nfont-size:13px;\r\nfont-weight:400;\r\n}\r\n.wpDataTablesWrapper table.wpDataTable th {\r\nfont-family: Roboto!important;\r\nfont-size:14px;\r\nfont-weight:400;\r\n}\r\ntr.odd td.sorting_1 {\r\n    background: #f5f5f5 !important;\r\n}\r\ntr.odd:hover > td.sorting_1 {\r\n    background-color: #e8e8e8 !important;\r\n}table.wpDataTable td.numdata { text-align: right !important; }\n<\/style>\n<style>\n\/* table font color *\/\n.wpdt-c.wpDataTablesWrapper table.wpdtSimpleTable thead th,\n.wpdt-c.wpDataTablesWrapper table.wpdtSimpleTable tbody td,\n.wpdt-c .wpDataTablesWrapper table.wpDataTable thead th,\n.wpdt-c .wpDataTablesWrapper table.wpDataTable tbody td,\n.wpdt-c .wpDataTablesWrapper table.wpDataTable tfoot td {\n\tcolor: #000000 !important;\n}\n\/* th background color *\/\n.wpdt-c.wpDataTablesWrapper table.wpdtSimpleTable.bt[data-has-header='1'] td.wpdt-header-classes,\n.wpdt-c.wpDataTablesWrapper table.wpdtSimpleTable thead th,\n.wpdt-c .wpDataTablesWrapper table.wpDataTable thead th,\n.wpdt-c .wpDataTablesWrapper table.wpDataTable thead th.sorting {\n\tbackground-color: #E2EFDA !important;\n    background-image: none !important;\n}\n\/* th font color *\/\n.wpdt-c.wpDataTablesWrapper table.wpdtSimpleTable.bt[data-has-header='1'] td.wpdt-header-classes,\n.wpdt-c.wpDataTablesWrapper table.wpdtSimpleTable thead th,\n.wpdt-c .wpDataTablesWrapper table.wpDataTable thead th {\n\tcolor: #000000 !important;\n}\n.wpdt-c .wpDataTablesWrapper table.wpDataTable thead th.sorting:after,\n.wpdt-c .wpDataTablesWrapper table.wpDataTable thead th.sorting_asc:after {\n\tborder-bottom-color: #000000 !important;\n}\n.wpdt-c .wpDataTablesWrapper table.wpDataTable thead th.sorting_desc:after {\n\tborder-top-color: #000000 !important;\n}\n\n\/* table font color *\/\n.wpdt-c.wpDataTablesWrapper table.wpdtSimpleTable,\n.wpdt-c .wpDataTablesWrapper table.wpDataTable {\n    font-family: Verdana, Geneva, sans-serif !important;\n}\n\/* table font size *\/\n.wpdt-c.wpDataTablesWrapper table.wpdtSimpleTable,\n.wpdt-c .wpDataTablesWrapper table.wpDataTable {\n    font-size:18px !important;\n}\n \n<\/style>\n<style>\nwpDataTablesFilter[data-wpdatatable_id=\"63\"] .dropdown-toggle::after {\r\n    display:none !important;\r\n}\r\n.wpDataTableID-63 .dataTables_length .length_menu.show{\r\n    display:inline-block !important;\r\n}\r\ntable.wpDataTable td {\r\nvertical-align: top;\r\n}\r\ntable.wpDataTable th {\r\nvertical-align: top;\r\n}\r\n.wpDataTablesWrapper table.wpDataTable[data-wpdatatable_id=\"63\"] td {\r\nfont-family: Roboto!important;\r\nfont-size:18px;\r\nfont-weight:400;\r\n}\r\n.wpDataTablesWrapper table.wpDataTable[data-wpdatatable_id=\"63\"] th {\r\nfont-family: Roboto!important;\r\nfont-size:18px;\r\nfont-weight:400;\r\n}<\/style>\n<style>\n        \/* table font color *\/\n    .wpdt-c.wpDataTablesWrapper table#wpdtSimpleTable-63 thead th,\n    .wpdt-c.wpDataTablesWrapper table#wpdtSimpleTable-63 tbody td,\n    .wpdt-c .wpDataTablesWrapper table.wpDataTable.wpDataTableID-63 thead th,\n    .wpdt-c .wpDataTablesWrapper table.wpDataTable.wpDataTableID-63 tbody td,\n    .wpdt-c .wpDataTablesWrapper table.wpDataTable.wpDataTableID-63 tfoot td {\n        color: #000000 !important;\n    }\n                            \n                                \/* table font color *\/\n    .wpdt-c.wpDataTablesWrapper table#wpdtSimpleTable-63,\n    .wpdt-c .wpDataTablesWrapper table.wpDataTable.wpDataTableID-63 {\n        font-family: Verdana, Geneva, sans-serif !important;\n    }\n                \n                <\/style>\n<\/div>\n\t\t\t\t\t\t<\/div>\n\t\t\t\t<\/div>\n\t\t\t\t\t<\/div>\n\t\t<\/div>\n\t\t\t\t\t<\/div>\n\t\t<\/section>\n\t\t\t\t<section class=\"elementor-section elementor-top-section elementor-element elementor-element-75d71340 elementor-section-full_width elementor-section-height-default elementor-section-height-default\" data-id=\"75d71340\" data-element_type=\"section\" data-e-type=\"section\">\n\t\t\t\t\t\t<div class=\"elementor-container elementor-column-gap-default\">\n\t\t\t\t\t<div class=\"elementor-column elementor-col-50 elementor-top-column elementor-element elementor-element-77c5e9dc\" data-id=\"77c5e9dc\" data-element_type=\"column\" data-e-type=\"column\">\n\t\t\t<div class=\"elementor-widget-wrap\">\n\t\t\t\t\t\t\t<\/div>\n\t\t<\/div>\n\t\t\t\t<div class=\"elementor-column elementor-col-50 elementor-top-column elementor-element elementor-element-569e2cfb\" data-id=\"569e2cfb\" data-element_type=\"column\" data-e-type=\"column\">\n\t\t\t<div class=\"elementor-widget-wrap\">\n\t\t\t\t\t\t\t<\/div>\n\t\t<\/div>\n\t\t\t\t\t<\/div>\n\t\t<\/section>\n\t\t\t\t<\/div>\n\t\t","protected":false},"excerpt":{"rendered":"<p>LEXIQUE DES TERMES TECHNIQUES<\/p>\n","protected":false},"author":1,"featured_media":0,"parent":0,"menu_order":0,"comment_status":"closed","ping_status":"closed","template":"","meta":{"_monsterinsights_skip_tracking":false,"_monsterinsights_sitenote_active":false,"_monsterinsights_sitenote_note":"","_monsterinsights_sitenote_category":0,"footnotes":""},"class_list":["post-9051","page","type-page","status-publish","hentry"],"aioseo_notices":[],"_links":{"self":[{"href":"https:\/\/wcf.de\/fr\/wp-json\/wp\/v2\/pages\/9051","targetHints":{"allow":["GET"]}}],"collection":[{"href":"https:\/\/wcf.de\/fr\/wp-json\/wp\/v2\/pages"}],"about":[{"href":"https:\/\/wcf.de\/fr\/wp-json\/wp\/v2\/types\/page"}],"author":[{"embeddable":true,"href":"https:\/\/wcf.de\/fr\/wp-json\/wp\/v2\/users\/1"}],"replies":[{"embeddable":true,"href":"https:\/\/wcf.de\/fr\/wp-json\/wp\/v2\/comments?post=9051"}],"version-history":[{"count":26,"href":"https:\/\/wcf.de\/fr\/wp-json\/wp\/v2\/pages\/9051\/revisions"}],"predecessor-version":[{"id":12766,"href":"https:\/\/wcf.de\/fr\/wp-json\/wp\/v2\/pages\/9051\/revisions\/12766"}],"wp:attachment":[{"href":"https:\/\/wcf.de\/fr\/wp-json\/wp\/v2\/media?parent=9051"}],"curies":[{"name":"wp","href":"https:\/\/api.w.org\/{rel}","templated":true}]}}