{"id":9190,"date":"2021-09-06T11:53:57","date_gmt":"2021-09-06T11:53:57","guid":{"rendered":"https:\/\/de7.wcf-test.de\/fr\/?page_id=9190"},"modified":"2021-12-24T15:12:21","modified_gmt":"2021-12-24T15:12:21","slug":"solide","status":"publish","type":"page","link":"https:\/\/wcf.de\/fr\/solide\/","title":{"rendered":"Solide"},"content":{"rendered":"\t\t<div data-elementor-type=\"wp-page\" data-elementor-id=\"9190\" class=\"elementor elementor-9190\" data-elementor-post-type=\"page\">\n\t\t\t\t\t\t<section class=\"elementor-section elementor-top-section elementor-element elementor-element-27121dbd elementor-section-full_width elementor-section-height-default elementor-section-height-default\" data-id=\"27121dbd\" data-element_type=\"section\" data-e-type=\"section\">\n\t\t\t\t\t\t<div class=\"elementor-container elementor-column-gap-default\">\n\t\t\t\t\t<div class=\"elementor-column elementor-col-100 elementor-top-column elementor-element elementor-element-79e33d60\" data-id=\"79e33d60\" data-element_type=\"column\" data-e-type=\"column\">\n\t\t\t<div class=\"elementor-widget-wrap elementor-element-populated\">\n\t\t\t\t\t\t<div class=\"elementor-element elementor-element-77f2bf47 elementor-widget elementor-widget-heading\" data-id=\"77f2bf47\" data-element_type=\"widget\" data-e-type=\"widget\" data-widget_type=\"heading.default\">\n\t\t\t\t<div class=\"elementor-widget-container\">\n\t\t\t\t\t<h5 class=\"elementor-heading-title elementor-size-large\">\nSOLIDE<\/h5>\t\t\t\t<\/div>\n\t\t\t\t<\/div>\n\t\t\t\t\t<\/div>\n\t\t<\/div>\n\t\t\t\t\t<\/div>\n\t\t<\/section>\n\t\t\t\t<section class=\"elementor-section elementor-top-section elementor-element elementor-element-553e6702 elementor-section-full_width elementor-section-height-default elementor-section-height-default\" data-id=\"553e6702\" data-element_type=\"section\" data-e-type=\"section\">\n\t\t\t\t\t\t<div class=\"elementor-container elementor-column-gap-default\">\n\t\t\t\t\t<div class=\"elementor-column elementor-col-100 elementor-top-column elementor-element elementor-element-72b600e7\" data-id=\"72b600e7\" data-element_type=\"column\" data-e-type=\"column\">\n\t\t\t<div class=\"elementor-widget-wrap elementor-element-populated\">\n\t\t\t\t\t\t<div class=\"elementor-element elementor-element-392d3eae elementor-widget elementor-widget-shortcode\" data-id=\"392d3eae\" data-element_type=\"widget\" data-e-type=\"widget\" data-widget_type=\"shortcode.default\">\n\t\t\t\t<div class=\"elementor-widget-container\">\n\t\t\t\t\t\t\t<div class=\"elementor-shortcode\">\n<table id=\"tablepress-5\" class=\"tablepress tablepress-id-5\">\n<thead>\n<tr class=\"row-1\">\n\t<th class=\"column-1\">Couleur<\/th><th class=\"column-2\">Couleur de robe<\/th><th class=\"column-3\">Truffe<\/th><th class=\"column-4\">Coussinets<\/th><th class=\"column-5\">Remarques<\/th>\n<\/tr>\n<\/thead>\n<tbody>\n<tr class=\"row-2\">\n\t<td class=\"column-1\"><strong>Blanc<\/strong><br \/>\nW-<\/td><td class=\"column-2\">blanc pur, sans aucune trace d'autre ombre de couleur<\/td><td class=\"column-3\">rose<\/td><td class=\"column-4\">rose<\/td><td class=\"column-5\">Les chatons ont souvent des taches l\u00e9g\u00e8rement color\u00e9es sur la t\u00eate, celles-ci disparaissent avec l'\u00e2ge.<\/td>\n<\/tr>\n<tr class=\"row-3\">\n\t<td class=\"column-1\"><strong>Noir<\/strong><br \/>\naa B- C- D- oY\/oo ww<\/td><td class=\"column-2\">noir corbeau, sans trace de rouille, pas de sous-poil gris<\/td><td class=\"column-3\">noir<\/td><td class=\"column-4\">noir<\/td><td class=\"column-5\"><a href=\"https:\/\/wcf.de\/fr\/remarques\/#rem1\" target=\"_blank\" rel=\"nofollow noopener\">Voir Remarques aux couleurs 1.<\/a><br \/>\n<a href=\"https:\/\/wcf.de\/fr\/remarques\/#rem3\" target=\"_blank\" rel=\"nofollow noopener\">Voir Remarques aux couleurs 3.<\/a><\/td>\n<\/tr>\n<tr class=\"row-4\">\n\t<td class=\"column-1\"><strong>Bleu<\/strong><br \/>\naa B- C- dd oY\/oo ww<\/td><td class=\"column-2\">Toutes les nuances de bleu sont permises, on pr\u00e9f\u00e9rera les nuances de bleu plus claires.<\/td><td class=\"column-3\">gris-bleu<\/td><td class=\"column-4\">gris-bleu<\/td><td class=\"column-5\"><a href=\"https:\/\/wcf.de\/fr\/remarques\/#rem1\" target=\"_blank\" rel=\"nofollow noopener\">Voir Remarques aux couleurs 1.<\/a><br \/>\n<a href=\"https:\/\/wcf.de\/fr\/remarques\/#rem3\" target=\"_blank\" rel=\"nofollow noopener\">Voir Remarques aux couleurs 3.<\/a><\/td>\n<\/tr>\n<tr class=\"row-5\">\n\t<td class=\"column-1\"><strong>Chocolat<\/strong><br \/>\naa bb\/bbl C- D- oY\/oo ww<\/td><td class=\"column-2\">Toutes les nuances de brun sont permises, sans trace de rouille, pas de sous-poil gris.<\/td><td class=\"column-3\">chocolat-au-lait<\/td><td class=\"column-4\">chocolat-au-lait<\/td><td class=\"column-5\"><a href=\"https:\/\/wcf.de\/fr\/remarques\/#rem1\" target=\"_blank\" rel=\"nofollow noopener\">Voir Remarques aux couleurs 1.<\/a><br \/>\n<a href=\"https:\/\/wcf.de\/fr\/remarques\/#rem3\" target=\"_blank\" rel=\"nofollow noopener\">Voir Remarques aux couleurs 3.<\/a><\/td>\n<\/tr>\n<tr class=\"row-6\">\n\t<td class=\"column-1\"><strong>Lilas<\/strong><br \/>\naa bb\/bbl C- dd oY\/oo ww<\/td><td class=\"column-2\">gris glacial l\u00e9g\u00e8rement nuanc\u00e9 de rose<\/td><td class=\"column-3\">rose-lavande<\/td><td class=\"column-4\">rose-lavande<\/td><td class=\"column-5\"><a href=\"https:\/\/wcf.de\/fr\/remarques\/#rem1\" target=\"_blank\" rel=\"nofollow noopener\">Voir Remarques aux couleurs 1.<\/a><\/td>\n<\/tr>\n<tr class=\"row-7\">\n\t<td class=\"column-1\"><strong>Cannelle<\/strong><br \/>\naa blbl C- D- oY\/oo ww<\/td><td class=\"column-2\">brun clair \u00e0 brun-cannelle<\/td><td class=\"column-3\">cannelle<\/td><td class=\"column-4\">cannelle<\/td><td class=\"column-5\"><a href=\"https:\/\/wcf.de\/fr\/remarques\/#rem1\" target=\"_blank\" rel=\"nofollow noopener\">Voir Remarques aux couleurs 1.<\/a><\/td>\n<\/tr>\n<tr class=\"row-8\">\n\t<td class=\"column-1\"><strong>Faon<\/strong><br \/>\naa blbl C- dd oY\/oo ww<\/td><td class=\"column-2\">beige clair<\/td><td class=\"column-3\">rose clair<\/td><td class=\"column-4\">rose clair<\/td><td class=\"column-5\"><a href=\"https:\/\/wcf.de\/fr\/remarques\/#rem1\" target=\"_blank\" rel=\"nofollow noopener\">Voir Remarques aux couleurs 1.<\/a><\/td>\n<\/tr>\n<tr class=\"row-9\">\n\t<td class=\"column-1\"><strong>Rouge<\/strong><br \/>\naa C- D- OY\/OO ww<\/td><td class=\"column-2\">rouge profond, fonc\u00e9 et chaud<\/td><td class=\"column-3\">rouge-brique<\/td><td class=\"column-4\">rouge-brique<\/td><td class=\"column-5\"><a href=\"https:\/\/wcf.de\/fr\/remarques\/#rem1\" target=\"_blank\" rel=\"nofollow noopener\">Voir Remarques aux couleurs 1.<\/a><br \/>\n<a href=\"https:\/\/wcf.de\/fr\/remarques\/#rem2\" target=\"_blank\" rel=\"nofollow noopener\">Voir Remarques aux couleurs 2.<\/a><\/td>\n<\/tr>\n<tr class=\"row-10\">\n\t<td class=\"column-1\"><strong>Cr\u00e8me<\/strong><br \/>\naa C- dd OY\/OO ww<\/td><td class=\"column-2\">cr\u00e8me pastel pur (pas de ton chaud), pas de sous-poil clair ou blanc<\/td><td class=\"column-3\">vieux rose<\/td><td class=\"column-4\">vieux rose<\/td><td class=\"column-5\"><a href=\"https:\/\/wcf.de\/fr\/remarques\/#rem1\" target=\"_blank\" rel=\"nofollow noopener\">Voir Remarques aux couleurs 1.<\/a><br \/>\n<a href=\"https:\/\/wcf.de\/fr\/remarques\/#rem2\" target=\"_blank\" rel=\"nofollow noopener\">Voir Remarques aux couleurs 2.<\/a><\/td>\n<\/tr>\n<\/tbody>\n<\/table>\n<!-- #tablepress-5 from cache --><\/div>\n\t\t\t\t\t\t<\/div>\n\t\t\t\t<\/div>\n\t\t\t\t\t<\/div>\n\t\t<\/div>\n\t\t\t\t\t<\/div>\n\t\t<\/section>\n\t\t\t\t<section class=\"elementor-section elementor-top-section elementor-element elementor-element-1e9cc34a elementor-section-full_width elementor-section-height-default elementor-section-height-default\" data-id=\"1e9cc34a\" data-element_type=\"section\" data-e-type=\"section\">\n\t\t\t\t\t\t<div class=\"elementor-container elementor-column-gap-default\">\n\t\t\t\t\t<div class=\"elementor-column elementor-col-33 elementor-top-column elementor-element elementor-element-7602e8d6\" data-id=\"7602e8d6\" data-element_type=\"column\" data-e-type=\"column\">\n\t\t\t<div class=\"elementor-widget-wrap elementor-element-populated\">\n\t\t\t\t\t\t<div class=\"elementor-element elementor-element-11758c50 elementor-widget elementor-widget-text-editor\" data-id=\"11758c50\" data-element_type=\"widget\" data-e-type=\"widget\" data-widget_type=\"text-editor.default\">\n\t\t\t\t<div class=\"elementor-widget-container\">\n\t\t\t\t\t\t\t\t\t<p>B- peut \u00eatre: BB ou Bb ou Bbl<\/p>\t\t\t\t\t\t\t\t<\/div>\n\t\t\t\t<\/div>\n\t\t\t\t\t<\/div>\n\t\t<\/div>\n\t\t\t\t<div class=\"elementor-column elementor-col-33 elementor-top-column elementor-element elementor-element-1b5a4548\" data-id=\"1b5a4548\" data-element_type=\"column\" data-e-type=\"column\">\n\t\t\t<div class=\"elementor-widget-wrap\">\n\t\t\t\t\t\t\t<\/div>\n\t\t<\/div>\n\t\t\t\t<div class=\"elementor-column elementor-col-33 elementor-top-column elementor-element elementor-element-14f49a96\" data-id=\"14f49a96\" data-element_type=\"column\" data-e-type=\"column\">\n\t\t\t<div class=\"elementor-widget-wrap elementor-element-populated\">\n\t\t\t\t\t\t<div class=\"elementor-element elementor-element-168d9929 elementor-widget elementor-widget-text-editor\" data-id=\"168d9929\" data-element_type=\"widget\" data-e-type=\"widget\" data-widget_type=\"text-editor.default\">\n\t\t\t\t<div class=\"elementor-widget-container\">\n\t\t\t\t\t\t\t\t\t<p>C- peut \u00eatre: CC ou Ccs ou Ccb<\/p>\t\t\t\t\t\t\t\t<\/div>\n\t\t\t\t<\/div>\n\t\t\t\t\t<\/div>\n\t\t<\/div>\n\t\t\t\t\t<\/div>\n\t\t<\/section>\n\t\t\t\t<section class=\"elementor-section elementor-top-section elementor-element elementor-element-cbff0c4 elementor-section-full_width elementor-section-height-default elementor-section-height-default\" data-id=\"cbff0c4\" data-element_type=\"section\" data-e-type=\"section\">\n\t\t\t\t\t\t<div class=\"elementor-container elementor-column-gap-default\">\n\t\t\t\t\t<div class=\"elementor-column elementor-col-33 elementor-top-column elementor-element elementor-element-6841cd47\" data-id=\"6841cd47\" data-element_type=\"column\" data-e-type=\"column\">\n\t\t\t<div class=\"elementor-widget-wrap elementor-element-populated\">\n\t\t\t\t\t\t<div class=\"elementor-element elementor-element-4bff95bd elementor-widget elementor-widget-text-editor\" data-id=\"4bff95bd\" data-element_type=\"widget\" data-e-type=\"widget\" data-widget_type=\"text-editor.default\">\n\t\t\t\t<div class=\"elementor-widget-container\">\n\t\t\t\t\t\t\t\t\t<p>D- peut \u00eatre: DD ou Dd<\/p>\t\t\t\t\t\t\t\t<\/div>\n\t\t\t\t<\/div>\n\t\t\t\t\t<\/div>\n\t\t<\/div>\n\t\t\t\t<div class=\"elementor-column elementor-col-33 elementor-top-column elementor-element elementor-element-7f2b342d\" data-id=\"7f2b342d\" data-element_type=\"column\" data-e-type=\"column\">\n\t\t\t<div class=\"elementor-widget-wrap\">\n\t\t\t\t\t\t\t<\/div>\n\t\t<\/div>\n\t\t\t\t<div class=\"elementor-column elementor-col-33 elementor-top-column elementor-element elementor-element-6d66f84f\" data-id=\"6d66f84f\" data-element_type=\"column\" data-e-type=\"column\">\n\t\t\t<div class=\"elementor-widget-wrap\">\n\t\t\t\t\t\t\t<\/div>\n\t\t<\/div>\n\t\t\t\t\t<\/div>\n\t\t<\/section>\n\t\t\t\t<section class=\"elementor-section elementor-top-section elementor-element elementor-element-69355687 elementor-section-full_width elementor-section-height-default elementor-section-height-default\" data-id=\"69355687\" data-element_type=\"section\" data-e-type=\"section\">\n\t\t\t\t\t\t<div class=\"elementor-container elementor-column-gap-default\">\n\t\t\t\t\t<div class=\"elementor-column elementor-col-50 elementor-top-column elementor-element elementor-element-4638eacc\" data-id=\"4638eacc\" data-element_type=\"column\" data-e-type=\"column\">\n\t\t\t<div class=\"elementor-widget-wrap elementor-element-populated\">\n\t\t\t\t\t\t<div class=\"elementor-element elementor-element-39da5675 elementor-widget elementor-widget-text-editor\" data-id=\"39da5675\" data-element_type=\"widget\" data-e-type=\"widget\" data-widget_type=\"text-editor.default\">\n\t\t\t\t<div class=\"elementor-widget-container\">\n\t\t\t\t\t\t\t\t\t<p>rouge \/ cr\u00e8me :<br \/>Le g\u00e8ne O colore toutes les couleurs au rouge. <br \/>Le g\u00e8ne O est sexe-li\u00e9.<br \/>Chez\u00a0OY\/OO gene B peut \u00eatre: B- ou bb ou bbl ou blbl<\/p>\t\t\t\t\t\t\t\t<\/div>\n\t\t\t\t<\/div>\n\t\t\t\t\t<\/div>\n\t\t<\/div>\n\t\t\t\t<div class=\"elementor-column elementor-col-50 elementor-top-column elementor-element elementor-element-368c3269\" data-id=\"368c3269\" data-element_type=\"column\" data-e-type=\"column\">\n\t\t\t<div class=\"elementor-widget-wrap elementor-element-populated\">\n\t\t\t\t\t\t<div class=\"elementor-element elementor-element-6be4e2e9 elementor-widget elementor-widget-text-editor\" data-id=\"6be4e2e9\" data-element_type=\"widget\" data-e-type=\"widget\" data-widget_type=\"text-editor.default\">\n\t\t\t\t<div class=\"elementor-widget-container\">\n\t\t\t\t\t\t\t\t\t<p>W- peut \u00eatre: WW ou Ww<br \/>Le g\u00e8ne W est un g\u00e8ne de mim\u00e9tisme, il camoufle tous les couleurs et dessins.<\/p>\t\t\t\t\t\t\t\t<\/div>\n\t\t\t\t<\/div>\n\t\t\t\t\t<\/div>\n\t\t<\/div>\n\t\t\t\t\t<\/div>\n\t\t<\/section>\n\t\t\t\t<section class=\"elementor-section elementor-top-section elementor-element elementor-element-33188299 elementor-section-full_width elementor-section-height-default elementor-section-height-default\" data-id=\"33188299\" data-element_type=\"section\" data-e-type=\"section\">\n\t\t\t\t\t\t<div class=\"elementor-container elementor-column-gap-default\">\n\t\t\t\t\t<div class=\"elementor-column elementor-col-50 elementor-top-column elementor-element elementor-element-2909df9\" data-id=\"2909df9\" data-element_type=\"column\" data-e-type=\"column\">\n\t\t\t<div class=\"elementor-widget-wrap elementor-element-populated\">\n\t\t\t\t\t\t<div class=\"elementor-element elementor-element-d3ed193 elementor-widget elementor-widget-text-editor\" data-id=\"d3ed193\" data-element_type=\"widget\" data-e-type=\"widget\" data-widget_type=\"text-editor.default\">\n\t\t\t\t<div class=\"elementor-widget-container\">\n\t\t\t\t\t\t\t\t\t<p>Chez toutes les couleurs:<br \/>E- ii ss =tout motif tabby=<\/p>\t\t\t\t\t\t\t\t<\/div>\n\t\t\t\t<\/div>\n\t\t\t\t\t<\/div>\n\t\t<\/div>\n\t\t\t\t<div class=\"elementor-column elementor-col-50 elementor-top-column elementor-element elementor-element-adc71\" data-id=\"adc71\" data-element_type=\"column\" data-e-type=\"column\">\n\t\t\t<div class=\"elementor-widget-wrap\">\n\t\t\t\t\t\t\t<\/div>\n\t\t<\/div>\n\t\t\t\t\t<\/div>\n\t\t<\/section>\n\t\t\t\t<section class=\"elementor-section elementor-top-section elementor-element elementor-element-37966291 elementor-section-full_width elementor-section-height-default elementor-section-height-default\" data-id=\"37966291\" data-element_type=\"section\" data-e-type=\"section\">\n\t\t\t\t\t\t<div class=\"elementor-container elementor-column-gap-default\">\n\t\t\t\t\t<div class=\"elementor-column elementor-col-33 elementor-top-column elementor-element elementor-element-79fc7f92\" data-id=\"79fc7f92\" data-element_type=\"column\" data-e-type=\"column\">\n\t\t\t<div class=\"elementor-widget-wrap\">\n\t\t\t\t\t\t\t<\/div>\n\t\t<\/div>\n\t\t\t\t<div class=\"elementor-column elementor-col-66 elementor-top-column elementor-element elementor-element-8f1c851\" data-id=\"8f1c851\" data-element_type=\"column\" data-e-type=\"column\">\n\t\t\t<div class=\"elementor-widget-wrap\">\n\t\t\t\t\t\t\t<\/div>\n\t\t<\/div>\n\t\t\t\t\t<\/div>\n\t\t<\/section>\n\t\t\t\t<section class=\"elementor-section elementor-top-section elementor-element elementor-element-5c37b63f elementor-section-full_width elementor-section-height-default elementor-section-height-default\" data-id=\"5c37b63f\" data-element_type=\"section\" data-e-type=\"section\">\n\t\t\t\t\t\t<div class=\"elementor-container elementor-column-gap-default\">\n\t\t\t\t\t<div class=\"elementor-column elementor-col-33 elementor-top-column elementor-element elementor-element-22b6fcf4\" data-id=\"22b6fcf4\" data-element_type=\"column\" data-e-type=\"column\">\n\t\t\t<div class=\"elementor-widget-wrap elementor-element-populated\">\n\t\t\t\t\t\t<div class=\"elementor-element elementor-element-6cf2db0c elementor-widget elementor-widget-text-editor\" data-id=\"6cf2db0c\" data-element_type=\"widget\" data-e-type=\"widget\" data-widget_type=\"text-editor.default\">\n\t\t\t\t<div class=\"elementor-widget-container\">\n\t\t\t\t\t\t\t\t\t<p><a href=\"https:\/\/wcf.de\/fr\/colours-fr\/\">retour aux couleurs<\/a><\/p>\t\t\t\t\t\t\t\t<\/div>\n\t\t\t\t<\/div>\n\t\t\t\t\t<\/div>\n\t\t<\/div>\n\t\t\t\t<div class=\"elementor-column elementor-col-66 elementor-top-column elementor-element elementor-element-c3e054b\" data-id=\"c3e054b\" data-element_type=\"column\" data-e-type=\"column\">\n\t\t\t<div class=\"elementor-widget-wrap\">\n\t\t\t\t\t\t\t<\/div>\n\t\t<\/div>\n\t\t\t\t\t<\/div>\n\t\t<\/section>\n\t\t\t\t<\/div>\n\t\t","protected":false},"excerpt":{"rendered":"<p>SOLIDE B- peut \u00eatre: BB ou Bb ou Bbl C- peut \u00eatre: CC ou Ccs ou Ccb D- peut \u00eatre: DD ou Dd rouge \/ cr\u00e8me : Le g\u00e8ne O colore toutes les couleurs au rouge. Le g\u00e8ne O est sexe-li\u00e9. Chez&nbsp;OY\/OO gene B peut \u00eatre: B- ou bb ou bbl ou blbl W- peut [&hellip;]<\/p>\n","protected":false},"author":1,"featured_media":0,"parent":0,"menu_order":0,"comment_status":"closed","ping_status":"closed","template":"","meta":{"_monsterinsights_skip_tracking":false,"_monsterinsights_sitenote_active":false,"_monsterinsights_sitenote_note":"","_monsterinsights_sitenote_category":0,"footnotes":""},"class_list":["post-9190","page","type-page","status-publish","hentry"],"aioseo_notices":[],"_links":{"self":[{"href":"https:\/\/wcf.de\/fr\/wp-json\/wp\/v2\/pages\/9190","targetHints":{"allow":["GET"]}}],"collection":[{"href":"https:\/\/wcf.de\/fr\/wp-json\/wp\/v2\/pages"}],"about":[{"href":"https:\/\/wcf.de\/fr\/wp-json\/wp\/v2\/types\/page"}],"author":[{"embeddable":true,"href":"https:\/\/wcf.de\/fr\/wp-json\/wp\/v2\/users\/1"}],"replies":[{"embeddable":true,"href":"https:\/\/wcf.de\/fr\/wp-json\/wp\/v2\/comments?post=9190"}],"version-history":[{"count":9,"href":"https:\/\/wcf.de\/fr\/wp-json\/wp\/v2\/pages\/9190\/revisions"}],"predecessor-version":[{"id":10865,"href":"https:\/\/wcf.de\/fr\/wp-json\/wp\/v2\/pages\/9190\/revisions\/10865"}],"wp:attachment":[{"href":"https:\/\/wcf.de\/fr\/wp-json\/wp\/v2\/media?parent=9190"}],"curies":[{"name":"wp","href":"https:\/\/api.w.org\/{rel}","templated":true}]}}