{"id":9229,"date":"2021-09-06T13:57:29","date_gmt":"2021-09-06T13:57:29","guid":{"rendered":"https:\/\/de7.wcf-test.de\/fr\/?page_id=9229"},"modified":"2021-12-24T15:15:11","modified_gmt":"2021-12-24T15:15:11","slug":"bicolore","status":"publish","type":"page","link":"https:\/\/wcf.de\/fr\/bicolore\/","title":{"rendered":"Bicolore"},"content":{"rendered":"\t\t<div data-elementor-type=\"wp-page\" data-elementor-id=\"9229\" class=\"elementor elementor-9229\" data-elementor-post-type=\"page\">\n\t\t\t\t\t\t<section class=\"elementor-section elementor-top-section elementor-element elementor-element-6d85cdde elementor-section-full_width elementor-section-height-default elementor-section-height-default\" data-id=\"6d85cdde\" data-element_type=\"section\" data-e-type=\"section\">\n\t\t\t\t\t\t<div class=\"elementor-container elementor-column-gap-default\">\n\t\t\t\t\t<div class=\"elementor-column elementor-col-100 elementor-top-column elementor-element elementor-element-5efcbfb5\" data-id=\"5efcbfb5\" data-element_type=\"column\" data-e-type=\"column\">\n\t\t\t<div class=\"elementor-widget-wrap elementor-element-populated\">\n\t\t\t\t\t\t<div class=\"elementor-element elementor-element-76848d07 elementor-widget elementor-widget-heading\" data-id=\"76848d07\" data-element_type=\"widget\" data-e-type=\"widget\" data-widget_type=\"heading.default\">\n\t\t\t\t<div class=\"elementor-widget-container\">\n\t\t\t\t\t<h5 class=\"elementor-heading-title elementor-size-large\">\nBICOLORE (SOLIDE ET BLANC)<br>BICOLORE, ARLEQUIN, VAN, AVEC BLANC<\/h5>\t\t\t\t<\/div>\n\t\t\t\t<\/div>\n\t\t\t\t\t<\/div>\n\t\t<\/div>\n\t\t\t\t\t<\/div>\n\t\t<\/section>\n\t\t\t\t<section class=\"elementor-section elementor-top-section elementor-element elementor-element-6dbf1e7d elementor-section-full_width elementor-section-height-default elementor-section-height-default\" data-id=\"6dbf1e7d\" data-element_type=\"section\" data-e-type=\"section\">\n\t\t\t\t\t\t<div class=\"elementor-container elementor-column-gap-default\">\n\t\t\t\t\t<div class=\"elementor-column elementor-col-100 elementor-top-column elementor-element elementor-element-277d2029\" data-id=\"277d2029\" data-element_type=\"column\" data-e-type=\"column\">\n\t\t\t<div class=\"elementor-widget-wrap elementor-element-populated\">\n\t\t\t\t\t\t<div class=\"elementor-element elementor-element-1a431ef5 elementor-widget elementor-widget-shortcode\" data-id=\"1a431ef5\" data-element_type=\"widget\" data-e-type=\"widget\" data-widget_type=\"shortcode.default\">\n\t\t\t\t<div class=\"elementor-widget-container\">\n\t\t\t\t\t\t\t<div class=\"elementor-shortcode\">\n<table id=\"tablepress-7\" class=\"tablepress tablepress-id-7\">\n<thead>\n<tr class=\"row-1\">\n\t<th class=\"column-1\">Couleur<\/th><th class=\"column-2\">Couleur de robe<\/th><th class=\"column-3\">Truffe<\/th><th class=\"column-4\">Coussinets<\/th><th class=\"column-5\">Remarques<\/th>\n<\/tr>\n<\/thead>\n<tbody>\n<tr class=\"row-2\">\n\t<td class=\"column-1\"><strong>Noir, Bicolore, Arlequin, Van, avec blanc<\/strong><br \/>\naa B- C- D- oY\/oo Ss<br \/>\naa B- C- D- oY\/oo SS<\/td><td class=\"column-2\">noir corbeau, sans trace de rouille, pas de sous-poil gris<br \/>\net blanc<\/td><td class=\"column-3\">Dans les r\u00e9gions color\u00e9es noir, dans les r\u00e9gions blanches rose.<\/td><td class=\"column-4\">Dans les r\u00e9gions color\u00e9es noir, dans les r\u00e9gions blanches rose.<\/td><td class=\"column-5\"><a href=\"https:\/\/wcf.de\/fr\/remarques\/#rem1\" target=\"_blank\" rel=\"nofollow noopener\">Voir Remarques aux couleurs 1.<\/a><\/td>\n<\/tr>\n<tr class=\"row-3\">\n\t<td class=\"column-1\"><strong>Bleu<br \/>\nBicolore, Arlequin, Van,<br \/>\navec blanc<\/strong><br \/>\naa B- C- dd oY\/oo Ss<br \/>\naa B- C- dd oY\/oo SS<\/td><td class=\"column-2\">Toute nuance de bleu est permise. On pr\u00e9f\u00e9ra<br \/>\nle bleu plus clair. et blanc<\/td><td class=\"column-3\">Dans les r\u00e9gions color\u00e9es gris-bleu, dans les r\u00e9gions blanches rose.<\/td><td class=\"column-4\">Dans les r\u00e9gions color\u00e9es gris-bleu, dans les r\u00e9gions blanches rose.<\/td><td class=\"column-5\"><a href=\"https:\/\/wcf.de\/fr\/remarques\/#rem1\" target=\"_blank\" rel=\"nofollow noopener\">Voir Remarques aux couleurs 1.<\/a><\/td>\n<\/tr>\n<tr class=\"row-4\">\n\t<td class=\"column-1\"><strong>Chocolat<br \/>\nBicolore, Arlequin, Van,<br \/>\navec blanc<\/strong><br \/>\naa bb\/bbl C- D- oY\/oo Ss<br \/>\naa bb\/bbl C- D- oY\/oo SS<\/td><td class=\"column-2\">Tout nuance de brun est permise, sans trace<br \/>\nde rouille,  pas de sous-poil gris. et blanc<\/td><td class=\"column-3\">Dans les r\u00e9gions color\u00e9es cannelle \u00e0 chocolat, dans les r\u00e9gions blanches rose.<\/td><td class=\"column-4\">Dans les r\u00e9gions color\u00e9es cannelle \u00e0 chocolat, dans les r\u00e9gions blanches rose.<\/td><td class=\"column-5\"><a href=\"https:\/\/wcf.de\/fr\/remarques\/#rem1\" target=\"_blank\" rel=\"nofollow noopener\">Voir Remarques aux couleurs 1.<\/a><\/td>\n<\/tr>\n<tr class=\"row-5\">\n\t<td class=\"column-1\"><strong>Lilas<br \/>\nBicolore, Arlequin, Van,<br \/>\navec blanc<\/strong><br \/>\naa bb\/bbl C- dd oY\/oo Ss<br \/>\naa bb\/bbl C- dd oY\/oo SS<\/td><td class=\"column-2\">gris de glace l\u00e9g\u00e8rement nuanc\u00e9 de rose et blanc<\/td><td class=\"column-3\">Dans les r\u00e9gions color\u00e9es rose-lavande, dans les r\u00e9gions blanches rose.<\/td><td class=\"column-4\">Dans les r\u00e9gions color\u00e9es rose-lavande, dans les r\u00e9gions blanches rose.<\/td><td class=\"column-5\"><a href=\"https:\/\/wcf.de\/fr\/remarques\/#rem1\" target=\"_blank\" rel=\"nofollow noopener\">Voir Remarques aux couleurs 1.<\/a><\/td>\n<\/tr>\n<tr class=\"row-6\">\n\t<td class=\"column-1\"><strong>Cannelle<br \/>\nBicolore, Arlequin, Van,<br \/>\navec blanc<\/strong><br \/>\naa blbl C- D- oY\/oo Ss<br \/>\naa blbl C- D- oY\/oo SS<\/td><td class=\"column-2\">brun clair \u00e0 brun-cannelle et blanc<\/td><td class=\"column-3\">Dans les r\u00e9gions color\u00e9es cannelle, dans les r\u00e9gions blanches rose.<\/td><td class=\"column-4\">Dans les r\u00e9gions color\u00e9es cannelle, dans les r\u00e9gions blanches rose.<\/td><td class=\"column-5\"><a href=\"https:\/\/wcf.de\/fr\/remarques\/#rem1\" target=\"_blank\" rel=\"nofollow noopener\">Voir Remarques aux couleurs 1.<\/a><\/td>\n<\/tr>\n<tr class=\"row-7\">\n\t<td class=\"column-1\"><strong>Faon<br \/>\nBicolore, Arlequin, Van,<br \/>\navec blanc<\/strong><br \/>\naa blbl C- dd oY\/oo Ss<br \/>\naa blbl C- dd oY\/oo SS<\/td><td class=\"column-2\">beige clair et blanc<\/td><td class=\"column-3\">Dans les r\u00e9gions color\u00e9es rose clair, dans les r\u00e9gions blanches rose.<\/td><td class=\"column-4\">Dans les r\u00e9gions color\u00e9es rose clair, dans les r\u00e9gions blanches rose.<\/td><td class=\"column-5\"><a href=\"https:\/\/wcf.de\/fr\/remarques\/#rem1\" target=\"_blank\" rel=\"nofollow noopener\">Voir Remarques aux couleurs 1.<\/a><\/td>\n<\/tr>\n<tr class=\"row-8\">\n\t<td class=\"column-1\"><strong>Rouge<br \/>\nBicolore, Arlequin, Van,<br \/>\navec blanc<\/strong><br \/>\naa C- D- OY\/OO Ss<br \/>\naa C- D- OY\/OO SS<\/td><td class=\"column-2\">rouge profond, fonc\u00e9 et chaud et blanc<\/td><td class=\"column-3\">Dans les r\u00e9gions color\u00e9es rouge-brique, dans les r\u00e9gions blanches rose.<\/td><td class=\"column-4\">Dans les r\u00e9gions color\u00e9es rouge-brique, dans les r\u00e9gions blanches rose.<\/td><td class=\"column-5\"><a href=\"https:\/\/wcf.de\/fr\/remarques\/#rem1\" target=\"_blank\" rel=\"nofollow noopener\">Voir Remarques aux couleurs 1.<\/a><\/td>\n<\/tr>\n<tr class=\"row-9\">\n\t<td class=\"column-1\"><strong>Cr\u00e8me<br \/>\nBicolore, Arlequin, Van,<br \/>\navec blanc<\/strong><br \/>\naa C- dd OY\/OO Ss<br \/>\naa C- dd OY\/OO SS<\/td><td class=\"column-2\">cr\u00e8me pastel pur (pas de ton chaud),<br \/>\npas des racines claires ou blanches et blanc<\/td><td class=\"column-3\">Dans les r\u00e9gions color\u00e9es vieux rose, dans les r\u00e9gions blanches rose.<\/td><td class=\"column-4\">Dans les r\u00e9gions color\u00e9es vieux rose, dans les r\u00e9gions blanches rose.<\/td><td class=\"column-5\"><a href=\"https:\/\/wcf.de\/fr\/remarques\/#rem1\" target=\"_blank\" rel=\"nofollow noopener\">Voir Remarques aux couleurs 1.<\/a><\/td>\n<\/tr>\n<\/tbody>\n<\/table>\n<!-- #tablepress-7 from cache --><\/div>\n\t\t\t\t\t\t<\/div>\n\t\t\t\t<\/div>\n\t\t\t\t\t<\/div>\n\t\t<\/div>\n\t\t\t\t\t<\/div>\n\t\t<\/section>\n\t\t\t\t<section class=\"elementor-section elementor-top-section elementor-element elementor-element-5edc8b8c elementor-section-full_width elementor-section-height-default elementor-section-height-default\" data-id=\"5edc8b8c\" data-element_type=\"section\" data-e-type=\"section\">\n\t\t\t\t\t\t<div class=\"elementor-container elementor-column-gap-default\">\n\t\t\t\t\t<div class=\"elementor-column elementor-col-33 elementor-top-column elementor-element elementor-element-6f1f0ca6\" data-id=\"6f1f0ca6\" data-element_type=\"column\" data-e-type=\"column\">\n\t\t\t<div class=\"elementor-widget-wrap elementor-element-populated\">\n\t\t\t\t\t\t<div class=\"elementor-element elementor-element-3ba356a4 elementor-widget elementor-widget-text-editor\" data-id=\"3ba356a4\" data-element_type=\"widget\" data-e-type=\"widget\" data-widget_type=\"text-editor.default\">\n\t\t\t\t<div class=\"elementor-widget-container\">\n\t\t\t\t\t\t\t\t\t<p>B- peut \u00eatre: BB ou Bb ou Bbl<\/p>\t\t\t\t\t\t\t\t<\/div>\n\t\t\t\t<\/div>\n\t\t\t\t\t<\/div>\n\t\t<\/div>\n\t\t\t\t<div class=\"elementor-column elementor-col-33 elementor-top-column elementor-element elementor-element-49d808a9\" data-id=\"49d808a9\" data-element_type=\"column\" data-e-type=\"column\">\n\t\t\t<div class=\"elementor-widget-wrap\">\n\t\t\t\t\t\t\t<\/div>\n\t\t<\/div>\n\t\t\t\t<div class=\"elementor-column elementor-col-33 elementor-top-column elementor-element elementor-element-6de37f16\" data-id=\"6de37f16\" data-element_type=\"column\" data-e-type=\"column\">\n\t\t\t<div class=\"elementor-widget-wrap elementor-element-populated\">\n\t\t\t\t\t\t<div class=\"elementor-element elementor-element-7a3c0020 elementor-widget elementor-widget-text-editor\" data-id=\"7a3c0020\" data-element_type=\"widget\" data-e-type=\"widget\" data-widget_type=\"text-editor.default\">\n\t\t\t\t<div class=\"elementor-widget-container\">\n\t\t\t\t\t\t\t\t\t<p>C- peut \u00eatre: CC ou Ccs ou Ccb<\/p>\t\t\t\t\t\t\t\t<\/div>\n\t\t\t\t<\/div>\n\t\t\t\t\t<\/div>\n\t\t<\/div>\n\t\t\t\t\t<\/div>\n\t\t<\/section>\n\t\t\t\t<section class=\"elementor-section elementor-top-section elementor-element elementor-element-36965e6a elementor-section-full_width elementor-section-height-default elementor-section-height-default\" data-id=\"36965e6a\" data-element_type=\"section\" data-e-type=\"section\">\n\t\t\t\t\t\t<div class=\"elementor-container elementor-column-gap-default\">\n\t\t\t\t\t<div class=\"elementor-column elementor-col-33 elementor-top-column elementor-element elementor-element-8eba46d\" data-id=\"8eba46d\" data-element_type=\"column\" data-e-type=\"column\">\n\t\t\t<div class=\"elementor-widget-wrap elementor-element-populated\">\n\t\t\t\t\t\t<div class=\"elementor-element elementor-element-2b4bfa44 elementor-widget elementor-widget-text-editor\" data-id=\"2b4bfa44\" data-element_type=\"widget\" data-e-type=\"widget\" data-widget_type=\"text-editor.default\">\n\t\t\t\t<div class=\"elementor-widget-container\">\n\t\t\t\t\t\t\t\t\t<p>D- peut \u00eatre: DD ou Dd<\/p>\t\t\t\t\t\t\t\t<\/div>\n\t\t\t\t<\/div>\n\t\t\t\t\t<\/div>\n\t\t<\/div>\n\t\t\t\t<div class=\"elementor-column elementor-col-33 elementor-top-column elementor-element elementor-element-150ce57\" data-id=\"150ce57\" data-element_type=\"column\" data-e-type=\"column\">\n\t\t\t<div class=\"elementor-widget-wrap\">\n\t\t\t\t\t\t\t<\/div>\n\t\t<\/div>\n\t\t\t\t<div class=\"elementor-column elementor-col-33 elementor-top-column elementor-element elementor-element-5d934d20\" data-id=\"5d934d20\" data-element_type=\"column\" data-e-type=\"column\">\n\t\t\t<div class=\"elementor-widget-wrap\">\n\t\t\t\t\t\t\t<\/div>\n\t\t<\/div>\n\t\t\t\t\t<\/div>\n\t\t<\/section>\n\t\t\t\t<section class=\"elementor-section elementor-top-section elementor-element elementor-element-4f23fceb elementor-section-full_width elementor-section-height-default elementor-section-height-default\" data-id=\"4f23fceb\" data-element_type=\"section\" data-e-type=\"section\">\n\t\t\t\t\t\t<div class=\"elementor-container elementor-column-gap-default\">\n\t\t\t\t\t<div class=\"elementor-column elementor-col-50 elementor-top-column elementor-element elementor-element-10add612\" data-id=\"10add612\" data-element_type=\"column\" data-e-type=\"column\">\n\t\t\t<div class=\"elementor-widget-wrap elementor-element-populated\">\n\t\t\t\t\t\t<div class=\"elementor-element elementor-element-7388ba8a elementor-widget elementor-widget-text-editor\" data-id=\"7388ba8a\" data-element_type=\"widget\" data-e-type=\"widget\" data-widget_type=\"text-editor.default\">\n\t\t\t\t<div class=\"elementor-widget-container\">\n\t\t\t\t\t\t\t\t\t<p>Chez OY\/OO \u00a0le g\u00e8ne B peut \u00eatre: B- ou bb ou bbl ou blbl<\/p>\t\t\t\t\t\t\t\t<\/div>\n\t\t\t\t<\/div>\n\t\t\t\t\t<\/div>\n\t\t<\/div>\n\t\t\t\t<div class=\"elementor-column elementor-col-50 elementor-top-column elementor-element elementor-element-65960ff2\" data-id=\"65960ff2\" data-element_type=\"column\" data-e-type=\"column\">\n\t\t\t<div class=\"elementor-widget-wrap elementor-element-populated\">\n\t\t\t\t\t\t<div class=\"elementor-element elementor-element-57cde3ad elementor-widget elementor-widget-text-editor\" data-id=\"57cde3ad\" data-element_type=\"widget\" data-e-type=\"widget\" data-widget_type=\"text-editor.default\">\n\t\t\t\t<div class=\"elementor-widget-container\">\n\t\t\t\t\t\t\t\t\t<p>Le g\u00e8ne O est sexe-li\u00e9.<br \/>Le g\u00e8ne O colore toutes les couleurs au rouge, aussi chocolat et cannelle.<\/p>\t\t\t\t\t\t\t\t<\/div>\n\t\t\t\t<\/div>\n\t\t\t\t\t<\/div>\n\t\t<\/div>\n\t\t\t\t\t<\/div>\n\t\t<\/section>\n\t\t\t\t<section class=\"elementor-section elementor-top-section elementor-element elementor-element-1a2b9c8d elementor-section-full_width elementor-section-height-default elementor-section-height-default\" data-id=\"1a2b9c8d\" data-element_type=\"section\" data-e-type=\"section\">\n\t\t\t\t\t\t<div class=\"elementor-container elementor-column-gap-default\">\n\t\t\t\t\t<div class=\"elementor-column elementor-col-50 elementor-top-column elementor-element elementor-element-1e2aea48\" data-id=\"1e2aea48\" data-element_type=\"column\" data-e-type=\"column\">\n\t\t\t<div class=\"elementor-widget-wrap elementor-element-populated\">\n\t\t\t\t\t\t<div class=\"elementor-element elementor-element-70541c4f elementor-widget elementor-widget-text-editor\" data-id=\"70541c4f\" data-element_type=\"widget\" data-e-type=\"widget\" data-widget_type=\"text-editor.default\">\n\t\t\t\t<div class=\"elementor-widget-container\">\n\t\t\t\t\t\t\t\t\t<p><strong>Mitted n&#8217;est pas d\u00e9crit ici.<\/strong><\/p>\t\t\t\t\t\t\t\t<\/div>\n\t\t\t\t<\/div>\n\t\t\t\t\t<\/div>\n\t\t<\/div>\n\t\t\t\t<div class=\"elementor-column elementor-col-50 elementor-top-column elementor-element elementor-element-4657aa6\" data-id=\"4657aa6\" data-element_type=\"column\" data-e-type=\"column\">\n\t\t\t<div class=\"elementor-widget-wrap\">\n\t\t\t\t\t\t\t<\/div>\n\t\t<\/div>\n\t\t\t\t\t<\/div>\n\t\t<\/section>\n\t\t\t\t<section class=\"elementor-section elementor-top-section elementor-element elementor-element-3cfb28f4 elementor-section-full_width elementor-section-height-default elementor-section-height-default\" data-id=\"3cfb28f4\" data-element_type=\"section\" data-e-type=\"section\">\n\t\t\t\t\t\t<div class=\"elementor-container elementor-column-gap-default\">\n\t\t\t\t\t<div class=\"elementor-column elementor-col-50 elementor-top-column elementor-element elementor-element-4818818b\" data-id=\"4818818b\" data-element_type=\"column\" data-e-type=\"column\">\n\t\t\t<div class=\"elementor-widget-wrap elementor-element-populated\">\n\t\t\t\t\t\t<div class=\"elementor-element elementor-element-38ff7588 elementor-widget elementor-widget-text-editor\" data-id=\"38ff7588\" data-element_type=\"widget\" data-e-type=\"widget\" data-widget_type=\"text-editor.default\">\n\t\t\t\t<div class=\"elementor-widget-container\">\n\t\t\t\t\t\t\t\t\t<p>Chez toutes les couleurs:<br \/>E- ii =tout motif tabby= wbwb ww<\/p>\t\t\t\t\t\t\t\t<\/div>\n\t\t\t\t<\/div>\n\t\t\t\t\t<\/div>\n\t\t<\/div>\n\t\t\t\t<div class=\"elementor-column elementor-col-50 elementor-top-column elementor-element elementor-element-4a723dab\" data-id=\"4a723dab\" data-element_type=\"column\" data-e-type=\"column\">\n\t\t\t<div class=\"elementor-widget-wrap elementor-element-populated\">\n\t\t\t\t\t\t<div class=\"elementor-element elementor-element-3705534a elementor-widget elementor-widget-text-editor\" data-id=\"3705534a\" data-element_type=\"widget\" data-e-type=\"widget\" data-widget_type=\"text-editor.default\">\n\t\t\t\t<div class=\"elementor-widget-container\">\n\t\t\t\t\t\t\t\t\t<p>Tous les chats ont un motif tabby, qui n&#8217;est pas \u00e9vident chez les chats non-agouti,<br \/>\u00e0 moins que chez la couleur rouge et cr\u00e8me.<\/p>\t\t\t\t\t\t\t\t<\/div>\n\t\t\t\t<\/div>\n\t\t\t\t\t<\/div>\n\t\t<\/div>\n\t\t\t\t\t<\/div>\n\t\t<\/section>\n\t\t\t\t<section class=\"elementor-section elementor-top-section elementor-element elementor-element-19cc02bb elementor-section-full_width elementor-section-height-default elementor-section-height-default\" data-id=\"19cc02bb\" data-element_type=\"section\" data-e-type=\"section\">\n\t\t\t\t\t\t<div class=\"elementor-container elementor-column-gap-default\">\n\t\t\t\t\t<div class=\"elementor-column elementor-col-33 elementor-top-column elementor-element elementor-element-2362780f\" data-id=\"2362780f\" data-element_type=\"column\" data-e-type=\"column\">\n\t\t\t<div class=\"elementor-widget-wrap\">\n\t\t\t\t\t\t\t<\/div>\n\t\t<\/div>\n\t\t\t\t<div class=\"elementor-column elementor-col-66 elementor-top-column elementor-element elementor-element-6b9306a8\" data-id=\"6b9306a8\" data-element_type=\"column\" data-e-type=\"column\">\n\t\t\t<div class=\"elementor-widget-wrap\">\n\t\t\t\t\t\t\t<\/div>\n\t\t<\/div>\n\t\t\t\t\t<\/div>\n\t\t<\/section>\n\t\t\t\t<section class=\"elementor-section elementor-top-section elementor-element elementor-element-75bb4aca elementor-section-full_width elementor-section-height-default elementor-section-height-default\" data-id=\"75bb4aca\" data-element_type=\"section\" data-e-type=\"section\">\n\t\t\t\t\t\t<div class=\"elementor-container elementor-column-gap-default\">\n\t\t\t\t\t<div class=\"elementor-column elementor-col-33 elementor-top-column elementor-element elementor-element-66e91d82\" data-id=\"66e91d82\" data-element_type=\"column\" data-e-type=\"column\">\n\t\t\t<div class=\"elementor-widget-wrap elementor-element-populated\">\n\t\t\t\t\t\t<div class=\"elementor-element elementor-element-3c7c9423 elementor-widget elementor-widget-text-editor\" data-id=\"3c7c9423\" data-element_type=\"widget\" data-e-type=\"widget\" data-widget_type=\"text-editor.default\">\n\t\t\t\t<div class=\"elementor-widget-container\">\n\t\t\t\t\t\t\t\t\t<p><a href=\"https:\/\/wcf.de\/fr\/colours-fr\/\">retour aux couleurs<\/a><\/p>\t\t\t\t\t\t\t\t<\/div>\n\t\t\t\t<\/div>\n\t\t\t\t\t<\/div>\n\t\t<\/div>\n\t\t\t\t<div class=\"elementor-column elementor-col-66 elementor-top-column elementor-element elementor-element-21d52742\" data-id=\"21d52742\" data-element_type=\"column\" data-e-type=\"column\">\n\t\t\t<div class=\"elementor-widget-wrap\">\n\t\t\t\t\t\t\t<\/div>\n\t\t<\/div>\n\t\t\t\t\t<\/div>\n\t\t<\/section>\n\t\t\t\t<\/div>\n\t\t","protected":false},"excerpt":{"rendered":"<p>BICOLORE (SOLIDE ET BLANC) BICOLORE, ARLEQUIN, VAN, AVEC BLANC B- peut \u00eatre: BB ou Bb ou Bbl C- peut \u00eatre: CC ou Ccs ou Ccb D- peut \u00eatre: DD ou Dd Chez OY\/OO &nbsp;le g\u00e8ne B peut \u00eatre: B- ou bb ou bbl ou blbl Le g\u00e8ne O est sexe-li\u00e9. Le g\u00e8ne O colore toutes [&hellip;]<\/p>\n","protected":false},"author":1,"featured_media":0,"parent":0,"menu_order":0,"comment_status":"closed","ping_status":"closed","template":"","meta":{"_monsterinsights_skip_tracking":false,"_monsterinsights_sitenote_active":false,"_monsterinsights_sitenote_note":"","_monsterinsights_sitenote_category":0,"footnotes":""},"class_list":["post-9229","page","type-page","status-publish","hentry"],"aioseo_notices":[],"_links":{"self":[{"href":"https:\/\/wcf.de\/fr\/wp-json\/wp\/v2\/pages\/9229","targetHints":{"allow":["GET"]}}],"collection":[{"href":"https:\/\/wcf.de\/fr\/wp-json\/wp\/v2\/pages"}],"about":[{"href":"https:\/\/wcf.de\/fr\/wp-json\/wp\/v2\/types\/page"}],"author":[{"embeddable":true,"href":"https:\/\/wcf.de\/fr\/wp-json\/wp\/v2\/users\/1"}],"replies":[{"embeddable":true,"href":"https:\/\/wcf.de\/fr\/wp-json\/wp\/v2\/comments?post=9229"}],"version-history":[{"count":9,"href":"https:\/\/wcf.de\/fr\/wp-json\/wp\/v2\/pages\/9229\/revisions"}],"predecessor-version":[{"id":10873,"href":"https:\/\/wcf.de\/fr\/wp-json\/wp\/v2\/pages\/9229\/revisions\/10873"}],"wp:attachment":[{"href":"https:\/\/wcf.de\/fr\/wp-json\/wp\/v2\/media?parent=9229"}],"curies":[{"name":"wp","href":"https:\/\/api.w.org\/{rel}","templated":true}]}}