{"id":9258,"date":"2021-09-07T12:01:29","date_gmt":"2021-09-07T12:01:29","guid":{"rendered":"https:\/\/de7.wcf-test.de\/fr\/?page_id=9258"},"modified":"2021-12-24T15:16:45","modified_gmt":"2021-12-24T15:16:45","slug":"tricolore","status":"publish","type":"page","link":"https:\/\/wcf.de\/fr\/tricolore\/","title":{"rendered":"Tricolore"},"content":{"rendered":"\t\t<div data-elementor-type=\"wp-page\" data-elementor-id=\"9258\" class=\"elementor elementor-9258\" data-elementor-post-type=\"page\">\n\t\t\t\t\t\t<section class=\"elementor-section elementor-top-section elementor-element elementor-element-260c57 elementor-section-full_width elementor-section-height-default elementor-section-height-default\" data-id=\"260c57\" data-element_type=\"section\" data-e-type=\"section\">\n\t\t\t\t\t\t<div class=\"elementor-container elementor-column-gap-default\">\n\t\t\t\t\t<div class=\"elementor-column elementor-col-100 elementor-top-column elementor-element elementor-element-6faf45ab\" data-id=\"6faf45ab\" data-element_type=\"column\" data-e-type=\"column\">\n\t\t\t<div class=\"elementor-widget-wrap elementor-element-populated\">\n\t\t\t\t\t\t<div class=\"elementor-element elementor-element-2fc1d054 elementor-widget elementor-widget-heading\" data-id=\"2fc1d054\" data-element_type=\"widget\" data-e-type=\"widget\" data-widget_type=\"heading.default\">\n\t\t\t\t<div class=\"elementor-widget-container\">\n\t\t\t\t\t<h5 class=\"elementor-heading-title elementor-size-large\">\nTRICOLORE (\u00c9CAILLE ET BLANC)<\/h5>\t\t\t\t<\/div>\n\t\t\t\t<\/div>\n\t\t\t\t\t<\/div>\n\t\t<\/div>\n\t\t\t\t\t<\/div>\n\t\t<\/section>\n\t\t\t\t<section class=\"elementor-section elementor-top-section elementor-element elementor-element-5231a468 elementor-section-full_width elementor-section-height-default elementor-section-height-default\" data-id=\"5231a468\" data-element_type=\"section\" data-e-type=\"section\">\n\t\t\t\t\t\t<div class=\"elementor-container elementor-column-gap-default\">\n\t\t\t\t\t<div class=\"elementor-column elementor-col-100 elementor-top-column elementor-element elementor-element-539ec282\" data-id=\"539ec282\" data-element_type=\"column\" data-e-type=\"column\">\n\t\t\t<div class=\"elementor-widget-wrap elementor-element-populated\">\n\t\t\t\t\t\t<div class=\"elementor-element elementor-element-7840e18c elementor-widget elementor-widget-shortcode\" data-id=\"7840e18c\" data-element_type=\"widget\" data-e-type=\"widget\" data-widget_type=\"shortcode.default\">\n\t\t\t\t<div class=\"elementor-widget-container\">\n\t\t\t\t\t\t\t<div class=\"elementor-shortcode\">\n<table id=\"tablepress-8\" class=\"tablepress tablepress-id-8\">\n<thead>\n<tr class=\"row-1\">\n\t<th class=\"column-1\">Couleur<\/th><th class=\"column-2\">Couleur de robe<\/th><th class=\"column-3\">Truffe<\/th><th class=\"column-4\">Coussinets<\/th>\n<\/tr>\n<\/thead>\n<tbody>\n<tr class=\"row-2\">\n\t<td class=\"column-1\"><strong>\u00c9caille<br \/>\nTricolore, Arlequin, Van,<br \/>\navec blanc<\/strong><br \/>\naa B- C- D- Oo Ss<br \/>\naa B- C- D- Oo SS<\/td><td class=\"column-2\">noir et rouge et blanc<\/td><td class=\"column-3\">Dans les r\u00e9gions noires noir, dans les r\u00e9gions rouges rouge-brique, dans les r\u00e9gions blanches rose.<\/td><td class=\"column-4\">Dans les r\u00e9gions noires noir, dans les r\u00e9gions rouges rouge-brique, dans les r\u00e9gions blanches rose.<\/td>\n<\/tr>\n<tr class=\"row-3\">\n\t<td class=\"column-1\"><strong>\u00c9caille Bleu<br \/>\nTricolore, Arlequin, Van,<br \/>\navec blanc<\/strong><br \/>\naa B- C- dd Oo Ss<br \/>\naa B- C- dd Oo SS<\/td><td class=\"column-2\">bleu clair et cr\u00e8me pastel et blanc<\/td><td class=\"column-3\">Dans les r\u00e9gions bleues gris-bleu, dans les r\u00e9gions cr\u00e8mes vieux rose, dans les r\u00e9gions blanches rose.<\/td><td class=\"column-4\">Dans les r\u00e9gions bleues gris-bleu, dans les r\u00e9gions cr\u00e8mes vieux rose, dans les r\u00e9gions blanches rose.<\/td>\n<\/tr>\n<tr class=\"row-4\">\n\t<td class=\"column-1\"><strong>\u00c9caille Chocolat<br \/>\nTricolore, Arlequin, Van,<br \/>\navec blanc<\/strong><br \/>\naa bb\/bbl C- D- Oo Ss<br \/>\naa bb\/bbl C- D- Oo SS<\/td><td class=\"column-2\">chocolat-au-lait et<br \/>\nrouge dilu\u00e9 et blanc<\/td><td class=\"column-3\">Dans les r\u00e9gions brunes chocolat-au-lait, dans les r\u00e9gions rouges dilu\u00e9es et blanches rose.<\/td><td class=\"column-4\">Dans les r\u00e9gions brunes chocolat-au-lait, dans les r\u00e9gions rouges dilu\u00e9es et blanches rose.<\/td>\n<\/tr>\n<tr class=\"row-5\">\n\t<td class=\"column-1\"><strong>\u00c9caille Lilas<br \/>\nTricolore, Arlequin, Van,<br \/>\navec blanc<\/strong><br \/>\naa bb\/bbl C- dd Oo Ss<br \/>\naa bb\/bbl C- dd Oo SS<\/td><td class=\"column-2\">gris de glace l\u00e9g\u00e8rement<br \/>\nnuanc\u00e9 de rose et cr\u00e8me clair et blanc<\/td><td class=\"column-3\">Dans les r\u00e9gions lilas rose-lavande, dans les r\u00e9gions cr\u00e8mes vieux rose,<br \/>\ndans les r\u00e9gions blanches rose.<\/td><td class=\"column-4\">Dans les r\u00e9gions lilas rose-lavande, dans les r\u00e9gions cr\u00e8mes vieux rose,<br \/>\ndans les r\u00e9gions blanches rose.<\/td>\n<\/tr>\n<tr class=\"row-6\">\n\t<td class=\"column-1\"><strong>\u00c9caille Cannelle<br \/>\nTricolore, Arlequin, Van,<br \/>\navec blanc<\/strong><br \/>\naa blbl C- D- Oo Ss<br \/>\naa blbl C- D- Oo SS<\/td><td class=\"column-2\">brun clair \u00e0 brun-cannelle<br \/>\net cr\u00e8me<\/td><td class=\"column-3\">Dans les r\u00e9gions brunes cannelle, dans les r\u00e9gions cr\u00e8mes vieux rose, dans les r\u00e9gions blanches rose.<\/td><td class=\"column-4\">Dans les r\u00e9gions brunes cannelle, dans les r\u00e9gions cr\u00e8mes vieux rose, dans les r\u00e9gions blanches rose.<\/td>\n<\/tr>\n<tr class=\"row-7\">\n\t<td class=\"column-1\"><strong>\u00c9caille Faon<br \/>\nTricolore, Arlequin, Van,<br \/>\navec blanc<\/strong><br \/>\naa blbl C- dd Oo Ss<br \/>\naa blbl C- dd Oo SS<\/td><td class=\"column-2\">beige clair et cr\u00e8me clair et blanc<\/td><td class=\"column-3\">Dans les r\u00e9gions beiges rose clair, dans les r\u00e9gions cr\u00e8mes et blanches rose.<\/td><td class=\"column-4\">Dans les r\u00e9gions beiges rose clair, dans les r\u00e9gions cr\u00e8mes et blanches rose.<\/td>\n<\/tr>\n<\/tbody>\n<\/table>\n<!-- #tablepress-8 from cache --><\/div>\n\t\t\t\t\t\t<\/div>\n\t\t\t\t<\/div>\n\t\t\t\t\t<\/div>\n\t\t<\/div>\n\t\t\t\t\t<\/div>\n\t\t<\/section>\n\t\t\t\t<section class=\"elementor-section elementor-top-section elementor-element elementor-element-c135ede elementor-section-full_width elementor-section-height-default elementor-section-height-default\" data-id=\"c135ede\" data-element_type=\"section\" data-e-type=\"section\">\n\t\t\t\t\t\t<div class=\"elementor-container elementor-column-gap-default\">\n\t\t\t\t\t<div class=\"elementor-column elementor-col-33 elementor-top-column elementor-element elementor-element-6f043fac\" data-id=\"6f043fac\" data-element_type=\"column\" data-e-type=\"column\">\n\t\t\t<div class=\"elementor-widget-wrap elementor-element-populated\">\n\t\t\t\t\t\t<div class=\"elementor-element elementor-element-68116a33 elementor-widget elementor-widget-text-editor\" data-id=\"68116a33\" data-element_type=\"widget\" data-e-type=\"widget\" data-widget_type=\"text-editor.default\">\n\t\t\t\t<div class=\"elementor-widget-container\">\n\t\t\t\t\t\t\t\t\t<p>B- peut \u00eatre: BB ou Bb ou Bbl<\/p>\t\t\t\t\t\t\t\t<\/div>\n\t\t\t\t<\/div>\n\t\t\t\t\t<\/div>\n\t\t<\/div>\n\t\t\t\t<div class=\"elementor-column elementor-col-33 elementor-top-column elementor-element elementor-element-75291cbf\" data-id=\"75291cbf\" data-element_type=\"column\" data-e-type=\"column\">\n\t\t\t<div class=\"elementor-widget-wrap\">\n\t\t\t\t\t\t\t<\/div>\n\t\t<\/div>\n\t\t\t\t<div class=\"elementor-column elementor-col-33 elementor-top-column elementor-element elementor-element-274ae213\" data-id=\"274ae213\" data-element_type=\"column\" data-e-type=\"column\">\n\t\t\t<div class=\"elementor-widget-wrap elementor-element-populated\">\n\t\t\t\t\t\t<div class=\"elementor-element elementor-element-89d0a3c elementor-widget elementor-widget-text-editor\" data-id=\"89d0a3c\" data-element_type=\"widget\" data-e-type=\"widget\" data-widget_type=\"text-editor.default\">\n\t\t\t\t<div class=\"elementor-widget-container\">\n\t\t\t\t\t\t\t\t\t<p>C- peut \u00eatre: CC ou Ccs ou Ccb<\/p>\t\t\t\t\t\t\t\t<\/div>\n\t\t\t\t<\/div>\n\t\t\t\t\t<\/div>\n\t\t<\/div>\n\t\t\t\t\t<\/div>\n\t\t<\/section>\n\t\t\t\t<section class=\"elementor-section elementor-top-section elementor-element elementor-element-55db38ed elementor-section-full_width elementor-section-height-default elementor-section-height-default\" data-id=\"55db38ed\" data-element_type=\"section\" data-e-type=\"section\">\n\t\t\t\t\t\t<div class=\"elementor-container elementor-column-gap-default\">\n\t\t\t\t\t<div class=\"elementor-column elementor-col-33 elementor-top-column elementor-element elementor-element-7d8fbb5f\" data-id=\"7d8fbb5f\" data-element_type=\"column\" data-e-type=\"column\">\n\t\t\t<div class=\"elementor-widget-wrap elementor-element-populated\">\n\t\t\t\t\t\t<div class=\"elementor-element elementor-element-20ce2efc elementor-widget elementor-widget-text-editor\" data-id=\"20ce2efc\" data-element_type=\"widget\" data-e-type=\"widget\" data-widget_type=\"text-editor.default\">\n\t\t\t\t<div class=\"elementor-widget-container\">\n\t\t\t\t\t\t\t\t\t<p>D- peut \u00eatre: DD ou Dd<\/p>\t\t\t\t\t\t\t\t<\/div>\n\t\t\t\t<\/div>\n\t\t\t\t\t<\/div>\n\t\t<\/div>\n\t\t\t\t<div class=\"elementor-column elementor-col-33 elementor-top-column elementor-element elementor-element-4d7fdce3\" data-id=\"4d7fdce3\" data-element_type=\"column\" data-e-type=\"column\">\n\t\t\t<div class=\"elementor-widget-wrap\">\n\t\t\t\t\t\t\t<\/div>\n\t\t<\/div>\n\t\t\t\t<div class=\"elementor-column elementor-col-33 elementor-top-column elementor-element elementor-element-1fc728d9\" data-id=\"1fc728d9\" data-element_type=\"column\" data-e-type=\"column\">\n\t\t\t<div class=\"elementor-widget-wrap\">\n\t\t\t\t\t\t\t<\/div>\n\t\t<\/div>\n\t\t\t\t\t<\/div>\n\t\t<\/section>\n\t\t\t\t<section class=\"elementor-section elementor-top-section elementor-element elementor-element-4c7f1d99 elementor-section-full_width elementor-section-height-default elementor-section-height-default\" data-id=\"4c7f1d99\" data-element_type=\"section\" data-e-type=\"section\">\n\t\t\t\t\t\t<div class=\"elementor-container elementor-column-gap-default\">\n\t\t\t\t\t<div class=\"elementor-column elementor-col-50 elementor-top-column elementor-element elementor-element-2df0a4fe\" data-id=\"2df0a4fe\" data-element_type=\"column\" data-e-type=\"column\">\n\t\t\t<div class=\"elementor-widget-wrap elementor-element-populated\">\n\t\t\t\t\t\t<div class=\"elementor-element elementor-element-659819cf elementor-widget elementor-widget-text-editor\" data-id=\"659819cf\" data-element_type=\"widget\" data-e-type=\"widget\" data-widget_type=\"text-editor.default\">\n\t\t\t\t<div class=\"elementor-widget-container\">\n\t\t\t\t\t\t\t\t\t<p><strong>Mitted n&#8217;est pas d\u00e9crit ici.<\/strong><\/p>\t\t\t\t\t\t\t\t<\/div>\n\t\t\t\t<\/div>\n\t\t\t\t\t<\/div>\n\t\t<\/div>\n\t\t\t\t<div class=\"elementor-column elementor-col-50 elementor-top-column elementor-element elementor-element-2c3a64db\" data-id=\"2c3a64db\" data-element_type=\"column\" data-e-type=\"column\">\n\t\t\t<div class=\"elementor-widget-wrap\">\n\t\t\t\t\t\t\t<\/div>\n\t\t<\/div>\n\t\t\t\t\t<\/div>\n\t\t<\/section>\n\t\t\t\t<section class=\"elementor-section elementor-top-section elementor-element elementor-element-1e20b0cc elementor-section-full_width elementor-section-height-default elementor-section-height-default\" data-id=\"1e20b0cc\" data-element_type=\"section\" data-e-type=\"section\">\n\t\t\t\t\t\t<div class=\"elementor-container elementor-column-gap-default\">\n\t\t\t\t\t<div class=\"elementor-column elementor-col-50 elementor-top-column elementor-element elementor-element-2503fc59\" data-id=\"2503fc59\" data-element_type=\"column\" data-e-type=\"column\">\n\t\t\t<div class=\"elementor-widget-wrap elementor-element-populated\">\n\t\t\t\t\t\t<div class=\"elementor-element elementor-element-9bb0557 elementor-widget elementor-widget-text-editor\" data-id=\"9bb0557\" data-element_type=\"widget\" data-e-type=\"widget\" data-widget_type=\"text-editor.default\">\n\t\t\t\t<div class=\"elementor-widget-container\">\n\t\t\t\t\t\t\t\t\t<p>Chez toutes les couleurs:<br \/>E- ii =tout motif tabby= wbwb ww<\/p>\t\t\t\t\t\t\t\t<\/div>\n\t\t\t\t<\/div>\n\t\t\t\t\t<\/div>\n\t\t<\/div>\n\t\t\t\t<div class=\"elementor-column elementor-col-50 elementor-top-column elementor-element elementor-element-73210b3b\" data-id=\"73210b3b\" data-element_type=\"column\" data-e-type=\"column\">\n\t\t\t<div class=\"elementor-widget-wrap elementor-element-populated\">\n\t\t\t\t\t\t<div class=\"elementor-element elementor-element-40637af2 elementor-widget elementor-widget-text-editor\" data-id=\"40637af2\" data-element_type=\"widget\" data-e-type=\"widget\" data-widget_type=\"text-editor.default\">\n\t\t\t\t<div class=\"elementor-widget-container\">\n\t\t\t\t\t\t\t\t\t<p>Tous les chats ont un motif tabby, qui n&#8217;est pas \u00e9vident chez les chats non-agouti, \u00e0 moins que chez les r\u00e9gions de couleur rouge et cr\u00e8me.<\/p>\t\t\t\t\t\t\t\t<\/div>\n\t\t\t\t<\/div>\n\t\t\t\t\t<\/div>\n\t\t<\/div>\n\t\t\t\t\t<\/div>\n\t\t<\/section>\n\t\t\t\t<section class=\"elementor-section elementor-top-section elementor-element elementor-element-6e91201e elementor-section-full_width elementor-section-height-default elementor-section-height-default\" data-id=\"6e91201e\" data-element_type=\"section\" data-e-type=\"section\">\n\t\t\t\t\t\t<div class=\"elementor-container elementor-column-gap-default\">\n\t\t\t\t\t<div class=\"elementor-column elementor-col-33 elementor-top-column elementor-element elementor-element-39c64f5\" data-id=\"39c64f5\" data-element_type=\"column\" data-e-type=\"column\">\n\t\t\t<div class=\"elementor-widget-wrap\">\n\t\t\t\t\t\t\t<\/div>\n\t\t<\/div>\n\t\t\t\t<div class=\"elementor-column elementor-col-66 elementor-top-column elementor-element elementor-element-3ba6efc3\" data-id=\"3ba6efc3\" data-element_type=\"column\" data-e-type=\"column\">\n\t\t\t<div class=\"elementor-widget-wrap\">\n\t\t\t\t\t\t\t<\/div>\n\t\t<\/div>\n\t\t\t\t\t<\/div>\n\t\t<\/section>\n\t\t\t\t<section class=\"elementor-section elementor-top-section elementor-element elementor-element-7dcb095 elementor-section-full_width elementor-section-height-default elementor-section-height-default\" data-id=\"7dcb095\" data-element_type=\"section\" data-e-type=\"section\">\n\t\t\t\t\t\t<div class=\"elementor-container elementor-column-gap-default\">\n\t\t\t\t\t<div class=\"elementor-column elementor-col-33 elementor-top-column elementor-element elementor-element-5b9936e7\" data-id=\"5b9936e7\" data-element_type=\"column\" data-e-type=\"column\">\n\t\t\t<div class=\"elementor-widget-wrap elementor-element-populated\">\n\t\t\t\t\t\t<div class=\"elementor-element elementor-element-56143b86 elementor-widget elementor-widget-text-editor\" data-id=\"56143b86\" data-element_type=\"widget\" data-e-type=\"widget\" data-widget_type=\"text-editor.default\">\n\t\t\t\t<div class=\"elementor-widget-container\">\n\t\t\t\t\t\t\t\t\t<p><a href=\"https:\/\/wcf.de\/fr\/colours-fr\/\">retour aux couleurs<\/a><\/p>\t\t\t\t\t\t\t\t<\/div>\n\t\t\t\t<\/div>\n\t\t\t\t\t<\/div>\n\t\t<\/div>\n\t\t\t\t<div class=\"elementor-column elementor-col-66 elementor-top-column elementor-element elementor-element-c72a059\" data-id=\"c72a059\" data-element_type=\"column\" data-e-type=\"column\">\n\t\t\t<div class=\"elementor-widget-wrap\">\n\t\t\t\t\t\t\t<\/div>\n\t\t<\/div>\n\t\t\t\t\t<\/div>\n\t\t<\/section>\n\t\t\t\t<\/div>\n\t\t","protected":false},"excerpt":{"rendered":"<p>TRICOLORE (\u00c9CAILLE ET BLANC) B- peut \u00eatre: BB ou Bb ou Bbl C- peut \u00eatre: CC ou Ccs ou Ccb D- peut \u00eatre: DD ou Dd Mitted n&#8217;est pas d\u00e9crit ici. Chez toutes les couleurs: E- ii =tout motif tabby= wbwb ww Tous les chats ont un motif tabby, qui n&#8217;est pas \u00e9vident chez les [&hellip;]<\/p>\n","protected":false},"author":1,"featured_media":0,"parent":0,"menu_order":0,"comment_status":"closed","ping_status":"closed","template":"","meta":{"_monsterinsights_skip_tracking":false,"_monsterinsights_sitenote_active":false,"_monsterinsights_sitenote_note":"","_monsterinsights_sitenote_category":0,"footnotes":""},"class_list":["post-9258","page","type-page","status-publish","hentry"],"aioseo_notices":[],"_links":{"self":[{"href":"https:\/\/wcf.de\/fr\/wp-json\/wp\/v2\/pages\/9258","targetHints":{"allow":["GET"]}}],"collection":[{"href":"https:\/\/wcf.de\/fr\/wp-json\/wp\/v2\/pages"}],"about":[{"href":"https:\/\/wcf.de\/fr\/wp-json\/wp\/v2\/types\/page"}],"author":[{"embeddable":true,"href":"https:\/\/wcf.de\/fr\/wp-json\/wp\/v2\/users\/1"}],"replies":[{"embeddable":true,"href":"https:\/\/wcf.de\/fr\/wp-json\/wp\/v2\/comments?post=9258"}],"version-history":[{"count":9,"href":"https:\/\/wcf.de\/fr\/wp-json\/wp\/v2\/pages\/9258\/revisions"}],"predecessor-version":[{"id":10877,"href":"https:\/\/wcf.de\/fr\/wp-json\/wp\/v2\/pages\/9258\/revisions\/10877"}],"wp:attachment":[{"href":"https:\/\/wcf.de\/fr\/wp-json\/wp\/v2\/media?parent=9258"}],"curies":[{"name":"wp","href":"https:\/\/api.w.org\/{rel}","templated":true}]}}