{"id":9272,"date":"2021-09-07T12:40:10","date_gmt":"2021-09-07T12:40:10","guid":{"rendered":"https:\/\/de7.wcf-test.de\/fr\/?page_id=9272"},"modified":"2021-12-24T15:18:24","modified_gmt":"2021-12-24T15:18:24","slug":"smoke","status":"publish","type":"page","link":"https:\/\/wcf.de\/fr\/smoke\/","title":{"rendered":"Smoke"},"content":{"rendered":"\t\t<div data-elementor-type=\"wp-page\" data-elementor-id=\"9272\" class=\"elementor elementor-9272\" data-elementor-post-type=\"page\">\n\t\t\t\t\t\t<section class=\"elementor-section elementor-top-section elementor-element elementor-element-c7e30bd elementor-section-full_width elementor-section-height-default elementor-section-height-default\" data-id=\"c7e30bd\" data-element_type=\"section\" data-e-type=\"section\">\n\t\t\t\t\t\t<div class=\"elementor-container elementor-column-gap-default\">\n\t\t\t\t\t<div class=\"elementor-column elementor-col-100 elementor-top-column elementor-element elementor-element-1730a467\" data-id=\"1730a467\" data-element_type=\"column\" data-e-type=\"column\">\n\t\t\t<div class=\"elementor-widget-wrap elementor-element-populated\">\n\t\t\t\t\t\t<div class=\"elementor-element elementor-element-47fa4ac6 elementor-widget elementor-widget-heading\" data-id=\"47fa4ac6\" data-element_type=\"widget\" data-e-type=\"widget\" data-widget_type=\"heading.default\">\n\t\t\t\t<div class=\"elementor-widget-container\">\n\t\t\t\t\t<h5 class=\"elementor-heading-title elementor-size-large\">SMOKE<\/h5>\t\t\t\t<\/div>\n\t\t\t\t<\/div>\n\t\t\t\t\t<\/div>\n\t\t<\/div>\n\t\t\t\t\t<\/div>\n\t\t<\/section>\n\t\t\t\t<section class=\"elementor-section elementor-top-section elementor-element elementor-element-49341c19 elementor-section-full_width elementor-section-height-default elementor-section-height-default\" data-id=\"49341c19\" data-element_type=\"section\" data-e-type=\"section\">\n\t\t\t\t\t\t<div class=\"elementor-container elementor-column-gap-default\">\n\t\t\t\t\t<div class=\"elementor-column elementor-col-100 elementor-top-column elementor-element elementor-element-45c1fc50\" data-id=\"45c1fc50\" data-element_type=\"column\" data-e-type=\"column\">\n\t\t\t<div class=\"elementor-widget-wrap elementor-element-populated\">\n\t\t\t\t\t\t<div class=\"elementor-element elementor-element-1c6912b1 elementor-widget elementor-widget-shortcode\" data-id=\"1c6912b1\" data-element_type=\"widget\" data-e-type=\"widget\" data-widget_type=\"shortcode.default\">\n\t\t\t\t<div class=\"elementor-widget-container\">\n\t\t\t\t\t\t\t<div class=\"elementor-shortcode\">\n<table id=\"tablepress-9\" class=\"tablepress tablepress-id-9\">\n<thead>\n<tr class=\"row-1\">\n\t<th class=\"column-1\">Couleur<\/th><th class=\"column-2\">Couleur de robe<\/th><th class=\"column-3\">Truffe<\/th><th class=\"column-4\">Coussinets<\/th><th class=\"column-5\">Remarques<\/th>\n<\/tr>\n<\/thead>\n<tbody>\n<tr class=\"row-2\">\n\t<td class=\"column-1\"><strong>Noir Smoke<\/strong><br \/>\naa B- C- D- I- oY\/oo<\/td><td class=\"column-2\">blanc argent\u00e9 tipped de noir<\/td><td class=\"column-3\">noir<\/td><td class=\"column-4\">noir<\/td><td class=\"column-5\"><a href=\"https:\/\/wcf.de\/fr\/remarques\/#rem4\" target=\"_blank\" rel=\"nofollow noopener\">Voir Remarques aux couleurs 4.<\/a><\/td>\n<\/tr>\n<tr class=\"row-3\">\n\t<td class=\"column-1\"><strong>Bleu Smoke<\/strong><br \/>\naa B- C- dd I- oY\/oo<\/td><td class=\"column-2\">blanc argent\u00e9 tipped de bleu<\/td><td class=\"column-3\">gris-bleu<\/td><td class=\"column-4\">gris-bleu<\/td><td class=\"column-5\"><a href=\"https:\/\/wcf.de\/fr\/remarques\/#rem4\" target=\"_blank\" rel=\"nofollow noopener\">Voir Remarques aux couleurs 4.<\/a><\/td>\n<\/tr>\n<tr class=\"row-4\">\n\t<td class=\"column-1\"><strong>Chocolat Smoke<\/strong><br \/>\naa bb\/bbl C- D- I- oY\/oo<\/td><td class=\"column-2\">blanc argent\u00e9 tipped de brun<\/td><td class=\"column-3\">chocolat-au-lait<\/td><td class=\"column-4\">chocolat-au-lait<\/td><td class=\"column-5\"><a href=\"https:\/\/wcf.de\/fr\/remarques\/#rem4\" target=\"_blank\" rel=\"nofollow noopener\">Voir Remarques aux couleurs 4.<\/a><\/td>\n<\/tr>\n<tr class=\"row-5\">\n\t<td class=\"column-1\"><strong>Lilas Smoke<\/strong><br \/>\naa bb\/bbl C- dd I- oY\/oo<\/td><td class=\"column-2\">blanc argent\u00e9 tipped de gris glacial<\/td><td class=\"column-3\">rose-lavande<\/td><td class=\"column-4\">rose-lavande<\/td><td class=\"column-5\"><a href=\"https:\/\/wcf.de\/fr\/remarques\/#rem4\" target=\"_blank\" rel=\"nofollow noopener\">Voir Remarques aux couleurs 4.<\/a><\/td>\n<\/tr>\n<tr class=\"row-6\">\n\t<td class=\"column-1\"><strong>Cannelle Smoke<\/strong><br \/>\naa blbl C- D- I- oY\/oo<\/td><td class=\"column-2\">blanc argent\u00e9 tipped de brun-cannelle<\/td><td class=\"column-3\">brun-cannelle<\/td><td class=\"column-4\">brun-cannelle<\/td><td class=\"column-5\"><a href=\"https:\/\/wcf.de\/fr\/remarques\/#rem4\" target=\"_blank\" rel=\"nofollow noopener\">Voir Remarques aux couleurs 4.<\/a><\/td>\n<\/tr>\n<tr class=\"row-7\">\n\t<td class=\"column-1\"><strong>Faon Smoke<\/strong><br \/>\naa blbl C- dd I- oY\/oo<\/td><td class=\"column-2\">blanc argent\u00e9 tipped de beige<\/td><td class=\"column-3\">rose clair<\/td><td class=\"column-4\">rose clair<\/td><td class=\"column-5\"><a href=\"https:\/\/wcf.de\/fr\/remarques\/#rem4\" target=\"_blank\" rel=\"nofollow noopener\">Voir Remarques aux couleurs 4.<\/a><\/td>\n<\/tr>\n<tr class=\"row-8\">\n\t<td class=\"column-1\"><strong>Rouge Smoke<\/strong><br \/>\naa C- D- I- OY\/OO<\/td><td class=\"column-2\">blanc argent\u00e9 tipped de rouge profond et fonc\u00e9<\/td><td class=\"column-3\">rose fonc\u00e9<\/td><td class=\"column-4\">rose fonc\u00e9<\/td><td class=\"column-5\"><a href=\"https:\/\/wcf.de\/fr\/remarques\/#rem4\" target=\"_blank\" rel=\"nofollow noopener\">Voir Remarques aux couleurs 4.<\/a><\/td>\n<\/tr>\n<tr class=\"row-9\">\n\t<td class=\"column-1\"><strong>Cr\u00e8me Smoke<\/strong><br \/>\naa C- dd I- OY\/OO<\/td><td class=\"column-2\">blanc argent\u00e9 tipped de cr\u00e8me pastel<\/td><td class=\"column-3\">vieux rose<\/td><td class=\"column-4\">vieux rose<\/td><td class=\"column-5\"><a href=\"https:\/\/wcf.de\/fr\/remarques\/#rem4\" target=\"_blank\" rel=\"nofollow noopener\">Voir Remarques aux couleurs 4.<\/a><\/td>\n<\/tr>\n<tr class=\"row-10\">\n\t<td class=\"column-1\"><strong>\u00c9caille Smoke<\/strong><br \/>\naa B- C- D- I- Oo<\/td><td class=\"column-2\">blanc argent\u00e9 tipped de noir et rouge<\/td><td class=\"column-3\">Dans les r\u00e9gions noires noir, dans les r\u00e9gions rouges rose fonc\u00e9.<\/td><td class=\"column-4\">Dans les r\u00e9gions noires noir, dans les r\u00e9gions rouges rose fonc\u00e9.<\/td><td class=\"column-5\"><a href=\"https:\/\/wcf.de\/fr\/remarques\/#rem4\" target=\"_blank\" rel=\"nofollow noopener\">Voir Remarques aux couleurs 4.<\/a><\/td>\n<\/tr>\n<tr class=\"row-11\">\n\t<td class=\"column-1\"><strong>\u00c9caille Bleu Smoke<\/strong><br \/>\naa B- C- dd I- Oo<\/td><td class=\"column-2\">blanc argent\u00e9 tipped de bleu et cr\u00e8me<\/td><td class=\"column-3\">Dans les r\u00e9gions bleues gris-bleu, dans les r\u00e9gions cr\u00e8mes rose.<\/td><td class=\"column-4\">Dans les r\u00e9gions bleues gris-bleu, dans les r\u00e9gions cr\u00e8mes rose.<\/td><td class=\"column-5\"><a href=\"https:\/\/wcf.de\/fr\/remarques\/#rem4\" target=\"_blank\" rel=\"nofollow noopener\">Voir Remarques aux couleurs 4.<\/a><\/td>\n<\/tr>\n<tr class=\"row-12\">\n\t<td class=\"column-1\"><strong>\u00c9caille Chocolat Smoke<\/strong><br \/>\naa bb\/bbl C- D- I- Oo<\/td><td class=\"column-2\">blanc argent\u00e9 tipped de brun et rouge dilu\u00e9<\/td><td class=\"column-3\">Dans les r\u00e9gions brunes brun-cannelle \u00e0 chocolat-au-lait, dans les r\u00e9gions rouges dilu\u00e9es rose.<\/td><td class=\"column-4\">Dans les r\u00e9gions brunes chocolat-au-lait, dans les r\u00e9gions rouges dilu\u00e9es rose.<\/td><td class=\"column-5\"><a href=\"https:\/\/wcf.de\/fr\/remarques\/#rem4\" target=\"_blank\" rel=\"nofollow noopener\">Voir Remarques aux couleurs 4.<\/a><\/td>\n<\/tr>\n<tr class=\"row-13\">\n\t<td class=\"column-1\"><strong>\u00c9caille Lilas Smoke<\/strong><br \/>\naa bb\/bbl C- dd I- Oo<\/td><td class=\"column-2\">blanc argent\u00e9 tipped de gris glacial et cr\u00e8me clair<\/td><td class=\"column-3\">Dans les r\u00e9gions lilas rose-lavande, dans les r\u00e9gions cr\u00e8mes rose clair.<\/td><td class=\"column-4\">Dans les r\u00e9gions lilas rose-lavande, dans les r\u00e9gions cr\u00e8mes rose clair.<\/td><td class=\"column-5\"><a href=\"https:\/\/wcf.de\/fr\/remarques\/#rem4\" target=\"_blank\" rel=\"nofollow noopener\">Voir Remarques aux couleurs 4.<\/a><\/td>\n<\/tr>\n<tr class=\"row-14\">\n\t<td class=\"column-1\"><strong>\u00c9caille Cannelle Smoke<\/strong><br \/>\naa blbl C- D- I- Oo<\/td><td class=\"column-2\">blanc argent\u00e9 tipped de brun clair \u00e0 cannelle et cr\u00e8me<\/td><td class=\"column-3\">Dans les r\u00e9gions brunes cannelle, dans les r\u00e9gions cr\u00e8mes rose clair.<\/td><td class=\"column-4\">Dans les r\u00e9gions brunes cannelle, dans les r\u00e9gions cr\u00e8mes rose clair.<\/td><td class=\"column-5\"><a href=\"https:\/\/wcf.de\/fr\/remarques\/#rem4\" target=\"_blank\" rel=\"nofollow noopener\">Voir Remarques aux couleurs 4.<\/a><\/td>\n<\/tr>\n<tr class=\"row-15\">\n\t<td class=\"column-1\"><strong>\u00c9caille Faon Smoke<\/strong><br \/>\naa blbl C- dd I- Oo<\/td><td class=\"column-2\">blanc argent\u00e9 tipped de beige clair et cr\u00e8me clair<\/td><td class=\"column-3\">Dans les r\u00e9gions beiges rose clair, dans les r\u00e9gions cr\u00e8mes rose.<\/td><td class=\"column-4\">Dans les r\u00e9gions beiges rose clair, dans les r\u00e9gions cr\u00e8mes rose.<\/td><td class=\"column-5\"><a href=\"https:\/\/wcf.de\/fr\/remarques\/#rem4\" target=\"_blank\" rel=\"nofollow noopener\">Voir Remarques aux couleurs 4.<\/a><\/td>\n<\/tr>\n<\/tbody>\n<\/table>\n<!-- #tablepress-9 from cache --><\/div>\n\t\t\t\t\t\t<\/div>\n\t\t\t\t<\/div>\n\t\t\t\t\t<\/div>\n\t\t<\/div>\n\t\t\t\t\t<\/div>\n\t\t<\/section>\n\t\t\t\t<section class=\"elementor-section elementor-top-section elementor-element elementor-element-33bab335 elementor-section-full_width elementor-section-height-default elementor-section-height-default\" data-id=\"33bab335\" data-element_type=\"section\" data-e-type=\"section\">\n\t\t\t\t\t\t<div class=\"elementor-container elementor-column-gap-default\">\n\t\t\t\t\t<div class=\"elementor-column elementor-col-33 elementor-top-column elementor-element elementor-element-1213f29b\" data-id=\"1213f29b\" data-element_type=\"column\" data-e-type=\"column\">\n\t\t\t<div class=\"elementor-widget-wrap elementor-element-populated\">\n\t\t\t\t\t\t<div class=\"elementor-element elementor-element-5d24ea12 elementor-widget elementor-widget-text-editor\" data-id=\"5d24ea12\" data-element_type=\"widget\" data-e-type=\"widget\" data-widget_type=\"text-editor.default\">\n\t\t\t\t<div class=\"elementor-widget-container\">\n\t\t\t\t\t\t\t\t\t<p>B- peut \u00eatre: BB ou Bb ou Bbl<\/p>\t\t\t\t\t\t\t\t<\/div>\n\t\t\t\t<\/div>\n\t\t\t\t\t<\/div>\n\t\t<\/div>\n\t\t\t\t<div class=\"elementor-column elementor-col-33 elementor-top-column elementor-element elementor-element-39e2a2fb\" data-id=\"39e2a2fb\" data-element_type=\"column\" data-e-type=\"column\">\n\t\t\t<div class=\"elementor-widget-wrap\">\n\t\t\t\t\t\t\t<\/div>\n\t\t<\/div>\n\t\t\t\t<div class=\"elementor-column elementor-col-33 elementor-top-column elementor-element elementor-element-72c6943a\" data-id=\"72c6943a\" data-element_type=\"column\" data-e-type=\"column\">\n\t\t\t<div class=\"elementor-widget-wrap elementor-element-populated\">\n\t\t\t\t\t\t<div class=\"elementor-element elementor-element-7046d91b elementor-widget elementor-widget-text-editor\" data-id=\"7046d91b\" data-element_type=\"widget\" data-e-type=\"widget\" data-widget_type=\"text-editor.default\">\n\t\t\t\t<div class=\"elementor-widget-container\">\n\t\t\t\t\t\t\t\t\t<p>C- peut \u00eatre: CC ou Ccs ou Ccb<\/p>\t\t\t\t\t\t\t\t<\/div>\n\t\t\t\t<\/div>\n\t\t\t\t\t<\/div>\n\t\t<\/div>\n\t\t\t\t\t<\/div>\n\t\t<\/section>\n\t\t\t\t<section class=\"elementor-section elementor-top-section elementor-element elementor-element-44388efc elementor-section-full_width elementor-section-height-default elementor-section-height-default\" data-id=\"44388efc\" data-element_type=\"section\" data-e-type=\"section\">\n\t\t\t\t\t\t<div class=\"elementor-container elementor-column-gap-default\">\n\t\t\t\t\t<div class=\"elementor-column elementor-col-33 elementor-top-column elementor-element elementor-element-15120be2\" data-id=\"15120be2\" data-element_type=\"column\" data-e-type=\"column\">\n\t\t\t<div class=\"elementor-widget-wrap elementor-element-populated\">\n\t\t\t\t\t\t<div class=\"elementor-element elementor-element-2a23041f elementor-widget elementor-widget-text-editor\" data-id=\"2a23041f\" data-element_type=\"widget\" data-e-type=\"widget\" data-widget_type=\"text-editor.default\">\n\t\t\t\t<div class=\"elementor-widget-container\">\n\t\t\t\t\t\t\t\t\t<p>D- peut \u00eatre: DD ou Dd<\/p>\t\t\t\t\t\t\t\t<\/div>\n\t\t\t\t<\/div>\n\t\t\t\t\t<\/div>\n\t\t<\/div>\n\t\t\t\t<div class=\"elementor-column elementor-col-33 elementor-top-column elementor-element elementor-element-1e3f82d7\" data-id=\"1e3f82d7\" data-element_type=\"column\" data-e-type=\"column\">\n\t\t\t<div class=\"elementor-widget-wrap\">\n\t\t\t\t\t\t\t<\/div>\n\t\t<\/div>\n\t\t\t\t<div class=\"elementor-column elementor-col-33 elementor-top-column elementor-element elementor-element-14ec2578\" data-id=\"14ec2578\" data-element_type=\"column\" data-e-type=\"column\">\n\t\t\t<div class=\"elementor-widget-wrap elementor-element-populated\">\n\t\t\t\t\t\t<div class=\"elementor-element elementor-element-7c66c27 elementor-widget elementor-widget-text-editor\" data-id=\"7c66c27\" data-element_type=\"widget\" data-e-type=\"widget\" data-widget_type=\"text-editor.default\">\n\t\t\t\t<div class=\"elementor-widget-container\">\n\t\t\t\t\t\t\t\t\t<p>I- peut \u00eatre: II ou Ii<\/p>\t\t\t\t\t\t\t\t<\/div>\n\t\t\t\t<\/div>\n\t\t\t\t\t<\/div>\n\t\t<\/div>\n\t\t\t\t\t<\/div>\n\t\t<\/section>\n\t\t\t\t<section class=\"elementor-section elementor-top-section elementor-element elementor-element-34eed7e4 elementor-section-full_width elementor-section-height-default elementor-section-height-default\" data-id=\"34eed7e4\" data-element_type=\"section\" data-e-type=\"section\">\n\t\t\t\t\t\t<div class=\"elementor-container elementor-column-gap-default\">\n\t\t\t\t\t<div class=\"elementor-column elementor-col-100 elementor-top-column elementor-element elementor-element-7db55752\" data-id=\"7db55752\" data-element_type=\"column\" data-e-type=\"column\">\n\t\t\t<div class=\"elementor-widget-wrap elementor-element-populated\">\n\t\t\t\t\t\t<div class=\"elementor-element elementor-element-1893dd9e elementor-widget elementor-widget-text-editor\" data-id=\"1893dd9e\" data-element_type=\"widget\" data-e-type=\"widget\" data-widget_type=\"text-editor.default\">\n\t\t\t\t<div class=\"elementor-widget-container\">\n\t\t\t\t\t\t\t\t\t<p>rouge \/ cr\u00e8me :<br \/>Le g\u00e8ne O colore toutes les couleurs au rouge, donc B- peut \u00eatre: BB ou Bb ou Bbl ou bb ou bbl ou blbl<\/p>\t\t\t\t\t\t\t\t<\/div>\n\t\t\t\t<\/div>\n\t\t\t\t\t<\/div>\n\t\t<\/div>\n\t\t\t\t\t<\/div>\n\t\t<\/section>\n\t\t\t\t<section class=\"elementor-section elementor-top-section elementor-element elementor-element-67e3e791 elementor-section-full_width elementor-section-height-default elementor-section-height-default\" data-id=\"67e3e791\" data-element_type=\"section\" data-e-type=\"section\">\n\t\t\t\t\t\t<div class=\"elementor-container elementor-column-gap-default\">\n\t\t\t\t\t<div class=\"elementor-column elementor-col-50 elementor-top-column elementor-element elementor-element-255082b7\" data-id=\"255082b7\" data-element_type=\"column\" data-e-type=\"column\">\n\t\t\t<div class=\"elementor-widget-wrap elementor-element-populated\">\n\t\t\t\t\t\t<div class=\"elementor-element elementor-element-3bda3a0e elementor-widget elementor-widget-text-editor\" data-id=\"3bda3a0e\" data-element_type=\"widget\" data-e-type=\"widget\" data-widget_type=\"text-editor.default\">\n\t\t\t\t<div class=\"elementor-widget-container\">\n\t\t\t\t\t\t\t\t\t<p>Chez toutes les couleurs:<br \/>E- ss =tout motif tabby= ww<\/p>\t\t\t\t\t\t\t\t<\/div>\n\t\t\t\t<\/div>\n\t\t\t\t\t<\/div>\n\t\t<\/div>\n\t\t\t\t<div class=\"elementor-column elementor-col-50 elementor-top-column elementor-element elementor-element-3b0ae09c\" data-id=\"3b0ae09c\" data-element_type=\"column\" data-e-type=\"column\">\n\t\t\t<div class=\"elementor-widget-wrap\">\n\t\t\t\t\t\t\t<\/div>\n\t\t<\/div>\n\t\t\t\t\t<\/div>\n\t\t<\/section>\n\t\t\t\t<section class=\"elementor-section elementor-top-section elementor-element elementor-element-6f376350 elementor-section-full_width elementor-section-height-default elementor-section-height-default\" data-id=\"6f376350\" data-element_type=\"section\" data-e-type=\"section\">\n\t\t\t\t\t\t<div class=\"elementor-container elementor-column-gap-default\">\n\t\t\t\t\t<div class=\"elementor-column elementor-col-33 elementor-top-column elementor-element elementor-element-3470f66b\" data-id=\"3470f66b\" data-element_type=\"column\" data-e-type=\"column\">\n\t\t\t<div class=\"elementor-widget-wrap\">\n\t\t\t\t\t\t\t<\/div>\n\t\t<\/div>\n\t\t\t\t<div class=\"elementor-column elementor-col-66 elementor-top-column elementor-element elementor-element-64abd630\" data-id=\"64abd630\" data-element_type=\"column\" data-e-type=\"column\">\n\t\t\t<div class=\"elementor-widget-wrap\">\n\t\t\t\t\t\t\t<\/div>\n\t\t<\/div>\n\t\t\t\t\t<\/div>\n\t\t<\/section>\n\t\t\t\t<section class=\"elementor-section elementor-top-section elementor-element elementor-element-e0b3cb2 elementor-section-full_width elementor-section-height-default elementor-section-height-default\" data-id=\"e0b3cb2\" data-element_type=\"section\" data-e-type=\"section\">\n\t\t\t\t\t\t<div class=\"elementor-container elementor-column-gap-default\">\n\t\t\t\t\t<div class=\"elementor-column elementor-col-33 elementor-top-column elementor-element elementor-element-1d241203\" data-id=\"1d241203\" data-element_type=\"column\" data-e-type=\"column\">\n\t\t\t<div class=\"elementor-widget-wrap elementor-element-populated\">\n\t\t\t\t\t\t<div class=\"elementor-element elementor-element-3f96a029 elementor-widget elementor-widget-text-editor\" data-id=\"3f96a029\" data-element_type=\"widget\" data-e-type=\"widget\" data-widget_type=\"text-editor.default\">\n\t\t\t\t<div class=\"elementor-widget-container\">\n\t\t\t\t\t\t\t\t\t<p><a href=\"https:\/\/wcf.de\/fr\/colours-fr\/\">retour aux couleurs<\/a><\/p>\t\t\t\t\t\t\t\t<\/div>\n\t\t\t\t<\/div>\n\t\t\t\t\t<\/div>\n\t\t<\/div>\n\t\t\t\t<div class=\"elementor-column elementor-col-66 elementor-top-column elementor-element elementor-element-30308bd3\" data-id=\"30308bd3\" data-element_type=\"column\" data-e-type=\"column\">\n\t\t\t<div class=\"elementor-widget-wrap\">\n\t\t\t\t\t\t\t<\/div>\n\t\t<\/div>\n\t\t\t\t\t<\/div>\n\t\t<\/section>\n\t\t\t\t<\/div>\n\t\t","protected":false},"excerpt":{"rendered":"<p>SMOKE B- peut \u00eatre: BB ou Bb ou Bbl C- peut \u00eatre: CC ou Ccs ou Ccb D- peut \u00eatre: DD ou Dd I- peut \u00eatre: II ou Ii rouge \/ cr\u00e8me : Le g\u00e8ne O colore toutes les couleurs au rouge, donc B- peut \u00eatre: BB ou Bb ou Bbl ou bb ou bbl [&hellip;]<\/p>\n","protected":false},"author":1,"featured_media":0,"parent":0,"menu_order":0,"comment_status":"closed","ping_status":"closed","template":"","meta":{"_monsterinsights_skip_tracking":false,"_monsterinsights_sitenote_active":false,"_monsterinsights_sitenote_note":"","_monsterinsights_sitenote_category":0,"footnotes":""},"class_list":["post-9272","page","type-page","status-publish","hentry"],"aioseo_notices":[],"_links":{"self":[{"href":"https:\/\/wcf.de\/fr\/wp-json\/wp\/v2\/pages\/9272","targetHints":{"allow":["GET"]}}],"collection":[{"href":"https:\/\/wcf.de\/fr\/wp-json\/wp\/v2\/pages"}],"about":[{"href":"https:\/\/wcf.de\/fr\/wp-json\/wp\/v2\/types\/page"}],"author":[{"embeddable":true,"href":"https:\/\/wcf.de\/fr\/wp-json\/wp\/v2\/users\/1"}],"replies":[{"embeddable":true,"href":"https:\/\/wcf.de\/fr\/wp-json\/wp\/v2\/comments?post=9272"}],"version-history":[{"count":9,"href":"https:\/\/wcf.de\/fr\/wp-json\/wp\/v2\/pages\/9272\/revisions"}],"predecessor-version":[{"id":10881,"href":"https:\/\/wcf.de\/fr\/wp-json\/wp\/v2\/pages\/9272\/revisions\/10881"}],"wp:attachment":[{"href":"https:\/\/wcf.de\/fr\/wp-json\/wp\/v2\/media?parent=9272"}],"curies":[{"name":"wp","href":"https:\/\/api.w.org\/{rel}","templated":true}]}}