{"id":9287,"date":"2021-09-07T13:46:39","date_gmt":"2021-09-07T13:46:39","guid":{"rendered":"https:\/\/de7.wcf-test.de\/fr\/?page_id=9287"},"modified":"2021-12-24T15:19:59","modified_gmt":"2021-12-24T15:19:59","slug":"smoke-et-blanc","status":"publish","type":"page","link":"https:\/\/wcf.de\/fr\/smoke-et-blanc\/","title":{"rendered":"Smoke et blanc"},"content":{"rendered":"\t\t<div data-elementor-type=\"wp-page\" data-elementor-id=\"9287\" class=\"elementor elementor-9287\" data-elementor-post-type=\"page\">\n\t\t\t\t\t\t<section class=\"elementor-section elementor-top-section elementor-element elementor-element-5de982dd elementor-section-full_width elementor-section-height-default elementor-section-height-default\" data-id=\"5de982dd\" data-element_type=\"section\" data-e-type=\"section\">\n\t\t\t\t\t\t<div class=\"elementor-container elementor-column-gap-default\">\n\t\t\t\t\t<div class=\"elementor-column elementor-col-100 elementor-top-column elementor-element elementor-element-7b6c4fd6\" data-id=\"7b6c4fd6\" data-element_type=\"column\" data-e-type=\"column\">\n\t\t\t<div class=\"elementor-widget-wrap elementor-element-populated\">\n\t\t\t\t\t\t<div class=\"elementor-element elementor-element-158234f4 elementor-widget elementor-widget-heading\" data-id=\"158234f4\" data-element_type=\"widget\" data-e-type=\"widget\" data-widget_type=\"heading.default\">\n\t\t\t\t<div class=\"elementor-widget-container\">\n\t\t\t\t\t<h5 class=\"elementor-heading-title elementor-size-large\">SMOKE ET BLANC<\/h5>\t\t\t\t<\/div>\n\t\t\t\t<\/div>\n\t\t\t\t\t<\/div>\n\t\t<\/div>\n\t\t\t\t\t<\/div>\n\t\t<\/section>\n\t\t\t\t<section class=\"elementor-section elementor-top-section elementor-element elementor-element-248881ae elementor-section-full_width elementor-section-height-default elementor-section-height-default\" data-id=\"248881ae\" data-element_type=\"section\" data-e-type=\"section\">\n\t\t\t\t\t\t<div class=\"elementor-container elementor-column-gap-default\">\n\t\t\t\t\t<div class=\"elementor-column elementor-col-100 elementor-top-column elementor-element elementor-element-fe7a986\" data-id=\"fe7a986\" data-element_type=\"column\" data-e-type=\"column\">\n\t\t\t<div class=\"elementor-widget-wrap elementor-element-populated\">\n\t\t\t\t\t\t<div class=\"elementor-element elementor-element-20f22f97 elementor-widget elementor-widget-shortcode\" data-id=\"20f22f97\" data-element_type=\"widget\" data-e-type=\"widget\" data-widget_type=\"shortcode.default\">\n\t\t\t\t<div class=\"elementor-widget-container\">\n\t\t\t\t\t\t\t<div class=\"elementor-shortcode\">\n<table id=\"tablepress-10\" class=\"tablepress tablepress-id-10\">\n<thead>\n<tr class=\"row-1\">\n\t<th class=\"column-1\">Couleur<\/th><th class=\"column-2\">Couleur de robe<\/th><th class=\"column-3\">Truffe<\/th><th class=\"column-4\">Coussinets<\/th><th class=\"column-5\">Remarques<\/th>\n<\/tr>\n<\/thead>\n<tbody>\n<tr class=\"row-2\">\n\t<td class=\"column-1\"><strong>Noir Smoke<br \/>\nBicolore, Arlequin, Van,<br \/>\navec blanc<\/strong><br \/>\naa B- C- D- I- oY\/oo Ss<br \/>\naa B- C- D- I- oY\/oo SS<\/td><td class=\"column-2\">blanc argent\u00e9 tipped de noir et blanc<\/td><td class=\"column-3\">Dans les r\u00e9gions color\u00e9es noir, dans les r\u00e9gions blanches rose.<\/td><td class=\"column-4\">Dans les r\u00e9gions color\u00e9es noir, dans les r\u00e9gions blanches rose.<\/td><td class=\"column-5\"><a href=\"https:\/\/wcf.de\/fr\/remarques\/#rem4\" target=\"_blank\" rel=\"nofollow noopener\">Voir Remarques aux couleurs 4.<\/a><\/td>\n<\/tr>\n<tr class=\"row-3\">\n\t<td class=\"column-1\"><strong>Bleu Smoke Bicolore, Arlequin, Van,<br \/>\navec blanc<\/strong><br \/>\naa B- C- dd I- oY\/oo Ss<br \/>\naa B- C- dd I- oY\/oo SS<\/td><td class=\"column-2\">blanc argent\u00e9 tipped de bleu<\/td><td class=\"column-3\">Dans les r\u00e9gions color\u00e9es gris-bleu, dans les r\u00e9gions blanches rose.<\/td><td class=\"column-4\">Dans les r\u00e9gions color\u00e9es gris-bleu, dans les r\u00e9gions blanches rose.<\/td><td class=\"column-5\"><a href=\"https:\/\/wcf.de\/fr\/remarques\/#rem4\" target=\"_blank\" rel=\"nofollow noopener\">Voir Remarques aux couleurs 4.<\/a><\/td>\n<\/tr>\n<tr class=\"row-4\">\n\t<td class=\"column-1\"><strong>Chocolat Smoke Bicolore, Arlequin, Van,<br \/>\navec blanc<br \/>\n<\/strong><br \/>\naa bb\/bbl C- D- I- oY\/oo Ss<br \/>\naa bb\/bbl C- D- I- oY\/oo SS<\/td><td class=\"column-2\">blanc argent\u00e9 tipped de<br \/>\nchocolat-au-lait\tet blanc<\/td><td class=\"column-3\">Dans les r\u00e9gions color\u00e9es chocolat-au-lait, dans les r\u00e9gions blanches rose.<\/td><td class=\"column-4\">Dans les r\u00e9gions color\u00e9es cannelle \u00e0 chocolat-au-lait, dans les r\u00e9gions blanches rose.<\/td><td class=\"column-5\"><a href=\"https:\/\/wcf.de\/fr\/remarques\/#rem4\" target=\"_blank\" rel=\"nofollow noopener\">Voir Remarques aux couleurs 4.<\/a><\/td>\n<\/tr>\n<tr class=\"row-5\">\n\t<td class=\"column-1\"><strong>Lilas Smoke Bicolore, Arlequin, Van,<br \/>\navec blanc<br \/>\n<\/strong><br \/>\naa bb\/bbl C- dd I- oY\/oo Ss<br \/>\naa bb\/bbl C- dd I- oY\/oo SS<\/td><td class=\"column-2\">blanc argent\u00e9 tipped de gris glacial\tet blanc<\/td><td class=\"column-3\">Dans les r\u00e9gions color\u00e9es rose-lavande, dans les r\u00e9gions blanches rose.<\/td><td class=\"column-4\">Dans les r\u00e9gions color\u00e9es rose-lavande dans les r\u00e9gions blanches rose.<\/td><td class=\"column-5\"><a href=\"https:\/\/wcf.de\/fr\/remarques\/#rem4\" target=\"_blank\" rel=\"nofollow noopener\">Voir Remarques aux couleurs 4.<\/a><\/td>\n<\/tr>\n<tr class=\"row-6\">\n\t<td class=\"column-1\"><strong>Cannelle Smoke Bicolore, Arlequin, Van,<br \/>\navec blanc<br \/>\n<\/strong><br \/>\naa blbl C- D- I- oY\/oo Ss<br \/>\naa blbl C- D- I- oY\/oo SS<\/td><td class=\"column-2\">blanc argent\u00e9 tipped de brun clair \u00e0 brun-cannelle\tet blanc<\/td><td class=\"column-3\">Dans les r\u00e9gions color\u00e9es cannelle, dans les r\u00e9gions blanches rose.<\/td><td class=\"column-4\">Dans les r\u00e9gions color\u00e9es cannelle, dans les r\u00e9gions blanches rose.<\/td><td class=\"column-5\"><a href=\"https:\/\/wcf.de\/fr\/remarques\/#rem4\" target=\"_blank\" rel=\"nofollow noopener\">Voir Remarques aux couleurs 4.<\/a><\/td>\n<\/tr>\n<tr class=\"row-7\">\n\t<td class=\"column-1\"><strong>Faon Smoke Bicolore, Arlequin, Van,<br \/>\navec blanc<\/strong><br \/>\naa blbl C- dd I- oY\/oo Ss<br \/>\naa blbl C- dd I- oY\/oo SS<\/td><td class=\"column-2\">blanc argent\u00e9 tipped de beige clair\tet blanc<\/td><td class=\"column-3\">Dans les r\u00e9gions color\u00e9es rose clair, dans les r\u00e9gions blanches rose.<\/td><td class=\"column-4\">Dans les r\u00e9gions color\u00e9es rose clair, dans les r\u00e9gions blanches rose.<\/td><td class=\"column-5\"><a href=\"https:\/\/wcf.de\/fr\/remarques\/#rem4\" target=\"_blank\" rel=\"nofollow noopener\">Voir Remarques aux couleurs 4.<\/a><\/td>\n<\/tr>\n<tr class=\"row-8\">\n\t<td class=\"column-1\"><strong>Rouge Smoke Bicolore, Arlequin, Van,<br \/>\navec blanc<\/strong><br \/>\naa C- D- I- OY\/OO Ss<br \/>\naa C- D- I- OY\/OO SS<\/td><td class=\"column-2\">blanc argent\u00e9 tipped de rouge profond et fonc\u00e9\tet blanc<\/td><td class=\"column-3\">Dans les r\u00e9gions color\u00e9es rouge-brique, dans les r\u00e9gions blanches rose.<\/td><td class=\"column-4\">Dans les r\u00e9gions color\u00e9es rouge-brique, dans les r\u00e9gions blanches rose.<\/td><td class=\"column-5\"><a href=\"https:\/\/wcf.de\/fr\/remarques\/#rem4\" target=\"_blank\" rel=\"nofollow noopener\">Voir Remarques aux couleurs 4.<\/a><\/td>\n<\/tr>\n<tr class=\"row-9\">\n\t<td class=\"column-1\"><strong>Cr\u00e8me Smoke Bicolore, Arlequin, Van,<br \/>\navec blanc<\/strong><br \/>\naa C- dd I- OY\/OO Ss<br \/>\naa C- dd I- OY\/OO SS<\/td><td class=\"column-2\">blanc argent\u00e9 tipped de cr\u00e8me pastel\tet blanc<\/td><td class=\"column-3\">rose<\/td><td class=\"column-4\">rose<\/td><td class=\"column-5\"><a href=\"https:\/\/wcf.de\/fr\/remarques\/#rem4\" target=\"_blank\" rel=\"nofollow noopener\">Voir Remarques aux couleurs 4.<\/a><\/td>\n<\/tr>\n<tr class=\"row-10\">\n\t<td class=\"column-1\"><strong>\u00c9caille Smoke<br \/>\nTricolore, Arlequin, Van,<br \/>\navec blanc<\/strong><br \/>\naa B- C- D- I- Oo Ss<br \/>\naa B- C- D- I- Oo SS<\/td><td class=\"column-2\">blanc argent\u00e9 tipped de noir<br \/>\net rouge\tet blanc<\/td><td class=\"column-3\">Dans les r\u00e9gions noires noir, dans les r\u00e9gions rouges rouge, dans les r\u00e9gions blanches rose.<\/td><td class=\"column-4\">Dans les r\u00e9gions noires noir, dans les r\u00e9gions rouges rouge, dans les r\u00e9gions blanches rose.<\/td><td class=\"column-5\"><a href=\"https:\/\/wcf.de\/fr\/remarques\/#rem4\" target=\"_blank\" rel=\"nofollow noopener\">Voir Remarques aux couleurs 4.<\/a><\/td>\n<\/tr>\n<tr class=\"row-11\">\n\t<td class=\"column-1\"><strong>\u00c9caille Bleu Smoke<br \/>\nTricolore, Arlequin, Van,<br \/>\navec blanc<\/strong><br \/>\naa B- C- dd I- Oo Ss<br \/>\naa B- C- dd I- Oo SS<\/td><td class=\"column-2\">blanc argent\u00e9 tipped de bleu<br \/>\net cr\u00e8me\tet blanc<\/td><td class=\"column-3\">Dans les r\u00e9gions bleues gris-bleu, dans les r\u00e9gions cr\u00e8mes et blanches rose.<\/td><td class=\"column-4\">Dans les r\u00e9gions bleues gris-bleu, dans les r\u00e9gions cr\u00e8mes et blanches rose.<\/td><td class=\"column-5\"><a href=\"https:\/\/wcf.de\/fr\/remarques\/#rem4\" target=\"_blank\" rel=\"nofollow noopener\">Voir Remarques aux couleurs 4.<\/a><\/td>\n<\/tr>\n<tr class=\"row-12\">\n\t<td class=\"column-1\"><strong>\u00c9caille Chocolat Smoke<br \/>\nTricolore, Arlequin, Van,<br \/>\navec blanc<\/strong><br \/>\naa bb\/bbl C- D- I- Oo Ss<br \/>\naa bb\/bbl C- D- I- Oo SS<\/td><td class=\"column-2\">blanc argent\u00e9 tipped de brun<br \/>\net rouge dilu\u00e9\tet blanc<\/td><td class=\"column-3\">Dans les r\u00e9gions brunes chocolat-au-lait, dans les r\u00e9gions rouges dilu\u00e9es et blanches rose.<\/td><td class=\"column-4\">Dans les r\u00e9gions brunes chocolat-au-lait, dans les r\u00e9gions rouges dilu\u00e9es et blanches rose.<\/td><td class=\"column-5\"><a href=\"https:\/\/wcf.de\/fr\/remarques\/#rem4\" target=\"_blank\" rel=\"nofollow noopener\">Voir Remarques aux couleurs 4.<\/a><\/td>\n<\/tr>\n<tr class=\"row-13\">\n\t<td class=\"column-1\"><strong>\u00c9caille Lilas Smoke<br \/>\nTricolore, Arlequin, Van,<br \/>\navec blanc<\/strong><br \/>\naa bb\/bbl C- dd I- Oo Ss<br \/>\naa bb\/bbl C- dd I- Oo SS<\/td><td class=\"column-2\">blanc argent\u00e9 tipped de gris<br \/>\nglacial et cr\u00e8me clair  et blanc<\/td><td class=\"column-3\">Dans les r\u00e9gions lilas rose-lavande, dans les r\u00e9gions cr\u00e8mes rose clair, dans les r\u00e9gions blanches rose.<\/td><td class=\"column-4\">Dans les r\u00e9gions lilas rose-lavande, dans les r\u00e9gions cr\u00e8mes rose clair, dans les r\u00e9gions blanches rose.<\/td><td class=\"column-5\"><a href=\"https:\/\/wcf.de\/fr\/remarques\/#rem4\" target=\"_blank\" rel=\"nofollow noopener\">Voir Remarques aux couleurs 4.<\/a><\/td>\n<\/tr>\n<tr class=\"row-14\">\n\t<td class=\"column-1\"><strong>\u00c9caille Cannelle Smoke<br \/>\nTricolore, Arlequin, Van,<br \/>\navec blanc<\/strong><br \/>\naa blbl C- D- I- Oo Ss<br \/>\naa blbl C- D- I- Oo SS<\/td><td class=\"column-2\">blanc argent\u00e9 tipped de brun clair \u00e0 cannelle et cr\u00e8me\tet blanc<\/td><td class=\"column-3\">Dans les r\u00e9gions brunes cannelle, dans les r\u00e9gions cr\u00e8mes rose clair, dans les r\u00e9gions blanches rose.<\/td><td class=\"column-4\">Dans les r\u00e9gions brunes cannelle, dans les r\u00e9gions cr\u00e8mes rose clair, dans les r\u00e9gions blanches rose.<\/td><td class=\"column-5\"><a href=\"https:\/\/wcf.de\/fr\/remarques\/#rem4\" target=\"_blank\" rel=\"nofollow noopener\">Voir Remarques aux couleurs 4.<\/a><\/td>\n<\/tr>\n<tr class=\"row-15\">\n\t<td class=\"column-1\"><strong>\u00c9caille Faon Smoke<br \/>\nTricolore, Arlequin, Van,<br \/>\navec blanc<\/strong><br \/>\naa blbl C- dd I- Oo Ss<br \/>\naa blbl C- dd I- Oo SS<\/td><td class=\"column-2\">blanc argent\u00e9 tipped de beige clair et cr\u00e8me clair  et blanc<\/td><td class=\"column-3\">Dans les r\u00e9gions beiges rose clair, dans les r\u00e9gions cr\u00e8mes et blanches rose.<\/td><td class=\"column-4\">Dans les r\u00e9gions beiges rose clair, dans les r\u00e9gions cr\u00e8mes et blanches rose.<\/td><td class=\"column-5\"><a href=\"https:\/\/wcf.de\/fr\/remarques\/#rem4\" target=\"_blank\" rel=\"nofollow noopener\">Voir Remarques aux couleurs 4.<\/a><\/td>\n<\/tr>\n<\/tbody>\n<\/table>\n<!-- #tablepress-10 from cache --><\/div>\n\t\t\t\t\t\t<\/div>\n\t\t\t\t<\/div>\n\t\t\t\t\t<\/div>\n\t\t<\/div>\n\t\t\t\t\t<\/div>\n\t\t<\/section>\n\t\t\t\t<section class=\"elementor-section elementor-top-section elementor-element elementor-element-1190c76c elementor-section-full_width elementor-section-height-default elementor-section-height-default\" data-id=\"1190c76c\" data-element_type=\"section\" data-e-type=\"section\">\n\t\t\t\t\t\t<div class=\"elementor-container elementor-column-gap-default\">\n\t\t\t\t\t<div class=\"elementor-column elementor-col-33 elementor-top-column elementor-element elementor-element-299407d2\" data-id=\"299407d2\" data-element_type=\"column\" data-e-type=\"column\">\n\t\t\t<div class=\"elementor-widget-wrap elementor-element-populated\">\n\t\t\t\t\t\t<div class=\"elementor-element elementor-element-5e38ee93 elementor-widget elementor-widget-text-editor\" data-id=\"5e38ee93\" data-element_type=\"widget\" data-e-type=\"widget\" data-widget_type=\"text-editor.default\">\n\t\t\t\t<div class=\"elementor-widget-container\">\n\t\t\t\t\t\t\t\t\t<p>B- peut \u00eatre: BB ou Bb ou Bbl<\/p>\t\t\t\t\t\t\t\t<\/div>\n\t\t\t\t<\/div>\n\t\t\t\t\t<\/div>\n\t\t<\/div>\n\t\t\t\t<div class=\"elementor-column elementor-col-33 elementor-top-column elementor-element elementor-element-5ac820bf\" data-id=\"5ac820bf\" data-element_type=\"column\" data-e-type=\"column\">\n\t\t\t<div class=\"elementor-widget-wrap\">\n\t\t\t\t\t\t\t<\/div>\n\t\t<\/div>\n\t\t\t\t<div class=\"elementor-column elementor-col-33 elementor-top-column elementor-element elementor-element-74a73ca1\" data-id=\"74a73ca1\" data-element_type=\"column\" data-e-type=\"column\">\n\t\t\t<div class=\"elementor-widget-wrap elementor-element-populated\">\n\t\t\t\t\t\t<div class=\"elementor-element elementor-element-157f9463 elementor-widget elementor-widget-text-editor\" data-id=\"157f9463\" data-element_type=\"widget\" data-e-type=\"widget\" data-widget_type=\"text-editor.default\">\n\t\t\t\t<div class=\"elementor-widget-container\">\n\t\t\t\t\t\t\t\t\t<p>C- peut \u00eatre: CC ou Ccs ou Ccb<\/p>\t\t\t\t\t\t\t\t<\/div>\n\t\t\t\t<\/div>\n\t\t\t\t\t<\/div>\n\t\t<\/div>\n\t\t\t\t\t<\/div>\n\t\t<\/section>\n\t\t\t\t<section class=\"elementor-section elementor-top-section elementor-element elementor-element-375c9826 elementor-section-full_width elementor-section-height-default elementor-section-height-default\" data-id=\"375c9826\" data-element_type=\"section\" data-e-type=\"section\">\n\t\t\t\t\t\t<div class=\"elementor-container elementor-column-gap-default\">\n\t\t\t\t\t<div class=\"elementor-column elementor-col-33 elementor-top-column elementor-element elementor-element-44af15d9\" data-id=\"44af15d9\" data-element_type=\"column\" data-e-type=\"column\">\n\t\t\t<div class=\"elementor-widget-wrap elementor-element-populated\">\n\t\t\t\t\t\t<div class=\"elementor-element elementor-element-70821849 elementor-widget elementor-widget-text-editor\" data-id=\"70821849\" data-element_type=\"widget\" data-e-type=\"widget\" data-widget_type=\"text-editor.default\">\n\t\t\t\t<div class=\"elementor-widget-container\">\n\t\t\t\t\t\t\t\t\t<p>D- peut \u00eatre: DD ou Dd<\/p>\t\t\t\t\t\t\t\t<\/div>\n\t\t\t\t<\/div>\n\t\t\t\t\t<\/div>\n\t\t<\/div>\n\t\t\t\t<div class=\"elementor-column elementor-col-33 elementor-top-column elementor-element elementor-element-57d0680\" data-id=\"57d0680\" data-element_type=\"column\" data-e-type=\"column\">\n\t\t\t<div class=\"elementor-widget-wrap\">\n\t\t\t\t\t\t\t<\/div>\n\t\t<\/div>\n\t\t\t\t<div class=\"elementor-column elementor-col-33 elementor-top-column elementor-element elementor-element-6f8d4e20\" data-id=\"6f8d4e20\" data-element_type=\"column\" data-e-type=\"column\">\n\t\t\t<div class=\"elementor-widget-wrap elementor-element-populated\">\n\t\t\t\t\t\t<div class=\"elementor-element elementor-element-78c8ed19 elementor-widget elementor-widget-text-editor\" data-id=\"78c8ed19\" data-element_type=\"widget\" data-e-type=\"widget\" data-widget_type=\"text-editor.default\">\n\t\t\t\t<div class=\"elementor-widget-container\">\n\t\t\t\t\t\t\t\t\t<p>I- peut \u00eatre: II ou Ii<\/p>\t\t\t\t\t\t\t\t<\/div>\n\t\t\t\t<\/div>\n\t\t\t\t\t<\/div>\n\t\t<\/div>\n\t\t\t\t\t<\/div>\n\t\t<\/section>\n\t\t\t\t<section class=\"elementor-section elementor-top-section elementor-element elementor-element-40e45edf elementor-section-full_width elementor-section-height-default elementor-section-height-default\" data-id=\"40e45edf\" data-element_type=\"section\" data-e-type=\"section\">\n\t\t\t\t\t\t<div class=\"elementor-container elementor-column-gap-default\">\n\t\t\t\t\t<div class=\"elementor-column elementor-col-100 elementor-top-column elementor-element elementor-element-1b2246bf\" data-id=\"1b2246bf\" data-element_type=\"column\" data-e-type=\"column\">\n\t\t\t<div class=\"elementor-widget-wrap elementor-element-populated\">\n\t\t\t\t\t\t<div class=\"elementor-element elementor-element-510cf7cb elementor-widget elementor-widget-text-editor\" data-id=\"510cf7cb\" data-element_type=\"widget\" data-e-type=\"widget\" data-widget_type=\"text-editor.default\">\n\t\t\t\t<div class=\"elementor-widget-container\">\n\t\t\t\t\t\t\t\t\t<p>rouge \/ cr\u00e8me:<br \/>Le g\u00e8ne O colore toutes les couleurs au rouge, donc\u00a0B- peut \u00eatre: BB ou Bb ou Bbl ou bb ou bbl ou blbl<\/p>\t\t\t\t\t\t\t\t<\/div>\n\t\t\t\t<\/div>\n\t\t\t\t\t<\/div>\n\t\t<\/div>\n\t\t\t\t\t<\/div>\n\t\t<\/section>\n\t\t\t\t<section class=\"elementor-section elementor-top-section elementor-element elementor-element-3615ed72 elementor-section-full_width elementor-section-height-default elementor-section-height-default\" data-id=\"3615ed72\" data-element_type=\"section\" data-e-type=\"section\">\n\t\t\t\t\t\t<div class=\"elementor-container elementor-column-gap-default\">\n\t\t\t\t\t<div class=\"elementor-column elementor-col-50 elementor-top-column elementor-element elementor-element-5cbc602\" data-id=\"5cbc602\" data-element_type=\"column\" data-e-type=\"column\">\n\t\t\t<div class=\"elementor-widget-wrap elementor-element-populated\">\n\t\t\t\t\t\t<div class=\"elementor-element elementor-element-dbbd6f elementor-widget elementor-widget-text-editor\" data-id=\"dbbd6f\" data-element_type=\"widget\" data-e-type=\"widget\" data-widget_type=\"text-editor.default\">\n\t\t\t\t<div class=\"elementor-widget-container\">\n\t\t\t\t\t\t\t\t\t<p>Chez toutes les couleurs:<br \/>E- =tout motif tabby= ww<\/p>\t\t\t\t\t\t\t\t<\/div>\n\t\t\t\t<\/div>\n\t\t\t\t\t<\/div>\n\t\t<\/div>\n\t\t\t\t<div class=\"elementor-column elementor-col-50 elementor-top-column elementor-element elementor-element-120dc236\" data-id=\"120dc236\" data-element_type=\"column\" data-e-type=\"column\">\n\t\t\t<div class=\"elementor-widget-wrap elementor-element-populated\">\n\t\t\t\t\t\t<div class=\"elementor-element elementor-element-2d53eea7 elementor-widget elementor-widget-text-editor\" data-id=\"2d53eea7\" data-element_type=\"widget\" data-e-type=\"widget\" data-widget_type=\"text-editor.default\">\n\t\t\t\t<div class=\"elementor-widget-container\">\n\t\t\t\t\t\t\t\t\t<p><strong>Mitted n&#8217;est pas d\u00e9crit ici.<\/strong><\/p>\t\t\t\t\t\t\t\t<\/div>\n\t\t\t\t<\/div>\n\t\t\t\t\t<\/div>\n\t\t<\/div>\n\t\t\t\t\t<\/div>\n\t\t<\/section>\n\t\t\t\t<section class=\"elementor-section elementor-top-section elementor-element elementor-element-76405403 elementor-section-full_width animated-slow elementor-section-height-default elementor-section-height-default\" data-id=\"76405403\" data-element_type=\"section\" data-e-type=\"section\" data-settings=\"{&quot;animation&quot;:&quot;none&quot;}\">\n\t\t\t\t\t\t\t<div class=\"elementor-background-overlay\"><\/div>\n\t\t\t\t\t\t\t<div class=\"elementor-container elementor-column-gap-no\">\n\t\t\t\t\t<div class=\"elementor-column elementor-col-100 elementor-top-column elementor-element elementor-element-76b2d10f\" data-id=\"76b2d10f\" data-element_type=\"column\" data-e-type=\"column\">\n\t\t\t<div class=\"elementor-widget-wrap\">\n\t\t\t\t\t\t\t<\/div>\n\t\t<\/div>\n\t\t\t\t\t<\/div>\n\t\t<\/section>\n\t\t\t\t<section class=\"elementor-section elementor-top-section elementor-element elementor-element-d3b541f elementor-section-full_width elementor-section-height-default elementor-section-height-default\" data-id=\"d3b541f\" data-element_type=\"section\" data-e-type=\"section\">\n\t\t\t\t\t\t<div class=\"elementor-container elementor-column-gap-default\">\n\t\t\t\t\t<div class=\"elementor-column elementor-col-33 elementor-top-column elementor-element elementor-element-7dc7d3cb\" data-id=\"7dc7d3cb\" data-element_type=\"column\" data-e-type=\"column\">\n\t\t\t<div class=\"elementor-widget-wrap\">\n\t\t\t\t\t\t\t<\/div>\n\t\t<\/div>\n\t\t\t\t<div class=\"elementor-column elementor-col-66 elementor-top-column elementor-element elementor-element-6f955750\" data-id=\"6f955750\" data-element_type=\"column\" data-e-type=\"column\">\n\t\t\t<div class=\"elementor-widget-wrap\">\n\t\t\t\t\t\t\t<\/div>\n\t\t<\/div>\n\t\t\t\t\t<\/div>\n\t\t<\/section>\n\t\t\t\t<section class=\"elementor-section elementor-top-section elementor-element elementor-element-7b622f5b elementor-section-full_width elementor-section-height-default elementor-section-height-default\" data-id=\"7b622f5b\" data-element_type=\"section\" data-e-type=\"section\">\n\t\t\t\t\t\t<div class=\"elementor-container elementor-column-gap-default\">\n\t\t\t\t\t<div class=\"elementor-column elementor-col-33 elementor-top-column elementor-element elementor-element-fb49674\" data-id=\"fb49674\" data-element_type=\"column\" data-e-type=\"column\">\n\t\t\t<div class=\"elementor-widget-wrap elementor-element-populated\">\n\t\t\t\t\t\t<div class=\"elementor-element elementor-element-1b46e6ac elementor-widget elementor-widget-text-editor\" data-id=\"1b46e6ac\" data-element_type=\"widget\" data-e-type=\"widget\" data-widget_type=\"text-editor.default\">\n\t\t\t\t<div class=\"elementor-widget-container\">\n\t\t\t\t\t\t\t\t\t<p><a href=\"https:\/\/wcf.de\/fr\/colours-fr\/\">retour aux couleurs<\/a><\/p>\t\t\t\t\t\t\t\t<\/div>\n\t\t\t\t<\/div>\n\t\t\t\t\t<\/div>\n\t\t<\/div>\n\t\t\t\t<div class=\"elementor-column elementor-col-66 elementor-top-column elementor-element elementor-element-3737e74c\" data-id=\"3737e74c\" data-element_type=\"column\" data-e-type=\"column\">\n\t\t\t<div class=\"elementor-widget-wrap\">\n\t\t\t\t\t\t\t<\/div>\n\t\t<\/div>\n\t\t\t\t\t<\/div>\n\t\t<\/section>\n\t\t\t\t<\/div>\n\t\t","protected":false},"excerpt":{"rendered":"<p>SMOKE ET BLANC B- peut \u00eatre: BB ou Bb ou Bbl C- peut \u00eatre: CC ou Ccs ou Ccb D- peut \u00eatre: DD ou Dd I- peut \u00eatre: II ou Ii rouge \/ cr\u00e8me: Le g\u00e8ne O colore toutes les couleurs au rouge, donc&nbsp;B- peut \u00eatre: BB ou Bb ou Bbl ou bb ou bbl [&hellip;]<\/p>\n","protected":false},"author":1,"featured_media":0,"parent":0,"menu_order":0,"comment_status":"closed","ping_status":"closed","template":"","meta":{"_monsterinsights_skip_tracking":false,"_monsterinsights_sitenote_active":false,"_monsterinsights_sitenote_note":"","_monsterinsights_sitenote_category":0,"footnotes":""},"class_list":["post-9287","page","type-page","status-publish","hentry"],"aioseo_notices":[],"_links":{"self":[{"href":"https:\/\/wcf.de\/fr\/wp-json\/wp\/v2\/pages\/9287","targetHints":{"allow":["GET"]}}],"collection":[{"href":"https:\/\/wcf.de\/fr\/wp-json\/wp\/v2\/pages"}],"about":[{"href":"https:\/\/wcf.de\/fr\/wp-json\/wp\/v2\/types\/page"}],"author":[{"embeddable":true,"href":"https:\/\/wcf.de\/fr\/wp-json\/wp\/v2\/users\/1"}],"replies":[{"embeddable":true,"href":"https:\/\/wcf.de\/fr\/wp-json\/wp\/v2\/comments?post=9287"}],"version-history":[{"count":9,"href":"https:\/\/wcf.de\/fr\/wp-json\/wp\/v2\/pages\/9287\/revisions"}],"predecessor-version":[{"id":10885,"href":"https:\/\/wcf.de\/fr\/wp-json\/wp\/v2\/pages\/9287\/revisions\/10885"}],"wp:attachment":[{"href":"https:\/\/wcf.de\/fr\/wp-json\/wp\/v2\/media?parent=9287"}],"curies":[{"name":"wp","href":"https:\/\/api.w.org\/{rel}","templated":true}]}}