{"id":9338,"date":"2021-09-21T09:11:21","date_gmt":"2021-09-21T09:11:21","guid":{"rendered":"https:\/\/de7.wcf-test.de\/fr\/?page_id=9338"},"modified":"2021-12-24T15:30:18","modified_gmt":"2021-12-24T15:30:18","slug":"tabby-fr","status":"publish","type":"page","link":"https:\/\/wcf.de\/fr\/tabby-fr\/","title":{"rendered":"Tabby fr"},"content":{"rendered":"\t\t<div data-elementor-type=\"wp-page\" data-elementor-id=\"9338\" class=\"elementor elementor-9338\" data-elementor-post-type=\"page\">\n\t\t\t\t\t\t<section class=\"elementor-section elementor-top-section elementor-element elementor-element-58c319b5 elementor-section-full_width elementor-section-height-default elementor-section-height-default\" data-id=\"58c319b5\" data-element_type=\"section\" data-e-type=\"section\">\n\t\t\t\t\t\t<div class=\"elementor-container elementor-column-gap-default\">\n\t\t\t\t\t<div class=\"elementor-column elementor-col-100 elementor-top-column elementor-element elementor-element-254f2eaa\" data-id=\"254f2eaa\" data-element_type=\"column\" data-e-type=\"column\">\n\t\t\t<div class=\"elementor-widget-wrap elementor-element-populated\">\n\t\t\t\t\t\t<div class=\"elementor-element elementor-element-26561d08 elementor-widget elementor-widget-heading\" data-id=\"26561d08\" data-element_type=\"widget\" data-e-type=\"widget\" data-widget_type=\"heading.default\">\n\t\t\t\t<div class=\"elementor-widget-container\">\n\t\t\t\t\t<h5 class=\"elementor-heading-title elementor-size-large\">TABBY<\/h5>\t\t\t\t<\/div>\n\t\t\t\t<\/div>\n\t\t\t\t\t<\/div>\n\t\t<\/div>\n\t\t\t\t\t<\/div>\n\t\t<\/section>\n\t\t\t\t<section class=\"elementor-section elementor-top-section elementor-element elementor-element-5b968ad elementor-section-full_width elementor-section-height-default elementor-section-height-default\" data-id=\"5b968ad\" data-element_type=\"section\" data-e-type=\"section\">\n\t\t\t\t\t\t<div class=\"elementor-container elementor-column-gap-default\">\n\t\t\t\t\t<div class=\"elementor-column elementor-col-100 elementor-top-column elementor-element elementor-element-1f5c060d\" data-id=\"1f5c060d\" data-element_type=\"column\" data-e-type=\"column\">\n\t\t\t<div class=\"elementor-widget-wrap elementor-element-populated\">\n\t\t\t\t\t\t<div class=\"elementor-element elementor-element-6b670e78 elementor-widget elementor-widget-shortcode\" data-id=\"6b670e78\" data-element_type=\"widget\" data-e-type=\"widget\" data-widget_type=\"shortcode.default\">\n\t\t\t\t<div class=\"elementor-widget-container\">\n\t\t\t\t\t\t\t<div class=\"elementor-shortcode\">\n<table id=\"tablepress-11\" class=\"tablepress tablepress-id-11\">\n<thead>\n<tr class=\"row-1\">\n\t<th class=\"column-1\">Couleur<\/th><th class=\"column-2\">Couleur de base<\/th><th class=\"column-3\">Couleur du dessin<\/th><th class=\"column-4\">Truffe<\/th><th class=\"column-5\">Coussinets<\/th><th class=\"column-6\">Contour des yeux<\/th>\n<\/tr>\n<\/thead>\n<tbody>\n<tr class=\"row-2\">\n\t<td class=\"column-1\"><strong>Noir Tabby<\/strong><br \/>\nA- B- C- D- oY\/oo <br \/>\n=motif tabby=<\/td><td class=\"column-2\">brun d'or chaud<\/td><td class=\"column-3\">seal<\/td><td class=\"column-4\">rouge-brique cercl\u00e9e de noir<\/td><td class=\"column-5\">noir ou seal<\/td><td class=\"column-6\">noir<\/td>\n<\/tr>\n<tr class=\"row-3\">\n\t<td class=\"column-1\"><strong>Bleu Tabby<\/strong><br \/>\nA- B- C- dd oY\/oo <br \/>\n=motif tabby=<\/td><td class=\"column-2\">beige chaud<\/td><td class=\"column-3\">bleu<\/td><td class=\"column-4\">vieux rose cercl\u00e9e de bleu<\/td><td class=\"column-5\">gris-bleu<\/td><td class=\"column-6\">bleu<\/td>\n<\/tr>\n<tr class=\"row-4\">\n\t<td class=\"column-1\"><strong>Chocolat Tabby<br \/>\n<\/strong><br \/>\nA- bb\/bbl C- D- oY\/oo <br \/>\n=motif tabby=<\/td><td class=\"column-2\">beige<\/td><td class=\"column-3\">brun<\/td><td class=\"column-4\">vieux rose cercl\u00e9e de chocolat-au-lait<\/td><td class=\"column-5\">chocolat-au-lait<\/td><td class=\"column-6\">chocolat-au-lait<\/td>\n<\/tr>\n<tr class=\"row-5\">\n\t<td class=\"column-1\"><strong>Lilas Tabby<\/strong><br \/>\nA- bb\/bbl C- dd oY\/oo <br \/>\n=motif tabby=<\/td><td class=\"column-2\">beige clair<\/td><td class=\"column-3\">gris glacial<\/td><td class=\"column-4\">rose cercl\u00e9e de rose-lavande<\/td><td class=\"column-5\">rose-lavande<\/td><td class=\"column-6\">rose-lavande<\/td>\n<\/tr>\n<tr class=\"row-6\">\n\t<td class=\"column-1\"><strong>Cannelle Tabby<br \/>\n<\/strong><br \/>\nA- blbl C- D- oY\/oo <br \/>\n=motif tabby=<\/td><td class=\"column-2\">beige<\/td><td class=\"column-3\">brun clair \u00e0 brun-cannelle<\/td><td class=\"column-4\">vieux rose cercl\u00e9e de cannelle<\/td><td class=\"column-5\">cannelle<\/td><td class=\"column-6\">cannelle<\/td>\n<\/tr>\n<tr class=\"row-7\">\n\t<td class=\"column-1\"><strong>Faon Tabby<\/strong><br \/>\nA- blbl C- dd oY\/oo <br \/>\n=motif tabby=<\/td><td class=\"column-2\">beige clair<\/td><td class=\"column-3\">beige<\/td><td class=\"column-4\">rose p\u00e2le cercl\u00e9e de rose<\/td><td class=\"column-5\">rose clair<\/td><td class=\"column-6\">rose clair<\/td>\n<\/tr>\n<tr class=\"row-8\">\n\t<td class=\"column-1\"><strong>Rouge Tabby<\/strong><br \/>\nA- C- D- OY\/OO <br \/>\n=motif tabby=<\/td><td class=\"column-2\">rouge<\/td><td class=\"column-3\">rouge profond et fonc\u00e9<\/td><td class=\"column-4\">rouge cercl\u00e9e de rouge fonc\u00e9<\/td><td class=\"column-5\">rose<\/td><td class=\"column-6\">rouge fonc\u00e9<\/td>\n<\/tr>\n<tr class=\"row-9\">\n\t<td class=\"column-1\"><strong>Cr\u00e8me Tabby<\/strong><br \/>\nA- C- dd OY\/OO <br \/>\n=motif tabby=<\/td><td class=\"column-2\">cr\u00e8me clair<\/td><td class=\"column-3\">cr\u00e8me fonc\u00e9<\/td><td class=\"column-4\">rose cercl\u00e9e de rose fonc\u00e9<\/td><td class=\"column-5\">rose<\/td><td class=\"column-6\">rose fonc\u00e9<\/td>\n<\/tr>\n<tr class=\"row-10\">\n\t<td class=\"column-1\"><strong>\u00c9caille Tabby<\/strong><br \/>\nA- B- C- D- Oo <br \/>\n=motif tabby=<\/td><td class=\"column-2\">brun d'or chaud et rouge<\/td><td class=\"column-3\">noir et rouge profond et fonc\u00e9<\/td><td class=\"column-4\">rouge-brique<br \/>\nDans les r\u00e9gions noires cercl\u00e9e de noir, dans les r\u00e9gions rouges cercl\u00e9e de rose.<\/td><td class=\"column-5\">Dans les r\u00e9gions noires noir, dans les r\u00e9gions rouges rose.<\/td><td class=\"column-6\">Dans les r\u00e9gions noires noir, dans les r\u00e9gions rouges rose.<\/td>\n<\/tr>\n<tr class=\"row-11\">\n\t<td class=\"column-1\"><strong>\u00c9caille Bleu Tabby<\/strong><br \/>\nA- B- C- dd Oo <br \/>\n=motif tabby=<\/td><td class=\"column-2\">beige chaud et cr\u00e8me clair<\/td><td class=\"column-3\">bleu et cr\u00e8me fonc\u00e9<\/td><td class=\"column-4\">vieux rose<br \/>\nDans les r\u00e9gions bleues cercl\u00e9e de gris-bleu, dans les r\u00e9gions cr\u00e8mes cercl\u00e9e de rose fonc\u00e9.<\/td><td class=\"column-5\">Dans les r\u00e9gions bleues gris-bleu, dans les r\u00e9gions cr\u00e8mes rose fonc\u00e9.<\/td><td class=\"column-6\">Dans les r\u00e9gions bleues bleu, dans les r\u00e9gions cr\u00e8mes rose fonc\u00e9.<\/td>\n<\/tr>\n<tr class=\"row-12\">\n\t<td class=\"column-1\"><strong>\u00c9caille Chocolat Tabby<\/strong><br \/>\nA- bb\/bbl C- D- Oo <br \/>\n=motif tabby=<\/td><td class=\"column-2\">beige et cr\u00e8me<\/td><td class=\"column-3\">brun et rouge dilu\u00e9<\/td><td class=\"column-4\">vieux rose<br \/>\nDans les r\u00e9gions brunes cercl\u00e9e de chocolat-au-lait, dans les r\u00e9gions rouges cercl\u00e9e de rose.<\/td><td class=\"column-5\">Dans les r\u00e9gions brunes chocolat-au-lait, dans les r\u00e9gions rouges rose.<\/td><td class=\"column-6\">Dans les r\u00e9gions brunes chocolat-au-lait, dans les r\u00e9gions rouges rose.<\/td>\n<\/tr>\n<tr class=\"row-13\">\n\t<td class=\"column-1\"><strong>\u00c9caille Lilas Tabby<\/strong><br \/>\nA- bb\/bbl C- dd Oo <br \/>\n=motif tabby=<\/td><td class=\"column-2\">beige clair et cr\u00e8me clair<\/td><td class=\"column-3\">gris glacial et cr\u00e8me<\/td><td class=\"column-4\">vieux rose<br \/>\nDans les r\u00e9gions lilas cercl\u00e9e de rose-lavande, dans les r\u00e9gions cr\u00e8mes cercl\u00e9e de rose.<\/td><td class=\"column-5\">Dans les r\u00e9gions lilas rose-lavande, dans les r\u00e9gions cr\u00e8mes rose.<\/td><td class=\"column-6\">Dans les r\u00e9gions lilas rose-lavande, dans les r\u00e9gions cr\u00e8mes rose.<\/td>\n<\/tr>\n<tr class=\"row-14\">\n\t<td class=\"column-1\"><strong>\u00c9caille Cannelle Tabby<\/strong><br \/>\nA- blbl C- D- Oo <br \/>\n=motif tabby=<\/td><td class=\"column-2\">beige et cr\u00e8me clair<\/td><td class=\"column-3\">brun clair \u00e0 brun-cannelle et cr\u00e8me<\/td><td class=\"column-4\">vieux rose<br \/>\nDans les r\u00e9gions brunes cercl\u00e9e de cannelle, dans les r\u00e9gions cr\u00e8mes cercl\u00e9e de rose.<\/td><td class=\"column-5\">Dans les r\u00e9gions brunes cannelle, dans les r\u00e9gions cr\u00e8mes rose.<\/td><td class=\"column-6\">Dans les r\u00e9gions brunes cannelle, dans les r\u00e9gions cr\u00e8mes rose.<\/td>\n<\/tr>\n<tr class=\"row-15\">\n\t<td class=\"column-1\"><strong>\u00c9caille Faon Tabby<\/strong><br \/>\nA- blbl C- dd Oo <br \/>\n=motif tabby=<\/td><td class=\"column-2\">beige clair et cr\u00e8me clair<\/td><td class=\"column-3\">beige et cr\u00e8me<\/td><td class=\"column-4\">rose p\u00e2le cercl\u00e9e de rose clair<\/td><td class=\"column-5\">rose clair<\/td><td class=\"column-6\">rose clair<\/td>\n<\/tr>\n<\/tbody>\n<\/table>\n<!-- #tablepress-11 from cache --><\/div>\n\t\t\t\t\t\t<\/div>\n\t\t\t\t<\/div>\n\t\t\t\t\t<\/div>\n\t\t<\/div>\n\t\t\t\t\t<\/div>\n\t\t<\/section>\n\t\t\t\t<section class=\"elementor-section elementor-top-section elementor-element elementor-element-87cd369 elementor-section-full_width elementor-section-height-default elementor-section-height-default\" data-id=\"87cd369\" data-element_type=\"section\" data-e-type=\"section\">\n\t\t\t\t\t\t<div class=\"elementor-container elementor-column-gap-default\">\n\t\t\t\t\t<div class=\"elementor-column elementor-col-33 elementor-top-column elementor-element elementor-element-3993153a\" data-id=\"3993153a\" data-element_type=\"column\" data-e-type=\"column\">\n\t\t\t<div class=\"elementor-widget-wrap elementor-element-populated\">\n\t\t\t\t\t\t<div class=\"elementor-element elementor-element-23b3b2e6 elementor-widget elementor-widget-text-editor\" data-id=\"23b3b2e6\" data-element_type=\"widget\" data-e-type=\"widget\" data-widget_type=\"text-editor.default\">\n\t\t\t\t<div class=\"elementor-widget-container\">\n\t\t\t\t\t\t\t\t\t<p>A- peut \u00eatre: AA ou Aa<\/p>\t\t\t\t\t\t\t\t<\/div>\n\t\t\t\t<\/div>\n\t\t\t\t\t<\/div>\n\t\t<\/div>\n\t\t\t\t<div class=\"elementor-column elementor-col-33 elementor-top-column elementor-element elementor-element-12410fdd\" data-id=\"12410fdd\" data-element_type=\"column\" data-e-type=\"column\">\n\t\t\t<div class=\"elementor-widget-wrap\">\n\t\t\t\t\t\t\t<\/div>\n\t\t<\/div>\n\t\t\t\t<div class=\"elementor-column elementor-col-33 elementor-top-column elementor-element elementor-element-59b9a814\" data-id=\"59b9a814\" data-element_type=\"column\" data-e-type=\"column\">\n\t\t\t<div class=\"elementor-widget-wrap elementor-element-populated\">\n\t\t\t\t\t\t<div class=\"elementor-element elementor-element-47437f0f elementor-widget elementor-widget-text-editor\" data-id=\"47437f0f\" data-element_type=\"widget\" data-e-type=\"widget\" data-widget_type=\"text-editor.default\">\n\t\t\t\t<div class=\"elementor-widget-container\">\n\t\t\t\t\t\t\t\t\t<p>B- peut \u00eatre: BB ou Bb ou Bbl<\/p>\t\t\t\t\t\t\t\t<\/div>\n\t\t\t\t<\/div>\n\t\t\t\t\t<\/div>\n\t\t<\/div>\n\t\t\t\t\t<\/div>\n\t\t<\/section>\n\t\t\t\t<section class=\"elementor-section elementor-top-section elementor-element elementor-element-1ed0418c elementor-section-full_width elementor-section-height-default elementor-section-height-default\" data-id=\"1ed0418c\" data-element_type=\"section\" data-e-type=\"section\">\n\t\t\t\t\t\t<div class=\"elementor-container elementor-column-gap-default\">\n\t\t\t\t\t<div class=\"elementor-column elementor-col-33 elementor-top-column elementor-element elementor-element-7b6a22fa\" data-id=\"7b6a22fa\" data-element_type=\"column\" data-e-type=\"column\">\n\t\t\t<div class=\"elementor-widget-wrap elementor-element-populated\">\n\t\t\t\t\t\t<div class=\"elementor-element elementor-element-6e0659c2 elementor-widget elementor-widget-text-editor\" data-id=\"6e0659c2\" data-element_type=\"widget\" data-e-type=\"widget\" data-widget_type=\"text-editor.default\">\n\t\t\t\t<div class=\"elementor-widget-container\">\n\t\t\t\t\t\t\t\t\t<p>C- peut \u00eatre: CC ou Ccs ou Ccb<\/p>\t\t\t\t\t\t\t\t<\/div>\n\t\t\t\t<\/div>\n\t\t\t\t\t<\/div>\n\t\t<\/div>\n\t\t\t\t<div class=\"elementor-column elementor-col-33 elementor-top-column elementor-element elementor-element-5b411758\" data-id=\"5b411758\" data-element_type=\"column\" data-e-type=\"column\">\n\t\t\t<div class=\"elementor-widget-wrap\">\n\t\t\t\t\t\t\t<\/div>\n\t\t<\/div>\n\t\t\t\t<div class=\"elementor-column elementor-col-33 elementor-top-column elementor-element elementor-element-d0af382\" data-id=\"d0af382\" data-element_type=\"column\" data-e-type=\"column\">\n\t\t\t<div class=\"elementor-widget-wrap elementor-element-populated\">\n\t\t\t\t\t\t<div class=\"elementor-element elementor-element-3cd7966c elementor-widget elementor-widget-text-editor\" data-id=\"3cd7966c\" data-element_type=\"widget\" data-e-type=\"widget\" data-widget_type=\"text-editor.default\">\n\t\t\t\t<div class=\"elementor-widget-container\">\n\t\t\t\t\t\t\t\t\t<p>D- peut \u00eatre: DD ou Dd<\/p>\t\t\t\t\t\t\t\t<\/div>\n\t\t\t\t<\/div>\n\t\t\t\t\t<\/div>\n\t\t<\/div>\n\t\t\t\t\t<\/div>\n\t\t<\/section>\n\t\t\t\t<section class=\"elementor-section elementor-top-section elementor-element elementor-element-2984449a elementor-section-full_width elementor-section-height-default elementor-section-height-default\" data-id=\"2984449a\" data-element_type=\"section\" data-e-type=\"section\">\n\t\t\t\t\t\t<div class=\"elementor-container elementor-column-gap-default\">\n\t\t\t\t\t<div class=\"elementor-column elementor-col-50 elementor-top-column elementor-element elementor-element-7ddc845d\" data-id=\"7ddc845d\" data-element_type=\"column\" data-e-type=\"column\">\n\t\t\t<div class=\"elementor-widget-wrap elementor-element-populated\">\n\t\t\t\t\t\t<div class=\"elementor-element elementor-element-77b6d1d1 elementor-widget elementor-widget-text-editor\" data-id=\"77b6d1d1\" data-element_type=\"widget\" data-e-type=\"widget\" data-widget_type=\"text-editor.default\">\n\t\t\t\t<div class=\"elementor-widget-container\">\n\t\t\t\t\t\t\t\t\t<p>rouge \/ cr\u00e8me :<br \/>Le g\u00e8ne O colore toutes les couleurs au rouge.<br \/>Chez OY\/OO g\u00e8ne B peut \u00eatre : B- ou bb ou bbl ou blbl<\/p>\t\t\t\t\t\t\t\t<\/div>\n\t\t\t\t<\/div>\n\t\t\t\t\t<\/div>\n\t\t<\/div>\n\t\t\t\t<div class=\"elementor-column elementor-col-50 elementor-top-column elementor-element elementor-element-765ab6ac\" data-id=\"765ab6ac\" data-element_type=\"column\" data-e-type=\"column\">\n\t\t\t<div class=\"elementor-widget-wrap elementor-element-populated\">\n\t\t\t\t\t\t<div class=\"elementor-element elementor-element-32dcd4ba elementor-widget elementor-widget-text-editor\" data-id=\"32dcd4ba\" data-element_type=\"widget\" data-e-type=\"widget\" data-widget_type=\"text-editor.default\">\n\t\t\t\t<div class=\"elementor-widget-container\">\n\t\t\t\t\t\t\t\t\t<p>=motif tabby=:<\/p><p>tabby tiquet\u00e9 Ta- peut \u00eatre : TaTa ou Tata<br \/>tabby tigr\u00e9 Mc- spsp tata Mc- peut \u00eatre : McMc ou Mcmc<br \/>tabby blotched mcmc spsp tata<br \/>tabby mouchet\u00e9 Sp- tata Sp- peut \u00eatre : SpSp ou Spsp<\/p><p>Veuillez noter que le g\u00e8ne Ta et le g\u00e8ne responsable du motif tabby sont situ\u00e9s \u00e0 diff\u00e9rents lieux.<br \/>Par exemple, pensez chez l&#8217;Ocicat, o\u00f9 le motif tabby et la couleur de base sont tiquet\u00e9s : A- Sp- Ta-<\/p>\t\t\t\t\t\t\t\t<\/div>\n\t\t\t\t<\/div>\n\t\t\t\t\t<\/div>\n\t\t<\/div>\n\t\t\t\t\t<\/div>\n\t\t<\/section>\n\t\t\t\t<section class=\"elementor-section elementor-top-section elementor-element elementor-element-2658681e elementor-section-full_width elementor-section-height-default elementor-section-height-default\" data-id=\"2658681e\" data-element_type=\"section\" data-e-type=\"section\">\n\t\t\t\t\t\t<div class=\"elementor-container elementor-column-gap-default\">\n\t\t\t\t\t<div class=\"elementor-column elementor-col-50 elementor-top-column elementor-element elementor-element-e12ad30\" data-id=\"e12ad30\" data-element_type=\"column\" data-e-type=\"column\">\n\t\t\t<div class=\"elementor-widget-wrap elementor-element-populated\">\n\t\t\t\t\t\t<div class=\"elementor-element elementor-element-2069d761 elementor-widget elementor-widget-text-editor\" data-id=\"2069d761\" data-element_type=\"widget\" data-e-type=\"widget\" data-widget_type=\"text-editor.default\">\n\t\t\t\t<div class=\"elementor-widget-container\">\n\t\t\t\t\t\t\t\t\t<p>Chez toutes les couleurs:<br \/>E- ii ss ww wbwb<\/p>\t\t\t\t\t\t\t\t<\/div>\n\t\t\t\t<\/div>\n\t\t\t\t\t<\/div>\n\t\t<\/div>\n\t\t\t\t<div class=\"elementor-column elementor-col-50 elementor-top-column elementor-element elementor-element-4c0c7826\" data-id=\"4c0c7826\" data-element_type=\"column\" data-e-type=\"column\">\n\t\t\t<div class=\"elementor-widget-wrap\">\n\t\t\t\t\t\t\t<\/div>\n\t\t<\/div>\n\t\t\t\t\t<\/div>\n\t\t<\/section>\n\t\t\t\t<section class=\"elementor-section elementor-top-section elementor-element elementor-element-749b2805 elementor-section-full_width elementor-section-height-default elementor-section-height-default\" data-id=\"749b2805\" data-element_type=\"section\" data-e-type=\"section\">\n\t\t\t\t\t\t<div class=\"elementor-container elementor-column-gap-default\">\n\t\t\t\t\t<div class=\"elementor-column elementor-col-33 elementor-top-column elementor-element elementor-element-59a20006\" data-id=\"59a20006\" data-element_type=\"column\" data-e-type=\"column\">\n\t\t\t<div class=\"elementor-widget-wrap\">\n\t\t\t\t\t\t\t<\/div>\n\t\t<\/div>\n\t\t\t\t<div class=\"elementor-column elementor-col-66 elementor-top-column elementor-element elementor-element-153bd96a\" data-id=\"153bd96a\" data-element_type=\"column\" data-e-type=\"column\">\n\t\t\t<div class=\"elementor-widget-wrap\">\n\t\t\t\t\t\t\t<\/div>\n\t\t<\/div>\n\t\t\t\t\t<\/div>\n\t\t<\/section>\n\t\t\t\t<section class=\"elementor-section elementor-top-section elementor-element elementor-element-7bd897dc elementor-section-full_width elementor-section-height-default elementor-section-height-default\" data-id=\"7bd897dc\" data-element_type=\"section\" data-e-type=\"section\">\n\t\t\t\t\t\t<div class=\"elementor-container elementor-column-gap-default\">\n\t\t\t\t\t<div class=\"elementor-column elementor-col-33 elementor-top-column elementor-element elementor-element-713c4057\" data-id=\"713c4057\" data-element_type=\"column\" data-e-type=\"column\">\n\t\t\t<div class=\"elementor-widget-wrap elementor-element-populated\">\n\t\t\t\t\t\t<div class=\"elementor-element elementor-element-eff31cc elementor-widget elementor-widget-text-editor\" data-id=\"eff31cc\" data-element_type=\"widget\" data-e-type=\"widget\" data-widget_type=\"text-editor.default\">\n\t\t\t\t<div class=\"elementor-widget-container\">\n\t\t\t\t\t\t\t\t\t<p><a href=\"https:\/\/wcf.de\/fr\/colours-fr\/\">retour aux couleurs<\/a><\/p>\t\t\t\t\t\t\t\t<\/div>\n\t\t\t\t<\/div>\n\t\t\t\t\t<\/div>\n\t\t<\/div>\n\t\t\t\t<div class=\"elementor-column elementor-col-66 elementor-top-column elementor-element elementor-element-2dfd20e5\" data-id=\"2dfd20e5\" data-element_type=\"column\" data-e-type=\"column\">\n\t\t\t<div class=\"elementor-widget-wrap\">\n\t\t\t\t\t\t\t<\/div>\n\t\t<\/div>\n\t\t\t\t\t<\/div>\n\t\t<\/section>\n\t\t\t\t<\/div>\n\t\t","protected":false},"excerpt":{"rendered":"<p>TABBY A- peut \u00eatre: AA ou Aa B- peut \u00eatre: BB ou Bb ou Bbl C- peut \u00eatre: CC ou Ccs ou Ccb D- peut \u00eatre: DD ou Dd rouge \/ cr\u00e8me : Le g\u00e8ne O colore toutes les couleurs au rouge. Chez OY\/OO g\u00e8ne B peut \u00eatre : B- ou bb ou bbl ou [&hellip;]<\/p>\n","protected":false},"author":1,"featured_media":0,"parent":0,"menu_order":0,"comment_status":"closed","ping_status":"closed","template":"","meta":{"_monsterinsights_skip_tracking":false,"_monsterinsights_sitenote_active":false,"_monsterinsights_sitenote_note":"","_monsterinsights_sitenote_category":0,"footnotes":""},"class_list":["post-9338","page","type-page","status-publish","hentry"],"aioseo_notices":[],"_links":{"self":[{"href":"https:\/\/wcf.de\/fr\/wp-json\/wp\/v2\/pages\/9338","targetHints":{"allow":["GET"]}}],"collection":[{"href":"https:\/\/wcf.de\/fr\/wp-json\/wp\/v2\/pages"}],"about":[{"href":"https:\/\/wcf.de\/fr\/wp-json\/wp\/v2\/types\/page"}],"author":[{"embeddable":true,"href":"https:\/\/wcf.de\/fr\/wp-json\/wp\/v2\/users\/1"}],"replies":[{"embeddable":true,"href":"https:\/\/wcf.de\/fr\/wp-json\/wp\/v2\/comments?post=9338"}],"version-history":[{"count":12,"href":"https:\/\/wcf.de\/fr\/wp-json\/wp\/v2\/pages\/9338\/revisions"}],"predecessor-version":[{"id":10893,"href":"https:\/\/wcf.de\/fr\/wp-json\/wp\/v2\/pages\/9338\/revisions\/10893"}],"wp:attachment":[{"href":"https:\/\/wcf.de\/fr\/wp-json\/wp\/v2\/media?parent=9338"}],"curies":[{"name":"wp","href":"https:\/\/api.w.org\/{rel}","templated":true}]}}