{"id":9356,"date":"2021-09-21T10:35:49","date_gmt":"2021-09-21T10:35:49","guid":{"rendered":"https:\/\/de7.wcf-test.de\/fr\/?page_id=9356"},"modified":"2021-12-24T15:32:13","modified_gmt":"2021-12-24T15:32:13","slug":"tabby-blanc","status":"publish","type":"page","link":"https:\/\/wcf.de\/fr\/tabby-blanc\/","title":{"rendered":"Tabby blanc"},"content":{"rendered":"\t\t<div data-elementor-type=\"wp-page\" data-elementor-id=\"9356\" class=\"elementor elementor-9356\" data-elementor-post-type=\"page\">\n\t\t\t\t\t\t<section class=\"elementor-section elementor-top-section elementor-element elementor-element-6e4816f3 elementor-section-full_width elementor-section-height-default elementor-section-height-default\" data-id=\"6e4816f3\" data-element_type=\"section\" data-e-type=\"section\">\n\t\t\t\t\t\t<div class=\"elementor-container elementor-column-gap-default\">\n\t\t\t\t\t<div class=\"elementor-column elementor-col-100 elementor-top-column elementor-element elementor-element-4470e61b\" data-id=\"4470e61b\" data-element_type=\"column\" data-e-type=\"column\">\n\t\t\t<div class=\"elementor-widget-wrap elementor-element-populated\">\n\t\t\t\t\t\t<div class=\"elementor-element elementor-element-591787a9 elementor-widget elementor-widget-heading\" data-id=\"591787a9\" data-element_type=\"widget\" data-e-type=\"widget\" data-widget_type=\"heading.default\">\n\t\t\t\t<div class=\"elementor-widget-container\">\n\t\t\t\t\t<h5 class=\"elementor-heading-title elementor-size-large\">TABBY ET BLANC<\/h5>\t\t\t\t<\/div>\n\t\t\t\t<\/div>\n\t\t\t\t\t<\/div>\n\t\t<\/div>\n\t\t\t\t\t<\/div>\n\t\t<\/section>\n\t\t\t\t<section class=\"elementor-section elementor-top-section elementor-element elementor-element-7e24a8a6 elementor-section-full_width elementor-section-height-default elementor-section-height-default\" data-id=\"7e24a8a6\" data-element_type=\"section\" data-e-type=\"section\">\n\t\t\t\t\t\t<div class=\"elementor-container elementor-column-gap-default\">\n\t\t\t\t\t<div class=\"elementor-column elementor-col-100 elementor-top-column elementor-element elementor-element-1ac48088\" data-id=\"1ac48088\" data-element_type=\"column\" data-e-type=\"column\">\n\t\t\t<div class=\"elementor-widget-wrap elementor-element-populated\">\n\t\t\t\t\t\t<div class=\"elementor-element elementor-element-3945da90 elementor-widget elementor-widget-shortcode\" data-id=\"3945da90\" data-element_type=\"widget\" data-e-type=\"widget\" data-widget_type=\"shortcode.default\">\n\t\t\t\t<div class=\"elementor-widget-container\">\n\t\t\t\t\t\t\t<div class=\"elementor-shortcode\">\n<table id=\"tablepress-12\" class=\"tablepress tablepress-id-12\">\n<thead>\n<tr class=\"row-1\">\n\t<th class=\"column-1\">Couleur<\/th><th class=\"column-2\">Couleur de base<\/th><th class=\"column-3\">Couleur du dessin<\/th><th class=\"column-4\">Truffe<\/th><th class=\"column-5\">Coussinets<\/th><th class=\"column-6\">Contour des yeux<\/th>\n<\/tr>\n<\/thead>\n<tbody>\n<tr class=\"row-2\">\n\t<td class=\"column-1\"><strong>Noir Tabby<br \/>\nBicolore, Arlequin, Van,<br \/>\navec blanc<\/strong><br \/>\nA- B- C- D- oY\/oo Ss<br \/>\n=motif tabby=<br \/>\nA- B- C- D- oY\/oo Ss<br \/>\n=motif tabby=<\/td><td class=\"column-2\">brun d'or chaud<\/td><td class=\"column-3\">seal et blanc<\/td><td class=\"column-4\">Dans les r\u00e9gions color\u00e9es rouge cercl\u00e9e de noir.<br \/>\nDans les r\u00e9gions blanches la truffe est rose.<\/td><td class=\"column-5\">Dans les r\u00e9gions color\u00e9es noir, dans les r\u00e9gions blanches rose.<br \/>\nTache plantaire noire.<\/td><td class=\"column-6\">Dans les r\u00e9gions color\u00e9es noir, dans les r\u00e9gions blanches rose.<\/td>\n<\/tr>\n<tr class=\"row-3\">\n\t<td class=\"column-1\"><strong>Bleu Tabby<br \/>\nBicolore, Arlequin, Van,<br \/>\navec blanc<\/strong><br \/>\nA- B- C- dd oY\/oo Ss <br \/>\n=motif tabby=<br \/>\nA- B- C- dd oY\/oo Ss <br \/>\n=motif tabby=<\/td><td class=\"column-2\">beige chaud<\/td><td class=\"column-3\">bleu et blanc<\/td><td class=\"column-4\">Dans les r\u00e9gions color\u00e9es vieux rose cercl\u00e9e de bleu fonc\u00e9.<br \/>\nDans les r\u00e9gions blanches la truffe est rose.<\/td><td class=\"column-5\">Dans les r\u00e9gions color\u00e9es gris-bleu,dans les r\u00e9gions blanches rose.<br \/>\nTache plantaire bleue.<\/td><td class=\"column-6\">Dans les r\u00e9gions color\u00e9es bleu, dans les r\u00e9gions blanches rose.<\/td>\n<\/tr>\n<tr class=\"row-4\">\n\t<td class=\"column-1\"><strong>Chocolat Tabby<br \/>\nBicolore, Arlequin, Van,<br \/>\navec blanc<\/strong><br \/>\nA- bb\/bbl C- D- oY\/oo Ss <br \/>\n=motif tabby=<br \/>\nA- bb\/bbl C- D- oY\/oo Ss <br \/>\n=motif tabby=<\/td><td class=\"column-2\">beige<\/td><td class=\"column-3\">brun et blanc<\/td><td class=\"column-4\">Dans les r\u00e9gions color\u00e9es vieux rose cercl\u00e9e de chocolat-au-lait.<br \/>\nDans les r\u00e9gions blanches la truffe est rose.<\/td><td class=\"column-5\">Dans les r\u00e9gions color\u00e9es chocolat-au-lait, dans les r\u00e9gions blanches rose.<br \/>\nache plantaire brune.<\/td><td class=\"column-6\">Dans les r\u00e9gions color\u00e9es chocolat-au-lait, dans les r\u00e9gions blanches rose.<\/td>\n<\/tr>\n<tr class=\"row-5\">\n\t<td class=\"column-1\"><strong>Lilas Tabby<br \/>\nBicolore, Arlequin, Van,<br \/>\navec blanc<\/strong><br \/>\nA- bb\/bbl C- dd oY\/oo Ss<br \/>\n=motif tabby=<br \/>\noY\/oo Ss<br \/>\n=motif tabby=<\/td><td class=\"column-2\">beige clair<\/td><td class=\"column-3\">gris glacial et blanc<\/td><td class=\"column-4\">Dans les r\u00e9gions color\u00e9es rose cercl\u00e9e de rose-lavande.<br \/>\nDans les r\u00e9gions blanches la truffe est rose.<\/td><td class=\"column-5\">Dans les r\u00e9gions color\u00e9es rose-lavande, dans les r\u00e9gions blanches rose.<br \/>\nTache plantaire lilas.<\/td><td class=\"column-6\">Dans les r\u00e9gions color\u00e9es rose-lavande, dans les r\u00e9gions blanches rose.<\/td>\n<\/tr>\n<tr class=\"row-6\">\n\t<td class=\"column-1\"><strong>Cannelle Tabby<br \/>\nBicolore, Arlequin, Van,<br \/>\navec blanc<\/strong><br \/>\nA- blbl C- D- oY\/oo Ss <br \/>\n=motif tabby=<br \/>\nA- blbl C- D- oY\/oo Ss <br \/>\n=motif tabby=<\/td><td class=\"column-2\">beige<\/td><td class=\"column-3\">brun clair \u00e0 brun-cannelle et blanc<\/td><td class=\"column-4\">Dans les r\u00e9gions color\u00e9es rose cercl\u00e9e de cannelle.<br \/>\nDans les r\u00e9gions blanches la truffe est rose.<\/td><td class=\"column-5\">Dans les r\u00e9gions color\u00e9es cannelle, dans les r\u00e9gions blanches rose.<br \/>\nTache plantaire brune.<\/td><td class=\"column-6\">Dans les r\u00e9gions color\u00e9es cannelle, dans les r\u00e9gions blanches rose.<\/td>\n<\/tr>\n<tr class=\"row-7\">\n\t<td class=\"column-1\"><strong>Faon Tabby<br \/>\nBicolore, Arlequin, Van,<br \/>\navec blanc<\/strong><br \/>\nA- blbl C- dd oY\/oo Ss <br \/>\n=motif tabby=<br \/>\nA- blbl C- dd oY\/oo Ss <br \/>\n=motif tabby=<\/td><td class=\"column-2\">beige clair<\/td><td class=\"column-3\">beige et blanc<\/td><td class=\"column-4\">Dans les r\u00e9gions color\u00e9es rose p\u00e2le cercl\u00e9e de rose clair.<br \/>\nDans les r\u00e9gions blanches la truffe est rose.<\/td><td class=\"column-5\">rose Tache plantaire beige.<\/td><td class=\"column-6\">Dans les r\u00e9gions color\u00e9es rose clair, dans les r\u00e9gions blanches rose.<\/td>\n<\/tr>\n<tr class=\"row-8\">\n\t<td class=\"column-1\"><strong>Rouge Tabby<br \/>\nBicolore, Arlequin, Van,<br \/>\navec blanc<\/strong><br \/>\nA- C- D- OY\/OO Ss<br \/>\n=motif tabby=<br \/>\nA- C- D- OY\/OO Ss<br \/>\n=motif tabby=<\/td><td class=\"column-2\">rouge<\/td><td class=\"column-3\">rouge profond et fonc\u00e9 et blanc<\/td><td class=\"column-4\">Dans les r\u00e9gions color\u00e9es rouge cercl\u00e9e de rouge profond.<br \/>\nDans les r\u00e9gions blanches la truffe est rose.<\/td><td class=\"column-5\">Dans les r\u00e9gions color\u00e9es rouge, dans les r\u00e9gions blanches rose.<br \/>\nTache plantaire rouge.<\/td><td class=\"column-6\">Dans les r\u00e9gions color\u00e9es rouge, dans les r\u00e9gions blanches rose.<\/td>\n<\/tr>\n<tr class=\"row-9\">\n\t<td class=\"column-1\"><strong>Cr\u00e8me Tabby<br \/>\nBicolore, Arlequin, Van,<br \/>\navec blanc<\/strong><br \/>\nA- C- dd OY\/OO Ss<br \/>\n=motif tabby=<br \/>\nA- C- dd OY\/OO Ss<br \/>\n=motif tabby=<\/td><td class=\"column-2\">cr\u00e8me clair<\/td><td class=\"column-3\">cr\u00e8me fonc\u00e9 et blanc<\/td><td class=\"column-4\">Dans les r\u00e9gions color\u00e9es rose cercl\u00e9e de vieux rose.<br \/>\nDans les r\u00e9gions blanches la truffe est rose.<\/td><td class=\"column-5\">Dans les r\u00e9gions color\u00e9es vieux rose, dans les r\u00e9gions blanches rose.<br \/>\nTache plantaire cr\u00e8me.<\/td><td class=\"column-6\">Dans les r\u00e9gions color\u00e9es vieux rose, dans les r\u00e9gions blanches rose.<\/td>\n<\/tr>\n<tr class=\"row-10\">\n\t<td class=\"column-1\"><strong>\u00c9caille Tabby<br \/>\nTricolore, Arlequin, Van,<br \/>\navec blanc<\/strong><br \/>\nA- B- C- D- Oo Ss<br \/>\n=motif tabby=<br \/>\nA- B- C- D- Oo Ss<br \/>\n=motif tabby=<\/td><td class=\"column-2\">brun d'or chaud et rouge<\/td><td class=\"column-3\">noir et rouge profond et fonc\u00e9 et blanc<\/td><td class=\"column-4\">rouge-brique<br \/>\nDans les r\u00e9gions noires cercl\u00e9e de noir, dans les r\u00e9gions rouges cercl\u00e9e de rose.<br \/>\nDans les r\u00e9gions blanches la truffe est rose.<\/td><td class=\"column-5\">Dans les r\u00e9gions noires noir, dans les r\u00e9gions rouges et blanches rose.<\/td><td class=\"column-6\">Dans les r\u00e9gions noires noir, dans les r\u00e9gions rouges et blanches rose.<\/td>\n<\/tr>\n<tr class=\"row-11\">\n\t<td class=\"column-1\"><strong>\u00c9caille Bleu Tabby<br \/>\nTricolore, Arlequin, Van,<br \/>\navec blanc<\/strong><br \/>\nA- B- C- dd Oo Ss<br \/>\n=motif tabby=<br \/>\nA- B- C- dd Oo Ss<br \/>\n=motif tabby=<\/td><td class=\"column-2\">beige chaud et cr\u00e8me clair<\/td><td class=\"column-3\">bleu et cr\u00e8me fonc\u00e9 et blanc<\/td><td class=\"column-4\">vieux rose<br \/>\nDans les r\u00e9gions bleues cercl\u00e9e de gris-bleu, dans les r\u00e9gions cr\u00e8mes cercl\u00e9e de rose fonc\u00e9. Dans les r\u00e9gions blanches la truffe est rose.<\/td><td class=\"column-5\">Dans les r\u00e9gions bleues gris-bleu, dans les r\u00e9gions cr\u00e8mes rose fonc\u00e9, dans les r\u00e9gions blanches rose.<\/td><td class=\"column-6\">Dans les r\u00e9gions bleues bleu, dans les r\u00e9gions cr\u00e8mes rose fonc\u00e9, dans les r\u00e9gions blanches rose.<\/td>\n<\/tr>\n<tr class=\"row-12\">\n\t<td class=\"column-1\"><strong>\u00c9caille Chocolat Tabby<br \/>\nTricolore, Arlequin, Van,<br \/>\navec blanc<\/strong><br \/>\nA- bb\/bbl C- D- Oo Ss <br \/>\n=motif tabby=<br \/>\nA- bb\/bbl C- D- Oo Ss <br \/>\n=motif tabby=<\/td><td class=\"column-2\">beige et cr\u00e8me<\/td><td class=\"column-3\">brun et rouge dilu\u00e9 et blanc<\/td><td class=\"column-4\">vieux rose<br \/>\nDans les r\u00e9gions brunes cercl\u00e9e der chocolat-au-lait, dans les r\u00e9gions rouges cercl\u00e9e de rose.<br \/>\nDans les r\u00e9gions blanches la truffe est rose.<\/td><td class=\"column-5\">Dans les r\u00e9gions brunes chocolat-au-lait, dans les r\u00e9gions rouges et blanches rose.<\/td><td class=\"column-6\">Dans les r\u00e9gions brunes chocolat-au-lait, dans les r\u00e9gions rouges et blanches rose.<\/td>\n<\/tr>\n<tr class=\"row-13\">\n\t<td class=\"column-1\"><strong>\u00c9caille Lilas Tabby<br \/>\nTricolore, Arlequin, Van,<br \/>\navec blanc<\/strong><br \/>\nA- bb\/bbl C- dd Oo Ss <br \/>\n=motif tabby=<br \/>\nA- bb\/bbl C- dd Oo Ss <br \/>\n=motif tabby=<\/td><td class=\"column-2\">beige clair et cr\u00e8me clair<\/td><td class=\"column-3\">gris glacial et cr\u00e8me et blanc<\/td><td class=\"column-4\">vieux rose<br \/>\nDans les r\u00e9gions lilas cercl\u00e9e der rose-lavande, dans les r\u00e9gions cr\u00e8mes cercl\u00e9e de rose. <br \/>\nDans les r\u00e9gions blanches la truffe est rose.<\/td><td class=\"column-5\">Dans les r\u00e9gions lilas rose-lavande, dans les r\u00e9gions cr\u00e8mes et blanches rose.<\/td><td class=\"column-6\">Dans les r\u00e9gions lilas rose-lavande, dans les r\u00e9gions cr\u00e8mes et blanches rose.<\/td>\n<\/tr>\n<tr class=\"row-14\">\n\t<td class=\"column-1\"><strong>\u00c9caille Cannelle Tabby<br \/>\nTricolore, Arlequin, Van,<br \/>\navec blanc<\/strong><br \/>\nA- blbl C- D- Oo Ss<br \/>\n=motif tabby=<br \/>\nA- blbl C- D- Oo Ss<br \/>\n=motif tabby=<\/td><td class=\"column-2\">beige et cr\u00e8me clair<\/td><td class=\"column-3\">brun clair \u00e0 brun-cannelle et cr\u00e8me et blanc<\/td><td class=\"column-4\">vieux rose<br \/>\nDans les r\u00e9gions brunes cercl\u00e9e de cannelle, dans les r\u00e9gions cr\u00e8mes cercl\u00e9e de rose. <br \/>\nDans les r\u00e9gions blanches la truffe est rose.<\/td><td class=\"column-5\">Dans les r\u00e9gions brunes cannelle, dans les r\u00e9gions cr\u00e8mes et blanches rose.<\/td><td class=\"column-6\">Dans les r\u00e9gions brunes cannelle, dans les r\u00e9gions cr\u00e8mes et blanches rose.<\/td>\n<\/tr>\n<tr class=\"row-15\">\n\t<td class=\"column-1\"><strong>\u00c9caille Faon Tabby<br \/>\nTricolore, Arlequin, Van,<br \/>\navec blanc<\/strong><br \/>\nA- blbl C- dd Oo Ss <br \/>\n=motif tabby=<br \/>\nA- blbl C- dd Oo Ss <br \/>\n=motif tabby=<\/td><td class=\"column-2\">beige clair et cr\u00e8me clair<\/td><td class=\"column-3\">beige et cr\u00e8me et blanc<\/td><td class=\"column-4\">rose p\u00e2le<br \/>\nDans les r\u00e9gions color\u00e9es cercl\u00e9e de rose clair.<br \/>\nDans les r\u00e9gions blanches la truffe est rose.<\/td><td class=\"column-5\">Dans les r\u00e9gions color\u00e9es rose clair, dans les r\u00e9gions blanches rose.<\/td><td class=\"column-6\">Dans les r\u00e9gions color\u00e9es rose clair, dans les r\u00e9gions blanches rose.<\/td>\n<\/tr>\n<tr class=\"row-16\">\n\t<td class=\"column-1\"><\/td><td class=\"column-2\"><\/td><td class=\"column-3\"><\/td><td class=\"column-4\">Notez: La truffe est rose et sans contour dans les r\u00e9gions blanches.<\/td><td class=\"column-5\"><\/td><td class=\"column-6\"><\/td>\n<\/tr>\n<\/tbody>\n<\/table>\n<!-- #tablepress-12 from cache --><\/div>\n\t\t\t\t\t\t<\/div>\n\t\t\t\t<\/div>\n\t\t\t\t\t<\/div>\n\t\t<\/div>\n\t\t\t\t\t<\/div>\n\t\t<\/section>\n\t\t\t\t<section class=\"elementor-section elementor-top-section elementor-element elementor-element-6bc4beab elementor-section-full_width elementor-section-height-default elementor-section-height-default\" data-id=\"6bc4beab\" data-element_type=\"section\" data-e-type=\"section\">\n\t\t\t\t\t\t<div class=\"elementor-container elementor-column-gap-default\">\n\t\t\t\t\t<div class=\"elementor-column elementor-col-33 elementor-top-column elementor-element elementor-element-3d3596c1\" data-id=\"3d3596c1\" data-element_type=\"column\" data-e-type=\"column\">\n\t\t\t<div class=\"elementor-widget-wrap elementor-element-populated\">\n\t\t\t\t\t\t<div class=\"elementor-element elementor-element-6c1bd182 elementor-widget elementor-widget-text-editor\" data-id=\"6c1bd182\" data-element_type=\"widget\" data-e-type=\"widget\" data-widget_type=\"text-editor.default\">\n\t\t\t\t<div class=\"elementor-widget-container\">\n\t\t\t\t\t\t\t\t\t<p>A- peut \u00eatre: AA ou Aa<\/p>\t\t\t\t\t\t\t\t<\/div>\n\t\t\t\t<\/div>\n\t\t\t\t\t<\/div>\n\t\t<\/div>\n\t\t\t\t<div class=\"elementor-column elementor-col-33 elementor-top-column elementor-element elementor-element-21fa3f7d\" data-id=\"21fa3f7d\" data-element_type=\"column\" data-e-type=\"column\">\n\t\t\t<div class=\"elementor-widget-wrap\">\n\t\t\t\t\t\t\t<\/div>\n\t\t<\/div>\n\t\t\t\t<div class=\"elementor-column elementor-col-33 elementor-top-column elementor-element elementor-element-164d1aa4\" data-id=\"164d1aa4\" data-element_type=\"column\" data-e-type=\"column\">\n\t\t\t<div class=\"elementor-widget-wrap elementor-element-populated\">\n\t\t\t\t\t\t<div class=\"elementor-element elementor-element-3ba862e4 elementor-widget elementor-widget-text-editor\" data-id=\"3ba862e4\" data-element_type=\"widget\" data-e-type=\"widget\" data-widget_type=\"text-editor.default\">\n\t\t\t\t<div class=\"elementor-widget-container\">\n\t\t\t\t\t\t\t\t\t<p>B- peut \u00eatre: BB ou Bb ou Bbl<\/p>\t\t\t\t\t\t\t\t<\/div>\n\t\t\t\t<\/div>\n\t\t\t\t\t<\/div>\n\t\t<\/div>\n\t\t\t\t\t<\/div>\n\t\t<\/section>\n\t\t\t\t<section class=\"elementor-section elementor-top-section elementor-element elementor-element-50940cf5 elementor-section-full_width elementor-section-height-default elementor-section-height-default\" data-id=\"50940cf5\" data-element_type=\"section\" data-e-type=\"section\">\n\t\t\t\t\t\t<div class=\"elementor-container elementor-column-gap-default\">\n\t\t\t\t\t<div class=\"elementor-column elementor-col-33 elementor-top-column elementor-element elementor-element-744f552d\" data-id=\"744f552d\" data-element_type=\"column\" data-e-type=\"column\">\n\t\t\t<div class=\"elementor-widget-wrap elementor-element-populated\">\n\t\t\t\t\t\t<div class=\"elementor-element elementor-element-73d14771 elementor-widget elementor-widget-text-editor\" data-id=\"73d14771\" data-element_type=\"widget\" data-e-type=\"widget\" data-widget_type=\"text-editor.default\">\n\t\t\t\t<div class=\"elementor-widget-container\">\n\t\t\t\t\t\t\t\t\t<p>C- peut \u00eatre: CC ou Ccs ou Ccb<\/p>\t\t\t\t\t\t\t\t<\/div>\n\t\t\t\t<\/div>\n\t\t\t\t\t<\/div>\n\t\t<\/div>\n\t\t\t\t<div class=\"elementor-column elementor-col-33 elementor-top-column elementor-element elementor-element-5f4abc31\" data-id=\"5f4abc31\" data-element_type=\"column\" data-e-type=\"column\">\n\t\t\t<div class=\"elementor-widget-wrap\">\n\t\t\t\t\t\t\t<\/div>\n\t\t<\/div>\n\t\t\t\t<div class=\"elementor-column elementor-col-33 elementor-top-column elementor-element elementor-element-6c061f1e\" data-id=\"6c061f1e\" data-element_type=\"column\" data-e-type=\"column\">\n\t\t\t<div class=\"elementor-widget-wrap elementor-element-populated\">\n\t\t\t\t\t\t<div class=\"elementor-element elementor-element-708729b7 elementor-widget elementor-widget-text-editor\" data-id=\"708729b7\" data-element_type=\"widget\" data-e-type=\"widget\" data-widget_type=\"text-editor.default\">\n\t\t\t\t<div class=\"elementor-widget-container\">\n\t\t\t\t\t\t\t\t\t<p>D- peut \u00eatre: DD ou Dd<\/p>\t\t\t\t\t\t\t\t<\/div>\n\t\t\t\t<\/div>\n\t\t\t\t\t<\/div>\n\t\t<\/div>\n\t\t\t\t\t<\/div>\n\t\t<\/section>\n\t\t\t\t<section class=\"elementor-section elementor-top-section elementor-element elementor-element-23587249 elementor-section-full_width elementor-section-height-default elementor-section-height-default\" data-id=\"23587249\" data-element_type=\"section\" data-e-type=\"section\">\n\t\t\t\t\t\t<div class=\"elementor-container elementor-column-gap-default\">\n\t\t\t\t\t<div class=\"elementor-column elementor-col-50 elementor-top-column elementor-element elementor-element-532e7aa1\" data-id=\"532e7aa1\" data-element_type=\"column\" data-e-type=\"column\">\n\t\t\t<div class=\"elementor-widget-wrap elementor-element-populated\">\n\t\t\t\t\t\t<div class=\"elementor-element elementor-element-69345d84 elementor-widget elementor-widget-text-editor\" data-id=\"69345d84\" data-element_type=\"widget\" data-e-type=\"widget\" data-widget_type=\"text-editor.default\">\n\t\t\t\t<div class=\"elementor-widget-container\">\n\t\t\t\t\t\t\t\t\t<p>rouge \/ cr\u00e8me :<br \/>Le g\u00e8ne O colore toutes les couleurs au rouge.<br \/>Chez OY\/OO g\u00e8ne B peut \u00eatre : B- ou bb ou bbl ou blbl<\/p>\t\t\t\t\t\t\t\t<\/div>\n\t\t\t\t<\/div>\n\t\t\t\t\t<\/div>\n\t\t<\/div>\n\t\t\t\t<div class=\"elementor-column elementor-col-50 elementor-top-column elementor-element elementor-element-7b1fcb16\" data-id=\"7b1fcb16\" data-element_type=\"column\" data-e-type=\"column\">\n\t\t\t<div class=\"elementor-widget-wrap elementor-element-populated\">\n\t\t\t\t\t\t<div class=\"elementor-element elementor-element-70d60d71 elementor-widget elementor-widget-text-editor\" data-id=\"70d60d71\" data-element_type=\"widget\" data-e-type=\"widget\" data-widget_type=\"text-editor.default\">\n\t\t\t\t<div class=\"elementor-widget-container\">\n\t\t\t\t\t\t\t\t\t<p>=motif tabby=:<\/p><p>tabby tiquet\u00e9 Ta- peut \u00eatre : TaTa ou Tata<br \/>tabby tigr\u00e9 Mc- spsp tata Mc- peut \u00eatre : McMc ou Mcmc<br \/>tabby blotched mcmc spsp tata<br \/>tabby mouchet\u00e9 Sp- tata Sp- peut \u00eatre : SpSp ou Spsp<\/p><p>Veuillez noter que le g\u00e8ne Ta et le g\u00e8ne responsable du motif tabby sont situ\u00e9s <br \/>\u00e0 diff\u00e9rents lieux. <br \/>Donc le motif et la couleur de base peuvent \u00eatre tiquet\u00e9s : <br \/>Sp- Ta- ou Mc- Ta- ou mcmc Ta-<\/p>\t\t\t\t\t\t\t\t<\/div>\n\t\t\t\t<\/div>\n\t\t\t\t\t<\/div>\n\t\t<\/div>\n\t\t\t\t\t<\/div>\n\t\t<\/section>\n\t\t\t\t<section class=\"elementor-section elementor-top-section elementor-element elementor-element-7f899093 elementor-section-full_width elementor-section-height-default elementor-section-height-default\" data-id=\"7f899093\" data-element_type=\"section\" data-e-type=\"section\">\n\t\t\t\t\t\t<div class=\"elementor-container elementor-column-gap-default\">\n\t\t\t\t\t<div class=\"elementor-column elementor-col-50 elementor-top-column elementor-element elementor-element-312623c7\" data-id=\"312623c7\" data-element_type=\"column\" data-e-type=\"column\">\n\t\t\t<div class=\"elementor-widget-wrap elementor-element-populated\">\n\t\t\t\t\t\t<div class=\"elementor-element elementor-element-b1b6485 elementor-widget elementor-widget-text-editor\" data-id=\"b1b6485\" data-element_type=\"widget\" data-e-type=\"widget\" data-widget_type=\"text-editor.default\">\n\t\t\t\t<div class=\"elementor-widget-container\">\n\t\t\t\t\t\t\t\t\t<p>Chez toutes les couleurs:<br \/>E- ii ww wbwb<\/p>\t\t\t\t\t\t\t\t<\/div>\n\t\t\t\t<\/div>\n\t\t\t\t\t<\/div>\n\t\t<\/div>\n\t\t\t\t<div class=\"elementor-column elementor-col-50 elementor-top-column elementor-element elementor-element-6cf37290\" data-id=\"6cf37290\" data-element_type=\"column\" data-e-type=\"column\">\n\t\t\t<div class=\"elementor-widget-wrap elementor-element-populated\">\n\t\t\t\t\t\t<div class=\"elementor-element elementor-element-7751d964 elementor-widget elementor-widget-text-editor\" data-id=\"7751d964\" data-element_type=\"widget\" data-e-type=\"widget\" data-widget_type=\"text-editor.default\">\n\t\t\t\t<div class=\"elementor-widget-container\">\n\t\t\t\t\t\t\t\t\t<p><strong>Mitted n&#8217;est pas d\u00e9crit ici.<\/strong><\/p>\t\t\t\t\t\t\t\t<\/div>\n\t\t\t\t<\/div>\n\t\t\t\t\t<\/div>\n\t\t<\/div>\n\t\t\t\t\t<\/div>\n\t\t<\/section>\n\t\t\t\t<section class=\"elementor-section elementor-top-section elementor-element elementor-element-606de4c2 elementor-section-full_width elementor-section-height-default elementor-section-height-default\" data-id=\"606de4c2\" data-element_type=\"section\" data-e-type=\"section\">\n\t\t\t\t\t\t<div class=\"elementor-container elementor-column-gap-default\">\n\t\t\t\t\t<div class=\"elementor-column elementor-col-33 elementor-top-column elementor-element elementor-element-4adbf530\" data-id=\"4adbf530\" data-element_type=\"column\" data-e-type=\"column\">\n\t\t\t<div class=\"elementor-widget-wrap\">\n\t\t\t\t\t\t\t<\/div>\n\t\t<\/div>\n\t\t\t\t<div class=\"elementor-column elementor-col-66 elementor-top-column elementor-element elementor-element-3cfb570\" data-id=\"3cfb570\" data-element_type=\"column\" data-e-type=\"column\">\n\t\t\t<div class=\"elementor-widget-wrap\">\n\t\t\t\t\t\t\t<\/div>\n\t\t<\/div>\n\t\t\t\t\t<\/div>\n\t\t<\/section>\n\t\t\t\t<section class=\"elementor-section elementor-top-section elementor-element elementor-element-6a78d2e3 elementor-section-full_width elementor-section-height-default elementor-section-height-default\" data-id=\"6a78d2e3\" data-element_type=\"section\" data-e-type=\"section\">\n\t\t\t\t\t\t<div class=\"elementor-container elementor-column-gap-default\">\n\t\t\t\t\t<div class=\"elementor-column elementor-col-33 elementor-top-column elementor-element elementor-element-30441101\" data-id=\"30441101\" data-element_type=\"column\" data-e-type=\"column\">\n\t\t\t<div class=\"elementor-widget-wrap elementor-element-populated\">\n\t\t\t\t\t\t<div class=\"elementor-element elementor-element-2e750bec elementor-widget elementor-widget-text-editor\" data-id=\"2e750bec\" data-element_type=\"widget\" data-e-type=\"widget\" data-widget_type=\"text-editor.default\">\n\t\t\t\t<div class=\"elementor-widget-container\">\n\t\t\t\t\t\t\t\t\t<p><a href=\"https:\/\/wcf.de\/fr\/colours-fr\/\">retour aux couleurs<\/a><\/p>\t\t\t\t\t\t\t\t<\/div>\n\t\t\t\t<\/div>\n\t\t\t\t\t<\/div>\n\t\t<\/div>\n\t\t\t\t<div class=\"elementor-column elementor-col-66 elementor-top-column elementor-element elementor-element-6acbf490\" data-id=\"6acbf490\" data-element_type=\"column\" data-e-type=\"column\">\n\t\t\t<div class=\"elementor-widget-wrap\">\n\t\t\t\t\t\t\t<\/div>\n\t\t<\/div>\n\t\t\t\t\t<\/div>\n\t\t<\/section>\n\t\t\t\t<section class=\"elementor-section elementor-top-section elementor-element elementor-element-1b11e04d elementor-section-full_width animated-slow elementor-section-height-default elementor-section-height-default\" data-id=\"1b11e04d\" data-element_type=\"section\" data-e-type=\"section\" data-settings=\"{&quot;animation&quot;:&quot;none&quot;}\">\n\t\t\t\t\t\t\t<div class=\"elementor-background-overlay\"><\/div>\n\t\t\t\t\t\t\t<div class=\"elementor-container elementor-column-gap-no\">\n\t\t\t\t\t<div class=\"elementor-column elementor-col-100 elementor-top-column elementor-element elementor-element-7ef4bb54\" data-id=\"7ef4bb54\" data-element_type=\"column\" data-e-type=\"column\">\n\t\t\t<div class=\"elementor-widget-wrap\">\n\t\t\t\t\t\t\t<\/div>\n\t\t<\/div>\n\t\t\t\t\t<\/div>\n\t\t<\/section>\n\t\t\t\t<\/div>\n\t\t","protected":false},"excerpt":{"rendered":"<p>TABBY ET BLANC A- peut \u00eatre: AA ou Aa B- peut \u00eatre: BB ou Bb ou Bbl C- peut \u00eatre: CC ou Ccs ou Ccb D- peut \u00eatre: DD ou Dd rouge \/ cr\u00e8me : Le g\u00e8ne O colore toutes les couleurs au rouge. Chez OY\/OO g\u00e8ne B peut \u00eatre : B- ou bb ou [&hellip;]<\/p>\n","protected":false},"author":1,"featured_media":0,"parent":0,"menu_order":0,"comment_status":"closed","ping_status":"closed","template":"","meta":{"_monsterinsights_skip_tracking":false,"_monsterinsights_sitenote_active":false,"_monsterinsights_sitenote_note":"","_monsterinsights_sitenote_category":0,"footnotes":""},"class_list":["post-9356","page","type-page","status-publish","hentry"],"aioseo_notices":[],"_links":{"self":[{"href":"https:\/\/wcf.de\/fr\/wp-json\/wp\/v2\/pages\/9356","targetHints":{"allow":["GET"]}}],"collection":[{"href":"https:\/\/wcf.de\/fr\/wp-json\/wp\/v2\/pages"}],"about":[{"href":"https:\/\/wcf.de\/fr\/wp-json\/wp\/v2\/types\/page"}],"author":[{"embeddable":true,"href":"https:\/\/wcf.de\/fr\/wp-json\/wp\/v2\/users\/1"}],"replies":[{"embeddable":true,"href":"https:\/\/wcf.de\/fr\/wp-json\/wp\/v2\/comments?post=9356"}],"version-history":[{"count":9,"href":"https:\/\/wcf.de\/fr\/wp-json\/wp\/v2\/pages\/9356\/revisions"}],"predecessor-version":[{"id":10897,"href":"https:\/\/wcf.de\/fr\/wp-json\/wp\/v2\/pages\/9356\/revisions\/10897"}],"wp:attachment":[{"href":"https:\/\/wcf.de\/fr\/wp-json\/wp\/v2\/media?parent=9356"}],"curies":[{"name":"wp","href":"https:\/\/api.w.org\/{rel}","templated":true}]}}