{"id":9379,"date":"2021-09-21T11:28:26","date_gmt":"2021-09-21T11:28:26","guid":{"rendered":"https:\/\/de7.wcf-test.de\/fr\/?page_id=9379"},"modified":"2021-12-24T15:34:07","modified_gmt":"2021-12-24T15:34:07","slug":"silver-tabby-fr","status":"publish","type":"page","link":"https:\/\/wcf.de\/fr\/silver-tabby-fr\/","title":{"rendered":"Silver Tabby fr"},"content":{"rendered":"\t\t<div data-elementor-type=\"wp-page\" data-elementor-id=\"9379\" class=\"elementor elementor-9379\" data-elementor-post-type=\"page\">\n\t\t\t\t\t\t<section class=\"elementor-section elementor-top-section elementor-element elementor-element-6804471f elementor-section-full_width elementor-section-height-default elementor-section-height-default\" data-id=\"6804471f\" data-element_type=\"section\" data-e-type=\"section\">\n\t\t\t\t\t\t<div class=\"elementor-container elementor-column-gap-default\">\n\t\t\t\t\t<div class=\"elementor-column elementor-col-100 elementor-top-column elementor-element elementor-element-f5f4470\" data-id=\"f5f4470\" data-element_type=\"column\" data-e-type=\"column\">\n\t\t\t<div class=\"elementor-widget-wrap elementor-element-populated\">\n\t\t\t\t\t\t<div class=\"elementor-element elementor-element-d7878fe elementor-widget elementor-widget-heading\" data-id=\"d7878fe\" data-element_type=\"widget\" data-e-type=\"widget\" data-widget_type=\"heading.default\">\n\t\t\t\t<div class=\"elementor-widget-container\">\n\t\t\t\t\t<h5 class=\"elementor-heading-title elementor-size-large\">SILVER TABBY<br>SILVER SHADED<br>SILVER SHELL (CHINCHILLA)<\/h5>\t\t\t\t<\/div>\n\t\t\t\t<\/div>\n\t\t\t\t\t<\/div>\n\t\t<\/div>\n\t\t\t\t\t<\/div>\n\t\t<\/section>\n\t\t\t\t<section class=\"elementor-section elementor-top-section elementor-element elementor-element-451f979 elementor-section-full_width elementor-section-height-default elementor-section-height-default\" data-id=\"451f979\" data-element_type=\"section\" data-e-type=\"section\">\n\t\t\t\t\t\t<div class=\"elementor-container elementor-column-gap-default\">\n\t\t\t\t\t<div class=\"elementor-column elementor-col-100 elementor-top-column elementor-element elementor-element-7498cc0e\" data-id=\"7498cc0e\" data-element_type=\"column\" data-e-type=\"column\">\n\t\t\t<div class=\"elementor-widget-wrap elementor-element-populated\">\n\t\t\t\t\t\t<div class=\"elementor-element elementor-element-77d173dd elementor-widget elementor-widget-shortcode\" data-id=\"77d173dd\" data-element_type=\"widget\" data-e-type=\"widget\" data-widget_type=\"shortcode.default\">\n\t\t\t\t<div class=\"elementor-widget-container\">\n\t\t\t\t\t\t\t<div class=\"elementor-shortcode\">\n<table id=\"tablepress-13\" class=\"tablepress tablepress-id-13\">\n<thead>\n<tr class=\"row-1\">\n\t<th class=\"column-1\">Couleur<\/th><th class=\"column-2\">Couleur de base<\/th><th class=\"column-3\">Couleur du dessin<\/th><th class=\"column-4\">Truffe<\/th><th class=\"column-5\">Coussinets<\/th><th class=\"column-6\">Contour des yeux<\/th><th class=\"column-7\">Remarques<\/th>\n<\/tr>\n<\/thead>\n<tbody>\n<tr class=\"row-2\">\n\t<td class=\"column-1\"><strong>Noir Silver Tabby,<br \/>\nShaded, Shell<\/strong><br \/>\nA- B- C- D- I- oY\/oo <br \/>\n=motif tabby=<\/td><td class=\"column-2\">blanc argent\u00e9<\/td><td class=\"column-3\">noir<\/td><td class=\"column-4\">rouge-brique cercl\u00e9e de noir<\/td><td class=\"column-5\">noir<\/td><td class=\"column-6\">noir<\/td><td class=\"column-7\"><a href=\"https:\/\/wcf.de\/fr\/remarques\/#rem5\" target=\"_blank\" rel=\"nofollow noopener\">Voir Remarques aux couleurs 5.<\/a><\/td>\n<\/tr>\n<tr class=\"row-3\">\n\t<td class=\"column-1\"><strong>Bleu Silver Tabby,<br \/>\nShaded, Shell<\/strong><br \/>\nA- B- C- dd I- oY\/oo  <br \/>\n=motif tabby=<\/td><td class=\"column-2\">blanc argent\u00e9<\/td><td class=\"column-3\">bleu<\/td><td class=\"column-4\">vieux rose cercl\u00e9e de bleu fonc\u00e9<\/td><td class=\"column-5\">gris-bleu<\/td><td class=\"column-6\">bleu<\/td><td class=\"column-7\"><a href=\"https:\/\/wcf.de\/fr\/remarques\/#rem5\" target=\"_blank\" rel=\"nofollow noopener\">Voir Remarques aux couleurs 5.<\/a><\/td>\n<\/tr>\n<tr class=\"row-4\">\n\t<td class=\"column-1\"><strong>Chocolat Silver Tabby,<br \/>\nShaded, Shell<\/strong><br \/>\nA- bb\/bbl C- D- I- oY\/oo<br \/>\n=motif tabby=<\/td><td class=\"column-2\">blanc argent\u00e9<\/td><td class=\"column-3\">brun<\/td><td class=\"column-4\">vieux rose cercl\u00e9e de chocolat-au-lait<\/td><td class=\"column-5\">chocolat-au-lait<\/td><td class=\"column-6\">chocolat-au-lait<\/td><td class=\"column-7\"><a href=\"https:\/\/wcf.de\/fr\/remarques\/#rem5\" target=\"_blank\" rel=\"nofollow noopener\">Voir Remarques aux couleurs 5.<\/a><\/td>\n<\/tr>\n<tr class=\"row-5\">\n\t<td class=\"column-1\"><strong>Lilas Silver Tabby,<br \/>\nShaded, Shell<\/strong><br \/>\nA- bb\/bbl C- dd I- oY\/oo<br \/>\n=motif tabby=<\/td><td class=\"column-2\">blanc argent\u00e9<\/td><td class=\"column-3\">gris glacial<\/td><td class=\"column-4\">rose cercl\u00e9e de rose-lavande<\/td><td class=\"column-5\">rose-lavande<\/td><td class=\"column-6\">rose-lavande<\/td><td class=\"column-7\"><a href=\"https:\/\/wcf.de\/fr\/remarques\/#rem5\" target=\"_blank\" rel=\"nofollow noopener\">Voir Remarques aux couleurs 5.<\/a><\/td>\n<\/tr>\n<tr class=\"row-6\">\n\t<td class=\"column-1\"><strong>Cannelle Silver Tabby,<br \/>\nShaded, Shell<\/strong><br \/>\nA- blbl C- D- I- oY\/oo <br \/>\n=motif tabby=<\/td><td class=\"column-2\">blanc argent\u00e9<\/td><td class=\"column-3\">brun clair \u00e0 brun-cannelle<\/td><td class=\"column-4\">vieux rose cercl\u00e9e de cannelle<\/td><td class=\"column-5\">cannelle<\/td><td class=\"column-6\">cannelle<\/td><td class=\"column-7\"><a href=\"https:\/\/wcf.de\/fr\/remarques\/#rem5\" target=\"_blank\" rel=\"nofollow noopener\">Voir Remarques aux couleurs 5.<\/a><\/td>\n<\/tr>\n<tr class=\"row-7\">\n\t<td class=\"column-1\"><strong>Faon Silver Tabby,<br \/>\nShaded, Shell<\/strong><br \/>\nA- blbl C- dd I- oY\/oo<br \/>\n=motif tabby=<\/td><td class=\"column-2\">blanc argent\u00e9<\/td><td class=\"column-3\">beige<\/td><td class=\"column-4\">rose p\u00e2le cercl\u00e9e de rose clair<\/td><td class=\"column-5\">rose clair<\/td><td class=\"column-6\">rose clair<\/td><td class=\"column-7\"><a href=\"https:\/\/wcf.de\/fr\/remarques\/#rem5\" target=\"_blank\" rel=\"nofollow noopener\">Voir Remarques aux couleurs 5.<\/a><\/td>\n<\/tr>\n<tr class=\"row-8\">\n\t<td class=\"column-1\"><strong>Rouge Silver Tabby,<br \/>\nShaded, Shell<\/strong><br \/>\nA- C- D- I- OY\/OO<br \/>\n=motif tabby=<\/td><td class=\"column-2\">blanc argent\u00e9<\/td><td class=\"column-3\">rouge profond et fonc\u00e9<\/td><td class=\"column-4\">rouge cercl\u00e9e de rouge fonc\u00e9<\/td><td class=\"column-5\">rose<\/td><td class=\"column-6\">rouge fonc\u00e9<\/td><td class=\"column-7\"><a href=\"https:\/\/wcf.de\/fr\/remarques\/#rem5\" target=\"_blank\" rel=\"nofollow noopener\">Voir Remarques aux couleurs 5.<\/a><\/td>\n<\/tr>\n<tr class=\"row-9\">\n\t<td class=\"column-1\"><strong>Cr\u00e8me Silver Tabby,<br \/>\nShaded, Shell<\/strong><br \/>\nA- C- dd I- OY\/OO<br \/>\n=motif tabby=<\/td><td class=\"column-2\">blanc argent\u00e9<\/td><td class=\"column-3\">cr\u00e8me<\/td><td class=\"column-4\">rose cercl\u00e9e de rose fonc\u00e9<\/td><td class=\"column-5\">rose<\/td><td class=\"column-6\">rose fonc\u00e9<\/td><td class=\"column-7\"><a href=\"https:\/\/wcf.de\/fr\/remarques\/#rem5\" target=\"_blank\" rel=\"nofollow noopener\">Voir Remarques aux couleurs 5.<\/a><\/td>\n<\/tr>\n<tr class=\"row-10\">\n\t<td class=\"column-1\"><strong>\u00c9caille Silver Tabby,<br \/>\nShaded, Shell<\/strong><br \/>\nA- B- C- D- I- Oo<br \/>\n=motif tabby=<\/td><td class=\"column-2\">blanc argent\u00e9<\/td><td class=\"column-3\">noir et rouge profond et fonc\u00e9<\/td><td class=\"column-4\">rouge-brique<br \/>\nDans les r\u00e9gions noires cercl\u00e9e de noir, dans les r\u00e9gions rouges cercl\u00e9e de rose.<\/td><td class=\"column-5\">Dans les r\u00e9gions noires noir, dans les r\u00e9gions rouges rose.<\/td><td class=\"column-6\">Dans les r\u00e9gions noires noir, dans les r\u00e9gions rouges rose.<\/td><td class=\"column-7\"><a href=\"https:\/\/wcf.de\/fr\/remarques\/#rem5\" target=\"_blank\" rel=\"nofollow noopener\">Voir Remarques aux couleurs 5.<\/a><\/td>\n<\/tr>\n<tr class=\"row-11\">\n\t<td class=\"column-1\"><strong>\u00c9caille Bleu Silver Tabby,<br \/>\nShaded, Shell<\/strong><br \/>\nA- B- C- dd I- Oo<br \/>\n=motif tabby=<\/td><td class=\"column-2\">blanc argent\u00e9<\/td><td class=\"column-3\">bleu et cr\u00e8me fonc\u00e9<\/td><td class=\"column-4\">vieux rose <br \/>\nDans les r\u00e9gions bleues cercl\u00e9e de gris-bleu, dans les r\u00e9gions cr\u00e8mes cercl\u00e9e de rose fonc\u00e9<\/td><td class=\"column-5\">Dans les r\u00e9gions bleues gris-bleu, dans les r\u00e9gions cr\u00e8mes rose fonc\u00e9.<\/td><td class=\"column-6\">Dans les r\u00e9gions bleues bleu, dans les r\u00e9gions cr\u00e8mes rose fonc\u00e9.<\/td><td class=\"column-7\"><a href=\"https:\/\/wcf.de\/fr\/remarques\/#rem5\" target=\"_blank\" rel=\"nofollow noopener\">Voir Remarques aux couleurs 5.<\/a><\/td>\n<\/tr>\n<tr class=\"row-12\">\n\t<td class=\"column-1\"><strong>\u00c9caille Chocolat Silver Tabby,<br \/>\nShaded, Shell<\/strong><br \/>\nA- bb\/bbl C- D- I- Oo <br \/>\n=motif tabby=<\/td><td class=\"column-2\">blanc argent\u00e9<\/td><td class=\"column-3\">brun et rouge dilu\u00e9<\/td><td class=\"column-4\">vieux rose<br \/>\nDans les r\u00e9gions brunes cercl\u00e9e de chocolat-au-lait, dans les r\u00e9gions rouges dilu\u00e9es cercl\u00e9e de rose.<\/td><td class=\"column-5\">Dans les r\u00e9gions brunes chocolat-au-lait, dans les r\u00e9gions rouges dilu\u00e9es rose.<\/td><td class=\"column-6\">Dans les r\u00e9gions brunes chocolat-au-lait, dans les r\u00e9gions rouges dilu\u00e9es rose.<\/td><td class=\"column-7\"><a href=\"https:\/\/wcf.de\/fr\/remarques\/#rem5\" target=\"_blank\" rel=\"nofollow noopener\">Voir Remarques aux couleurs 5.<\/a><\/td>\n<\/tr>\n<tr class=\"row-13\">\n\t<td class=\"column-1\"><strong>\u00c9caille Lilas Silver Tabby,<br \/>\nShaded, Shell<\/strong><br \/>\nA- bb\/bbl C- dd I- Oo <br \/>\n=motif tabby<\/td><td class=\"column-2\">blanc argent\u00e9<\/td><td class=\"column-3\">gris glacial et cr\u00e8me<\/td><td class=\"column-4\">vieux rose<br \/>\nDans les r\u00e9gions lilas cercl\u00e9e de rose-lavande, dans les r\u00e9gions cr\u00e8mes cercl\u00e9e<br \/>\nde rose.<\/td><td class=\"column-5\">Dans les r\u00e9gions lilas rose-lavande, dans les r\u00e9gions cr\u00e8mes rose.<\/td><td class=\"column-6\">Dans les r\u00e9gions lilas rose-lavande, dans les r\u00e9gions cr\u00e8mes rose.<\/td><td class=\"column-7\"><a href=\"https:\/\/wcf.de\/fr\/remarques\/#rem5\" target=\"_blank\" rel=\"nofollow noopener\">Voir Remarques aux couleurs 5.<\/a><\/td>\n<\/tr>\n<tr class=\"row-14\">\n\t<td class=\"column-1\"><strong>\u00c9caille Cannelle Silver Tabby,<br \/>\nShaded, Shell<\/strong><br \/>\nA- blbl C- D- I- Oo<br \/>\n=motif tabby=<\/td><td class=\"column-2\">blanc argent\u00e9<\/td><td class=\"column-3\">brun clair \u00e0 brun-cannelle et cr\u00e8me<\/td><td class=\"column-4\">vieux rose<br \/>\nDans les r\u00e9gions brunes cercl\u00e9e de cannelle, dans les r\u00e9gions cr\u00e8mes cercl\u00e9e de rose.<\/td><td class=\"column-5\">Dans les r\u00e9gions brunes cannelle, dans les r\u00e9gions cr\u00e8mes rose.<\/td><td class=\"column-6\">Dans les r\u00e9gions brunes cannelle, dans les r\u00e9gions cr\u00e8mes rose.<\/td><td class=\"column-7\"><a href=\"https:\/\/wcf.de\/fr\/remarques\/#rem5\" target=\"_blank\" rel=\"nofollow noopener\">Voir Remarques aux couleurs 5.<\/a><\/td>\n<\/tr>\n<tr class=\"row-15\">\n\t<td class=\"column-1\"><strong>\u00c9caille Faon Silver Tabby,<br \/>\nShaded, Shell<\/strong><br \/>\nA- blbl C- dd I- Oo<br \/>\n=motif tabby=<\/td><td class=\"column-2\">blanc argent\u00e9<\/td><td class=\"column-3\">beige et cr\u00e8me<\/td><td class=\"column-4\">rose p\u00e2le cercl\u00e9e de rose clair<\/td><td class=\"column-5\">rose clair<\/td><td class=\"column-6\">rose clair<\/td><td class=\"column-7\"><a href=\"https:\/\/wcf.de\/fr\/remarques\/#rem5\" target=\"_blank\" rel=\"nofollow noopener\">Voir Remarques aux couleurs 5.<\/a><\/td>\n<\/tr>\n<\/tbody>\n<\/table>\n<!-- #tablepress-13 from cache --><\/div>\n\t\t\t\t\t\t<\/div>\n\t\t\t\t<\/div>\n\t\t\t\t\t<\/div>\n\t\t<\/div>\n\t\t\t\t\t<\/div>\n\t\t<\/section>\n\t\t\t\t<section class=\"elementor-section elementor-top-section elementor-element elementor-element-3ad490c8 elementor-section-full_width elementor-section-height-default elementor-section-height-default\" data-id=\"3ad490c8\" data-element_type=\"section\" data-e-type=\"section\">\n\t\t\t\t\t\t<div class=\"elementor-container elementor-column-gap-default\">\n\t\t\t\t\t<div class=\"elementor-column elementor-col-33 elementor-top-column elementor-element elementor-element-646f9317\" data-id=\"646f9317\" data-element_type=\"column\" data-e-type=\"column\">\n\t\t\t<div class=\"elementor-widget-wrap elementor-element-populated\">\n\t\t\t\t\t\t<div class=\"elementor-element elementor-element-45f806e0 elementor-widget elementor-widget-text-editor\" data-id=\"45f806e0\" data-element_type=\"widget\" data-e-type=\"widget\" data-widget_type=\"text-editor.default\">\n\t\t\t\t<div class=\"elementor-widget-container\">\n\t\t\t\t\t\t\t\t\t<p>A- peut \u00eatre: AA ou Aa<\/p>\t\t\t\t\t\t\t\t<\/div>\n\t\t\t\t<\/div>\n\t\t\t\t\t<\/div>\n\t\t<\/div>\n\t\t\t\t<div class=\"elementor-column elementor-col-33 elementor-top-column elementor-element elementor-element-4406c5f5\" data-id=\"4406c5f5\" data-element_type=\"column\" data-e-type=\"column\">\n\t\t\t<div class=\"elementor-widget-wrap\">\n\t\t\t\t\t\t\t<\/div>\n\t\t<\/div>\n\t\t\t\t<div class=\"elementor-column elementor-col-33 elementor-top-column elementor-element elementor-element-d0ee108\" data-id=\"d0ee108\" data-element_type=\"column\" data-e-type=\"column\">\n\t\t\t<div class=\"elementor-widget-wrap elementor-element-populated\">\n\t\t\t\t\t\t<div class=\"elementor-element elementor-element-37e8d38 elementor-widget elementor-widget-text-editor\" data-id=\"37e8d38\" data-element_type=\"widget\" data-e-type=\"widget\" data-widget_type=\"text-editor.default\">\n\t\t\t\t<div class=\"elementor-widget-container\">\n\t\t\t\t\t\t\t\t\t<p>B- peut \u00eatre: BB ou Bb ou Bbl<\/p>\t\t\t\t\t\t\t\t<\/div>\n\t\t\t\t<\/div>\n\t\t\t\t\t<\/div>\n\t\t<\/div>\n\t\t\t\t\t<\/div>\n\t\t<\/section>\n\t\t\t\t<section class=\"elementor-section elementor-top-section elementor-element elementor-element-4bd820bc elementor-section-full_width elementor-section-height-default elementor-section-height-default\" data-id=\"4bd820bc\" data-element_type=\"section\" data-e-type=\"section\">\n\t\t\t\t\t\t<div class=\"elementor-container elementor-column-gap-default\">\n\t\t\t\t\t<div class=\"elementor-column elementor-col-33 elementor-top-column elementor-element elementor-element-79135243\" data-id=\"79135243\" data-element_type=\"column\" data-e-type=\"column\">\n\t\t\t<div class=\"elementor-widget-wrap elementor-element-populated\">\n\t\t\t\t\t\t<div class=\"elementor-element elementor-element-504dd034 elementor-widget elementor-widget-text-editor\" data-id=\"504dd034\" data-element_type=\"widget\" data-e-type=\"widget\" data-widget_type=\"text-editor.default\">\n\t\t\t\t<div class=\"elementor-widget-container\">\n\t\t\t\t\t\t\t\t\t<p>C- peut \u00eatre: CC ou Ccs ou Ccb<\/p>\t\t\t\t\t\t\t\t<\/div>\n\t\t\t\t<\/div>\n\t\t\t\t\t<\/div>\n\t\t<\/div>\n\t\t\t\t<div class=\"elementor-column elementor-col-33 elementor-top-column elementor-element elementor-element-18b9b74d\" data-id=\"18b9b74d\" data-element_type=\"column\" data-e-type=\"column\">\n\t\t\t<div class=\"elementor-widget-wrap\">\n\t\t\t\t\t\t\t<\/div>\n\t\t<\/div>\n\t\t\t\t<div class=\"elementor-column elementor-col-33 elementor-top-column elementor-element elementor-element-32bfeecd\" data-id=\"32bfeecd\" data-element_type=\"column\" data-e-type=\"column\">\n\t\t\t<div class=\"elementor-widget-wrap elementor-element-populated\">\n\t\t\t\t\t\t<div class=\"elementor-element elementor-element-58ac8c14 elementor-widget elementor-widget-text-editor\" data-id=\"58ac8c14\" data-element_type=\"widget\" data-e-type=\"widget\" data-widget_type=\"text-editor.default\">\n\t\t\t\t<div class=\"elementor-widget-container\">\n\t\t\t\t\t\t\t\t\t<p>D- peut \u00eatre: DD ou Dd<\/p>\t\t\t\t\t\t\t\t<\/div>\n\t\t\t\t<\/div>\n\t\t\t\t\t<\/div>\n\t\t<\/div>\n\t\t\t\t\t<\/div>\n\t\t<\/section>\n\t\t\t\t<section class=\"elementor-section elementor-top-section elementor-element elementor-element-18df53c6 elementor-section-full_width elementor-section-height-default elementor-section-height-default\" data-id=\"18df53c6\" data-element_type=\"section\" data-e-type=\"section\">\n\t\t\t\t\t\t<div class=\"elementor-container elementor-column-gap-default\">\n\t\t\t\t\t<div class=\"elementor-column elementor-col-50 elementor-top-column elementor-element elementor-element-2b38a427\" data-id=\"2b38a427\" data-element_type=\"column\" data-e-type=\"column\">\n\t\t\t<div class=\"elementor-widget-wrap elementor-element-populated\">\n\t\t\t\t\t\t<div class=\"elementor-element elementor-element-1db5b987 elementor-widget elementor-widget-text-editor\" data-id=\"1db5b987\" data-element_type=\"widget\" data-e-type=\"widget\" data-widget_type=\"text-editor.default\">\n\t\t\t\t<div class=\"elementor-widget-container\">\n\t\t\t\t\t\t\t\t\t<p>I- peut \u00eatre: II ou Ii<\/p>\t\t\t\t\t\t\t\t<\/div>\n\t\t\t\t<\/div>\n\t\t\t\t\t<\/div>\n\t\t<\/div>\n\t\t\t\t<div class=\"elementor-column elementor-col-50 elementor-top-column elementor-element elementor-element-7354fa6b\" data-id=\"7354fa6b\" data-element_type=\"column\" data-e-type=\"column\">\n\t\t\t<div class=\"elementor-widget-wrap elementor-element-populated\">\n\t\t\t\t\t\t<div class=\"elementor-element elementor-element-2e41e19a elementor-widget elementor-widget-text-editor\" data-id=\"2e41e19a\" data-element_type=\"widget\" data-e-type=\"widget\" data-widget_type=\"text-editor.default\">\n\t\t\t\t<div class=\"elementor-widget-container\">\n\t\t\t\t\t\t\t\t\t<p>=motif tabby=:<br \/>tiquet\u00e9 Ta-<br \/>tigr\u00e9 Mc- tata<br \/>blotched mcmc tata<br \/>mouchet\u00e9 Sp- tata<\/p>\t\t\t\t\t\t\t\t<\/div>\n\t\t\t\t<\/div>\n\t\t\t\t\t<\/div>\n\t\t<\/div>\n\t\t\t\t\t<\/div>\n\t\t<\/section>\n\t\t\t\t<section class=\"elementor-section elementor-top-section elementor-element elementor-element-2b7ea219 elementor-section-full_width elementor-section-height-default elementor-section-height-default\" data-id=\"2b7ea219\" data-element_type=\"section\" data-e-type=\"section\">\n\t\t\t\t\t\t<div class=\"elementor-container elementor-column-gap-default\">\n\t\t\t\t\t<div class=\"elementor-column elementor-col-50 elementor-top-column elementor-element elementor-element-5d056ea1\" data-id=\"5d056ea1\" data-element_type=\"column\" data-e-type=\"column\">\n\t\t\t<div class=\"elementor-widget-wrap elementor-element-populated\">\n\t\t\t\t\t\t<div class=\"elementor-element elementor-element-7329ce00 elementor-widget elementor-widget-text-editor\" data-id=\"7329ce00\" data-element_type=\"widget\" data-e-type=\"widget\" data-widget_type=\"text-editor.default\">\n\t\t\t\t<div class=\"elementor-widget-container\">\n\t\t\t\t\t\t\t\t\t<p>Wb- peut \u00eatre: WbWb ou Wbwb<\/p>\t\t\t\t\t\t\t\t<\/div>\n\t\t\t\t<\/div>\n\t\t\t\t\t<\/div>\n\t\t<\/div>\n\t\t\t\t<div class=\"elementor-column elementor-col-50 elementor-top-column elementor-element elementor-element-5b7d7a0c\" data-id=\"5b7d7a0c\" data-element_type=\"column\" data-e-type=\"column\">\n\t\t\t<div class=\"elementor-widget-wrap\">\n\t\t\t\t\t\t\t<\/div>\n\t\t<\/div>\n\t\t\t\t\t<\/div>\n\t\t<\/section>\n\t\t\t\t<section class=\"elementor-section elementor-top-section elementor-element elementor-element-50536f4a elementor-section-full_width elementor-section-height-default elementor-section-height-default\" data-id=\"50536f4a\" data-element_type=\"section\" data-e-type=\"section\">\n\t\t\t\t\t\t<div class=\"elementor-container elementor-column-gap-default\">\n\t\t\t\t\t<div class=\"elementor-column elementor-col-50 elementor-top-column elementor-element elementor-element-42018cf\" data-id=\"42018cf\" data-element_type=\"column\" data-e-type=\"column\">\n\t\t\t<div class=\"elementor-widget-wrap elementor-element-populated\">\n\t\t\t\t\t\t<div class=\"elementor-element elementor-element-cfb8efa elementor-widget elementor-widget-text-editor\" data-id=\"cfb8efa\" data-element_type=\"widget\" data-e-type=\"widget\" data-widget_type=\"text-editor.default\">\n\t\t\t\t<div class=\"elementor-widget-container\">\n\t\t\t\t\t\t\t\t\t<p>Chez toutes les couleurs silver (argent\u00e9e) tabby:<br \/>E- ss =motif tabby= wbwb ww<\/p>\t\t\t\t\t\t\t\t<\/div>\n\t\t\t\t<\/div>\n\t\t\t\t\t<\/div>\n\t\t<\/div>\n\t\t\t\t<div class=\"elementor-column elementor-col-50 elementor-top-column elementor-element elementor-element-414130d7\" data-id=\"414130d7\" data-element_type=\"column\" data-e-type=\"column\">\n\t\t\t<div class=\"elementor-widget-wrap elementor-element-populated\">\n\t\t\t\t\t\t<div class=\"elementor-element elementor-element-5b96e965 elementor-widget elementor-widget-text-editor\" data-id=\"5b96e965\" data-element_type=\"widget\" data-e-type=\"widget\" data-widget_type=\"text-editor.default\">\n\t\t\t\t<div class=\"elementor-widget-container\">\n\t\t\t\t\t\t\t\t\t<p>rouge \/ cr\u00e8me :<br \/>Le g\u00e8ne O colore toutes les couleurs au rouge, donc B- peut \u00eatre : <br \/>BB ou Bb ou Bbl ou bb ou bbl ou blbl<\/p>\t\t\t\t\t\t\t\t<\/div>\n\t\t\t\t<\/div>\n\t\t\t\t\t<\/div>\n\t\t<\/div>\n\t\t\t\t\t<\/div>\n\t\t<\/section>\n\t\t\t\t<section class=\"elementor-section elementor-top-section elementor-element elementor-element-10d791cf elementor-section-full_width elementor-section-height-default elementor-section-height-default\" data-id=\"10d791cf\" data-element_type=\"section\" data-e-type=\"section\">\n\t\t\t\t\t\t<div class=\"elementor-container elementor-column-gap-default\">\n\t\t\t\t\t<div class=\"elementor-column elementor-col-50 elementor-top-column elementor-element elementor-element-37d0b085\" data-id=\"37d0b085\" data-element_type=\"column\" data-e-type=\"column\">\n\t\t\t<div class=\"elementor-widget-wrap elementor-element-populated\">\n\t\t\t\t\t\t<div class=\"elementor-element elementor-element-2699199d elementor-widget elementor-widget-text-editor\" data-id=\"2699199d\" data-element_type=\"widget\" data-e-type=\"widget\" data-widget_type=\"text-editor.default\">\n\t\t\t\t<div class=\"elementor-widget-container\">\n\t\t\t\t\t\t\t\t\t<p>Chez toutes les couleurs silver shaded\/shell:<br \/>E- ss =motif tabby= Wb- ww<\/p>\t\t\t\t\t\t\t\t<\/div>\n\t\t\t\t<\/div>\n\t\t\t\t\t<\/div>\n\t\t<\/div>\n\t\t\t\t<div class=\"elementor-column elementor-col-50 elementor-top-column elementor-element elementor-element-adee4f8\" data-id=\"adee4f8\" data-element_type=\"column\" data-e-type=\"column\">\n\t\t\t<div class=\"elementor-widget-wrap elementor-element-populated\">\n\t\t\t\t\t\t<div class=\"elementor-element elementor-element-68bc7300 elementor-widget elementor-widget-text-editor\" data-id=\"68bc7300\" data-element_type=\"widget\" data-e-type=\"widget\" data-widget_type=\"text-editor.default\">\n\t\t\t\t<div class=\"elementor-widget-container\">\n\t\t\t\t\t\t\t\t\t<p>Shaded\/Shell sont des chats agoutis, o\u00f9 le motif tabby est fan\u00e9 en raison de s\u00e9lection.<\/p>\t\t\t\t\t\t\t\t<\/div>\n\t\t\t\t<\/div>\n\t\t\t\t\t<\/div>\n\t\t<\/div>\n\t\t\t\t\t<\/div>\n\t\t<\/section>\n\t\t\t\t<section class=\"elementor-section elementor-top-section elementor-element elementor-element-14a8320a elementor-section-full_width elementor-section-height-default elementor-section-height-default\" data-id=\"14a8320a\" data-element_type=\"section\" data-e-type=\"section\">\n\t\t\t\t\t\t<div class=\"elementor-container elementor-column-gap-default\">\n\t\t\t\t\t<div class=\"elementor-column elementor-col-33 elementor-top-column elementor-element elementor-element-4e011257\" data-id=\"4e011257\" data-element_type=\"column\" data-e-type=\"column\">\n\t\t\t<div class=\"elementor-widget-wrap\">\n\t\t\t\t\t\t\t<\/div>\n\t\t<\/div>\n\t\t\t\t<div class=\"elementor-column elementor-col-66 elementor-top-column elementor-element elementor-element-34dd3a5d\" data-id=\"34dd3a5d\" data-element_type=\"column\" data-e-type=\"column\">\n\t\t\t<div class=\"elementor-widget-wrap\">\n\t\t\t\t\t\t\t<\/div>\n\t\t<\/div>\n\t\t\t\t\t<\/div>\n\t\t<\/section>\n\t\t\t\t<section class=\"elementor-section elementor-top-section elementor-element elementor-element-f9535e0 elementor-section-full_width elementor-section-height-default elementor-section-height-default\" data-id=\"f9535e0\" data-element_type=\"section\" data-e-type=\"section\">\n\t\t\t\t\t\t<div class=\"elementor-container elementor-column-gap-default\">\n\t\t\t\t\t<div class=\"elementor-column elementor-col-33 elementor-top-column elementor-element elementor-element-58bc4448\" data-id=\"58bc4448\" data-element_type=\"column\" data-e-type=\"column\">\n\t\t\t<div class=\"elementor-widget-wrap elementor-element-populated\">\n\t\t\t\t\t\t<div class=\"elementor-element elementor-element-3c6edb57 elementor-widget elementor-widget-text-editor\" data-id=\"3c6edb57\" data-element_type=\"widget\" data-e-type=\"widget\" data-widget_type=\"text-editor.default\">\n\t\t\t\t<div class=\"elementor-widget-container\">\n\t\t\t\t\t\t\t\t\t<p><a href=\"https:\/\/wcf.de\/fr\/colours-fr\/\">retour aux couleurs<\/a><\/p>\t\t\t\t\t\t\t\t<\/div>\n\t\t\t\t<\/div>\n\t\t\t\t\t<\/div>\n\t\t<\/div>\n\t\t\t\t<div class=\"elementor-column elementor-col-66 elementor-top-column elementor-element elementor-element-6c27d12\" data-id=\"6c27d12\" data-element_type=\"column\" data-e-type=\"column\">\n\t\t\t<div class=\"elementor-widget-wrap\">\n\t\t\t\t\t\t\t<\/div>\n\t\t<\/div>\n\t\t\t\t\t<\/div>\n\t\t<\/section>\n\t\t\t\t<\/div>\n\t\t","protected":false},"excerpt":{"rendered":"<p>SILVER TABBY SILVER SHADED SILVER SHELL (CHINCHILLA) A- peut \u00eatre: AA ou Aa B- peut \u00eatre: BB ou Bb ou Bbl C- peut \u00eatre: CC ou Ccs ou Ccb D- peut \u00eatre: DD ou Dd I- peut \u00eatre: II ou Ii =motif tabby=: tiquet\u00e9 Ta- tigr\u00e9 Mc- tata blotched mcmc tata mouchet\u00e9 Sp- tata Wb- [&hellip;]<\/p>\n","protected":false},"author":1,"featured_media":0,"parent":0,"menu_order":0,"comment_status":"closed","ping_status":"closed","template":"","meta":{"_monsterinsights_skip_tracking":false,"_monsterinsights_sitenote_active":false,"_monsterinsights_sitenote_note":"","_monsterinsights_sitenote_category":0,"footnotes":""},"class_list":["post-9379","page","type-page","status-publish","hentry"],"aioseo_notices":[],"_links":{"self":[{"href":"https:\/\/wcf.de\/fr\/wp-json\/wp\/v2\/pages\/9379","targetHints":{"allow":["GET"]}}],"collection":[{"href":"https:\/\/wcf.de\/fr\/wp-json\/wp\/v2\/pages"}],"about":[{"href":"https:\/\/wcf.de\/fr\/wp-json\/wp\/v2\/types\/page"}],"author":[{"embeddable":true,"href":"https:\/\/wcf.de\/fr\/wp-json\/wp\/v2\/users\/1"}],"replies":[{"embeddable":true,"href":"https:\/\/wcf.de\/fr\/wp-json\/wp\/v2\/comments?post=9379"}],"version-history":[{"count":9,"href":"https:\/\/wcf.de\/fr\/wp-json\/wp\/v2\/pages\/9379\/revisions"}],"predecessor-version":[{"id":10901,"href":"https:\/\/wcf.de\/fr\/wp-json\/wp\/v2\/pages\/9379\/revisions\/10901"}],"wp:attachment":[{"href":"https:\/\/wcf.de\/fr\/wp-json\/wp\/v2\/media?parent=9379"}],"curies":[{"name":"wp","href":"https:\/\/api.w.org\/{rel}","templated":true}]}}