{"id":9426,"date":"2021-09-23T09:44:28","date_gmt":"2021-09-23T09:44:28","guid":{"rendered":"https:\/\/de7.wcf-test.de\/fr\/?page_id=9426"},"modified":"2021-12-24T15:37:22","modified_gmt":"2021-12-24T15:37:22","slug":"golden-tabby-fr","status":"publish","type":"page","link":"https:\/\/wcf.de\/fr\/golden-tabby-fr\/","title":{"rendered":"Golden Tabby fr"},"content":{"rendered":"\t\t<div data-elementor-type=\"wp-page\" data-elementor-id=\"9426\" class=\"elementor elementor-9426\" data-elementor-post-type=\"page\">\n\t\t\t\t\t\t<section class=\"elementor-section elementor-top-section elementor-element elementor-element-5b92f543 elementor-section-full_width elementor-section-height-default elementor-section-height-default\" data-id=\"5b92f543\" data-element_type=\"section\" data-e-type=\"section\">\n\t\t\t\t\t\t<div class=\"elementor-container elementor-column-gap-default\">\n\t\t\t\t\t<div class=\"elementor-column elementor-col-100 elementor-top-column elementor-element elementor-element-68d82b4c\" data-id=\"68d82b4c\" data-element_type=\"column\" data-e-type=\"column\">\n\t\t\t<div class=\"elementor-widget-wrap elementor-element-populated\">\n\t\t\t\t\t\t<div class=\"elementor-element elementor-element-44af7c9c elementor-widget elementor-widget-heading\" data-id=\"44af7c9c\" data-element_type=\"widget\" data-e-type=\"widget\" data-widget_type=\"heading.default\">\n\t\t\t\t<div class=\"elementor-widget-container\">\n\t\t\t\t\t<h5 class=\"elementor-heading-title elementor-size-large\">GOLDEN TABBY<br>GOLDEN SHADED<br>GOLDEN SHELL (CHINCHILLA)<\/h5>\t\t\t\t<\/div>\n\t\t\t\t<\/div>\n\t\t\t\t\t<\/div>\n\t\t<\/div>\n\t\t\t\t\t<\/div>\n\t\t<\/section>\n\t\t\t\t<section class=\"elementor-section elementor-top-section elementor-element elementor-element-82d6752 elementor-section-full_width animated-slow elementor-section-height-default elementor-section-height-default\" data-id=\"82d6752\" data-element_type=\"section\" data-e-type=\"section\" data-settings=\"{&quot;animation&quot;:&quot;none&quot;}\">\n\t\t\t\t\t\t\t<div class=\"elementor-background-overlay\"><\/div>\n\t\t\t\t\t\t\t<div class=\"elementor-container elementor-column-gap-no\">\n\t\t\t\t\t<div class=\"elementor-column elementor-col-100 elementor-top-column elementor-element elementor-element-2f4a4329\" data-id=\"2f4a4329\" data-element_type=\"column\" data-e-type=\"column\">\n\t\t\t<div class=\"elementor-widget-wrap\">\n\t\t\t\t\t\t\t<\/div>\n\t\t<\/div>\n\t\t\t\t\t<\/div>\n\t\t<\/section>\n\t\t\t\t<section class=\"elementor-section elementor-top-section elementor-element elementor-element-600f0f2 elementor-section-full_width animated-slow elementor-section-height-default elementor-section-height-default\" data-id=\"600f0f2\" data-element_type=\"section\" data-e-type=\"section\" data-settings=\"{&quot;animation&quot;:&quot;none&quot;}\">\n\t\t\t\t\t\t\t<div class=\"elementor-background-overlay\"><\/div>\n\t\t\t\t\t\t\t<div class=\"elementor-container elementor-column-gap-no\">\n\t\t\t\t\t<div class=\"elementor-column elementor-col-100 elementor-top-column elementor-element elementor-element-295ad767\" data-id=\"295ad767\" data-element_type=\"column\" data-e-type=\"column\">\n\t\t\t<div class=\"elementor-widget-wrap\">\n\t\t\t\t\t\t\t<\/div>\n\t\t<\/div>\n\t\t\t\t\t<\/div>\n\t\t<\/section>\n\t\t\t\t<section class=\"elementor-section elementor-top-section elementor-element elementor-element-6e9fcbcf elementor-section-full_width animated-slow elementor-section-height-default elementor-section-height-default\" data-id=\"6e9fcbcf\" data-element_type=\"section\" data-e-type=\"section\" data-settings=\"{&quot;animation&quot;:&quot;none&quot;}\">\n\t\t\t\t\t\t\t<div class=\"elementor-background-overlay\"><\/div>\n\t\t\t\t\t\t\t<div class=\"elementor-container elementor-column-gap-no\">\n\t\t\t\t\t<div class=\"elementor-column elementor-col-100 elementor-top-column elementor-element elementor-element-74cd2b3a\" data-id=\"74cd2b3a\" data-element_type=\"column\" data-e-type=\"column\">\n\t\t\t<div class=\"elementor-widget-wrap\">\n\t\t\t\t\t\t\t<\/div>\n\t\t<\/div>\n\t\t\t\t\t<\/div>\n\t\t<\/section>\n\t\t\t\t<section class=\"elementor-section elementor-top-section elementor-element elementor-element-71d0db35 elementor-section-full_width elementor-section-height-default elementor-section-height-default\" data-id=\"71d0db35\" data-element_type=\"section\" data-e-type=\"section\">\n\t\t\t\t\t\t<div class=\"elementor-container elementor-column-gap-default\">\n\t\t\t\t\t<div class=\"elementor-column elementor-col-100 elementor-top-column elementor-element elementor-element-6dd2dee0\" data-id=\"6dd2dee0\" data-element_type=\"column\" data-e-type=\"column\">\n\t\t\t<div class=\"elementor-widget-wrap elementor-element-populated\">\n\t\t\t\t\t\t<div class=\"elementor-element elementor-element-7a32b793 elementor-widget elementor-widget-shortcode\" data-id=\"7a32b793\" data-element_type=\"widget\" data-e-type=\"widget\" data-widget_type=\"shortcode.default\">\n\t\t\t\t<div class=\"elementor-widget-container\">\n\t\t\t\t\t\t\t<div class=\"elementor-shortcode\">\n<table id=\"tablepress-15\" class=\"tablepress tablepress-id-15\">\n<thead>\n<tr class=\"row-1\">\n\t<th class=\"column-1\">Couleur<\/th><th class=\"column-2\">Couleur de base<\/th><th class=\"column-3\">Couleur du dessin<\/th><th class=\"column-4\">Truffe<\/th><th class=\"column-5\">Coussinets<\/th><th class=\"column-6\">Contour des yeux<\/th>\n<\/tr>\n<\/thead>\n<tbody>\n<tr class=\"row-2\">\n\t<td class=\"column-1\"><strong>Golden Tabby,<br \/>\nShaded, Shell<\/strong><br \/>\nA- B- C- D- ii oY\/oo ss Wb-<\/td><td class=\"column-2\">brun d'or chaud <br \/>\n\u00e0 abricot<\/td><td class=\"column-3\">noir<\/td><td class=\"column-4\">rouge-brique cercl\u00e9e de noir<\/td><td class=\"column-5\">noir<\/td><td class=\"column-6\">noir<\/td>\n<\/tr>\n<tr class=\"row-3\">\n\t<td class=\"column-1\"><strong>Bleu Golden Tabby,<br \/>\nShaded, Shell<\/strong><br \/>\nA- B- C- dd ii oY\/oo ss Wb-<\/td><td class=\"column-2\">froment<\/td><td class=\"column-3\">bleu<\/td><td class=\"column-4\">vieux rose cercl\u00e9e de bleu fonc\u00e9<\/td><td class=\"column-5\">vieux rose<\/td><td class=\"column-6\">vieux rose<\/td>\n<\/tr>\n<tr class=\"row-4\">\n\t<td class=\"column-1\"><strong>\u00c9caille Golden Tabby,<br \/>\nShaded, Shell<\/strong><br \/>\nA- B- C- D- ii Oo ss Wb-<\/td><td class=\"column-2\">brun d'or chaud <br \/>\n\u00e0 abricot et cr\u00e8me<\/td><td class=\"column-3\">noir et rouge<\/td><td class=\"column-4\">Dans les r\u00e9gions brunes d'or rouge-brique cercl\u00e9e de noir, dans les r\u00e9gions rouges rouge clair cercl\u00e9e de rouge.<\/td><td class=\"column-5\">Dans les r\u00e9gions brunes d'or noir, dans les r\u00e9gions rouges rouge clair.<\/td><td class=\"column-6\">Dans les r\u00e9gions brunes d'or noir, dans les r\u00e9gions rouges rouge clair.<\/td>\n<\/tr>\n<tr class=\"row-5\">\n\t<td class=\"column-1\"><strong>\u00c9caille bleu Golden Tabby,<br \/>\nShaded, Shell<\/strong><br \/>\nA- B- C- dd ii Oo ss Wb-<\/td><td class=\"column-2\">froment et <br \/>\nbeige clair<\/td><td class=\"column-3\">bleu et cr\u00e8me<\/td><td class=\"column-4\">vieux rose<br \/>\nDans les r\u00e9gions bleues cercl\u00e9e de gris-bleu, dans les r\u00e9gions cr\u00e8mes cercl\u00e9e<br \/>\nde rose fonc\u00e9.<\/td><td class=\"column-5\">Dans les r\u00e9gions bleues gris-bleu, dans les r\u00e9gions cr\u00e8mes rose fonc\u00e9.<\/td><td class=\"column-6\">Dans les r\u00e9gions bleues bleu, dans les r\u00e9gions cr\u00e8mes rose fonc\u00e9.<\/td>\n<\/tr>\n<\/tbody>\n<\/table>\n<!-- #tablepress-15 from cache --><\/div>\n\t\t\t\t\t\t<\/div>\n\t\t\t\t<\/div>\n\t\t\t\t\t<\/div>\n\t\t<\/div>\n\t\t\t\t\t<\/div>\n\t\t<\/section>\n\t\t\t\t<section class=\"elementor-section elementor-top-section elementor-element elementor-element-37df884e elementor-section-full_width elementor-section-height-default elementor-section-height-default\" data-id=\"37df884e\" data-element_type=\"section\" data-e-type=\"section\">\n\t\t\t\t\t\t<div class=\"elementor-container elementor-column-gap-default\">\n\t\t\t\t\t<div class=\"elementor-column elementor-col-100 elementor-top-column elementor-element elementor-element-9ba2815\" data-id=\"9ba2815\" data-element_type=\"column\" data-e-type=\"column\">\n\t\t\t<div class=\"elementor-widget-wrap elementor-element-populated\">\n\t\t\t\t\t\t<div class=\"elementor-element elementor-element-24f651a5 elementor-widget elementor-widget-heading\" data-id=\"24f651a5\" data-element_type=\"widget\" data-e-type=\"widget\" data-widget_type=\"heading.default\">\n\t\t\t\t<div class=\"elementor-widget-container\">\n\t\t\t\t\t<h5 class=\"elementor-heading-title elementor-size-large\">GOLDEN TABBY<br>GOLDEN SHADED<br>GOLDEN SHELL (CHINCHILLA)<br>BICOLORE\/TRICOLORE, ARLEQUIN, VAN, AVEC BLANC<\/h5>\t\t\t\t<\/div>\n\t\t\t\t<\/div>\n\t\t\t\t\t<\/div>\n\t\t<\/div>\n\t\t\t\t\t<\/div>\n\t\t<\/section>\n\t\t\t\t<section class=\"elementor-section elementor-top-section elementor-element elementor-element-799319f1 elementor-section-full_width elementor-section-height-default elementor-section-height-default\" data-id=\"799319f1\" data-element_type=\"section\" data-e-type=\"section\">\n\t\t\t\t\t\t<div class=\"elementor-container elementor-column-gap-default\">\n\t\t\t\t\t<div class=\"elementor-column elementor-col-100 elementor-top-column elementor-element elementor-element-36f34f75\" data-id=\"36f34f75\" data-element_type=\"column\" data-e-type=\"column\">\n\t\t\t<div class=\"elementor-widget-wrap elementor-element-populated\">\n\t\t\t\t\t\t<div class=\"elementor-element elementor-element-41572c07 elementor-widget elementor-widget-shortcode\" data-id=\"41572c07\" data-element_type=\"widget\" data-e-type=\"widget\" data-widget_type=\"shortcode.default\">\n\t\t\t\t<div class=\"elementor-widget-container\">\n\t\t\t\t\t\t\t<div class=\"elementor-shortcode\">\n<table id=\"tablepress-17\" class=\"tablepress tablepress-id-17\">\n<thead>\n<tr class=\"row-1\">\n\t<th class=\"column-1\">Couleur<\/th><th class=\"column-2\">Couleur de base<\/th><th class=\"column-3\">Couleur du dessin<\/th><th class=\"column-4\">Truffe<\/th><th class=\"column-5\">Coussinets<\/th><th class=\"column-6\">Contour des yeux<\/th>\n<\/tr>\n<\/thead>\n<tbody>\n<tr class=\"row-2\">\n\t<td class=\"column-1\"><strong>Golden Tabby,<br \/>\nShaded, Shell<br \/>\nBicolore, Arlequin, Van,<br \/>\navec blanc<\/strong><br \/>\nA- B- C- D- ii oY\/oo Ss\/SS Wb-<\/td><td class=\"column-2\">brun d'or chaud <br \/>\n\u00e0 abricot<\/td><td class=\"column-3\">noir et blanc<\/td><td class=\"column-4\">rouge-brique cercl\u00e9e de noir<br \/>\nDans les r\u00e9gions blanches la truffe est rose.<\/td><td class=\"column-5\">Dans les r\u00e9gions brunes d'or noir, dans les r\u00e9gions blanches rose.<\/td><td class=\"column-6\">Dans les r\u00e9gions brunes d'or noir, dans les r\u00e9gions blanches rose.<\/td>\n<\/tr>\n<tr class=\"row-3\">\n\t<td class=\"column-1\"><strong>Bleu Golden Tabby,<br \/>\nShaded, Shell<br \/>\nBicolore, Arlequin, Van,<br \/>\navec blanc<\/strong><br \/>\nA- B- C- dd ii oY\/oo Ss\/SS Wb-<\/td><td class=\"column-2\">froment<\/td><td class=\"column-3\">bleu et blanc<\/td><td class=\"column-4\">vieux rose cercl\u00e9e de bleu fonc\u00e9<br \/>\nDans les r\u00e9gions blanches la truffe est rose.<\/td><td class=\"column-5\">Dans les r\u00e9gions bleues vieux rose, dans les r\u00e9gions blanches rose.<\/td><td class=\"column-6\">Dans les r\u00e9gions bleues vieux rose, dans les r\u00e9gions blanches rose.<\/td>\n<\/tr>\n<tr class=\"row-4\">\n\t<td class=\"column-1\"><strong>\u00c9caille Golden Tabby,<br \/>\nShaded, Shell<br \/>\nTricolore, Arlequin, Van,<br \/>\navec blanc<\/strong><br \/>\nA- B- C- D- ii Oo Ss\/SS Wb-<\/td><td class=\"column-2\">brun d'or chaud <br \/>\n\u00e0 abricot et cr\u00e8me<\/td><td class=\"column-3\">noir et rouge et blanc<\/td><td class=\"column-4\">Dans les r\u00e9gions brunes d'or rouge-brique cercl\u00e9e de noir, dans les r\u00e9gions rouges rouge clair cercl\u00e9e de rouge. Dans les r\u00e9gions blanches la truffe est rose.<\/td><td class=\"column-5\">Dans les r\u00e9gions brunes d'or noir, dans les r\u00e9gions rouges rouge clair, dans les r\u00e9gions blanches rose.<\/td><td class=\"column-6\">Dans les r\u00e9gions brunes d'or noir, dans les r\u00e9gions rouges rouge clair, dans les r\u00e9gions blanches rose.<\/td>\n<\/tr>\n<tr class=\"row-5\">\n\t<td class=\"column-1\"><strong>\u00c9caille bleu Golden Tabby,<br \/>\nShaded, Shell<br \/>\nTricolore, Arlequin, Van,<br \/>\navec blanc<\/strong><br \/>\nA- B- C- dd ii Oo Ss\/SS Wb-<\/td><td class=\"column-2\">froment et beige clair<\/td><td class=\"column-3\">bleu et cr\u00e8me et blanc<\/td><td class=\"column-4\">vieux rose,<br \/>\nDans les r\u00e9gions bleues cercl\u00e9e de gris-bleu, dans les r\u00e9gions cr\u00e8mes cercl\u00e9e de rose fonc\u00e9. Dans les r\u00e9gions blanches la truffe est rose.<\/td><td class=\"column-5\">Dans les r\u00e9gions bleues gris-bleu, dans les r\u00e9gions cr\u00e8mes rose fonc\u00e9, dans les r\u00e9gions blanches rose.<\/td><td class=\"column-6\">Dans les r\u00e9gions bleues bleu, dans les r\u00e9gions cr\u00e8mes rose fonc\u00e9, dans les r\u00e9gions blanches rose.<\/td>\n<\/tr>\n<\/tbody>\n<\/table>\n<!-- #tablepress-17 from cache --><\/div>\n\t\t\t\t\t\t<\/div>\n\t\t\t\t<\/div>\n\t\t\t\t\t<\/div>\n\t\t<\/div>\n\t\t\t\t\t<\/div>\n\t\t<\/section>\n\t\t\t\t<section class=\"elementor-section elementor-top-section elementor-element elementor-element-39419987 elementor-section-full_width elementor-section-height-default elementor-section-height-default\" data-id=\"39419987\" data-element_type=\"section\" data-e-type=\"section\">\n\t\t\t\t\t\t<div class=\"elementor-container elementor-column-gap-default\">\n\t\t\t\t\t<div class=\"elementor-column elementor-col-33 elementor-top-column elementor-element elementor-element-39001147\" data-id=\"39001147\" data-element_type=\"column\" data-e-type=\"column\">\n\t\t\t<div class=\"elementor-widget-wrap elementor-element-populated\">\n\t\t\t\t\t\t<div class=\"elementor-element elementor-element-4a5e66c8 elementor-widget elementor-widget-text-editor\" data-id=\"4a5e66c8\" data-element_type=\"widget\" data-e-type=\"widget\" data-widget_type=\"text-editor.default\">\n\t\t\t\t<div class=\"elementor-widget-container\">\n\t\t\t\t\t\t\t\t\t<p>A- peut \u00eatre: AA ou Aa<\/p>\t\t\t\t\t\t\t\t<\/div>\n\t\t\t\t<\/div>\n\t\t\t\t\t<\/div>\n\t\t<\/div>\n\t\t\t\t<div class=\"elementor-column elementor-col-33 elementor-top-column elementor-element elementor-element-44be323\" data-id=\"44be323\" data-element_type=\"column\" data-e-type=\"column\">\n\t\t\t<div class=\"elementor-widget-wrap\">\n\t\t\t\t\t\t\t<\/div>\n\t\t<\/div>\n\t\t\t\t<div class=\"elementor-column elementor-col-33 elementor-top-column elementor-element elementor-element-28f459fb\" data-id=\"28f459fb\" data-element_type=\"column\" data-e-type=\"column\">\n\t\t\t<div class=\"elementor-widget-wrap elementor-element-populated\">\n\t\t\t\t\t\t<div class=\"elementor-element elementor-element-44641b72 elementor-widget elementor-widget-text-editor\" data-id=\"44641b72\" data-element_type=\"widget\" data-e-type=\"widget\" data-widget_type=\"text-editor.default\">\n\t\t\t\t<div class=\"elementor-widget-container\">\n\t\t\t\t\t\t\t\t\t<p>B- peut \u00eatre: BB ou Bb ou Bbl<\/p>\t\t\t\t\t\t\t\t<\/div>\n\t\t\t\t<\/div>\n\t\t\t\t\t<\/div>\n\t\t<\/div>\n\t\t\t\t\t<\/div>\n\t\t<\/section>\n\t\t\t\t<section class=\"elementor-section elementor-top-section elementor-element elementor-element-e1a633b elementor-section-full_width elementor-section-height-default elementor-section-height-default\" data-id=\"e1a633b\" data-element_type=\"section\" data-e-type=\"section\">\n\t\t\t\t\t\t<div class=\"elementor-container elementor-column-gap-default\">\n\t\t\t\t\t<div class=\"elementor-column elementor-col-33 elementor-top-column elementor-element elementor-element-4b260154\" data-id=\"4b260154\" data-element_type=\"column\" data-e-type=\"column\">\n\t\t\t<div class=\"elementor-widget-wrap elementor-element-populated\">\n\t\t\t\t\t\t<div class=\"elementor-element elementor-element-4067ec14 elementor-widget elementor-widget-text-editor\" data-id=\"4067ec14\" data-element_type=\"widget\" data-e-type=\"widget\" data-widget_type=\"text-editor.default\">\n\t\t\t\t<div class=\"elementor-widget-container\">\n\t\t\t\t\t\t\t\t\t<p>C- peut \u00eatre: CC ou Ccs ou Ccb<\/p>\t\t\t\t\t\t\t\t<\/div>\n\t\t\t\t<\/div>\n\t\t\t\t\t<\/div>\n\t\t<\/div>\n\t\t\t\t<div class=\"elementor-column elementor-col-33 elementor-top-column elementor-element elementor-element-1cc56b8e\" data-id=\"1cc56b8e\" data-element_type=\"column\" data-e-type=\"column\">\n\t\t\t<div class=\"elementor-widget-wrap\">\n\t\t\t\t\t\t\t<\/div>\n\t\t<\/div>\n\t\t\t\t<div class=\"elementor-column elementor-col-33 elementor-top-column elementor-element elementor-element-38e841f7\" data-id=\"38e841f7\" data-element_type=\"column\" data-e-type=\"column\">\n\t\t\t<div class=\"elementor-widget-wrap elementor-element-populated\">\n\t\t\t\t\t\t<div class=\"elementor-element elementor-element-1d25dd4c elementor-widget elementor-widget-text-editor\" data-id=\"1d25dd4c\" data-element_type=\"widget\" data-e-type=\"widget\" data-widget_type=\"text-editor.default\">\n\t\t\t\t<div class=\"elementor-widget-container\">\n\t\t\t\t\t\t\t\t\t<p>D- peut \u00eatre: DD ou Dd<\/p>\t\t\t\t\t\t\t\t<\/div>\n\t\t\t\t<\/div>\n\t\t\t\t\t<\/div>\n\t\t<\/div>\n\t\t\t\t\t<\/div>\n\t\t<\/section>\n\t\t\t\t<section class=\"elementor-section elementor-top-section elementor-element elementor-element-605c1cc5 elementor-section-full_width elementor-section-height-default elementor-section-height-default\" data-id=\"605c1cc5\" data-element_type=\"section\" data-e-type=\"section\">\n\t\t\t\t\t\t<div class=\"elementor-container elementor-column-gap-default\">\n\t\t\t\t\t<div class=\"elementor-column elementor-col-50 elementor-top-column elementor-element elementor-element-3ea4209a\" data-id=\"3ea4209a\" data-element_type=\"column\" data-e-type=\"column\">\n\t\t\t<div class=\"elementor-widget-wrap elementor-element-populated\">\n\t\t\t\t\t\t<div class=\"elementor-element elementor-element-12b4f5be elementor-widget elementor-widget-text-editor\" data-id=\"12b4f5be\" data-element_type=\"widget\" data-e-type=\"widget\" data-widget_type=\"text-editor.default\">\n\t\t\t\t<div class=\"elementor-widget-container\">\n\t\t\t\t\t\t\t\t\t<p>Wb- peut \u00eatre: WbWb ou Wbwb<\/p>\t\t\t\t\t\t\t\t<\/div>\n\t\t\t\t<\/div>\n\t\t\t\t\t<\/div>\n\t\t<\/div>\n\t\t\t\t<div class=\"elementor-column elementor-col-50 elementor-top-column elementor-element elementor-element-6fed725f\" data-id=\"6fed725f\" data-element_type=\"column\" data-e-type=\"column\">\n\t\t\t<div class=\"elementor-widget-wrap\">\n\t\t\t\t\t\t\t<\/div>\n\t\t<\/div>\n\t\t\t\t\t<\/div>\n\t\t<\/section>\n\t\t\t\t<section class=\"elementor-section elementor-top-section elementor-element elementor-element-daebb2 elementor-section-full_width elementor-section-height-default elementor-section-height-default\" data-id=\"daebb2\" data-element_type=\"section\" data-e-type=\"section\">\n\t\t\t\t\t\t<div class=\"elementor-container elementor-column-gap-default\">\n\t\t\t\t\t<div class=\"elementor-column elementor-col-50 elementor-top-column elementor-element elementor-element-4ce80c1c\" data-id=\"4ce80c1c\" data-element_type=\"column\" data-e-type=\"column\">\n\t\t\t<div class=\"elementor-widget-wrap elementor-element-populated\">\n\t\t\t\t\t\t<div class=\"elementor-element elementor-element-4069e27e elementor-widget elementor-widget-text-editor\" data-id=\"4069e27e\" data-element_type=\"widget\" data-e-type=\"widget\" data-widget_type=\"text-editor.default\">\n\t\t\t\t<div class=\"elementor-widget-container\">\n\t\t\t\t\t\t\t\t\t<p>Chez toutes les couleurs:<br \/>E- =motif tabby= ww<\/p>\t\t\t\t\t\t\t\t<\/div>\n\t\t\t\t<\/div>\n\t\t\t\t\t<\/div>\n\t\t<\/div>\n\t\t\t\t<div class=\"elementor-column elementor-col-50 elementor-top-column elementor-element elementor-element-2b54f268\" data-id=\"2b54f268\" data-element_type=\"column\" data-e-type=\"column\">\n\t\t\t<div class=\"elementor-widget-wrap elementor-element-populated\">\n\t\t\t\t\t\t<div class=\"elementor-element elementor-element-6ad2f7c5 elementor-widget elementor-widget-text-editor\" data-id=\"6ad2f7c5\" data-element_type=\"widget\" data-e-type=\"widget\" data-widget_type=\"text-editor.default\">\n\t\t\t\t<div class=\"elementor-widget-container\">\n\t\t\t\t\t\t\t\t\t<p>Shaded\/Shell sont des chats agoutis, o\u00f9 le motif tabby est fan\u00e9 en raison de s\u00e9lection.<\/p>\t\t\t\t\t\t\t\t<\/div>\n\t\t\t\t<\/div>\n\t\t\t\t\t<\/div>\n\t\t<\/div>\n\t\t\t\t\t<\/div>\n\t\t<\/section>\n\t\t\t\t<section class=\"elementor-section elementor-top-section elementor-element elementor-element-18cf1758 elementor-section-full_width elementor-section-height-default elementor-section-height-default\" data-id=\"18cf1758\" data-element_type=\"section\" data-e-type=\"section\">\n\t\t\t\t\t\t<div class=\"elementor-container elementor-column-gap-default\">\n\t\t\t\t\t<div class=\"elementor-column elementor-col-33 elementor-top-column elementor-element elementor-element-51ba0dd0\" data-id=\"51ba0dd0\" data-element_type=\"column\" data-e-type=\"column\">\n\t\t\t<div class=\"elementor-widget-wrap\">\n\t\t\t\t\t\t\t<\/div>\n\t\t<\/div>\n\t\t\t\t<div class=\"elementor-column elementor-col-66 elementor-top-column elementor-element elementor-element-6d273dbf\" data-id=\"6d273dbf\" data-element_type=\"column\" data-e-type=\"column\">\n\t\t\t<div class=\"elementor-widget-wrap\">\n\t\t\t\t\t\t\t<\/div>\n\t\t<\/div>\n\t\t\t\t\t<\/div>\n\t\t<\/section>\n\t\t\t\t<section class=\"elementor-section elementor-top-section elementor-element elementor-element-2707bcf5 elementor-section-full_width animated-slow elementor-section-height-default elementor-section-height-default\" data-id=\"2707bcf5\" data-element_type=\"section\" data-e-type=\"section\" data-settings=\"{&quot;animation&quot;:&quot;none&quot;}\">\n\t\t\t\t\t\t\t<div class=\"elementor-background-overlay\"><\/div>\n\t\t\t\t\t\t\t<div class=\"elementor-container elementor-column-gap-no\">\n\t\t\t\t\t<div class=\"elementor-column elementor-col-100 elementor-top-column elementor-element elementor-element-1ae9db93\" data-id=\"1ae9db93\" data-element_type=\"column\" data-e-type=\"column\">\n\t\t\t<div class=\"elementor-widget-wrap\">\n\t\t\t\t\t\t\t<\/div>\n\t\t<\/div>\n\t\t\t\t\t<\/div>\n\t\t<\/section>\n\t\t\t\t<section class=\"elementor-section elementor-top-section elementor-element elementor-element-67e70fd6 elementor-section-full_width elementor-section-height-default elementor-section-height-default\" data-id=\"67e70fd6\" data-element_type=\"section\" data-e-type=\"section\">\n\t\t\t\t\t\t<div class=\"elementor-container elementor-column-gap-default\">\n\t\t\t\t\t<div class=\"elementor-column elementor-col-33 elementor-top-column elementor-element elementor-element-7d906d6b\" data-id=\"7d906d6b\" data-element_type=\"column\" data-e-type=\"column\">\n\t\t\t<div class=\"elementor-widget-wrap elementor-element-populated\">\n\t\t\t\t\t\t<div class=\"elementor-element elementor-element-3f0593a4 elementor-widget elementor-widget-text-editor\" data-id=\"3f0593a4\" data-element_type=\"widget\" data-e-type=\"widget\" data-widget_type=\"text-editor.default\">\n\t\t\t\t<div class=\"elementor-widget-container\">\n\t\t\t\t\t\t\t\t\t<p><a href=\"https:\/\/wcf.de\/fr\/colours-fr\/\">retour aux couleurs<\/a><\/p>\t\t\t\t\t\t\t\t<\/div>\n\t\t\t\t<\/div>\n\t\t\t\t\t<\/div>\n\t\t<\/div>\n\t\t\t\t<div class=\"elementor-column elementor-col-66 elementor-top-column elementor-element elementor-element-8a7e7f7\" data-id=\"8a7e7f7\" data-element_type=\"column\" data-e-type=\"column\">\n\t\t\t<div class=\"elementor-widget-wrap\">\n\t\t\t\t\t\t\t<\/div>\n\t\t<\/div>\n\t\t\t\t\t<\/div>\n\t\t<\/section>\n\t\t\t\t<\/div>\n\t\t","protected":false},"excerpt":{"rendered":"<p>GOLDEN TABBY GOLDEN SHADED GOLDEN SHELL (CHINCHILLA) Small Effort Make Big Change. We seek out world-changers and difference-makers around the globe, and their unique purpose. OUR SERVICE DONATE NOW Small Effort Make Big Change. We seek out world-changers and difference-makers around the globe, and their unique purpose. OUR SERVICE DONATE NOW Small Effort Make Big [&hellip;]<\/p>\n","protected":false},"author":1,"featured_media":0,"parent":0,"menu_order":0,"comment_status":"closed","ping_status":"closed","template":"","meta":{"_monsterinsights_skip_tracking":false,"_monsterinsights_sitenote_active":false,"_monsterinsights_sitenote_note":"","_monsterinsights_sitenote_category":0,"footnotes":""},"class_list":["post-9426","page","type-page","status-publish","hentry"],"aioseo_notices":[],"_links":{"self":[{"href":"https:\/\/wcf.de\/fr\/wp-json\/wp\/v2\/pages\/9426","targetHints":{"allow":["GET"]}}],"collection":[{"href":"https:\/\/wcf.de\/fr\/wp-json\/wp\/v2\/pages"}],"about":[{"href":"https:\/\/wcf.de\/fr\/wp-json\/wp\/v2\/types\/page"}],"author":[{"embeddable":true,"href":"https:\/\/wcf.de\/fr\/wp-json\/wp\/v2\/users\/1"}],"replies":[{"embeddable":true,"href":"https:\/\/wcf.de\/fr\/wp-json\/wp\/v2\/comments?post=9426"}],"version-history":[{"count":15,"href":"https:\/\/wcf.de\/fr\/wp-json\/wp\/v2\/pages\/9426\/revisions"}],"predecessor-version":[{"id":10909,"href":"https:\/\/wcf.de\/fr\/wp-json\/wp\/v2\/pages\/9426\/revisions\/10909"}],"wp:attachment":[{"href":"https:\/\/wcf.de\/fr\/wp-json\/wp\/v2\/media?parent=9426"}],"curies":[{"name":"wp","href":"https:\/\/api.w.org\/{rel}","templated":true}]}}