{"id":9453,"date":"2021-09-23T13:24:52","date_gmt":"2021-09-23T13:24:52","guid":{"rendered":"https:\/\/de7.wcf-test.de\/fr\/?page_id=9453"},"modified":"2021-12-24T15:39:09","modified_gmt":"2021-12-24T15:39:09","slug":"point-fr","status":"publish","type":"page","link":"https:\/\/wcf.de\/fr\/point-fr\/","title":{"rendered":"Point fr"},"content":{"rendered":"\t\t<div data-elementor-type=\"wp-page\" data-elementor-id=\"9453\" class=\"elementor elementor-9453\" data-elementor-post-type=\"page\">\n\t\t\t\t\t\t<section class=\"elementor-section elementor-top-section elementor-element elementor-element-1db360b2 elementor-section-full_width elementor-section-height-default elementor-section-height-default\" data-id=\"1db360b2\" data-element_type=\"section\" data-e-type=\"section\">\n\t\t\t\t\t\t<div class=\"elementor-container elementor-column-gap-default\">\n\t\t\t\t\t<div class=\"elementor-column elementor-col-100 elementor-top-column elementor-element elementor-element-e0874a\" data-id=\"e0874a\" data-element_type=\"column\" data-e-type=\"column\">\n\t\t\t<div class=\"elementor-widget-wrap elementor-element-populated\">\n\t\t\t\t\t\t<div class=\"elementor-element elementor-element-98f5c3e elementor-widget elementor-widget-heading\" data-id=\"98f5c3e\" data-element_type=\"widget\" data-e-type=\"widget\" data-widget_type=\"heading.default\">\n\t\t\t\t<div class=\"elementor-widget-container\">\n\t\t\t\t\t<h5 class=\"elementor-heading-title elementor-size-large\">POINT (AVEC POINTS SIAMOIS)<\/h5>\t\t\t\t<\/div>\n\t\t\t\t<\/div>\n\t\t\t\t\t<\/div>\n\t\t<\/div>\n\t\t\t\t\t<\/div>\n\t\t<\/section>\n\t\t\t\t<section class=\"elementor-section elementor-top-section elementor-element elementor-element-16d657ad elementor-section-full_width elementor-section-height-default elementor-section-height-default\" data-id=\"16d657ad\" data-element_type=\"section\" data-e-type=\"section\">\n\t\t\t\t\t\t<div class=\"elementor-container elementor-column-gap-default\">\n\t\t\t\t\t<div class=\"elementor-column elementor-col-100 elementor-top-column elementor-element elementor-element-38b17171\" data-id=\"38b17171\" data-element_type=\"column\" data-e-type=\"column\">\n\t\t\t<div class=\"elementor-widget-wrap elementor-element-populated\">\n\t\t\t\t\t\t<div class=\"elementor-element elementor-element-7e6d58cf elementor-widget elementor-widget-shortcode\" data-id=\"7e6d58cf\" data-element_type=\"widget\" data-e-type=\"widget\" data-widget_type=\"shortcode.default\">\n\t\t\t\t<div class=\"elementor-widget-container\">\n\t\t\t\t\t\t\t<div class=\"elementor-shortcode\">\n<table id=\"tablepress-18\" class=\"tablepress tablepress-id-18\">\n<thead>\n<tr class=\"row-1\">\n\t<th class=\"column-1\">Couleur<\/th><th class=\"column-2\">Couleur du corps<\/th><th class=\"column-3\">Couleur des points<\/th><th class=\"column-4\">Truffe<\/th><th class=\"column-5\">Coussinets<\/th>\n<\/tr>\n<\/thead>\n<tbody>\n<tr class=\"row-2\">\n\t<td class=\"column-1\"><strong>Seal point<\/strong><br \/>\naa B- cscs D- oY\/oo<\/td><td class=\"column-2\">beige<\/td><td class=\"column-3\">seal<\/td><td class=\"column-4\">seal<\/td><td class=\"column-5\">seal<\/td>\n<\/tr>\n<tr class=\"row-3\">\n\t<td class=\"column-1\"><strong>Bleu point<\/strong><br \/>\naa B- cscs dd oY\/oo<\/td><td class=\"column-2\">blanc de glace<\/td><td class=\"column-3\">Toutes les nuances de bleu sont permises. <br \/>\nOn pr\u00e9f\u00e9ra le bleu plus clair.<\/td><td class=\"column-4\">gris-bleu<\/td><td class=\"column-5\">gris-bleu<\/td>\n<\/tr>\n<tr class=\"row-4\">\n\t<td class=\"column-1\"><strong>Chocolat point<\/strong><br \/>\naa bb\/bbl cscs D- oY\/oo<\/td><td class=\"column-2\">ivoire<\/td><td class=\"column-3\">chocolat-au-lait<\/td><td class=\"column-4\">chocolat-au-lait<\/td><td class=\"column-5\">chocolat-au-lait<\/td>\n<\/tr>\n<tr class=\"row-5\">\n\t<td class=\"column-1\"><strong>Lilas point<\/strong><br \/>\naa bb\/bbl cscs dd oY\/oo<\/td><td class=\"column-2\">blanc avec un tr\u00e8s l\u00e9ger reflet de couleur des points<\/td><td class=\"column-3\">gris glacial avec un l\u00e9ger reflet rose<\/td><td class=\"column-4\">rose-lavande<\/td><td class=\"column-5\">rose-lavande<\/td>\n<\/tr>\n<tr class=\"row-6\">\n\t<td class=\"column-1\"><strong>Cannelle point<\/strong><br \/>\naa blbl cscs D- oY\/oo<\/td><td class=\"column-2\">ivoire claire<\/td><td class=\"column-3\">cannelle<\/td><td class=\"column-4\">cannelle<\/td><td class=\"column-5\">cannelle<\/td>\n<\/tr>\n<tr class=\"row-7\">\n\t<td class=\"column-1\"><strong>Faon point<\/strong><br \/>\naa blbl cscs dd oY\/oo<\/td><td class=\"column-2\">cr\u00e8me-blanch\u00e2tre clair<\/td><td class=\"column-3\">beige<\/td><td class=\"column-4\">rose clair<\/td><td class=\"column-5\">rose clair<\/td>\n<\/tr>\n<tr class=\"row-8\">\n\t<td class=\"column-1\"><strong>Rouge point<\/strong><br \/>\naa cscs D- OY\/OO<\/td><td class=\"column-2\">blanc avec un tr\u00e8s l\u00e9ger reflet de couleur des points \u00e0 cr\u00e8me<\/td><td class=\"column-3\">rouge chaud, profond et fonc\u00e9 \u00e0 orange<\/td><td class=\"column-4\">rose fonc\u00e9<\/td><td class=\"column-5\">rose fonc\u00e9<\/td>\n<\/tr>\n<tr class=\"row-9\">\n\t<td class=\"column-1\"><strong>Cr\u00e8me point<\/strong><br \/>\naa cscs dd OY\/OO<\/td><td class=\"column-2\">cr\u00e8me-blanch\u00e2tre<\/td><td class=\"column-3\">cr\u00e8me pastel pur <br \/>\n(pas d'ombre chaud)<\/td><td class=\"column-4\">rose<\/td><td class=\"column-5\">rose<\/td>\n<\/tr>\n<\/tbody>\n<\/table>\n<!-- #tablepress-18 from cache --><\/div>\n\t\t\t\t\t\t<\/div>\n\t\t\t\t<\/div>\n\t\t\t\t\t<\/div>\n\t\t<\/div>\n\t\t\t\t\t<\/div>\n\t\t<\/section>\n\t\t\t\t<section class=\"elementor-section elementor-top-section elementor-element elementor-element-7ce490bf elementor-section-full_width elementor-section-height-default elementor-section-height-default\" data-id=\"7ce490bf\" data-element_type=\"section\" data-e-type=\"section\">\n\t\t\t\t\t\t<div class=\"elementor-container elementor-column-gap-default\">\n\t\t\t\t\t<div class=\"elementor-column elementor-col-100 elementor-top-column elementor-element elementor-element-d96881\" data-id=\"d96881\" data-element_type=\"column\" data-e-type=\"column\">\n\t\t\t<div class=\"elementor-widget-wrap elementor-element-populated\">\n\t\t\t\t\t\t<div class=\"elementor-element elementor-element-3b81d244 elementor-widget elementor-widget-heading\" data-id=\"3b81d244\" data-element_type=\"widget\" data-e-type=\"widget\" data-widget_type=\"heading.default\">\n\t\t\t\t<div class=\"elementor-widget-container\">\n\t\t\t\t\t<h5 class=\"elementor-heading-title elementor-size-large\">\u00c9CAILLE POINT<\/h5>\t\t\t\t<\/div>\n\t\t\t\t<\/div>\n\t\t\t\t\t<\/div>\n\t\t<\/div>\n\t\t\t\t\t<\/div>\n\t\t<\/section>\n\t\t\t\t<section class=\"elementor-section elementor-top-section elementor-element elementor-element-1362a49b elementor-section-full_width elementor-section-height-default elementor-section-height-default\" data-id=\"1362a49b\" data-element_type=\"section\" data-e-type=\"section\">\n\t\t\t\t\t\t<div class=\"elementor-container elementor-column-gap-default\">\n\t\t\t\t\t<div class=\"elementor-column elementor-col-100 elementor-top-column elementor-element elementor-element-5d5bdfa0\" data-id=\"5d5bdfa0\" data-element_type=\"column\" data-e-type=\"column\">\n\t\t\t<div class=\"elementor-widget-wrap elementor-element-populated\">\n\t\t\t\t\t\t<div class=\"elementor-element elementor-element-6fcd74b0 elementor-widget elementor-widget-shortcode\" data-id=\"6fcd74b0\" data-element_type=\"widget\" data-e-type=\"widget\" data-widget_type=\"shortcode.default\">\n\t\t\t\t<div class=\"elementor-widget-container\">\n\t\t\t\t\t\t\t<div class=\"elementor-shortcode\">\n<table id=\"tablepress-19\" class=\"tablepress tablepress-id-19\">\n<thead>\n<tr class=\"row-1\">\n\t<th class=\"column-1\">Couleur<\/th><th class=\"column-2\">Couleur du corps<\/th><th class=\"column-3\">Couleur des points<\/th><th class=\"column-4\">Truffe<\/th><th class=\"column-5\">Coussinets<\/th>\n<\/tr>\n<\/thead>\n<tbody>\n<tr class=\"row-2\">\n\t<td class=\"column-1\"><strong>\u00c9caille seal point<\/strong><br \/>\naa B- cscs D- Oo<\/td><td class=\"column-2\">beige<\/td><td class=\"column-3\">seal et rouge<\/td><td class=\"column-4\">Dans les r\u00e9gions noires seal, dans les r\u00e9gions rouge rouge.<\/td><td class=\"column-5\">Dans les r\u00e9gions noires seal, dans les r\u00e9gions rouge rouge.<\/td>\n<\/tr>\n<tr class=\"row-3\">\n\t<td class=\"column-1\"><strong>\u00c9caille bleu point<\/strong><br \/>\naa B- cscs dd Oo<\/td><td class=\"column-2\">blanc de glace<\/td><td class=\"column-3\">gris-bleu et cr\u00e8me pastel<\/td><td class=\"column-4\">Dans les r\u00e9gions bleues gris-bleu, dasn les r\u00e9gions cr\u00e8mes rose.<\/td><td class=\"column-5\">Dans les r\u00e9gions bleues gris-bleu, dasn les r\u00e9gions cr\u00e8mes rose.<\/td>\n<\/tr>\n<tr class=\"row-4\">\n\t<td class=\"column-1\"><strong>\u00c9caille chocolat point<\/strong><br \/>\naa bb\/bbl cscs D- Oo<\/td><td class=\"column-2\">beige clair<\/td><td class=\"column-3\">chocolat-au-lait et rouge dilu\u00e9<\/td><td class=\"column-4\">Dans les r\u00e9gions brunes chocolat-au-lait, dans les r\u00e9gions rouges rose.<\/td><td class=\"column-5\">Dans les r\u00e9gions brunes chocolat-au-lait, dans les r\u00e9gions rouges rose.<\/td>\n<\/tr>\n<tr class=\"row-5\">\n\t<td class=\"column-1\"><strong>\u00c9caille lilas point<\/strong><br \/>\naa bb\/bbl cscs dd Oo<\/td><td class=\"column-2\">blanc avec un tr\u00e8s l\u00e9ger reflet de couleur des points<\/td><td class=\"column-3\">gris glacial et cr\u00e8me clair<\/td><td class=\"column-4\">Dans les r\u00e9gions lilas rose-lavande, dans les r\u00e9gions cr\u00e8mes rose.<\/td><td class=\"column-5\">Dans les r\u00e9gions lilas rose-lavande, dans les r\u00e9gions cr\u00e8mes rose.<\/td>\n<\/tr>\n<tr class=\"row-6\">\n\t<td class=\"column-1\"><strong>\u00c9caille cannelle point<\/strong><br \/>\naa blbl cscs D- Oo<\/td><td class=\"column-2\">ivoire clair<\/td><td class=\"column-3\">brun clair \u00e0 brun-cannelle et cr\u00e8me<\/td><td class=\"column-4\">Dans les r\u00e9gions brunes cannelle, dans les r\u00e9gions cr\u00e8mes rose.<\/td><td class=\"column-5\">Dans les r\u00e9gions brunes cannelle, dans les r\u00e9gions cr\u00e8mes rose.<\/td>\n<\/tr>\n<tr class=\"row-7\">\n\t<td class=\"column-1\"><strong>\u00c9caille faon point<\/strong><br \/>\naa blbl cscs dd Oo<\/td><td class=\"column-2\">cr\u00e8me blanch\u00e2tre clair<\/td><td class=\"column-3\">beige et cr\u00e8me clair<\/td><td class=\"column-4\">Dans les r\u00e9gions beiges rose clair, dans les r\u00e9gions cr\u00e8mes rose.<\/td><td class=\"column-5\">Dans les r\u00e9gions beiges rose clair, dans les r\u00e9gions cr\u00e8mes rose.<\/td>\n<\/tr>\n<\/tbody>\n<\/table>\n<!-- #tablepress-19 from cache --><\/div>\n\t\t\t\t\t\t<\/div>\n\t\t\t\t<\/div>\n\t\t\t\t\t<\/div>\n\t\t<\/div>\n\t\t\t\t\t<\/div>\n\t\t<\/section>\n\t\t\t\t<section class=\"elementor-section elementor-top-section elementor-element elementor-element-753e884e elementor-section-full_width elementor-section-height-default elementor-section-height-default\" data-id=\"753e884e\" data-element_type=\"section\" data-e-type=\"section\">\n\t\t\t\t\t\t<div class=\"elementor-container elementor-column-gap-default\">\n\t\t\t\t\t<div class=\"elementor-column elementor-col-33 elementor-top-column elementor-element elementor-element-6fad445d\" data-id=\"6fad445d\" data-element_type=\"column\" data-e-type=\"column\">\n\t\t\t<div class=\"elementor-widget-wrap elementor-element-populated\">\n\t\t\t\t\t\t<div class=\"elementor-element elementor-element-7f69c3a7 elementor-widget elementor-widget-text-editor\" data-id=\"7f69c3a7\" data-element_type=\"widget\" data-e-type=\"widget\" data-widget_type=\"text-editor.default\">\n\t\t\t\t<div class=\"elementor-widget-container\">\n\t\t\t\t\t\t\t\t\t<p>B- peut \u00eatre: BB ou Bb ou Bbl<\/p>\t\t\t\t\t\t\t\t<\/div>\n\t\t\t\t<\/div>\n\t\t\t\t\t<\/div>\n\t\t<\/div>\n\t\t\t\t<div class=\"elementor-column elementor-col-33 elementor-top-column elementor-element elementor-element-2c8750a8\" data-id=\"2c8750a8\" data-element_type=\"column\" data-e-type=\"column\">\n\t\t\t<div class=\"elementor-widget-wrap\">\n\t\t\t\t\t\t\t<\/div>\n\t\t<\/div>\n\t\t\t\t<div class=\"elementor-column elementor-col-33 elementor-top-column elementor-element elementor-element-650c5834\" data-id=\"650c5834\" data-element_type=\"column\" data-e-type=\"column\">\n\t\t\t<div class=\"elementor-widget-wrap elementor-element-populated\">\n\t\t\t\t\t\t<div class=\"elementor-element elementor-element-595119ab elementor-widget elementor-widget-text-editor\" data-id=\"595119ab\" data-element_type=\"widget\" data-e-type=\"widget\" data-widget_type=\"text-editor.default\">\n\t\t\t\t<div class=\"elementor-widget-container\">\n\t\t\t\t\t\t\t\t\t<p>D- peut \u00eatre: DD ou Dd<\/p>\t\t\t\t\t\t\t\t<\/div>\n\t\t\t\t<\/div>\n\t\t\t\t\t<\/div>\n\t\t<\/div>\n\t\t\t\t\t<\/div>\n\t\t<\/section>\n\t\t\t\t<section class=\"elementor-section elementor-top-section elementor-element elementor-element-3b2d738e elementor-section-full_width elementor-section-height-default elementor-section-height-default\" data-id=\"3b2d738e\" data-element_type=\"section\" data-e-type=\"section\">\n\t\t\t\t\t\t<div class=\"elementor-container elementor-column-gap-default\">\n\t\t\t\t\t<div class=\"elementor-column elementor-col-50 elementor-top-column elementor-element elementor-element-78dc69fb\" data-id=\"78dc69fb\" data-element_type=\"column\" data-e-type=\"column\">\n\t\t\t<div class=\"elementor-widget-wrap elementor-element-populated\">\n\t\t\t\t\t\t<div class=\"elementor-element elementor-element-31bfaf97 elementor-widget elementor-widget-text-editor\" data-id=\"31bfaf97\" data-element_type=\"widget\" data-e-type=\"widget\" data-widget_type=\"text-editor.default\">\n\t\t\t\t<div class=\"elementor-widget-container\">\n\t\t\t\t\t\t\t\t\t<p>Chez toutes les couleurs:<br \/>E- ii =tout motif tabby= ss wbwb ww<\/p>\t\t\t\t\t\t\t\t<\/div>\n\t\t\t\t<\/div>\n\t\t\t\t\t<\/div>\n\t\t<\/div>\n\t\t\t\t<div class=\"elementor-column elementor-col-50 elementor-top-column elementor-element elementor-element-41b6472d\" data-id=\"41b6472d\" data-element_type=\"column\" data-e-type=\"column\">\n\t\t\t<div class=\"elementor-widget-wrap elementor-element-populated\">\n\t\t\t\t\t\t<div class=\"elementor-element elementor-element-76e3dbba elementor-widget elementor-widget-text-editor\" data-id=\"76e3dbba\" data-element_type=\"widget\" data-e-type=\"widget\" data-widget_type=\"text-editor.default\">\n\t\t\t\t<div class=\"elementor-widget-container\">\n\t\t\t\t\t\t\t\t\t<p>Chez rouge point \/ cr\u00e8me point peut \u00eatre : B- ou bbl ou blbl, parce que le g\u00e8ne O colore toutes les couleurs au rouge.<\/p>\t\t\t\t\t\t\t\t<\/div>\n\t\t\t\t<\/div>\n\t\t\t\t\t<\/div>\n\t\t<\/div>\n\t\t\t\t\t<\/div>\n\t\t<\/section>\n\t\t\t\t<section class=\"elementor-section elementor-top-section elementor-element elementor-element-24f11ce4 elementor-section-full_width elementor-section-height-default elementor-section-height-default\" data-id=\"24f11ce4\" data-element_type=\"section\" data-e-type=\"section\">\n\t\t\t\t\t\t<div class=\"elementor-container elementor-column-gap-default\">\n\t\t\t\t\t<div class=\"elementor-column elementor-col-50 elementor-top-column elementor-element elementor-element-7b120f64\" data-id=\"7b120f64\" data-element_type=\"column\" data-e-type=\"column\">\n\t\t\t<div class=\"elementor-widget-wrap elementor-element-populated\">\n\t\t\t\t\t\t<div class=\"elementor-element elementor-element-54e649f7 elementor-widget elementor-widget-text-editor\" data-id=\"54e649f7\" data-element_type=\"widget\" data-e-type=\"widget\" data-widget_type=\"text-editor.default\">\n\t\t\t\t<div class=\"elementor-widget-container\">\n\t\t\t\t\t\t\t\t\t<p>Chez toutes les couleurs avec points de Siamois:<br \/>cscs<\/p>\t\t\t\t\t\t\t\t<\/div>\n\t\t\t\t<\/div>\n\t\t\t\t\t<\/div>\n\t\t<\/div>\n\t\t\t\t<div class=\"elementor-column elementor-col-50 elementor-top-column elementor-element elementor-element-363ea0d3\" data-id=\"363ea0d3\" data-element_type=\"column\" data-e-type=\"column\">\n\t\t\t<div class=\"elementor-widget-wrap elementor-element-populated\">\n\t\t\t\t\t\t<div class=\"elementor-element elementor-element-171eb02b elementor-widget elementor-widget-text-editor\" data-id=\"171eb02b\" data-element_type=\"widget\" data-e-type=\"widget\" data-widget_type=\"text-editor.default\">\n\t\t\t\t<div class=\"elementor-widget-container\">\n\t\t\t\t\t\t\t\t\t<p>Chez toutes les couleurs avec points de Burmese:<br \/>cbcb<br \/>La description de couleurs est diff\u00e9rente.<\/p>\t\t\t\t\t\t\t\t<\/div>\n\t\t\t\t<\/div>\n\t\t\t\t\t<\/div>\n\t\t<\/div>\n\t\t\t\t\t<\/div>\n\t\t<\/section>\n\t\t\t\t<section class=\"elementor-section elementor-top-section elementor-element elementor-element-6354e073 elementor-section-full_width elementor-section-height-default elementor-section-height-default\" data-id=\"6354e073\" data-element_type=\"section\" data-e-type=\"section\">\n\t\t\t\t\t\t<div class=\"elementor-container elementor-column-gap-default\">\n\t\t\t\t\t<div class=\"elementor-column elementor-col-50 elementor-top-column elementor-element elementor-element-557edc55\" data-id=\"557edc55\" data-element_type=\"column\" data-e-type=\"column\">\n\t\t\t<div class=\"elementor-widget-wrap elementor-element-populated\">\n\t\t\t\t\t\t<div class=\"elementor-element elementor-element-609543c elementor-widget elementor-widget-text-editor\" data-id=\"609543c\" data-element_type=\"widget\" data-e-type=\"widget\" data-widget_type=\"text-editor.default\">\n\t\t\t\t<div class=\"elementor-widget-container\">\n\t\t\t\t\t\t\t\t\t<p>Chez toutes les couleurs avec points de Tonkinois:<br \/>cscb<br \/>La description de couleurs est diff\u00e9rente.<\/p>\t\t\t\t\t\t\t\t<\/div>\n\t\t\t\t<\/div>\n\t\t\t\t\t<\/div>\n\t\t<\/div>\n\t\t\t\t<div class=\"elementor-column elementor-col-50 elementor-top-column elementor-element elementor-element-244603a0\" data-id=\"244603a0\" data-element_type=\"column\" data-e-type=\"column\">\n\t\t\t<div class=\"elementor-widget-wrap\">\n\t\t\t\t\t\t\t<\/div>\n\t\t<\/div>\n\t\t\t\t\t<\/div>\n\t\t<\/section>\n\t\t\t\t<section class=\"elementor-section elementor-top-section elementor-element elementor-element-43e31324 elementor-section-full_width elementor-section-height-default elementor-section-height-default\" data-id=\"43e31324\" data-element_type=\"section\" data-e-type=\"section\">\n\t\t\t\t\t\t<div class=\"elementor-container elementor-column-gap-default\">\n\t\t\t\t\t<div class=\"elementor-column elementor-col-33 elementor-top-column elementor-element elementor-element-749ed962\" data-id=\"749ed962\" data-element_type=\"column\" data-e-type=\"column\">\n\t\t\t<div class=\"elementor-widget-wrap\">\n\t\t\t\t\t\t\t<\/div>\n\t\t<\/div>\n\t\t\t\t<div class=\"elementor-column elementor-col-66 elementor-top-column elementor-element elementor-element-c68f23c\" data-id=\"c68f23c\" data-element_type=\"column\" data-e-type=\"column\">\n\t\t\t<div class=\"elementor-widget-wrap\">\n\t\t\t\t\t\t\t<\/div>\n\t\t<\/div>\n\t\t\t\t\t<\/div>\n\t\t<\/section>\n\t\t\t\t<section class=\"elementor-section elementor-top-section elementor-element elementor-element-11d0e764 elementor-section-full_width elementor-section-height-default elementor-section-height-default\" data-id=\"11d0e764\" data-element_type=\"section\" data-e-type=\"section\">\n\t\t\t\t\t\t<div class=\"elementor-container elementor-column-gap-default\">\n\t\t\t\t\t<div class=\"elementor-column elementor-col-33 elementor-top-column elementor-element elementor-element-326b4b67\" data-id=\"326b4b67\" data-element_type=\"column\" data-e-type=\"column\">\n\t\t\t<div class=\"elementor-widget-wrap elementor-element-populated\">\n\t\t\t\t\t\t<div class=\"elementor-element elementor-element-465eb584 elementor-widget elementor-widget-text-editor\" data-id=\"465eb584\" data-element_type=\"widget\" data-e-type=\"widget\" data-widget_type=\"text-editor.default\">\n\t\t\t\t<div class=\"elementor-widget-container\">\n\t\t\t\t\t\t\t\t\t<p><a href=\"https:\/\/wcf.de\/fr\/colours-fr\/\">retour aux couleurs<\/a><\/p>\t\t\t\t\t\t\t\t<\/div>\n\t\t\t\t<\/div>\n\t\t\t\t\t<\/div>\n\t\t<\/div>\n\t\t\t\t<div class=\"elementor-column elementor-col-66 elementor-top-column elementor-element elementor-element-6c13ada8\" data-id=\"6c13ada8\" data-element_type=\"column\" data-e-type=\"column\">\n\t\t\t<div class=\"elementor-widget-wrap\">\n\t\t\t\t\t\t\t<\/div>\n\t\t<\/div>\n\t\t\t\t\t<\/div>\n\t\t<\/section>\n\t\t\t\t<section class=\"elementor-section elementor-top-section elementor-element elementor-element-5318e1c elementor-section-full_width animated-slow elementor-section-height-default elementor-section-height-default\" data-id=\"5318e1c\" data-element_type=\"section\" data-e-type=\"section\" data-settings=\"{&quot;animation&quot;:&quot;none&quot;}\">\n\t\t\t\t\t\t\t<div class=\"elementor-background-overlay\"><\/div>\n\t\t\t\t\t\t\t<div class=\"elementor-container elementor-column-gap-no\">\n\t\t\t\t\t<div class=\"elementor-column elementor-col-100 elementor-top-column elementor-element elementor-element-39eb243\" data-id=\"39eb243\" data-element_type=\"column\" data-e-type=\"column\">\n\t\t\t<div class=\"elementor-widget-wrap\">\n\t\t\t\t\t\t\t<\/div>\n\t\t<\/div>\n\t\t\t\t\t<\/div>\n\t\t<\/section>\n\t\t\t\t<\/div>\n\t\t","protected":false},"excerpt":{"rendered":"<p>POINT (AVEC POINTS SIAMOIS) \u00c9CAILLE POINT B- peut \u00eatre: BB ou Bb ou Bbl D- peut \u00eatre: DD ou Dd Chez toutes les couleurs: E- ii =tout motif tabby= ss wbwb ww Chez rouge point \/ cr\u00e8me point peut \u00eatre : B- ou bbl ou blbl, parce que le g\u00e8ne O colore toutes les couleurs [&hellip;]<\/p>\n","protected":false},"author":1,"featured_media":0,"parent":0,"menu_order":0,"comment_status":"closed","ping_status":"closed","template":"","meta":{"_monsterinsights_skip_tracking":false,"_monsterinsights_sitenote_active":false,"_monsterinsights_sitenote_note":"","_monsterinsights_sitenote_category":0,"footnotes":""},"class_list":["post-9453","page","type-page","status-publish","hentry"],"aioseo_notices":[],"_links":{"self":[{"href":"https:\/\/wcf.de\/fr\/wp-json\/wp\/v2\/pages\/9453","targetHints":{"allow":["GET"]}}],"collection":[{"href":"https:\/\/wcf.de\/fr\/wp-json\/wp\/v2\/pages"}],"about":[{"href":"https:\/\/wcf.de\/fr\/wp-json\/wp\/v2\/types\/page"}],"author":[{"embeddable":true,"href":"https:\/\/wcf.de\/fr\/wp-json\/wp\/v2\/users\/1"}],"replies":[{"embeddable":true,"href":"https:\/\/wcf.de\/fr\/wp-json\/wp\/v2\/comments?post=9453"}],"version-history":[{"count":12,"href":"https:\/\/wcf.de\/fr\/wp-json\/wp\/v2\/pages\/9453\/revisions"}],"predecessor-version":[{"id":10913,"href":"https:\/\/wcf.de\/fr\/wp-json\/wp\/v2\/pages\/9453\/revisions\/10913"}],"wp:attachment":[{"href":"https:\/\/wcf.de\/fr\/wp-json\/wp\/v2\/media?parent=9453"}],"curies":[{"name":"wp","href":"https:\/\/api.w.org\/{rel}","templated":true}]}}