{"id":9500,"date":"2021-09-24T08:55:55","date_gmt":"2021-09-24T08:55:55","guid":{"rendered":"https:\/\/de7.wcf-test.de\/fr\/?page_id=9500"},"modified":"2021-12-24T15:42:58","modified_gmt":"2021-12-24T15:42:58","slug":"smokepoint-fr","status":"publish","type":"page","link":"https:\/\/wcf.de\/fr\/smokepoint-fr\/","title":{"rendered":"Smokepoint fr"},"content":{"rendered":"\t\t<div data-elementor-type=\"wp-page\" data-elementor-id=\"9500\" class=\"elementor elementor-9500\" data-elementor-post-type=\"page\">\n\t\t\t\t\t\t<section class=\"elementor-section elementor-top-section elementor-element elementor-element-425b782c elementor-section-full_width elementor-section-height-default elementor-section-height-default\" data-id=\"425b782c\" data-element_type=\"section\" data-e-type=\"section\">\n\t\t\t\t\t\t<div class=\"elementor-container elementor-column-gap-default\">\n\t\t\t\t\t<div class=\"elementor-column elementor-col-100 elementor-top-column elementor-element elementor-element-6058cec5\" data-id=\"6058cec5\" data-element_type=\"column\" data-e-type=\"column\">\n\t\t\t<div class=\"elementor-widget-wrap elementor-element-populated\">\n\t\t\t\t\t\t<div class=\"elementor-element elementor-element-11d409e0 elementor-widget elementor-widget-heading\" data-id=\"11d409e0\" data-element_type=\"widget\" data-e-type=\"widget\" data-widget_type=\"heading.default\">\n\t\t\t\t<div class=\"elementor-widget-container\">\n\t\t\t\t\t<h5 class=\"elementor-heading-title elementor-size-large\">SMOKE POINT<br> POINTS = POINTS SIAMOIS<\/h5>\t\t\t\t<\/div>\n\t\t\t\t<\/div>\n\t\t\t\t\t<\/div>\n\t\t<\/div>\n\t\t\t\t\t<\/div>\n\t\t<\/section>\n\t\t\t\t<section class=\"elementor-section elementor-top-section elementor-element elementor-element-64ce7f78 elementor-section-full_width elementor-section-height-default elementor-section-height-default\" data-id=\"64ce7f78\" data-element_type=\"section\" data-e-type=\"section\">\n\t\t\t\t\t\t<div class=\"elementor-container elementor-column-gap-default\">\n\t\t\t\t\t<div class=\"elementor-column elementor-col-100 elementor-top-column elementor-element elementor-element-2c3ec930\" data-id=\"2c3ec930\" data-element_type=\"column\" data-e-type=\"column\">\n\t\t\t<div class=\"elementor-widget-wrap elementor-element-populated\">\n\t\t\t\t\t\t<div class=\"elementor-element elementor-element-5e8bbb25 elementor-widget elementor-widget-shortcode\" data-id=\"5e8bbb25\" data-element_type=\"widget\" data-e-type=\"widget\" data-widget_type=\"shortcode.default\">\n\t\t\t\t<div class=\"elementor-widget-container\">\n\t\t\t\t\t\t\t<div class=\"elementor-shortcode\">\n<table id=\"tablepress-22\" class=\"tablepress tablepress-id-22\">\n<thead>\n<tr class=\"row-1\">\n\t<th class=\"column-1\">Couleur<\/th><th class=\"column-2\">Couleur du corps<\/th><th class=\"column-3\">Couleur des points<\/th><th class=\"column-4\">Truffe<\/th><th class=\"column-5\">Coussinets<\/th>\n<\/tr>\n<\/thead>\n<tbody>\n<tr class=\"row-2\">\n\t<td class=\"column-1\"><strong>Seal Smoke point<\/strong><br \/>\naa B- cscs D- I- oY\/oo<\/td><td class=\"column-2\">une base blanche argent\u00e9e tipped de beige<\/td><td class=\"column-3\">blanc argent\u00e9 <br \/>\ntipped de seal<\/td><td class=\"column-4\">seal<\/td><td class=\"column-5\">seal<\/td>\n<\/tr>\n<tr class=\"row-3\">\n\t<td class=\"column-1\"><strong>Bleu Smoke point<\/strong><br \/>\naa B- cscs dd I- oY\/oo<\/td><td class=\"column-2\">une base blanche argent\u00e9e tipped de blanc de glace<\/td><td class=\"column-3\">blanc argent\u00e9 <br \/>\ntipped de bleu<\/td><td class=\"column-4\">gris-bleu<\/td><td class=\"column-5\">gris-bleu<\/td>\n<\/tr>\n<tr class=\"row-4\">\n\t<td class=\"column-1\"><strong>Chocolat Smoke point<\/strong><br \/>\naa bb\/bbl cscs D- I- oY\/oo<\/td><td class=\"column-2\">une base blanche argent\u00e9e tipped d'ivoire<\/td><td class=\"column-3\">blanc argent\u00e9 <br \/>\ntipped de chocolat-au-lait<\/td><td class=\"column-4\">chocolat-au-lait<\/td><td class=\"column-5\">chocolat-au-lait<\/td>\n<\/tr>\n<tr class=\"row-5\">\n\t<td class=\"column-1\"><strong>Lilas Smoke point<\/strong><br \/>\naa bb\/bbl cscs dd I- oY\/oo<\/td><td class=\"column-2\">une base blanche argent\u00e9e tipped de blanc tr\u00e8s l\u00e9g\u00e8rement nuanc\u00e9<br \/>\navec de couleur des points<\/td><td class=\"column-3\">blanc argent\u00e9 <br \/>\ntipped de gris glacial<\/td><td class=\"column-4\">rose-lavande<\/td><td class=\"column-5\">rose-lavande<\/td>\n<\/tr>\n<tr class=\"row-6\">\n\t<td class=\"column-1\"><strong>Cannelle Smoke point<\/strong><br \/>\naa blbl cscs D- I- oY\/oo<\/td><td class=\"column-2\">une base blanche argent\u00e9e tipped d'ivoire clair<\/td><td class=\"column-3\">blanc argent\u00e9 <br \/>\ntipped de cannelle<\/td><td class=\"column-4\">cannelle<\/td><td class=\"column-5\">cannelle<\/td>\n<\/tr>\n<tr class=\"row-7\">\n\t<td class=\"column-1\"><strong>Faon Smoke point<\/strong><br \/>\naa blbl cscs dd I- oY\/oo<\/td><td class=\"column-2\">une base blanche argent\u00e9e tipped de cr\u00e8me blanch\u00e2tre clair<\/td><td class=\"column-3\">blanc argent\u00e9 <br \/>\ntipped de beige<\/td><td class=\"column-4\">rose clair<\/td><td class=\"column-5\">rose clair<\/td>\n<\/tr>\n<tr class=\"row-8\">\n\t<td class=\"column-1\"><strong>Rouge Smoke point<\/strong><br \/>\naa cscs D- I- OY\/OO<\/td><td class=\"column-2\">une base blanche argent\u00e9e tipped de blanc tr\u00e8s l\u00e9g\u00e8rement nuanc\u00e9<br \/>\navec de couleur des points \u00e0 cr\u00e8me<\/td><td class=\"column-3\">blanc argent\u00e9 <br \/>\ntipped de rouge profond <br \/>\net fonc\u00e9 \u00e0 orange<\/td><td class=\"column-4\">rose fonc\u00e9<\/td><td class=\"column-5\">rose fonc\u00e9<\/td>\n<\/tr>\n<tr class=\"row-9\">\n\t<td class=\"column-1\"><strong>Cr\u00e8me Smoke point<\/strong><br \/>\naa cscs dd I- OY\/OO<\/td><td class=\"column-2\">une base blanche argent\u00e9e tipped de cr\u00e8me blanch\u00e2tre<\/td><td class=\"column-3\">blanc argent\u00e9 <br \/>\ntipped de cr\u00e8me pastel<\/td><td class=\"column-4\">rose<\/td><td class=\"column-5\">rose<\/td>\n<\/tr>\n<\/tbody>\n<\/table>\n<!-- #tablepress-22 from cache --><\/div>\n\t\t\t\t\t\t<\/div>\n\t\t\t\t<\/div>\n\t\t\t\t\t<\/div>\n\t\t<\/div>\n\t\t\t\t\t<\/div>\n\t\t<\/section>\n\t\t\t\t<section class=\"elementor-section elementor-top-section elementor-element elementor-element-16ca65c3 elementor-section-full_width elementor-section-height-default elementor-section-height-default\" data-id=\"16ca65c3\" data-element_type=\"section\" data-e-type=\"section\">\n\t\t\t\t\t\t<div class=\"elementor-container elementor-column-gap-default\">\n\t\t\t\t\t<div class=\"elementor-column elementor-col-100 elementor-top-column elementor-element elementor-element-ccca54f\" data-id=\"ccca54f\" data-element_type=\"column\" data-e-type=\"column\">\n\t\t\t<div class=\"elementor-widget-wrap elementor-element-populated\">\n\t\t\t\t\t\t<div class=\"elementor-element elementor-element-2c6aafae elementor-widget elementor-widget-heading\" data-id=\"2c6aafae\" data-element_type=\"widget\" data-e-type=\"widget\" data-widget_type=\"heading.default\">\n\t\t\t\t<div class=\"elementor-widget-container\">\n\t\t\t\t\t<h5 class=\"elementor-heading-title elementor-size-large\">\u00c9CAILLE SMOKE POINT<\/h5>\t\t\t\t<\/div>\n\t\t\t\t<\/div>\n\t\t\t\t\t<\/div>\n\t\t<\/div>\n\t\t\t\t\t<\/div>\n\t\t<\/section>\n\t\t\t\t<section class=\"elementor-section elementor-top-section elementor-element elementor-element-d724707 elementor-section-full_width elementor-section-height-default elementor-section-height-default\" data-id=\"d724707\" data-element_type=\"section\" data-e-type=\"section\">\n\t\t\t\t\t\t<div class=\"elementor-container elementor-column-gap-default\">\n\t\t\t\t\t<div class=\"elementor-column elementor-col-100 elementor-top-column elementor-element elementor-element-42ab5940\" data-id=\"42ab5940\" data-element_type=\"column\" data-e-type=\"column\">\n\t\t\t<div class=\"elementor-widget-wrap elementor-element-populated\">\n\t\t\t\t\t\t<div class=\"elementor-element elementor-element-37895007 elementor-widget elementor-widget-shortcode\" data-id=\"37895007\" data-element_type=\"widget\" data-e-type=\"widget\" data-widget_type=\"shortcode.default\">\n\t\t\t\t<div class=\"elementor-widget-container\">\n\t\t\t\t\t\t\t<div class=\"elementor-shortcode\">\n<table id=\"tablepress-23\" class=\"tablepress tablepress-id-23\">\n<thead>\n<tr class=\"row-1\">\n\t<th class=\"column-1\">Couleur<\/th><th class=\"column-2\">Couleur du corps<\/th><th class=\"column-3\">Couleur des points<\/th><th class=\"column-4\">Truffe<\/th><th class=\"column-5\">Coussinets<\/th>\n<\/tr>\n<\/thead>\n<tbody>\n<tr class=\"row-2\">\n\t<td class=\"column-1\"><strong>\u00c9caille Seal Smoke point<\/strong><br \/>\naa B- cscs D- I- Oo<\/td><td class=\"column-2\">une base blanche argent\u00e9e tipped de beige<\/td><td class=\"column-3\">blanc argent\u00e9 <br \/>\ntipped de seal et rouge<\/td><td class=\"column-4\">Dans les r\u00e9gions noires seal, dans les r\u00e9gions rouges rouge.<\/td><td class=\"column-5\">Dans les r\u00e9gions noires seal, dans les r\u00e9gions rouges rouge.<\/td>\n<\/tr>\n<tr class=\"row-3\">\n\t<td class=\"column-1\"><strong>\u00c9caille Bleu Smoke point<\/strong><br \/>\naa B- cscs dd I- Oo<\/td><td class=\"column-2\">une base blanche argent\u00e9e tipped de blanc de glace<\/td><td class=\"column-3\">blanc argent\u00e9 <br \/>\ntipped de gris-bleu <br \/>\net cr\u00e8me pastel<\/td><td class=\"column-4\">Dans les r\u00e9gions bleues gris-bleu, dans les r\u00e9gions cr\u00e8mes rose.<\/td><td class=\"column-5\">Dans les r\u00e9gions bleues gris-bleu, dans les r\u00e9gions cr\u00e8mes rose.<\/td>\n<\/tr>\n<tr class=\"row-4\">\n\t<td class=\"column-1\"><strong>\u00c9caille Chocolat Smoke point<\/strong><br \/>\naa bb\/bbl cscs D- I- Oo<\/td><td class=\"column-2\">une base blanche argent\u00e9e tipped de beige clair<\/td><td class=\"column-3\">blanc argent\u00e9 <br \/>\ntipped de chocolat-au-lait <br \/>\net rouge dilu\u00e9<\/td><td class=\"column-4\">Dans les r\u00e9gions brunes chocolat-au-lait, dans les r\u00e9gions rouges rose.<\/td><td class=\"column-5\">Dans les r\u00e9gions brunes chocolat-au-lait, dans les r\u00e9gions rouges rose.<\/td>\n<\/tr>\n<tr class=\"row-5\">\n\t<td class=\"column-1\"><strong>\u00c9caille Lilas Smoke point<\/strong><br \/>\naa bb\/bbl cscs dd I- Oo<\/td><td class=\"column-2\">une base blanche argent\u00e9e tipped de blanc tr\u00e8s l\u00e9g\u00e8rement nuanc\u00e9<br \/>\navec de couleur des points<\/td><td class=\"column-3\">blanc argent\u00e9 <br \/>\ntipped de gris glacial <br \/>\net cr\u00e8me clair<\/td><td class=\"column-4\">Dans les r\u00e9gions lilas rose-lavande, dans les r\u00e9gions cr\u00e8mes rose.<\/td><td class=\"column-5\">Dans les r\u00e9gions lilas rose-lavande, dans les r\u00e9gions cr\u00e8mes rose.<\/td>\n<\/tr>\n<tr class=\"row-6\">\n\t<td class=\"column-1\"><strong>\u00c9caille Cannelle Smoke point<\/strong><br \/>\naa blbl cscs D- I- Oo<\/td><td class=\"column-2\">une base blanche argent\u00e9e tipped d'ivoire clair<\/td><td class=\"column-3\">blanc argent\u00e9 <br \/>\ntipped de brun clair <br \/>\n\u00e0 brun-cannelle et cr\u00e8me<\/td><td class=\"column-4\">Dans les r\u00e9gions brunes cannelle, dans les r\u00e9gions cr\u00e8mes rose clair.<\/td><td class=\"column-5\">Dans les r\u00e9gions brunes cannelle, dans les r\u00e9gions cr\u00e8mes rose clair.<\/td>\n<\/tr>\n<tr class=\"row-7\">\n\t<td class=\"column-1\"><strong>\u00c9caille Faon Smoke point<\/strong><br \/>\naa blbl cscs dd I- Oo<\/td><td class=\"column-2\">une base blanche argent\u00e9e tipped de cr\u00e8me blanch\u00e2tre clair<\/td><td class=\"column-3\">blanc argent\u00e9 <br \/>\ntipped de beige <br \/>\net cr\u00e8me clair<\/td><td class=\"column-4\">Dans les r\u00e9gions beiges rose clair, dans les r\u00e9gions cr\u00e8mes rose.<\/td><td class=\"column-5\">Dans les r\u00e9gions beiges rose clair, dans les r\u00e9gions cr\u00e8mes rose.<\/td>\n<\/tr>\n<\/tbody>\n<\/table>\n<!-- #tablepress-23 from cache --><\/div>\n\t\t\t\t\t\t<\/div>\n\t\t\t\t<\/div>\n\t\t\t\t\t<\/div>\n\t\t<\/div>\n\t\t\t\t\t<\/div>\n\t\t<\/section>\n\t\t\t\t<section class=\"elementor-section elementor-top-section elementor-element elementor-element-7408a6cc elementor-section-full_width elementor-section-height-default elementor-section-height-default\" data-id=\"7408a6cc\" data-element_type=\"section\" data-e-type=\"section\">\n\t\t\t\t\t\t<div class=\"elementor-container elementor-column-gap-default\">\n\t\t\t\t\t<div class=\"elementor-column elementor-col-33 elementor-top-column elementor-element elementor-element-2299c0e1\" data-id=\"2299c0e1\" data-element_type=\"column\" data-e-type=\"column\">\n\t\t\t<div class=\"elementor-widget-wrap elementor-element-populated\">\n\t\t\t\t\t\t<div class=\"elementor-element elementor-element-a2f452c elementor-widget elementor-widget-text-editor\" data-id=\"a2f452c\" data-element_type=\"widget\" data-e-type=\"widget\" data-widget_type=\"text-editor.default\">\n\t\t\t\t<div class=\"elementor-widget-container\">\n\t\t\t\t\t\t\t\t\t<p>B- peut \u00eatre: BB ou Bb ou Bbl<\/p>\t\t\t\t\t\t\t\t<\/div>\n\t\t\t\t<\/div>\n\t\t\t\t\t<\/div>\n\t\t<\/div>\n\t\t\t\t<div class=\"elementor-column elementor-col-33 elementor-top-column elementor-element elementor-element-201261f8\" data-id=\"201261f8\" data-element_type=\"column\" data-e-type=\"column\">\n\t\t\t<div class=\"elementor-widget-wrap\">\n\t\t\t\t\t\t\t<\/div>\n\t\t<\/div>\n\t\t\t\t<div class=\"elementor-column elementor-col-33 elementor-top-column elementor-element elementor-element-2e81cefc\" data-id=\"2e81cefc\" data-element_type=\"column\" data-e-type=\"column\">\n\t\t\t<div class=\"elementor-widget-wrap elementor-element-populated\">\n\t\t\t\t\t\t<div class=\"elementor-element elementor-element-74a0eefc elementor-widget elementor-widget-text-editor\" data-id=\"74a0eefc\" data-element_type=\"widget\" data-e-type=\"widget\" data-widget_type=\"text-editor.default\">\n\t\t\t\t<div class=\"elementor-widget-container\">\n\t\t\t\t\t\t\t\t\t<p>D- peut \u00eatre: DD ou Dd<\/p>\t\t\t\t\t\t\t\t<\/div>\n\t\t\t\t<\/div>\n\t\t\t\t\t<\/div>\n\t\t<\/div>\n\t\t\t\t\t<\/div>\n\t\t<\/section>\n\t\t\t\t<section class=\"elementor-section elementor-top-section elementor-element elementor-element-188d312b elementor-section-full_width elementor-section-height-default elementor-section-height-default\" data-id=\"188d312b\" data-element_type=\"section\" data-e-type=\"section\">\n\t\t\t\t\t\t<div class=\"elementor-container elementor-column-gap-default\">\n\t\t\t\t\t<div class=\"elementor-column elementor-col-50 elementor-top-column elementor-element elementor-element-504ee4c2\" data-id=\"504ee4c2\" data-element_type=\"column\" data-e-type=\"column\">\n\t\t\t<div class=\"elementor-widget-wrap elementor-element-populated\">\n\t\t\t\t\t\t<div class=\"elementor-element elementor-element-4c1a85f4 elementor-widget elementor-widget-text-editor\" data-id=\"4c1a85f4\" data-element_type=\"widget\" data-e-type=\"widget\" data-widget_type=\"text-editor.default\">\n\t\t\t\t<div class=\"elementor-widget-container\">\n\t\t\t\t\t\t\t\t\t<p>I- peut \u00eatre: II ou Ii<\/p>\t\t\t\t\t\t\t\t<\/div>\n\t\t\t\t<\/div>\n\t\t\t\t\t<\/div>\n\t\t<\/div>\n\t\t\t\t<div class=\"elementor-column elementor-col-50 elementor-top-column elementor-element elementor-element-12d08492\" data-id=\"12d08492\" data-element_type=\"column\" data-e-type=\"column\">\n\t\t\t<div class=\"elementor-widget-wrap elementor-element-populated\">\n\t\t\t\t\t\t<div class=\"elementor-element elementor-element-6ddec587 elementor-widget elementor-widget-text-editor\" data-id=\"6ddec587\" data-element_type=\"widget\" data-e-type=\"widget\" data-widget_type=\"text-editor.default\">\n\t\t\t\t<div class=\"elementor-widget-container\">\n\t\t\t\t\t\t\t\t\t<p>rouge \/ cr\u00e8me :<br \/>Le g\u00e8ne O colore toutes les couleurs au rouge, donc B- peut \u00eatre : BB ou Bb ou Bbl ou bb ou bbl ou blbl<\/p>\t\t\t\t\t\t\t\t<\/div>\n\t\t\t\t<\/div>\n\t\t\t\t\t<\/div>\n\t\t<\/div>\n\t\t\t\t\t<\/div>\n\t\t<\/section>\n\t\t\t\t<section class=\"elementor-section elementor-top-section elementor-element elementor-element-519a6071 elementor-section-full_width elementor-section-height-default elementor-section-height-default\" data-id=\"519a6071\" data-element_type=\"section\" data-e-type=\"section\">\n\t\t\t\t\t\t<div class=\"elementor-container elementor-column-gap-default\">\n\t\t\t\t\t<div class=\"elementor-column elementor-col-50 elementor-top-column elementor-element elementor-element-2cf1d40f\" data-id=\"2cf1d40f\" data-element_type=\"column\" data-e-type=\"column\">\n\t\t\t<div class=\"elementor-widget-wrap elementor-element-populated\">\n\t\t\t\t\t\t<div class=\"elementor-element elementor-element-5e255766 elementor-widget elementor-widget-text-editor\" data-id=\"5e255766\" data-element_type=\"widget\" data-e-type=\"widget\" data-widget_type=\"text-editor.default\">\n\t\t\t\t<div class=\"elementor-widget-container\">\n\t\t\t\t\t\t\t\t\t<p>Chez toutes les couleurs:<br \/>E- ss =tout motif tabby= ww<\/p>\t\t\t\t\t\t\t\t<\/div>\n\t\t\t\t<\/div>\n\t\t\t\t\t<\/div>\n\t\t<\/div>\n\t\t\t\t<div class=\"elementor-column elementor-col-50 elementor-top-column elementor-element elementor-element-5cd66d8e\" data-id=\"5cd66d8e\" data-element_type=\"column\" data-e-type=\"column\">\n\t\t\t<div class=\"elementor-widget-wrap\">\n\t\t\t\t\t\t\t<\/div>\n\t\t<\/div>\n\t\t\t\t\t<\/div>\n\t\t<\/section>\n\t\t\t\t<section class=\"elementor-section elementor-top-section elementor-element elementor-element-56fea13c elementor-section-full_width elementor-section-height-default elementor-section-height-default\" data-id=\"56fea13c\" data-element_type=\"section\" data-e-type=\"section\">\n\t\t\t\t\t\t<div class=\"elementor-container elementor-column-gap-default\">\n\t\t\t\t\t<div class=\"elementor-column elementor-col-50 elementor-top-column elementor-element elementor-element-20ef8ed4\" data-id=\"20ef8ed4\" data-element_type=\"column\" data-e-type=\"column\">\n\t\t\t<div class=\"elementor-widget-wrap elementor-element-populated\">\n\t\t\t\t\t\t<div class=\"elementor-element elementor-element-63cc9ca4 elementor-widget elementor-widget-text-editor\" data-id=\"63cc9ca4\" data-element_type=\"widget\" data-e-type=\"widget\" data-widget_type=\"text-editor.default\">\n\t\t\t\t<div class=\"elementor-widget-container\">\n\t\t\t\t\t\t\t\t\t<p>Chez toutes les couleurs avec points siamois :<br \/>cscs<\/p>\t\t\t\t\t\t\t\t<\/div>\n\t\t\t\t<\/div>\n\t\t\t\t\t<\/div>\n\t\t<\/div>\n\t\t\t\t<div class=\"elementor-column elementor-col-50 elementor-top-column elementor-element elementor-element-48aaafb7\" data-id=\"48aaafb7\" data-element_type=\"column\" data-e-type=\"column\">\n\t\t\t<div class=\"elementor-widget-wrap elementor-element-populated\">\n\t\t\t\t\t\t<div class=\"elementor-element elementor-element-2fdd7ad2 elementor-widget elementor-widget-text-editor\" data-id=\"2fdd7ad2\" data-element_type=\"widget\" data-e-type=\"widget\" data-widget_type=\"text-editor.default\">\n\t\t\t\t<div class=\"elementor-widget-container\">\n\t\t\t\t\t\t\t\t\t<p>Chez toutes les couleurs avec points de Burmese :<br \/>cbcb<br \/>La description de couleurs est diff\u00e9rente.<\/p>\t\t\t\t\t\t\t\t<\/div>\n\t\t\t\t<\/div>\n\t\t\t\t\t<\/div>\n\t\t<\/div>\n\t\t\t\t\t<\/div>\n\t\t<\/section>\n\t\t\t\t<section class=\"elementor-section elementor-top-section elementor-element elementor-element-5c9048a8 elementor-section-full_width elementor-section-height-default elementor-section-height-default\" data-id=\"5c9048a8\" data-element_type=\"section\" data-e-type=\"section\">\n\t\t\t\t\t\t<div class=\"elementor-container elementor-column-gap-default\">\n\t\t\t\t\t<div class=\"elementor-column elementor-col-50 elementor-top-column elementor-element elementor-element-2b396706\" data-id=\"2b396706\" data-element_type=\"column\" data-e-type=\"column\">\n\t\t\t<div class=\"elementor-widget-wrap elementor-element-populated\">\n\t\t\t\t\t\t<div class=\"elementor-element elementor-element-50f02a12 elementor-widget elementor-widget-text-editor\" data-id=\"50f02a12\" data-element_type=\"widget\" data-e-type=\"widget\" data-widget_type=\"text-editor.default\">\n\t\t\t\t<div class=\"elementor-widget-container\">\n\t\t\t\t\t\t\t\t\t<p>Chez toutes les couleurs avec points de Tonkinois :<br \/>cscb<br \/>La description de couleurs est diff\u00e9rente.<\/p>\t\t\t\t\t\t\t\t<\/div>\n\t\t\t\t<\/div>\n\t\t\t\t\t<\/div>\n\t\t<\/div>\n\t\t\t\t<div class=\"elementor-column elementor-col-50 elementor-top-column elementor-element elementor-element-15efbca5\" data-id=\"15efbca5\" data-element_type=\"column\" data-e-type=\"column\">\n\t\t\t<div class=\"elementor-widget-wrap\">\n\t\t\t\t\t\t\t<\/div>\n\t\t<\/div>\n\t\t\t\t\t<\/div>\n\t\t<\/section>\n\t\t\t\t<section class=\"elementor-section elementor-top-section elementor-element elementor-element-67636db8 elementor-section-full_width elementor-section-height-default elementor-section-height-default\" data-id=\"67636db8\" data-element_type=\"section\" data-e-type=\"section\">\n\t\t\t\t\t\t<div class=\"elementor-container elementor-column-gap-default\">\n\t\t\t\t\t<div class=\"elementor-column elementor-col-33 elementor-top-column elementor-element elementor-element-4f4b6253\" data-id=\"4f4b6253\" data-element_type=\"column\" data-e-type=\"column\">\n\t\t\t<div class=\"elementor-widget-wrap\">\n\t\t\t\t\t\t\t<\/div>\n\t\t<\/div>\n\t\t\t\t<div class=\"elementor-column elementor-col-66 elementor-top-column elementor-element elementor-element-37403008\" data-id=\"37403008\" data-element_type=\"column\" data-e-type=\"column\">\n\t\t\t<div class=\"elementor-widget-wrap\">\n\t\t\t\t\t\t\t<\/div>\n\t\t<\/div>\n\t\t\t\t\t<\/div>\n\t\t<\/section>\n\t\t\t\t<section class=\"elementor-section elementor-top-section elementor-element elementor-element-656efbdc elementor-section-full_width elementor-section-height-default elementor-section-height-default\" data-id=\"656efbdc\" data-element_type=\"section\" data-e-type=\"section\">\n\t\t\t\t\t\t<div class=\"elementor-container elementor-column-gap-default\">\n\t\t\t\t\t<div class=\"elementor-column elementor-col-33 elementor-top-column elementor-element elementor-element-710ef513\" data-id=\"710ef513\" data-element_type=\"column\" data-e-type=\"column\">\n\t\t\t<div class=\"elementor-widget-wrap elementor-element-populated\">\n\t\t\t\t\t\t<div class=\"elementor-element elementor-element-19b2567e elementor-widget elementor-widget-text-editor\" data-id=\"19b2567e\" data-element_type=\"widget\" data-e-type=\"widget\" data-widget_type=\"text-editor.default\">\n\t\t\t\t<div class=\"elementor-widget-container\">\n\t\t\t\t\t\t\t\t\t<p><a href=\"https:\/\/wcf.de\/fr\/colours-fr\/\">retour aux couleurs<\/a><\/p>\t\t\t\t\t\t\t\t<\/div>\n\t\t\t\t<\/div>\n\t\t\t\t\t<\/div>\n\t\t<\/div>\n\t\t\t\t<div class=\"elementor-column elementor-col-66 elementor-top-column elementor-element elementor-element-67164c3c\" data-id=\"67164c3c\" data-element_type=\"column\" data-e-type=\"column\">\n\t\t\t<div class=\"elementor-widget-wrap\">\n\t\t\t\t\t\t\t<\/div>\n\t\t<\/div>\n\t\t\t\t\t<\/div>\n\t\t<\/section>\n\t\t\t\t<section class=\"elementor-section elementor-top-section elementor-element elementor-element-45bf5442 elementor-section-full_width animated-slow elementor-section-height-default elementor-section-height-default\" data-id=\"45bf5442\" data-element_type=\"section\" data-e-type=\"section\" data-settings=\"{&quot;animation&quot;:&quot;none&quot;}\">\n\t\t\t\t\t\t\t<div class=\"elementor-background-overlay\"><\/div>\n\t\t\t\t\t\t\t<div class=\"elementor-container elementor-column-gap-no\">\n\t\t\t\t\t<div class=\"elementor-column elementor-col-100 elementor-top-column elementor-element elementor-element-6e25d713\" data-id=\"6e25d713\" data-element_type=\"column\" data-e-type=\"column\">\n\t\t\t<div class=\"elementor-widget-wrap\">\n\t\t\t\t\t\t\t<\/div>\n\t\t<\/div>\n\t\t\t\t\t<\/div>\n\t\t<\/section>\n\t\t\t\t<\/div>\n\t\t","protected":false},"excerpt":{"rendered":"<p>SMOKE POINT POINTS = POINTS SIAMOIS \u00c9CAILLE SMOKE POINT B- peut \u00eatre: BB ou Bb ou Bbl D- peut \u00eatre: DD ou Dd I- peut \u00eatre: II ou Ii rouge \/ cr\u00e8me : Le g\u00e8ne O colore toutes les couleurs au rouge, donc B- peut \u00eatre : BB ou Bb ou Bbl ou bb ou [&hellip;]<\/p>\n","protected":false},"author":1,"featured_media":0,"parent":0,"menu_order":0,"comment_status":"closed","ping_status":"closed","template":"","meta":{"_monsterinsights_skip_tracking":false,"_monsterinsights_sitenote_active":false,"_monsterinsights_sitenote_note":"","_monsterinsights_sitenote_category":0,"footnotes":""},"class_list":["post-9500","page","type-page","status-publish","hentry"],"aioseo_notices":[],"_links":{"self":[{"href":"https:\/\/wcf.de\/fr\/wp-json\/wp\/v2\/pages\/9500","targetHints":{"allow":["GET"]}}],"collection":[{"href":"https:\/\/wcf.de\/fr\/wp-json\/wp\/v2\/pages"}],"about":[{"href":"https:\/\/wcf.de\/fr\/wp-json\/wp\/v2\/types\/page"}],"author":[{"embeddable":true,"href":"https:\/\/wcf.de\/fr\/wp-json\/wp\/v2\/users\/1"}],"replies":[{"embeddable":true,"href":"https:\/\/wcf.de\/fr\/wp-json\/wp\/v2\/comments?post=9500"}],"version-history":[{"count":12,"href":"https:\/\/wcf.de\/fr\/wp-json\/wp\/v2\/pages\/9500\/revisions"}],"predecessor-version":[{"id":10921,"href":"https:\/\/wcf.de\/fr\/wp-json\/wp\/v2\/pages\/9500\/revisions\/10921"}],"wp:attachment":[{"href":"https:\/\/wcf.de\/fr\/wp-json\/wp\/v2\/media?parent=9500"}],"curies":[{"name":"wp","href":"https:\/\/api.w.org\/{rel}","templated":true}]}}