{"id":9538,"date":"2021-09-24T10:58:32","date_gmt":"2021-09-24T10:58:32","guid":{"rendered":"https:\/\/de7.wcf-test.de\/fr\/?page_id=9538"},"modified":"2021-12-24T15:47:44","modified_gmt":"2021-12-24T15:47:44","slug":"tabbypoint-fr","status":"publish","type":"page","link":"https:\/\/wcf.de\/fr\/tabbypoint-fr\/","title":{"rendered":"Tabbypoint fr"},"content":{"rendered":"\t\t<div data-elementor-type=\"wp-page\" data-elementor-id=\"9538\" class=\"elementor elementor-9538\" data-elementor-post-type=\"page\">\n\t\t\t\t\t\t<section class=\"elementor-section elementor-top-section elementor-element elementor-element-37c63323 elementor-section-full_width elementor-section-height-default elementor-section-height-default\" data-id=\"37c63323\" data-element_type=\"section\" data-e-type=\"section\">\n\t\t\t\t\t\t<div class=\"elementor-container elementor-column-gap-default\">\n\t\t\t\t\t<div class=\"elementor-column elementor-col-100 elementor-top-column elementor-element elementor-element-660633c7\" data-id=\"660633c7\" data-element_type=\"column\" data-e-type=\"column\">\n\t\t\t<div class=\"elementor-widget-wrap elementor-element-populated\">\n\t\t\t\t\t\t<div class=\"elementor-element elementor-element-5b6c44e7 elementor-widget elementor-widget-heading\" data-id=\"5b6c44e7\" data-element_type=\"widget\" data-e-type=\"widget\" data-widget_type=\"heading.default\">\n\t\t\t\t<div class=\"elementor-widget-container\">\n\t\t\t\t\t<h5 class=\"elementor-heading-title elementor-size-large\">TABBY POINT<br> POINTS = POINTS  SIAMOIS<\/h5>\t\t\t\t<\/div>\n\t\t\t\t<\/div>\n\t\t\t\t\t<\/div>\n\t\t<\/div>\n\t\t\t\t\t<\/div>\n\t\t<\/section>\n\t\t\t\t<section class=\"elementor-section elementor-top-section elementor-element elementor-element-3ce94bbf elementor-section-full_width elementor-section-height-default elementor-section-height-default\" data-id=\"3ce94bbf\" data-element_type=\"section\" data-e-type=\"section\">\n\t\t\t\t\t\t<div class=\"elementor-container elementor-column-gap-default\">\n\t\t\t\t\t<div class=\"elementor-column elementor-col-100 elementor-top-column elementor-element elementor-element-34b12257\" data-id=\"34b12257\" data-element_type=\"column\" data-e-type=\"column\">\n\t\t\t<div class=\"elementor-widget-wrap elementor-element-populated\">\n\t\t\t\t\t\t<div class=\"elementor-element elementor-element-3020a695 elementor-widget elementor-widget-shortcode\" data-id=\"3020a695\" data-element_type=\"widget\" data-e-type=\"widget\" data-widget_type=\"shortcode.default\">\n\t\t\t\t<div class=\"elementor-widget-container\">\n\t\t\t\t\t\t\t<div class=\"elementor-shortcode\">\n<table id=\"tablepress-27\" class=\"tablepress tablepress-id-27\">\n<thead>\n<tr class=\"row-1\">\n\t<th class=\"column-1\">Couleur<\/th><th class=\"column-2\">Couleur du corps<\/th><th class=\"column-3\">Couleur des points<\/th><th class=\"column-4\">Truffe<\/th><th class=\"column-5\">Coussinets<\/th><th class=\"column-6\">Contour des yeux<\/th><th class=\"column-7\">Remarques<\/th>\n<\/tr>\n<\/thead>\n<tbody>\n<tr class=\"row-2\">\n\t<td class=\"column-1\"><strong>Seal Tabby point<\/strong><br \/>\nA- B- cscs D- oY\/oo<br \/>\n=motif tabby=<\/td><td class=\"column-2\">beige<\/td><td class=\"column-3\">seal<\/td><td class=\"column-4\">rouge-brique cercl\u00e9e de seal<\/td><td class=\"column-5\">seal<\/td><td class=\"column-6\">seal<\/td><td class=\"column-7\"><\/td>\n<\/tr>\n<tr class=\"row-3\">\n\t<td class=\"column-1\"><strong>Bleu Tabby point<\/strong><br \/>\nA- B- cscs dd oY\/oo<br \/>\n=motif tabby=<\/td><td class=\"column-2\">blanc de glace<\/td><td class=\"column-3\">bleu<\/td><td class=\"column-4\">vieux rose cercl\u00e9e de bleu<\/td><td class=\"column-5\">gris-bleu<\/td><td class=\"column-6\">bleu<\/td><td class=\"column-7\"><\/td>\n<\/tr>\n<tr class=\"row-4\">\n\t<td class=\"column-1\"><strong>Chocolat Tabby point<\/strong><br \/>\nA- bb\/bbl cscs D- oY\/oo<br \/>\n=motif tabby=<\/td><td class=\"column-2\">ivoire<\/td><td class=\"column-3\">chocolat-au-lait<\/td><td class=\"column-4\">vieux rose cercl\u00e9e de chocolat-au-lait<\/td><td class=\"column-5\">chocolat-au-lait<\/td><td class=\"column-6\">chocolat-au-lait<\/td><td class=\"column-7\"><\/td>\n<\/tr>\n<tr class=\"row-5\">\n\t<td class=\"column-1\"><strong>Lilas Tabby point<\/strong><br \/>\nA- bb\/bbl cscs dd oY\/oo<br \/>\n=motif tabby=<\/td><td class=\"column-2\">blanc avec un tr\u00e8s l\u00e9ger reflet de couleur des points<\/td><td class=\"column-3\">gris glacial avec un l\u00e9ger reflet rose<\/td><td class=\"column-4\">rose cercl\u00e9e de rose-lavande<\/td><td class=\"column-5\">rose-lavande<\/td><td class=\"column-6\">rose-lavande<\/td><td class=\"column-7\"><\/td>\n<\/tr>\n<tr class=\"row-6\">\n\t<td class=\"column-1\"><strong>Cannelle Tabby point<\/strong><br \/>\nA- blbl cscs D- oY\/oo<br \/>\n=motif tabby=<\/td><td class=\"column-2\">ivoire clair<\/td><td class=\"column-3\">cannelle<\/td><td class=\"column-4\">vieux rose cercl\u00e9e de cannelle<\/td><td class=\"column-5\">cannelle<\/td><td class=\"column-6\">cannelle<\/td><td class=\"column-7\"><\/td>\n<\/tr>\n<tr class=\"row-7\">\n\t<td class=\"column-1\"><strong>Faon Tabby point<\/strong><br \/>\nA- blbl cscs dd oY\/oo<br \/>\n=motif tabby=<\/td><td class=\"column-2\">cr\u00e8me blanch\u00e2tre clair<\/td><td class=\"column-3\">beige<\/td><td class=\"column-4\">rose p\u00e2le cercl\u00e9e de rose clair<\/td><td class=\"column-5\">rose clair<\/td><td class=\"column-6\">rose clair<\/td><td class=\"column-7\"><\/td>\n<\/tr>\n<tr class=\"row-8\">\n\t<td class=\"column-1\"><strong>Rouge Tabby point<\/strong><br \/>\nA- cscs D- OY\/OO<br \/>\n=motif tabby=<\/td><td class=\"column-2\">blanc avec un tr\u00e8s l\u00e9ger reflet de couleur des points \u00e0 cr\u00e8me<\/td><td class=\"column-3\">rouge profond, fonc\u00e9 et chaud \u00e0 orange<\/td><td class=\"column-4\">rose cercl\u00e9e de rouge fonc\u00e9<\/td><td class=\"column-5\">rose fonc\u00e9<\/td><td class=\"column-6\">rose fonc\u00e9<\/td><td class=\"column-7\"><a href=\"https:\/\/wcf.de\/fr\/remarques\/#rem2\" target=\"_blank\" rel=\"nofollow noopener\">Voir Remarques aux couleurs 2.<\/a><\/td>\n<\/tr>\n<tr class=\"row-9\">\n\t<td class=\"column-1\"><strong>Cr\u00e8me Tabby point<\/strong><br \/>\nA- cscs dd OY\/OO<br \/>\n=motif tabby=<\/td><td class=\"column-2\">cr\u00e8me blanch\u00e2tre<\/td><td class=\"column-3\">cr\u00e8me pastel pur <br \/>\n(pas d'ombre chaud)<\/td><td class=\"column-4\">rose cercl\u00e9e der rose fonc\u00e9<\/td><td class=\"column-5\">rose<\/td><td class=\"column-6\">rose fonc\u00e9<\/td><td class=\"column-7\"><a href=\"https:\/\/wcf.de\/fr\/remarques\/#rem2\" target=\"_blank\" rel=\"nofollow noopener\">Voir Remarques aux couleurs 2.<\/a><\/td>\n<\/tr>\n<\/tbody>\n<\/table>\n<!-- #tablepress-27 from cache --><\/div>\n\t\t\t\t\t\t<\/div>\n\t\t\t\t<\/div>\n\t\t\t\t\t<\/div>\n\t\t<\/div>\n\t\t\t\t\t<\/div>\n\t\t<\/section>\n\t\t\t\t<section class=\"elementor-section elementor-top-section elementor-element elementor-element-1d58101e elementor-section-full_width elementor-section-height-default elementor-section-height-default\" data-id=\"1d58101e\" data-element_type=\"section\" data-e-type=\"section\">\n\t\t\t\t\t\t<div class=\"elementor-container elementor-column-gap-default\">\n\t\t\t\t\t<div class=\"elementor-column elementor-col-100 elementor-top-column elementor-element elementor-element-48988bf8\" data-id=\"48988bf8\" data-element_type=\"column\" data-e-type=\"column\">\n\t\t\t<div class=\"elementor-widget-wrap elementor-element-populated\">\n\t\t\t\t\t\t<div class=\"elementor-element elementor-element-770d8b51 elementor-widget elementor-widget-heading\" data-id=\"770d8b51\" data-element_type=\"widget\" data-e-type=\"widget\" data-widget_type=\"heading.default\">\n\t\t\t\t<div class=\"elementor-widget-container\">\n\t\t\t\t\t<h5 class=\"elementor-heading-title elementor-size-large\">\u00c9CAILLE TABBY POINT<\/h5>\t\t\t\t<\/div>\n\t\t\t\t<\/div>\n\t\t\t\t\t<\/div>\n\t\t<\/div>\n\t\t\t\t\t<\/div>\n\t\t<\/section>\n\t\t\t\t<section class=\"elementor-section elementor-top-section elementor-element elementor-element-f70fcc4 elementor-section-full_width elementor-section-height-default elementor-section-height-default\" data-id=\"f70fcc4\" data-element_type=\"section\" data-e-type=\"section\">\n\t\t\t\t\t\t<div class=\"elementor-container elementor-column-gap-default\">\n\t\t\t\t\t<div class=\"elementor-column elementor-col-100 elementor-top-column elementor-element elementor-element-41abbb10\" data-id=\"41abbb10\" data-element_type=\"column\" data-e-type=\"column\">\n\t\t\t<div class=\"elementor-widget-wrap elementor-element-populated\">\n\t\t\t\t\t\t<div class=\"elementor-element elementor-element-8a84974 elementor-widget elementor-widget-shortcode\" data-id=\"8a84974\" data-element_type=\"widget\" data-e-type=\"widget\" data-widget_type=\"shortcode.default\">\n\t\t\t\t<div class=\"elementor-widget-container\">\n\t\t\t\t\t\t\t<div class=\"elementor-shortcode\">\n<table id=\"tablepress-28\" class=\"tablepress tablepress-id-28\">\n<thead>\n<tr class=\"row-1\">\n\t<th class=\"column-1\">Couleur<\/th><th class=\"column-2\">Couleur du corps<\/th><th class=\"column-3\">Couleur des points<\/th><th class=\"column-4\">Truffe<\/th><th class=\"column-5\">Coussinets<\/th><th class=\"column-6\">Contour des yeux<\/th>\n<\/tr>\n<\/thead>\n<tbody>\n<tr class=\"row-2\">\n\t<td class=\"column-1\"><strong>\u00c9caille Seal Tabby point<\/strong><br \/>\nA- B- cscs D- Oo<br \/>\n=motif tabby=<\/td><td class=\"column-2\">beige<\/td><td class=\"column-3\">seal et rouge<\/td><td class=\"column-4\">rouge-brique<br \/>\nDans les r\u00e9gions noires cercl\u00e9e de seal, dans les r\u00e9gions rouges cercl\u00e9e rose.<\/td><td class=\"column-5\">Dans les r\u00e9gions noires seal, dans les r\u00e9gions rouges rouge.<\/td><td class=\"column-6\">\tDans les r\u00e9gions noires seal, dans les r\u00e9gions rouges rose.<\/td>\n<\/tr>\n<tr class=\"row-3\">\n\t<td class=\"column-1\"><strong>\u00c9caille Bleu Tabby point<\/strong><br \/>\nA- B- cscs dd Oo<br \/>\n=motif tabby=<\/td><td class=\"column-2\">blanc de glace<\/td><td class=\"column-3\">gris-bleu et cr\u00e8me pastel<\/td><td class=\"column-4\">vieux rose<br \/>\nDans les r\u00e9gions bleues cercl\u00e9e de gris-bleu, dans les r\u00e9gions cr\u00e8mes cercl\u00e9e de rose.<\/td><td class=\"column-5\">Dans les r\u00e9gions bleues gris-bleu, dans les r\u00e9gions cr\u00e8mes rose.<\/td><td class=\"column-6\">Dans les r\u00e9gions bleues gris-bleu, dans les r\u00e9gions cr\u00e8mes rose.<\/td>\n<\/tr>\n<tr class=\"row-4\">\n\t<td class=\"column-1\"><strong>\u00c9caille Chocolat Tabby point<\/strong><br \/>\nA- bb\/bbl cscs D- Oo<br \/>\n=motif tabby=<\/td><td class=\"column-2\">beige clair<\/td><td class=\"column-3\">chocolat-au-lait et rouge dilu\u00e9<\/td><td class=\"column-4\">vieux rose<br \/>\nDans les r\u00e9gions brunes cercl\u00e9e de chocolat-au-lait, dans les r\u00e9gions rouges cercl\u00e9e de rose.<\/td><td class=\"column-5\">Dans les r\u00e9gions brunes chocolat-au-lait, ans les r\u00e9gions rouges rose.<\/td><td class=\"column-6\">Dans les r\u00e9gions brunes chocolat-au-lait, ans les r\u00e9gions rouges rose.<\/td>\n<\/tr>\n<tr class=\"row-5\">\n\t<td class=\"column-1\"><strong>\u00c9caille Lilas Tabby point<\/strong><br \/>\nA- bb\/bbl cscs dd Oo<br \/>\n=motif tabby=<\/td><td class=\"column-2\">blanc avec un tr\u00e8s l\u00e9ger reflet de couleur des points<\/td><td class=\"column-3\">gris glacial grey et cr\u00e8me clair<\/td><td class=\"column-4\">vieux rose<br \/>\nDans les r\u00e9gions lilas cercl\u00e9e de rose-lavande, dans les r\u00e9gions cr\u00e8mes cercl\u00e9e de rose.<\/td><td class=\"column-5\">Dans les r\u00e9gions lilas rose-lavande, dans les r\u00e9gions cr\u00e8mes rose.<\/td><td class=\"column-6\">Dans les r\u00e9gions lilas rose-lavande, dans les r\u00e9gions cr\u00e8mes rose.<\/td>\n<\/tr>\n<tr class=\"row-6\">\n\t<td class=\"column-1\"><strong>\u00c9caille Cannelle Tabby point<\/strong><br \/>\nA- blbl cscs D- Oo<br \/>\n=motif tabby=<\/td><td class=\"column-2\">ivoire clair<\/td><td class=\"column-3\">brun clair \u00e0 brun-cannelle et cr\u00e8me<\/td><td class=\"column-4\">vieux rose<br \/>\nDans les r\u00e9gions brunes cercl\u00e9e de cannelle, dans les r\u00e9gions cr\u00e8mes cercl\u00e9e de rose.<\/td><td class=\"column-5\">Dans les r\u00e9gions brunes cannelle, dans les r\u00e9gions cr\u00e8mes rose.<\/td><td class=\"column-6\">Dans les r\u00e9gions brunes cannelle, dans les r\u00e9gions cr\u00e8mes rose.<\/td>\n<\/tr>\n<tr class=\"row-7\">\n\t<td class=\"column-1\"><strong>\u00c9caille Faon Tabby point<\/strong><br \/>\nA- blbl cscs dd Oo<br \/>\n=motif tabby=<\/td><td class=\"column-2\">cr\u00e8me blanch\u00e2tre clair<\/td><td class=\"column-3\">beige et cr\u00e8me clair<\/td><td class=\"column-4\">rose p\u00e2le<br \/>\nDans les r\u00e9gions beiges cercl\u00e9e de rose clair, dans les r\u00e9gions cr\u00e8mes cercl\u00e9e de rose.<\/td><td class=\"column-5\">Dans les r\u00e9gions beiges rose clair, dans les r\u00e9gions cr\u00e8mes rose.<\/td><td class=\"column-6\">Dans les r\u00e9gions beiges rose clair, dans les r\u00e9gions cr\u00e8mes rose.<\/td>\n<\/tr>\n<\/tbody>\n<\/table>\n<!-- #tablepress-28 from cache --><\/div>\n\t\t\t\t\t\t<\/div>\n\t\t\t\t<\/div>\n\t\t\t\t\t<\/div>\n\t\t<\/div>\n\t\t\t\t\t<\/div>\n\t\t<\/section>\n\t\t\t\t<section class=\"elementor-section elementor-top-section elementor-element elementor-element-cddb1bb elementor-section-full_width elementor-section-height-default elementor-section-height-default\" data-id=\"cddb1bb\" data-element_type=\"section\" data-e-type=\"section\">\n\t\t\t\t\t\t<div class=\"elementor-container elementor-column-gap-default\">\n\t\t\t\t\t<div class=\"elementor-column elementor-col-33 elementor-top-column elementor-element elementor-element-2244df00\" data-id=\"2244df00\" data-element_type=\"column\" data-e-type=\"column\">\n\t\t\t<div class=\"elementor-widget-wrap elementor-element-populated\">\n\t\t\t\t\t\t<div class=\"elementor-element elementor-element-13d52225 elementor-widget elementor-widget-text-editor\" data-id=\"13d52225\" data-element_type=\"widget\" data-e-type=\"widget\" data-widget_type=\"text-editor.default\">\n\t\t\t\t<div class=\"elementor-widget-container\">\n\t\t\t\t\t\t\t\t\t<p>A- peut \u00eatre: AA ou Aa<\/p>\t\t\t\t\t\t\t\t<\/div>\n\t\t\t\t<\/div>\n\t\t\t\t\t<\/div>\n\t\t<\/div>\n\t\t\t\t<div class=\"elementor-column elementor-col-33 elementor-top-column elementor-element elementor-element-7f36cdd1\" data-id=\"7f36cdd1\" data-element_type=\"column\" data-e-type=\"column\">\n\t\t\t<div class=\"elementor-widget-wrap\">\n\t\t\t\t\t\t\t<\/div>\n\t\t<\/div>\n\t\t\t\t<div class=\"elementor-column elementor-col-33 elementor-top-column elementor-element elementor-element-89fe4ff\" data-id=\"89fe4ff\" data-element_type=\"column\" data-e-type=\"column\">\n\t\t\t<div class=\"elementor-widget-wrap elementor-element-populated\">\n\t\t\t\t\t\t<div class=\"elementor-element elementor-element-39e65a2a elementor-widget elementor-widget-text-editor\" data-id=\"39e65a2a\" data-element_type=\"widget\" data-e-type=\"widget\" data-widget_type=\"text-editor.default\">\n\t\t\t\t<div class=\"elementor-widget-container\">\n\t\t\t\t\t\t\t\t\t<p>B- peut \u00eatre: BB ou Bb ou Bbl<\/p>\t\t\t\t\t\t\t\t<\/div>\n\t\t\t\t<\/div>\n\t\t\t\t\t<\/div>\n\t\t<\/div>\n\t\t\t\t\t<\/div>\n\t\t<\/section>\n\t\t\t\t<section class=\"elementor-section elementor-top-section elementor-element elementor-element-193f1f12 elementor-section-full_width elementor-section-height-default elementor-section-height-default\" data-id=\"193f1f12\" data-element_type=\"section\" data-e-type=\"section\">\n\t\t\t\t\t\t<div class=\"elementor-container elementor-column-gap-default\">\n\t\t\t\t\t<div class=\"elementor-column elementor-col-33 elementor-top-column elementor-element elementor-element-1361dd7d\" data-id=\"1361dd7d\" data-element_type=\"column\" data-e-type=\"column\">\n\t\t\t<div class=\"elementor-widget-wrap elementor-element-populated\">\n\t\t\t\t\t\t<div class=\"elementor-element elementor-element-334d1bd5 elementor-widget elementor-widget-text-editor\" data-id=\"334d1bd5\" data-element_type=\"widget\" data-e-type=\"widget\" data-widget_type=\"text-editor.default\">\n\t\t\t\t<div class=\"elementor-widget-container\">\n\t\t\t\t\t\t\t\t\t<p>D- peut \u00eatre: DD ou Dd<\/p>\t\t\t\t\t\t\t\t<\/div>\n\t\t\t\t<\/div>\n\t\t\t\t\t<\/div>\n\t\t<\/div>\n\t\t\t\t<div class=\"elementor-column elementor-col-33 elementor-top-column elementor-element elementor-element-44dd7a6f\" data-id=\"44dd7a6f\" data-element_type=\"column\" data-e-type=\"column\">\n\t\t\t<div class=\"elementor-widget-wrap\">\n\t\t\t\t\t\t\t<\/div>\n\t\t<\/div>\n\t\t\t\t<div class=\"elementor-column elementor-col-33 elementor-top-column elementor-element elementor-element-3ad9164b\" data-id=\"3ad9164b\" data-element_type=\"column\" data-e-type=\"column\">\n\t\t\t<div class=\"elementor-widget-wrap elementor-element-populated\">\n\t\t\t\t\t\t<div class=\"elementor-element elementor-element-6d6f76f elementor-widget elementor-widget-text-editor\" data-id=\"6d6f76f\" data-element_type=\"widget\" data-e-type=\"widget\" data-widget_type=\"text-editor.default\">\n\t\t\t\t<div class=\"elementor-widget-container\">\n\t\t\t\t\t\t\t\t\t<p>Chez rouge point \/ cr\u00e8me point peut \u00eatre : B- ou bbl ou blbl, parce que le g\u00e8ne O colore toutes les couleurs au rouge.<\/p>\t\t\t\t\t\t\t\t<\/div>\n\t\t\t\t<\/div>\n\t\t\t\t\t<\/div>\n\t\t<\/div>\n\t\t\t\t\t<\/div>\n\t\t<\/section>\n\t\t\t\t<section class=\"elementor-section elementor-top-section elementor-element elementor-element-3cb61a7a elementor-section-full_width elementor-section-height-default elementor-section-height-default\" data-id=\"3cb61a7a\" data-element_type=\"section\" data-e-type=\"section\">\n\t\t\t\t\t\t<div class=\"elementor-container elementor-column-gap-default\">\n\t\t\t\t\t<div class=\"elementor-column elementor-col-50 elementor-top-column elementor-element elementor-element-7e3a0c52\" data-id=\"7e3a0c52\" data-element_type=\"column\" data-e-type=\"column\">\n\t\t\t<div class=\"elementor-widget-wrap elementor-element-populated\">\n\t\t\t\t\t\t<div class=\"elementor-element elementor-element-102d4e59 elementor-widget elementor-widget-text-editor\" data-id=\"102d4e59\" data-element_type=\"widget\" data-e-type=\"widget\" data-widget_type=\"text-editor.default\">\n\t\t\t\t<div class=\"elementor-widget-container\">\n\t\t\t\t\t\t\t\t\t<p>Chez toutes les couleurs:<br \/>E- ii ss wbwb ww<\/p>\t\t\t\t\t\t\t\t<\/div>\n\t\t\t\t<\/div>\n\t\t\t\t\t<\/div>\n\t\t<\/div>\n\t\t\t\t<div class=\"elementor-column elementor-col-50 elementor-top-column elementor-element elementor-element-70d4cd34\" data-id=\"70d4cd34\" data-element_type=\"column\" data-e-type=\"column\">\n\t\t\t<div class=\"elementor-widget-wrap elementor-element-populated\">\n\t\t\t\t\t\t<div class=\"elementor-element elementor-element-5e6e9c77 elementor-widget elementor-widget-text-editor\" data-id=\"5e6e9c77\" data-element_type=\"widget\" data-e-type=\"widget\" data-widget_type=\"text-editor.default\">\n\t\t\t\t<div class=\"elementor-widget-container\">\n\t\t\t\t\t\t\t\t\t<p>=motif tabby=:<br \/>tabby tiquet\u00e9 Ta- peut \u00eatre : TaTa ou Tata<br \/>tabby tigr\u00e9 Mc- spsp tata Mc- peut \u00eatre : McMc ou Mcmc<br \/>tabby blotched mcmc spsp tata<br \/>tabby mouchet\u00e9 Sp- tata Sp- peut \u00eatre : SpSp ou Spsp<\/p>\t\t\t\t\t\t\t\t<\/div>\n\t\t\t\t<\/div>\n\t\t\t\t\t<\/div>\n\t\t<\/div>\n\t\t\t\t\t<\/div>\n\t\t<\/section>\n\t\t\t\t<section class=\"elementor-section elementor-top-section elementor-element elementor-element-61236847 elementor-section-full_width elementor-section-height-default elementor-section-height-default\" data-id=\"61236847\" data-element_type=\"section\" data-e-type=\"section\">\n\t\t\t\t\t\t<div class=\"elementor-container elementor-column-gap-default\">\n\t\t\t\t\t<div class=\"elementor-column elementor-col-50 elementor-top-column elementor-element elementor-element-5da174fa\" data-id=\"5da174fa\" data-element_type=\"column\" data-e-type=\"column\">\n\t\t\t<div class=\"elementor-widget-wrap elementor-element-populated\">\n\t\t\t\t\t\t<div class=\"elementor-element elementor-element-230920a4 elementor-widget elementor-widget-text-editor\" data-id=\"230920a4\" data-element_type=\"widget\" data-e-type=\"widget\" data-widget_type=\"text-editor.default\">\n\t\t\t\t<div class=\"elementor-widget-container\">\n\t\t\t\t\t\t\t\t\t<p>Chez toutes les couleurs avec points siamois :<br \/>cscs<\/p>\t\t\t\t\t\t\t\t<\/div>\n\t\t\t\t<\/div>\n\t\t\t\t\t<\/div>\n\t\t<\/div>\n\t\t\t\t<div class=\"elementor-column elementor-col-50 elementor-top-column elementor-element elementor-element-2f379d94\" data-id=\"2f379d94\" data-element_type=\"column\" data-e-type=\"column\">\n\t\t\t<div class=\"elementor-widget-wrap elementor-element-populated\">\n\t\t\t\t\t\t<div class=\"elementor-element elementor-element-32942f0e elementor-widget elementor-widget-text-editor\" data-id=\"32942f0e\" data-element_type=\"widget\" data-e-type=\"widget\" data-widget_type=\"text-editor.default\">\n\t\t\t\t<div class=\"elementor-widget-container\">\n\t\t\t\t\t\t\t\t\t<p>Chez toutes les couleurs avec points de Burmese :<br \/>cbcb<br \/>La description de couleurs est diff\u00e9rente.<\/p>\t\t\t\t\t\t\t\t<\/div>\n\t\t\t\t<\/div>\n\t\t\t\t\t<\/div>\n\t\t<\/div>\n\t\t\t\t\t<\/div>\n\t\t<\/section>\n\t\t\t\t<section class=\"elementor-section elementor-top-section elementor-element elementor-element-41d76e16 elementor-section-full_width elementor-section-height-default elementor-section-height-default\" data-id=\"41d76e16\" data-element_type=\"section\" data-e-type=\"section\">\n\t\t\t\t\t\t<div class=\"elementor-container elementor-column-gap-default\">\n\t\t\t\t\t<div class=\"elementor-column elementor-col-50 elementor-top-column elementor-element elementor-element-3d3f3d9\" data-id=\"3d3f3d9\" data-element_type=\"column\" data-e-type=\"column\">\n\t\t\t<div class=\"elementor-widget-wrap elementor-element-populated\">\n\t\t\t\t\t\t<div class=\"elementor-element elementor-element-c6c9790 elementor-widget elementor-widget-text-editor\" data-id=\"c6c9790\" data-element_type=\"widget\" data-e-type=\"widget\" data-widget_type=\"text-editor.default\">\n\t\t\t\t<div class=\"elementor-widget-container\">\n\t\t\t\t\t\t\t\t\t<p>Chez toutes les couleurs avec points de Tonkinois :<br \/>cscb<br \/>La description de couleurs est diff\u00e9rente.<\/p>\t\t\t\t\t\t\t\t<\/div>\n\t\t\t\t<\/div>\n\t\t\t\t\t<\/div>\n\t\t<\/div>\n\t\t\t\t<div class=\"elementor-column elementor-col-50 elementor-top-column elementor-element elementor-element-a64e29a\" data-id=\"a64e29a\" data-element_type=\"column\" data-e-type=\"column\">\n\t\t\t<div class=\"elementor-widget-wrap\">\n\t\t\t\t\t\t\t<\/div>\n\t\t<\/div>\n\t\t\t\t\t<\/div>\n\t\t<\/section>\n\t\t\t\t<section class=\"elementor-section elementor-top-section elementor-element elementor-element-50f8d649 elementor-section-full_width elementor-section-height-default elementor-section-height-default\" data-id=\"50f8d649\" data-element_type=\"section\" data-e-type=\"section\">\n\t\t\t\t\t\t<div class=\"elementor-container elementor-column-gap-default\">\n\t\t\t\t\t<div class=\"elementor-column elementor-col-33 elementor-top-column elementor-element elementor-element-72ae26e3\" data-id=\"72ae26e3\" data-element_type=\"column\" data-e-type=\"column\">\n\t\t\t<div class=\"elementor-widget-wrap\">\n\t\t\t\t\t\t\t<\/div>\n\t\t<\/div>\n\t\t\t\t<div class=\"elementor-column elementor-col-66 elementor-top-column elementor-element elementor-element-45565a9c\" data-id=\"45565a9c\" data-element_type=\"column\" data-e-type=\"column\">\n\t\t\t<div class=\"elementor-widget-wrap\">\n\t\t\t\t\t\t\t<\/div>\n\t\t<\/div>\n\t\t\t\t\t<\/div>\n\t\t<\/section>\n\t\t\t\t<section class=\"elementor-section elementor-top-section elementor-element elementor-element-26391306 elementor-section-full_width elementor-section-height-default elementor-section-height-default\" data-id=\"26391306\" data-element_type=\"section\" data-e-type=\"section\">\n\t\t\t\t\t\t<div class=\"elementor-container elementor-column-gap-default\">\n\t\t\t\t\t<div class=\"elementor-column elementor-col-33 elementor-top-column elementor-element elementor-element-23806594\" data-id=\"23806594\" data-element_type=\"column\" data-e-type=\"column\">\n\t\t\t<div class=\"elementor-widget-wrap elementor-element-populated\">\n\t\t\t\t\t\t<div class=\"elementor-element elementor-element-41207f3 elementor-widget elementor-widget-text-editor\" data-id=\"41207f3\" data-element_type=\"widget\" data-e-type=\"widget\" data-widget_type=\"text-editor.default\">\n\t\t\t\t<div class=\"elementor-widget-container\">\n\t\t\t\t\t\t\t\t\t<p><a href=\"https:\/\/wcf.de\/fr\/colours-fr\/\">retour aux couleurs<\/a><\/p>\t\t\t\t\t\t\t\t<\/div>\n\t\t\t\t<\/div>\n\t\t\t\t\t<\/div>\n\t\t<\/div>\n\t\t\t\t<div class=\"elementor-column elementor-col-66 elementor-top-column elementor-element elementor-element-799a868b\" data-id=\"799a868b\" data-element_type=\"column\" data-e-type=\"column\">\n\t\t\t<div class=\"elementor-widget-wrap\">\n\t\t\t\t\t\t\t<\/div>\n\t\t<\/div>\n\t\t\t\t\t<\/div>\n\t\t<\/section>\n\t\t\t\t<section class=\"elementor-section elementor-top-section elementor-element elementor-element-2791206a elementor-section-full_width animated-slow elementor-section-height-default elementor-section-height-default\" data-id=\"2791206a\" data-element_type=\"section\" data-e-type=\"section\" data-settings=\"{&quot;animation&quot;:&quot;none&quot;}\">\n\t\t\t\t\t\t\t<div class=\"elementor-background-overlay\"><\/div>\n\t\t\t\t\t\t\t<div class=\"elementor-container elementor-column-gap-no\">\n\t\t\t\t\t<div class=\"elementor-column elementor-col-100 elementor-top-column elementor-element elementor-element-55c28654\" data-id=\"55c28654\" data-element_type=\"column\" data-e-type=\"column\">\n\t\t\t<div class=\"elementor-widget-wrap\">\n\t\t\t\t\t\t\t<\/div>\n\t\t<\/div>\n\t\t\t\t\t<\/div>\n\t\t<\/section>\n\t\t\t\t<\/div>\n\t\t","protected":false},"excerpt":{"rendered":"<p>TABBY POINT POINTS = POINTS SIAMOIS \u00c9CAILLE TABBY POINT A- peut \u00eatre: AA ou Aa B- peut \u00eatre: BB ou Bb ou Bbl D- peut \u00eatre: DD ou Dd Chez rouge point \/ cr\u00e8me point peut \u00eatre : B- ou bbl ou blbl, parce que le g\u00e8ne O colore toutes les couleurs au rouge. Chez [&hellip;]<\/p>\n","protected":false},"author":1,"featured_media":0,"parent":0,"menu_order":0,"comment_status":"closed","ping_status":"closed","template":"","meta":{"_monsterinsights_skip_tracking":false,"_monsterinsights_sitenote_active":false,"_monsterinsights_sitenote_note":"","_monsterinsights_sitenote_category":0,"footnotes":""},"class_list":["post-9538","page","type-page","status-publish","hentry"],"aioseo_notices":[],"_links":{"self":[{"href":"https:\/\/wcf.de\/fr\/wp-json\/wp\/v2\/pages\/9538","targetHints":{"allow":["GET"]}}],"collection":[{"href":"https:\/\/wcf.de\/fr\/wp-json\/wp\/v2\/pages"}],"about":[{"href":"https:\/\/wcf.de\/fr\/wp-json\/wp\/v2\/types\/page"}],"author":[{"embeddable":true,"href":"https:\/\/wcf.de\/fr\/wp-json\/wp\/v2\/users\/1"}],"replies":[{"embeddable":true,"href":"https:\/\/wcf.de\/fr\/wp-json\/wp\/v2\/comments?post=9538"}],"version-history":[{"count":15,"href":"https:\/\/wcf.de\/fr\/wp-json\/wp\/v2\/pages\/9538\/revisions"}],"predecessor-version":[{"id":10929,"href":"https:\/\/wcf.de\/fr\/wp-json\/wp\/v2\/pages\/9538\/revisions\/10929"}],"wp:attachment":[{"href":"https:\/\/wcf.de\/fr\/wp-json\/wp\/v2\/media?parent=9538"}],"curies":[{"name":"wp","href":"https:\/\/api.w.org\/{rel}","templated":true}]}}