{"id":9648,"date":"2021-09-26T08:57:22","date_gmt":"2021-09-26T08:57:22","guid":{"rendered":"https:\/\/de7.wcf-test.de\/fr\/?page_id=9648"},"modified":"2021-12-24T15:53:31","modified_gmt":"2021-12-24T15:53:31","slug":"tabby-tiquete","status":"publish","type":"page","link":"https:\/\/wcf.de\/fr\/tabby-tiquete\/","title":{"rendered":"Tabby tiquete"},"content":{"rendered":"\t\t<div data-elementor-type=\"wp-page\" data-elementor-id=\"9648\" class=\"elementor elementor-9648\" data-elementor-post-type=\"page\">\n\t\t\t\t\t\t<section class=\"elementor-section elementor-top-section elementor-element elementor-element-11aec45 elementor-section-full_width elementor-section-height-default elementor-section-height-default\" data-id=\"11aec45\" data-element_type=\"section\" data-e-type=\"section\">\n\t\t\t\t\t\t<div class=\"elementor-container elementor-column-gap-default\">\n\t\t\t\t\t<div class=\"elementor-column elementor-col-100 elementor-top-column elementor-element elementor-element-66eb972a\" data-id=\"66eb972a\" data-element_type=\"column\" data-e-type=\"column\">\n\t\t\t<div class=\"elementor-widget-wrap elementor-element-populated\">\n\t\t\t\t\t\t<div class=\"elementor-element elementor-element-15b91a9c elementor-widget elementor-widget-heading\" data-id=\"15b91a9c\" data-element_type=\"widget\" data-e-type=\"widget\" data-widget_type=\"heading.default\">\n\t\t\t\t<div class=\"elementor-widget-container\">\n\t\t\t\t\t<h5 class=\"elementor-heading-title elementor-size-large\">TABBY TIQUET\u00c9 - (LES COULEURS D'ABYSSIN)<\/h5>\t\t\t\t<\/div>\n\t\t\t\t<\/div>\n\t\t\t\t\t<\/div>\n\t\t<\/div>\n\t\t\t\t\t<\/div>\n\t\t<\/section>\n\t\t\t\t<section class=\"elementor-section elementor-top-section elementor-element elementor-element-727727bf elementor-section-full_width elementor-section-height-default elementor-section-height-default\" data-id=\"727727bf\" data-element_type=\"section\" data-e-type=\"section\">\n\t\t\t\t\t\t<div class=\"elementor-container elementor-column-gap-default\">\n\t\t\t\t\t<div class=\"elementor-column elementor-col-100 elementor-top-column elementor-element elementor-element-10bf96f0\" data-id=\"10bf96f0\" data-element_type=\"column\" data-e-type=\"column\">\n\t\t\t<div class=\"elementor-widget-wrap elementor-element-populated\">\n\t\t\t\t\t\t<div class=\"elementor-element elementor-element-7ca0fed2 elementor-widget elementor-widget-shortcode\" data-id=\"7ca0fed2\" data-element_type=\"widget\" data-e-type=\"widget\" data-widget_type=\"shortcode.default\">\n\t\t\t\t<div class=\"elementor-widget-container\">\n\t\t\t\t\t\t\t<div class=\"elementor-shortcode\">\n<table id=\"tablepress-35\" class=\"tablepress tablepress-id-35\">\n<thead>\n<tr class=\"row-1\">\n\t<th class=\"column-1\">Couleur<\/th><th class=\"column-2\">Couleur de robe<\/th><th class=\"column-3\">Ticking<\/th><th class=\"column-4\">Truffe<\/th><th class=\"column-5\">Coussinets<\/th><th class=\"column-6\">Contour des yeux<\/th><th class=\"column-7\">Remarques<\/th>\n<\/tr>\n<\/thead>\n<tbody>\n<tr class=\"row-2\">\n\t<td class=\"column-1\"><strong>lievre,<br \/>\ntiquet\u00e9 noir<\/strong><br \/>\nA- B- C- D- ii Ta-<\/td><td class=\"column-2\">La couleur de base est abricot fonc\u00e9e \u00e0 orange fonc\u00e9e.<\/td><td class=\"column-3\">noir<\/td><td class=\"column-4\">rouge-brique cercl\u00e9e de noir<\/td><td class=\"column-5\">noir<\/td><td class=\"column-6\">noir<\/td><td class=\"column-7\"><\/td>\n<\/tr>\n<tr class=\"row-3\">\n\t<td class=\"column-1\"><strong>tiquet\u00e9 bleu<\/strong><br \/>\nA- B- C- dd ii Ta-<\/td><td class=\"column-2\">La couleur de base est l\u00e9g\u00e8rement beige \u00e0 br\u00e8me clair.<\/td><td class=\"column-3\">bleu acier<\/td><td class=\"column-4\">rouge-brique cercl\u00e9e de bleu<\/td><td class=\"column-5\">gris-bleu<\/td><td class=\"column-6\">gris-bleu<\/td><td class=\"column-7\">En cas d'une couleur de base claire le contraste \u00e0 la couleur de ticking est fort,<br \/>\nqui ne devrait pas \u00eatre regroup\u00e9 comme silver tiquet\u00e9.<\/td>\n<\/tr>\n<tr class=\"row-4\">\n\t<td class=\"column-1\"><strong>tiquet\u00e9 chocolat<\/strong><br \/>\nA- bb\/bbl C- D- ii Ta-<\/td><td class=\"column-2\">La couleur de base est abricot intense.<\/td><td class=\"column-3\">chocolat<\/td><td class=\"column-4\">vieux rose cercl\u00e9e de chocolat<\/td><td class=\"column-5\">chocolat<\/td><td class=\"column-6\">chocolat<\/td><td class=\"column-7\"><\/td>\n<\/tr>\n<tr class=\"row-5\">\n\t<td class=\"column-1\"><strong>sorrel, <br \/>\ntiquet\u00e9 cannelle<\/strong><br \/>\nA- blbl C- D- ii Ta-<\/td><td class=\"column-2\">La couleur de base est abricot fonc\u00e9.<\/td><td class=\"column-3\">brun intense rouill\u00e9<\/td><td class=\"column-4\">rose fonc\u00e9 cercl\u00e9e de brun rouge\u00e2tre<\/td><td class=\"column-5\">rose fonc\u00e9<\/td><td class=\"column-6\">brun rouge\u00e2tre<\/td><td class=\"column-7\"><\/td>\n<\/tr>\n<tr class=\"row-6\">\n\t<td class=\"column-1\"><strong>tiquet\u00e9 faon<\/strong><br \/>\nA- blbl C- dd ii Ta-<\/td><td class=\"column-2\">La couleur de base est beige terne.<\/td><td class=\"column-3\">cr\u00e8me fonc\u00e9, chaud<\/td><td class=\"column-4\">rose cercl\u00e9e de vieux rose<\/td><td class=\"column-5\">vieux rose<\/td><td class=\"column-6\">vieux rose<\/td><td class=\"column-7\"><\/td>\n<\/tr>\n<\/tbody>\n<\/table>\n<!-- #tablepress-35 from cache --><\/div>\n\t\t\t\t\t\t<\/div>\n\t\t\t\t<\/div>\n\t\t\t\t\t<\/div>\n\t\t<\/div>\n\t\t\t\t\t<\/div>\n\t\t<\/section>\n\t\t\t\t<section class=\"elementor-section elementor-top-section elementor-element elementor-element-2982ce30 elementor-section-full_width elementor-section-height-default elementor-section-height-default\" data-id=\"2982ce30\" data-element_type=\"section\" data-e-type=\"section\">\n\t\t\t\t\t\t<div class=\"elementor-container elementor-column-gap-default\">\n\t\t\t\t\t<div class=\"elementor-column elementor-col-100 elementor-top-column elementor-element elementor-element-45bf064c\" data-id=\"45bf064c\" data-element_type=\"column\" data-e-type=\"column\">\n\t\t\t<div class=\"elementor-widget-wrap elementor-element-populated\">\n\t\t\t\t\t\t<div class=\"elementor-element elementor-element-12f9d0d7 elementor-widget elementor-widget-heading\" data-id=\"12f9d0d7\" data-element_type=\"widget\" data-e-type=\"widget\" data-widget_type=\"heading.default\">\n\t\t\t\t<div class=\"elementor-widget-container\">\n\t\t\t\t\t<h5 class=\"elementor-heading-title elementor-size-large\">SILVER TABBY TIQUET\u00c9<\/h5>\t\t\t\t<\/div>\n\t\t\t\t<\/div>\n\t\t\t\t\t<\/div>\n\t\t<\/div>\n\t\t\t\t\t<\/div>\n\t\t<\/section>\n\t\t\t\t<section class=\"elementor-section elementor-top-section elementor-element elementor-element-1a4e289c elementor-section-full_width elementor-section-height-default elementor-section-height-default\" data-id=\"1a4e289c\" data-element_type=\"section\" data-e-type=\"section\">\n\t\t\t\t\t\t<div class=\"elementor-container elementor-column-gap-default\">\n\t\t\t\t\t<div class=\"elementor-column elementor-col-100 elementor-top-column elementor-element elementor-element-f0ebad5\" data-id=\"f0ebad5\" data-element_type=\"column\" data-e-type=\"column\">\n\t\t\t<div class=\"elementor-widget-wrap elementor-element-populated\">\n\t\t\t\t\t\t<div class=\"elementor-element elementor-element-7206d910 elementor-widget elementor-widget-shortcode\" data-id=\"7206d910\" data-element_type=\"widget\" data-e-type=\"widget\" data-widget_type=\"shortcode.default\">\n\t\t\t\t<div class=\"elementor-widget-container\">\n\t\t\t\t\t\t\t<div class=\"elementor-shortcode\">\n<table id=\"tablepress-68\" class=\"tablepress tablepress-id-68\">\n<thead>\n<tr class=\"row-1\">\n\t<th class=\"column-1\">Couleur<\/th><th class=\"column-2\">Couleur de robe<\/th><th class=\"column-3\">Ticking<\/th><th class=\"column-4\">Truffe<\/th><th class=\"column-5\">Coussinets<\/th><th class=\"column-6\">Contour des yeux<\/th>\n<\/tr>\n<\/thead>\n<tbody>\n<tr class=\"row-2\">\n\t<td class=\"column-1\"><strong>tiquet\u00e9 noir silver<\/strong><br \/>\nA- B- C- D- I- Ta-<\/td><td class=\"column-2\">La couleur de base est blanche argent\u00e9e pure.<\/td><td class=\"column-3\">noir<\/td><td class=\"column-4\">rouge-brique cercl\u00e9e de noir<\/td><td class=\"column-5\">noir ou seal<\/td><td class=\"column-6\">noir<\/td>\n<\/tr>\n<tr class=\"row-3\">\n\t<td class=\"column-1\"><strong>tiquet\u00e9 bleu silver<\/strong><br \/>\nA- B- C- dd I- Ta-<\/td><td class=\"column-2\">La couleur de base est blanche argent\u00e9e pure.<\/td><td class=\"column-3\">bleu acier<\/td><td class=\"column-4\">rouge-brique cercl\u00e9e de bleu<\/td><td class=\"column-5\">gris-bleu<\/td><td class=\"column-6\">gris-bleu<\/td>\n<\/tr>\n<tr class=\"row-4\">\n\t<td class=\"column-1\"><strong>tiquet\u00e9 chocolat silver<\/strong><br \/>\nA- bb\/bbl C- D- I- Ta-<\/td><td class=\"column-2\">La couleur de base est blanche argent\u00e9e pure.<\/td><td class=\"column-3\">chocolat<\/td><td class=\"column-4\">vieux rose cercl\u00e9e de chocolat<\/td><td class=\"column-5\">chocolat<\/td><td class=\"column-6\">chocolat<\/td>\n<\/tr>\n<tr class=\"row-5\">\n\t<td class=\"column-1\"><strong>tiquet\u00e9 sorrel silver (cannelle silver)<\/strong><br \/>\nA- blbl C- D- I- Ta-<\/td><td class=\"column-2\">La couleur de base est blanche argent\u00e9e pure.<\/td><td class=\"column-3\">brun rouge\u00e2tre<\/td><td class=\"column-4\">rouge-brique cercl\u00e9e de brun rouge\u00e2tre<\/td><td class=\"column-5\">cannelle \u00e0 chocolat<\/td><td class=\"column-6\">chocolat<\/td>\n<\/tr>\n<tr class=\"row-6\">\n\t<td class=\"column-1\"><strong>tiquet\u00e9 faon silver<\/strong><br \/>\nA- blbl C- dd I- Ta-<\/td><td class=\"column-2\">La couleur de base est blanche argent\u00e9e pure.<\/td><td class=\"column-3\">cr\u00e8me chaud<\/td><td class=\"column-4\">rose cercl\u00e9e de vieux rose<\/td><td class=\"column-5\">vieux rose<\/td><td class=\"column-6\">vieux rose<\/td>\n<\/tr>\n<\/tbody>\n<\/table>\n<!-- #tablepress-68 from cache --><\/div>\n\t\t\t\t\t\t<\/div>\n\t\t\t\t<\/div>\n\t\t\t\t\t<\/div>\n\t\t<\/div>\n\t\t\t\t\t<\/div>\n\t\t<\/section>\n\t\t\t\t<section class=\"elementor-section elementor-top-section elementor-element elementor-element-3fdb1030 elementor-section-full_width elementor-section-height-default elementor-section-height-default\" data-id=\"3fdb1030\" data-element_type=\"section\" data-e-type=\"section\">\n\t\t\t\t\t\t<div class=\"elementor-container elementor-column-gap-default\">\n\t\t\t\t\t<div class=\"elementor-column elementor-col-100 elementor-top-column elementor-element elementor-element-7764d59b\" data-id=\"7764d59b\" data-element_type=\"column\" data-e-type=\"column\">\n\t\t\t<div class=\"elementor-widget-wrap elementor-element-populated\">\n\t\t\t\t\t\t<div class=\"elementor-element elementor-element-7fd137d8 elementor-widget elementor-widget-text-editor\" data-id=\"7fd137d8\" data-element_type=\"widget\" data-e-type=\"widget\" data-widget_type=\"text-editor.default\">\n\t\t\t\t<div class=\"elementor-widget-container\">\n\t\t\t\t\t\t\t\t\t<p>Seulement les couleurs sont d\u00e9crites ici, qui sont reconnues chez l&#8217;Abyssin.<\/p>\t\t\t\t\t\t\t\t<\/div>\n\t\t\t\t<\/div>\n\t\t\t\t\t<\/div>\n\t\t<\/div>\n\t\t\t\t\t<\/div>\n\t\t<\/section>\n\t\t\t\t<section class=\"elementor-section elementor-top-section elementor-element elementor-element-7ac7496e elementor-section-full_width elementor-section-height-default elementor-section-height-default\" data-id=\"7ac7496e\" data-element_type=\"section\" data-e-type=\"section\">\n\t\t\t\t\t\t<div class=\"elementor-container elementor-column-gap-default\">\n\t\t\t\t\t<div class=\"elementor-column elementor-col-33 elementor-top-column elementor-element elementor-element-7854dc03\" data-id=\"7854dc03\" data-element_type=\"column\" data-e-type=\"column\">\n\t\t\t<div class=\"elementor-widget-wrap elementor-element-populated\">\n\t\t\t\t\t\t<div class=\"elementor-element elementor-element-72ba546b elementor-widget elementor-widget-text-editor\" data-id=\"72ba546b\" data-element_type=\"widget\" data-e-type=\"widget\" data-widget_type=\"text-editor.default\">\n\t\t\t\t<div class=\"elementor-widget-container\">\n\t\t\t\t\t\t\t\t\t<p>A- peut \u00eatre: AA ou Aa<\/p>\t\t\t\t\t\t\t\t<\/div>\n\t\t\t\t<\/div>\n\t\t\t\t\t<\/div>\n\t\t<\/div>\n\t\t\t\t<div class=\"elementor-column elementor-col-33 elementor-top-column elementor-element elementor-element-18647d9a\" data-id=\"18647d9a\" data-element_type=\"column\" data-e-type=\"column\">\n\t\t\t<div class=\"elementor-widget-wrap\">\n\t\t\t\t\t\t\t<\/div>\n\t\t<\/div>\n\t\t\t\t<div class=\"elementor-column elementor-col-33 elementor-top-column elementor-element elementor-element-110d7e51\" data-id=\"110d7e51\" data-element_type=\"column\" data-e-type=\"column\">\n\t\t\t<div class=\"elementor-widget-wrap elementor-element-populated\">\n\t\t\t\t\t\t<div class=\"elementor-element elementor-element-29bc2ce0 elementor-widget elementor-widget-text-editor\" data-id=\"29bc2ce0\" data-element_type=\"widget\" data-e-type=\"widget\" data-widget_type=\"text-editor.default\">\n\t\t\t\t<div class=\"elementor-widget-container\">\n\t\t\t\t\t\t\t\t\t<p>B- peut \u00eatre: BB ou Bb ou Bbl<\/p>\t\t\t\t\t\t\t\t<\/div>\n\t\t\t\t<\/div>\n\t\t\t\t\t<\/div>\n\t\t<\/div>\n\t\t\t\t\t<\/div>\n\t\t<\/section>\n\t\t\t\t<section class=\"elementor-section elementor-top-section elementor-element elementor-element-3ed3807b elementor-section-full_width elementor-section-height-default elementor-section-height-default\" data-id=\"3ed3807b\" data-element_type=\"section\" data-e-type=\"section\">\n\t\t\t\t\t\t<div class=\"elementor-container elementor-column-gap-default\">\n\t\t\t\t\t<div class=\"elementor-column elementor-col-33 elementor-top-column elementor-element elementor-element-3a096c6d\" data-id=\"3a096c6d\" data-element_type=\"column\" data-e-type=\"column\">\n\t\t\t<div class=\"elementor-widget-wrap elementor-element-populated\">\n\t\t\t\t\t\t<div class=\"elementor-element elementor-element-13702446 elementor-widget elementor-widget-text-editor\" data-id=\"13702446\" data-element_type=\"widget\" data-e-type=\"widget\" data-widget_type=\"text-editor.default\">\n\t\t\t\t<div class=\"elementor-widget-container\">\n\t\t\t\t\t\t\t\t\t<p>C- peut \u00eatre: CC ou Ccs ou Ccb<\/p>\t\t\t\t\t\t\t\t<\/div>\n\t\t\t\t<\/div>\n\t\t\t\t\t<\/div>\n\t\t<\/div>\n\t\t\t\t<div class=\"elementor-column elementor-col-33 elementor-top-column elementor-element elementor-element-18163b0d\" data-id=\"18163b0d\" data-element_type=\"column\" data-e-type=\"column\">\n\t\t\t<div class=\"elementor-widget-wrap\">\n\t\t\t\t\t\t\t<\/div>\n\t\t<\/div>\n\t\t\t\t<div class=\"elementor-column elementor-col-33 elementor-top-column elementor-element elementor-element-6c6de071\" data-id=\"6c6de071\" data-element_type=\"column\" data-e-type=\"column\">\n\t\t\t<div class=\"elementor-widget-wrap elementor-element-populated\">\n\t\t\t\t\t\t<div class=\"elementor-element elementor-element-1e349a90 elementor-widget elementor-widget-text-editor\" data-id=\"1e349a90\" data-element_type=\"widget\" data-e-type=\"widget\" data-widget_type=\"text-editor.default\">\n\t\t\t\t<div class=\"elementor-widget-container\">\n\t\t\t\t\t\t\t\t\t<p>D- peut \u00eatre: DD ou Dd<\/p>\t\t\t\t\t\t\t\t<\/div>\n\t\t\t\t<\/div>\n\t\t\t\t\t<\/div>\n\t\t<\/div>\n\t\t\t\t\t<\/div>\n\t\t<\/section>\n\t\t\t\t<section class=\"elementor-section elementor-top-section elementor-element elementor-element-6f78eb40 elementor-section-full_width elementor-section-height-default elementor-section-height-default\" data-id=\"6f78eb40\" data-element_type=\"section\" data-e-type=\"section\">\n\t\t\t\t\t\t<div class=\"elementor-container elementor-column-gap-default\">\n\t\t\t\t\t<div class=\"elementor-column elementor-col-50 elementor-top-column elementor-element elementor-element-2895365c\" data-id=\"2895365c\" data-element_type=\"column\" data-e-type=\"column\">\n\t\t\t<div class=\"elementor-widget-wrap elementor-element-populated\">\n\t\t\t\t\t\t<div class=\"elementor-element elementor-element-50fe732f elementor-widget elementor-widget-text-editor\" data-id=\"50fe732f\" data-element_type=\"widget\" data-e-type=\"widget\" data-widget_type=\"text-editor.default\">\n\t\t\t\t<div class=\"elementor-widget-container\">\n\t\t\t\t\t\t\t\t\t<p>I- peut \u00eatre: II ou Ii<\/p>\t\t\t\t\t\t\t\t<\/div>\n\t\t\t\t<\/div>\n\t\t\t\t\t<\/div>\n\t\t<\/div>\n\t\t\t\t<div class=\"elementor-column elementor-col-50 elementor-top-column elementor-element elementor-element-2f339ff8\" data-id=\"2f339ff8\" data-element_type=\"column\" data-e-type=\"column\">\n\t\t\t<div class=\"elementor-widget-wrap elementor-element-populated\">\n\t\t\t\t\t\t<div class=\"elementor-element elementor-element-6004b321 elementor-widget elementor-widget-text-editor\" data-id=\"6004b321\" data-element_type=\"widget\" data-e-type=\"widget\" data-widget_type=\"text-editor.default\">\n\t\t\t\t<div class=\"elementor-widget-container\">\n\t\t\t\t\t\t\t\t\t<p>Ta- peut \u00eatre: TaTa ou Tata<\/p>\t\t\t\t\t\t\t\t<\/div>\n\t\t\t\t<\/div>\n\t\t\t\t\t<\/div>\n\t\t<\/div>\n\t\t\t\t\t<\/div>\n\t\t<\/section>\n\t\t\t\t<section class=\"elementor-section elementor-top-section elementor-element elementor-element-65849528 elementor-section-full_width elementor-section-height-default elementor-section-height-default\" data-id=\"65849528\" data-element_type=\"section\" data-e-type=\"section\">\n\t\t\t\t\t\t<div class=\"elementor-container elementor-column-gap-default\">\n\t\t\t\t\t<div class=\"elementor-column elementor-col-50 elementor-top-column elementor-element elementor-element-2ef8801d\" data-id=\"2ef8801d\" data-element_type=\"column\" data-e-type=\"column\">\n\t\t\t<div class=\"elementor-widget-wrap elementor-element-populated\">\n\t\t\t\t\t\t<div class=\"elementor-element elementor-element-4a9a2bdf elementor-widget elementor-widget-text-editor\" data-id=\"4a9a2bdf\" data-element_type=\"widget\" data-e-type=\"widget\" data-widget_type=\"text-editor.default\">\n\t\t\t\t<div class=\"elementor-widget-container\">\n\t\t\t\t\t\t\t\t\t<p>Chez toutes les couleurs:<br \/>E- oY\/oo ss =tout motif tabby= ww wbwb<\/p>\t\t\t\t\t\t\t\t<\/div>\n\t\t\t\t<\/div>\n\t\t\t\t\t<\/div>\n\t\t<\/div>\n\t\t\t\t<div class=\"elementor-column elementor-col-50 elementor-top-column elementor-element elementor-element-5c5e180a\" data-id=\"5c5e180a\" data-element_type=\"column\" data-e-type=\"column\">\n\t\t\t<div class=\"elementor-widget-wrap elementor-element-populated\">\n\t\t\t\t\t\t<div class=\"elementor-element elementor-element-563daec7 elementor-widget elementor-widget-text-editor\" data-id=\"563daec7\" data-element_type=\"widget\" data-e-type=\"widget\" data-widget_type=\"text-editor.default\">\n\t\t\t\t<div class=\"elementor-widget-container\">\n\t\t\t\t\t\t\t\t\t<p>Veuillez noter que le g\u00e8ne Ta et le g\u00e8ne responsable du motif tabby sont situ\u00e9s<br \/>\u00e0 diff\u00e9rents lieux.<\/p>\t\t\t\t\t\t\t\t<\/div>\n\t\t\t\t<\/div>\n\t\t\t\t\t<\/div>\n\t\t<\/div>\n\t\t\t\t\t<\/div>\n\t\t<\/section>\n\t\t\t\t<section class=\"elementor-section elementor-top-section elementor-element elementor-element-4180f080 elementor-section-full_width elementor-section-height-default elementor-section-height-default\" data-id=\"4180f080\" data-element_type=\"section\" data-e-type=\"section\">\n\t\t\t\t\t\t<div class=\"elementor-container elementor-column-gap-default\">\n\t\t\t\t\t<div class=\"elementor-column elementor-col-33 elementor-top-column elementor-element elementor-element-611de022\" data-id=\"611de022\" data-element_type=\"column\" data-e-type=\"column\">\n\t\t\t<div class=\"elementor-widget-wrap\">\n\t\t\t\t\t\t\t<\/div>\n\t\t<\/div>\n\t\t\t\t<div class=\"elementor-column elementor-col-66 elementor-top-column elementor-element elementor-element-4e3fba03\" data-id=\"4e3fba03\" data-element_type=\"column\" data-e-type=\"column\">\n\t\t\t<div class=\"elementor-widget-wrap\">\n\t\t\t\t\t\t\t<\/div>\n\t\t<\/div>\n\t\t\t\t\t<\/div>\n\t\t<\/section>\n\t\t\t\t<section class=\"elementor-section elementor-top-section elementor-element elementor-element-604b0c8b elementor-section-full_width elementor-section-height-default elementor-section-height-default\" data-id=\"604b0c8b\" data-element_type=\"section\" data-e-type=\"section\">\n\t\t\t\t\t\t<div class=\"elementor-container elementor-column-gap-default\">\n\t\t\t\t\t<div class=\"elementor-column elementor-col-33 elementor-top-column elementor-element elementor-element-5d38db8a\" data-id=\"5d38db8a\" data-element_type=\"column\" data-e-type=\"column\">\n\t\t\t<div class=\"elementor-widget-wrap elementor-element-populated\">\n\t\t\t\t\t\t<div class=\"elementor-element elementor-element-63c47f07 elementor-widget elementor-widget-text-editor\" data-id=\"63c47f07\" data-element_type=\"widget\" data-e-type=\"widget\" data-widget_type=\"text-editor.default\">\n\t\t\t\t<div class=\"elementor-widget-container\">\n\t\t\t\t\t\t\t\t\t<p><a href=\"https:\/\/wcf.de\/fr\/colours-fr\/\">retour aux couleurs<\/a><\/p>\t\t\t\t\t\t\t\t<\/div>\n\t\t\t\t<\/div>\n\t\t\t\t\t<\/div>\n\t\t<\/div>\n\t\t\t\t<div class=\"elementor-column elementor-col-66 elementor-top-column elementor-element elementor-element-1a9f182b\" data-id=\"1a9f182b\" data-element_type=\"column\" data-e-type=\"column\">\n\t\t\t<div class=\"elementor-widget-wrap\">\n\t\t\t\t\t\t\t<\/div>\n\t\t<\/div>\n\t\t\t\t\t<\/div>\n\t\t<\/section>\n\t\t\t\t<\/div>\n\t\t","protected":false},"excerpt":{"rendered":"<p>TABBY TIQUET\u00c9 &#8211; (LES COULEURS D&#8217;ABYSSIN) SILVER TABBY TIQUET\u00c9 Seulement les couleurs sont d\u00e9crites ici, qui sont reconnues chez l&#8217;Abyssin. A- peut \u00eatre: AA ou Aa B- peut \u00eatre: BB ou Bb ou Bbl C- peut \u00eatre: CC ou Ccs ou Ccb D- peut \u00eatre: DD ou Dd I- peut \u00eatre: II ou Ii Ta- [&hellip;]<\/p>\n","protected":false},"author":1,"featured_media":0,"parent":0,"menu_order":0,"comment_status":"closed","ping_status":"closed","template":"","meta":{"_monsterinsights_skip_tracking":false,"_monsterinsights_sitenote_active":false,"_monsterinsights_sitenote_note":"","_monsterinsights_sitenote_category":0,"footnotes":""},"class_list":["post-9648","page","type-page","status-publish","hentry"],"aioseo_notices":[],"_links":{"self":[{"href":"https:\/\/wcf.de\/fr\/wp-json\/wp\/v2\/pages\/9648","targetHints":{"allow":["GET"]}}],"collection":[{"href":"https:\/\/wcf.de\/fr\/wp-json\/wp\/v2\/pages"}],"about":[{"href":"https:\/\/wcf.de\/fr\/wp-json\/wp\/v2\/types\/page"}],"author":[{"embeddable":true,"href":"https:\/\/wcf.de\/fr\/wp-json\/wp\/v2\/users\/1"}],"replies":[{"embeddable":true,"href":"https:\/\/wcf.de\/fr\/wp-json\/wp\/v2\/comments?post=9648"}],"version-history":[{"count":9,"href":"https:\/\/wcf.de\/fr\/wp-json\/wp\/v2\/pages\/9648\/revisions"}],"predecessor-version":[{"id":10945,"href":"https:\/\/wcf.de\/fr\/wp-json\/wp\/v2\/pages\/9648\/revisions\/10945"}],"wp:attachment":[{"href":"https:\/\/wcf.de\/fr\/wp-json\/wp\/v2\/media?parent=9648"}],"curies":[{"name":"wp","href":"https:\/\/api.w.org\/{rel}","templated":true}]}}