{"id":9665,"date":"2021-09-26T09:39:23","date_gmt":"2021-09-26T09:39:23","guid":{"rendered":"https:\/\/de7.wcf-test.de\/fr\/?page_id=9665"},"modified":"2021-12-24T15:55:05","modified_gmt":"2021-12-24T15:55:05","slug":"modele-genetique","status":"publish","type":"page","link":"https:\/\/wcf.de\/fr\/modele-genetique\/","title":{"rendered":"Modele genetique"},"content":{"rendered":"\t\t<div data-elementor-type=\"wp-page\" data-elementor-id=\"9665\" class=\"elementor elementor-9665\" data-elementor-post-type=\"page\">\n\t\t\t\t\t\t<section class=\"elementor-section elementor-top-section elementor-element elementor-element-194bfee1 elementor-section-full_width elementor-section-height-default elementor-section-height-default\" data-id=\"194bfee1\" data-element_type=\"section\" data-e-type=\"section\">\n\t\t\t\t\t\t<div class=\"elementor-container elementor-column-gap-default\">\n\t\t\t\t\t<div class=\"elementor-column elementor-col-100 elementor-top-column elementor-element elementor-element-553715db\" data-id=\"553715db\" data-element_type=\"column\" data-e-type=\"column\">\n\t\t\t<div class=\"elementor-widget-wrap elementor-element-populated\">\n\t\t\t\t\t\t<div class=\"elementor-element elementor-element-695c36fd elementor-widget elementor-widget-heading\" data-id=\"695c36fd\" data-element_type=\"widget\" data-e-type=\"widget\" data-widget_type=\"heading.default\">\n\t\t\t\t<div class=\"elementor-widget-container\">\n\t\t\t\t\t<h5 class=\"elementor-heading-title elementor-size-large\">COULEURS: MOD\u00c8LE G\u00c9N\u00c9TIQUE<\/h5>\t\t\t\t<\/div>\n\t\t\t\t<\/div>\n\t\t\t\t\t<\/div>\n\t\t<\/div>\n\t\t\t\t\t<\/div>\n\t\t<\/section>\n\t\t\t\t<section class=\"elementor-section elementor-top-section elementor-element elementor-element-30d727ff elementor-section-full_width animated-slow elementor-section-height-default elementor-section-height-default\" data-id=\"30d727ff\" data-element_type=\"section\" data-e-type=\"section\" data-settings=\"{&quot;animation&quot;:&quot;none&quot;}\">\n\t\t\t\t\t\t\t<div class=\"elementor-background-overlay\"><\/div>\n\t\t\t\t\t\t\t<div class=\"elementor-container elementor-column-gap-no\">\n\t\t\t\t\t<div class=\"elementor-column elementor-col-100 elementor-top-column elementor-element elementor-element-7a997779\" data-id=\"7a997779\" data-element_type=\"column\" data-e-type=\"column\">\n\t\t\t<div class=\"elementor-widget-wrap\">\n\t\t\t\t\t\t\t<\/div>\n\t\t<\/div>\n\t\t\t\t\t<\/div>\n\t\t<\/section>\n\t\t\t\t<section class=\"elementor-section elementor-top-section elementor-element elementor-element-43de94 elementor-section-full_width elementor-section-height-default elementor-section-height-default\" data-id=\"43de94\" data-element_type=\"section\" data-e-type=\"section\">\n\t\t\t\t\t\t<div class=\"elementor-container elementor-column-gap-default\">\n\t\t\t\t\t<div class=\"elementor-column elementor-col-100 elementor-top-column elementor-element elementor-element-19ec6662\" data-id=\"19ec6662\" data-element_type=\"column\" data-e-type=\"column\">\n\t\t\t<div class=\"elementor-widget-wrap elementor-element-populated\">\n\t\t\t\t\t\t<div class=\"elementor-element elementor-element-2f4cd763 elementor-widget elementor-widget-shortcode\" data-id=\"2f4cd763\" data-element_type=\"widget\" data-e-type=\"widget\" data-widget_type=\"shortcode.default\">\n\t\t\t\t<div class=\"elementor-widget-container\">\n\t\t\t\t\t\t\t<div class=\"elementor-shortcode\">\n<table id=\"tablepress-69\" class=\"tablepress tablepress-id-69\">\n<thead>\n<tr class=\"row-1\">\n\t<th class=\"column-1\">Locus<\/th><th class=\"column-2\">Allele<\/th><th class=\"column-3\">Meaning<\/th>\n<\/tr>\n<\/thead>\n<tbody>\n<tr class=\"row-2\">\n\t<td class=\"column-1\"><strong>A<\/strong><\/td><td class=\"column-2\">A<br \/>\na<\/td><td class=\"column-3\">Agouti<br \/>\nnon-agouti<\/td>\n<\/tr>\n<tr class=\"row-3\">\n\t<td class=\"column-1\"><strong>B<\/strong><\/td><td class=\"column-2\">B<br \/>\nb<br \/>\nbl<\/td><td class=\"column-3\">Black<br \/>\nchocolate<br \/>\ncinnamon<\/td>\n<\/tr>\n<tr class=\"row-4\">\n\t<td class=\"column-1\"><strong>C<\/strong><\/td><td class=\"column-2\">C<br \/>\n<\/td><td class=\"column-3\">full colour<br \/>\n<\/td>\n<\/tr>\n<tr class=\"row-5\">\n\t<td class=\"column-1\"><\/td><td class=\"column-2\">cs<br \/>\ncb<br \/>\nca<\/td><td class=\"column-3\">Siamese points<br \/>\nBurmese points<br \/>\nAlbino with blue eyes<\/td>\n<\/tr>\n<tr class=\"row-6\">\n\t<td class=\"column-1\"><\/td><td class=\"column-2\">c<\/td><td class=\"column-3\">Albino<\/td>\n<\/tr>\n<tr class=\"row-7\">\n\t<td class=\"column-1\"><strong>D<\/strong><\/td><td class=\"column-2\">D<\/td><td class=\"column-3\">Dense colour (non-diluted)<\/td>\n<\/tr>\n<tr class=\"row-8\">\n\t<td class=\"column-1\"><\/td><td class=\"column-2\">d<\/td><td class=\"column-3\">diluted<\/td>\n<\/tr>\n<tr class=\"row-9\">\n\t<td class=\"column-1\"><strong>E<\/strong><\/td><td class=\"column-2\">E<br \/>\ne<\/td><td class=\"column-3\">non-amber<br \/>\namber<\/td>\n<\/tr>\n<tr class=\"row-10\">\n\t<td class=\"column-1\"><strong>I<\/strong><\/td><td class=\"column-2\">I<\/td><td class=\"column-3\">Inhibitor activ (silver)<\/td>\n<\/tr>\n<tr class=\"row-11\">\n\t<td class=\"column-1\"><\/td><td class=\"column-2\">i<\/td><td class=\"column-3\">not silber<\/td>\n<\/tr>\n<tr class=\"row-12\">\n\t<td class=\"column-1\"><strong>Mc<\/strong><\/td><td class=\"column-2\">Mc<br \/>\nmc<\/td><td class=\"column-3\">Mackerel<br \/>\nblotched<\/td>\n<\/tr>\n<tr class=\"row-13\">\n\t<td class=\"column-1\"><strong>O<\/strong><\/td><td class=\"column-2\">O<br \/>\no<br \/>\nY<\/td><td class=\"column-3\">Orange<br \/>\nnon-orange<br \/>\nchromosome Y<\/td>\n<\/tr>\n<tr class=\"row-14\">\n\t<td class=\"column-1\"><strong>S<\/strong><\/td><td class=\"column-2\">S<\/td><td class=\"column-3\">Piebald spotting<\/td>\n<\/tr>\n<tr class=\"row-15\">\n\t<td class=\"column-1\"><\/td><td class=\"column-2\">s<\/td><td class=\"column-3\">no white spotting<\/td>\n<\/tr>\n<tr class=\"row-16\">\n\t<td class=\"column-1\"><strong>Ta<\/strong><\/td><td class=\"column-2\">Ta<br \/>\nta<\/td><td class=\"column-3\">Ticked<br \/>\nnot ticked<\/td>\n<\/tr>\n<tr class=\"row-17\">\n\t<td class=\"column-1\"><strong>W<\/strong><\/td><td class=\"column-2\">W<br \/>\nw<br \/>\n<\/td><td class=\"column-3\">epistatic White<br \/>\nno epistatic white (not white)<\/td>\n<\/tr>\n<tr class=\"row-18\">\n\t<td class=\"column-1\"><strong>Wb<\/strong><\/td><td class=\"column-2\">Wb<\/td><td class=\"column-3\">Wide band (hairs are tipped)<\/td>\n<\/tr>\n<tr class=\"row-19\">\n\t<td class=\"column-1\"><\/td><td class=\"column-2\">wb<\/td><td class=\"column-3\">no tipping<\/td>\n<\/tr>\n<tr class=\"row-20\">\n\t<td class=\"column-1\"><\/td><td class=\"column-2\"><\/td><td class=\"column-3\"><\/td>\n<\/tr>\n<tr class=\"row-21\">\n\t<td class=\"column-1\"><\/td><td class=\"column-2\"><\/td><td class=\"column-3\"><\/td>\n<\/tr>\n<\/tbody>\n<\/table>\n<!-- #tablepress-69 from cache --><\/div>\n\t\t\t\t\t\t<\/div>\n\t\t\t\t<\/div>\n\t\t\t\t\t<\/div>\n\t\t<\/div>\n\t\t\t\t\t<\/div>\n\t\t<\/section>\n\t\t\t\t<section class=\"elementor-section elementor-top-section elementor-element elementor-element-45b38e95 elementor-section-full_width elementor-section-height-default elementor-section-height-default\" data-id=\"45b38e95\" data-element_type=\"section\" data-e-type=\"section\">\n\t\t\t\t\t\t<div class=\"elementor-container elementor-column-gap-default\">\n\t\t\t\t\t<div class=\"elementor-column elementor-col-100 elementor-top-column elementor-element elementor-element-35845320\" data-id=\"35845320\" data-element_type=\"column\" data-e-type=\"column\">\n\t\t\t<div class=\"elementor-widget-wrap elementor-element-populated\">\n\t\t\t\t\t\t<div class=\"elementor-element elementor-element-31a26917 elementor-widget elementor-widget-text-editor\" data-id=\"31a26917\" data-element_type=\"widget\" data-e-type=\"widget\" data-widget_type=\"text-editor.default\">\n\t\t\t\t<div class=\"elementor-widget-container\">\n\t\t\t\t\t\t\t\t\t<p>Capital letters indicate that the allele is dominant. The alleles are written in their order of dominance.<br \/>Please note:<\/p><ol><li>The genetic model using 3 different loci for the tabby pattern &#8211; Mc, Ta, Sp &#8211; is a model, which is likely to changes, if newer research results are available.<\/li><li>Sp is not in the table, because it is a model to express the spotted tabby colour.<\/li><li>It is a hypothesis that a white medallion, white gloves are the result of another gene (group) than gene S.<br \/>\u00a0<\/li><\/ol>\t\t\t\t\t\t\t\t<\/div>\n\t\t\t\t<\/div>\n\t\t\t\t\t<\/div>\n\t\t<\/div>\n\t\t\t\t\t<\/div>\n\t\t<\/section>\n\t\t\t\t<section class=\"elementor-section elementor-top-section elementor-element elementor-element-66e7120 elementor-section-full_width elementor-section-height-default elementor-section-height-default\" data-id=\"66e7120\" data-element_type=\"section\" data-e-type=\"section\">\n\t\t\t\t\t\t<div class=\"elementor-container elementor-column-gap-default\">\n\t\t\t\t\t<div class=\"elementor-column elementor-col-33 elementor-top-column elementor-element elementor-element-e2ebb4e\" data-id=\"e2ebb4e\" data-element_type=\"column\" data-e-type=\"column\">\n\t\t\t<div class=\"elementor-widget-wrap\">\n\t\t\t\t\t\t\t<\/div>\n\t\t<\/div>\n\t\t\t\t<div class=\"elementor-column elementor-col-66 elementor-top-column elementor-element elementor-element-47b635b4\" data-id=\"47b635b4\" data-element_type=\"column\" data-e-type=\"column\">\n\t\t\t<div class=\"elementor-widget-wrap\">\n\t\t\t\t\t\t\t<\/div>\n\t\t<\/div>\n\t\t\t\t\t<\/div>\n\t\t<\/section>\n\t\t\t\t<section class=\"elementor-section elementor-top-section elementor-element elementor-element-653e3e72 elementor-section-full_width elementor-section-height-default elementor-section-height-default\" data-id=\"653e3e72\" data-element_type=\"section\" data-e-type=\"section\">\n\t\t\t\t\t\t<div class=\"elementor-container elementor-column-gap-default\">\n\t\t\t\t\t<div class=\"elementor-column elementor-col-33 elementor-top-column elementor-element elementor-element-53d8d2e3\" data-id=\"53d8d2e3\" data-element_type=\"column\" data-e-type=\"column\">\n\t\t\t<div class=\"elementor-widget-wrap elementor-element-populated\">\n\t\t\t\t\t\t<div class=\"elementor-element elementor-element-3dbf79c elementor-widget elementor-widget-text-editor\" data-id=\"3dbf79c\" data-element_type=\"widget\" data-e-type=\"widget\" data-widget_type=\"text-editor.default\">\n\t\t\t\t<div class=\"elementor-widget-container\">\n\t\t\t\t\t\t\t\t\t<p><a href=\"https:\/\/wcf.de\/fr\/colours-fr\/\">retour aux couleurs<\/a><\/p>\t\t\t\t\t\t\t\t<\/div>\n\t\t\t\t<\/div>\n\t\t\t\t\t<\/div>\n\t\t<\/div>\n\t\t\t\t<div class=\"elementor-column elementor-col-66 elementor-top-column elementor-element elementor-element-7221bf3d\" data-id=\"7221bf3d\" data-element_type=\"column\" data-e-type=\"column\">\n\t\t\t<div class=\"elementor-widget-wrap\">\n\t\t\t\t\t\t\t<\/div>\n\t\t<\/div>\n\t\t\t\t\t<\/div>\n\t\t<\/section>\n\t\t\t\t<\/div>\n\t\t","protected":false},"excerpt":{"rendered":"<p>COULEURS: MOD\u00c8LE G\u00c9N\u00c9TIQUE Small Effort Make Big Change. We seek out world-changers and difference-makers around the globe, and their unique purpose. OUR SERVICE DONATE NOW Small Effort Make Big Change. We seek out world-changers and difference-makers around the globe, and their unique purpose. OUR SERVICE DONATE NOW Capital letters indicate that the allele is dominant. [&hellip;]<\/p>\n","protected":false},"author":1,"featured_media":0,"parent":0,"menu_order":0,"comment_status":"closed","ping_status":"closed","template":"","meta":{"_monsterinsights_skip_tracking":false,"_monsterinsights_sitenote_active":false,"_monsterinsights_sitenote_note":"","_monsterinsights_sitenote_category":0,"footnotes":""},"class_list":["post-9665","page","type-page","status-publish","hentry"],"aioseo_notices":[],"_links":{"self":[{"href":"https:\/\/wcf.de\/fr\/wp-json\/wp\/v2\/pages\/9665","targetHints":{"allow":["GET"]}}],"collection":[{"href":"https:\/\/wcf.de\/fr\/wp-json\/wp\/v2\/pages"}],"about":[{"href":"https:\/\/wcf.de\/fr\/wp-json\/wp\/v2\/types\/page"}],"author":[{"embeddable":true,"href":"https:\/\/wcf.de\/fr\/wp-json\/wp\/v2\/users\/1"}],"replies":[{"embeddable":true,"href":"https:\/\/wcf.de\/fr\/wp-json\/wp\/v2\/comments?post=9665"}],"version-history":[{"count":12,"href":"https:\/\/wcf.de\/fr\/wp-json\/wp\/v2\/pages\/9665\/revisions"}],"predecessor-version":[{"id":10949,"href":"https:\/\/wcf.de\/fr\/wp-json\/wp\/v2\/pages\/9665\/revisions\/10949"}],"wp:attachment":[{"href":"https:\/\/wcf.de\/fr\/wp-json\/wp\/v2\/media?parent=9665"}],"curies":[{"name":"wp","href":"https:\/\/api.w.org\/{rel}","templated":true}]}}