{"id":9698,"date":"2021-09-27T10:50:32","date_gmt":"2021-09-27T10:50:32","guid":{"rendered":"https:\/\/de7.wcf-test.de\/fr\/?page_id=9698"},"modified":"2025-11-03T14:32:08","modified_gmt":"2025-11-03T14:32:08","slug":"wcf-regions-fr","status":"publish","type":"page","link":"https:\/\/wcf.de\/fr\/wcf-regions-fr\/","title":{"rendered":"WCF regions fr"},"content":{"rendered":"\t\t<div data-elementor-type=\"wp-page\" data-elementor-id=\"9698\" class=\"elementor elementor-9698\" data-elementor-post-type=\"page\">\n\t\t\t\t\t\t<section class=\"elementor-section elementor-top-section elementor-element elementor-element-7db3d912 elementor-section-full_width elementor-section-height-default elementor-section-height-default\" data-id=\"7db3d912\" data-element_type=\"section\" data-e-type=\"section\">\n\t\t\t\t\t\t<div class=\"elementor-container elementor-column-gap-default\">\n\t\t\t\t\t<div class=\"elementor-column elementor-col-100 elementor-top-column elementor-element elementor-element-544db857\" data-id=\"544db857\" data-element_type=\"column\" data-e-type=\"column\">\n\t\t\t<div class=\"elementor-widget-wrap elementor-element-populated\">\n\t\t\t\t\t\t<div class=\"elementor-element elementor-element-1d050587 elementor-widget elementor-widget-heading\" data-id=\"1d050587\" data-element_type=\"widget\" data-e-type=\"widget\" data-widget_type=\"heading.default\">\n\t\t\t\t<div class=\"elementor-widget-container\">\n\t\t\t\t\t<h5 class=\"elementor-heading-title elementor-size-large\">WCF R\u00c9GIONS<\/h5>\t\t\t\t<\/div>\n\t\t\t\t<\/div>\n\t\t\t\t\t<\/div>\n\t\t<\/div>\n\t\t\t\t\t<\/div>\n\t\t<\/section>\n\t\t\t\t<section class=\"elementor-section elementor-top-section elementor-element elementor-element-5639ec9c elementor-section-full_width elementor-section-height-default elementor-section-height-default\" data-id=\"5639ec9c\" data-element_type=\"section\" data-e-type=\"section\">\n\t\t\t\t\t\t<div class=\"elementor-container elementor-column-gap-default\">\n\t\t\t\t\t<div class=\"elementor-column elementor-col-33 elementor-top-column elementor-element elementor-element-4a6163ee\" data-id=\"4a6163ee\" data-element_type=\"column\" data-e-type=\"column\">\n\t\t\t<div class=\"elementor-widget-wrap elementor-element-populated\">\n\t\t\t\t\t\t<div class=\"elementor-element elementor-element-4ba321ef elementor-widget elementor-widget-text-editor\" data-id=\"4ba321ef\" data-element_type=\"widget\" data-e-type=\"widget\" data-widget_type=\"text-editor.default\">\n\t\t\t\t<div class=\"elementor-widget-container\">\n\t\t\t\t\t\t\t\t\t<p><strong>Zones continentales et r\u00e9gions<\/strong><\/p>\t\t\t\t\t\t\t\t<\/div>\n\t\t\t\t<\/div>\n\t\t\t\t<div class=\"elementor-element elementor-element-6efff288 elementor-widget elementor-widget-image\" data-id=\"6efff288\" data-element_type=\"widget\" data-e-type=\"widget\" data-widget_type=\"image.default\">\n\t\t\t\t<div class=\"elementor-widget-container\">\n\t\t\t\t\t\t\t\t\t\t\t\t\t\t\t<img fetchpriority=\"high\" decoding=\"async\" width=\"300\" height=\"200\" src=\"https:\/\/wcf.de\/fr\/wp-content\/uploads\/sites\/7\/2021\/09\/weltkarte.jpg\" class=\"attachment-large size-large wp-image-9701\" alt=\"\" \/>\t\t\t\t\t\t\t\t\t\t\t\t\t\t\t<\/div>\n\t\t\t\t<\/div>\n\t\t\t\t\t<\/div>\n\t\t<\/div>\n\t\t\t\t<div class=\"elementor-column elementor-col-66 elementor-top-column elementor-element elementor-element-5f1113a9\" data-id=\"5f1113a9\" data-element_type=\"column\" data-e-type=\"column\">\n\t\t\t<div class=\"elementor-widget-wrap elementor-element-populated\">\n\t\t\t\t\t\t<div class=\"elementor-element elementor-element-3ac54b92 elementor-widget elementor-widget-text-editor\" data-id=\"3ac54b92\" data-element_type=\"widget\" data-e-type=\"widget\" data-widget_type=\"text-editor.default\">\n\t\t\t\t<div class=\"elementor-widget-container\">\n\t\t\t\t\t\t\t\t\t<p>Dans chacune des 8 r\u00e9gions continentales \u00e9num\u00e9r\u00e9es au-dessous de cela est possible de gagner les titres<br \/><strong>European Champion \/ Premior and Grand European Champion \/ Premior resp. Continental Champion \/ Premior and Grand Continental Champion \/ Premior<\/strong>,<br \/>si le chat a gagn\u00e9 des titres internationaux dans au moins trois pays. Pour les titres CACM, CAPM une autre r\u00e9gion continentale est obligatoire.<\/p>\n<p><a href=\"https:\/\/wcf.de\/fr\/area-europe-fr\/\"><strong>R\u00e9gion continentale de l&#8217;Europe<\/strong><\/a><\/p>\n<p>Pays divis\u00e9s en r\u00e9gions:<\/p>\n<p>\u2022 <a href=\"https:\/\/wcf.de\/fr\/area-asia-fr\/#russia\">Russie<\/a><br \/>\u2022 <a href=\"https:\/\/wcf.de\/fr\/area-europe-fr\/#ukraine\">Ukraine<\/a><\/p>\n<p><a href=\"https:\/\/wcf.de\/fr\/area-asia-fr\/\"><strong>R\u00e9gion continentale de l&#8217;Asie<\/strong><\/a><\/p>\n<p>Pays divis\u00e9s en r\u00e9gions:<\/p>\n<p>\u2022 <a href=\"https:\/\/wcf.de\/fr\/area-asia-fr\/#china\">Chine<\/a><br \/>\u2022 <a href=\"https:\/\/wcf.de\/fr\/area-asia-fr\/#india\">Inde<\/a><br \/>\u2022 <a href=\"https:\/\/wcf.de\/fr\/area-asia-fr\/#russia\">Russie<\/a><br \/>\u2022 <a href=\"https:\/\/wcf.de\/fr\/area-asia-fr\/#kazak\">Kazakhstan<\/a><\/p>\n<p><a href=\"https:\/\/wcf.de\/fr\/area-moyen-orient\/\"><strong>R\u00e9gion continentale de Moyen-Orient<\/strong><\/a><\/p>\n<p>Pays divis\u00e9s en r\u00e9gions:<\/p>\n<p>\u2022 <a href=\"https:\/\/wcf.de\/fr\/area-moyen-orient\/#israel\">Isra\u00ebl<\/a><br \/>\u2022 <a href=\"https:\/\/wcf.de\/fr\/area-moyen-orient\/#turk\">Turquie<\/a><\/p>\n<p><a href=\"https:\/\/wcf.de\/fr\/area-afrique\/\"><strong>R\u00e9gion continentale de l&#8217;Afrique et Canaries<\/strong><\/a><\/p>\n<p>Divis\u00e9 en r\u00e9gions:<\/p>\n<p>\u2022 <a href=\"https:\/\/wcf.de\/fr\/area-afrique\/\">La R\u00e9publique de l&#8217;Afrique du Sud<\/a><\/p>\n<p>Les \u00eeles Canaries sont une r\u00e9gion d&#8217;Espagne, voient ici.<\/p>\n<p><a href=\"https:\/\/wcf.de\/fr\/area-australia-fr\/\"><strong>R\u00e9gion continentale de l&#8217;Australie et l&#8217;Oc\u00e9an<\/strong><\/a><\/p>\n<p>Pays divis\u00e9s en r\u00e9gions:<\/p>\n<p>\u2022 <a href=\"https:\/\/wcf.de\/fr\/area-australia-fr\/\">L&#8217;Australie<\/a><br \/>\u2022 <a href=\"https:\/\/wcf.de\/fr\/area-australia-fr\/#newzee\">La Nouvelle Z\u00e9lande<\/a><\/p>\n<p><a href=\"https:\/\/wcf.de\/fr\/amerique-nord\/\"><strong>R\u00e9gion continentale de l&#8217;Am\u00e9rique du Nord<\/strong><\/a><\/p>\n<p>Divis\u00e9 en r\u00e9gions:<\/p>\n<p>\u2022 <a href=\"https:\/\/wcf.de\/fr\/amerique-nord\/#usa\">Les Etats-Unis<\/a><\/p>\n<p><a href=\"https:\/\/wcf.de\/fr\/area-central-america-fr\/\"><strong>R\u00e9gion continentale de l&#8217;Am\u00e9rique centrale et les \u00celes de Carribean<\/strong><\/a><\/p>\n<p><a href=\"https:\/\/wcf.de\/fr\/amerique-sud\/\"><strong>R\u00e9gion continentale de l&#8217;Am\u00e9rique du Sud<\/strong><\/a><\/p>\n<p>Divis\u00e9 en r\u00e9gions:<\/p>\n<p>\u2022 <a href=\"https:\/\/wcf.de\/fr\/amerique-sud\/#brazil\">Br\u00e9sil<\/a><\/p>\t\t\t\t\t\t\t\t<\/div>\n\t\t\t\t<\/div>\n\t\t\t\t\t<\/div>\n\t\t<\/div>\n\t\t\t\t\t<\/div>\n\t\t<\/section>\n\t\t\t\t<section class=\"elementor-section elementor-top-section elementor-element elementor-element-17bc2ab9 elementor-section-full_width elementor-section-height-default elementor-section-height-default\" data-id=\"17bc2ab9\" data-element_type=\"section\" data-e-type=\"section\">\n\t\t\t\t\t\t<div class=\"elementor-container elementor-column-gap-default\">\n\t\t\t\t\t<div class=\"elementor-column elementor-col-100 elementor-top-column elementor-element elementor-element-5bb2fb8a\" data-id=\"5bb2fb8a\" data-element_type=\"column\" data-e-type=\"column\">\n\t\t\t<div class=\"elementor-widget-wrap elementor-element-populated\">\n\t\t\t\t\t\t<div class=\"elementor-element elementor-element-18a3ddac elementor-widget-divider--view-line elementor-widget elementor-widget-divider\" data-id=\"18a3ddac\" data-element_type=\"widget\" data-e-type=\"widget\" data-widget_type=\"divider.default\">\n\t\t\t\t<div class=\"elementor-widget-container\">\n\t\t\t\t\t\t\t<div class=\"elementor-divider\">\n\t\t\t<span class=\"elementor-divider-separator\">\n\t\t\t\t\t\t<\/span>\n\t\t<\/div>\n\t\t\t\t\t\t<\/div>\n\t\t\t\t<\/div>\n\t\t\t\t\t<\/div>\n\t\t<\/div>\n\t\t\t\t\t<\/div>\n\t\t<\/section>\n\t\t\t\t<section class=\"elementor-section elementor-top-section elementor-element elementor-element-27e2b8f6 elementor-section-boxed elementor-section-height-default elementor-section-height-default\" data-id=\"27e2b8f6\" data-element_type=\"section\" data-e-type=\"section\">\n\t\t\t\t\t\t<div class=\"elementor-container elementor-column-gap-default\">\n\t\t\t\t\t<div class=\"elementor-column elementor-col-33 elementor-top-column elementor-element elementor-element-2ceafbec\" data-id=\"2ceafbec\" data-element_type=\"column\" data-e-type=\"column\">\n\t\t\t<div class=\"elementor-widget-wrap elementor-element-populated\">\n\t\t\t\t\t\t<div class=\"elementor-element elementor-element-3ae79413 elementor-widget elementor-widget-text-editor\" data-id=\"3ae79413\" data-element_type=\"widget\" data-e-type=\"widget\" data-widget_type=\"text-editor.default\">\n\t\t\t\t<div class=\"elementor-widget-container\">\n\t\t\t\t\t\t\t\t\t<p><strong>D\u00e9livrance des licences<\/strong><\/p>\t\t\t\t\t\t\t\t<\/div>\n\t\t\t\t<\/div>\n\t\t\t\t\t<\/div>\n\t\t<\/div>\n\t\t\t\t<div class=\"elementor-column elementor-col-66 elementor-top-column elementor-element elementor-element-43b16532\" data-id=\"43b16532\" data-element_type=\"column\" data-e-type=\"column\">\n\t\t\t<div class=\"elementor-widget-wrap elementor-element-populated\">\n\t\t\t\t\t\t<div class=\"elementor-element elementor-element-b8d7153 elementor-widget elementor-widget-text-editor\" data-id=\"b8d7153\" data-element_type=\"widget\" data-e-type=\"widget\" data-widget_type=\"text-editor.default\">\n\t\t\t\t<div class=\"elementor-widget-container\">\n\t\t\t\t\t\t\t\t\t<p>Chaque exposition de la WCF doit \u00eatre autoris\u00e9e par le Directeur de Licence<br \/>d&#8217;Exposition. Les titres peuvent \u00eatre gagn\u00e9s seulement sur les expositions agr\u00e9\u00e9es.<\/p>\t\t\t\t\t\t\t\t<\/div>\n\t\t\t\t<\/div>\n\t\t\t\t\t<\/div>\n\t\t<\/div>\n\t\t\t\t\t<\/div>\n\t\t<\/section>\n\t\t\t\t<section class=\"elementor-section elementor-top-section elementor-element elementor-element-daebc61 elementor-section-full_width scrolltab elementor-section-height-default elementor-section-height-default\" data-id=\"daebc61\" data-element_type=\"section\" data-e-type=\"section\">\n\t\t\t\t\t\t<div class=\"elementor-container elementor-column-gap-default\">\n\t\t\t\t\t<div class=\"elementor-column elementor-col-100 elementor-top-column elementor-element elementor-element-6d4e899f\" data-id=\"6d4e899f\" data-element_type=\"column\" data-e-type=\"column\">\n\t\t\t<div class=\"elementor-widget-wrap elementor-element-populated\">\n\t\t\t\t\t\t<div class=\"elementor-element elementor-element-4b29a37e elementor-widget elementor-widget-shortcode\" data-id=\"4b29a37e\" data-element_type=\"widget\" data-e-type=\"widget\" data-widget_type=\"shortcode.default\">\n\t\t\t\t<div class=\"elementor-widget-container\">\n\t\t\t\t\t\t\t<div class=\"elementor-shortcode\">\n<div class=\"wpdt-c wdt-skin-light\">\n    \n<input type=\"hidden\" id=\"wdtNonceFrontendEdit_59\" name=\"wdtNonceFrontendEdit_59\" value=\"d41c6f6ed2\" \/><input type=\"hidden\" name=\"_wp_http_referer\" value=\"\/fr\/wp-json\/wp\/v2\/pages\/9698\" \/>    <input type=\"hidden\" id=\"table_1_desc\" value='{\"tableId\":\"table_1\",\"tableType\":\"manual\",\"selector\":\"#table_1\",\"responsive\":false,\"editable\":false,\"inlineEditing\":false,\"infoBlock\":false,\"pagination\":0,\"paginationAlign\":\"right\",\"paginationLayout\":\"full_numbers\",\"tableSkin\":\"light\",\"globalSearch\":false,\"showRowsPerPage\":false,\"popoverTools\":false,\"hideBeforeLoad\":false,\"number_format\":1,\"decimalPlaces\":2,\"spinnerSrc\":\"https:\\\/\\\/wcf.de\\\/fr\\\/wp-content\\\/plugins\\\/wpdatatables\\\/assets\\\/\\\/img\\\/spinner.gif\",\"groupingEnabled\":false,\"tableWpId\":\"59\",\"dataTableParams\":{\"sDom\":\"BT\\u003C\\u0027clear\\u0027\\u003Et\",\"bSortCellsTop\":false,\"bFilter\":true,\"aLengthMenu\":[[1,5,10,25,50,100,-1],[1,5,10,25,50,100,\"All\"]],\"iDisplayLength\":10,\"columnDefs\":[{\"sType\":\"formatted-num\",\"wdtType\":\"int\",\"bVisible\":false,\"orderable\":true,\"searchable\":true,\"InputType\":\"text\",\"name\":\"wdt_ID\",\"origHeader\":\"wdt_ID\",\"notNull\":false,\"conditionalFormattingRules\":[],\"className\":\"numdata integer  column-wdt_id\",\"aTargets\":[0]},{\"sType\":\"string\",\"wdtType\":\"string\",\"bVisible\":true,\"orderable\":true,\"searchable\":true,\"InputType\":\"textarea\",\"name\":\"managerdeslicences\",\"origHeader\":\"managerdeslicences\",\"notNull\":false,\"conditionalFormattingRules\":[],\"className\":\" column-managerdeslicences\",\"aTargets\":[1]},{\"sType\":\"string\",\"wdtType\":\"string\",\"bVisible\":true,\"orderable\":true,\"searchable\":true,\"InputType\":\"textarea\",\"name\":\"pays\",\"origHeader\":\"pays\",\"notNull\":false,\"conditionalFormattingRules\":[],\"className\":\" column-pays\",\"aTargets\":[2]},{\"sType\":\"string\",\"wdtType\":\"string\",\"bVisible\":true,\"orderable\":true,\"searchable\":true,\"InputType\":\"textarea\",\"name\":\"regions\",\"origHeader\":\"regions\",\"notNull\":false,\"conditionalFormattingRules\":[],\"className\":\" column-regions\",\"aTargets\":[3]}],\"bAutoWidth\":false,\"order\":[[0,\"asc\"]],\"ordering\":false,\"oLanguage\":{\"sProcessing\":\"Processing in progress...\",\"sLengthMenu\":\"Show _MENU_ entries\",\"sZeroRecords\":\"No matching records found\",\"sInfo\":\"Showing _START_ to _END_ of _TOTAL_ entries\",\"sInfoEmpty\":\"Showing 0 to 0 of 0 entries\",\"sInfoFiltered\":\"(filtered from _MAX_ total entries)\",\"sInfoPostFix\":\"\",\"sSearch\":\"Search:\",\"sSearchPlaceholder\":\"\",\"sUrl\":\"\",\"oPaginate\":{\"sFirst\":\"First\",\"sPrevious\":\"Previous\",\"sNext\":\"Next\",\"sLast\":\"Last\"}},\"buttons\":[],\"bProcessing\":false,\"serverSide\":true,\"ajax\":{\"url\":\"https:\\\/\\\/wcf.de\\\/fr\\\/wp-admin\\\/admin-ajax.php?action=get_wdtable&table_id=59\",\"type\":\"POST\"},\"oSearch\":{\"bSmart\":false,\"bRegex\":false,\"sSearch\":\"\"}},\"tabletWidth\":\"1024\",\"mobileWidth\":\"480\",\"advancedFilterEnabled\":false,\"serverSide\":true,\"autoRefreshInterval\":0,\"processing\":true,\"fnServerData\":true,\"columnsFixed\":0,\"sumFunctionsLabel\":\"\",\"avgFunctionsLabel\":\"\",\"minFunctionsLabel\":\"\",\"maxFunctionsLabel\":\"\",\"columnsDecimalPlaces\":{\"wdt_ID\":-1,\"managerdeslicences\":-1,\"pays\":-1,\"regions\":-1},\"columnsThousandsSeparator\":{\"wdt_ID\":0},\"sumColumns\":[],\"avgColumns\":[],\"sumAvgColumns\":[],\"timeFormat\":\"h:i A\",\"datepickFormat\":\"yy-mm-dd\",\"cascadeFiltering\":0,\"cascadeFilteringLogic\":\"\",\"hideTableBeforeFiltering\":0,\"showSearchFiltersButton\":0,\"disableSearchFiltersButton\":0}'\/>\n\n    <table id=\"table_1\"\n           class=\"  display nowrap data-t data-t wpDataTable wpDataTableID-59\"\n           style=\"\"\n           data-described-by='table_1_desc'\n           data-wpdatatable_id=\"59\">\n\n        <!-- Table header -->\n        \n<thead>\n<tr>\n                    <th\n                        class=\" wdtheader sort numdata integer \"\n        style=\"\">wdt_ID<\/th>        <th\n        data-class=\"expand\"                class=\" wdtheader sort \"\n        style=\"\">Manager des licences<\/th>        <th\n                        class=\" wdtheader sort \"\n        style=\"\">Pays<\/th>        <th\n                        class=\" wdtheader sort \"\n        style=\"\">R\u00e9gions<\/th>    <\/tr>\n<\/thead>\n        <!-- \/Table header -->\n\n        <!-- Table body -->\n        \n<tbody>\n            <tr id=\"table_59_row_0\">\n                            <td style=\"\">1<\/td>\n                            <td style=\"\"><p>Marina Khodusova<\/p><br><p><a href=\"mailto:show.requests2@wcf.de\">show.requests2@wcf.de<\/a><\/p><\/td>\n                            <td style=\"\">Bi\u00e9lorussie<br><br>Russie - partie europ\u00e9enne<\/td>\n                            <td style=\"\">toutes les r\u00e9gions ER<br><br>+ RUR-010<br>+ RUR-020<br>+ RUR-030<br>+ RUR-040<br>+ RUR-050<br>+ RUR-110<\/td>\n                    <\/tr>\n                <tr id=\"table_59_row_1\">\n                            <td style=\"\">2<\/td>\n                            <td style=\"\"><p>Tatiana Karikh<\/p><br><p><a href=\"mailto:show.requests4@wcf.de\">show.requests4@wcf.de<\/a><\/p><\/td>\n                            <td style=\"\">Kazakhstan<br><br>Kirghizistan<br><br>Mongolie<br><br>Russie - partie asiatique<br><br><br><br><br><br>Ouzb\u00e9kistan<\/td>\n                            <td style=\"\">toutes les r\u00e9gions<br><br><br><br><br><br>toutes les r\u00e9gions AR<br>+ RUR-060<br>+ RUR-070<br>+ RUR-080<br>+ RUR-090<br>+ RUR-100<br><\/td>\n                    <\/tr>\n                <tr id=\"table_59_row_2\">\n                            <td style=\"\">3<\/td>\n                            <td style=\"\"><p>Gisela Danisch<\/p><br><p><a href=\"mailto:show.requests1@wcf.de\">show.requests1@wcf.de<\/a><\/p><\/td>\n                            <td style=\"\">tous les autres pays<\/td>\n                            <td style=\"\"><\/td>\n                    <\/tr>\n    <\/tbody>        <!-- \/Table body -->\n\n        <!-- Table footer -->\n        \n        <!-- \/Table footer -->\n\n    <\/table>\n\n\n<\/div><style>\ntable.wpDataTable a:hover {\r\n    color: #61CE70 !important;\r\n}\r\ntable.wpDataTable a {\r\n    color: black !important;\r\n}\r\nbutton.button.btn.wdt-clear-filters-button {\r\nbackground-color: #095203;\r\ncolor: white;\r\n}\r\nbutton.button.btn.wdt-clear-filters-button:hover {\r\nbackground-color: #e2efda;\r\ncolor: black;\r\n}\r\n.wpDataTablesWrapper table.wpDataTable td {\r\nfont-family: Roboto!important;\r\nfont-size:13px;\r\nfont-weight:400;\r\n}\r\n.wpDataTablesWrapper table.wpDataTable th {\r\nfont-family: Roboto!important;\r\nfont-size:14px;\r\nfont-weight:400;\r\n}\r\ntr.odd td.sorting_1 {\r\n    background: #f5f5f5 !important;\r\n}\r\ntr.odd:hover > td.sorting_1 {\r\n    background-color: #e8e8e8 !important;\r\n}table.wpDataTable td.numdata { text-align: right !important; }\n<\/style>\n<style>\n\/* table font color *\/\n.wpdt-c.wpDataTablesWrapper table.wpdtSimpleTable thead th,\n.wpdt-c.wpDataTablesWrapper table.wpdtSimpleTable tbody td,\n.wpdt-c .wpDataTablesWrapper table.wpDataTable thead th,\n.wpdt-c .wpDataTablesWrapper table.wpDataTable tbody td,\n.wpdt-c .wpDataTablesWrapper table.wpDataTable tfoot td {\n\tcolor: #000000 !important;\n}\n\/* th background color *\/\n.wpdt-c.wpDataTablesWrapper table.wpdtSimpleTable.bt[data-has-header='1'] td.wpdt-header-classes,\n.wpdt-c.wpDataTablesWrapper table.wpdtSimpleTable thead th,\n.wpdt-c .wpDataTablesWrapper table.wpDataTable thead th,\n.wpdt-c .wpDataTablesWrapper table.wpDataTable thead th.sorting {\n\tbackground-color: #E2EFDA !important;\n    background-image: none !important;\n}\n\/* th font color *\/\n.wpdt-c.wpDataTablesWrapper table.wpdtSimpleTable.bt[data-has-header='1'] td.wpdt-header-classes,\n.wpdt-c.wpDataTablesWrapper table.wpdtSimpleTable thead th,\n.wpdt-c .wpDataTablesWrapper table.wpDataTable thead th {\n\tcolor: #000000 !important;\n}\n.wpdt-c .wpDataTablesWrapper table.wpDataTable thead th.sorting:after,\n.wpdt-c .wpDataTablesWrapper table.wpDataTable thead th.sorting_asc:after {\n\tborder-bottom-color: #000000 !important;\n}\n.wpdt-c .wpDataTablesWrapper table.wpDataTable thead th.sorting_desc:after {\n\tborder-top-color: #000000 !important;\n}\n\n\/* table font color *\/\n.wpdt-c.wpDataTablesWrapper table.wpdtSimpleTable,\n.wpdt-c .wpDataTablesWrapper table.wpDataTable {\n    font-family: Verdana, Geneva, sans-serif !important;\n}\n\/* table font size *\/\n.wpdt-c.wpDataTablesWrapper table.wpdtSimpleTable,\n.wpdt-c .wpDataTablesWrapper table.wpDataTable {\n    font-size:18px !important;\n}\n \n<\/style>\n<style>\n.wpDataTablesWrapper table.wpDataTableID-59 td {\r\nfont-family: Roboto!important;\r\nfont-size:18px;\r\nfont-weight:400;\r\n}\r\n.wpDataTablesWrapper table.wpDataTableID-59 th {\r\nfont-family: Roboto!important;\r\nfont-size:18px;\r\nfont-weight:400;\r\ntext-transform: capitalize;\r\n}\r\ntable.wpDataTable td {\r\nvertical-align: top;\r\n}\r\ntable.wpDataTable th {\r\nvertical-align: top;\r\n}<\/style>\n<style>\n        \/* table font color *\/\n    .wpdt-c.wpDataTablesWrapper table#wpdtSimpleTable-59 thead th,\n    .wpdt-c.wpDataTablesWrapper table#wpdtSimpleTable-59 tbody td,\n    .wpdt-c .wpDataTablesWrapper table.wpDataTable.wpDataTableID-59 thead th,\n    .wpdt-c .wpDataTablesWrapper table.wpDataTable.wpDataTableID-59 tbody td,\n    .wpdt-c .wpDataTablesWrapper table.wpDataTable.wpDataTableID-59 tfoot td {\n        color: #000000 !important;\n    }\n                            \/* td inner border color *\/\n                .wpdt-c .wpDataTablesWrapper table.wpDataTable.wpDataTableID-59 thead tr:nth-child(2) th,\n                .wpdt-c.wpDataTablesWrapper table.wpDataTable#wpdtSimpleTable-59 td,\n        .wpdt-c .wpDataTablesWrapper table.wpDataTable.wpDataTableID-59 td,\n        .wpdt-c .wpDataTablesWrapper table.wpDataTable.wpDataTableID-59 tr.odd td,\n        .wpdt-c .wpDataTablesWrapper table.wpDataTable.wpDataTableID-59 tr.even td{\n            border-color: #000000 !important;\n        }\n                .wpdt-c .wpDataTablesWrapper table.wpDataTable.wpDataTableID-59 thead tr:first-child th:not(:first-child):not(:last-child){\n            border-left-color: #000000 !important;\n            border-right-color: #000000 !important;\n        }\n        .wpdt-c .wpDataTablesWrapper table.wpDataTable.wpDataTableID-59 thead tr th:first-child {\n            border-right-color: #000000 !important;\n            border-bottom-color: #000000 !important;\n        }\n        .wpdt-c .wpDataTablesWrapper table.wpDataTable.wpDataTableID-59 thead tr th:last-child {\n            border-left-color: #000000 !important;\n            border-bottom-color: #000000 !important;\n        }\n        .wpdt-c .wpDataTablesWrapper table.wpDataTable.wpDataTableID-59 thead tr:nth-child(1) th {\n            border-bottom-color: #000000 !important;\n        }\n                    \/* table outer border color *\/\n        .wpdt-c.wpDataTablesWrapper table#wpdtSimpleTable-59 tr:last-child td,\n                .wpdt-c .wpDataTablesWrapper table.wpDataTable.wpDataTableID-59 tfoot tr td{\n            border-bottom-color: #000000 !important;\n        }\n                                    .wpdt-c .wpDataTablesWrapper table.wpDataTable.wpDataTableID-59 thead tr th:first-child,\n                            .wpdt-c.wpDataTablesWrapper table#wpdtSimpleTable-59 tr td:first-child,\n                .wpdt-c .wpDataTablesWrapper table.wpDataTable.wpDataTableID-59 tr td:first-child{\n                    border-left-color: #000000 !important;\n                }\n                            .wpdt-c .wpDataTablesWrapper table.wpDataTable.wpDataTableID-59 thead tr th:last-child,\n                            .wpdt-c.wpDataTablesWrapper table#wpdtSimpleTable-59 tr td:last-child,\n                .wpdt-c .wpDataTablesWrapper table.wpDataTable.wpDataTableID-59 tr td:last-child{\n                    border-right-color: #000000 !important;\n                }\n                .wpdt-c .wpDataTablesWrapper table.wpDataTable.wpDataTableID-59 tr th {\n            border-top-color: #000000 !important;\n        }\n        \n    \n            \/* even rows background color *\/\n    .wpdt-c.wpDataTablesWrapper table#wpdtSimpleTable-59 tr.even td,\n    .wpdt-c .wpDataTablesWrapper table.wpDataTable.wpDataTableID-59 tr.even td,\n    .wpdt-c .wpDataTablesWrapper table.has-columns-hidden.wpDataTableID-59 tr.row-detail > td {\n        background-color: #DBDBDB !important;\n    }\n                            \/* table font color *\/\n    .wpdt-c.wpDataTablesWrapper table#wpdtSimpleTable-59,\n    .wpdt-c .wpDataTablesWrapper table.wpDataTable.wpDataTableID-59 {\n        font-family: Verdana, Geneva, sans-serif !important;\n    }\n                \n                <\/style>\n<\/div>\n\t\t\t\t\t\t<\/div>\n\t\t\t\t<\/div>\n\t\t\t\t\t<\/div>\n\t\t<\/div>\n\t\t\t\t\t<\/div>\n\t\t<\/section>\n\t\t\t\t<section class=\"elementor-section elementor-top-section elementor-element elementor-element-1b028ca5 elementor-section-full_width elementor-section-height-default elementor-section-height-default\" data-id=\"1b028ca5\" data-element_type=\"section\" data-e-type=\"section\">\n\t\t\t\t\t\t<div class=\"elementor-container elementor-column-gap-default\">\n\t\t\t\t\t<div class=\"elementor-column elementor-col-100 elementor-top-column elementor-element elementor-element-7e0e35cd\" data-id=\"7e0e35cd\" data-element_type=\"column\" data-e-type=\"column\">\n\t\t\t<div class=\"elementor-widget-wrap elementor-element-populated\">\n\t\t\t\t\t\t<div class=\"elementor-element elementor-element-468a77e4 elementor-widget elementor-widget-text-editor\" data-id=\"468a77e4\" data-element_type=\"widget\" data-e-type=\"widget\" data-widget_type=\"text-editor.default\">\n\t\t\t\t<div class=\"elementor-widget-container\">\n\t\t\t\t\t\t\t\t\t<p><strong>Part H &#8211; Annexe 1 &#8211; r\u00e9gions et zones continentales<\/strong><\/p>\n<p><a href=\"https:\/\/wcf.de\/pdf-en\/Part-H-Annex_1-Continental_areas_and_regions.pdf\" target=\"_blank\" rel=\"nofollow noopener\">Download<\/a><\/p>\n<p><!-- \/wp:paragraph --><\/p>\t\t\t\t\t\t\t\t<\/div>\n\t\t\t\t<\/div>\n\t\t\t\t\t<\/div>\n\t\t<\/div>\n\t\t\t\t\t<\/div>\n\t\t<\/section>\n\t\t\t\t<\/div>\n\t\t","protected":false},"excerpt":{"rendered":"<p>WCF R\u00c9GIONS Zones continentales et r\u00e9gions Dans chacune des 8 r\u00e9gions continentales \u00e9num\u00e9r\u00e9es au-dessous de cela est possible de gagner les titresEuropean Champion \/ Premior and Grand European Champion \/ Premior resp. Continental Champion \/ Premior and Grand Continental Champion \/ Premior,si le chat a gagn\u00e9 des titres internationaux dans au moins trois pays. Pour [&hellip;]<\/p>\n","protected":false},"author":1,"featured_media":0,"parent":0,"menu_order":0,"comment_status":"closed","ping_status":"closed","template":"","meta":{"_monsterinsights_skip_tracking":false,"_monsterinsights_sitenote_active":false,"_monsterinsights_sitenote_note":"","_monsterinsights_sitenote_category":0,"footnotes":""},"class_list":["post-9698","page","type-page","status-publish","hentry"],"aioseo_notices":[],"_links":{"self":[{"href":"https:\/\/wcf.de\/fr\/wp-json\/wp\/v2\/pages\/9698","targetHints":{"allow":["GET"]}}],"collection":[{"href":"https:\/\/wcf.de\/fr\/wp-json\/wp\/v2\/pages"}],"about":[{"href":"https:\/\/wcf.de\/fr\/wp-json\/wp\/v2\/types\/page"}],"author":[{"embeddable":true,"href":"https:\/\/wcf.de\/fr\/wp-json\/wp\/v2\/users\/1"}],"replies":[{"embeddable":true,"href":"https:\/\/wcf.de\/fr\/wp-json\/wp\/v2\/comments?post=9698"}],"version-history":[{"count":71,"href":"https:\/\/wcf.de\/fr\/wp-json\/wp\/v2\/pages\/9698\/revisions"}],"predecessor-version":[{"id":12869,"href":"https:\/\/wcf.de\/fr\/wp-json\/wp\/v2\/pages\/9698\/revisions\/12869"}],"wp:attachment":[{"href":"https:\/\/wcf.de\/fr\/wp-json\/wp\/v2\/media?parent=9698"}],"curies":[{"name":"wp","href":"https:\/\/api.w.org\/{rel}","templated":true}]}}