{"id":9871,"date":"2021-09-28T14:14:45","date_gmt":"2021-09-28T14:14:45","guid":{"rendered":"https:\/\/de7.wcf-test.de\/fr\/?page_id=9871"},"modified":"2021-12-24T14:38:08","modified_gmt":"2021-12-24T14:38:08","slug":"amerique-nord","status":"publish","type":"page","link":"https:\/\/wcf.de\/fr\/amerique-nord\/","title":{"rendered":"Amerique Nord"},"content":{"rendered":"\t\t<div data-elementor-type=\"wp-page\" data-elementor-id=\"9871\" class=\"elementor elementor-9871\" data-elementor-post-type=\"page\">\n\t\t\t\t\t\t<section class=\"elementor-section elementor-top-section elementor-element elementor-element-623db198 elementor-section-full_width elementor-section-height-default elementor-section-height-default\" data-id=\"623db198\" data-element_type=\"section\" data-e-type=\"section\">\n\t\t\t\t\t\t<div class=\"elementor-container elementor-column-gap-default\">\n\t\t\t\t\t<div class=\"elementor-column elementor-col-100 elementor-top-column elementor-element elementor-element-1fbb163\" data-id=\"1fbb163\" data-element_type=\"column\" data-e-type=\"column\">\n\t\t\t<div class=\"elementor-widget-wrap elementor-element-populated\">\n\t\t\t\t\t\t<div class=\"elementor-element elementor-element-38b0e193 elementor-widget elementor-widget-heading\" data-id=\"38b0e193\" data-element_type=\"widget\" data-e-type=\"widget\" data-widget_type=\"heading.default\">\n\t\t\t\t<div class=\"elementor-widget-container\">\n\t\t\t\t\t<h5 class=\"elementor-heading-title elementor-size-large\">\nR\u00c9GION CONTINENTALE DE L'AM\u00c9RIQUE DU NORD<br>LES ETATS-UNIS<\/h5>\t\t\t\t<\/div>\n\t\t\t\t<\/div>\n\t\t\t\t\t<\/div>\n\t\t<\/div>\n\t\t\t\t\t<\/div>\n\t\t<\/section>\n\t\t\t\t<section class=\"elementor-section elementor-top-section elementor-element elementor-element-23e9e43d elementor-section-full_width elementor-section-height-default elementor-section-height-default\" data-id=\"23e9e43d\" data-element_type=\"section\" data-e-type=\"section\">\n\t\t\t\t\t\t<div class=\"elementor-container elementor-column-gap-default\">\n\t\t\t\t\t<div class=\"elementor-column elementor-col-50 elementor-top-column elementor-element elementor-element-7e2fba54\" data-id=\"7e2fba54\" data-element_type=\"column\" data-e-type=\"column\">\n\t\t\t<div class=\"elementor-widget-wrap elementor-element-populated\">\n\t\t\t\t\t\t<div class=\"elementor-element elementor-element-11f42e2 elementor-widget elementor-widget-image\" data-id=\"11f42e2\" data-element_type=\"widget\" data-e-type=\"widget\" data-widget_type=\"image.default\">\n\t\t\t\t<div class=\"elementor-widget-container\">\n\t\t\t\t\t\t\t\t\t\t\t\t\t\t\t\t<a href=\"https:\/\/wcf.de\/fr\/wp-content\/uploads\/sites\/7\/2021\/09\/north_america.jpg\" data-elementor-open-lightbox=\"yes\" data-elementor-lightbox-title=\"north_america.jpg\" data-e-action-hash=\"#elementor-action%3Aaction%3Dlightbox%26settings%3DeyJpZCI6OTg3MywidXJsIjoiaHR0cHM6XC9cL3djZi5kZVwvZnJcL3dwLWNvbnRlbnRcL3VwbG9hZHNcL3NpdGVzXC83XC8yMDIxXC8wOVwvbm9ydGhfYW1lcmljYS5qcGcifQ%3D%3D\">\n\t\t\t\t\t\t\t<img fetchpriority=\"high\" decoding=\"async\" width=\"232\" height=\"300\" src=\"https:\/\/wcf.de\/fr\/wp-content\/uploads\/sites\/7\/2021\/09\/north_america-232x300.jpg\" class=\"attachment-medium size-medium wp-image-9873\" alt=\"\" srcset=\"https:\/\/wcf.de\/fr\/wp-content\/uploads\/sites\/7\/2021\/09\/north_america-232x300.jpg 232w, https:\/\/wcf.de\/fr\/wp-content\/uploads\/sites\/7\/2021\/09\/north_america.jpg 461w\" sizes=\"(max-width: 232px) 100vw, 232px\" \/>\t\t\t\t\t\t\t\t<\/a>\n\t\t\t\t\t\t\t\t\t\t\t\t\t\t\t<\/div>\n\t\t\t\t<\/div>\n\t\t\t\t\t<\/div>\n\t\t<\/div>\n\t\t\t\t<div class=\"elementor-column elementor-col-50 elementor-top-column elementor-element elementor-element-48679ed\" data-id=\"48679ed\" data-element_type=\"column\" data-e-type=\"column\">\n\t\t\t<div class=\"elementor-widget-wrap\">\n\t\t\t\t\t\t\t<\/div>\n\t\t<\/div>\n\t\t\t\t\t<\/div>\n\t\t<\/section>\n\t\t\t\t<section class=\"elementor-section elementor-top-section elementor-element elementor-element-6ff78ffb elementor-section-full_width elementor-section-height-default elementor-section-height-default\" data-id=\"6ff78ffb\" data-element_type=\"section\" data-e-type=\"section\">\n\t\t\t\t\t\t<div class=\"elementor-container elementor-column-gap-default\">\n\t\t\t\t\t<div class=\"elementor-column elementor-col-33 elementor-top-column elementor-element elementor-element-1ed00ad3\" data-id=\"1ed00ad3\" data-element_type=\"column\" data-e-type=\"column\">\n\t\t\t<div class=\"elementor-widget-wrap\">\n\t\t\t\t\t\t\t<\/div>\n\t\t<\/div>\n\t\t\t\t<div class=\"elementor-column elementor-col-66 elementor-top-column elementor-element elementor-element-2d8dff46\" data-id=\"2d8dff46\" data-element_type=\"column\" data-e-type=\"column\">\n\t\t\t<div class=\"elementor-widget-wrap\">\n\t\t\t\t\t\t\t<\/div>\n\t\t<\/div>\n\t\t\t\t\t<\/div>\n\t\t<\/section>\n\t\t\t\t<section class=\"elementor-section elementor-top-section elementor-element elementor-element-5cfa7c5c elementor-section-full_width elementor-section-height-default elementor-section-height-default\" data-id=\"5cfa7c5c\" data-element_type=\"section\" data-e-type=\"section\">\n\t\t\t\t\t\t<div class=\"elementor-container elementor-column-gap-default\">\n\t\t\t\t\t<div class=\"elementor-column elementor-col-100 elementor-top-column elementor-element elementor-element-2d765818\" data-id=\"2d765818\" data-element_type=\"column\" data-e-type=\"column\">\n\t\t\t<div class=\"elementor-widget-wrap elementor-element-populated\">\n\t\t\t\t\t\t<div class=\"elementor-element elementor-element-34d01f0f elementor-widget elementor-widget-menu-anchor\" data-id=\"34d01f0f\" data-element_type=\"widget\" data-e-type=\"widget\" data-widget_type=\"menu-anchor.default\">\n\t\t\t\t<div class=\"elementor-widget-container\">\n\t\t\t\t\t\t\t<div class=\"elementor-menu-anchor\" id=\"usa\"><\/div>\n\t\t\t\t\t\t<\/div>\n\t\t\t\t<\/div>\n\t\t\t\t\t<\/div>\n\t\t<\/div>\n\t\t\t\t\t<\/div>\n\t\t<\/section>\n\t\t\t\t<section class=\"elementor-section elementor-top-section elementor-element elementor-element-64a1a313 elementor-section-full_width elementor-section-height-default elementor-section-height-default\" data-id=\"64a1a313\" data-element_type=\"section\" data-e-type=\"section\">\n\t\t\t\t\t\t<div class=\"elementor-container elementor-column-gap-default\">\n\t\t\t\t\t<div class=\"elementor-column elementor-col-100 elementor-top-column elementor-element elementor-element-1752830e\" data-id=\"1752830e\" data-element_type=\"column\" data-e-type=\"column\">\n\t\t\t<div class=\"elementor-widget-wrap elementor-element-populated\">\n\t\t\t\t\t\t<div class=\"elementor-element elementor-element-28705032 elementor-widget elementor-widget-heading\" data-id=\"28705032\" data-element_type=\"widget\" data-e-type=\"widget\" data-widget_type=\"heading.default\">\n\t\t\t\t<div class=\"elementor-widget-container\">\n\t\t\t\t\t<h2 class=\"elementor-heading-title elementor-size-default\">Les Etats-Unis\n<\/h2>\t\t\t\t<\/div>\n\t\t\t\t<\/div>\n\t\t\t\t\t<\/div>\n\t\t<\/div>\n\t\t\t\t\t<\/div>\n\t\t<\/section>\n\t\t\t\t<section class=\"elementor-section elementor-top-section elementor-element elementor-element-43a4aa1 elementor-section-full_width elementor-section-height-default elementor-section-height-default\" data-id=\"43a4aa1\" data-element_type=\"section\" data-e-type=\"section\">\n\t\t\t\t\t\t<div class=\"elementor-container elementor-column-gap-default\">\n\t\t\t\t\t<div class=\"elementor-column elementor-col-50 elementor-top-column elementor-element elementor-element-273bb35e\" data-id=\"273bb35e\" data-element_type=\"column\" data-e-type=\"column\">\n\t\t\t<div class=\"elementor-widget-wrap elementor-element-populated\">\n\t\t\t\t\t\t<div class=\"elementor-element elementor-element-11ea1ad elementor-widget elementor-widget-image\" data-id=\"11ea1ad\" data-element_type=\"widget\" data-e-type=\"widget\" data-widget_type=\"image.default\">\n\t\t\t\t<div class=\"elementor-widget-container\">\n\t\t\t\t\t\t\t\t\t\t\t\t\t\t\t\t<a href=\"https:\/\/wcf.de\/fr\/wp-content\/uploads\/sites\/7\/2021\/09\/USA.jpg\" data-elementor-open-lightbox=\"yes\" data-elementor-lightbox-title=\"USA.jpg\" data-e-action-hash=\"#elementor-action%3Aaction%3Dlightbox%26settings%3DeyJpZCI6OTg3NCwidXJsIjoiaHR0cHM6XC9cL3djZi5kZVwvZnJcL3dwLWNvbnRlbnRcL3VwbG9hZHNcL3NpdGVzXC83XC8yMDIxXC8wOVwvVVNBLmpwZyJ9\">\n\t\t\t\t\t\t\t<img decoding=\"async\" width=\"300\" height=\"194\" src=\"https:\/\/wcf.de\/fr\/wp-content\/uploads\/sites\/7\/2021\/09\/USA-300x194.jpg\" class=\"attachment-medium size-medium wp-image-9874\" alt=\"\" srcset=\"https:\/\/wcf.de\/fr\/wp-content\/uploads\/sites\/7\/2021\/09\/USA-300x194.jpg 300w, https:\/\/wcf.de\/fr\/wp-content\/uploads\/sites\/7\/2021\/09\/USA.jpg 482w\" sizes=\"(max-width: 300px) 100vw, 300px\" \/>\t\t\t\t\t\t\t\t<\/a>\n\t\t\t\t\t\t\t\t\t\t\t\t\t\t\t<\/div>\n\t\t\t\t<\/div>\n\t\t\t\t\t<\/div>\n\t\t<\/div>\n\t\t\t\t<div class=\"elementor-column elementor-col-50 elementor-top-column elementor-element elementor-element-44848e25\" data-id=\"44848e25\" data-element_type=\"column\" data-e-type=\"column\">\n\t\t\t<div class=\"elementor-widget-wrap elementor-element-populated\">\n\t\t\t\t\t\t<div class=\"elementor-element elementor-element-77bcf225 elementor-widget elementor-widget-text-editor\" data-id=\"77bcf225\" data-element_type=\"widget\" data-e-type=\"widget\" data-widget_type=\"text-editor.default\">\n\t\t\t\t<div class=\"elementor-widget-container\">\n\t\t\t\t\t\t\t\t\t<p>Dans les Etats-Unis les 7 r\u00e9gions attribuent leurs propres titres internationaux.<\/p>\t\t\t\t\t\t\t\t<\/div>\n\t\t\t\t<\/div>\n\t\t\t\t\t<\/div>\n\t\t<\/div>\n\t\t\t\t\t<\/div>\n\t\t<\/section>\n\t\t\t\t<section class=\"elementor-section elementor-top-section elementor-element elementor-element-70bb0c0 elementor-section-full_width scrolltab elementor-section-height-default elementor-section-height-default\" data-id=\"70bb0c0\" data-element_type=\"section\" data-e-type=\"section\">\n\t\t\t\t\t\t<div class=\"elementor-container elementor-column-gap-default\">\n\t\t\t\t\t<div class=\"elementor-column elementor-col-100 elementor-top-column elementor-element elementor-element-52d86a6a\" data-id=\"52d86a6a\" data-element_type=\"column\" data-e-type=\"column\">\n\t\t\t<div class=\"elementor-widget-wrap elementor-element-populated\">\n\t\t\t\t\t\t<div class=\"elementor-element elementor-element-20d63ed8 elementor-widget elementor-widget-shortcode\" data-id=\"20d63ed8\" data-element_type=\"widget\" data-e-type=\"widget\" data-widget_type=\"shortcode.default\">\n\t\t\t\t<div class=\"elementor-widget-container\">\n\t\t\t\t\t\t\t<div class=\"elementor-shortcode\">\n<div class=\"wpdt-c wdt-skin-light\">\n    \n<input type=\"hidden\" id=\"wdtNonceFrontendEdit_33\" name=\"wdtNonceFrontendEdit_33\" value=\"6c184245b8\" \/><input type=\"hidden\" name=\"_wp_http_referer\" value=\"\/fr\/wp-json\/wp\/v2\/pages\/9871\" \/>    <input type=\"hidden\" id=\"table_1_desc\" value='{\"tableId\":\"table_1\",\"tableType\":\"manual\",\"selector\":\"#table_1\",\"responsive\":false,\"editable\":false,\"inlineEditing\":false,\"infoBlock\":false,\"pagination\":0,\"paginationAlign\":\"right\",\"paginationLayout\":\"full_numbers\",\"tableSkin\":\"light\",\"globalSearch\":false,\"showRowsPerPage\":false,\"popoverTools\":false,\"hideBeforeLoad\":false,\"number_format\":1,\"decimalPlaces\":2,\"spinnerSrc\":\"https:\\\/\\\/wcf.de\\\/fr\\\/wp-content\\\/plugins\\\/wpdatatables\\\/assets\\\/\\\/img\\\/spinner.gif\",\"groupingEnabled\":false,\"tableWpId\":\"33\",\"dataTableParams\":{\"sDom\":\"BT\\u003C\\u0027clear\\u0027\\u003Et\",\"bSortCellsTop\":false,\"bFilter\":true,\"aLengthMenu\":[[1,5,10,25,50,100,-1],[1,5,10,25,50,100,\"All\"]],\"iDisplayLength\":-1,\"columnDefs\":[{\"sType\":\"formatted-num\",\"wdtType\":\"int\",\"bVisible\":false,\"orderable\":true,\"searchable\":true,\"InputType\":\"text\",\"name\":\"wdt_ID\",\"origHeader\":\"wdt_ID\",\"notNull\":false,\"conditionalFormattingRules\":[],\"className\":\"numdata integer  column-wdt_id\",\"aTargets\":[0]},{\"sType\":\"string\",\"wdtType\":\"string\",\"bVisible\":true,\"orderable\":true,\"searchable\":true,\"InputType\":\"text\",\"name\":\"index\",\"origHeader\":\"index\",\"notNull\":false,\"conditionalFormattingRules\":[],\"className\":\" column-index\",\"sWidth\":\"160\",\"aTargets\":[1]},{\"sType\":\"string\",\"wdtType\":\"string\",\"bVisible\":true,\"orderable\":true,\"searchable\":true,\"InputType\":\"mce-editor\",\"name\":\"region\",\"origHeader\":\"region\",\"notNull\":false,\"conditionalFormattingRules\":[],\"className\":\" column-region\",\"sWidth\":\"220\",\"aTargets\":[2]}],\"bAutoWidth\":false,\"order\":[[0,\"asc\"]],\"ordering\":false,\"oLanguage\":{\"sProcessing\":\"Processing in progress...\",\"sLengthMenu\":\"Show _MENU_ entries\",\"sZeroRecords\":\"No matching records found\",\"sInfo\":\"Showing _START_ to _END_ of _TOTAL_ entries\",\"sInfoEmpty\":\"Showing 0 to 0 of 0 entries\",\"sInfoFiltered\":\"(filtered from _MAX_ total entries)\",\"sInfoPostFix\":\"\",\"sSearch\":\"Search:\",\"sSearchPlaceholder\":\"\",\"sUrl\":\"\",\"oPaginate\":{\"sFirst\":\"First\",\"sPrevious\":\"Previous\",\"sNext\":\"Next\",\"sLast\":\"Last\"}},\"buttons\":[],\"bProcessing\":false,\"serverSide\":true,\"ajax\":{\"url\":\"https:\\\/\\\/wcf.de\\\/fr\\\/wp-admin\\\/admin-ajax.php?action=get_wdtable&table_id=33\",\"type\":\"POST\"},\"oSearch\":{\"bSmart\":false,\"bRegex\":false,\"sSearch\":\"\"}},\"tabletWidth\":\"1024\",\"mobileWidth\":\"480\",\"advancedFilterEnabled\":false,\"serverSide\":true,\"autoRefreshInterval\":0,\"processing\":true,\"fnServerData\":true,\"columnsFixed\":0,\"sumFunctionsLabel\":\"\",\"avgFunctionsLabel\":\"\",\"minFunctionsLabel\":\"\",\"maxFunctionsLabel\":\"\",\"columnsDecimalPlaces\":{\"wdt_ID\":-1,\"index\":-1,\"region\":-1},\"columnsThousandsSeparator\":{\"wdt_ID\":0},\"sumColumns\":[],\"avgColumns\":[],\"sumAvgColumns\":[],\"timeFormat\":\"h:i A\",\"datepickFormat\":\"yy-mm-dd\",\"cascadeFiltering\":0,\"cascadeFilteringLogic\":\"\",\"hideTableBeforeFiltering\":0,\"showSearchFiltersButton\":0,\"disableSearchFiltersButton\":0}'\/>\n\n    <table id=\"table_1\"\n           class=\"  display nowrap data-t data-t wpDataTable wpDataTableID-33\"\n           style=\"\"\n           data-described-by='table_1_desc'\n           data-wpdatatable_id=\"33\">\n\n        <!-- Table header -->\n        \n<thead>\n<tr>\n                    <th\n                        class=\" wdtheader sort numdata integer \"\n        style=\"\">wdt_ID<\/th>        <th\n        data-class=\"expand\"                class=\" wdtheader sort \"\n        style=\"\">Index<\/th>        <th\n                        class=\" wdtheader sort \"\n        style=\"\">R\u00e9gion<\/th>    <\/tr>\n<\/thead>\n        <!-- \/Table header -->\n\n        <!-- Table body -->\n        \n<tbody>\n            <tr id=\"table_33_row_0\">\n                            <td style=\"\">1<\/td>\n                            <td style=\"\">USA-010<\/td>\n                            <td style=\"\"><p><strong>The Northeast<\/strong><br>ME - Maine (Augusta)<br>NH - New Hampshire (Concord)<br>VT - Vermont (Montpelier)<br>MA - Massachusetts (Boston)<br>CT - Connecticut (Hartford)<br>RI - Rhode Island (Providence)<\/p><\/td>\n                    <\/tr>\n                <tr id=\"table_33_row_1\">\n                            <td style=\"\">4<\/td>\n                            <td style=\"\">USA-020<\/td>\n                            <td style=\"\"><p><strong>The Middle Atlantic<\/strong><br>NY - New York (Albany)<br>NJ - New Jersey (Trenton)<br>Pennsylvania (Harrisburg)<br>DE - Delaware (Dover)<br>DC - Washington, DC<br>MD - Maryland (Annapolis)<\/p><\/td>\n                    <\/tr>\n                <tr id=\"table_33_row_2\">\n                            <td style=\"\">6<\/td>\n                            <td style=\"\">USA-030<\/td>\n                            <td style=\"\"><p><strong>The South 1<\/strong><br>VA - Virginia (Richmond)<br>KY - Kentucky (Frankfort)<br>TN - Tennessee (Nashville)<br>NC - North Carolina (Raleigh)<br>SC - South Carolina (Columbia)<br>GA - Georgia (Atlanta)<br>FL - Florida \/Tallahassee)<br>AL - Alabama (Montgomery)<\/p><\/td>\n                    <\/tr>\n                <tr id=\"table_33_row_3\">\n                            <td style=\"\">11<\/td>\n                            <td style=\"\">USA-040<\/td>\n                            <td style=\"\"><p><strong>The South 2<\/strong><br>MS - Mississippi (Jackson)<br>AR - Arkansas (Little Rock)<br>LA - Louisiana (Baton Rouge)<br>MO - Missouri (Jefferson City)<br>TX - Texas (Austin)<\/p><\/td>\n                    <\/tr>\n                <tr id=\"table_33_row_4\">\n                            <td style=\"\">13<\/td>\n                            <td style=\"\">USA-050<\/td>\n                            <td style=\"\"><p><strong>The Midwest<\/strong><br>OH - Ohio (Columbus) <br>MI - Michigan (Lansing) <br>IN - Indiana (Indianapolis) <br>WI - Wisconsin (Madison) <br>IL - Illinois (Springfield)<br>MN - Minnesota (St Paul) <br>IA - Iowa (Des Moines) <br>ND - North Dakota (Bismarck) <br>SD - South Dakota (Pierre) <br>NE - Nebraska (Lincoln)<\/p><\/td>\n                    <\/tr>\n                <tr id=\"table_33_row_5\">\n                            <td style=\"\">16<\/td>\n                            <td style=\"\">USA-060<\/td>\n                            <td style=\"\"><p><strong>The Southwest<\/strong><br>NM - New Mexico (Sanata Fe)<br>AZ - Arizona (Phoenix)<br>NV - Nevada (Carson City)<br>OK - Oklahoma (Oklahoma City)<br>KS - Kansas (Topeka)<\/p><\/td>\n                    <\/tr>\n                <tr id=\"table_33_row_6\">\n                            <td style=\"\">18<\/td>\n                            <td style=\"\">USA-070<\/td>\n                            <td style=\"\"><p><strong>The West<\/strong><br>CO - Colorado (Denver)<br>WY - Wyoming (Cheyenne) <br>MT - Montana (Helena) <br>UT - Utah (Salt Lake City) <br>CA - California (Sacramento)<br>D - Idaho (Boise) <br>OR - Oregon (Salem) <br>WA - Washington (Olympia) <br>AK - Alaska (Juneau) <br>HI - Hawaii (Honolulu)<\/p><\/td>\n                    <\/tr>\n    <\/tbody>        <!-- \/Table body -->\n\n        <!-- Table footer -->\n        \n        <!-- \/Table footer -->\n\n    <\/table>\n\n\n<\/div><style>\ntable.wpDataTable { table-layout: fixed !important; }\ntable.wpDataTable td, table.wpDataTable th { white-space: normal !important; }\ntable.wpDataTable a:hover {\r\n    color: #61CE70 !important;\r\n}\r\ntable.wpDataTable a {\r\n    color: black !important;\r\n}\r\nbutton.button.btn.wdt-clear-filters-button {\r\nbackground-color: #095203;\r\ncolor: white;\r\n}\r\nbutton.button.btn.wdt-clear-filters-button:hover {\r\nbackground-color: #e2efda;\r\ncolor: black;\r\n}\r\n.wpDataTablesWrapper table.wpDataTable td {\r\nfont-family: Roboto!important;\r\nfont-size:13px;\r\nfont-weight:400;\r\n}\r\n.wpDataTablesWrapper table.wpDataTable th {\r\nfont-family: Roboto!important;\r\nfont-size:14px;\r\nfont-weight:400;\r\n}\r\ntr.odd td.sorting_1 {\r\n    background: #f5f5f5 !important;\r\n}\r\ntr.odd:hover > td.sorting_1 {\r\n    background-color: #e8e8e8 !important;\r\n}table.wpDataTable td.numdata { text-align: right !important; }\n<\/style>\n<style>\n\/* table font color *\/\n.wpdt-c.wpDataTablesWrapper table.wpdtSimpleTable thead th,\n.wpdt-c.wpDataTablesWrapper table.wpdtSimpleTable tbody td,\n.wpdt-c .wpDataTablesWrapper table.wpDataTable thead th,\n.wpdt-c .wpDataTablesWrapper table.wpDataTable tbody td,\n.wpdt-c .wpDataTablesWrapper table.wpDataTable tfoot td {\n\tcolor: #000000 !important;\n}\n\/* th background color *\/\n.wpdt-c.wpDataTablesWrapper table.wpdtSimpleTable.bt[data-has-header='1'] td.wpdt-header-classes,\n.wpdt-c.wpDataTablesWrapper table.wpdtSimpleTable thead th,\n.wpdt-c .wpDataTablesWrapper table.wpDataTable thead th,\n.wpdt-c .wpDataTablesWrapper table.wpDataTable thead th.sorting {\n\tbackground-color: #E2EFDA !important;\n    background-image: none !important;\n}\n\/* th font color *\/\n.wpdt-c.wpDataTablesWrapper table.wpdtSimpleTable.bt[data-has-header='1'] td.wpdt-header-classes,\n.wpdt-c.wpDataTablesWrapper table.wpdtSimpleTable thead th,\n.wpdt-c .wpDataTablesWrapper table.wpDataTable thead th {\n\tcolor: #000000 !important;\n}\n.wpdt-c .wpDataTablesWrapper table.wpDataTable thead th.sorting:after,\n.wpdt-c .wpDataTablesWrapper table.wpDataTable thead th.sorting_asc:after {\n\tborder-bottom-color: #000000 !important;\n}\n.wpdt-c .wpDataTablesWrapper table.wpDataTable thead th.sorting_desc:after {\n\tborder-top-color: #000000 !important;\n}\n\n\/* table font color *\/\n.wpdt-c.wpDataTablesWrapper table.wpdtSimpleTable,\n.wpdt-c .wpDataTablesWrapper table.wpDataTable {\n    font-family: Verdana, Geneva, sans-serif !important;\n}\n\/* table font size *\/\n.wpdt-c.wpDataTablesWrapper table.wpdtSimpleTable,\n.wpdt-c .wpDataTablesWrapper table.wpDataTable {\n    font-size:18px !important;\n}\n \n<\/style>\n<style>\ntable.wpDataTable td {\r\nvertical-align: top;\r\n}\r\ntable.wpDataTable th {\r\nvertical-align: top;\r\n}<\/style>\n<style>\n        \/* table font color *\/\n    .wpdt-c.wpDataTablesWrapper table#wpdtSimpleTable-33 thead th,\n    .wpdt-c.wpDataTablesWrapper table#wpdtSimpleTable-33 tbody td,\n    .wpdt-c .wpDataTablesWrapper table.wpDataTable.wpDataTableID-33 thead th,\n    .wpdt-c .wpDataTablesWrapper table.wpDataTable.wpDataTableID-33 tbody td,\n    .wpdt-c .wpDataTablesWrapper table.wpDataTable.wpDataTableID-33 tfoot td {\n        color: #000000 !important;\n    }\n                            \n        \/* odd rows background color *\/\n    .wpdt-c.wpDataTablesWrapper table#wpdtSimpleTable-33 tr.odd td,\n    .wpdt-c .wpDataTablesWrapper table.wpDataTable.wpDataTableID-33 tr.odd td {\n        background-color: #DBDBDB !important;\n    }\n                                \/* table font color *\/\n    .wpdt-c.wpDataTablesWrapper table#wpdtSimpleTable-33,\n    .wpdt-c .wpDataTablesWrapper table.wpDataTable.wpDataTableID-33 {\n        font-family: Verdana, Geneva, sans-serif !important;\n    }\n                \n                <\/style>\n<\/div>\n\t\t\t\t\t\t<\/div>\n\t\t\t\t<\/div>\n\t\t\t\t\t<\/div>\n\t\t<\/div>\n\t\t\t\t\t<\/div>\n\t\t<\/section>\n\t\t\t\t<section class=\"elementor-section elementor-top-section elementor-element elementor-element-7368e04e elementor-section-full_width elementor-section-height-default elementor-section-height-default\" data-id=\"7368e04e\" data-element_type=\"section\" data-e-type=\"section\">\n\t\t\t\t\t\t<div class=\"elementor-container elementor-column-gap-default\">\n\t\t\t\t\t<div class=\"elementor-column elementor-col-100 elementor-top-column elementor-element elementor-element-1f7eef90\" data-id=\"1f7eef90\" data-element_type=\"column\" data-e-type=\"column\">\n\t\t\t<div class=\"elementor-widget-wrap elementor-element-populated\">\n\t\t\t\t\t\t<div class=\"elementor-element elementor-element-1e87946c elementor-widget elementor-widget-text-editor\" data-id=\"1e87946c\" data-element_type=\"widget\" data-e-type=\"widget\" data-widget_type=\"text-editor.default\">\n\t\t\t\t<div class=\"elementor-widget-container\">\n\t\t\t\t\t\t\t\t\t<p>La capitale appropri\u00e9e (le centre administratif) est \u00e9crite entre parenth\u00e8ses.<\/p>\t\t\t\t\t\t\t\t<\/div>\n\t\t\t\t<\/div>\n\t\t\t\t\t<\/div>\n\t\t<\/div>\n\t\t\t\t\t<\/div>\n\t\t<\/section>\n\t\t\t\t<section class=\"elementor-section elementor-top-section elementor-element elementor-element-411e9320 elementor-section-full_width elementor-section-height-default elementor-section-height-default\" data-id=\"411e9320\" data-element_type=\"section\" data-e-type=\"section\">\n\t\t\t\t\t\t<div class=\"elementor-container elementor-column-gap-default\">\n\t\t\t\t\t<div class=\"elementor-column elementor-col-33 elementor-top-column elementor-element elementor-element-23816da6\" data-id=\"23816da6\" data-element_type=\"column\" data-e-type=\"column\">\n\t\t\t<div class=\"elementor-widget-wrap elementor-element-populated\">\n\t\t\t\t\t\t<div class=\"elementor-element elementor-element-7cbcd13 elementor-widget elementor-widget-text-editor\" data-id=\"7cbcd13\" data-element_type=\"widget\" data-e-type=\"widget\" data-widget_type=\"text-editor.default\">\n\t\t\t\t<div class=\"elementor-widget-container\">\n\t\t\t\t\t\t\t\t\t<p><a href=\"https:\/\/wcf.de\/fr\/wcf-regions-fr\/\">retour aux WCF r\u00e9gions<\/a><\/p>\t\t\t\t\t\t\t\t<\/div>\n\t\t\t\t<\/div>\n\t\t\t\t\t<\/div>\n\t\t<\/div>\n\t\t\t\t<div class=\"elementor-column elementor-col-66 elementor-top-column elementor-element elementor-element-19ee443c\" data-id=\"19ee443c\" data-element_type=\"column\" data-e-type=\"column\">\n\t\t\t<div class=\"elementor-widget-wrap\">\n\t\t\t\t\t\t\t<\/div>\n\t\t<\/div>\n\t\t\t\t\t<\/div>\n\t\t<\/section>\n\t\t\t\t<\/div>\n\t\t","protected":false},"excerpt":{"rendered":"<p>R\u00c9GION CONTINENTALE DE L&#8217;AM\u00c9RIQUE DU NORD LES ETATS-UNIS Les Etats-Unis Dans les Etats-Unis les 7 r\u00e9gions attribuent leurs propres titres internationaux. La capitale appropri\u00e9e (le centre administratif) est \u00e9crite entre parenth\u00e8ses. retour aux WCF r\u00e9gions<\/p>\n","protected":false},"author":1,"featured_media":0,"parent":0,"menu_order":0,"comment_status":"closed","ping_status":"closed","template":"","meta":{"_monsterinsights_skip_tracking":false,"_monsterinsights_sitenote_active":false,"_monsterinsights_sitenote_note":"","_monsterinsights_sitenote_category":0,"footnotes":""},"class_list":["post-9871","page","type-page","status-publish","hentry"],"aioseo_notices":[],"_links":{"self":[{"href":"https:\/\/wcf.de\/fr\/wp-json\/wp\/v2\/pages\/9871","targetHints":{"allow":["GET"]}}],"collection":[{"href":"https:\/\/wcf.de\/fr\/wp-json\/wp\/v2\/pages"}],"about":[{"href":"https:\/\/wcf.de\/fr\/wp-json\/wp\/v2\/types\/page"}],"author":[{"embeddable":true,"href":"https:\/\/wcf.de\/fr\/wp-json\/wp\/v2\/users\/1"}],"replies":[{"embeddable":true,"href":"https:\/\/wcf.de\/fr\/wp-json\/wp\/v2\/comments?post=9871"}],"version-history":[{"count":9,"href":"https:\/\/wcf.de\/fr\/wp-json\/wp\/v2\/pages\/9871\/revisions"}],"predecessor-version":[{"id":10806,"href":"https:\/\/wcf.de\/fr\/wp-json\/wp\/v2\/pages\/9871\/revisions\/10806"}],"wp:attachment":[{"href":"https:\/\/wcf.de\/fr\/wp-json\/wp\/v2\/media?parent=9871"}],"curies":[{"name":"wp","href":"https:\/\/api.w.org\/{rel}","templated":true}]}}